{"id":13604,"date":"2025-10-11T18:07:45","date_gmt":"2025-10-11T10:07:45","guid":{"rendered":"https:\/\/green-grasshopper-921422.hostingersite.com\/?post_type=product&#038;p=13604"},"modified":"2026-01-19T22:07:43","modified_gmt":"2026-01-19T14:07:43","slug":"sfog-soul-bar-15000-puffs-ital-vape","status":"publish","type":"product","link":"https:\/\/agoravape.com\/hu\/product\/sfog-soul-bar-15000-puffs-beverage-vape\/","title":{"rendered":"SFOG Soul Bar 15000 slukkos ital\u00edz\u0171 vape | Nagy slukkok sz\u00e1ma. Ital ihlette \u00edz."},"content":{"rendered":"<h2 data-v-md-heading=\"what-is-the-charm-of-sfog-soul-bar-15000-mouth-beverage-flavored-vapes\" data-v-md-line=\"3\">Mi a var\u00e1zsa az SFOG Soul Bar 15000 sz\u00e1jital \u00edzes\u00edt\u00e9s\u0171 p\u00e1rologtat\u00f3knak?<\/h2>\n<p data-v-md-line=\"4\">Ha szereti az iv\u00e1s v\u00e1laszt\u00e9k\u00e1t, \u00e9s belef\u00e1radt az eldobhat\u00f3 p\u00e1rologtat\u00f3k gyors lej\u00e1rat\u00e1ba, akkor ez a term\u00e9k lesz az ide\u00e1lis v\u00e1laszt\u00e1s. Az SFOG Soul Bar klasszikus ital\u00edzeket k\u00edn\u00e1l a nyugodt \u00e9s k\u00e9nyelmes \u00e9lm\u00e9ny \u00e9rdek\u00e9ben. Tart\u00f3s, stabil \u00edz\u0171 \u00e9s k\u00f6nnyen kezelhet\u0151.<\/p>\n<p data-v-md-line=\"6\">Ha megb\u00edzhat\u00f3 napi vape-t szeretne an\u00e9lk\u00fcl, hogy az \u00fcveget vagy a porlaszt\u00f3 magj\u00e1t b\u00fctyk\u00f6ln\u00e9, akkor ez a term\u00e9k ide\u00e1lis v\u00e1laszt\u00e1s. V\u00e1lasszon egy olyan \u00edzt, amelyet gyakran fogyaszt, \u00e9s kezdje el a vapes utaz\u00e1s\u00e1t.<\/p>\n<h2 data-v-md-heading=\"excellent-performance-easy-and-convenient\" data-v-md-line=\"8\">Kiv\u00e1l\u00f3 teljes\u00edtm\u00e9ny, egyszer\u0171 \u00e9s k\u00e9nyelmes<\/h2>\n<p data-v-md-line=\"9\">A Soul Bar a k\u00f6vetkezetess\u00e9gre helyezi a hangs\u00falyt. Az elej\u00e9t\u0151l a v\u00e9g\u00e9ig sima \u00e9s egyenletes f\u00fcst\u00f6t kap, \u00edgy az els\u0151 napt\u00f3l kezdve megmarad a megszokott \u00edz. Ha az akkumul\u00e1tor lemer\u00fcl, egyszer\u0171en t\u00f6ltse fel a tov\u00e1bbi haszn\u00e1lathoz. Nincs sz\u00fcks\u00e9g gombokra, nincs sz\u00fcks\u00e9g men\u00fckre. Egy egyszer\u0171 \u00e9s k\u00f6nnyen haszn\u00e1lhat\u00f3 vape, amely megfelel a mindennapi szok\u00e1sainak. Azt gondolhatod, hogy egy 15000 portos k\u00e9sz\u00fcl\u00e9k kezel\u00e9se neh\u00e9zkes, de a val\u00f3s\u00e1gban nagyon egyszer\u0171 a haszn\u00e1lata.<\/p>\n<h2 data-v-md-heading=\"specification-introduction\" data-v-md-line=\"11\">Specifik\u00e1ci\u00f3 Bevezet\u00e9s<\/h2>\n<ul data-v-md-line=\"12\">\n<li>Portok sz\u00e1ma: ak\u00e1r 15000 port<\/li>\n<li>Nikotin: A k\u00fcl\u00f6nb\u00f6z\u0151 piacok k\u00fcl\u00f6nb\u00f6z\u0151 koncentr\u00e1ci\u00f3kat k\u00edn\u00e1lnak. K\u00e9rj\u00fck, ellen\u0151rizze a lehet\u0151s\u00e9geket ezen az oldalon<\/li>\n<li>M\u0171k\u00f6d\u00e9si elv: Bel\u00e9gz\u00e9ssel aktiv\u00e1l\u00f3dik<\/li>\n<li>T\u00f6lt\u00e9s: \u00dajrat\u00f6lthet\u0151 kialak\u00edt\u00e1s. Jelenleg a legt\u00f6bb modell USB Type-C interf\u00e9szt haszn\u00e1l. K\u00e9rj\u00fck, ellen\u0151rizze a k\u00e9sz\u00fcl\u00e9k\u00e9t<\/li>\n<li>\u00c1llapot: Kicsomagol\u00e1s ut\u00e1n haszn\u00e1latra k\u00e9sz<\/li>\n<\/ul>\n<h2 data-v-md-heading=\"full-flavor-series\" data-v-md-line=\"18\">Teljes \u00edz\u0171 sorozat<\/h2>\n<ul data-v-md-line=\"19\">\n<li>Narancs \u00edz\u0171 joghurt<\/li>\n<li>Eredeti jakut \u00edz<\/li>\n<li>Energiaitalok<\/li>\n<li>Klasszikus k\u00f3la<\/li>\n<li>Anan\u00e1szos k\u00f3kuszos rum<\/li>\n<li>Mang\u00f3 l\u00e9<\/li>\n<li>Barackos mang\u00f3 joghurt<\/li>\n<li>Taro fagylalt<\/li>\n<li>Eperfagylalt<\/li>\n<li>Litchi \u00e9s Longan<\/li>\n<li>Sz\u0151l\u0151 \u00e9s alma<\/li>\n<li>\u00c1fonyal\u00e9<\/li>\n<li>Eper kivi<\/li>\n<li>G\u00f6r\u00f6gdinnye j\u00e9g<\/li>\n<li>Dupla menta<\/li>\n<\/ul>\n<h2 data-v-md-heading=\"for-you-for-your-business\" data-v-md-line=\"35\">\u00d6nnek, az \u00d6n v\u00e1llalkoz\u00e1s\u00e1nak<\/h2>\n<p data-v-md-line=\"36\">V\u00e1s\u00e1rolhatsz magadnak egy SFOG Soul Bar-t, vagy felhalmozhatod a boltod sz\u00e1m\u00e1ra. A kiskeresked\u0151k sz\u00e1m\u00e1ra nagykereskedelmi kartondobozokat biztos\u00edtunk. A kartondobozok sz\u00e1ma t\u00e9telenk\u00e9nt v\u00e1ltozhat, ez\u00e9rt k\u00e9rj\u00fck, vegye fel vel\u00fcnk a kapcsolatot, hogy t\u00e1j\u00e9koz\u00f3djon az aktu\u00e1lis kartondobozok sz\u00e1m\u00e1r\u00f3l \u00e9s az \u00e1rkedvezm\u00e9nyekr\u0151l.<\/p>\n<p data-v-md-line=\"38\">A DDP opci\u00f3k Eur\u00f3pa-szerte el\u00e9rhet\u0151ek a UPS, a DPD \u00e9s a DHL seg\u00edts\u00e9g\u00e9vel, \u00edgy a sz\u00e1ll\u00edt\u00e1si folyamat nagyon egyszer\u0171. A tarif\u00e1kat el\u0151re feldolgoztuk, ami azt jelenti, hogy nem \u00e9rnek kellemetlen meglepet\u00e9sek a v\u00e1mn\u00e1l. A megrendel\u00e9s gondosan csomagolva \u00e9s teljes m\u00e9rt\u00e9kben nyomon k\u00f6vethet\u0151.<\/p>\n<h2 data-v-md-heading=\"why-do-you-like-it\" data-v-md-line=\"40\">Mi\u00e9rt tetszik?<\/h2>\n<ul data-v-md-line=\"41\">\n<li>\u00c9lvezze a szabad iv\u00e1st: B\u00e1rmikor felt\u00f6ltheti az energi\u00e1t, \u00e9s tov\u00e1bb haszn\u00e1lhatja, ami azt jelenti, hogy nem kell az utols\u00f3 pillanatban felt\u00f6ltenie a tankot, vagy a boltba rohannia.<\/li>\n<li>Italv\u00e1laszt\u00e9k: Az \u00edzvil\u00e1got olyan n\u00e9pszer\u0171 italok inspir\u00e1lj\u00e1k, mint a k\u00f3la, az energiaitalok \u00e9s a kevert joghurt. \u00c9des, de nem zs\u00edros.<\/li>\n<li>\u00dajrat\u00f6lthet\u0151: A be\u00e9p\u00edtett e-folyad\u00e9kot teljes m\u00e9rt\u00e9kben kihaszn\u00e1lhatja an\u00e9lk\u00fcl, hogy a f\u00e9lig haszn\u00e1lt k\u00e9sz\u00fcl\u00e9ket ki kellene dobnia.<\/li>\n<li>Folyamatos doh\u00e1nyz\u00e1s: K\u00f6nnyed\u00e9n megtapasztalhatja az ismer\u0151s \u00edzt.<\/li>\n<li>T\u00f6bbf\u00e9le \u00edzv\u00e1laszt\u00e9k: A sima joghurtos tekercsekt\u0151l a friss\u00edt\u0151 gy\u00fcm\u00f6lcs\u00f6kig mindig van olyan, amelyik megfelel a napi haszn\u00e1latnak.<\/li>\n<\/ul>\n<h2 data-v-md-heading=\"why-choose-to-collaborate-with-agoravape\" data-v-md-line=\"47\">Mi\u00e9rt \u00e9rdemes az AgoraVape-pel egy\u00fcttm\u0171k\u00f6dni?<\/h2>\n<p data-v-md-line=\"48\">Csak 100% val\u00f3di term\u00e9keket k\u00fcld\u00fcnk megb\u00edzhat\u00f3 csatorn\u00e1kr\u00f3l. Biztos lehet a min\u0151s\u00e9gben \u00e9s a nyomon k\u00f6vethet\u0151s\u00e9gben. A v\u00e1llalati \u00fcgyfelek \u00e9lvezhetik a versenyk\u00e9pes nagykereskedelmi \u00e1rakat, a professzion\u00e1lis \u00fcgyf\u00e9lcsapatokat \u00e9s a gyors DDP sz\u00e1ll\u00edt\u00e1si szolg\u00e1ltat\u00e1sokat a UPS, a DPD \u00e9s a DHL \u00e1ltal az Eur\u00f3pai Uni\u00f3n bel\u00fcl.<\/p>\n<p data-v-md-line=\"50\">T\u00e1mogatjuk az \u00e9letkorral hiteles\u00edtett \u00e9rt\u00e9kes\u00edt\u00e9st, \u00e9s k\u00f6vetj\u00fck az uni\u00f3s piaci ir\u00e1nyelveket. Tiszta sz\u00e1ml\u00e1kat, biztons\u00e1gos fizet\u00e9si m\u00f3dokat \u00e9s k\u00e9nyelmes elj\u00e1r\u00e1st kap a hib\u00e1s term\u00e9kek visszak\u00fcld\u00e9s\u00e9hez. Szeretn\u00e9 a polcokra tenni az SFOG Soul Bar 15000 ital\u00edzes\u00edt\u00e9s\u0171 p\u00e1rologtat\u00f3t? \u00dcdv\u00f6z\u00f6lj\u00fck, ha kapcsolatba l\u00e9p vel\u00fcnk. Seg\u00edt\u00fcnk \u00d6nnek kiv\u00e1lasztani a megfelel\u0151 \u00edz \u00e9s nikotinkoncentr\u00e1ci\u00f3 kombin\u00e1ci\u00f3t \u00fcgyfelei sz\u00e1m\u00e1ra.<\/p>","protected":false},"excerpt":{"rendered":"<p>What is the charm of SFOG Soul Bar 15000 mouth beverage flavored vapes? If you love the choice of drinking<\/p>","protected":false},"featured_media":13632,"comment_status":"open","ping_status":"closed","template":"","meta":[],"product_brand":[208],"product_cat":[124,185,1635,176,177,174,175,193,191,135,173,186,180,190],"product_tag":[],"class_list":{"0":"post-13604","1":"product","2":"type-product","3":"status-publish","4":"has-post-thumbnail","6":"product_brand-sfog","7":"product_cat-vape-by-brand","8":"product_cat-10000-puffs-high-capacity","9":"product_cat-15000-puffs","10":"product_cat-beverage","11":"product_cat-dessert-sweets","12":"product_cat-fruit-flavors","13":"product_cat-icy-mint","14":"product_cat-mesh-coil","15":"product_cat-rechargeable-disposables","16":"product_cat-sfog","17":"product_cat-vape-by-flavor-profile","18":"product_cat-vape-by-nicotine-strength","19":"product_cat-vape-by-puff-count","20":"product_cat-vape-by-feature-or-type","22":"first","23":"onbackorder","24":"shipping-taxable","25":"purchasable","26":"product-type-variable","27":"has-default-attributes"},"tiered_pricing_type":"percentage","tiered_pricing_fixed_rules":[],"tiered_pricing_product_settings":{"layout":"default","base_unit_name":{"singular":null,"plural":null},"default_variation":null},"tiered_pricing_minimum_quantity":10,"tiered_pricing_roles_data":[],"tiered_pricing_percentage_rules":{"30":"29","50":"35","100":"40","200":"44","500":"47","1000":"49"},"tiered_pricing_maximum_quantity":null,"tiered_pricing_quantity_step":"10","_links":{"self":[{"href":"https:\/\/agoravape.com\/hu\/wp-json\/wp\/v2\/product\/13604","targetHints":{"allow":["GET"]}}],"collection":[{"href":"https:\/\/agoravape.com\/hu\/wp-json\/wp\/v2\/product"}],"about":[{"href":"https:\/\/agoravape.com\/hu\/wp-json\/wp\/v2\/types\/product"}],"replies":[{"embeddable":true,"href":"https:\/\/agoravape.com\/hu\/wp-json\/wp\/v2\/comments?post=13604"}],"version-history":[{"count":0,"href":"https:\/\/agoravape.com\/hu\/wp-json\/wp\/v2\/product\/13604\/revisions"}],"wp:featuredmedia":[{"embeddable":true,"href":"https:\/\/agoravape.com\/hu\/wp-json\/wp\/v2\/media\/13632"}],"wp:attachment":[{"href":"https:\/\/agoravape.com\/hu\/wp-json\/wp\/v2\/media?parent=13604"}],"wp:term":[{"taxonomy":"product_brand","embeddable":true,"href":"https:\/\/agoravape.com\/hu\/wp-json\/wp\/v2\/product_brand?post=13604"},{"taxonomy":"product_cat","embeddable":true,"href":"https:\/\/agoravape.com\/hu\/wp-json\/wp\/v2\/product_cat?post=13604"},{"taxonomy":"product_tag","embeddable":true,"href":"https:\/\/agoravape.com\/hu\/wp-json\/wp\/v2\/product_tag?post=13604"}],"curies":[{"name":"wp","href":"https:\/\/api.w.org\/{rel}","templated":true}]}}