{"id":13650,"date":"2025-10-11T18:16:47","date_gmt":"2025-10-11T10:16:47","guid":{"rendered":"https:\/\/green-grasshopper-921422.hostingersite.com\/?post_type=product&#038;p=13650"},"modified":"2025-12-15T21:31:04","modified_gmt":"2025-12-15T13:31:04","slug":"sfog-crystal-bar-s85-600-puffs-tpd-vape","status":"publish","type":"product","link":"https:\/\/agoravape.com\/hu\/product\/sfog-crystal-bar-s85-600-puffs-tpd-vape\/","title":{"rendered":"SFOG Crystal Bar S85 600 f\u00faj\u00e1s | TPD-kompatibilis \u00edz egy zsebbar\u00e1t szeletben"},"content":{"rendered":"<h2 data-v-md-heading=\"what-about-the-sfog-crystal-bar-s85-600-mouth-vape-that-meets-tpd-standards\" data-v-md-line=\"3\">Mi a helyzet az SFOG Crystal Bar S85 600 sz\u00e1jon \u00e1t v\u00e1s\u00e1rolhat\u00f3 vape-pel, ami megfelel a TPD szabv\u00e1nyoknak?<\/h2>\n<p data-v-md-line=\"4\">Ha egy egyszer\u0171 \u00e9s k\u00f6nnyen haszn\u00e1lhat\u00f3 eldobhat\u00f3 vape-re v\u00e1gysz, az SFOG Crystal Bar S85 az ide\u00e1lis v\u00e1laszt\u00e1s. 2 ml-es t\u00e1rol\u00f3tart\u00e1llyal rendelkezik, 2% (20mg\/ml) nikotins\u00f3val van felszerelve, \u00e9s ak\u00e1r 600 f\u00fcst\u00f6l\u00e9st is k\u00e9pes biztos\u00edtani. Nincs sz\u00fcks\u00e9g gombokra, egyszer\u0171 \u00e9s k\u00e9nyelmes. Csak \u00e9lvezd a tiszta \u00e9s stabil f\u00fcst\u00e9lm\u00e9nyt, amely megfelel az ig\u00e9nyeidnek.<\/p>\n<p data-v-md-line=\"6\">Ha b\u00e1rmikor, b\u00e1rhol megb\u00edzhat\u00f3 \u00edzre v\u00e1gysz, ez az ide\u00e1lis v\u00e1laszt\u00e1s. Ez az e-cigaretta kompakt m\u00e9ret\u0171, mind\u00f6ssze 17 x 17 x 104 millim\u00e9ter, \u00edgy k\u00f6nnyen elf\u00e9r b\u00e1rmilyen zsebben. Azt gondolhatod, hogy egy 600 f\u00faj\u00e1sos e-cigaretta v\u00e9kony, de ez az 50 grammos s\u00faly nyugalmat ad, \u00e9s egy\u00e1ltal\u00e1n nem \u00e9rzed majd magad neh\u00e9znek.<\/p>\n<h2 data-v-md-heading=\"excellent-performance-easy-and-convenient\" data-v-md-line=\"8\">Kiv\u00e1l\u00f3 teljes\u00edtm\u00e9ny, egyszer\u0171 \u00e9s k\u00e9nyelmes<\/h2>\n<p data-v-md-line=\"9\">A be\u00e9p\u00edtett 1,2 \u03a9-os h\u00e1l\u00f3s tekercs biztos\u00edtja az \u00e1lland\u00f3 \u00edzt az els\u0151 falatt\u00f3l az utols\u00f3ig. A h\u00e1l\u00f3s tekercs egyenletesen meleg\u00edti fel az e-liquidet, biztos\u00edtva, hogy minden falat ugyanolyan finom legyen, mint az el\u0151z\u0151. L\u00e9legezd be a leveg\u0151t az aktiv\u00e1l\u00e1shoz, csak finoman l\u00e9legezz be. Nem kell be\u00e1ll\u00edt\u00e1sokat m\u00f3dos\u00edtani, k\u00f6nnyen elkezdhet\u0151.<\/p>\n<h2 data-v-md-heading=\"specification-introduction\" data-v-md-line=\"11\">Specifik\u00e1ci\u00f3 Bevezet\u00e9s<\/h2>\n<ul data-v-md-line=\"12\">\n<li>Sz\u00edv\u00e1s gyakoris\u00e1ga: ak\u00e1r 600-szor<\/li>\n<li>Nikotin: 2% (20 mg\/ml) nikotins\u00f3<\/li>\n<li>M\u0171k\u00f6d\u00e9si elv: Bel\u00e9gz\u00e9ssel aktiv\u00e1l\u00f3dik<\/li>\n<li>T\u00f6lt\u00e9s: Nem kell t\u00f6lteni (egyszeri haszn\u00e1latra nem \u00fajrat\u00f6lthet\u0151)<\/li>\n<li>\u00c1llapot: Kicsomagol\u00e1s ut\u00e1n haszn\u00e1latra k\u00e9sz<\/li>\n<\/ul>\n<h2 data-v-md-heading=\"full-range-of-flavors\" data-v-md-line=\"18\">Full range of flavors<\/h2>\n<ul data-v-md-line=\"19\">\n<li>H\u00e1rmas mang\u00f3<\/li>\n<li>Triple sweet melon<\/li>\n<li>Bubor\u00e9k cseresznye<\/li>\n<li>G\u00f6r\u00f6gdinnye j\u00e9g<\/li>\n<li>Coca-Cola<\/li>\n<li>Citrom \u00e9s lime<\/li>\n<li>\u0150r\u00fclt k\u00e9k j\u00e9g<\/li>\n<li>Anan\u00e1sz j\u00e9g<\/li>\n<li>Eper kivi<\/li>\n<li>Mentolos j\u00e9g<\/li>\n<li>Epres V\u00f6r\u00f6s Bika<\/li>\n<li>Ny\u00e1ri \u00e1lmok<\/li>\n<li>Feh\u00e9r gumifagylalt<\/li>\n<li>\u0150szibarack j\u00e9g<\/li>\n<li>Cseresznye k\u00f3la<\/li>\n<\/ul>\n<h2 data-v-md-heading=\"for-you-for-your-business\" data-v-md-line=\"35\">\u00d6nnek, az \u00d6n v\u00e1llalkoz\u00e1s\u00e1nak<\/h2>\n<p data-v-md-line=\"36\">Az SFOG Crystal Bar S85-\u00f6t k\u00fcl\u00f6n is megv\u00e1s\u00e1rolhatja szem\u00e9lyes haszn\u00e1latra, vagy t\u00e1rolhatja \u00fczlet\u00e9ben. 300 nagykereskedelmi kartondobozt \u00e9s \u00e1llv\u00e1nyos opci\u00f3t k\u00edn\u00e1lunk. Megb\u00edzhat\u00f3 partnerekkel, p\u00e9ld\u00e1ul UPS-szel, DPD-vel \u00e9s DHL-lel dolgozunk egy\u00fctt a DDP sz\u00e1ll\u00edt\u00e1s sor\u00e1n, \u00edgy a v\u00e1mtarif\u00e1k el\u0151re feldolgozhat\u00f3k a v\u00e1mbalesetek elker\u00fcl\u00e9se \u00e9rdek\u00e9ben.<\/p>\n<p data-v-md-line=\"38\">Az S85 teljes m\u00e9rt\u00e9kben megfelel a TPD szabv\u00e1nyoknak, \u00e9s 2 milliliteres \u0171rtartalommal, valamint 20 milligrammos nikotins\u00f3-tartalommal forgalmazhat\u00f3 Eur\u00f3p\u00e1ban. Ha egy 600 darabos eldobhat\u00f3 cigarettapatront szeretne, amelyet a v\u00e1s\u00e1rl\u00f3k m\u00e1r ismernek, ez a term\u00e9k k\u00f6nnyed\u00e9n felker\u00fclhet b\u00e1rmelyik polcra.<\/p>\n<h2 data-v-md-heading=\"why-do-you-like-it\" data-v-md-line=\"40\">Mi\u00e9rt tetszik?<\/h2>\n<ul data-v-md-line=\"41\">\n<li>Hatalmas sz\u00edv\u00f3er\u0151: ak\u00e1r 600 slukk is elegend\u0151, ami kevesebb \u00fajrat\u00f6lt\u00e9st \u00e9s utols\u00f3 pillanatban t\u00f6rt\u00e9n\u0151 v\u00e1s\u00e1rl\u00e1st jelent.<\/li>\n<li>Nikotins\u00f3, amely megfelel a doh\u00e1nyterm\u00e9k-ir\u00e1nyelv (TPD) szabv\u00e1nyainak: 20 mg sima nikotins\u00f3, telt \u00edzzel \u00e9s cs\u00edp\u0151s \u00e9rz\u00e9s n\u00e9lk\u00fcl.<\/li>\n<li>Nem kell t\u00f6lteni: egyszer\u0171en csak vedd fel \u00e9s haszn\u00e1ld. Amint lemer\u00fclt, fejezd be a t\u00f6lt\u00e9st.<\/li>\n<li>H\u00e1l\u00f3s tekercs: minden alkalommal \u00e1lland\u00f3 \u00edzt \u00e9s megb\u00edzhat\u00f3 sz\u00edv\u00e1si \u00e9lm\u00e9nyt biztos\u00edt.<\/li>\n<\/ul>\n<h2 data-v-md-heading=\"why-collaborate-with-agoravape\" data-v-md-line=\"46\">Mi\u00e9rt \u00e9rdemes az AgoraVape-pel egy\u00fcttm\u0171k\u00f6dni?<\/h2>\n<p data-v-md-line=\"47\">Kiz\u00e1r\u00f3lag 100%-ban eredeti term\u00e9keket forgalmazunk megb\u00edzhat\u00f3 csatorn\u00e1kb\u00f3l, amelyek megfelelnek a TPD szabv\u00e1nyoknak. Kedvezm\u00e9nyes nagykereskedelmi \u00e1rakat, gyors \u00fcgyf\u00e9lszolg\u00e1latot \u00e9s DDP gyors kisz\u00e1ll\u00edt\u00e1si szolg\u00e1ltat\u00e1sokat \u00e9lvezhet az Eur\u00f3pai Uni\u00f3n \u00e9s az Egyes\u00fclt Kir\u00e1lys\u00e1gon bel\u00fcl. Szigor\u00fa \u00e9letkor-ellen\u0151rz\u00e9st v\u00e9gz\u00fcnk a kiskereskedelmi pontokon, \u00e9s egy\u00e9rtelm\u0171 visszak\u00fcld\u00e9si \u00e9s visszat\u00e9r\u00edt\u00e9si szab\u00e1lyzatokat dolgozunk ki. Szeretne olyan SFOG Crystal Bar S85 600 vape-eket v\u00e1s\u00e1rolni, amelyek megfelelnek a TPD szabv\u00e1nyoknak? K\u00e9rj\u00fck, vegye fel vel\u00fcnk a kapcsolatot, \u00e9s kiv\u00e1lasztjuk az \u00d6nnek meg\u00e9ri megv\u00e1s\u00e1rolni azokat a vape term\u00e9keket.<\/p>","protected":false},"excerpt":{"rendered":"<p>What about the SFOG Crystal Bar S85 600 mouth vape that meets TPD standards? If you want a simple and<\/p>","protected":false},"featured_media":13676,"comment_status":"open","ping_status":"closed","template":"","meta":[],"product_brand":[208],"product_cat":[124,189,176,174,175,193,135,181,173,186,180,190],"product_tag":[],"class_list":{"0":"post-13650","1":"product","2":"type-product","3":"status-publish","4":"has-post-thumbnail","6":"product_brand-sfog","7":"product_cat-vape-by-brand","8":"product_cat-20mg-standard-nicotine-vapes","9":"product_cat-beverage","10":"product_cat-fruit-flavors","11":"product_cat-icy-mint","12":"product_cat-mesh-coil","13":"product_cat-sfog","14":"product_cat-up-to-600-puffs-tpd-compliant","15":"product_cat-vape-by-flavor-profile","16":"product_cat-vape-by-nicotine-strength","17":"product_cat-vape-by-puff-count","18":"product_cat-vape-by-feature-or-type","20":"first","21":"instock","22":"shipping-taxable","23":"purchasable","24":"product-type-variable","25":"has-default-attributes"},"tiered_pricing_type":"percentage","tiered_pricing_fixed_rules":[],"tiered_pricing_product_settings":{"layout":"default","base_unit_name":{"singular":null,"plural":null},"default_variation":null},"tiered_pricing_minimum_quantity":10,"tiered_pricing_roles_data":[],"tiered_pricing_percentage_rules":{"30":"29","50":"35","100":"40","200":"44","500":"47","1000":"49"},"tiered_pricing_maximum_quantity":null,"tiered_pricing_quantity_step":"10","_links":{"self":[{"href":"https:\/\/agoravape.com\/hu\/wp-json\/wp\/v2\/product\/13650","targetHints":{"allow":["GET"]}}],"collection":[{"href":"https:\/\/agoravape.com\/hu\/wp-json\/wp\/v2\/product"}],"about":[{"href":"https:\/\/agoravape.com\/hu\/wp-json\/wp\/v2\/types\/product"}],"replies":[{"embeddable":true,"href":"https:\/\/agoravape.com\/hu\/wp-json\/wp\/v2\/comments?post=13650"}],"version-history":[{"count":0,"href":"https:\/\/agoravape.com\/hu\/wp-json\/wp\/v2\/product\/13650\/revisions"}],"wp:featuredmedia":[{"embeddable":true,"href":"https:\/\/agoravape.com\/hu\/wp-json\/wp\/v2\/media\/13676"}],"wp:attachment":[{"href":"https:\/\/agoravape.com\/hu\/wp-json\/wp\/v2\/media?parent=13650"}],"wp:term":[{"taxonomy":"product_brand","embeddable":true,"href":"https:\/\/agoravape.com\/hu\/wp-json\/wp\/v2\/product_brand?post=13650"},{"taxonomy":"product_cat","embeddable":true,"href":"https:\/\/agoravape.com\/hu\/wp-json\/wp\/v2\/product_cat?post=13650"},{"taxonomy":"product_tag","embeddable":true,"href":"https:\/\/agoravape.com\/hu\/wp-json\/wp\/v2\/product_tag?post=13650"}],"curies":[{"name":"wp","href":"https:\/\/api.w.org\/{rel}","templated":true}]}}