{"id":13694,"date":"2025-10-11T20:53:22","date_gmt":"2025-10-11T12:53:22","guid":{"rendered":"https:\/\/green-grasshopper-921422.hostingersite.com\/?post_type=product&#038;p=13694"},"modified":"2026-01-19T22:07:38","modified_gmt":"2026-01-19T14:07:38","slug":"fihp-9000-puffs-rgb-feny-vape","status":"publish","type":"product","link":"https:\/\/agoravape.com\/hu\/product\/fihp-9000-puffs-rgb-light-vape\/","title":{"rendered":"FIHP 9000 Puffs RGB F\u00e9ny\u0171 Eldobhat\u00f3 Vape | Hosszantart\u00f3 F\u00faj\u00e1sok, Egyszer\u0171 \u00dajrat\u00f6lt\u00e9s"},"content":{"rendered":"<h2 data-v-md-heading=\"what-are-the-highlights-of-the-fihp-9000-rgb-disposable-vape\" data-v-md-line=\"3\">Melyek a FIHP 9000 RGB eldobhat\u00f3 vape legfontosabb tulajdons\u00e1gai?<\/h2>\n<p data-v-md-line=\"4\">Ha eleged van az eldobhat\u00f3 vape-ekb\u0151l, \u00e9s minden alkalommal gyorsan haszn\u00e1lod \u0151ket, akkor ez a vape megk\u00f6nny\u00edti az \u00e9letedet. Az FIHP 9000 vape egys\u00e9genk\u00e9nt maximum 9000 slukk kapacit\u00e1st k\u00e9pes biztos\u00edtani, a h\u00e1l\u00f3s tekercs pedig sim\u00e1n sz\u00edvja fel az olajat, \u00edgy az \u00edz az elej\u00e9t\u0151l a v\u00e9g\u00e9ig meg\u0151rzi az \u00edz\u00e9lm\u00e9nyt. Olajfelsz\u00edv\u00f3 aktiv\u00e1l\u00f3 kialak\u00edt\u00e1s\u00fa, \u00edgy nincs sz\u00fcks\u00e9g neh\u00e9zkes gomb- vagy men\u00fckezel\u00e9sre.<\/p>\n<p data-v-md-line=\"6\">B\u00e1rkinek alkalmas, aki k\u00f6nny\u0171 mindennapi haszn\u00e1latra \u00e9s tart\u00f3ss\u00e1gra v\u00e1gyik. Ezenk\u00edv\u00fcl egy \u00e9rdekes RGB f\u00e9nnyel is fel van szerelve, amely villog, amikor olajat sz\u00edvsz fel, \u00edgy egy\u00e9nis\u00e9get k\u00f6lcs\u00f6n\u00f6z an\u00e9lk\u00fcl, hogy \u00fatban lenne. Lehet, hogy \u00fagy t\u0171nik, hogy ez a nagy kapacit\u00e1s\u00fa vape nagym\u00e9ret\u0171nek t\u0171nik, de ez egy egyszer\u0171 \u00e9s k\u00f6nnyen haszn\u00e1lhat\u00f3, zsebm\u00e9ret\u0171 vape, amelyet k\u00e9nyelmesen lehet hordozni.<\/p>\n<h2 data-v-md-heading=\"excellent-performance-easy-and-convenient\" data-v-md-line=\"8\">Kiv\u00e1l\u00f3 teljes\u00edtm\u00e9ny, egyszer\u0171 \u00e9s k\u00e9nyelmes<\/h2>\n<p data-v-md-line=\"9\">A be\u00e9p\u00edtett 1,0 \u03a9-os h\u00e1l\u00f3s porlaszt\u00f3mag egyenletes meleg\u00edt\u00e9st biztos\u00edt \u00e9s megakad\u00e1lyozza az \u00edzveszt\u00e9st a k\u00e9sz\u00fcl\u00e9k m\u0171k\u00f6d\u00e9se k\u00f6zben. A 650 mAh-s \u00fajrat\u00f6lthet\u0151 akkumul\u00e1tornak k\u00f6sz\u00f6nhet\u0151en ak\u00e1r 18 milliliter e-liquid is haszn\u00e1lhat\u00f3. Ha az akkumul\u00e1tor lemer\u00fcl\u0151ben van, a Type-C interf\u00e9szen kereszt\u00fcl t\u00f6ltheted fel. Ez megegyezhet a telefonodon tal\u00e1lhat\u00f3 adatk\u00e1bellel. K\u00f6nnyen haszn\u00e1lhat\u00f3.<\/p>\n<h2 data-v-md-heading=\"specification-overview\" data-v-md-line=\"11\">Specifik\u00e1ci\u00f3 \u00e1ttekint\u00e9se<\/h2>\n<ul data-v-md-line=\"12\">\n<li>Sz\u00edv\u00e1s gyakoris\u00e1ga: ak\u00e1r 9000-szer<\/li>\n<li>Nikotintartalom: 2% vagy 5% (opcion\u00e1lis saj\u00e1t m\u00e1rk\u00e1s term\u00e9kek eset\u00e9n)<\/li>\n<li>M\u0171k\u00f6d\u00e9si elv: Bel\u00e9gz\u00e9ssel aktiv\u00e1l\u00f3dik<\/li>\n<li>Charging: Standard Type-C USB interface<\/li>\n<li>\u00c1llapot: Kicsomagol\u00e1s ut\u00e1n azonnal haszn\u00e1lhat\u00f3<\/li>\n<\/ul>\n<h2 data-v-md-heading=\"to-create-for-you-and-your-business\" data-v-md-line=\"18\">Alkotni \u00d6nnek \u00e9s v\u00e1llalkoz\u00e1s\u00e1nak<\/h2>\n<p data-v-md-line=\"19\">V\u00e1s\u00e1rolhat k\u00e9sz\u00fcl\u00e9ket napi haszn\u00e1latra, vagy felhalmozhatja az \u00fczlet\u00e9be. Nagykereskedelmi csomagol\u00e1sban, dobozonk\u00e9nt 200 darabos kiszerel\u00e9sben k\u00edn\u00e1ljuk a k\u00e9szletgazd\u00e1lkod\u00e1s egyszer\u0171s\u00edt\u00e9se \u00e9s a profitmarzsok fenntart\u00e1sa \u00e9rdek\u00e9ben. Minden f\u0151 doboz s\u00falya k\u00f6r\u00fclbel\u00fcl 21 kilogramm, \u00edgy k\u00f6nnyed\u00e9n megtervezheti a t\u00e1rol\u00e1st.<\/p>\n<p data-v-md-line=\"21\">Megb\u00edzhat\u00f3 partnerekkel, mint p\u00e9ld\u00e1ul a UPS, a DPD \u00e9s a DHL, dolgozunk egy\u00fctt, hogy DDP k\u00e9zbes\u00edt\u00e9si szolg\u00e1ltat\u00e1sokat ny\u00fajtsunk Eur\u00f3pa-szerte, biztos\u00edtva a rendel\u00e9s gyors kisz\u00e1ll\u00edt\u00e1s\u00e1t, a v\u00e1mkezel\u00e9s megfelel\u0151 kezel\u00e9s\u00e9t \u00e9s a v\u00e1mbalesetek elker\u00fcl\u00e9s\u00e9t. Hiteles k\u00e9szlet, \u00e1tl\u00e1that\u00f3 sz\u00e1ml\u00e1k \u00e9s z\u00f6kken\u0151mentes sz\u00e1ll\u00edt\u00e1s.<\/p>\n<h2 data-v-md-heading=\"why-do-you-like-it\" data-v-md-line=\"23\">Mi\u00e9rt tetszik?<\/h2>\n<ul data-v-md-line=\"24\">\n<li>Hatalmas sz\u00edv\u00f3er\u0151: cs\u00f6kkentse az \u00fajrat\u00f6lt\u00e9si id\u0151k sz\u00e1m\u00e1t \u00e9s minimaliz\u00e1lja az ism\u00e9telt v\u00e1s\u00e1rl\u00e1sokat.<\/li>\n<li>Nikotinv\u00e1laszt\u00e1s: V\u00e1lassza ki a v\u00e1s\u00e1rl\u00f3j\u00e1nak vagy szem\u00e9lyes szok\u00e1sainak megfelel\u0151 nikotinkoncentr\u00e1ci\u00f3t.<\/li>\n<li>\u00dajrat\u00f6lthet\u0151: Haszn\u00e1ld fel az \u00f6sszes megv\u00e1s\u00e1rolt e-liquid cseppet.<\/li>\n<li>H\u00e1l\u00f3s tekercs: Az els\u0151 falatt\u00f3l az utols\u00f3ig \u00e1lland\u00f3 \u00edz, kiel\u00e9g\u00edt\u0151 \u00e9lm\u00e9nyt ny\u00fajtva.<\/li>\n<\/ul>\n<h2 data-v-md-heading=\"why-choose-agoravape\" data-v-md-line=\"29\">Mi\u00e9rt v\u00e1lassza az AgoraVape-et?<\/h2>\n<p data-v-md-line=\"30\">Kiz\u00e1r\u00f3lag 100%-ban eredeti term\u00e9keket v\u00e1s\u00e1rolunk, \u00e9s felel\u0151ss\u00e9get v\u00e1llalunk az \u00e1ltalunk forgalmazott term\u00e9kek\u00e9rt. Eur\u00f3pa egyik megb\u00edzhat\u00f3 vape-forgalmaz\u00f3jak\u00e9nt kedvezm\u00e9nyes nagykereskedelmi \u00e1rakat, bar\u00e1ts\u00e1gos \u00fcgyf\u00e9lszolg\u00e1latot \u00e9s gyors DDP kisz\u00e1ll\u00edt\u00e1si szolg\u00e1ltat\u00e1st \u00e9lvezhetsz, ha FIHP 9000 Puffs RGB Light eldobhat\u00f3 vape-eket v\u00e1s\u00e1rolsz. Szeretn\u00e9l egy olyan eszk\u00f6zt v\u00e1s\u00e1rolni, amelyet a v\u00e1s\u00e1rl\u00f3k gyakran \u00fajrav\u00e1s\u00e1rolnak? Besz\u00e9lj\u00fcnk r\u00f3la.<\/p>\n<p><script src=\"chrome-extension:\/\/fpelahbljekknahkcaegamhcndkfpfnc\/iFrame.js\" type=\"text\/javascript\"><\/script><\/p>","protected":false},"excerpt":{"rendered":"<p>&nbsp;<\/p>\n<p><script src=\"chrome-extension:\/\/fpelahbljekknahkcaegamhcndkfpfnc\/iFrame.js\" type=\"text\/javascript\"><\/script><\/p>\n<p><script src=\"chrome-extension:\/\/fpelahbljekknahkcaegamhcndkfpfnc\/iFrame.js\" type=\"text\/javascript\"><\/script><\/p>","protected":false},"featured_media":13716,"comment_status":"open","ping_status":"closed","template":"","meta":[],"product_brand":[209],"product_cat":[124,185,189,176,136,174,175,193,191,173,186,180,190],"product_tag":[],"class_list":{"0":"post-13694","1":"product","2":"type-product","3":"status-publish","4":"has-post-thumbnail","6":"product_brand-fihp","7":"product_cat-vape-by-brand","8":"product_cat-10000-puffs-high-capacity","9":"product_cat-20mg-standard-nicotine-vapes","10":"product_cat-beverage","11":"product_cat-fihp","12":"product_cat-fruit-flavors","13":"product_cat-icy-mint","14":"product_cat-mesh-coil","15":"product_cat-rechargeable-disposables","16":"product_cat-vape-by-flavor-profile","17":"product_cat-vape-by-nicotine-strength","18":"product_cat-vape-by-puff-count","19":"product_cat-vape-by-feature-or-type","21":"first","22":"onbackorder","23":"shipping-taxable","24":"purchasable","25":"product-type-variable","26":"has-default-attributes"},"tiered_pricing_type":"percentage","tiered_pricing_fixed_rules":[],"tiered_pricing_product_settings":{"layout":"default","base_unit_name":{"singular":null,"plural":null},"default_variation":null},"tiered_pricing_minimum_quantity":10,"tiered_pricing_roles_data":[],"tiered_pricing_percentage_rules":{"50":"35","100":"40","200":"44","500":"47","1000":"49"},"tiered_pricing_maximum_quantity":null,"tiered_pricing_quantity_step":"10","_links":{"self":[{"href":"https:\/\/agoravape.com\/hu\/wp-json\/wp\/v2\/product\/13694","targetHints":{"allow":["GET"]}}],"collection":[{"href":"https:\/\/agoravape.com\/hu\/wp-json\/wp\/v2\/product"}],"about":[{"href":"https:\/\/agoravape.com\/hu\/wp-json\/wp\/v2\/types\/product"}],"replies":[{"embeddable":true,"href":"https:\/\/agoravape.com\/hu\/wp-json\/wp\/v2\/comments?post=13694"}],"version-history":[{"count":0,"href":"https:\/\/agoravape.com\/hu\/wp-json\/wp\/v2\/product\/13694\/revisions"}],"wp:featuredmedia":[{"embeddable":true,"href":"https:\/\/agoravape.com\/hu\/wp-json\/wp\/v2\/media\/13716"}],"wp:attachment":[{"href":"https:\/\/agoravape.com\/hu\/wp-json\/wp\/v2\/media?parent=13694"}],"wp:term":[{"taxonomy":"product_brand","embeddable":true,"href":"https:\/\/agoravape.com\/hu\/wp-json\/wp\/v2\/product_brand?post=13694"},{"taxonomy":"product_cat","embeddable":true,"href":"https:\/\/agoravape.com\/hu\/wp-json\/wp\/v2\/product_cat?post=13694"},{"taxonomy":"product_tag","embeddable":true,"href":"https:\/\/agoravape.com\/hu\/wp-json\/wp\/v2\/product_tag?post=13694"}],"curies":[{"name":"wp","href":"https:\/\/api.w.org\/{rel}","templated":true}]}}