{"id":13732,"date":"2025-10-11T21:10:03","date_gmt":"2025-10-11T13:10:03","guid":{"rendered":"https:\/\/green-grasshopper-921422.hostingersite.com\/?post_type=product&#038;p=13732"},"modified":"2026-01-19T22:07:30","modified_gmt":"2026-01-19T14:07:30","slug":"fihp-12000-puffs-led-kijelzo-vape","status":"publish","type":"product","link":"https:\/\/agoravape.com\/hu\/product\/fihp-12000-puffs-led-display-vape\/","title":{"rendered":"FIHP 12000 Puffs LED kijelz\u0151s h\u00e1l\u00f3s tekercses vape | Hosszan tart\u00f3 \u00edz egyszer\u0171 vez\u00e9rl\u00e9ssel"},"content":{"rendered":"<h2 data-v-md-heading=\"what-are-the-advantages-of-fihp-12000-led-display-screen-mesh-coil-electronic-cigarettes\" data-v-md-line=\"3\"><img loading=\"lazy\" decoding=\"async\" class=\"size-full wp-image-13746 alignright\" src=\"https:\/\/agoravape.com\/wp-content\/uploads\/2025\/10\/FIHP-12000-Puffs-LED-Display-Mesh-Coil-Vape_Agora_vape-1.webp\" alt=\"\" width=\"800\" height=\"800\" srcset=\"https:\/\/agoravape.com\/wp-content\/uploads\/2025\/10\/FIHP-12000-Puffs-LED-Display-Mesh-Coil-Vape_Agora_vape-1.webp 800w, https:\/\/agoravape.com\/wp-content\/uploads\/2025\/10\/FIHP-12000-Puffs-LED-Display-Mesh-Coil-Vape_Agora_vape-1-600x600.webp 600w, https:\/\/agoravape.com\/wp-content\/uploads\/2025\/10\/FIHP-12000-Puffs-LED-Display-Mesh-Coil-Vape_Agora_vape-1-300x300.webp 300w, https:\/\/agoravape.com\/wp-content\/uploads\/2025\/10\/FIHP-12000-Puffs-LED-Display-Mesh-Coil-Vape_Agora_vape-1-150x150.webp 150w, https:\/\/agoravape.com\/wp-content\/uploads\/2025\/10\/FIHP-12000-Puffs-LED-Display-Mesh-Coil-Vape_Agora_vape-1-768x768.webp 768w\" sizes=\"auto, (max-width: 800px) 100vw, 800px\" \/><\/h2>\n<h2 data-v-md-heading=\"what-are-the-advantages-of-fihp-12000-led-display-screen-mesh-coil-electronic-cigarettes\" data-v-md-line=\"3\">Milyen el\u0151nyei vannak a FIHP 12000 LED kijelz\u0151s, h\u00e1l\u00f3s tekercses elektronikus cigarett\u00e1knak?<\/h2>\n<p data-v-md-line=\"4\">Ha eleged van abb\u00f3l, hogy n\u00e9h\u00e1ny naponta cser\u00e9lgetned kell az e-cigarett\u00e1dat, ez a term\u00e9k megk\u00f6nny\u00edtheti az \u00e9letedet. Az FIHP 12000 ak\u00e1r 12000 sz\u00edv\u00f3ny\u00edl\u00e1s kapacit\u00e1s\u00e1t is biztos\u00edtja, a sima sz\u00edv\u00e1s\u00e9rt h\u00e1l\u00f3s tekerccsel \u00e9s a k\u00f6nny\u0171 l\u00e1that\u00f3s\u00e1g\u00e9rt LED kijelz\u0151vel rendelkezik. Ne agg\u00f3dj, csak vedd a kezedbe \u00e9s \u00e9lvezd.<\/p>\n<p data-v-md-line=\"6\">B\u00e1rkinek megfelel\u0151, aki stabil \u00edzvil\u00e1gra \u00e9s hossz\u00fa akkumul\u00e1tor-\u00fczemid\u0151re v\u00e1gyik bonyolult be\u00e1ll\u00edt\u00e1sok n\u00e9lk\u00fcl. Tiszta \u00e9s k\u00f6vetkezetes \u00e9lm\u00e9nyre v\u00e1gyik b\u00e1rmikor, b\u00e1rhol. Ez a term\u00e9k megfelel az ig\u00e9nyeinek.<\/p>\n<h2 data-v-md-heading=\"excellent-performance-easy-and-convenient\" data-v-md-line=\"8\">Kiv\u00e1l\u00f3 teljes\u00edtm\u00e9ny, egyszer\u0171 \u00e9s k\u00e9nyelmes<\/h2>\n<p data-v-md-line=\"9\">Az 1,0 \u03a9-os h\u00e1l\u00f3tekercs biztos\u00edtja az \u00e1lland\u00f3 \u00edzt. Ez azt jelenti, hogy az els\u0151 \u00e9s az utols\u00f3 falat \u00edze szinte azonos. Azt gondolhatod, hogy a nagy sz\u00edv\u00f3erej\u0171 eszk\u00f6z\u00f6k illata fokozatosan gyeng\u00fcl, de a h\u00e1l\u00f3tekercs stabil maradhat. Amikor az akkumul\u00e1tor lemer\u00fclt, Type-C adatk\u00e1bellel t\u00f6ltheted. Ez lehet ugyanaz a k\u00e1bel, amelyet a telefonodon is haszn\u00e1lsz. Egyszer\u0171.<\/p>\n<h2 data-v-md-heading=\"specification-introduction\" data-v-md-line=\"11\">Specifik\u00e1ci\u00f3 Bevezet\u00e9s<\/h2>\n<ul data-v-md-line=\"12\">\n<li>Sz\u00edv\u00e1s gyakoris\u00e1ga: ak\u00e1r 12000-szer<\/li>\n<li>Nikotintartalom: standard 2% (20 mg\/ml); A saj\u00e1t m\u00e1rk\u00e1s rendel\u00e9sek 5%-os nikotintartalmat is biztos\u00edthatnak.<\/li>\n<li>E-folyad\u00e9k kapacit\u00e1sa: 20 milliliter<\/li>\n<li>Aktiv\u00e1l\u00e1si m\u00f3dszer: Be\u00e1ll\u00edt\u00e1s n\u00e9lk\u00fcl haszn\u00e1lhat\u00f3<\/li>\n<li>T\u00f6lt\u00e9si m\u00f3d: C t\u00edpus\u00fa USB interf\u00e9sz<\/li>\n<li>\u00c1llapot: El\u0151re felt\u00f6lt\u00f6tt olaj, \u00fajrat\u00f6lthet\u0151<\/li>\n<\/ul>\n<h2 data-v-md-heading=\"complete-flavor-series\" data-v-md-line=\"19\">Teljes \u00edzsorozat<\/h2>\n<ul data-v-md-line=\"20\">\n<li>Gazdag \u00e9s friss\u00edt\u0151<\/li>\n<li>A sz\u0151l\u0151 friss\u00edt\u0151 hat\u00e1s\u00fa<\/li>\n<li>Cseresznye<\/li>\n<li>\u00c1fonya \u00e9s m\u00e1lna<\/li>\n<li>Eper kivi<\/li>\n<li>Vegyes bogy\u00f3s gy\u00fcm\u00f6lcs\u00f6k<\/li>\n<li>Eper g\u00f6r\u00f6gdinnye<\/li>\n<li>G\u00f6r\u00f6gdinnye r\u00e1g\u00f3gumi<\/li>\n<li>\u0150szibarack, Mang\u00f3, Anan\u00e1sz<\/li>\n<li>Kiwi, maracuja, guava<\/li>\n<\/ul>\n<h2 data-v-md-heading=\"for-you-and-your-business\" data-v-md-line=\"31\">\u00d6nnek \u00e9s v\u00e1llalkoz\u00e1s\u00e1nak<\/h2>\n<p data-v-md-line=\"32\">Saj\u00e1t r\u00e9szre v\u00e1s\u00e1rolsz? Egy tart\u00f3s, stabil \u00edz\u0171 \u00e9s gyorsan t\u00f6lthet\u0151 vape-t kapsz. K\u00f6nnyen haszn\u00e1lhat\u00f3. Szeretn\u00e9l felt\u00f6lt\u0151dni a boltodba? Nagykereskedelmi kiszerel\u00e9sben, dobozonk\u00e9nt 200 darabot k\u00edn\u00e1lunk. A kartondoboz s\u00falya 17,5 kilogramm, \u00edgy k\u00e9nyelmesen megtervezheted a t\u00e1rol\u00e1st \u00e9s a sz\u00e1ll\u00edt\u00e1st.<\/p>\n<p data-v-md-line=\"34\">Megb\u00edzhat\u00f3 partnerekkel, mint p\u00e9ld\u00e1ul a UPS, a DPD \u00e9s a DHL, DDP (Delivered Duty Paid) sz\u00e1ll\u00edt\u00e1st alkalmazunk, hogy \u00e1rui z\u00f6kken\u0151mentes v\u00e1mkezel\u00e9st biztos\u00edtsunk v\u00e1ratlan v\u00e1m\u00fcgyint\u00e9z\u00e9s n\u00e9lk\u00fcl. \u00d6n az \u00e9rt\u00e9kes\u00edt\u00e9sre koncentr\u00e1lhat, mi pedig int\u00e9zz\u00fck a vonatkoz\u00f3 dokumentumokat.<\/p>\n<h2 data-v-md-heading=\"why-do-you-like-it\" data-v-md-line=\"36\">Mi\u00e9rt tetszik?<\/h2>\n<ul data-v-md-line=\"37\">\n<li>T\u00f6bbsz\u00f6r\u00f6s sz\u00edv\u00e1si ciklusok: hosszabb \u00e9lettartam, nincs sz\u00fcks\u00e9g gyakori berendez\u00e9scser\u00e9re.<\/li>\n<li>Nikotintartalom kiv\u00e1laszt\u00e1sa: Napi haszn\u00e1lat eset\u00e9n 2%-os nikotint v\u00e1laszthat, m\u00edg a saj\u00e1t m\u00e1rk\u00e1s term\u00e9kek eset\u00e9ben 5%-os nikotint.<\/li>\n<li>\u00dajrat\u00f6lthet\u0151: 20 ml nikotin, az utols\u00f3 cseppet haszn\u00e1ld fel.<\/li>\n<li>H\u00e1l\u00f3s porlaszt\u00f3mag: minden sz\u00edv\u00e1sn\u00e1l \u00e1lland\u00f3 \u00edzt biztos\u00edt.<\/li>\n<\/ul>\n<h2 data-v-md-heading=\"why-choose-to-collaborate-with-agoravape\" data-v-md-line=\"42\">Mi\u00e9rt \u00e9rdemes az AgoraVape-pel egy\u00fcttm\u0171k\u00f6dni?<\/h2>\n<p data-v-md-line=\"43\">Kiz\u00e1r\u00f3lag megb\u00edzhat\u00f3 m\u00e1rk\u00e1ink 100%-ban eredeti term\u00e9keit forgalmazzuk. A v\u00e1llalati \u00fcgyfelek, akik FIHP 12000 LED kijelz\u0151s, h\u00e1l\u00f3s tekercses elektronikus cigarett\u00e1t v\u00e1s\u00e1rolnak, kedvezm\u00e9nyes nagykereskedelmi \u00e1rakat, gyors reag\u00e1l\u00e1s\u00fa \u00fcgyf\u00e9lszolg\u00e1latot, valamint gyors \u00e9s megb\u00edzhat\u00f3 kisz\u00e1ll\u00edt\u00e1si szolg\u00e1ltat\u00e1sokat \u00e9lvezhetnek. L\u00e9pjen kapcsolatba vel\u00fcnk, hogy olyan eszk\u00f6zt v\u00e1s\u00e1rolhasson, amelyet \u00e9rdemes \u00fajra megv\u00e1s\u00e1rolnia \u00fcgyfeleinek.<\/p>\n<p data-v-md-line=\"43\"><img loading=\"lazy\" decoding=\"async\" class=\"aligncenter size-full wp-image-13747\" src=\"https:\/\/agoravape.com\/wp-content\/uploads\/2025\/10\/FIHP-12000-Puffs-LED-Display-Mesh-Coil-Vape_Agora_vape-2.webp\" alt=\"\" width=\"800\" height=\"800\" srcset=\"https:\/\/agoravape.com\/wp-content\/uploads\/2025\/10\/FIHP-12000-Puffs-LED-Display-Mesh-Coil-Vape_Agora_vape-2.webp 800w, https:\/\/agoravape.com\/wp-content\/uploads\/2025\/10\/FIHP-12000-Puffs-LED-Display-Mesh-Coil-Vape_Agora_vape-2-600x600.webp 600w, https:\/\/agoravape.com\/wp-content\/uploads\/2025\/10\/FIHP-12000-Puffs-LED-Display-Mesh-Coil-Vape_Agora_vape-2-300x300.webp 300w, https:\/\/agoravape.com\/wp-content\/uploads\/2025\/10\/FIHP-12000-Puffs-LED-Display-Mesh-Coil-Vape_Agora_vape-2-150x150.webp 150w, https:\/\/agoravape.com\/wp-content\/uploads\/2025\/10\/FIHP-12000-Puffs-LED-Display-Mesh-Coil-Vape_Agora_vape-2-768x768.webp 768w\" sizes=\"auto, (max-width: 800px) 100vw, 800px\" \/><\/p>","protected":false},"excerpt":{"rendered":"<p>What are the advantages of FIHP 12000 LED display screen mesh coil electronic cigarettes? If you\u2019re tired of changing your<\/p>","protected":false},"featured_media":13757,"comment_status":"open","ping_status":"closed","template":"","meta":[],"product_brand":[209],"product_cat":[124,185,1634,189,177,136,174,175,193,191,173,186,180,190,192],"product_tag":[],"class_list":{"0":"post-13732","1":"product","2":"type-product","3":"status-publish","4":"has-post-thumbnail","6":"product_brand-fihp","7":"product_cat-vape-by-brand","8":"product_cat-10000-puffs-high-capacity","9":"product_cat-12000-puffs","10":"product_cat-20mg-standard-nicotine-vapes","11":"product_cat-dessert-sweets","12":"product_cat-fihp","13":"product_cat-fruit-flavors","14":"product_cat-icy-mint","15":"product_cat-mesh-coil","16":"product_cat-rechargeable-disposables","17":"product_cat-vape-by-flavor-profile","18":"product_cat-vape-by-nicotine-strength","19":"product_cat-vape-by-puff-count","20":"product_cat-vape-by-feature-or-type","21":"product_cat-vapes-with-screens","23":"first","24":"onbackorder","25":"shipping-taxable","26":"purchasable","27":"product-type-variable","28":"has-default-attributes"},"tiered_pricing_type":"percentage","tiered_pricing_fixed_rules":[],"tiered_pricing_product_settings":{"layout":"default","base_unit_name":{"singular":null,"plural":null},"default_variation":null},"tiered_pricing_minimum_quantity":10,"tiered_pricing_roles_data":[],"tiered_pricing_percentage_rules":{"50":"35","100":"40","200":"44","500":"47","1000":"49"},"tiered_pricing_maximum_quantity":null,"tiered_pricing_quantity_step":"10","_links":{"self":[{"href":"https:\/\/agoravape.com\/hu\/wp-json\/wp\/v2\/product\/13732","targetHints":{"allow":["GET"]}}],"collection":[{"href":"https:\/\/agoravape.com\/hu\/wp-json\/wp\/v2\/product"}],"about":[{"href":"https:\/\/agoravape.com\/hu\/wp-json\/wp\/v2\/types\/product"}],"replies":[{"embeddable":true,"href":"https:\/\/agoravape.com\/hu\/wp-json\/wp\/v2\/comments?post=13732"}],"version-history":[{"count":0,"href":"https:\/\/agoravape.com\/hu\/wp-json\/wp\/v2\/product\/13732\/revisions"}],"wp:featuredmedia":[{"embeddable":true,"href":"https:\/\/agoravape.com\/hu\/wp-json\/wp\/v2\/media\/13757"}],"wp:attachment":[{"href":"https:\/\/agoravape.com\/hu\/wp-json\/wp\/v2\/media?parent=13732"}],"wp:term":[{"taxonomy":"product_brand","embeddable":true,"href":"https:\/\/agoravape.com\/hu\/wp-json\/wp\/v2\/product_brand?post=13732"},{"taxonomy":"product_cat","embeddable":true,"href":"https:\/\/agoravape.com\/hu\/wp-json\/wp\/v2\/product_cat?post=13732"},{"taxonomy":"product_tag","embeddable":true,"href":"https:\/\/agoravape.com\/hu\/wp-json\/wp\/v2\/product_tag?post=13732"}],"curies":[{"name":"wp","href":"https:\/\/api.w.org\/{rel}","templated":true}]}}