{"id":13804,"date":"2025-10-11T21:39:53","date_gmt":"2025-10-11T13:39:53","guid":{"rendered":"https:\/\/green-grasshopper-921422.hostingersite.com\/?post_type=product&#038;p=13804"},"modified":"2026-02-22T15:15:12","modified_gmt":"2026-02-22T14:15:12","slug":"fihp-shisha-vizipipa-12000-puffs-dtl-vape","status":"publish","type":"product","link":"https:\/\/agoravape.com\/hu\/product\/fihp-shisha-hookah-12000-puffs-dtl-vape\/","title":{"rendered":"FIHP Shisha Hookah 12000 slukkos DTL LED Vape | Hosszan tart\u00f3 DTL \u00edz egyszer\u0171 USB-C t\u00f6lt\u00e9ssel"},"content":{"rendered":"<h2 data-v-md-heading=\"what-are-the-highlights-of-the-fihp-shisha-hookah-12000-dtl-led-vape\" data-v-md-line=\"3\"><\/h2>\n<h2 data-v-md-heading=\"what-are-the-highlights-of-the-fihp-shisha-hookah-12000-dtl-led-vape\" data-v-md-line=\"3\">Melyek a FIHP Shisha Hookah 12000 DTL LED vape legfontosabb tulajdons\u00e1gai?<\/h2>\n<p data-v-md-line=\"4\">Ha eleged van az eldobhat\u00f3, elsz\u00edv\u00e1s ut\u00e1n azonnal elhaszn\u00e1lt vape-ekb\u0151l, \u00e9rdemes lehet megn\u00e9zned ezt a term\u00e9ket. A FIHP Shisha Hookah ak\u00e1r 12000 f\u00fav\u00f3k\u00e1ra is k\u00e9pes, a DTL sz\u00edv\u00f3ereje pedig sima, \u00edgy k\u00f6nnyed\u00e9n permetezhetsz kiel\u00e9g\u00edt\u0151 g\u0151zt b\u00e1rmilyen m\u0171velet n\u00e9lk\u00fcl.<\/p>\n<p data-v-md-line=\"6\">B\u00e1rkinek megfelel\u0151, aki hosszan tart\u00f3, k\u00e9nyelmes, \u00e1lland\u00f3 \u00edz\u0171 \u00e9s k\u00f6nnyen haszn\u00e1lhat\u00f3 vape-re v\u00e1gyik. Nincs sz\u00fcks\u00e9g be\u00e1ll\u00edt\u00e1sokra, nincsenek gombokra. Egyszer\u0171en l\u00e9legezzen be tiszt\u00e1n, a tiszta LED kijelz\u0151nek \u00e9s a megb\u00edzhat\u00f3 t\u00f6lt\u00e9snek k\u00f6sz\u00f6nhet\u0151en, amikor sz\u00fcks\u00e9ges.<\/p>\n<h2 data-v-md-heading=\"excellent-performance-without-any-complex-operations\" data-v-md-line=\"8\">Kiv\u00e1l\u00f3 teljes\u00edtm\u00e9ny bonyolult m\u0171veletek n\u00e9lk\u00fcl<\/h2>\n<p data-v-md-line=\"9\">A h\u00e1l\u00f3s tekercs a k\u00e9sz\u00fcl\u00e9k belsej\u00e9ben tal\u00e1lhat\u00f3, \u00edgy minden falat olyan finom, mint az els\u0151. Meg\u0151rzi a jellegzetes \u00e9s kiegyens\u00falyozott \u00edzvil\u00e1got. Amikor az akkumul\u00e1tor lemer\u00fcl, nincs sz\u00fcks\u00e9g speci\u00e1lis adatk\u00e1belre. Egyszer\u0171en csatlakoztassa egy szabv\u00e1nyos Type-C t\u00f6lt\u0151h\u00f6z a tov\u00e1bbi haszn\u00e1lathoz. K\u00f6nnyen haszn\u00e1lhat\u00f3.<\/p>\n<h2 data-v-md-heading=\"specification-overview\" data-v-md-line=\"11\">Specifik\u00e1ci\u00f3 \u00e1ttekint\u00e9se<\/h2>\n<ul data-v-md-line=\"12\">\n<li>Sz\u00edv\u00e1s gyakoris\u00e1ga: ak\u00e1r 12000-szer<\/li>\n<li>Nikotintartalom: 6 milligramm<\/li>\n<li>M\u0171k\u00f6d\u00e9si elv: Egyetlen f\u00faj\u00e1ssal aktiv\u00e1lhat\u00f3<\/li>\n<li>T\u00f6lt\u00e9si m\u00f3d: Standard Type-C USB port<\/li>\n<li>\u00c1llapot: Kicsomagol\u00e1s ut\u00e1n haszn\u00e1latra k\u00e9sz<\/li>\n<\/ul>\n<h2 data-v-md-heading=\"full-range-of-flavors\" data-v-md-line=\"18\">Full range of flavors<\/h2>\n<ul data-v-md-line=\"19\">\n<li>G\u00f6r\u00f6gdinnye j\u00e9g<\/li>\n<li>Sz\u0151l\u0151fagylalt<\/li>\n<li>\u00c1fonya \u00e9s m\u00e1lna<\/li>\n<li>Eper kivi<\/li>\n<li>Vegyes bogy\u00f3s gy\u00fcm\u00f6lcs\u00f6k<\/li>\n<li>Eper g\u00f6r\u00f6gdinnye<\/li>\n<li>G\u00f6r\u00f6gdinnye r\u00e1g\u00f3gumi<\/li>\n<li>\u0150szibarack-mangan anan\u00e1sz<\/li>\n<li>Kiwi, maracuja, guava<\/li>\n<li>Eper, m\u00e1lna, cseresznye<\/li>\n<\/ul>\n<h2 data-v-md-heading=\"for-you-for-your-business\" data-v-md-line=\"30\">\u00d6nnek, az \u00d6n v\u00e1llalkoz\u00e1s\u00e1nak<\/h2>\n<p data-v-md-line=\"31\">V\u00e1laszthat mag\u00e1nak egyet, vagy beszerezheti az \u00fczlet\u00e9be. Nagykereskedelmi dobozos kiszerel\u00e9s, dobozonk\u00e9nt 200 darab, k\u00e9nyelmes \u00e9s hat\u00e9kony t\u00e1rol\u00e1s \u00e9s sz\u00e1ll\u00edt\u00e1s. A kartondoboz teljes s\u00falya k\u00f6r\u00fclbel\u00fcl 20 kilogramm, \u00edgy a logisztikai tervez\u00e9s nagyon egyszer\u0171.<\/p>\n<p data-v-md-line=\"33\">Ad\u00f3k\u00f6teles DDP szolg\u00e1ltat\u00e1sokat k\u00edn\u00e1lunk megb\u00edzhat\u00f3 partnereken, p\u00e9ld\u00e1ul a UPS-en, a DPD-n \u00e9s a DHL-en kereszt\u00fcl, amelyek Eur\u00f3pa-szerte sz\u00e1ll\u00edtanak, \u00edgy biztos\u00edtva a rendel\u00e9s z\u00f6kken\u0151mentes kisz\u00e1ll\u00edt\u00e1s\u00e1t \u00e9s elker\u00fclve a v\u00e1mbaleseteket. Ha nikotinterm\u00e9keket \u00e9rt\u00e9kes\u00edt, k\u00e9rj\u00fck, gy\u0151z\u0151dj\u00f6n meg arr\u00f3l, hogy megfelel a piac\u00e1n \u00e9rv\u00e9nyes helyi el\u0151\u00edr\u00e1soknak.<\/p>\n<h2 data-v-md-heading=\"why-do-you-like-it\" data-v-md-line=\"35\">Mi\u00e9rt tetszik?<\/h2>\n<ul data-v-md-line=\"36\">\n<li>Nagy sz\u00edv\u00f3teljes\u00edtm\u00e9ny: tart\u00f3s \u00e9s hossz\u00fa \u00e9lettartam\u00fa, nem kell gyakran cser\u00e9lni.<\/li>\n<li>Nikotinkoncentr\u00e1ci\u00f3 kiv\u00e1laszt\u00e1sa: Ha l\u00e1gyabb \u00edzt szeretne, v\u00e1laszthat egy stabil 6 mg-os koncentr\u00e1ci\u00f3t.<\/li>\n<li>\u00dajrat\u00f6lthet\u0151: A megv\u00e1s\u00e1rolt e-folyad\u00e9k addig tart, am\u00edg el nem fogy.<\/li>\n<li>H\u00e1l\u00f3s tekercs: Minden alkalommal stabil \u00e9s gazdag \u00edzt hozhat.<\/li>\n<li>Finom sz\u00edv\u00e1s: A sima sz\u00edv\u00e1s term\u00e9szetes \u00e9s sima f\u00fcst\u00f6t eredm\u00e9nyez.<\/li>\n<\/ul>\n<h2 data-v-md-heading=\"why-choose-to-collaborate-with-agoravape\" data-v-md-line=\"42\">Mi\u00e9rt \u00e9rdemes az AgoraVape-pel egy\u00fcttm\u0171k\u00f6dni?<\/h2>\n<p data-v-md-line=\"43\">Eur\u00f3pa egyik legmegb\u00edzhat\u00f3bb vape forgalmaz\u00f3jak\u00e9nt kiz\u00e1r\u00f3lag 100%-ban eredeti term\u00e9keket forgalmazunk. Kereskedelmi \u00fcgyfelek sz\u00e1m\u00e1ra ez azt jelenti, hogy a FIHP Shisha Hookah 12000 Puffs DTL LED vape-ek kedvezm\u00e9nyes nagykereskedelmi \u00e1rakat, seg\u00edt\u0151k\u00e9sz \u00fcgyf\u00e9lszolg\u00e1latot, valamint gyors \u00e9s megb\u00edzhat\u00f3 kisz\u00e1ll\u00edt\u00e1si szolg\u00e1ltat\u00e1sokat k\u00edn\u00e1lnak. L\u00e9pjen kapcsolatba vel\u00fcnk, \u00e9s k\u00e9sz\u00edtsen megb\u00edzhat\u00f3 eszk\u00f6zt \u00fcgyfelei sz\u00e1m\u00e1ra.<\/p>","protected":false},"excerpt":{"rendered":"<p>What are the highlights of the FIHP Shisha Hookah 12000 DTL LED vape? If you are tired of disposable vapes<\/p>","protected":false},"featured_media":13811,"comment_status":"open","ping_status":"closed","template":"","meta":[],"product_brand":[209],"product_cat":[124,185,1634,189,177,136,174,193,191,173,186,180,190,192],"product_tag":[],"class_list":{"0":"post-13804","1":"product","2":"type-product","3":"status-publish","4":"has-post-thumbnail","6":"product_brand-fihp","7":"product_cat-vape-by-brand","8":"product_cat-10000-puffs-high-capacity","9":"product_cat-12000-puffs","10":"product_cat-20mg-standard-nicotine-vapes","11":"product_cat-dessert-sweets","12":"product_cat-fihp","13":"product_cat-fruit-flavors","14":"product_cat-mesh-coil","15":"product_cat-rechargeable-disposables","16":"product_cat-vape-by-flavor-profile","17":"product_cat-vape-by-nicotine-strength","18":"product_cat-vape-by-puff-count","19":"product_cat-vape-by-feature-or-type","20":"product_cat-vapes-with-screens","22":"first","23":"onbackorder","24":"shipping-taxable","25":"purchasable","26":"product-type-variable","27":"has-default-attributes"},"tiered_pricing_type":"percentage","tiered_pricing_fixed_rules":[],"tiered_pricing_product_settings":{"layout":"default","base_unit_name":{"singular":null,"plural":null},"default_variation":null},"tiered_pricing_minimum_quantity":10,"tiered_pricing_roles_data":[],"tiered_pricing_percentage_rules":{"50":"35","100":"40","200":"44","500":"47","1000":"49"},"tiered_pricing_maximum_quantity":null,"tiered_pricing_quantity_step":"10","_links":{"self":[{"href":"https:\/\/agoravape.com\/hu\/wp-json\/wp\/v2\/product\/13804","targetHints":{"allow":["GET"]}}],"collection":[{"href":"https:\/\/agoravape.com\/hu\/wp-json\/wp\/v2\/product"}],"about":[{"href":"https:\/\/agoravape.com\/hu\/wp-json\/wp\/v2\/types\/product"}],"replies":[{"embeddable":true,"href":"https:\/\/agoravape.com\/hu\/wp-json\/wp\/v2\/comments?post=13804"}],"version-history":[{"count":0,"href":"https:\/\/agoravape.com\/hu\/wp-json\/wp\/v2\/product\/13804\/revisions"}],"wp:featuredmedia":[{"embeddable":true,"href":"https:\/\/agoravape.com\/hu\/wp-json\/wp\/v2\/media\/13811"}],"wp:attachment":[{"href":"https:\/\/agoravape.com\/hu\/wp-json\/wp\/v2\/media?parent=13804"}],"wp:term":[{"taxonomy":"product_brand","embeddable":true,"href":"https:\/\/agoravape.com\/hu\/wp-json\/wp\/v2\/product_brand?post=13804"},{"taxonomy":"product_cat","embeddable":true,"href":"https:\/\/agoravape.com\/hu\/wp-json\/wp\/v2\/product_cat?post=13804"},{"taxonomy":"product_tag","embeddable":true,"href":"https:\/\/agoravape.com\/hu\/wp-json\/wp\/v2\/product_tag?post=13804"}],"curies":[{"name":"wp","href":"https:\/\/api.w.org\/{rel}","templated":true}]}}