{"id":13830,"date":"2025-10-12T09:58:04","date_gmt":"2025-10-12T01:58:04","guid":{"rendered":"https:\/\/green-grasshopper-921422.hostingersite.com\/?post_type=product&#038;p=13830"},"modified":"2026-01-19T22:07:13","modified_gmt":"2026-01-19T14:07:13","slug":"airmez-matrix-30k-puff-erintokijelzo-vape","status":"publish","type":"product","link":"https:\/\/agoravape.com\/hu\/product\/airmez-matrix-30k-puffs-touch-pad-vape\/","title":{"rendered":"Airmez Matrix 30K Puffs \u00e9rint\u0151pados dupla h\u00e1l\u00f3s vape | Hosszan tart\u00f3 \u00edz, egyszer\u0171 vez\u00e9rl\u00e9s"},"content":{"rendered":"<h2 data-v-md-heading=\"what-are-the-highlights-of-the-airmez-matrix-30k-touchpad-dual-mesh-vape\" data-v-md-line=\"3\"><img loading=\"lazy\" decoding=\"async\" class=\"aligncenter size-full wp-image-13842\" src=\"https:\/\/agoravape.com\/wp-content\/uploads\/2025\/10\/Airmez-Matrix-30K-Puffs-Touch-Pad-Dual-Mesh-Vape_Agora_vape-1.webp\" alt=\"\" width=\"2080\" height=\"2080\" srcset=\"https:\/\/agoravape.com\/wp-content\/uploads\/2025\/10\/Airmez-Matrix-30K-Puffs-Touch-Pad-Dual-Mesh-Vape_Agora_vape-1.webp 2080w, https:\/\/agoravape.com\/wp-content\/uploads\/2025\/10\/Airmez-Matrix-30K-Puffs-Touch-Pad-Dual-Mesh-Vape_Agora_vape-1-600x600.webp 600w, https:\/\/agoravape.com\/wp-content\/uploads\/2025\/10\/Airmez-Matrix-30K-Puffs-Touch-Pad-Dual-Mesh-Vape_Agora_vape-1-1200x1200.webp 1200w, https:\/\/agoravape.com\/wp-content\/uploads\/2025\/10\/Airmez-Matrix-30K-Puffs-Touch-Pad-Dual-Mesh-Vape_Agora_vape-1-300x300.webp 300w, https:\/\/agoravape.com\/wp-content\/uploads\/2025\/10\/Airmez-Matrix-30K-Puffs-Touch-Pad-Dual-Mesh-Vape_Agora_vape-1-1024x1024.webp 1024w, https:\/\/agoravape.com\/wp-content\/uploads\/2025\/10\/Airmez-Matrix-30K-Puffs-Touch-Pad-Dual-Mesh-Vape_Agora_vape-1-150x150.webp 150w, https:\/\/agoravape.com\/wp-content\/uploads\/2025\/10\/Airmez-Matrix-30K-Puffs-Touch-Pad-Dual-Mesh-Vape_Agora_vape-1-768x768.webp 768w, https:\/\/agoravape.com\/wp-content\/uploads\/2025\/10\/Airmez-Matrix-30K-Puffs-Touch-Pad-Dual-Mesh-Vape_Agora_vape-1-1536x1536.webp 1536w, https:\/\/agoravape.com\/wp-content\/uploads\/2025\/10\/Airmez-Matrix-30K-Puffs-Touch-Pad-Dual-Mesh-Vape_Agora_vape-1-2048x2048.webp 2048w\" sizes=\"auto, (max-width: 2080px) 100vw, 2080px\" \/><\/h2>\n<h2 data-v-md-heading=\"what-are-the-highlights-of-the-airmez-matrix-30k-touchpad-dual-mesh-vape\" data-v-md-line=\"3\">Melyek az Airmez Matrix 30K touchpades dupla h\u00e1l\u00f3s vape-j\u00e9nek f\u0151bb jellemz\u0151i?<\/h2>\n<p data-v-md-line=\"4\">Ha eleged van abb\u00f3l, hogy egy bizonyos \u00edz kipr\u00f3b\u00e1l\u00e1sakor azonnal kifogy az \u00fczemanyag, akkor az Airmez Matrix 30K meg\u00e9r egy pr\u00f3b\u00e1t. Kifejezetten azok sz\u00e1m\u00e1ra k\u00e9sz\u00fclt, akik a nagy falatokra, a gazdag \u00edzekre \u00e9s a k\u00f6nny\u0171 kezelhet\u0151s\u00e9gre v\u00e1gynak.<\/p>\n<p data-v-md-line=\"6\">\u00c9rz\u00e9keny \u00e9rint\u0151paddal \u00e9s \u00e1ttekinthet\u0151, 2,1 h\u00fcvelykes k\u00e9perny\u0151vel van felszerelve, \u00edgy k\u00f6nnyen be\u00e1ll\u00edthatod a leveg\u0151bemenetet \u00e9s ellen\u0151rizheted az akkumul\u00e1tor t\u00f6lt\u00f6tts\u00e9gi szintj\u00e9t. Lehet, hogy \u00fagy \u00e9rzed, hogy az ilyen nagy sz\u00e1jsz\u00e1m\u00fa vape-ek kicsit nagyok, de a Matrix el\u00e9g praktikus a mindennapi hordoz\u00e1shoz.<\/p>\n<h2 data-v-md-heading=\"excellent-performance-easy-and-convenient\" data-v-md-line=\"8\">Kiv\u00e1l\u00f3 teljes\u00edtm\u00e9ny, egyszer\u0171 \u00e9s k\u00e9nyelmes<\/h2>\n<p data-v-md-line=\"9\">A dupla h\u00e1l\u00f3s tekercs (1,2 \u03a9) a l\u00e9nyege. Egyenletesen meleg\u00edthet\u0151, \u00edgy minden sz\u00edv\u00e1sn\u00e1l sima \u00e9s l\u00e1gy \u00edzt biztos\u00edt az elej\u00e9t\u0151l a v\u00e9g\u00e9ig. Ha az akkumul\u00e1tor lemer\u00fcl, egyszer\u0171en csatlakoztassa a Type-C adatk\u00e1belt a tov\u00e1bbi haszn\u00e1lathoz. Nincs sz\u00fcks\u00e9g speci\u00e1lis t\u00f6lt\u0151kre, \u00edgy id\u0151t \u00e9s energi\u00e1t takar\u00edt meg.<\/p>\n<h2 data-v-md-heading=\"specification-introduction\" data-v-md-line=\"11\">Specifik\u00e1ci\u00f3 Bevezet\u00e9s<\/h2>\n<ul data-v-md-line=\"12\">\n<li>Sz\u00edv\u00e1s gyakoris\u00e1ga: ak\u00e1r 30000-szer<\/li>\n<li>Nikotin: 5%-os nikotins\u00f3<\/li>\n<li>M\u0171k\u00f6d\u00e9si elv: Bel\u00e9gz\u00e9ssel aktiv\u00e1l\u00f3dik<\/li>\n<li>Charging: Standard Type-C USB interface<\/li>\n<li>\u00c1llapot: Kicsomagol\u00e1s ut\u00e1n azonnal haszn\u00e1lhat\u00f3<\/li>\n<li>E-folyad\u00e9k kapacit\u00e1sa: 22 milliliter<\/li>\n<li>Akkumul\u00e1tor: 800 mAh-s \u00fajrat\u00f6lthet\u0151 akkumul\u00e1tor<\/li>\n<li>L\u00e9g\u00e1raml\u00e1s: \u00e9rint\u0151k\u00e9perny\u0151n kereszt\u00fcl \u00e1ll\u00edthat\u00f3<\/li>\n<li>K\u00e9perny\u0151: 2,1 h\u00fcvelykes kijelz\u0151 a k\u00f6nny\u0171 l\u00e1that\u00f3s\u00e1g \u00e9rdek\u00e9ben<\/li>\n<\/ul>\n<h2 data-v-md-heading=\"multiple-flavor-options\" data-v-md-line=\"22\">T\u00f6bb \u00edzes\u00edt\u00e9si lehet\u0151s\u00e9g<\/h2>\n<ul data-v-md-line=\"23\">\n<li>G\u00f6r\u00f6gdinnye j\u00e9g<\/li>\n<li>J\u00e9g \u00e1fonya<\/li>\n<li>\u00c1fonya \u00e9s m\u00e1lna<\/li>\n<li>Eperfagylalt<\/li>\n<li>Sz\u0151l\u0151fagylalt<\/li>\n<li>Vegyes bogy\u00f3s gy\u00fcm\u00f6lcs\u00f6k<\/li>\n<li>S\u00e1rk\u00e1nygy\u00fcm\u00f6lcs<\/li>\n<li>Eper kivi<\/li>\n<li>Kiwi, maracuja, guava<\/li>\n<li>K\u00e9k sav m\u00e1lna<\/li>\n<li>Cseresznye k\u00f3la<\/li>\n<li>Citrom \u00e9s lime<\/li>\n<\/ul>\n<h2 data-v-md-heading=\"for-you-for-your-business\" data-v-md-line=\"36\">\u00d6nnek, az \u00d6n v\u00e1llalkoz\u00e1s\u00e1nak<\/h2>\n<p data-v-md-line=\"37\">Az Airmez Matrix 30K-t v\u00e1laszthatja szem\u00e9lyes haszn\u00e1latra, vagy megv\u00e1s\u00e1rolhatja \u00fczlet\u00e9be. A nagykereskedelmi csomagol\u00e1s egyszer\u0171. \u00d6t ki\u00e1ll\u00edt\u00f3 \u00e1llv\u00e1ny alkot egy dobozt, dobozonk\u00e9nt 200 darabbal. Eur\u00f3p\u00e1n bel\u00fcl megb\u00edzhat\u00f3 fuvaroz\u00f3kon, p\u00e9ld\u00e1ul UPS-en, DPD-n \u00e9s DHL-en kereszt\u00fcl sz\u00e1ll\u00edtunk DDP-n kereszt\u00fcl, \u00edgy a v\u00e1mok fedezettek, \u00e9s nem lesznek v\u00e1ratlan v\u00e1mprobl\u00e9m\u00e1k.<\/p>\n<p data-v-md-line=\"39\">A szab\u00e1lyoz\u00e1sok orsz\u00e1gonk\u00e9nt elt\u00e9r\u0151ek. A Matrix 22 milliliter e-folyad\u00e9kot \u00e9s 5% nikotint tartalmaz, ami nem minden orsz\u00e1gban enged\u00e9lyezett. K\u00e9rj\u00fck, v\u00e1s\u00e1rl\u00e1s vagy t\u00e1rol\u00e1s el\u0151tt ellen\u0151rizze a helyi TPD\/TRRP szab\u00e1lyoz\u00e1sokat. A vonatkoz\u00f3 megrendel\u00e9sekn\u00e9l \u00e9letkor-ellen\u0151rz\u00e9st v\u00e9gz\u00fcnk, \u00e9s csak eredeti term\u00e9keket sz\u00e1ll\u00edtunk.<\/p>\n<h2 data-v-md-heading=\"why-do-you-like-it\" data-v-md-line=\"41\">Mi\u00e9rt tetszik?<\/h2>\n<ul data-v-md-line=\"42\">\n<li>Hatalmas sz\u00edv\u00f3er\u0151: Nem kell berendez\u00e9st cser\u00e9lni, t\u00f6bb id\u0151d marad az \u00edzek \u00e9lvezet\u00e9re.<\/li>\n<li>Magas nikotinkoncentr\u00e1ci\u00f3j\u00fa opci\u00f3: 5% nikotins\u00f3, gazdag \u00e9s kiel\u00e9g\u00edt\u0151 doh\u00e1nyz\u00e1si \u00e9lm\u00e9nyt ny\u00fajt.<\/li>\n<li>\u00dajrat\u00f6lthet\u0151: Haszn\u00e1lja a C t\u00edpus\u00fa csatlakoz\u00f3t az \u00f6sszes megv\u00e1s\u00e1rolt e-folyad\u00e9k haszn\u00e1lat\u00e1hoz.<\/li>\n<li>Dupla h\u00e1l\u00f3s porlaszt\u00f3mag: Minden sz\u00edv\u00e1ssal egyenletes f\u00fcst \u00e9s tiszta \u00edz \u00e9rhet\u0151 el.<\/li>\n<li>\u00c1ll\u00edthat\u00f3 sz\u00edv\u00f3er\u0151: \u00c1ll\u00edtson be er\u0151sebb sz\u00edv\u00f3er\u0151t, vagy nyissa ki a sz\u00edv\u00f3er\u0151t a k\u00f6nnyebb \u00e9s sim\u00e1bb \u00e9lm\u00e9ny\u00e9rt.<\/li>\n<li>\u00c9rint\u0151pad + k\u00e9perny\u0151: gyors \u00e9s egy\u00e9rtelm\u0171 vez\u00e9rl\u00e9s tal\u00e1lgat\u00e1s n\u00e9lk\u00fcl.<\/li>\n<\/ul>\n<h2 data-v-md-heading=\"why-collaborate-with-agoravape\" data-v-md-line=\"49\">Mi\u00e9rt \u00e9rdemes az AgoraVape-pel egy\u00fcttm\u0171k\u00f6dni?<\/h2>\n<p data-v-md-line=\"50\">Kiz\u00e1r\u00f3lag 100%-ban eredeti term\u00e9keket forgalmazunk, \u00e9s ebben semmi k\u00e9ts\u00e9g\u00fcnk sincs. \u00c9lvezd a rendk\u00edv\u00fcl versenyk\u00e9pes nagykereskedelmi \u00e1rakat, a megb\u00edzhat\u00f3 DDP sz\u00e1ll\u00edt\u00e1si szolg\u00e1ltat\u00e1sokat Eur\u00f3p\u00e1n bel\u00fcl, valamint a UPS, DPD vagy DHL \u00e1ltali pontos k\u00f6vet\u00e9st. A fizet\u00e9s biztons\u00e1gos \u00e1tj\u00e1r\u00f3n kereszt\u00fcl t\u00f6rt\u00e9nik, \u00e9s az adataid mindig v\u00e9dve vannak. Ha b\u00e1rmilyen probl\u00e9ma mer\u00fclne fel, professzion\u00e1lis visszak\u00fcld\u00e9si \u00e9s \u00fcgyf\u00e9lszolg\u00e1lati csapatunk seg\u00edt k\u00f6nnyen megoldani azokat. Szeretn\u00e9l Airmez Matrix 30K Puffs dupla h\u00e1l\u00f3s vape-et \u00e9rint\u0151paddal v\u00e1s\u00e1rolni? K\u00e9rj\u00fck, vedd fel vel\u00fcnk a kapcsolatot, \u00e9s mi seg\u00edt\u00fcnk gyorsan bevezetni azokat az \u00edzeket, amelyekre v\u00e1s\u00e1rl\u00f3idnak val\u00f3ban sz\u00fcks\u00e9g\u00fck van.<\/p>\n<p><script src=\"chrome-extension:\/\/fpelahbljekknahkcaegamhcndkfpfnc\/iFrame.js\" type=\"text\/javascript\"><\/script><\/p>","protected":false},"excerpt":{"rendered":"<p>&nbsp;<\/p>\n<p><script src=\"chrome-extension:\/\/fpelahbljekknahkcaegamhcndkfpfnc\/iFrame.js\" type=\"text\/javascript\"><\/script><\/p>\n<p><script src=\"chrome-extension:\/\/fpelahbljekknahkcaegamhcndkfpfnc\/iFrame.js\" type=\"text\/javascript\"><\/script><\/p>\n<p><script src=\"chrome-extension:\/\/fpelahbljekknahkcaegamhcndkfpfnc\/iFrame.js\" type=\"text\/javascript\"><\/script><\/p>\n<p><script src=\"chrome-extension:\/\/fpelahbljekknahkcaegamhcndkfpfnc\/iFrame.js\" type=\"text\/javascript\"><\/script><\/p>","protected":false},"featured_media":13857,"comment_status":"open","ping_status":"closed","template":"","meta":[],"product_brand":[210],"product_cat":[124,185,194,137,176,174,175,193,191,173,186,180,190,192],"product_tag":[],"class_list":{"0":"post-13830","1":"product","2":"type-product","3":"status-publish","4":"has-post-thumbnail","6":"product_brand-airmez","7":"product_cat-vape-by-brand","8":"product_cat-10000-puffs-high-capacity","9":"product_cat-adjustable-airflow","10":"product_cat-airmez","11":"product_cat-beverage","12":"product_cat-fruit-flavors","13":"product_cat-icy-mint","14":"product_cat-mesh-coil","15":"product_cat-rechargeable-disposables","16":"product_cat-vape-by-flavor-profile","17":"product_cat-vape-by-nicotine-strength","18":"product_cat-vape-by-puff-count","19":"product_cat-vape-by-feature-or-type","20":"product_cat-vapes-with-screens","22":"first","23":"onbackorder","24":"shipping-taxable","25":"purchasable","26":"product-type-variable","27":"has-default-attributes"},"tiered_pricing_type":"percentage","tiered_pricing_fixed_rules":[],"tiered_pricing_product_settings":{"layout":"default","base_unit_name":{"singular":null,"plural":null},"default_variation":null},"tiered_pricing_minimum_quantity":10,"tiered_pricing_roles_data":[],"tiered_pricing_percentage_rules":{"30":"29","50":"35","100":"40","200":"44","500":"47","1000":"49"},"tiered_pricing_maximum_quantity":null,"tiered_pricing_quantity_step":"10","_links":{"self":[{"href":"https:\/\/agoravape.com\/hu\/wp-json\/wp\/v2\/product\/13830","targetHints":{"allow":["GET"]}}],"collection":[{"href":"https:\/\/agoravape.com\/hu\/wp-json\/wp\/v2\/product"}],"about":[{"href":"https:\/\/agoravape.com\/hu\/wp-json\/wp\/v2\/types\/product"}],"replies":[{"embeddable":true,"href":"https:\/\/agoravape.com\/hu\/wp-json\/wp\/v2\/comments?post=13830"}],"version-history":[{"count":0,"href":"https:\/\/agoravape.com\/hu\/wp-json\/wp\/v2\/product\/13830\/revisions"}],"wp:featuredmedia":[{"embeddable":true,"href":"https:\/\/agoravape.com\/hu\/wp-json\/wp\/v2\/media\/13857"}],"wp:attachment":[{"href":"https:\/\/agoravape.com\/hu\/wp-json\/wp\/v2\/media?parent=13830"}],"wp:term":[{"taxonomy":"product_brand","embeddable":true,"href":"https:\/\/agoravape.com\/hu\/wp-json\/wp\/v2\/product_brand?post=13830"},{"taxonomy":"product_cat","embeddable":true,"href":"https:\/\/agoravape.com\/hu\/wp-json\/wp\/v2\/product_cat?post=13830"},{"taxonomy":"product_tag","embeddable":true,"href":"https:\/\/agoravape.com\/hu\/wp-json\/wp\/v2\/product_tag?post=13830"}],"curies":[{"name":"wp","href":"https:\/\/api.w.org\/{rel}","templated":true}]}}