{"id":13921,"date":"2025-10-12T12:58:30","date_gmt":"2025-10-12T04:58:30","guid":{"rendered":"https:\/\/green-grasshopper-921422.hostingersite.com\/?post_type=product&#038;p=13921"},"modified":"2026-01-30T17:31:05","modified_gmt":"2026-01-30T09:31:05","slug":"airmez-fox-4-az-1-ben-quad-aroma-vape","status":"publish","type":"product","link":"https:\/\/agoravape.com\/hu\/product\/airmez-fox-4-in-1-quad-flavor-vape\/","title":{"rendered":"Airmez Fox 4 az 1-ben n\u00e9gy \u00edz\u0171 eldobhat\u00f3 vape | N\u00e9gy \u00edz, egy eszk\u00f6z"},"content":{"rendered":"<h2 data-v-md-heading=\"what-exactly-is-the-airmez-fox-four-in-one-four-flavored-disposable-vape\" data-v-md-line=\"3\"><img loading=\"lazy\" decoding=\"async\" class=\"aligncenter size-full wp-image-13947\" src=\"https:\/\/agoravape.com\/wp-content\/uploads\/2025\/10\/Airmez-Fox-4-in-1-Quad-Flavor-Disposable-Vape_Agora_vape-11.webp\" alt=\"\" width=\"2480\" height=\"2480\" srcset=\"https:\/\/agoravape.com\/wp-content\/uploads\/2025\/10\/Airmez-Fox-4-in-1-Quad-Flavor-Disposable-Vape_Agora_vape-11.webp 2480w, https:\/\/agoravape.com\/wp-content\/uploads\/2025\/10\/Airmez-Fox-4-in-1-Quad-Flavor-Disposable-Vape_Agora_vape-11-600x600.webp 600w, https:\/\/agoravape.com\/wp-content\/uploads\/2025\/10\/Airmez-Fox-4-in-1-Quad-Flavor-Disposable-Vape_Agora_vape-11-1200x1200.webp 1200w, https:\/\/agoravape.com\/wp-content\/uploads\/2025\/10\/Airmez-Fox-4-in-1-Quad-Flavor-Disposable-Vape_Agora_vape-11-300x300.webp 300w, https:\/\/agoravape.com\/wp-content\/uploads\/2025\/10\/Airmez-Fox-4-in-1-Quad-Flavor-Disposable-Vape_Agora_vape-11-1024x1024.webp 1024w, https:\/\/agoravape.com\/wp-content\/uploads\/2025\/10\/Airmez-Fox-4-in-1-Quad-Flavor-Disposable-Vape_Agora_vape-11-150x150.webp 150w, https:\/\/agoravape.com\/wp-content\/uploads\/2025\/10\/Airmez-Fox-4-in-1-Quad-Flavor-Disposable-Vape_Agora_vape-11-768x768.webp 768w, https:\/\/agoravape.com\/wp-content\/uploads\/2025\/10\/Airmez-Fox-4-in-1-Quad-Flavor-Disposable-Vape_Agora_vape-11-1536x1536.webp 1536w, https:\/\/agoravape.com\/wp-content\/uploads\/2025\/10\/Airmez-Fox-4-in-1-Quad-Flavor-Disposable-Vape_Agora_vape-11-2048x2048.webp 2048w\" sizes=\"auto, (max-width: 2480px) 100vw, 2480px\" \/><\/h2>\n<h2 data-v-md-heading=\"what-exactly-is-the-airmez-fox-four-in-one-four-flavored-disposable-vape\" data-v-md-line=\"3\">Pontosan mi is az Airmez Fox n\u00e9gy az egyben n\u00e9gy \u00edzes\u00edtett eldobhat\u00f3 vape?<\/h2>\n<p data-v-md-line=\"4\">Ha szereted a v\u00e1ltozatoss\u00e1got, akkor biztosan nem akarsz n\u00e9gy k\u00fcl\u00f6nb\u00f6z\u0151 vape-t magaddal hordani. Az Airmez Fox n\u00e9gy k\u00fcl\u00f6nb\u00f6z\u0151 \u00edzt integr\u00e1l egy \u00fajrat\u00f6lthet\u0151, eldobhat\u00f3 vape-be, \u00edgy k\u00f6nnyen v\u00e1lthatsz k\u00f6z\u00f6tt\u00fck. Minden \u00edzes\u00edt\u0151 rekesz 15 milliliteres, \u00f6sszesen 60 milliliteres, ami elegend\u0151 az \u00edzl\u00e9sed kiel\u00e9g\u00edt\u00e9s\u00e9re.<\/p>\n<p data-v-md-line=\"6\">Ha k\u00f6nnyed\u00e9n szeretne \u00edzeket v\u00e1ltani, \u00e9s stabil teljes\u00edtm\u00e9nyt el\u00e9rni an\u00e9lk\u00fcl, hogy a be\u00e1ll\u00edt\u00e1sokkal kellene foglalkoznia, akkor ez a term\u00e9k az ide\u00e1lis v\u00e1laszt\u00e1s. H\u00e1l\u00f3s tekercs\u00e9nek k\u00f6sz\u00f6nhet\u0151en az \u00edz tiszta \u00e9s k\u00f6vetkezetes marad az els\u0151 haszn\u00e1latt\u00f3l az utols\u00f3ig.<\/p>\n<h2 data-v-md-heading=\"excellent-performance-no-need-for-complex-operations\" data-v-md-line=\"8\">Kiv\u00e1l\u00f3 teljes\u00edtm\u00e9ny, nincs sz\u00fcks\u00e9g bonyolult m\u0171veletekre<\/h2>\n<p data-v-md-line=\"9\">A h\u00e1l\u00f3s tekercs egyenletesen melegszik fel, \u00edgy friss\u00edt\u0151 \u00e9s kiegyens\u00falyozott \u00edzt biztos\u00edt. Nem lesz hirtelen akkumul\u00e1tor-t\u00f6lt\u00f6tts\u00e9g cs\u00f6kken\u00e9s, ami unalmas \u00e9rz\u00e9st okozhatna az utols\u00f3 n\u00e9h\u00e1ny haszn\u00e1lat sor\u00e1n. Ha az akkumul\u00e1tor lemer\u00fclt, a Type-C csatlakoz\u00f3n kereszt\u00fcl is felt\u00f6ltheted. Ehhez csak haszn\u00e1ld a megl\u00e9v\u0151 USB-C k\u00e1beledet.<\/p>\n<h2 data-v-md-heading=\"specification-overview\" data-v-md-line=\"11\">Specifik\u00e1ci\u00f3 \u00e1ttekint\u00e9se<\/h2>\n<ul data-v-md-line=\"12\">\n<li>Sz\u00edv\u00e1si frekvencia: A gy\u00e1rt\u00f3 nincs megadva. Koncentr\u00e1lj a 60 milliliteres nagy kapacit\u00e1sra.<\/li>\n<li>Nikotintartalom: A gy\u00e1rt\u00f3 nincs megadva. Tekintse meg a piacon el\u00e9rhet\u0151 el\u0151ny\u00f6ket.<\/li>\n<li>M\u0171k\u00f6d\u00e9si elv: Egyszer\u0171 sz\u00edv\u00f3rendszer<\/li>\n<li>Charging: Standard Type-C USB interface<\/li>\n<li>Akkumul\u00e1tor: 650mAh<\/li>\n<li>Tekercs: H\u00e1l\u00f3s tekercs<\/li>\n<li>E-folyad\u00e9k kapacit\u00e1sa: 15ml x 4 patron (\u00f6sszesen 60ml)<\/li>\n<li>\u00c1llapot: Kicsomagol\u00e1s ut\u00e1n haszn\u00e1latra k\u00e9sz<\/li>\n<li>Cikksz\u00e1m\uff1aAirmez-FOX-4IN1<\/li>\n<\/ul>\n<h2 data-v-md-heading=\"full-flavor-series\" data-v-md-line=\"22\">Teljes \u00edz\u0171 sorozat<\/h2>\n<ul data-v-md-line=\"23\">\n<li>1. szett: Eper M\u00e1lna \u2022 Eper Kiwi \u2022 Eperfagylalt \u2022 \u0150szibarack Mang\u00f3 G\u00f6r\u00f6gdinnye<\/li>\n<li>2. szett: G\u00f6r\u00f6gdinnye j\u00e9g \u2022 Eper G\u00f6r\u00f6gdinnye \u2022 M\u00e1lna G\u00f6r\u00f6gdinnye \u2022 \u00c1fonya M\u00e1lna<\/li>\n<li>3. szett: R\u00f3zsasz\u00edn limon\u00e1d\u00e9 \u2022 Szenved\u00e9lyes cs\u00f3k \u2022 Vegyes bogy\u00f3s gy\u00fcm\u00f6lcs\u00f6k \u2022 H\u00e1rom bogy\u00f3s gy\u00fcm\u00f6lcs<\/li>\n<li>4. szett: Cseresznye \u2022 Love 66 \u2022 Bogy\u00f3s citromos v\u00edz \u2022 Sz\u0151l\u0151fagylalt<\/li>\n<li>5. szett: Mang\u00f3 \u0150szibarack \u2022 Tr\u00f3pusi gy\u00fcm\u00f6lcs \u2022 \u0150szibarackfagylalt \u2022 Savany\u00fa Mang\u00f3 Anan\u00e1sz<\/li>\n<li>6. szett: Sz\u0151l\u0151fagylalt \u2022 Love 66 \u2022 J\u00e9g\u00e1fonya \u2022 S\u00e1rk\u00e1nygy\u00fcm\u00f6lcsfagylalt<\/li>\n<li>7. szett: Love 66 \u2022 Cseresznye \u2022 J\u00e9g\u00e1fonya \u2022 Kivi \u2022 Maracuja Guava<\/li>\n<li>8. szett: \u0150szibarackfagylalt \u2022 R\u00f3zsasz\u00edn citromv\u00edz \u2022 G\u00f6r\u00f6gdinnyefagylalt \u2022 Dr. Blue<\/li>\n<li>9. szett: V\u00f6r\u00f6s Mojito \u2022 Love 66 \u2022 Vegyes bogy\u00f3s gy\u00fcm\u00f6lcs\u00f6k \u2022 Eper-g\u00f6r\u00f6gdinnye<\/li>\n<li>10. szett: \u0150szibarack, Mang\u00f3, G\u00f6r\u00f6gdinnye, \u00c1fonya, Cseresznye, G\u00f6r\u00f6gdinnye, S\u00e1rk\u00e1nygy\u00fcm\u00f6lcs, Maracuja Cs\u00f3k<\/li>\n<\/ul>\n<h2 data-v-md-heading=\"for-you-for-your-business\" data-v-md-line=\"34\">\u00d6nnek, az \u00d6n v\u00e1llalkoz\u00e1s\u00e1nak<\/h2>\n<p data-v-md-line=\"35\">Az Airmez Foxot v\u00e1laszthatja szem\u00e9lyes haszn\u00e1latra, vagy hozz\u00e1adhatja az \u00fczlet\u00e9hez. Minden egyes display doboz 10 darabos csomagol\u00e1sban kaphat\u00f3, \u00edgy a term\u00e9kkihelyez\u00e9s \u00e1ttekinthet\u0151 \u00e9s \u00e1ttekinthet\u0151. A f\u0151 kartondoboz 100 darab befogad\u00e1s\u00e1ra alkalmas, m\u00e9retei 518 \u00d7 273 \u00d7 267 millim\u00e9ter, brutt\u00f3 s\u00falya pedig 14 kilogramm. \u00cdgy a polcter\u00fclet \u00e9s a rakt\u00e1rlogisztika megtervez\u00e9se nagyon egyszer\u0171.<\/p>\n<p data-v-md-line=\"37\">Megb\u00edzhat\u00f3 partnerekkel, p\u00e9ld\u00e1ul a UPS-szel, a DPD-vel \u00e9s a DHL-lel m\u0171k\u00f6d\u00fcnk egy\u00fctt, hogy DDP k\u00e9zbes\u00edt\u00e9si szolg\u00e1ltat\u00e1sokat ny\u00fajtsunk Eur\u00f3pa-szerte. Ez azt jelenti, hogy a v\u00e1mtarif\u00e1kat el\u0151re fizetj\u00fck, hogy elker\u00fclj\u00fck a v\u00e1ratlan v\u00e1mint\u00e9zked\u00e9seket.<\/p>\n<h2 data-v-md-heading=\"why-do-you-like-it\" data-v-md-line=\"39\">Mi\u00e9rt tetszik?<\/h2>\n<ul data-v-md-line=\"40\">\n<li>Nagy kapacit\u00e1s: 60 ml teljes kapacit\u00e1s, hosszabb akkumul\u00e1tor-\u00fczemid\u0151, nem kell n\u00e9h\u00e1ny naponta cser\u00e9lni<\/li>\n<li>Nikotinv\u00e1laszt\u00e1s: Az e-liquid koncentr\u00e1ci\u00f3ja piaconk\u00e9nt elt\u00e9r\u0151, \u00edgy kiv\u00e1laszthatja a megfelel\u0151 nikotint.<\/li>\n<li>\u00dajrat\u00f6lthet\u0151: A C t\u00edpus\u00fa t\u00f6lt\u00e9s lehet\u0151v\u00e9 teszi az e-folyad\u00e9k minden cseppj\u00e9nek teljes kihaszn\u00e1l\u00e1s\u00e1t<\/li>\n<li>H\u00e1l\u00f3s tekercs: Egyenletes \u00edz \u00e9s sima sz\u00edv\u00e1s\u00e9lm\u00e9ny<\/li>\n<\/ul>\n<h2 data-v-md-heading=\"why-collaborate-with-agoravape\" data-v-md-line=\"45\">Mi\u00e9rt \u00e9rdemes az AgoraVape-pel egy\u00fcttm\u0171k\u00f6dni?<\/h2>\n<p data-v-md-line=\"46\">Kiz\u00e1r\u00f3lag eredeti term\u00e9keket forgalmazunk, \u00e9s erre garanci\u00e1t is v\u00e1llalunk. Ha nagykereskedelmi \u00e1ron v\u00e1s\u00e1rol Airmez Fox n\u00e9gy az egyben n\u00e9gy \u00edzes\u00edtett eldobhat\u00f3 vape-eket, kedvezm\u00e9nyes \u00e1rakat, megb\u00edzhat\u00f3 \u00fcgyf\u00e9lszolg\u00e1latot, valamint gyors \u00e9s megb\u00edzhat\u00f3 DDP kisz\u00e1ll\u00edt\u00e1si szolg\u00e1ltat\u00e1st kap. K\u00e9rj\u00fck, vegye fel a kapcsolatot csapatunkkal, hogy olyan term\u00e9keket foglaljon le, amelyekhez val\u00f3ban \u00e9rdemes visszat\u00e9rni \u00fcgyfeleinek.<\/p>","protected":false},"excerpt":{"rendered":"<p>&nbsp;<\/p>\n<p><script src=\"chrome-extension:\/\/fpelahbljekknahkcaegamhcndkfpfnc\/iFrame.js\" type=\"text\/javascript\"><\/script><\/p>\n<p><script src=\"chrome-extension:\/\/fpelahbljekknahkcaegamhcndkfpfnc\/iFrame.js\" type=\"text\/javascript\"><\/script><\/p>\n<p><script src=\"chrome-extension:\/\/fpelahbljekknahkcaegamhcndkfpfnc\/iFrame.js\" type=\"text\/javascript\"><\/script><\/p>","protected":false},"featured_media":13946,"comment_status":"open","ping_status":"closed","template":"","meta":[],"product_brand":[210],"product_cat":[124,185,137,176,195,174,175,193,191,173,186,180,190],"product_tag":[],"class_list":{"0":"post-13921","1":"product","2":"type-product","3":"status-publish","4":"has-post-thumbnail","6":"product_brand-airmez","7":"product_cat-vape-by-brand","8":"product_cat-10000-puffs-high-capacity","9":"product_cat-airmez","10":"product_cat-beverage","11":"product_cat-dual-flavor-switch","12":"product_cat-fruit-flavors","13":"product_cat-icy-mint","14":"product_cat-mesh-coil","15":"product_cat-rechargeable-disposables","16":"product_cat-vape-by-flavor-profile","17":"product_cat-vape-by-nicotine-strength","18":"product_cat-vape-by-puff-count","19":"product_cat-vape-by-feature-or-type","21":"first","22":"instock","23":"shipping-taxable","24":"purchasable","25":"product-type-variable","26":"has-default-attributes"},"tiered_pricing_type":"percentage","tiered_pricing_fixed_rules":[],"tiered_pricing_product_settings":{"layout":"default","base_unit_name":{"singular":null,"plural":null},"default_variation":null},"tiered_pricing_minimum_quantity":10,"tiered_pricing_roles_data":[],"tiered_pricing_percentage_rules":{"30":"29","50":"35","100":"40","200":"44","500":"47","1000":"49"},"tiered_pricing_maximum_quantity":null,"tiered_pricing_quantity_step":"10","_links":{"self":[{"href":"https:\/\/agoravape.com\/hu\/wp-json\/wp\/v2\/product\/13921","targetHints":{"allow":["GET"]}}],"collection":[{"href":"https:\/\/agoravape.com\/hu\/wp-json\/wp\/v2\/product"}],"about":[{"href":"https:\/\/agoravape.com\/hu\/wp-json\/wp\/v2\/types\/product"}],"replies":[{"embeddable":true,"href":"https:\/\/agoravape.com\/hu\/wp-json\/wp\/v2\/comments?post=13921"}],"version-history":[{"count":0,"href":"https:\/\/agoravape.com\/hu\/wp-json\/wp\/v2\/product\/13921\/revisions"}],"wp:featuredmedia":[{"embeddable":true,"href":"https:\/\/agoravape.com\/hu\/wp-json\/wp\/v2\/media\/13946"}],"wp:attachment":[{"href":"https:\/\/agoravape.com\/hu\/wp-json\/wp\/v2\/media?parent=13921"}],"wp:term":[{"taxonomy":"product_brand","embeddable":true,"href":"https:\/\/agoravape.com\/hu\/wp-json\/wp\/v2\/product_brand?post=13921"},{"taxonomy":"product_cat","embeddable":true,"href":"https:\/\/agoravape.com\/hu\/wp-json\/wp\/v2\/product_cat?post=13921"},{"taxonomy":"product_tag","embeddable":true,"href":"https:\/\/agoravape.com\/hu\/wp-json\/wp\/v2\/product_tag?post=13921"}],"curies":[{"name":"wp","href":"https:\/\/api.w.org\/{rel}","templated":true}]}}