{"id":13964,"date":"2025-10-12T13:12:53","date_gmt":"2025-10-12T05:12:53","guid":{"rendered":"https:\/\/green-grasshopper-921422.hostingersite.com\/?post_type=product&#038;p=13964"},"modified":"2026-03-14T16:22:21","modified_gmt":"2026-03-14T15:22:21","slug":"airmez-fox-2-az-1-ben-kettos-izu-vape","status":"publish","type":"product","link":"https:\/\/agoravape.com\/hu\/product\/airmez-fox-2-in-1-dual-flavor-vape\/","title":{"rendered":"Airmez Fox 2 az 1-ben kett\u0151s \u00edz\u0171 eldobhat\u00f3 vape | K\u00e9t \u00edz csapr\u00f3l, nagy kapacit\u00e1s, egyszer\u0171 \u00fajrat\u00f6lt\u00e9s"},"content":{"rendered":"<h2 data-v-md-heading=\"what-is-the-charm-of-airmez-fox-2-in-1-dual-flavored-disposable-vapes\" data-v-md-line=\"3\"><img loading=\"lazy\" decoding=\"async\" class=\"aligncenter size-full wp-image-13961\" src=\"https:\/\/agoravape.com\/wp-content\/uploads\/2025\/10\/Airmez-Fox-2-in-1-Dual-Flavor-Disposable-Vape_Agora_vape-2.webp\" alt=\"\" width=\"2480\" height=\"2480\" srcset=\"https:\/\/agoravape.com\/wp-content\/uploads\/2025\/10\/Airmez-Fox-2-in-1-Dual-Flavor-Disposable-Vape_Agora_vape-2.webp 2480w, https:\/\/agoravape.com\/wp-content\/uploads\/2025\/10\/Airmez-Fox-2-in-1-Dual-Flavor-Disposable-Vape_Agora_vape-2-600x600.webp 600w, https:\/\/agoravape.com\/wp-content\/uploads\/2025\/10\/Airmez-Fox-2-in-1-Dual-Flavor-Disposable-Vape_Agora_vape-2-1200x1200.webp 1200w, https:\/\/agoravape.com\/wp-content\/uploads\/2025\/10\/Airmez-Fox-2-in-1-Dual-Flavor-Disposable-Vape_Agora_vape-2-300x300.webp 300w, https:\/\/agoravape.com\/wp-content\/uploads\/2025\/10\/Airmez-Fox-2-in-1-Dual-Flavor-Disposable-Vape_Agora_vape-2-1024x1024.webp 1024w, https:\/\/agoravape.com\/wp-content\/uploads\/2025\/10\/Airmez-Fox-2-in-1-Dual-Flavor-Disposable-Vape_Agora_vape-2-150x150.webp 150w, https:\/\/agoravape.com\/wp-content\/uploads\/2025\/10\/Airmez-Fox-2-in-1-Dual-Flavor-Disposable-Vape_Agora_vape-2-768x768.webp 768w, https:\/\/agoravape.com\/wp-content\/uploads\/2025\/10\/Airmez-Fox-2-in-1-Dual-Flavor-Disposable-Vape_Agora_vape-2-1536x1536.webp 1536w, https:\/\/agoravape.com\/wp-content\/uploads\/2025\/10\/Airmez-Fox-2-in-1-Dual-Flavor-Disposable-Vape_Agora_vape-2-2048x2048.webp 2048w\" sizes=\"auto, (max-width: 2480px) 100vw, 2480px\" \/><\/h2>\n<h2 data-v-md-heading=\"what-is-the-charm-of-airmez-fox-2-in-1-dual-flavored-disposable-vapes\" data-v-md-line=\"3\">What is the charm of Airmez Fox 2-in-1 dual flavored disposable vapes?<\/h2>\n<p data-v-md-line=\"4\">If you don\u2019t want to get tired of a single flavor halfway through the day, you will definitely love this product. Airmez Fox integrates two completely different flavors into a rechargeable disposable vape, allowing you to easily switch flavors without changing devices. It is designed for easy daily use, with long-lasting e-liquid and a smooth and consistent taste.<\/p>\n<p data-v-md-line=\"6\">If you pursue convenience and multiple choices, it is the ideal choice. No need to inject oil, no need to replace the coil. Just choose your favorite flavor combination to use.<\/p>\n<h2 data-v-md-heading=\"excellent-performance-worry-free\" data-v-md-line=\"8\">Kiv\u00e1l\u00f3 teljes\u00edtm\u00e9ny, gondtalan<\/h2>\n<p data-v-md-line=\"9\">The core of Fox is a mesh coil, so each opening is clean and full like the first opening. This device can be charged through the Type-C interface, so you can use all the e-liquids inside. When the battery is low, you can use the same data cable as your phone to charge it. It\u2019s simple.<\/p>\n<h2 data-v-md-heading=\"specification-introduction\" data-v-md-line=\"11\">Specifik\u00e1ci\u00f3 Bevezet\u00e9s<\/h2>\n<ul data-v-md-line=\"12\">\n<li>E-liquid capacity: 15 milliliters for each flavor (30 milliliters in total)<\/li>\n<li>Tekercs: H\u00e1l\u00f3s tekercs<\/li>\n<li>Battery: 650mAh rechargeable battery<\/li>\n<li>Suction frequency: The manufacturer has not officially announced it<\/li>\n<li>Nicotine content: varies by market; Contact us to learn about options that comply with EU standards<\/li>\n<li>M\u0171k\u00f6d\u00e9si elv: Bel\u00e9gz\u00e9ssel aktiv\u00e1l\u00f3dik<\/li>\n<li>Charging: Type-C USB port<\/li>\n<li>\u00c1llapot: Kicsomagol\u00e1s ut\u00e1n azonnal haszn\u00e1lhat\u00f3<\/li>\n<li>Packaging: 10 pieces per display box, 200 pieces per outer box<\/li>\n<\/ul>\n<h2 data-v-md-heading=\"full-flavor-series\" data-v-md-line=\"22\">Teljes \u00edz\u0171 sorozat<\/h2>\n<ul data-v-md-line=\"23\">\n<li>Strawberry Watermelon&amp;Strawberry Raspberry<\/li>\n<li>Blueberry Lemon Water&amp;Blueberries<\/li>\n<li>Iced Blueberries&amp;Blueberries Raspberry<\/li>\n<li>Strawberry kiwi&amp;strawberry ice<\/li>\n<li>Watermelon Ice&amp;Raspberry Watermelon<\/li>\n<li>Berry Lemon Water&amp;Lemon Lime<\/li>\n<li>Tropical Fruits&amp;Love 66<\/li>\n<li>Peach Ice&amp;Mango Peach<\/li>\n<li>Mixed Berry&amp;Blue Doctor<\/li>\n<li>Grape Ice&amp;Black Ice<\/li>\n<\/ul>\n<h2 data-v-md-heading=\"for-you-and-your-business\" data-v-md-line=\"34\">\u00d6nnek \u00e9s v\u00e1llalkoz\u00e1s\u00e1nak<\/h2>\n<p data-v-md-line=\"35\">Buying for oneself is very simple. Choose your favorite flavor combination and enjoy the additional battery life and convenient charging brought by the 30ml large capacity.<\/p>\n<p data-v-md-line=\"37\">Fizikai vagy online \u00e1ruh\u00e1zakat \u00fczemeltet. Nagykereskedelmi k\u00e9nyelmet biztos\u00edt\u00f3 Airmez Fox 2 az 1-ben vape-ek kaphat\u00f3k n\u00e1lunk. Rendelhet 10 darabos ki\u00e1ll\u00edtott dobozt vagy 200 darabos k\u00fcls\u0151 dobozt a hat\u00e9kony ut\u00e1np\u00f3tl\u00e1s \u00e9rdek\u00e9ben. Olyan partnerekkel m\u0171k\u00f6d\u00fcnk egy\u00fctt, mint a UPS, a DPD \u00e9s a DHL, hogy gyors \u00e9s ad\u00f3mentes DDP sz\u00e1ll\u00edt\u00e1si szolg\u00e1ltat\u00e1sokat ny\u00fajtsunk Eur\u00f3pa-szerte, elker\u00fclve a baleseteket a v\u00e1mellen\u0151rz\u00e9sek sor\u00e1n.<\/p>\n<h2 data-v-md-heading=\"why-do-you-like-it\" data-v-md-line=\"39\">Mi\u00e9rt tetszik?<\/h2>\n<ul data-v-md-line=\"40\">\n<li>Megfelel\u0151 e-folyad\u00e9k: 15 milliliter oldalank\u00e9nt, hosszabb akkumul\u00e1tor-\u00fczemid\u0151, nincs sz\u00fcks\u00e9g gyakori eszk\u00f6zcser\u00e9re<\/li>\n<li>K\u00e9t \u00edz egyben: nem kell m\u00e1sodik vape-t vinni az \u00edzek v\u00e1lt\u00e1sakor<\/li>\n<li>\u00dajrat\u00f6lthet\u0151, k\u00e9nyelmes \u00e9s gyors: Teljes felt\u00f6lt\u00e9s ut\u00e1n az e-folyad\u00e9k minden cseppje felhaszn\u00e1lhat\u00f3<\/li>\n<li>H\u00e1l\u00f3s tekercs, hosszan tart\u00f3 \u00edz: az els\u0151 falatt\u00f3l az utols\u00f3 falatig az \u00edze sima \u00e9s kiel\u00e9g\u00edt\u0151<\/li>\n<li>Type-C Charging: Using a universal data cable makes everything simple<\/li>\n<\/ul>\n<h2 data-v-md-heading=\"why-choose-to-collaborate-with-agoravape\" data-v-md-line=\"46\">Mi\u00e9rt \u00e9rdemes az AgoraVape-pel egy\u00fcttm\u0171k\u00f6dni?<\/h2>\n<p data-v-md-line=\"47\">Kiz\u00e1r\u00f3lag 100%-ban eredeti term\u00e9keket forgalmazunk, \u00e9s felel\u0151ss\u00e9get v\u00e1llalunk az \u00e1ltalunk \u00e9rt\u00e9kes\u00edtett term\u00e9kek\u00e9rt. Kereskedelmi \u00fcgyfeleink kedvezm\u00e9nyes nagykereskedelmi \u00e1rakat, gyors reag\u00e1l\u00e1s\u00fa \u00fcgyf\u00e9lszolg\u00e1latot \u00e9s gyors DDP kisz\u00e1ll\u00edt\u00e1si szolg\u00e1ltat\u00e1sokat \u00e9lvezhetnek az Airmez Fox 2 az 1-ben kett\u0151s \u00edzes\u00edt\u00e9s\u0171, eldobhat\u00f3 vape-ek eset\u00e9ben. \u00dcdv\u00f6z\u00f6lj\u00fck, ha megbesz\u00e9lj\u00fck az \u00edzt, a megfelel\u0151s\u00e9get \u00e9s a k\u00e9szlettervez\u00e9st, hogy olyan eszk\u00f6zt biztos\u00edthassunk, amely val\u00f3ban arra \u00f6szt\u00f6nzi az \u00fcgyfeleket, hogy visszat\u00e9rjenek v\u00e1s\u00e1rolni.<\/p>","protected":false},"excerpt":{"rendered":"<p>&nbsp;<\/p>\n<p><script src=\"chrome-extension:\/\/fpelahbljekknahkcaegamhcndkfpfnc\/iFrame.js\" type=\"text\/javascript\"><\/script><\/p>\n<p><script src=\"chrome-extension:\/\/fpelahbljekknahkcaegamhcndkfpfnc\/iFrame.js\" type=\"text\/javascript\"><\/script><\/p>\n<p><script src=\"chrome-extension:\/\/fpelahbljekknahkcaegamhcndkfpfnc\/iFrame.js\" type=\"text\/javascript\"><\/script><\/p>","protected":false},"featured_media":13982,"comment_status":"open","ping_status":"closed","template":"","meta":[],"product_brand":[210],"product_cat":[124,185,137,195,1674,174,175,193,191,179,173,186,180,190],"product_tag":[],"class_list":{"0":"post-13964","1":"product","2":"type-product","3":"status-publish","4":"has-post-thumbnail","6":"product_brand-airmez","7":"product_cat-vape-by-brand","8":"product_cat-10000-puffs-high-capacity","9":"product_cat-airmez","10":"product_cat-dual-flavor-switch","11":"product_cat-eu-warehouse","12":"product_cat-fruit-flavors","13":"product_cat-icy-mint","14":"product_cat-mesh-coil","15":"product_cat-rechargeable-disposables","16":"product_cat-unique-blends","17":"product_cat-vape-by-flavor-profile","18":"product_cat-vape-by-nicotine-strength","19":"product_cat-vape-by-puff-count","20":"product_cat-vape-by-feature-or-type","22":"first","23":"instock","24":"shipping-taxable","25":"purchasable","26":"product-type-variable","27":"has-default-attributes"},"tiered_pricing_type":"percentage","tiered_pricing_fixed_rules":[],"tiered_pricing_product_settings":{"layout":"default","base_unit_name":{"singular":null,"plural":null},"default_variation":null},"tiered_pricing_minimum_quantity":10,"tiered_pricing_roles_data":[],"tiered_pricing_percentage_rules":{"30":"29","50":"35","100":"40","200":"44","500":"47","1000":"49"},"tiered_pricing_maximum_quantity":null,"tiered_pricing_quantity_step":"10","_links":{"self":[{"href":"https:\/\/agoravape.com\/hu\/wp-json\/wp\/v2\/product\/13964","targetHints":{"allow":["GET"]}}],"collection":[{"href":"https:\/\/agoravape.com\/hu\/wp-json\/wp\/v2\/product"}],"about":[{"href":"https:\/\/agoravape.com\/hu\/wp-json\/wp\/v2\/types\/product"}],"replies":[{"embeddable":true,"href":"https:\/\/agoravape.com\/hu\/wp-json\/wp\/v2\/comments?post=13964"}],"version-history":[{"count":0,"href":"https:\/\/agoravape.com\/hu\/wp-json\/wp\/v2\/product\/13964\/revisions"}],"wp:featuredmedia":[{"embeddable":true,"href":"https:\/\/agoravape.com\/hu\/wp-json\/wp\/v2\/media\/13982"}],"wp:attachment":[{"href":"https:\/\/agoravape.com\/hu\/wp-json\/wp\/v2\/media?parent=13964"}],"wp:term":[{"taxonomy":"product_brand","embeddable":true,"href":"https:\/\/agoravape.com\/hu\/wp-json\/wp\/v2\/product_brand?post=13964"},{"taxonomy":"product_cat","embeddable":true,"href":"https:\/\/agoravape.com\/hu\/wp-json\/wp\/v2\/product_cat?post=13964"},{"taxonomy":"product_tag","embeddable":true,"href":"https:\/\/agoravape.com\/hu\/wp-json\/wp\/v2\/product_tag?post=13964"}],"curies":[{"name":"wp","href":"https:\/\/api.w.org\/{rel}","templated":true}]}}