{"id":13996,"date":"2025-10-12T13:27:58","date_gmt":"2025-10-12T05:27:58","guid":{"rendered":"https:\/\/green-grasshopper-921422.hostingersite.com\/?post_type=product&#038;p=13996"},"modified":"2026-01-19T22:07:00","modified_gmt":"2026-01-19T14:07:00","slug":"fumud-12k-puffs-teljesitmenyjelzo-vape","status":"publish","type":"product","link":"https:\/\/agoravape.com\/hu\/product\/fumud-12k-puffs-power-indicator-vape\/","title":{"rendered":"Fumud 12K Puffs Eldobhat\u00f3 Vape Bekapcsol\u00e1sjelz\u0151vel | Hosszantart\u00f3 \u00cdz Egyszer\u0171en"},"content":{"rendered":"<h2 data-v-md-heading=\"what-about-the-fumud-12k-disposable-vape-with-battery-indicator-light\" data-v-md-line=\"3\">Mi a helyzet a Fumud 12K eldobhat\u00f3 vape akkumul\u00e1torjelz\u0151 l\u00e1mp\u00e1val?<\/h2>\n<p data-v-md-line=\"4\">Ha belef\u00e1radt az eldobhat\u00f3 p\u00e1rologtat\u00f3kba, amelyek gyorsan fogyasztj\u00e1k az energi\u00e1t, akkor ezt a term\u00e9ket \u00e9rdemes megn\u00e9zni. A Fumud 12K ak\u00e1r 12000-szeres sz\u00edv\u00f3kapacit\u00e1ssal rendelkezik, \u00e9s az el\u00fcls\u0151 oldalon egy\u00e9rtelm\u0171 akkumul\u00e1tor \u00e9s e-folyad\u00e9k jelz\u0151f\u00e9nyekkel van ell\u00e1tva, \u00edgy b\u00e1rmikor t\u00e1j\u00e9koz\u00f3dhat az aktu\u00e1lis \u00e1llapotr\u00f3l. Nem kell tal\u00e1lgatni, \u00e9s nem lesz v\u00e1ratlan sz\u00e1raz sz\u00edv\u00e1s.<\/p>\n<p data-v-md-line=\"6\">Mindenki sz\u00e1m\u00e1ra alkalmas, aki megb\u00edzhat\u00f3, finom \u00e9s k\u00f6nnyed vape-t szeretne. Az aktiv\u00e1l\u00e1shoz l\u00e9legezzen be. T\u00f6lt\u00e9s Type-C interf\u00e9szen kereszt\u00fcl. Az els\u0151 harap\u00e1st\u00f3l az utols\u00f3 harap\u00e1sig \u00e9lvezheti a tiszta \u00edzt, amelyet a h\u00e1l\u00f3s tekercs hoz. Egyszer\u0171 \u00e9s k\u00f6nnyen \u00e9rthet\u0151.<\/p>\n<h2 data-v-md-heading=\"excellent-performance-without-any-complexity\" data-v-md-line=\"8\">Kiv\u00e1l\u00f3 teljes\u00edtm\u00e9ny bonyolults\u00e1g n\u00e9lk\u00fcl<\/h2>\n<p data-v-md-line=\"9\">A h\u00e1l\u00f3s tekercs a Fumud 12K magja. Ez\u00e9rt minden egyes falat egyenletes \u00e9s sima \u00edzt biztos\u00edt. Ha az akkumul\u00e1tor lemer\u00fcl, haszn\u00e1lhatja a Type-C adatk\u00e1belt, amely m\u00e1r esetleg megvan a csatlakoztat\u00e1shoz. A k\u00e9perny\u0151n l\u00e9v\u0151 akkumul\u00e1tor \u00e9s \u00fczemanyag jelz\u0151f\u00e9nyek jelzik, hogy mikor kell t\u00f6lteni, \u00e9s mikor alacsony az e-folyad\u00e9k szintje. Azt gondolhatja, hogy az eldobhat\u00f3 nagysz\u00e1j\u00fa cigarett\u00e1k probl\u00e9m\u00e1sak lehetnek, de ez a term\u00e9k nagyon egyszer\u0171 \u00e9s k\u00f6nnyen haszn\u00e1lhat\u00f3.<\/p>\n<h2 data-v-md-heading=\"specification-introduction\" data-v-md-line=\"11\">Specifik\u00e1ci\u00f3 Bevezet\u00e9s<\/h2>\n<ul data-v-md-line=\"12\">\n<li>Sz\u00edv\u00e1s gyakoris\u00e1ga: ak\u00e1r 12000-szer<\/li>\n<li>Nikotin tartalom: 2% (20 mg\/ml), megfelel a TPD szabv\u00e1nyoknak<\/li>\n<li>M\u0171k\u00f6d\u00e9si elv: Bel\u00e9gz\u00e9ssel aktiv\u00e1l\u00f3dik<\/li>\n<li>Charging: Standard Type-C USB interface<\/li>\n<li>\u00c1llapot: Kicsomagol\u00e1s ut\u00e1n azonnal haszn\u00e1lhat\u00f3<\/li>\n<li>E-folyad\u00e9k kapacit\u00e1sa: 20 milliliter<\/li>\n<li>Porlaszt\u00e1si mag: H\u00e1l\u00f3s porlaszt\u00e1si mag<\/li>\n<li>Akkumul\u00e1tor: 500mAh \u00fajrat\u00f6lthet\u0151 akkumul\u00e1tor<\/li>\n<li>Jelz\u0151f\u00e9nyek: k\u00e9perny\u0151 akkumul\u00e1tor szint \u00e9s e-folyad\u00e9k szintje<\/li>\n<li>Csomagol\u00e1s: 10 darab kijelz\u0151dobozonk\u00e9nt, 200 darab dobozonk\u00e9nt<\/li>\n<\/ul>\n<h2 data-v-md-heading=\"full-range-of-flavors\" data-v-md-line=\"23\">Full range of flavors<\/h2>\n<ul data-v-md-line=\"24\">\n<li>Eper \u00e9s g\u00f6r\u00f6gdinnye \u00edz\u0171<\/li>\n<li>\u00c1fony\u00e1s \u00e9s citromos v\u00edz \u00edz<\/li>\n<li>Kiwi, maracuja, guava \u00edz<\/li>\n<li>Jeges \u00e1fonya \u00edz\u0171<\/li>\n<li>Sz\u0151l\u0151fagyi \u00edz<\/li>\n<li>Cseresznye k\u00f3la \u00edz\u0171<\/li>\n<li>G\u00f6r\u00f6gdinnye j\u00e9g \u00edz\u0171<\/li>\n<li>Vegyes bogy\u00f3s \u00edz<\/li>\n<li>R\u00f3zsasz\u00edn citromos v\u00edz \u00edz<\/li>\n<li>Barack j\u00e9g \u00edz<\/li>\n<li>Fagylalt \u00edz<\/li>\n<li>Bogy\u00f3s gy\u00fcm\u00f6lcs\u00f6kkel \u00edzes\u00edtett citromos v\u00edz<\/li>\n<li>Eper \u00e9s ban\u00e1n<\/li>\n<li>Dr. Lan<\/li>\n<li>Cseresznye<\/li>\n<li>S\u00e1rk\u00e1nygy\u00fcm\u00f6lcs j\u00e9g<\/li>\n<li>Szerelem 66<\/li>\n<li>Eperfagylalt<\/li>\n<li>Fekete j\u00e9g<\/li>\n<li>Vimto<\/li>\n<\/ul>\n<p data-v-md-line=\"45\">Gyorsan tapasztalja meg az \u00edz\u00e9t. Az \u00e1fony\u00e1s citromos v\u00edz \u00e9des \u00e9s savanyk\u00e1s \u00edzt hoz. A g\u00f6r\u00f6gdinnye j\u00e9g frissen \u00e9s h\u0171v\u00f6sen tart, an\u00e9lk\u00fcl, hogy t\u00fal er\u0151s lenne. A vegyes bogy\u00f3s gy\u00fcm\u00f6lcs\u00f6k l\u00e9d\u00fas \u00e9s l\u00e1gy \u00edzt adnak.<\/p>\n<h2 data-v-md-heading=\"for-you-and-your-business\" data-v-md-line=\"47\">\u00d6nnek \u00e9s v\u00e1llalkoz\u00e1s\u00e1nak<\/h2>\n<p data-v-md-line=\"48\">Szem\u00e9lyes haszn\u00e1latra k\u00fcl\u00f6n megv\u00e1s\u00e1rolhat egy Fumud 12K eldobhat\u00f3 vape-t t\u00f6lt\u00e9sjelz\u0151vel. Ha \u00fczletet \u00fczemeltet, akkor v\u00e1s\u00e1rolhat 10-es kiszerel\u00e9s\u0171 vitrines dobozt vagy 200-as kartondobozt. Ad\u00f3k\u00f6teles sz\u00e1ll\u00edt\u00e1si szolg\u00e1ltat\u00e1st ny\u00fajtunk Eur\u00f3p\u00e1n bel\u00fcl megb\u00edzhat\u00f3 fuvaroz\u00f3kon kereszt\u00fcl, mint p\u00e9ld\u00e1ul a UPS, a DPD \u00e9s a DHL, biztos\u00edtva, hogy megrendel\u00e9se az ad\u00f3fizet\u00e9s ut\u00e1n meg\u00e9rkezzen, \u00e9s elker\u00fclje a v\u00e1mbaleseteket.<\/p>\n<p data-v-md-line=\"50\">Stabil \u00e1ruforgalomra van sz\u00fcks\u00e9g\u00fcnk. Seg\u00edt\u00fcnk megtervezni a felt\u00f6lt\u00e9st, \u00e9s folyamatosan friss\u00edtj\u00fck az \u00edzeket, hogy polcai frissek maradjanak.<\/p>\n<h2 data-v-md-heading=\"why-do-you-like-it\" data-v-md-line=\"52\">Mi\u00e9rt tetszik?<\/h2>\n<ul data-v-md-line=\"53\">\n<li>Nagy doh\u00e1nyz\u00e1si kapacit\u00e1s: hosszabb akkumul\u00e1tor-\u00e9lettartam, nem kell gyakran \u00faj patront v\u00e1s\u00e1rolni.<\/li>\n<li>Vil\u00e1gos akkumul\u00e1tor-jelz\u0151f\u00e9ny: tudatja \u00d6nnel, hogy mikor kell t\u00f6lteni, \u00e9s cs\u00f6kkenti az akkumul\u00e1tor lemer\u00fcl\u00e9s\u00e9nek kock\u00e1zat\u00e1t.<\/li>\n<li>\u00dajrat\u00f6lthet\u0151: Minden megv\u00e1s\u00e1rolt e-folyad\u00e9kot haszn\u00e1lhat.<\/li>\n<li>H\u00e1l\u00f3s tekercs: Minden alkalommal stabil \u00e9s gazdag \u00edzt hozhat.<\/li>\n<li>2% nikotin, amely megfelel a TPD szabv\u00e1nyoknak: Ez egy ismer\u0151s vonzer\u0151 a feln\u0151tt vape-felhaszn\u00e1l\u00f3k sz\u00e1m\u00e1ra, akik az er\u0151sebb torok\u00e9rzetet r\u00e9szes\u00edtik el\u0151nyben.<\/li>\n<\/ul>\n<h2 data-v-md-heading=\"why-choose-to-collaborate-with-agoravape\" data-v-md-line=\"59\">Mi\u00e9rt \u00e9rdemes az AgoraVape-pel egy\u00fcttm\u0171k\u00f6dni?<\/h2>\n<p data-v-md-line=\"60\">Kiz\u00e1r\u00f3lag eredeti 100% Fumud k\u00e9sz\u00fcl\u00e9keket forgalmazunk. \u00c9lvezheti a versenyk\u00e9pes nagykereskedelmi \u00e1rakat, az egyszer\u0171 felt\u00e9teleket \u00e9s a gyors reag\u00e1l\u00e1s\u00fa t\u00e1mogat\u00e1st. A megrendel\u00e9sek gyorsan sz\u00e1ll\u00edthat\u00f3ak a DDP-n kereszt\u00fcl a UPS, a DPD \u00e9s a DHL seg\u00edts\u00e9g\u00e9vel. Megfelel\u00fcnk az uni\u00f3s el\u0151\u00edr\u00e1soknak, bele\u00e9rtve a korellen\u0151rz\u00e9st \u00e9s a nikotinhat\u00e1r\u00e9rt\u00e9keket. A fizet\u00e9s biztons\u00e1gos \u00e9s megb\u00edzhat\u00f3, \u00e9s az \u00e1ru a teljes folyamat sor\u00e1n nyomon k\u00f6vethet\u0151. K\u00e9rj\u00fck, vegye fel a kapcsolatot csapatunkkal, a v\u00e1s\u00e1rl\u00f3 \u00fcgyfelei val\u00f3ban \u00e9rt\u00e9kelni fogj\u00e1k a term\u00e9ket.<\/p>","protected":false},"excerpt":{"rendered":"<p>&nbsp;<\/p>\n<p><script src=\"chrome-extension:\/\/fpelahbljekknahkcaegamhcndkfpfnc\/iFrame.js\" type=\"text\/javascript\"><\/script><\/p>\n<p><script src=\"chrome-extension:\/\/fpelahbljekknahkcaegamhcndkfpfnc\/iFrame.js\" type=\"text\/javascript\"><\/script><\/p>\n<p><script src=\"chrome-extension:\/\/fpelahbljekknahkcaegamhcndkfpfnc\/iFrame.js\" type=\"text\/javascript\"><\/script><\/p>","protected":false},"featured_media":14026,"comment_status":"open","ping_status":"closed","template":"","meta":[],"product_brand":[210],"product_cat":[124,185,189,137,176,177,174,175,193,191,179,173,186,180,190,192],"product_tag":[],"class_list":{"0":"post-13996","1":"product","2":"type-product","3":"status-publish","4":"has-post-thumbnail","6":"product_brand-airmez","7":"product_cat-vape-by-brand","8":"product_cat-10000-puffs-high-capacity","9":"product_cat-20mg-standard-nicotine-vapes","10":"product_cat-airmez","11":"product_cat-beverage","12":"product_cat-dessert-sweets","13":"product_cat-fruit-flavors","14":"product_cat-icy-mint","15":"product_cat-mesh-coil","16":"product_cat-rechargeable-disposables","17":"product_cat-unique-blends","18":"product_cat-vape-by-flavor-profile","19":"product_cat-vape-by-nicotine-strength","20":"product_cat-vape-by-puff-count","21":"product_cat-vape-by-feature-or-type","22":"product_cat-vapes-with-screens","24":"first","25":"onbackorder","26":"shipping-taxable","27":"purchasable","28":"product-type-variable","29":"has-default-attributes"},"tiered_pricing_type":"percentage","tiered_pricing_fixed_rules":[],"tiered_pricing_product_settings":{"layout":"default","base_unit_name":{"singular":null,"plural":null},"default_variation":null},"tiered_pricing_minimum_quantity":10,"tiered_pricing_roles_data":[],"tiered_pricing_percentage_rules":{"30":"29","50":"35","100":"40","200":"44","500":"47","1000":"49"},"tiered_pricing_maximum_quantity":null,"tiered_pricing_quantity_step":"10","_links":{"self":[{"href":"https:\/\/agoravape.com\/hu\/wp-json\/wp\/v2\/product\/13996","targetHints":{"allow":["GET"]}}],"collection":[{"href":"https:\/\/agoravape.com\/hu\/wp-json\/wp\/v2\/product"}],"about":[{"href":"https:\/\/agoravape.com\/hu\/wp-json\/wp\/v2\/types\/product"}],"replies":[{"embeddable":true,"href":"https:\/\/agoravape.com\/hu\/wp-json\/wp\/v2\/comments?post=13996"}],"version-history":[{"count":0,"href":"https:\/\/agoravape.com\/hu\/wp-json\/wp\/v2\/product\/13996\/revisions"}],"wp:featuredmedia":[{"embeddable":true,"href":"https:\/\/agoravape.com\/hu\/wp-json\/wp\/v2\/media\/14026"}],"wp:attachment":[{"href":"https:\/\/agoravape.com\/hu\/wp-json\/wp\/v2\/media?parent=13996"}],"wp:term":[{"taxonomy":"product_brand","embeddable":true,"href":"https:\/\/agoravape.com\/hu\/wp-json\/wp\/v2\/product_brand?post=13996"},{"taxonomy":"product_cat","embeddable":true,"href":"https:\/\/agoravape.com\/hu\/wp-json\/wp\/v2\/product_cat?post=13996"},{"taxonomy":"product_tag","embeddable":true,"href":"https:\/\/agoravape.com\/hu\/wp-json\/wp\/v2\/product_tag?post=13996"}],"curies":[{"name":"wp","href":"https:\/\/api.w.org\/{rel}","templated":true}]}}