{"id":14049,"date":"2025-10-12T15:59:26","date_gmt":"2025-10-12T07:59:26","guid":{"rendered":"https:\/\/green-grasshopper-921422.hostingersite.com\/?post_type=product&#038;p=14049"},"modified":"2026-01-19T22:06:53","modified_gmt":"2026-01-19T14:06:53","slug":"fumud-15k-puffs-halos-tekercs-vape","status":"publish","type":"product","link":"https:\/\/agoravape.com\/hu\/product\/fumud-15k-puffs-mesh-coil-vape\/","title":{"rendered":"Fumud 15K Puffs \u00fajrat\u00f6lthet\u0151 h\u00e1l\u00f3s tekercses vape | Hosszan tart\u00f3 \u00edz egyszer\u0171en"},"content":{"rendered":"<h2 data-v-md-heading=\"what-is-the-charm-of-fumud-15k-rechargeable-mesh-coil-vape\" data-v-md-line=\"3\">Mi a Fumud 15K \u00fajrat\u00f6lthet\u0151 h\u00e1l\u00f3s tekercses vape var\u00e1zsa?<\/h2>\n<p data-v-md-line=\"4\">Ha belef\u00e1radt\u00e1l azokba a p\u00e1rologtat\u00f3kba, amelyek a h\u00e9t fel\u00e9n\u00e9l kifogynak az akkumul\u00e1torb\u00f3l, akkor ezt a term\u00e9ket mindenk\u00e9ppen \u00e9rdemes megn\u00e9zni. A Fumud 15K 25 milliliter b\u0151s\u00e9ges e-folyad\u00e9kkal rendelkezik, amely ak\u00e1r 15000 puffot is biztos\u00edt, \u00e9s \u00fajrat\u00f6lthet\u0151, \u00edgy a lehet\u0151 legt\u00f6bbet hozhatja ki bel\u0151le.<\/p>\n<p data-v-md-line=\"6\">Ha megb\u00edzhat\u00f3 \u00e9s k\u00f6nny\u0171 \u00edzl\u00e9sre v\u00e1gyik, ez a term\u00e9k ide\u00e1lis v\u00e1laszt\u00e1s. Csak egy slukkot kell venni az aktiv\u00e1l\u00e1shoz, a h\u00e1l\u00f3s tekercs minden slukkot sim\u00e1v\u00e1 \u00e9s finomm\u00e1 tesz. V\u00e1laszthat 2% vagy 5% nikotinkoncentr\u00e1ci\u00f3t, \u00e9s kiv\u00e1laszthatja a hangulat\u00e1nak megfelel\u0151 \u00edzt.<\/p>\n<h2 data-v-md-heading=\"excellent-performance-easy-and-convenient\" data-v-md-line=\"8\">Kiv\u00e1l\u00f3 teljes\u00edtm\u00e9ny, egyszer\u0171 \u00e9s k\u00e9nyelmes<\/h2>\n<p data-v-md-line=\"9\">A 0,9 \u03a9-os h\u00e1l\u00f3s tekercs a k\u00e9sz\u00fcl\u00e9k magja, \u00edgy minden sz\u00edv\u00e1s olyan finom, mint az els\u0151 \u00edz. Azt gondolhatja, hogy n\u00e9h\u00e1ny sz\u00edv\u00e1s ut\u00e1n az \u00edz enyh\u00fclni fog, de ez a porlaszt\u00f3mag k\u00e9pes konzisztens maradni. Ha az akkumul\u00e1tor lemer\u00fclt, egyszer\u0171en haszn\u00e1lja a telefonon \u00e1ltal\u00e1nosan haszn\u00e1lt t\u00f6lt\u0151k\u00e1belt, \u00e9s t\u00f6ltse fel a Type-C interf\u00e9szen kereszt\u00fcl. Nincs sz\u00fcks\u00e9g gombokra, nincs sz\u00fcks\u00e9g men\u00fckre, k\u00f6nnyen kezelhet\u0151.<\/p>\n<h2 data-v-md-heading=\"specification-introduction\" data-v-md-line=\"11\">Specifik\u00e1ci\u00f3 Bevezet\u00e9s<\/h2>\n<ul data-v-md-line=\"12\">\n<li>Sz\u00edv\u00e1s gyakoris\u00e1ga: ak\u00e1r 15000-szer<\/li>\n<li>Nikotintartalom: 2% \u00e9s 5% opcion\u00e1lis<\/li>\n<li>M\u0171k\u00f6d\u00e9si elv: Bel\u00e9gz\u00e9ssel aktiv\u00e1l\u00f3dik<\/li>\n<li>Charging: Standard Type-C USB interface<\/li>\n<li>\u00c1llapot: Kicsomagol\u00e1s ut\u00e1n azonnal haszn\u00e1lhat\u00f3<\/li>\n<\/ul>\n<h2 data-v-md-heading=\"full-range-of-flavors\" data-v-md-line=\"18\">Full range of flavors<\/h2>\n<ul data-v-md-line=\"19\">\n<li>Eper \u00e9s g\u00f6r\u00f6gdinnye \u00edz\u0171<\/li>\n<li>Kiwi, maracuja, guava \u00edz<\/li>\n<li>Jeges \u00e1fonya \u00edz\u0171<\/li>\n<li>\u0150szibarack \u00e9s mang\u00f3 \u00edz\u0171<\/li>\n<li>Eperfagylalt<\/li>\n<li>Vegyes bogy\u00f3s \u00edz<\/li>\n<li>Illatos j\u00e9g<\/li>\n<li>Sz\u0151l\u0151fagylalt<\/li>\n<li>\u0150szibarack j\u00e9g<\/li>\n<li>Eper citromos v\u00edz \u00edz<\/li>\n<li>S\u00e1rk\u00e1nygy\u00fcm\u00f6lcs j\u00e9g<\/li>\n<li>Citrom \u00e9s lime \u00edz\u0171<\/li>\n<li>H\u00e1rmas bogy\u00f3s \u00edz<\/li>\n<li>Cseresznye \u00edz\u0171<\/li>\n<li>Savany\u00fa alma \u00edz\u0171<\/li>\n<li>R\u00f3zsasz\u00edn citromos v\u00edz \u00edz<\/li>\n<\/ul>\n<h2 data-v-md-heading=\"for-you-for-your-business\" data-v-md-line=\"36\">\u00d6nnek, az \u00d6n v\u00e1llalkoz\u00e1s\u00e1nak<\/h2>\n<p data-v-md-line=\"37\">A Fumud 15K-t v\u00e1laszthatja szem\u00e9lyes haszn\u00e1latra vagy t\u00e1rolhatja a boltj\u00e1ban. A nagykereskedelmi bemutat\u00f3 doboz 10 darabot tartalmaz, \u00e9s a dobozonk\u00e9nti mennyis\u00e9g a rakt\u00e1rt\u00f3l f\u00fcgg\u0151en v\u00e1ltozik, \u00edgy \u00e9sszer\u0171en tervezheti k\u00e9szlet\u00e9t. Megb\u00edzhat\u00f3 partnerekkel, p\u00e9ld\u00e1ul a UPS, a DPD \u00e9s a DHL c\u00e9gekkel dolgozunk egy\u00fctt a DDP sz\u00e1ll\u00edt\u00e1si szolg\u00e1ltat\u00e1sok biztos\u00edt\u00e1sa \u00e9rdek\u00e9ben, \u00edgy biztos\u00edtva, hogy a v\u00e1mon nem fog balesetet szenvedni.<\/p>\n<p data-v-md-line=\"39\">Szeretne t\u00f6bbet megtudni a rendszer\u00e9nek r\u00e9szleteir\u0151l? SKU\uff1aAirmez-Fumud-15K\u3002 Tipikus kartonmennyis\u00e9gek: Tipikus kartonmennyis\u00e9gek: 100 Lengyelorsz\u00e1gb\u00f3l, 160 Shenzhenb\u0151l \u00e9s 200 N\u00e9metorsz\u00e1gb\u00f3l.<\/p>\n<h2 data-v-md-heading=\"why-do-you-like-it\" data-v-md-line=\"41\">Mi\u00e9rt tetszik?<\/h2>\n<ul data-v-md-line=\"42\">\n<li>Nagy sz\u00edv\u00f3teljes\u00edtm\u00e9ny: Tart\u00f3s \u00e9s hossz\u00fa \u00e9lettartam\u00fa, nem kell gyakran \u00faj patronokat v\u00e1s\u00e1rolni.<\/li>\n<li>Nikotintartalom kiv\u00e1laszt\u00e1sa: V\u00e1lasszon 2% vagy 5% nikotint az \u00d6n preferenci\u00e1ja szerint.<\/li>\n<li>\u00dajrat\u00f6lthet\u0151: 25 ml e-folyad\u00e9k \u00fajrahasznos\u00edthat\u00f3 an\u00e9lk\u00fcl, hogy egy cseppet is elpazarolna.<\/li>\n<li>H\u00e1l\u00f3s porlaszt\u00f3 mag: Minden alkalommal stabil \u00e9s tart\u00f3s \u00edzt biztos\u00edt.<\/li>\n<\/ul>\n<h2 data-v-md-heading=\"why-choose-to-collaborate-with-agoravape\" data-v-md-line=\"47\">Mi\u00e9rt \u00e9rdemes az AgoraVape-pel egy\u00fcttm\u0171k\u00f6dni?<\/h2>\n<p data-v-md-line=\"48\">Kiz\u00e1r\u00f3lag eredeti 100% term\u00e9keket forgalmazunk, tisztess\u00e9ges nagykereskedelmi \u00e1rakkal \u00e9s megb\u00edzhat\u00f3 t\u00e1mogat\u00e1ssal. Ha \u00d6n egy v\u00e1llalkoz\u00e1s, a Fumud 15K Puffs \u00fajrat\u00f6lthet\u0151 h\u00e1l\u00f3s tekercses vapes \u00e9lvezheti a gyors, megb\u00edzhat\u00f3 \u00e9s ad\u00f3fizet\u00e9ses sz\u00e1ll\u00edt\u00e1si szolg\u00e1ltat\u00e1sokat. Foglaljon egy olyan k\u00e9sz\u00fcl\u00e9ket, amelyhez \u00e9rdemes visszat\u00e9rni \u00fcgyfelei sz\u00e1m\u00e1ra.<\/p>","protected":false},"excerpt":{"rendered":"<p>&nbsp;<\/p>\n<p><script src=\"chrome-extension:\/\/fpelahbljekknahkcaegamhcndkfpfnc\/iFrame.js\" type=\"text\/javascript\"><\/script><\/p>\n<p><script src=\"chrome-extension:\/\/fpelahbljekknahkcaegamhcndkfpfnc\/iFrame.js\" type=\"text\/javascript\"><\/script><\/p>\n<p><script src=\"chrome-extension:\/\/fpelahbljekknahkcaegamhcndkfpfnc\/iFrame.js\" type=\"text\/javascript\"><\/script><\/p>","protected":false},"featured_media":14085,"comment_status":"open","ping_status":"closed","template":"","meta":[],"product_brand":[210],"product_cat":[124,185,189,137,174,175,193,191,173,186,180,190],"product_tag":[],"class_list":{"0":"post-14049","1":"product","2":"type-product","3":"status-publish","4":"has-post-thumbnail","6":"product_brand-airmez","7":"product_cat-vape-by-brand","8":"product_cat-10000-puffs-high-capacity","9":"product_cat-20mg-standard-nicotine-vapes","10":"product_cat-airmez","11":"product_cat-fruit-flavors","12":"product_cat-icy-mint","13":"product_cat-mesh-coil","14":"product_cat-rechargeable-disposables","15":"product_cat-vape-by-flavor-profile","16":"product_cat-vape-by-nicotine-strength","17":"product_cat-vape-by-puff-count","18":"product_cat-vape-by-feature-or-type","20":"first","21":"onbackorder","22":"shipping-taxable","23":"purchasable","24":"product-type-variable","25":"has-default-attributes"},"tiered_pricing_type":"percentage","tiered_pricing_fixed_rules":[],"tiered_pricing_product_settings":{"layout":"default","base_unit_name":{"singular":null,"plural":null},"default_variation":null},"tiered_pricing_minimum_quantity":10,"tiered_pricing_roles_data":[],"tiered_pricing_percentage_rules":{"30":"29","50":"35","100":"40","200":"44","500":"47","1000":"49"},"tiered_pricing_maximum_quantity":null,"tiered_pricing_quantity_step":"10","_links":{"self":[{"href":"https:\/\/agoravape.com\/hu\/wp-json\/wp\/v2\/product\/14049","targetHints":{"allow":["GET"]}}],"collection":[{"href":"https:\/\/agoravape.com\/hu\/wp-json\/wp\/v2\/product"}],"about":[{"href":"https:\/\/agoravape.com\/hu\/wp-json\/wp\/v2\/types\/product"}],"replies":[{"embeddable":true,"href":"https:\/\/agoravape.com\/hu\/wp-json\/wp\/v2\/comments?post=14049"}],"version-history":[{"count":0,"href":"https:\/\/agoravape.com\/hu\/wp-json\/wp\/v2\/product\/14049\/revisions"}],"wp:featuredmedia":[{"embeddable":true,"href":"https:\/\/agoravape.com\/hu\/wp-json\/wp\/v2\/media\/14085"}],"wp:attachment":[{"href":"https:\/\/agoravape.com\/hu\/wp-json\/wp\/v2\/media?parent=14049"}],"wp:term":[{"taxonomy":"product_brand","embeddable":true,"href":"https:\/\/agoravape.com\/hu\/wp-json\/wp\/v2\/product_brand?post=14049"},{"taxonomy":"product_cat","embeddable":true,"href":"https:\/\/agoravape.com\/hu\/wp-json\/wp\/v2\/product_cat?post=14049"},{"taxonomy":"product_tag","embeddable":true,"href":"https:\/\/agoravape.com\/hu\/wp-json\/wp\/v2\/product_tag?post=14049"}],"curies":[{"name":"wp","href":"https:\/\/api.w.org\/{rel}","templated":true}]}}