{"id":14104,"date":"2025-10-12T21:33:32","date_gmt":"2025-10-12T13:33:32","guid":{"rendered":"https:\/\/green-grasshopper-921422.hostingersite.com\/?post_type=product&#038;p=14104"},"modified":"2026-01-30T17:28:53","modified_gmt":"2026-01-30T09:28:53","slug":"aivono-cel-fatbear-80k-puffs-3-az-1-ben-vape","status":"publish","type":"product","link":"https:\/\/agoravape.com\/hu\/product\/aivono-aim-fatbear-80k-puffs-3-in-1-vape\/","title":{"rendered":"Aivono Aim Fatbear 80K Puffs 3 az 1-ben \u00edz\u0171 vape | H\u00e1rmas \u00edz. Hatalmas \u00e9lettartam"},"content":{"rendered":"<h2 data-v-md-heading=\"what-is-the-charm-of-aivono-aim-fatbear-80k-vaping-three-in-one\" data-v-md-line=\"3\">What is the charm of Aivono Aim Fatbear 80K vaping three in one?<\/h2>\n<p data-v-md-line=\"4\">If you are tired of disposable vapes that can be used up in a few days, you may want to take a look at this product. Aivono Aim Fatbear is an vape with a battery life of up to 80000 puffs, integrating three flavors into one. No need to exert effort, just pick it up and enjoy it.<\/p>\n<p data-v-md-line=\"6\">It is suitable for anyone who wants to easily experience multiple flavors and has excellent endurance. From start to finish, you can enjoy a smooth suction experience and a rich taste. You may think that vapes with so much smoking capacity would be bulky, but they are surprisingly small, measuring only 40 x 40 x 115 millimeters, and can easily fit into a pocket.<\/p>\n<h2 data-v-md-heading=\"excellent-performance-easy-and-convenient\" data-v-md-line=\"8\">Kiv\u00e1l\u00f3 teljes\u00edtm\u00e9ny, egyszer\u0171 \u00e9s k\u00e9nyelmes<\/h2>\n<p data-v-md-line=\"9\">The 0.8 \u03a9 double mesh coil bears the responsibility of ensuring that every bite has a pure and consistent taste. It absorbs oil quickly and has a long-lasting fragrance. When the battery is low, you can charge it through the Type-C interface, and the charging cable may be the same as the phone charging cable. The 650mAh battery is rechargeable, so you can use all 58 milliliters of e-liquid. The LED display screen allows you to easily view the status at a glance.<\/p>\n<h2 data-v-md-heading=\"specification-introduction\" data-v-md-line=\"11\">Specifik\u00e1ci\u00f3 Bevezet\u00e9s<\/h2>\n<ul data-v-md-line=\"12\">\n<li>Suction frequency: up to 80000 times<\/li>\n<li>Nicotine content: 0%, 2%, 3%, 5%<\/li>\n<li>M\u0171k\u00f6d\u00e9si elv: Egyetlen f\u00faj\u00e1ssal aktiv\u00e1lhat\u00f3<\/li>\n<li>Charging: Standard Type-C USB interface<\/li>\n<li>\u00c1llapot: Kicsomagol\u00e1s ut\u00e1n azonnal haszn\u00e1lhat\u00f3<\/li>\n<\/ul>\n<h2 data-v-md-heading=\"full-flavor-series\" data-v-md-line=\"18\">Teljes \u00edz\u0171 sorozat<\/h2>\n<ul data-v-md-line=\"19\">\n<li>Blueberries, raspberries, lemon ice, and pineapple ice<\/li>\n<li>Strawberry Ice+Watermelon Ice+Pop Music<\/li>\n<li>Mango Ice+Pineapple Coconut+Peach Ice<\/li>\n<li>Cherry soda ice+Coke ice+Melon ice<\/li>\n<li>Grape ice+mint+strawberry ice cream<\/li>\n<li>Green apple (sour)+strawberry banana+sour mango pineapple<\/li>\n<li>Mixed Berry+Strawberry Kiwi+Strawberry Watermelon<\/li>\n<li>Kiwi Passion Fruit+Love 66+Mango Ice<\/li>\n<li>Watermelon ice+peach berry fruit+cherry cola<\/li>\n<li>Red Bull Energy+Strawberry Watermelon+Raspberry Sugar<\/li>\n<\/ul>\n<h2 data-v-md-heading=\"for-you-and-for-your-business-as-well\" data-v-md-line=\"30\">Neked, \u00e9s a v\u00e1llalkoz\u00e1sodnak is<\/h2>\n<p data-v-md-line=\"31\">Az Aivono Aim Fatbear 80K h\u00e1rom az egyben \u00edzes\u00edtett vape-t megv\u00e1s\u00e1rolhatja szem\u00e9lyes haszn\u00e1latra vagy megv\u00e1s\u00e1rolhatja a boltja sz\u00e1m\u00e1ra. A nagykereskedelmet 150 kartondoboz form\u00e1j\u00e1ban biztos\u00edtjuk, vil\u00e1gos csomagol\u00e1si m\u00e9retekkel a k\u00f6nny\u0171 kezelhet\u0151s\u00e9g \u00e9rdek\u00e9ben. DDP sz\u00e1ll\u00edt\u00e1si szolg\u00e1ltat\u00e1sokat ny\u00fajtunk megb\u00edzhat\u00f3 partnereken kereszt\u00fcl, mint p\u00e9ld\u00e1ul a UPS, a DPD \u00e9s a DHL, hogy biztos\u00edtsuk, hogy gyorsan megkapja az \u00e1rut, \u00e9s kezelje a v\u00e1mokat a meg\u00e9rkez\u00e9s el\u0151tt. El\u0151zze meg a v\u00e1mbaleseteket.<\/p>\n<p data-v-md-line=\"33\">Regulations vary from country to country. If you plan to import high volume equipment, please refer to local regulations. We only sell genuine Aivono products, so you can purchase with peace of mind.<\/p>\n<h2 data-v-md-heading=\"the-reason-why-you-will-like-it\" data-v-md-line=\"35\">Az ok, ami\u00e9rt tetszeni fog<\/h2>\n<ul data-v-md-line=\"36\">\n<li>Large mouth count: Durable and long-lasting, no need to frequently purchase new cigarettes.<\/li>\n<li>Nikotintartalom kiv\u00e1laszt\u00e1sa: V\u00e1lasszon 0%, 2%, 3% vagy 5%-ot a szok\u00e1sai szerint.<\/li>\n<li>\u00dajrat\u00f6lthet\u0151: Minden egyes csepp e-folyad\u00e9k, amit megv\u00e1s\u00e1rolsz, teljesen felhaszn\u00e1l\u00f3dik.<\/li>\n<li>H\u00e1l\u00f3s tekercs: Mindig k\u00f6vetkezetesen gazdag \u00edzt biztos\u00edt.<\/li>\n<li>H\u00e1rmas egy \u00edzben: \u00c9lvezd a t\u00f6bb lehet\u0151s\u00e9get an\u00e9lk\u00fcl, hogy t\u00f6bb eszk\u00f6zt cipeln\u00e9l magaddal.<\/li>\n<\/ul>\n<h2 data-v-md-heading=\"why-collaborate-with-agoravape\" data-v-md-line=\"42\">Mi\u00e9rt \u00e9rdemes az AgoraVape-pel egy\u00fcttm\u0171k\u00f6dni?<\/h2>\n<p data-v-md-line=\"43\">Eur\u00f3pa egyik legmegb\u00edzhat\u00f3bb vape forgalmaz\u00f3i vagyunk, \u00e9s kiz\u00e1r\u00f3lag 100%-ban eredeti term\u00e9keket \u00e1rus\u00edtunk. Kereskedelmi v\u00e1s\u00e1rl\u00f3k sz\u00e1m\u00e1ra ez azt jelenti, hogy az Aivono Aim Fatbear 80K h\u00e1rom az egyben \u00edz\u0171 vape kedvezm\u00e9nyes nagykereskedelmi \u00e1rakat, gyors \u00fcgyf\u00e9lszolg\u00e1latot \u00e9s gyors DDP kisz\u00e1ll\u00edt\u00e1si szolg\u00e1ltat\u00e1sokat k\u00edn\u00e1l. L\u00e9pjen vel\u00fcnk kapcsolatba azonnal, hogy megv\u00e1s\u00e1rolja ezt a h\u00e1rom az egyben \u00edz\u0171 vape-et, \u00e9s \u00fcgyfelei biztosan visszat\u00e9rnek majd hozz\u00e1nk.<\/p>","protected":false},"excerpt":{"rendered":"<p>&nbsp;<\/p>\n<p><script src=\"chrome-extension:\/\/fpelahbljekknahkcaegamhcndkfpfnc\/iFrame.js\" type=\"text\/javascript\"><\/script><\/p>\n<p><script src=\"chrome-extension:\/\/fpelahbljekknahkcaegamhcndkfpfnc\/iFrame.js\" type=\"text\/javascript\"><\/script><\/p>\n<p><script src=\"chrome-extension:\/\/fpelahbljekknahkcaegamhcndkfpfnc\/iFrame.js\" type=\"text\/javascript\"><\/script><\/p>\n<p><script src=\"chrome-extension:\/\/fpelahbljekknahkcaegamhcndkfpfnc\/iFrame.js\" type=\"text\/javascript\"><\/script><\/p>","protected":false},"featured_media":14131,"comment_status":"open","ping_status":"closed","template":"","meta":[],"product_brand":[211],"product_cat":[124,187,185,189,138,176,177,195,174,175,193,191,173,186,180,190,192],"product_tag":[],"class_list":{"0":"post-14104","1":"product","2":"type-product","3":"status-publish","4":"has-post-thumbnail","6":"product_brand-aivono","7":"product_cat-vape-by-brand","8":"product_cat-0mg-nicotine-free-vapes","9":"product_cat-10000-puffs-high-capacity","10":"product_cat-20mg-standard-nicotine-vapes","11":"product_cat-aivono","12":"product_cat-beverage","13":"product_cat-dessert-sweets","14":"product_cat-dual-flavor-switch","15":"product_cat-fruit-flavors","16":"product_cat-icy-mint","17":"product_cat-mesh-coil","18":"product_cat-rechargeable-disposables","19":"product_cat-vape-by-flavor-profile","20":"product_cat-vape-by-nicotine-strength","21":"product_cat-vape-by-puff-count","22":"product_cat-vape-by-feature-or-type","23":"product_cat-vapes-with-screens","25":"first","26":"instock","27":"shipping-taxable","28":"purchasable","29":"product-type-variable","30":"has-default-attributes"},"tiered_pricing_type":"percentage","tiered_pricing_fixed_rules":[],"tiered_pricing_product_settings":{"layout":"default","base_unit_name":{"singular":null,"plural":null},"default_variation":null},"tiered_pricing_minimum_quantity":10,"tiered_pricing_roles_data":[],"tiered_pricing_percentage_rules":{"30":"29","50":"35","100":"40","200":"44","500":"47","1000":"49"},"tiered_pricing_maximum_quantity":null,"tiered_pricing_quantity_step":"10","_links":{"self":[{"href":"https:\/\/agoravape.com\/hu\/wp-json\/wp\/v2\/product\/14104","targetHints":{"allow":["GET"]}}],"collection":[{"href":"https:\/\/agoravape.com\/hu\/wp-json\/wp\/v2\/product"}],"about":[{"href":"https:\/\/agoravape.com\/hu\/wp-json\/wp\/v2\/types\/product"}],"replies":[{"embeddable":true,"href":"https:\/\/agoravape.com\/hu\/wp-json\/wp\/v2\/comments?post=14104"}],"version-history":[{"count":0,"href":"https:\/\/agoravape.com\/hu\/wp-json\/wp\/v2\/product\/14104\/revisions"}],"wp:featuredmedia":[{"embeddable":true,"href":"https:\/\/agoravape.com\/hu\/wp-json\/wp\/v2\/media\/14131"}],"wp:attachment":[{"href":"https:\/\/agoravape.com\/hu\/wp-json\/wp\/v2\/media?parent=14104"}],"wp:term":[{"taxonomy":"product_brand","embeddable":true,"href":"https:\/\/agoravape.com\/hu\/wp-json\/wp\/v2\/product_brand?post=14104"},{"taxonomy":"product_cat","embeddable":true,"href":"https:\/\/agoravape.com\/hu\/wp-json\/wp\/v2\/product_cat?post=14104"},{"taxonomy":"product_tag","embeddable":true,"href":"https:\/\/agoravape.com\/hu\/wp-json\/wp\/v2\/product_tag?post=14104"}],"curies":[{"name":"wp","href":"https:\/\/api.w.org\/{rel}","templated":true}]}}