{"id":14145,"date":"2025-10-12T21:46:50","date_gmt":"2025-10-12T13:46:50","guid":{"rendered":"https:\/\/green-grasshopper-921422.hostingersite.com\/?post_type=product&#038;p=14145"},"modified":"2026-01-30T17:28:32","modified_gmt":"2026-01-30T09:28:32","slug":"aivono-aim-fatmax-50k-puffs-dtl-shisha-vape","status":"publish","type":"product","link":"https:\/\/agoravape.com\/hu\/product\/aivono-aim-fatmax-50k-puffs-dtl-shisha-vape\/","title":{"rendered":"Aivono Aim Fatmax 50K Puffs DTL Shisha Vape | Nagy DTL \u00edz, ami messzire kihat"},"content":{"rendered":"<h2 data-v-md-heading=\"what-are-the-advantages-of-using-aivono-aim-fatmax-50k-to-smoke-dtl-hookah\" data-v-md-line=\"3\"><img loading=\"lazy\" decoding=\"async\" class=\"aligncenter size-full wp-image-14144\" src=\"https:\/\/agoravape.com\/wp-content\/uploads\/2025\/10\/Aivono-Aim-Fatmax-50K-Puffs-DTL-Shisha-Vape_Agora_vape-1-scaled.webp\" alt=\"\" width=\"2560\" height=\"1312\" srcset=\"https:\/\/agoravape.com\/wp-content\/uploads\/2025\/10\/Aivono-Aim-Fatmax-50K-Puffs-DTL-Shisha-Vape_Agora_vape-1-scaled.webp 2560w, https:\/\/agoravape.com\/wp-content\/uploads\/2025\/10\/Aivono-Aim-Fatmax-50K-Puffs-DTL-Shisha-Vape_Agora_vape-1-scaled-1200x615.webp 1200w, https:\/\/agoravape.com\/wp-content\/uploads\/2025\/10\/Aivono-Aim-Fatmax-50K-Puffs-DTL-Shisha-Vape_Agora_vape-1-300x154.webp 300w, https:\/\/agoravape.com\/wp-content\/uploads\/2025\/10\/Aivono-Aim-Fatmax-50K-Puffs-DTL-Shisha-Vape_Agora_vape-1-1024x525.webp 1024w, https:\/\/agoravape.com\/wp-content\/uploads\/2025\/10\/Aivono-Aim-Fatmax-50K-Puffs-DTL-Shisha-Vape_Agora_vape-1-768x394.webp 768w, https:\/\/agoravape.com\/wp-content\/uploads\/2025\/10\/Aivono-Aim-Fatmax-50K-Puffs-DTL-Shisha-Vape_Agora_vape-1-1536x787.webp 1536w, https:\/\/agoravape.com\/wp-content\/uploads\/2025\/10\/Aivono-Aim-Fatmax-50K-Puffs-DTL-Shisha-Vape_Agora_vape-1-2048x1050.webp 2048w\" sizes=\"auto, (max-width: 2560px) 100vw, 2560px\" \/><\/h2>\n<h2 data-v-md-heading=\"what-are-the-advantages-of-using-aivono-aim-fatmax-50k-to-smoke-dtl-hookah\" data-v-md-line=\"3\">Milyen el\u0151nyei vannak az Aivono Aim Fatmax 50K haszn\u00e1lat\u00e1nak DTL v\u00edzipipa sz\u00edv\u00e1s\u00e1hoz?<\/h2>\n<p data-v-md-line=\"4\">Ha tart\u00f3s \u00e9s tart\u00f3s v\u00edzipipa st\u00edlus\u00fa vape-re v\u00e1gysz, ez a term\u00e9k seg\u00edt k\u00f6nnyed\u00e9n elkezdeni. Az Aivono Aim Fatmax ak\u00e1r 50 000 slukk elsz\u00edv\u00e1s\u00e1ra is k\u00e9pes, \u00e9s k\u00f6vetkezetesen gazdag DTL text\u00far\u00e1val rendelkezik.<\/p>\n<p data-v-md-line=\"6\">Mindazok sz\u00e1m\u00e1ra alkalmas, akik \u00e9lvezik a v\u00edzipipa \u00edzek sima, \u00e1tl\u00e1tsz\u00f3 \u00e9s gazdag kever\u00e9k\u00e9t. Nincs sz\u00fcks\u00e9g f\u00e1raszt\u00f3 m\u0171veletekre, bonyolult be\u00e1ll\u00edt\u00e1sokra, megb\u00edzhat\u00f3 teljes\u00edtm\u00e9nyt \u00e9s az elv\u00e1rt \u00edzt ny\u00fajtja.<\/p>\n<h2 data-v-md-heading=\"excellent-performance-without-any-complexity\" data-v-md-line=\"8\">Kiv\u00e1l\u00f3 teljes\u00edtm\u00e9ny bonyolults\u00e1g n\u00e9lk\u00fcl<\/h2>\n<p data-v-md-line=\"9\">A 0,6 \u03a9-os h\u00e1l\u00f3s tekercs biztos\u00edtja az \u00edz\u00e9lm\u00e9nyt, \u00edgy minden falat tiszta \u00e9s telt, akadoz\u00e1smentes. Praktikus akkumul\u00e1torszint-kijelz\u0151t \u00e9s e-folyad\u00e9k szintkijelz\u0151t is kapsz, ami azt jelenti, hogy a d\u00e9li \u00f3r\u00e1kban kevesebb v\u00e1ratlan helyzet ad\u00f3dik. Ha az akkumul\u00e1tor lemer\u00fclt, egyszer\u0171en csatlakoztasd a Type-C adatk\u00e1belt a t\u00f6lt\u00e9shez, ugyanazzal az adatk\u00e1bellel, mint amelyet a telefon haszn\u00e1l. K\u00f6nnyen haszn\u00e1lhat\u00f3.<\/p>\n<h2 data-v-md-heading=\"specification-overview\" data-v-md-line=\"11\">Specifik\u00e1ci\u00f3 \u00e1ttekint\u00e9se<\/h2>\n<ul data-v-md-line=\"12\">\n<li>Sz\u00edv\u00e1si gyakoris\u00e1g: ak\u00e1r 50000-szer<\/li>\n<li>Nikotintartalom: 0%, 2%, 3%, 5% (a konkr\u00e9t k\u00edn\u00e1lat r\u00e9gi\u00f3nk\u00e9nt elt\u00e9r\u0151 lehet)<\/li>\n<li>Tekercs: 0,6 \u03a9 h\u00e1l\u00f3s tekercs<\/li>\n<li>E-folyad\u00e9k kapacit\u00e1sa: 30 milliliter<\/li>\n<li>Akkumul\u00e1tor: 800 mAh-s \u00fajrat\u00f6lthet\u0151 akkumul\u00e1tor<\/li>\n<li>M\u0171k\u00f6d\u00e9si elv: DTL sz\u00edv\u00e1s, sz\u0171r\u0151vel seg\u00edtett m\u0171k\u00f6d\u00e9s, k\u00f6nnyen kezelhet\u0151<\/li>\n<li>Charging: Standard Type-C USB interface<\/li>\n<li>Kijelz\u0151: akkumul\u00e1tor \u00e9s e-folyad\u00e9k szintjelz\u0151<\/li>\n<li>\u00c1llapot: Kicsomagol\u00e1s ut\u00e1n haszn\u00e1latra k\u00e9sz<\/li>\n<\/ul>\n<h2 data-v-md-heading=\"multiple-flavor-options\" data-v-md-line=\"22\">T\u00f6bb \u00edzes\u00edt\u00e9si lehet\u0151s\u00e9g<\/h2>\n<ul data-v-md-line=\"23\">\n<li>Cseresznye M\u00e1lna<\/li>\n<li>Dupla alm\u00e1k<\/li>\n<li>Grape mint<\/li>\n<li>\u00c1fony\u00e1s r\u00e1g\u00f3gumi<\/li>\n<li>Love 66 (maracuja, v\u00e9rnarancs, menta)<\/li>\n<li>Lucid Dream (\u00e1fonya, citrom, menta)<\/li>\n<li>Lush Ice (g\u00f6r\u00f6gdinnyefagylalt)<\/li>\n<li>\u0150szibarack j\u00e9g<\/li>\n<li>Bogy\u00f3s j\u00e9g<\/li>\n<li>Epres Panqu (\u00e9rett eper \u00e9s friss\u00edt\u0151 gy\u00fcm\u00f6lcs\u00f6k)<\/li>\n<\/ul>\n<h2 data-v-md-heading=\"for-you-and-your-company\" data-v-md-line=\"34\">\u00d6nnek \u00e9s c\u00e9g\u00e9nek<\/h2>\n<p data-v-md-line=\"35\">Az Aivono Aim Fatmax 50K-t megv\u00e1s\u00e1rolhatod magadnak, vagy hozz\u00e1adhatod az \u00fczletedhez. 140 nagykereskedelmi kartondobozt biztos\u00edtunk, amelyeket b\u00e1rmikor kisz\u00e1ll\u00edtunk. Ha v\u00e1s\u00e1rl\u00f3id tart\u00f3s, eldobhat\u00f3 DTL e-folyad\u00e9kot szeretn\u00e9nek, amely t\u00f6k\u00e9letesen illeszkedik a v\u00edzipipa \u00edz\u00e9hez, akkor ez egy b\u00f6lcs v\u00e1laszt\u00e1s.<\/p>\n<p data-v-md-line=\"37\">DDP sz\u00e1ll\u00edt\u00e1si szolg\u00e1ltat\u00e1sokat ny\u00fajtunk Eur\u00f3pa-szerte olyan megb\u00edzhat\u00f3 partnereken kereszt\u00fcl, mint a UPS, a DPD \u00e9s a DHL, biztos\u00edtva az \u00e1tl\u00e1that\u00f3 \u00e1rk\u00e9pz\u00e9st \u00e9s a v\u00e1ratlan v\u00e1mprobl\u00e9m\u00e1k elker\u00fcl\u00e9s\u00e9t. \u00c9lvezheti a k\u00e9zbes\u00edt\u00e9s nyomon k\u00f6vet\u00e9s\u00e9t \u00e9s a megb\u00edzhat\u00f3 forgalmat.<\/p>\n<h2 data-v-md-heading=\"why-do-you-like-it\" data-v-md-line=\"39\">Mi\u00e9rt tetszik?<\/h2>\n<ul data-v-md-line=\"40\">\n<li>Hatalmas sz\u00edv\u00e1s: az ak\u00e1r 50 ezer sz\u00edv\u00e1s kevesebb ism\u00e9telt v\u00e1s\u00e1rl\u00e1st \u00e9s magasabb \u00e9rt\u00e9ket jelent.<\/li>\n<li>Nikotin kiv\u00e1laszt\u00e1sa: V\u00e1lassza ki a napj\u00e1nak megfelel\u0151 nikotinkoncentr\u00e1ci\u00f3t.<\/li>\n<li>\u00dajrat\u00f6lthet\u0151: Haszn\u00e1lja fel teljesen a megv\u00e1s\u00e1rolt 30 ml-es e-folyad\u00e9k minden cseppj\u00e9t.<\/li>\n<li>H\u00e1l\u00f3s tekercs: Egyenletes \u00edz, sima DTL \u00e9lm\u00e9ny.<\/li>\n<li>Intelligens kijelz\u0151: Az akkumul\u00e1tor \u00e9s az e-folyad\u00e9k szintje egy pillant\u00e1ssal leolvashat\u00f3, \u00edgy soha nem akadhatsz el.<\/li>\n<\/ul>\n<h2 data-v-md-heading=\"why-collaborate-with-agoravape\" data-v-md-line=\"46\">Mi\u00e9rt \u00e9rdemes az AgoraVape-pel egy\u00fcttm\u0171k\u00f6dni?<\/h2>\n<p data-v-md-line=\"47\">Kiz\u00e1r\u00f3lag 100%-ban eredeti term\u00e9keket forgalmazunk, \u00e9s garant\u00e1ljuk a sz\u00e1ll\u00edtott term\u00e9kek min\u0151s\u00e9g\u00e9t. B2B \u00fcgyfeleink kedvezm\u00e9nyes nagykereskedelmi \u00e1rakat, seg\u00edt\u0151k\u00e9sz technikai t\u00e1mogat\u00e1st \u00e9s gyors DDP kisz\u00e1ll\u00edt\u00e1si szolg\u00e1ltat\u00e1sokat \u00e9lvezhetnek az Aivono Aim Fatmax 50K Puffs DTL v\u00edzipipa vape-ek eset\u00e9ben. Ha megb\u00edzhat\u00f3, nagy kapacit\u00e1s\u00fa, eldobhat\u00f3 DTL term\u00e9ket keres, amely visszacs\u00e1b\u00edtja az \u00fcgyfeleket, k\u00e9rj\u00fck, forduljon hozz\u00e1nk bizalommal.<\/p>","protected":false},"excerpt":{"rendered":"<p>Milyen el\u0151ny\u00f6kkel j\u00e1r az Aivono Aim Fatmax 50K haszn\u00e1lata a DTL v\u00edzipipa f\u00fcst\u00f6l\u00e9s\u00e9hez? Ha hossz\u00fa \u00e9lettartam\u00fa \u00e9s<\/p>","protected":false},"featured_media":14166,"comment_status":"open","ping_status":"closed","template":"","meta":[],"product_brand":[211],"product_cat":[124,187,185,189,1641,138,174,175,193,191,179,173,186,180,190,192],"product_tag":[],"class_list":{"0":"post-14145","1":"product","2":"type-product","3":"status-publish","4":"has-post-thumbnail","6":"product_brand-aivono","7":"product_cat-vape-by-brand","8":"product_cat-0mg-nicotine-free-vapes","9":"product_cat-10000-puffs-high-capacity","10":"product_cat-20mg-standard-nicotine-vapes","11":"product_cat-50000-puffs","12":"product_cat-aivono","13":"product_cat-fruit-flavors","14":"product_cat-icy-mint","15":"product_cat-mesh-coil","16":"product_cat-rechargeable-disposables","17":"product_cat-unique-blends","18":"product_cat-vape-by-flavor-profile","19":"product_cat-vape-by-nicotine-strength","20":"product_cat-vape-by-puff-count","21":"product_cat-vape-by-feature-or-type","22":"product_cat-vapes-with-screens","24":"first","25":"instock","26":"shipping-taxable","27":"purchasable","28":"product-type-variable","29":"has-default-attributes"},"tiered_pricing_type":"percentage","tiered_pricing_fixed_rules":[],"tiered_pricing_product_settings":{"layout":"default","base_unit_name":{"singular":null,"plural":null},"default_variation":null},"tiered_pricing_minimum_quantity":10,"tiered_pricing_roles_data":[],"tiered_pricing_percentage_rules":{"30":"29","50":"35","100":"40","200":"44","500":"47","1000":"49"},"tiered_pricing_maximum_quantity":null,"tiered_pricing_quantity_step":"10","_links":{"self":[{"href":"https:\/\/agoravape.com\/hu\/wp-json\/wp\/v2\/product\/14145","targetHints":{"allow":["GET"]}}],"collection":[{"href":"https:\/\/agoravape.com\/hu\/wp-json\/wp\/v2\/product"}],"about":[{"href":"https:\/\/agoravape.com\/hu\/wp-json\/wp\/v2\/types\/product"}],"replies":[{"embeddable":true,"href":"https:\/\/agoravape.com\/hu\/wp-json\/wp\/v2\/comments?post=14145"}],"version-history":[{"count":0,"href":"https:\/\/agoravape.com\/hu\/wp-json\/wp\/v2\/product\/14145\/revisions"}],"wp:featuredmedia":[{"embeddable":true,"href":"https:\/\/agoravape.com\/hu\/wp-json\/wp\/v2\/media\/14166"}],"wp:attachment":[{"href":"https:\/\/agoravape.com\/hu\/wp-json\/wp\/v2\/media?parent=14145"}],"wp:term":[{"taxonomy":"product_brand","embeddable":true,"href":"https:\/\/agoravape.com\/hu\/wp-json\/wp\/v2\/product_brand?post=14145"},{"taxonomy":"product_cat","embeddable":true,"href":"https:\/\/agoravape.com\/hu\/wp-json\/wp\/v2\/product_cat?post=14145"},{"taxonomy":"product_tag","embeddable":true,"href":"https:\/\/agoravape.com\/hu\/wp-json\/wp\/v2\/product_tag?post=14145"}],"curies":[{"name":"wp","href":"https:\/\/api.w.org\/{rel}","templated":true}]}}