{"id":14170,"date":"2025-10-12T22:04:18","date_gmt":"2025-10-12T14:04:18","guid":{"rendered":"https:\/\/green-grasshopper-921422.hostingersite.com\/?post_type=product&#038;p=14170"},"modified":"2026-01-19T22:06:46","modified_gmt":"2026-01-19T14:06:46","slug":"aivono-cel-lang-30k-puffs-kettos-legaramlas-vape","status":"publish","type":"product","link":"https:\/\/agoravape.com\/hu\/product\/aivono-aim-flame-30k-puffs-dual-airflow-vape\/","title":{"rendered":"Aivono Aim Flame 30K F\u00faj\u00e1s Kett\u0151s L\u00e9g\u00e1raml\u00e1s\u00fa Vape | Nagy F\u00faj\u00e1sok K\u00f6nnyen \u00c1ll\u00edthat\u00f3 Sz\u00edv\u00e1s\u00faval"},"content":{"rendered":"<h2 data-v-md-heading=\"what-are-the-highlights-of-the-aivono-aim-flame-30k-dual-intake-vape\" data-v-md-line=\"3\">Melyek az Aivono Aim Flame 30K kett\u0151s sz\u00edv\u00f3cs\u0151vel m\u0171k\u00f6d\u0151 vape legfontosabb tulajdons\u00e1gai?<\/h2>\n<p data-v-md-line=\"4\">Ha belef\u00e1radt\u00e1l a h\u00e9tv\u00e9ge el\u0151tti eldobhat\u00f3 vape-ek haszn\u00e1lat\u00e1ba, ez a term\u00e9k mindenk\u00e9ppen meg\u00e9r egy pillant\u00e1st. Az Aivono Aim Flame ak\u00e1r 30000 f\u00fav\u00f3ka kapacit\u00e1s\u00e1val is rendelkezik, egyszer\u0171 kezel\u00e9ssel \u00e9s sima sz\u00edv\u00f3er\u0151vel. A saj\u00e1t preferenci\u00e1id szerint \u00e1ll\u00edthatod be.<\/p>\n<p data-v-md-line=\"6\">Ha megb\u00edzhat\u00f3, stabil \u00edzre v\u00e1gysz, \u00e9s nem kell gyakran cser\u00e9lned az e-cigarett\u00e1dat, akkor ez a term\u00e9k az ide\u00e1lis v\u00e1laszt\u00e1s. Kett\u0151s sz\u00edv\u00f3ny\u00edl\u00e1s-be\u00e1ll\u00edt\u00e1si funkci\u00f3val rendelkezik, amely lehet\u0151v\u00e9 teszi, hogy k\u00f6nnyed\u00e9n sz\u0171kebb text\u00far\u00e1t vagy sz\u00e9lesebb l\u00e1t\u00f3mez\u0151t sz\u00edvj ki. Ezenk\u00edv\u00fcl praktikus akkumul\u00e1tor- \u00e9s e-folyad\u00e9kjelz\u0151kkel is fel van szerelve, amelyek eml\u00e9keztetnek, ha t\u00f6ltened vagy cser\u00e9lned kell az eszk\u00f6zt.<\/p>\n<h2 data-v-md-heading=\"excellent-performance-easy-and-convenient\" data-v-md-line=\"8\">Kiv\u00e1l\u00f3 teljes\u00edtm\u00e9ny, egyszer\u0171 \u00e9s k\u00e9nyelmes<\/h2>\n<p data-v-md-line=\"9\">Az Aim Flame magja egy dupla h\u00e1l\u00f3s tekercs. Ez\u00e9rt minden falat tiszta \u00e9s friss\u00edt\u0151 marad, \u00e1lland\u00f3 \u00edzzel. Amikor az akkumul\u00e1tor lemer\u00fcl\u0151ben van, Type-C k\u00e1bellel t\u00f6ltheted a telefonodon \u00e1ltal\u00e1ban haszn\u00e1lt k\u00e1belekkel. Gyermekz\u00e1rral is rendelkezik a nyugalom \u00e9rdek\u00e9ben, a gyorst\u00f6lt\u00e9si funkci\u00f3val pedig k\u00f6nnyed\u00e9n \u00e9lvezheted a vapel\u00e9s \u00f6r\u00f6m\u00e9t.<\/p>\n<h2 data-v-md-heading=\"specification-introduction\" data-v-md-line=\"11\">Specifik\u00e1ci\u00f3 Bevezet\u00e9s<\/h2>\n<ul data-v-md-line=\"12\">\n<li>Sz\u00edv\u00e1s gyakoris\u00e1ga: ak\u00e1r 30000-szer<\/li>\n<li>Nikotintartalom: 2%, 3% vagy 5%<\/li>\n<li>M\u0171k\u00f6d\u00e9si elv: Egyetlen f\u00faj\u00e1ssal aktiv\u00e1lhat\u00f3<\/li>\n<li>T\u00f6lt\u00e9s: C t\u00edpus\u00fa USB csatlakoz\u00f3<\/li>\n<li>\u00c1llapot: Kicsomagol\u00e1s ut\u00e1n azonnal haszn\u00e1lhat\u00f3<\/li>\n<li>E-folyad\u00e9k kapacit\u00e1sa: 25 milliliter<\/li>\n<li>Porlaszt\u00f3 mag: 1,2 \u03a9 dupla h\u00e1l\u00f3<\/li>\n<li>Akkumul\u00e1tor: 650 mAh-s \u00fajrat\u00f6lthet\u0151 13450 tiszta kobalt akkumul\u00e1tor<\/li>\n<li>Leveg\u0151be\u00f6ml\u0151: Kett\u0151s \u00e1ll\u00edthat\u00f3 leveg\u0151be\u00f6ml\u0151<\/li>\n<li>Kijelz\u0151: akkumul\u00e1torszint \u00e9s e-folyad\u00e9k szintjelz\u0151 f\u00e9nyek<\/li>\n<li>Biztons\u00e1g: Gyerekz\u00e1r<\/li>\n<li>M\u00e9ret \u00e9s s\u00faly: 48 \u00d7 82 mm, 87 g<\/li>\n<\/ul>\n<h2 data-v-md-heading=\"for-you-for-your-business\" data-v-md-line=\"25\">\u00d6nnek, az \u00d6n v\u00e1llalkoz\u00e1s\u00e1nak<\/h2>\n<p data-v-md-line=\"26\">Haszn\u00e1lhatod az Aivono Aim Flame 30K-t szem\u00e9lyes haszn\u00e1latra, vagy hozz\u00e1adhatod az \u00fczletedhez. A nagykereskedelmi kartondobozok 200 darabot tartalmaznak, \u00edgy k\u00f6nnyen felt\u00f6ltheted a polcokat \u00e9s kiel\u00e9g\u00edtheted a v\u00e1s\u00e1rl\u00f3kat.<\/p>\n<p data-v-md-line=\"28\">Megb\u00edzhat\u00f3 partnereken, p\u00e9ld\u00e1ul UPS-en, DPD-n \u00e9s DHL-en kereszt\u00fcl sz\u00e1ll\u00edtunk, DDP alapon, az ad\u00f3k megfizet\u00e9se ut\u00e1n. Rendel\u00e9s\u00e9t id\u0151ben k\u00e9zbes\u00edtj\u00fck, \u00e9s nyomon k\u00f6vet\u00e9si nyilv\u00e1ntart\u00e1ssal rendelkez\u00fcnk a v\u00e1mn\u00e1l esetlegesen el\u0151fordul\u00f3 balesetek elker\u00fcl\u00e9se \u00e9rdek\u00e9ben.<\/p>\n<h2 data-v-md-heading=\"why-do-you-like-it\" data-v-md-line=\"30\">Mi\u00e9rt tetszik?<\/h2>\n<ul data-v-md-line=\"31\">\n<li>Nagy sz\u00edv\u00f3teljes\u00edtm\u00e9ny: hosszabb sz\u00edv\u00e1si id\u0151, nem kell gyakran \u00faj patronokat v\u00e1s\u00e1rolni.<\/li>\n<li>Nikotin kiv\u00e1laszt\u00e1sa: V\u00e1lassza ki a napi adagj\u00e1nak megfelel\u0151 koncentr\u00e1ci\u00f3t.<\/li>\n<li>\u00dajrat\u00f6lthet\u0151: Minden v\u00e1s\u00e1rl\u00e1skor kifogy az e-liquidb\u0151l.<\/li>\n<li>H\u00e1l\u00f3s tekercs: minden sz\u00edv\u00e1sn\u00e1l meg\u0151rzi az egys\u00e9ges text\u00far\u00e1t.<\/li>\n<li>\u00c1ll\u00edthat\u00f3 sz\u00edv\u00f3er\u0151: v\u00e1lthat er\u0151s \u00e9s gyenge sz\u00edv\u00f3er\u0151 k\u00f6z\u00f6tt.<\/li>\n<\/ul>\n<h2 data-v-md-heading=\"why-choose-to-collaborate-with-agoravape\" data-v-md-line=\"37\">Mi\u00e9rt \u00e9rdemes az AgoraVape-pel egy\u00fcttm\u0171k\u00f6dni?<\/h2>\n<p data-v-md-line=\"38\">Kiz\u00e1r\u00f3lag 100%-ban eredeti term\u00e9keket forgalmazunk, ebben biztosak lehet\u00fcnk. Ha nagykereskedelmi \u00e1ron v\u00e1s\u00e1rolsz Aivono Aim Flame 30K dupla sz\u00edv\u00f3ny\u00edl\u00e1s\u00fa vape-eket, kedvezm\u00e9nyes \u00e1rakat, megb\u00edzhat\u00f3 \u00fcgyf\u00e9lszolg\u00e1latot, valamint gyors \u00e9s megb\u00edzhat\u00f3 sz\u00e1ll\u00edt\u00e1st kapsz. K\u00e9rj\u00fck, vedd fel vel\u00fcnk a kapcsolatot, \u00e9s mi olyan eszk\u00f6z\u00f6ket biztos\u00edtunk \u00fcgyfeleidnek, amelyeket val\u00f3ban szeretnek.<\/p>","protected":false},"excerpt":{"rendered":"<p>Melyek az Aivono Aim Flame 30K dual intake vape kiemelked\u0151 jellemz\u0151i? Ha belef\u00e1radt\u00e1l az eldobhat\u00f3 g\u0151z\u00f6l\u0151k haszn\u00e1lat\u00e1ba<\/p>","protected":false},"featured_media":14185,"comment_status":"open","ping_status":"closed","template":"","meta":[],"product_brand":[211],"product_cat":[124,185,189,1637,194,138,196,174,175,193,191,173,186,180,190,192],"product_tag":[],"class_list":{"0":"post-14170","1":"product","2":"type-product","3":"status-publish","4":"has-post-thumbnail","6":"product_brand-aivono","7":"product_cat-vape-by-brand","8":"product_cat-10000-puffs-high-capacity","9":"product_cat-20mg-standard-nicotine-vapes","10":"product_cat-30000-puffs","11":"product_cat-adjustable-airflow","12":"product_cat-aivono","13":"product_cat-child-safety-features","14":"product_cat-fruit-flavors","15":"product_cat-icy-mint","16":"product_cat-mesh-coil","17":"product_cat-rechargeable-disposables","18":"product_cat-vape-by-flavor-profile","19":"product_cat-vape-by-nicotine-strength","20":"product_cat-vape-by-puff-count","21":"product_cat-vape-by-feature-or-type","22":"product_cat-vapes-with-screens","24":"first","25":"onbackorder","26":"shipping-taxable","27":"purchasable","28":"product-type-variable","29":"has-default-attributes"},"tiered_pricing_type":"percentage","tiered_pricing_fixed_rules":[],"tiered_pricing_product_settings":{"layout":"default","base_unit_name":{"singular":null,"plural":null},"default_variation":null},"tiered_pricing_minimum_quantity":10,"tiered_pricing_roles_data":[],"tiered_pricing_percentage_rules":{"30":"29","50":"35","100":"40","200":"44","500":"47","1000":"49"},"tiered_pricing_maximum_quantity":null,"tiered_pricing_quantity_step":"10","_links":{"self":[{"href":"https:\/\/agoravape.com\/hu\/wp-json\/wp\/v2\/product\/14170","targetHints":{"allow":["GET"]}}],"collection":[{"href":"https:\/\/agoravape.com\/hu\/wp-json\/wp\/v2\/product"}],"about":[{"href":"https:\/\/agoravape.com\/hu\/wp-json\/wp\/v2\/types\/product"}],"replies":[{"embeddable":true,"href":"https:\/\/agoravape.com\/hu\/wp-json\/wp\/v2\/comments?post=14170"}],"version-history":[{"count":0,"href":"https:\/\/agoravape.com\/hu\/wp-json\/wp\/v2\/product\/14170\/revisions"}],"wp:featuredmedia":[{"embeddable":true,"href":"https:\/\/agoravape.com\/hu\/wp-json\/wp\/v2\/media\/14185"}],"wp:attachment":[{"href":"https:\/\/agoravape.com\/hu\/wp-json\/wp\/v2\/media?parent=14170"}],"wp:term":[{"taxonomy":"product_brand","embeddable":true,"href":"https:\/\/agoravape.com\/hu\/wp-json\/wp\/v2\/product_brand?post=14170"},{"taxonomy":"product_cat","embeddable":true,"href":"https:\/\/agoravape.com\/hu\/wp-json\/wp\/v2\/product_cat?post=14170"},{"taxonomy":"product_tag","embeddable":true,"href":"https:\/\/agoravape.com\/hu\/wp-json\/wp\/v2\/product_tag?post=14170"}],"curies":[{"name":"wp","href":"https:\/\/api.w.org\/{rel}","templated":true}]}}