{"id":14195,"date":"2025-10-12T22:12:57","date_gmt":"2025-10-12T14:12:57","guid":{"rendered":"https:\/\/green-grasshopper-921422.hostingersite.com\/?post_type=product&#038;p=14195"},"modified":"2025-12-31T22:59:31","modified_gmt":"2025-12-31T14:59:31","slug":"aivono-cel-flash-35k-puffs-dual-mesh-vape","status":"publish","type":"product","link":"https:\/\/agoravape.com\/hu\/product\/aivono-aim-flash-35k-puffs-dual-mesh-vape\/","title":{"rendered":"Aivono Aim Flash 35K Puffs Dual Mesh Eldobhat\u00f3 Vape | Nagy F\u00faj\u00e1sok, Egyenletes \u00cdz"},"content":{"rendered":"<h2 data-v-md-heading=\"what-are-the-highlights-of-the-aivono-aim-flash-35k-dual-network-disposable-vape\" data-v-md-line=\"3\">Melyek az Aivono Aim Flash 35K kett\u0151s h\u00e1l\u00f3zat\u00fa eldobhat\u00f3 vape legfontosabb tulajdons\u00e1gai?<\/h2>\n<p data-v-md-line=\"4\">Ha eleged van az eldobhat\u00f3, n\u00e9h\u00e1ny napon bel\u00fcl lej\u00e1r\u00f3 vape-ekb\u0151l, ez a term\u00e9k megv\u00e1ltoztatja az \u00e9lm\u00e9nyt. Az Aivono Aim Flash dupla maggal van felszerelve, \u00e9s ak\u00e1r 35000 harap\u00e1st is k\u00e9pes befogadni, lehet\u0151v\u00e9 t\u00e9ve a gazdag \u00edz meg\u0151rz\u00e9s\u00e9t az elej\u00e9t\u0151l a v\u00e9g\u00e9ig. Ha egy tart\u00f3s, kiv\u00e1l\u00f3 \u00edz\u0171 vape-t szeretn\u00e9l, amely nem ig\u00e9nyel f\u00e1raszt\u00f3 be\u00e1ll\u00edt\u00e1st vagy karbantart\u00e1st, akkor ez az ide\u00e1lis v\u00e1laszt\u00e1s.<\/p>\n<p data-v-md-line=\"6\">Azt gondolhatod, hogy az \u00edz fokozatosan cs\u00f6kkenni fog a k\u00e9sz\u00fcl\u00e9k hossz\u00fa t\u00e1v\u00fa haszn\u00e1lata ut\u00e1n, de a kett\u0151s h\u00e1l\u00f3s kialak\u00edt\u00e1s minden alkalommal sima \u00e9s egyenletes sz\u00edv\u00e1st biztos\u00edt. Csak v\u00e1laszd ki a kedvenc \u00edzedet \u00e9s nikotinkoncentr\u00e1ci\u00f3dat, \u00e9s m\u00e1ris k\u00f6nnyed\u00e9n elkezdheted.<\/p>\n<h2 data-v-md-heading=\"excellent-performance-no-need-for-complex-operations\" data-v-md-line=\"8\">Kiv\u00e1l\u00f3 teljes\u00edtm\u00e9ny, nincs sz\u00fcks\u00e9g bonyolult m\u0171veletekre<\/h2>\n<p data-v-md-line=\"9\">A term\u00e9k legf\u0151bb el\u0151nye a kett\u0151s mag. Egyenletesen melegszik, \u00edgy minden egyes szippant\u00e1ssal teljes \u00e9s tiszta \u00edzt \u00e9lvezhetsz. Ha az akkumul\u00e1tor lemer\u00fclt, a Type-C csatlakoz\u00f3n kereszt\u00fcl t\u00f6lthet\u0151, a t\u00f6lt\u0151k\u00e1bel pedig megegyezik a telefon t\u00f6lt\u0151k\u00e1bel\u00e9vel. Nincs sz\u00fcks\u00e9g gombokra, nincs sz\u00fcks\u00e9g men\u00fckre. Csak vegy\u00e9l egy m\u00e9ly l\u00e9legzetet, \u00e9s m\u00e1ris haszn\u00e1latra k\u00e9sz.<\/p>\n<h2 data-v-md-heading=\"specification-introduction\" data-v-md-line=\"11\">Specifik\u00e1ci\u00f3 Bevezet\u00e9s<\/h2>\n<ul data-v-md-line=\"12\">\n<li>Sz\u00edv\u00e1sok sz\u00e1ma: ak\u00e1r 35000 sz\u00edv\u00e1s<\/li>\n<li>E-folyad\u00e9k kapacit\u00e1sa: 28 milliliter<\/li>\n<li>Akkumul\u00e1tor: 850 mAh-s \u00fajrat\u00f6lthet\u0151 akkumul\u00e1tor<\/li>\n<li>Porlaszt\u00f3 mag: 1,0 \u03a9 dupla h\u00e1l\u00f3<\/li>\n<li>Nikotinkoncentr\u00e1ci\u00f3: 0%, 2%, 3% \u00e9s 5% opcion\u00e1lis<\/li>\n<li>T\u00f6lt\u00e9s: C t\u00edpus\u00fa USB csatlakoz\u00f3<\/li>\n<li>M\u0171k\u00f6d\u00e9si elv: Egyetlen f\u00faj\u00e1ssal aktiv\u00e1lhat\u00f3<\/li>\n<li>\u00c1llapot: Kicsomagol\u00e1s ut\u00e1n haszn\u00e1latra k\u00e9sz<\/li>\n<\/ul>\n<h2 data-v-md-heading=\"full-range-of-flavors\" data-v-md-line=\"21\">Full range of flavors<\/h2>\n<ul data-v-md-line=\"22\">\n<li>Eper turmix<\/li>\n<li>Eper g\u00f6r\u00f6gdinnye<\/li>\n<li>M\u00e1lna cseresznye<\/li>\n<li>\u00c1fony\u00e1s turmix<\/li>\n<li>Lemon mint<\/li>\n<li>Peach Juice<\/li>\n<li>\u00c1fonya \u00e9s sz\u0151l\u0151<\/li>\n<li>G\u00f6r\u00f6gdinnye r\u00e1g\u00f3gumi<\/li>\n<li>Savany\u00fa alma<\/li>\n<li>Mang\u00f3 anan\u00e1sz<\/li>\n<li>K\u00e9k Ranch<\/li>\n<li>G\u00f6r\u00f6gdinnye turmix<\/li>\n<li>Sz\u0151l\u0151turmix<\/li>\n<li>Vegyes bogy\u00f3s gy\u00fcm\u00f6lcs\u00f6k<\/li>\n<li>Eper-kivi<\/li>\n<\/ul>\n<h2 data-v-md-heading=\"for-you-for-your-business\" data-v-md-line=\"38\">\u00d6nnek, az \u00d6n v\u00e1llalkoz\u00e1s\u00e1nak<\/h2>\n<p data-v-md-line=\"39\">Az Aivono Aim Flash 35K-t megv\u00e1s\u00e1rolhatja szem\u00e9lyes haszn\u00e1latra, vagy hozz\u00e1adhatja az \u00fczlet\u00e9hez. Nagykereskedelmi csomagol\u00e1st k\u00edn\u00e1lunk, \u00e9s a csomagol\u00e1s mennyis\u00e9ge t\u00e9telenk\u00e9nt v\u00e1ltozhat. K\u00e9rj\u00fck, vegye fel vel\u00fcnk a kapcsolatot, \u00e9s mi meger\u0151s\u00edtj\u00fck rendel\u00e9se aktu\u00e1lis csomagol\u00e1si m\u00e9ret\u00e9t.<\/p>\n<p data-v-md-line=\"41\">V\u00e1mfizet\u00e9ses k\u00e9zbes\u00edt\u00e9st (DDP) biztos\u00edtunk megb\u00edzhat\u00f3 partnereinken, mint p\u00e9ld\u00e1ul a UPS, a DPD \u00e9s a DHL Eur\u00f3pa-szerte, hogy biztos\u00edtsuk a DDP k\u00e9zbes\u00edt\u00e9st \u00e9s elker\u00fclj\u00fck a v\u00e1ratlan v\u00e1m\u00fcgyi incidenseket. A rendel\u00e9s nyomon k\u00f6vethet\u0151. A csomagol\u00e1s bizalmas. A fizet\u00e9s biztons\u00e1gos \u00e1tj\u00e1r\u00f3n kereszt\u00fcl t\u00f6rt\u00e9nik.<\/p>\n<h2 data-v-md-heading=\"why-do-you-like-it\" data-v-md-line=\"43\">Mi\u00e9rt tetszik?<\/h2>\n<ul data-v-md-line=\"44\">\n<li>Massz\u00edv sz\u00edv\u00f3er\u0151: Tart\u00f3s \u00e9s hossz\u00fa \u00e9lettartam\u00fa, an\u00e9lk\u00fcl, hogy a vape-eket gyakran kellene cser\u00e9lni.<\/li>\n<li>Nikotinv\u00e1laszt\u00e1s: V\u00e1lassza ki az \u00d6n preferenci\u00e1inak \u00e9s a helyi el\u0151\u00edr\u00e1soknak megfelel\u0151 koncentr\u00e1ci\u00f3t.<\/li>\n<li>\u00dajrat\u00f6lthet\u0151: Minden megv\u00e1s\u00e1rolt e-folyad\u00e9kot felhaszn\u00e1lhatsz.<\/li>\n<li>H\u00e1l\u00f3s tekercs: Az els\u0151 falatt\u00f3l az utols\u00f3 falatig az \u00edze \u00e1lland\u00f3 marad.<\/li>\n<\/ul>\n<h2 data-v-md-heading=\"quick-explanation-of-compliance\" data-v-md-line=\"49\">A megfelel\u0151s\u00e9g gyors magyar\u00e1zata<\/h2>\n<p data-v-md-line=\"50\">A nikotinell\u00e1t\u00e1s piaconk\u00e9nt elt\u00e9r\u0151. Sz\u00fcks\u00e9g szerint olyan opci\u00f3kat k\u00edn\u00e1lunk, amelyek megfelelnek a TPD\/TRRP szabv\u00e1nyoknak, \u00e9s aj\u00e1nl\u00e1sokat tudunk adni az \u00d6n orsz\u00e1g\u00e1ban\/r\u00e9gi\u00f3j\u00e1ban megengedett e-folyad\u00e9k koncentr\u00e1ci\u00f3j\u00e1r\u00f3l. Minden k\u00e9szlet eredeti, \u00e9s egy\u00e9rtelm\u0171 c\u00edmk\u00e9kkel \u00e9s biztons\u00e1gi inform\u00e1ci\u00f3kkal rendelkezik.<\/p>\n<h2 data-v-md-heading=\"why-choose-to-collaborate-with-agoravape\" data-v-md-line=\"52\">Mi\u00e9rt \u00e9rdemes az AgoraVape-pel egy\u00fcttm\u0171k\u00f6dni?<\/h2>\n<p data-v-md-line=\"53\">Eur\u00f3pa egyik megb\u00edzhat\u00f3 vape forgalmaz\u00f3ja vagyunk, \u00e9s csak eredeti term\u00e9keket \u00e1rus\u00edtunk. V\u00e1llalati \u00fcgyfeleink kedvezm\u00e9nyes nagykereskedelmi \u00e1rakat, gyors v\u00e1laszid\u0151t \u00e9s gyors DDP kisz\u00e1ll\u00edt\u00e1si szolg\u00e1ltat\u00e1sokat \u00e9lvezhetnek az Aivono Aim Flash 35K eldobhat\u00f3 vape-ek eset\u00e9ben. K\u00e9r\u00e9sre OEM\/ODM opci\u00f3kat is tudunk biztos\u00edtani. K\u00e9rj\u00fck, vegye fel vel\u00fcnk a kapcsolatot, hogy megb\u00edzhat\u00f3 eszk\u00f6zt foglaljon \u00fcgyfelei sz\u00e1m\u00e1ra.<\/p>","protected":false},"excerpt":{"rendered":"<p>&nbsp;<\/p>","protected":false},"featured_media":14215,"comment_status":"open","ping_status":"closed","template":"","meta":[],"product_brand":[211],"product_cat":[124,187,185,189,138,174,175,193,191,173,186,180,190],"product_tag":[],"class_list":{"0":"post-14195","1":"product","2":"type-product","3":"status-publish","4":"has-post-thumbnail","6":"product_brand-aivono","7":"product_cat-vape-by-brand","8":"product_cat-0mg-nicotine-free-vapes","9":"product_cat-10000-puffs-high-capacity","10":"product_cat-20mg-standard-nicotine-vapes","11":"product_cat-aivono","12":"product_cat-fruit-flavors","13":"product_cat-icy-mint","14":"product_cat-mesh-coil","15":"product_cat-rechargeable-disposables","16":"product_cat-vape-by-flavor-profile","17":"product_cat-vape-by-nicotine-strength","18":"product_cat-vape-by-puff-count","19":"product_cat-vape-by-feature-or-type","21":"first","22":"instock","23":"shipping-taxable","24":"purchasable","25":"product-type-variable","26":"has-default-attributes"},"tiered_pricing_type":"percentage","tiered_pricing_fixed_rules":[],"tiered_pricing_product_settings":{"layout":"default","base_unit_name":{"singular":null,"plural":null},"default_variation":null},"tiered_pricing_minimum_quantity":10,"tiered_pricing_roles_data":[],"tiered_pricing_percentage_rules":{"30":"29","50":"35","100":"40","200":"44","500":"47","1000":"49"},"tiered_pricing_maximum_quantity":null,"tiered_pricing_quantity_step":"10","_links":{"self":[{"href":"https:\/\/agoravape.com\/hu\/wp-json\/wp\/v2\/product\/14195","targetHints":{"allow":["GET"]}}],"collection":[{"href":"https:\/\/agoravape.com\/hu\/wp-json\/wp\/v2\/product"}],"about":[{"href":"https:\/\/agoravape.com\/hu\/wp-json\/wp\/v2\/types\/product"}],"replies":[{"embeddable":true,"href":"https:\/\/agoravape.com\/hu\/wp-json\/wp\/v2\/comments?post=14195"}],"version-history":[{"count":0,"href":"https:\/\/agoravape.com\/hu\/wp-json\/wp\/v2\/product\/14195\/revisions"}],"wp:featuredmedia":[{"embeddable":true,"href":"https:\/\/agoravape.com\/hu\/wp-json\/wp\/v2\/media\/14215"}],"wp:attachment":[{"href":"https:\/\/agoravape.com\/hu\/wp-json\/wp\/v2\/media?parent=14195"}],"wp:term":[{"taxonomy":"product_brand","embeddable":true,"href":"https:\/\/agoravape.com\/hu\/wp-json\/wp\/v2\/product_brand?post=14195"},{"taxonomy":"product_cat","embeddable":true,"href":"https:\/\/agoravape.com\/hu\/wp-json\/wp\/v2\/product_cat?post=14195"},{"taxonomy":"product_tag","embeddable":true,"href":"https:\/\/agoravape.com\/hu\/wp-json\/wp\/v2\/product_tag?post=14195"}],"curies":[{"name":"wp","href":"https:\/\/api.w.org\/{rel}","templated":true}]}}