{"id":14233,"date":"2025-10-12T22:25:23","date_gmt":"2025-10-12T14:25:23","guid":{"rendered":"https:\/\/green-grasshopper-921422.hostingersite.com\/?post_type=product&#038;p=14233"},"modified":"2026-03-27T06:21:43","modified_gmt":"2026-03-27T05:21:43","slug":"aivono-aim-magic-20k-puffs-top-fill-vape","status":"publish","type":"product","link":"https:\/\/agoravape.com\/hu\/product\/aivono-aim-magic-20k-puffs-top-fill-vape\/","title":{"rendered":"Aivono Aim Magic 20K Puffs fel\u00fclt\u00f6lt\u0151s eldobhat\u00f3 vape | Hossz\u00fa t\u00e1v\u00fa k\u00e9nyelem ropog\u00f3s \u00edzzel"},"content":{"rendered":"<h2 data-v-md-heading=\"what-are-the-advantages-of-aivono-aim-magic-20k-suction-top-injection-disposable-vape\" data-v-md-line=\"3\"><\/h2>\n<h2 data-v-md-heading=\"what-are-the-advantages-of-aivono-aim-magic-20k-suction-top-injection-disposable-vape\" data-v-md-line=\"3\">Milyen el\u0151nyei vannak az Aivono Aim Magic 20K sz\u00edv\u00f3kupakos, eldobhat\u00f3 vape-nek?<\/h2>\n<p data-v-md-line=\"4\">Ha eleged van abb\u00f3l, hogy n\u00e9h\u00e1ny naponta cser\u00e9led az e-cigarett\u00e1dat, akkor ez a term\u00e9k garant\u00e1ltan felfriss\u00edt. Az Aivono Aim Magic ak\u00e1r 20000 sz\u00edv\u00f3kapacit\u00e1ssal is rendelkezik, kompakt \u00e9s hordozhat\u00f3, \u00edgy k\u00f6nnyed\u00e9n el\u00e9rheted a hossz\u00fa akkumul\u00e1tor-\u00fczemid\u0151t.<\/p>\n<p data-v-md-line=\"6\">Azoknak a felhaszn\u00e1l\u00f3knak, akik a stabil \u00edzt \u00e9s a k\u00e9nyelmes mindennapi haszn\u00e1latot keresik, ez mindenk\u00e9ppen ide\u00e1lis v\u00e1laszt\u00e1s. A j\u00f3l l\u00e1that\u00f3 akkumul\u00e1tor- \u00e9s e-folyad\u00e9kszint-kijelz\u0151 lehet\u0151v\u00e9 teszi az \u00e1llapot b\u00e1rmikor nyomon k\u00f6vet\u00e9s\u00e9t. Nincsenek balesetek utaz\u00e1s k\u00f6zben, z\u00f6kken\u0151mentes haszn\u00e1lat.<\/p>\n<h2 data-v-md-heading=\"excellent-performance-worry-free\" data-v-md-line=\"8\">Kiv\u00e1l\u00f3 teljes\u00edtm\u00e9ny, gondtalan<\/h2>\n<p data-v-md-line=\"9\">A be\u00e9p\u00edtett 1,0 \u03a9-os kett\u0151s h\u00e1l\u00f3s tekercsek biztos\u00edtj\u00e1k, hogy minden falat olyan finom legyen, mint az els\u0151 korty. Stabil \u00edz \u00e9s tiszta f\u00fcst. Amikor az akkumul\u00e1tor lemer\u00fclt, a telefonon \u00e1ltal\u00e1ban haszn\u00e1lt Type-C adatk\u00e1bellel t\u00f6ltheti. Egyszer\u0171 \u00e9s k\u00e9nyelmes. A fels\u0151 t\u00f6lt\u00e9si kialak\u00edt\u00e1s praktikus k\u00e9nyelmet biztos\u00edt a karbantart\u00e1shoz \u00e9s a t\u00f6lt\u00e9shez B2B k\u00f6rnyezetben.<\/p>\n<h2 data-v-md-heading=\"specification-introduction\" data-v-md-line=\"11\">Specifik\u00e1ci\u00f3 Bevezet\u00e9s<\/h2>\n<ul data-v-md-line=\"12\">\n<li>Sz\u00edv\u00e1s gyakoris\u00e1ga: ak\u00e1r 20000-szer<\/li>\n<li>Nikotintartalom: 0%, 2%, 3% vagy 5%<\/li>\n<li>M\u0171k\u00f6d\u00e9si elv: Egyetlen f\u00faj\u00e1ssal aktiv\u00e1lhat\u00f3<\/li>\n<li>T\u00f6lt\u00e9si m\u00f3d: C t\u00edpus\u00fa USB interf\u00e9sz<\/li>\n<li>E-folyad\u00e9k kapacit\u00e1sa: 26 milliliter<\/li>\n<li>Porlaszt\u00f3 mag: 1,0 \u03a9 dupla h\u00e1l\u00f3<\/li>\n<li>Akkumul\u00e1tor: 600 mAh-s \u00fajrat\u00f6lthet\u0151 akkumul\u00e1tor<\/li>\n<li>Kijelz\u0151: akkumul\u00e1tor t\u00f6lt\u00f6tts\u00e9gi szintj\u00e9nek kijelz\u00e9se \u00e9s e-folyad\u00e9k szintj\u00e9nek kijelz\u00e9se<\/li>\n<li>\u00c1llapot: Kicsomagol\u00e1s ut\u00e1n haszn\u00e1latra k\u00e9sz<\/li>\n<\/ul>\n<h2 data-v-md-heading=\"full-range-of-flavors\" data-v-md-line=\"22\">Full range of flavors<\/h2>\n<ul data-v-md-line=\"23\">\n<li>\u00c1fony\u00e1s turmix<\/li>\n<li>Eper turmix<\/li>\n<li>G\u00f6r\u00f6gdinnye turmix<\/li>\n<li>Anan\u00e1szos k\u00f3kuszos turmix<\/li>\n<li>Anan\u00e1szos-mang\u00f3s turmix<\/li>\n<li>Vegyes bogy\u00f3s turmix<\/li>\n<li>Epres-g\u00f6r\u00f6gdinnye turmix<\/li>\n<li>\u00c1fony\u00e1s turmix<\/li>\n<li>\u0150szibarack turmix<\/li>\n<li>Eperfagylalt<\/li>\n<\/ul>\n<h2 data-v-md-heading=\"for-you-and-your-business\" data-v-md-line=\"34\">\u00d6nnek \u00e9s v\u00e1llalkoz\u00e1s\u00e1nak<\/h2>\n<p data-v-md-line=\"35\">V\u00e1s\u00e1rolhatsz k\u00e9sz\u00fcl\u00e9ket szem\u00e9lyes haszn\u00e1latra, vagy felhalmozhatod a k\u00e9szleteidet az \u00fczletedbe. A nagykereskedelmi kartondobozok 200 egys\u00e9get k\u00e9pesek befogadni, \u00edgy k\u00f6nnyed\u00e9n tervezheted a k\u00e9szletedet. Ad\u00f3mentes DDP sz\u00e1ll\u00edt\u00e1si szolg\u00e1ltat\u00e1sokat ny\u00fajtunk megb\u00edzhat\u00f3 partnerekkel, mint p\u00e9ld\u00e1ul a UPS DPD \u00e9s a DHL, \u00edgy nem lesz baleset a v\u00e1mn\u00e1l.<\/p>\n<p data-v-md-line=\"37\">B2B csapatok sz\u00e1m\u00e1ra az Aim Magic \u00fcres kont\u00e9nereket sz\u00e1ll\u00edt, amelyeket az \u00fcgyfelek maguk t\u00f6lthetnek meg. Ezenk\u00edv\u00fcl egyedi vil\u00e1g\u00edt\u00f3 log\u00f3kat is v\u00e1laszthat, hogy m\u00e1rk\u00e1ja kit\u0171nj\u00f6n a polcokon.<\/p>\n<h2 data-v-md-heading=\"why-do-you-like-it\" data-v-md-line=\"39\">Mi\u00e9rt tetszik?<\/h2>\n<ul data-v-md-line=\"40\">\n<li>T\u00f6meges doh\u00e1nyz\u00e1s: Tart\u00f3s \u00e9s hossz\u00fa \u00e9lettartam\u00fa, nem kell gyakran \u00faj cigarett\u00e1t v\u00e1s\u00e1rolni.<\/li>\n<li>Nikotin kiv\u00e1laszt\u00e1sa: V\u00e1lassza ki a napi haszn\u00e1lat\u00e1nak megfelel\u0151 koncentr\u00e1ci\u00f3t.<\/li>\n<li>\u00dajrat\u00f6lthet\u0151: Az \u00f6sszes megv\u00e1s\u00e1rolt e-folyad\u00e9kot felhaszn\u00e1lod.<\/li>\n<li>H\u00e1l\u00f3s tekercs: Minden alkalommal k\u00f6vetkezetes \u00e9s \u00edzletes \u00e9lm\u00e9nyt ny\u00fajt.<\/li>\n<li>Intelligens kijelz\u0151: \u00c1ttekinthet\u0151 k\u00e9pet ad az akkumul\u00e1tor \u00e9s az e-folyad\u00e9k szintj\u00e9r\u0151l, \u00edgy el\u0151re tervezhetsz.<\/li>\n<li>Fels\u0151 olajbefecskendez\u00e9s: Mind az \u00fczemeltet\u00e9si csapat, mind a nagykereskedelmi felhaszn\u00e1l\u00f3k k\u00f6nnyen befecskendezhetnek olajat.<\/li>\n<\/ul>\n<h2 data-v-md-heading=\"why-collaborate-with-agoravape\" data-v-md-line=\"47\">Mi\u00e9rt \u00e9rdemes az AgoraVape-pel egy\u00fcttm\u0171k\u00f6dni?<\/h2>\n<p data-v-md-line=\"48\">Kiz\u00e1r\u00f3lag 100% eredeti term\u00e9keket forgalmazunk, \u00e9s garant\u00e1ljuk a sz\u00e1ll\u00edtott term\u00e9kek min\u0151s\u00e9g\u00e9t. A kereskedelmi \u00fcgyfelek sz\u00e1m\u00e1ra ez azt jelenti, hogy <a class=\"wpil_keyword_link\" href=\"https:\/\/agoravape.com\/hu\/marka\/aivono\/\" target=\"_blank\" rel=\"noopener\" title=\"AIVONO\" data-wpil-keyword-link=\"linked\" data-wpil-monitor-id=\"7176\">Aivono<\/a> Az Aim Magic 20K sz\u00edv\u00f3 fels\u0151 olajozott eldobhat\u00f3 p\u00e1rol\u00f3k kedvezm\u00e9nyes nagykereskedelmi \u00e1rakkal, megb\u00edzhat\u00f3 \u00fcgyf\u00e9lszolg\u00e1lattal, valamint gyors \u00e9s megb\u00edzhat\u00f3 logisztik\u00e1val rendelkeznek. Vegye fel vel\u00fcnk a kapcsolatot, \u00e9s v\u00e1s\u00e1roljon egy olyan k\u00e9sz\u00fcl\u00e9ket, amelyet \u00fcgyfelei igaz\u00e1n \u00e9rt\u00e9kelni fognak.<\/p>","protected":false},"excerpt":{"rendered":"<p>What are the advantages of Aivono Aim Magic 20K suction top injection disposable vape? If you are tired of changing<\/p>","protected":false},"featured_media":14264,"comment_status":"open","ping_status":"closed","template":"","meta":[],"product_brand":[211],"product_cat":[124,187,185,1636,189,138,174,175,193,191,173,186,180,190,192],"product_tag":[],"class_list":{"0":"post-14233","1":"product","2":"type-product","3":"status-publish","4":"has-post-thumbnail","6":"product_brand-aivono","7":"product_cat-vape-by-brand","8":"product_cat-0mg-nicotine-free-vapes","9":"product_cat-10000-puffs-high-capacity","10":"product_cat-20000-puffs","11":"product_cat-20mg-standard-nicotine-vapes","12":"product_cat-aivono","13":"product_cat-fruit-flavors","14":"product_cat-icy-mint","15":"product_cat-mesh-coil","16":"product_cat-rechargeable-disposables","17":"product_cat-vape-by-flavor-profile","18":"product_cat-vape-by-nicotine-strength","19":"product_cat-vape-by-puff-count","20":"product_cat-vape-by-feature-or-type","21":"product_cat-vapes-with-screens","23":"first","24":"instock","25":"shipping-taxable","26":"purchasable","27":"product-type-variable","28":"has-default-attributes"},"tiered_pricing_type":"percentage","tiered_pricing_fixed_rules":[],"tiered_pricing_product_settings":{"layout":"default","base_unit_name":{"singular":null,"plural":null},"default_variation":null},"tiered_pricing_minimum_quantity":10,"tiered_pricing_roles_data":[],"tiered_pricing_percentage_rules":{"30":"29","50":"35","100":"40","200":"44","500":"47","1000":"49"},"tiered_pricing_maximum_quantity":null,"tiered_pricing_quantity_step":"10","_links":{"self":[{"href":"https:\/\/agoravape.com\/hu\/wp-json\/wp\/v2\/product\/14233","targetHints":{"allow":["GET"]}}],"collection":[{"href":"https:\/\/agoravape.com\/hu\/wp-json\/wp\/v2\/product"}],"about":[{"href":"https:\/\/agoravape.com\/hu\/wp-json\/wp\/v2\/types\/product"}],"replies":[{"embeddable":true,"href":"https:\/\/agoravape.com\/hu\/wp-json\/wp\/v2\/comments?post=14233"}],"version-history":[{"count":1,"href":"https:\/\/agoravape.com\/hu\/wp-json\/wp\/v2\/product\/14233\/revisions"}],"predecessor-version":[{"id":29828,"href":"https:\/\/agoravape.com\/hu\/wp-json\/wp\/v2\/product\/14233\/revisions\/29828"}],"wp:featuredmedia":[{"embeddable":true,"href":"https:\/\/agoravape.com\/hu\/wp-json\/wp\/v2\/media\/14264"}],"wp:attachment":[{"href":"https:\/\/agoravape.com\/hu\/wp-json\/wp\/v2\/media?parent=14233"}],"wp:term":[{"taxonomy":"product_brand","embeddable":true,"href":"https:\/\/agoravape.com\/hu\/wp-json\/wp\/v2\/product_brand?post=14233"},{"taxonomy":"product_cat","embeddable":true,"href":"https:\/\/agoravape.com\/hu\/wp-json\/wp\/v2\/product_cat?post=14233"},{"taxonomy":"product_tag","embeddable":true,"href":"https:\/\/agoravape.com\/hu\/wp-json\/wp\/v2\/product_tag?post=14233"}],"curies":[{"name":"wp","href":"https:\/\/api.w.org\/{rel}","templated":true}]}}