{"id":14267,"date":"2025-10-12T22:37:06","date_gmt":"2025-10-12T14:37:06","guid":{"rendered":"https:\/\/green-grasshopper-921422.hostingersite.com\/?post_type=product&#038;p=14267"},"modified":"2026-03-27T06:21:42","modified_gmt":"2026-03-27T05:21:42","slug":"aivono-cel-freak-13k-puff-szines-kepernyo-vape","status":"publish","type":"product","link":"https:\/\/agoravape.com\/hu\/product\/aivono-aim-freak-13k-puffs-color-screen-vape\/","title":{"rendered":"Aivono Aim Freak 13K F\u00faj\u00e1s Sz\u00ednes Kijelz\u0151s Vape | Nagy F\u00faj\u00e1sok, Tiszta Kijelz\u0151, K\u00f6nny\u0171 \u00dajrat\u00f6lt\u00e9s"},"content":{"rendered":"<h2 data-v-md-heading=\"what-are-the-highlights-of-aivono-aim-freak-13k-suction-color-screen-vape\" data-v-md-line=\"3\"><img loading=\"lazy\" decoding=\"async\" class=\"aligncenter size-full wp-image-14266\" src=\"https:\/\/agoravape.com\/wp-content\/uploads\/2025\/10\/Aivono-Aim-Freak-13K-Puffs-Color-Screen-Vape_Agora_vape-1-scaled.webp\" alt=\"\" width=\"2560\" height=\"1600\" srcset=\"https:\/\/agoravape.com\/wp-content\/uploads\/2025\/10\/Aivono-Aim-Freak-13K-Puffs-Color-Screen-Vape_Agora_vape-1-scaled.webp 2560w, https:\/\/agoravape.com\/wp-content\/uploads\/2025\/10\/Aivono-Aim-Freak-13K-Puffs-Color-Screen-Vape_Agora_vape-1-scaled-1200x750.webp 1200w, https:\/\/agoravape.com\/wp-content\/uploads\/2025\/10\/Aivono-Aim-Freak-13K-Puffs-Color-Screen-Vape_Agora_vape-1-300x188.webp 300w, https:\/\/agoravape.com\/wp-content\/uploads\/2025\/10\/Aivono-Aim-Freak-13K-Puffs-Color-Screen-Vape_Agora_vape-1-1024x640.webp 1024w, https:\/\/agoravape.com\/wp-content\/uploads\/2025\/10\/Aivono-Aim-Freak-13K-Puffs-Color-Screen-Vape_Agora_vape-1-768x480.webp 768w, https:\/\/agoravape.com\/wp-content\/uploads\/2025\/10\/Aivono-Aim-Freak-13K-Puffs-Color-Screen-Vape_Agora_vape-1-1536x960.webp 1536w, https:\/\/agoravape.com\/wp-content\/uploads\/2025\/10\/Aivono-Aim-Freak-13K-Puffs-Color-Screen-Vape_Agora_vape-1-2048x1280.webp 2048w\" sizes=\"auto, (max-width: 2560px) 100vw, 2560px\" \/><\/h2>\n<h2 data-v-md-heading=\"what-are-the-highlights-of-aivono-aim-freak-13k-suction-color-screen-vape\" data-v-md-line=\"3\">Melyek az Aivono Aim Freak 13K sz\u00edv\u00f3fejes sz\u00ednes k\u00e9perny\u0151s vape legfontosabb tulajdons\u00e1gai?<\/h2>\n<p data-v-md-line=\"4\">Ha eleged van abb\u00f3l a bosszant\u00f3 \u00e9rz\u00e9sb\u0151l, hogy az els\u0151 k\u00f3stol\u00e1s ut\u00e1n kifogysz az eldobhat\u00f3 e-liquidb\u0151l, akkor ez a vape biztosan kiel\u00e9g\u00edti az ig\u00e9nyeidet. Az Aivono Aim Freak ak\u00e1r 13000 slukk kapacit\u00e1ssal rendelkezik, \u00e9s egy tiszta, sz\u00ednes kijelz\u0151vel van felszerelve, amely egy pillant\u00e1ssal mutatja az akkumul\u00e1tor \u00e9s az e-liquid szintj\u00e9t. Nem kell t\u00f6bb\u00e9 tal\u00e1lgatni, b\u00facs\u00fat inthetsz az \u00fcres \u00fczemanyag gondjainak.<\/p>\n<p data-v-md-line=\"6\">Minden olyan felhaszn\u00e1l\u00f3 sz\u00e1m\u00e1ra alkalmas, aki hosszan tart\u00f3 \u00edzre v\u00e1gyik bonyolult be\u00e1ll\u00edt\u00e1sok n\u00e9lk\u00fcl. Ez a k\u00f6nnyen haszn\u00e1lhat\u00f3 \u00e9s hordozhat\u00f3 eszk\u00f6z lehet\u0151v\u00e9 teszi, hogy naprak\u00e9sz maradjon a leg\u00fajabb fejleszt\u00e9sekkel, \u00e9s k\u00f6nnyed\u00e9n \u00e9lvezhesse a vape \u00f6r\u00f6m\u00e9t.<\/p>\n<h2 data-v-md-heading=\"excellent-performance-without-any-complex-operations\" data-v-md-line=\"8\">Kiv\u00e1l\u00f3 teljes\u00edtm\u00e9ny bonyolult m\u0171veletek n\u00e9lk\u00fcl<\/h2>\n<p data-v-md-line=\"9\">Az Aim Freak magja egy 1,0 \u03a9-os h\u00e1l\u00f3s tekercs, amely minden falatn\u00e1l egys\u00e9ges \u00edzt biztos\u00edt az elej\u00e9t\u0151l a v\u00e9g\u00e9ig. A f\u00fcst mindig sima, az \u00edze pedig mindig tiszta. Amikor az akkumul\u00e1tor lemer\u00fclt, Type-C csatlakoz\u00f3n kereszt\u00fcl t\u00f6lthet\u0151, a t\u00f6lt\u0151k\u00e1bel pedig megegyezhet a telefon t\u00f6lt\u0151k\u00e1bel\u00e9vel. Egyszer\u0171.<\/p>\n<h2 data-v-md-heading=\"specification-introduction\" data-v-md-line=\"11\">Specifik\u00e1ci\u00f3 Bevezet\u00e9s<\/h2>\n<ul data-v-md-line=\"12\">\n<li>Sz\u00edv\u00e1s gyakoris\u00e1ga: ak\u00e1r 13000-szer<\/li>\n<li>E-folyad\u00e9k kapacit\u00e1sa: 20 milliliter<\/li>\n<li>Nikotintartalom: 0%\/2%\/3%\/5% (a konkr\u00e9t ell\u00e1t\u00e1s a nemzeti\/region\u00e1lis el\u0151\u00edr\u00e1sokt\u00f3l f\u00fcgg\u0151en v\u00e1ltozhat)<\/li>\n<li>Porlaszt\u00f3 mag: 1,0 \u03a9 h\u00e1l\u00f3<\/li>\n<li>Akkumul\u00e1tor: 500 mAh-s \u00fajrat\u00f6lthet\u0151 akkumul\u00e1tor (13350 tiszta kobalt cella)<\/li>\n<li>T\u00f6lt\u00e9s: C t\u00edpus\u00fa USB csatlakoz\u00f3<\/li>\n<li>Kijelz\u0151: Sz\u00ednes k\u00e9perny\u0151 akkumul\u00e1torszinttel \u00e9s e-folyad\u00e9k jelz\u0151f\u00e9nnyel<\/li>\n<li>M\u0171k\u00f6d\u00e9si elv: Bel\u00e9gz\u00e9ssel aktiv\u00e1lhat\u00f3<\/li>\n<li>M\u00e9ret \u00e9s s\u00faly: k\u00f6r\u00fclbel\u00fcl 43 x 110 millim\u00e9ter, 85 gramm<\/li>\n<li>\u00c1llapot: Kicsomagol\u00e1s ut\u00e1n haszn\u00e1latra k\u00e9sz<\/li>\n<\/ul>\n<h2 data-v-md-heading=\"full-range-of-flavors\" data-v-md-line=\"23\">Full range of flavors<\/h2>\n<ul data-v-md-line=\"24\">\n<li>K\u00e9k j\u00e9gp\u00e1lya<\/li>\n<li>Eperfagylalt<\/li>\n<li>G\u00f6r\u00f6gdinnye j\u00e9g<\/li>\n<li>\u0150szibarackl\u00e9<\/li>\n<li>Eper kivi<\/li>\n<li>Illatos r\u00e1g\u00f3gumi<\/li>\n<li>Anan\u00e1sz \u00e9s k\u00f3kuszfagylalt<\/li>\n<li>R\u00f3zsasz\u00edn citromos v\u00edz<\/li>\n<li>Anan\u00e1sz, Mang\u00f3, \u0150szibarack<\/li>\n<li>Sz\u0151l\u0151 ribizli<\/li>\n<\/ul>\n<h2 data-v-md-heading=\"for-you-and-for-your-business-as-well\" data-v-md-line=\"35\">Neked, \u00e9s a v\u00e1llalkoz\u00e1sodnak is<\/h2>\n<p data-v-md-line=\"36\">Ha tart\u00f3s \u00e9s gondtalan napi vape-re v\u00e1gysz, az Aivono Aim Freak 13K az ide\u00e1lis v\u00e1laszt\u00e1s. Ha fizikai vagy online \u00e1ruh\u00e1zat \u00fczemeltetsz, ak\u00e1r 200 egys\u00e9get is v\u00e1s\u00e1rolhatsz nagy t\u00e9telben, hogy biztos\u00edtsd a z\u00f6kken\u0151mentes ut\u00e1np\u00f3tl\u00e1st \u00e9s a jelent\u0151s profitot.<\/p>\n<p data-v-md-line=\"38\">Eur\u00f3p\u00e1n bel\u00fcl DDP sz\u00e1ll\u00edt\u00e1si szolg\u00e1ltat\u00e1sokat ny\u00fajtunk olyan megb\u00edzhat\u00f3 partnerekkel, mint a UPS, a DPD \u00e9s a DHL, \u00edgy a v\u00e1mtarif\u00e1kat el\u0151re feldolgozhatjuk, elker\u00fclve a v\u00e1ratlan v\u00e1mlefoglal\u00e1sokat. A biztons\u00e1gos fizet\u00e9si m\u00f3dok \u00e9s a val\u00f3di k\u00e9szlet lehet\u0151v\u00e9 teszi, hogy nyugodtan rendeljen.<\/p>\n<h2 data-v-md-heading=\"why-do-you-like-it\" data-v-md-line=\"40\">Mi\u00e9rt tetszik?<\/h2>\n<ul data-v-md-line=\"41\">\n<li>T\u00f6bb sz\u00edv\u00e1si id\u0151: hosszabb akkumul\u00e1tor-\u00fczemid\u0151, nem kell gyakran cser\u00e9lni a berendez\u00e9seket.<\/li>\n<li>Nikotinkoncentr\u00e1ci\u00f3 kiv\u00e1laszt\u00e1sa: V\u00e1lassza ki a napi szok\u00e1sainak megfelel\u0151 nikotinkoncentr\u00e1ci\u00f3t.<\/li>\n<li>\u00dajrat\u00f6lthet\u0151: Minden egyes csepp e-folyad\u00e9k, amit megv\u00e1s\u00e1rolsz, felhaszn\u00e1lhat\u00f3.<\/li>\n<li>H\u00e1l\u00f3s tekercs: Az els\u0151 falatt\u00f3l az utols\u00f3 falatig az \u00edze \u00e1lland\u00f3 marad.<\/li>\n<li>Sz\u00ednes k\u00e9perny\u0151: K\u00f6nnyen \u00e1ttekintheted az akkumul\u00e1tor \u00e9s az e-folyad\u00e9k szintj\u00e9t, \u00edgy mindent k\u00e9zben tarthatsz.<\/li>\n<\/ul>\n<p data-v-md-line=\"47\">A k\u00fcl\u00f6nbs\u00e9g az, hogy a t\u00f6bb szippant\u00e1ssal rendel\u0151 vape-ek nagynak t\u0171nhetnek, de az Aim Freak m\u00e9rete mind\u00f6ssze 43 x 110 millim\u00e9ter, \u00edgy nagyon k\u00e9nyelmesen hordozhat\u00f3. Belef\u00e9r a farmeredbe vagy a kab\u00e1todba an\u00e9lk\u00fcl, hogy neh\u00e9znek \u00e9rezn\u00e9d magad.<\/p>\n<h2 data-v-md-heading=\"why-choose-to-collaborate-with-agoravape\" data-v-md-line=\"49\">Mi\u00e9rt \u00e9rdemes az AgoraVape-pel egy\u00fcttm\u0171k\u00f6dni?<\/h2>\n<p data-v-md-line=\"50\">Eur\u00f3pa egyik legmegb\u00edzhat\u00f3bb vape forgalmaz\u00f3ja vagyunk, \u00e9s kiz\u00e1r\u00f3lag 100%-ban eredeti term\u00e9keket \u00e1rulunk. Azok a v\u00e1llalati v\u00e1s\u00e1rl\u00f3k, akik Aivono Aim Freak 13K sz\u00edv\u00f3fejes sz\u00ednes sz\u0171r\u0151s vape-eket v\u00e1s\u00e1rolnak, kedvezm\u00e9nyes nagykereskedelmi \u00e1rakat, megb\u00edzhat\u00f3 \u00fcgyf\u00e9lszolg\u00e1latot \u00e9s gyors DDP kisz\u00e1ll\u00edt\u00e1si szolg\u00e1ltat\u00e1st \u00e9lvezhetnek. K\u00e9rj\u00fck, vegye fel vel\u00fcnk a kapcsolatot, hogy olyan eszk\u00f6z\u00f6ket foglaljon le, amelyeket \u00fcgyfelei val\u00f3ban visszat\u00e9r\u0151en v\u00e1s\u00e1rolnak majd.<\/p>","protected":false},"excerpt":{"rendered":"<p>&nbsp;<\/p>","protected":false},"featured_media":14288,"comment_status":"open","ping_status":"closed","template":"","meta":[],"product_brand":[211],"product_cat":[124,187,185,189,138,174,175,193,191,173,186,180,190,192],"product_tag":[],"class_list":{"0":"post-14267","1":"product","2":"type-product","3":"status-publish","4":"has-post-thumbnail","6":"product_brand-aivono","7":"product_cat-vape-by-brand","8":"product_cat-0mg-nicotine-free-vapes","9":"product_cat-10000-puffs-high-capacity","10":"product_cat-20mg-standard-nicotine-vapes","11":"product_cat-aivono","12":"product_cat-fruit-flavors","13":"product_cat-icy-mint","14":"product_cat-mesh-coil","15":"product_cat-rechargeable-disposables","16":"product_cat-vape-by-flavor-profile","17":"product_cat-vape-by-nicotine-strength","18":"product_cat-vape-by-puff-count","19":"product_cat-vape-by-feature-or-type","20":"product_cat-vapes-with-screens","22":"first","23":"instock","24":"shipping-taxable","25":"purchasable","26":"product-type-variable","27":"has-default-attributes"},"tiered_pricing_type":"percentage","tiered_pricing_fixed_rules":[],"tiered_pricing_product_settings":{"layout":"default","base_unit_name":{"singular":null,"plural":null},"default_variation":null},"tiered_pricing_minimum_quantity":10,"tiered_pricing_roles_data":[],"tiered_pricing_percentage_rules":{"30":"29","50":"35","100":"40","200":"44","500":"47","1000":"49"},"tiered_pricing_maximum_quantity":null,"tiered_pricing_quantity_step":"10","_links":{"self":[{"href":"https:\/\/agoravape.com\/hu\/wp-json\/wp\/v2\/product\/14267","targetHints":{"allow":["GET"]}}],"collection":[{"href":"https:\/\/agoravape.com\/hu\/wp-json\/wp\/v2\/product"}],"about":[{"href":"https:\/\/agoravape.com\/hu\/wp-json\/wp\/v2\/types\/product"}],"replies":[{"embeddable":true,"href":"https:\/\/agoravape.com\/hu\/wp-json\/wp\/v2\/comments?post=14267"}],"version-history":[{"count":1,"href":"https:\/\/agoravape.com\/hu\/wp-json\/wp\/v2\/product\/14267\/revisions"}],"predecessor-version":[{"id":29827,"href":"https:\/\/agoravape.com\/hu\/wp-json\/wp\/v2\/product\/14267\/revisions\/29827"}],"wp:featuredmedia":[{"embeddable":true,"href":"https:\/\/agoravape.com\/hu\/wp-json\/wp\/v2\/media\/14288"}],"wp:attachment":[{"href":"https:\/\/agoravape.com\/hu\/wp-json\/wp\/v2\/media?parent=14267"}],"wp:term":[{"taxonomy":"product_brand","embeddable":true,"href":"https:\/\/agoravape.com\/hu\/wp-json\/wp\/v2\/product_brand?post=14267"},{"taxonomy":"product_cat","embeddable":true,"href":"https:\/\/agoravape.com\/hu\/wp-json\/wp\/v2\/product_cat?post=14267"},{"taxonomy":"product_tag","embeddable":true,"href":"https:\/\/agoravape.com\/hu\/wp-json\/wp\/v2\/product_tag?post=14267"}],"curies":[{"name":"wp","href":"https:\/\/api.w.org\/{rel}","templated":true}]}}