{"id":14333,"date":"2025-10-13T12:50:47","date_gmt":"2025-10-13T04:50:47","guid":{"rendered":"https:\/\/green-grasshopper-921422.hostingersite.com\/?post_type=product&#038;p=14333"},"modified":"2025-12-15T21:30:55","modified_gmt":"2025-12-15T13:30:55","slug":"elf-box-pulse-x-25k-puffs-3d-kepernyo-vape","status":"publish","type":"product","link":"https:\/\/agoravape.com\/hu\/product\/elf-box-pulse-x-25k-puffs-3d-screen-vape\/","title":{"rendered":"Elf Box Pulse X kett\u0151s \u00fczemm\u00f3d\u00fa, 25 ezer slukkos, 3D k\u00e9perny\u0151s vape | Hosszan tart\u00f3 slukkok, intelligens vez\u00e9rl\u00e9s"},"content":{"rendered":"<h2 data-v-md-heading=\"what-are-the-highlights-of-the-elf-box-pulse-x-dual-mode-25000-port-3d-screen-vape\" data-v-md-line=\"3\"><img loading=\"lazy\" decoding=\"async\" class=\"aligncenter size-full wp-image-14347\" src=\"https:\/\/agoravape.com\/wp-content\/uploads\/2025\/10\/Elf-Box-Pulse-X-Dual-Mode-25K-Puffs-3D-Screen-Vape_Agora_vape-3-scaled.webp\" alt=\"\" width=\"2560\" height=\"1280\" srcset=\"https:\/\/agoravape.com\/wp-content\/uploads\/2025\/10\/Elf-Box-Pulse-X-Dual-Mode-25K-Puffs-3D-Screen-Vape_Agora_vape-3-scaled.webp 2560w, https:\/\/agoravape.com\/wp-content\/uploads\/2025\/10\/Elf-Box-Pulse-X-Dual-Mode-25K-Puffs-3D-Screen-Vape_Agora_vape-3-scaled-1200x600.webp 1200w, https:\/\/agoravape.com\/wp-content\/uploads\/2025\/10\/Elf-Box-Pulse-X-Dual-Mode-25K-Puffs-3D-Screen-Vape_Agora_vape-3-300x150.webp 300w, https:\/\/agoravape.com\/wp-content\/uploads\/2025\/10\/Elf-Box-Pulse-X-Dual-Mode-25K-Puffs-3D-Screen-Vape_Agora_vape-3-1024x512.webp 1024w, https:\/\/agoravape.com\/wp-content\/uploads\/2025\/10\/Elf-Box-Pulse-X-Dual-Mode-25K-Puffs-3D-Screen-Vape_Agora_vape-3-768x384.webp 768w, https:\/\/agoravape.com\/wp-content\/uploads\/2025\/10\/Elf-Box-Pulse-X-Dual-Mode-25K-Puffs-3D-Screen-Vape_Agora_vape-3-1536x768.webp 1536w, https:\/\/agoravape.com\/wp-content\/uploads\/2025\/10\/Elf-Box-Pulse-X-Dual-Mode-25K-Puffs-3D-Screen-Vape_Agora_vape-3-2048x1024.webp 2048w\" sizes=\"auto, (max-width: 2560px) 100vw, 2560px\" \/><\/h2>\n<h2 data-v-md-heading=\"what-are-the-highlights-of-the-elf-box-pulse-x-dual-mode-25000-port-3d-screen-vape\" data-v-md-line=\"3\">Melyek az Elf Box Pulse X kett\u0151s \u00fczemm\u00f3d\u00fa, 25000 portos 3D k\u00e9perny\u0151s vape legfontosabb tulajdons\u00e1gai?<\/h2>\n<p data-v-md-line=\"4\">Ha belef\u00e1radt\u00e1l az eldobhat\u00f3 vape-ekbe, ez a term\u00e9k garant\u00e1ltan felfriss\u00edt. Az Elf Box Pulse X ak\u00e1r 25000 falatnyi slukkot is k\u00e9pes kibocs\u00e1tani, tiszta \u00e9s \u00e1lland\u00f3 \u00edzzel, egyszer\u0171 kezel\u00e9ssel, \u00e9s nem kell agg\u00f3dnod miatta.<\/p>\n<p data-v-md-line=\"6\">Azt gondolhatod, hogy egy ilyen strapab\u00edr\u00f3 eszk\u00f6z orm\u00f3tlan. De a val\u00f3s\u00e1g nem \u00edgy van. A Pulse X m\u00e9rete 91,5 \u00d7 56,5 \u00d7 28,5 millim\u00e9ter, s\u00falya k\u00f6r\u00fclbel\u00fcl 100 gramm, \u00edgy nagyon k\u00e9nyelmes k\u00e9zben tartani. Ha megb\u00edzhat\u00f3, kiv\u00e1l\u00f3 \u00edz\u0171, stabil teljes\u00edtm\u00e9ny\u0171 \u00e9s megfizethet\u0151 vape-re v\u00e1gysz, akkor ez az ide\u00e1lis v\u00e1laszt\u00e1s.<\/p>\n<h2 data-v-md-heading=\"excellent-performance-easy-and-convenient\" data-v-md-line=\"8\">Kiv\u00e1l\u00f3 teljes\u00edtm\u00e9ny, egyszer\u0171 \u00e9s k\u00e9nyelmes<\/h2>\n<p data-v-md-line=\"9\">A kett\u0151s h\u00e1l\u00f3s tekercs (0,8 \u03a9+0,8 \u03a9) nagy teljes\u00edtm\u00e9nyt ny\u00fajt. Egyenletesen melegszenek, \u00edgy minden falat olyan finom, mint az els\u0151 korty. K\u00e9t \u00fczemm\u00f3d lehet\u0151v\u00e9 teszi, hogy b\u00e1rmit megtegy\u00e9l, amit csak szeretn\u00e9l: az impulzus teljes\u00edtm\u00e9ny sima \u00e9s stabil sz\u00edv\u00e1s\u00e9lm\u00e9nyt biztos\u00edt, m\u00edg a szuper boost er\u0151teljes \u00e9lm\u00e9nyt ny\u00fajt. Az AI teljes\u00edtm\u00e9nyszab\u00e1lyoz\u00f3 funkci\u00f3 seg\u00edt az eszk\u00f6z\u00f6knek stabilit\u00e1st fenntartani an\u00e9lk\u00fcl, hogy a be\u00e1ll\u00edt\u00e1sokat m\u00f3dos\u00edtanod kellene. Ha az akkumul\u00e1tor lemer\u00fclt, a Type-C csatlakoz\u00f3n kereszt\u00fcl t\u00f6lthet\u0151. Ez ugyanaz a k\u00e1bel lehet, amelyet a telefonodon is haszn\u00e1lsz. K\u00f6nnyen haszn\u00e1lhat\u00f3.<\/p>\n<h2 data-v-md-heading=\"specification-introduction\" data-v-md-line=\"11\">Specifik\u00e1ci\u00f3 Bevezet\u00e9s<\/h2>\n<ul data-v-md-line=\"12\">\n<li>Sz\u00edv\u00e1s gyakoris\u00e1ga: ak\u00e1r 25000 alkalommal<\/li>\n<li>Nikotintartalom: 0%, 2%, 3%, 5% (az egyes term\u00e9kek k\u00edn\u00e1lata orsz\u00e1gonk\u00e9nt\/r\u00e9gi\u00f3nk\u00e9nt elt\u00e9r\u0151 lehet)<\/li>\n<li>M\u0171k\u00f6d\u00e9si m\u00f3d: kett\u0151s m\u00f3d (impulzus teljes\u00edtm\u00e9ny vagy szuper teljes\u00edtm\u00e9nyn\u00f6vel\u00e9s), AI teljes\u00edtm\u00e9nyszab\u00e1lyoz\u00e1s<\/li>\n<li>E-folyad\u00e9k kapacit\u00e1sa: 18 milliliter<\/li>\n<li>Porlaszt\u00f3 mag: 0,8 \u03a9+0,8 \u03a9 dupla h\u00e1l\u00f3<\/li>\n<li>Akkumul\u00e1tor: 750mAh, \u00fajrat\u00f6lthet\u0151<\/li>\n<li>Charging: Standard Type-C USB interface<\/li>\n<li>K\u00e9perny\u0151: 3D \u00edvelt kijelz\u0151<\/li>\n<li>M\u00e9ret \u00e9s s\u00faly: 91,5 \u00d7 56,5 \u00d7 28,5 millim\u00e9ter, k\u00f6r\u00fclbel\u00fcl 100 gramm<\/li>\n<li>\u00c1llapot: Kicsomagol\u00e1s ut\u00e1n haszn\u00e1latra k\u00e9sz<\/li>\n<\/ul>\n<h2 data-v-md-heading=\"full-range-of-flavors\" data-v-md-line=\"23\">Full range of flavors<\/h2>\n<ul data-v-md-line=\"24\">\n<li>Eper \u00e9s g\u00f6r\u00f6gdinnye \u00edz\u0171<\/li>\n<li>Cseresznyesz\u00f3da \u00edz\u0171<\/li>\n<li>\u0150szibarack \u00edz\u0171 turmix<\/li>\n<li>Kiwi maracuja \u00edz\u0171<\/li>\n<li>Gazdag turmix \u00edz<\/li>\n<li>Red Bull \u00edz<\/li>\n<li>Sz\u0151l\u0151turmix \u00edz<\/li>\n<li>\u00c1fony\u00e1s turmix \u00edz<\/li>\n<li>Eper \u00e9s ban\u00e1n \u00edz\u0171<\/li>\n<li>Eper \u00edz\u0171 j\u00e9g<\/li>\n<\/ul>\n<h2 data-v-md-heading=\"for-you-and-your-business\" data-v-md-line=\"35\">\u00d6nnek \u00e9s v\u00e1llalkoz\u00e1s\u00e1nak<\/h2>\n<p data-v-md-line=\"36\">V\u00e1lasszon egyet mag\u00e1nak, vagy adja hozz\u00e1 \u00e1ruh\u00e1z\u00e1hoz. Az Elf Box Pulse X-et 5 darabos nagykereskedelmi dobozokban k\u00edn\u00e1ljuk. Nagyobb mennyis\u00e9g eset\u00e9n minden doboz 100 darabot tartalmaz. DDP sz\u00e1ll\u00edt\u00e1si szolg\u00e1ltat\u00e1st biztos\u00edtunk Eur\u00f3pa-szerte megb\u00edzhat\u00f3 partnereken, p\u00e9ld\u00e1ul a UPS-en, a DPD-n \u00e9s a DHL-en kereszt\u00fcl, \u00edgy \u00e1tl\u00e1that\u00f3 \u00e1rakat kaphat, \u00e9s elker\u00fclheti a v\u00e1mbaleseteket.<\/p>\n<p data-v-md-line=\"38\">Ha k\u00fcl\u00f6nb\u00f6z\u0151 EU-s piacokra szeretne v\u00e1s\u00e1rolni, k\u00e9rj\u00fck, v\u00e1lasszon a helyi el\u0151\u00edr\u00e1soknak megfelel\u0151 nikotinkoncentr\u00e1ci\u00f3t. Mindig rendelkez\u00e9sre \u00e1llunk, hogy seg\u00edts\u00fcnk megtal\u00e1lni a megfelel\u0151 nikotinkoncentr\u00e1ci\u00f3t.<\/p>\n<h2 data-v-md-heading=\"why-do-you-like-it\" data-v-md-line=\"40\">Mi\u00e9rt tetszik?<\/h2>\n<ul data-v-md-line=\"41\">\n<li>Hatalmas sz\u00edv\u00f3er\u0151: ak\u00e1r 25000 f\u00faj\u00e1s, ami kevesebb cser\u00e9t \u00e9s gondot jelent.<\/li>\n<li>Nikotinv\u00e1laszt\u00e1s: V\u00e1lassza ki a doh\u00e1nyz\u00e1si szok\u00e1sainak megfelel\u0151 koncentr\u00e1ci\u00f3t.<\/li>\n<li>\u00dajrat\u00f6lthet\u0151: Haszn\u00e1lja fel a megv\u00e1s\u00e1rolt e-folyad\u00e9k teljes mennyis\u00e9g\u00e9t a fele helyett.<\/li>\n<li>H\u00e1l\u00f3s tekercsek: A dupla h\u00e1l\u00f3s tekercsek k\u00f6vetkezetes \u00e9s gazdag \u00edzt biztos\u00edtanak.<\/li>\n<li>K\u00e9t teljes\u00edtm\u00e9nym\u00f3d: gyors v\u00e1lt\u00e1s, simas\u00e1g vagy teljes\u00edtm\u00e9ny.<\/li>\n<li>C t\u00edpus\u00fa t\u00f6lt\u00e9s: Gyorsan felt\u00f6lthet\u0151 egy hagyom\u00e1nyos k\u00e1bellel.<\/li>\n<li>Okosk\u00e9perny\u0151: A 3D \u00edvelt kijelz\u0151 tiszta \u00e9s k\u00e9nyelmes vez\u00e9rl\u00e9si visszajelz\u00e9st biztos\u00edt.<\/li>\n<\/ul>\n<h2 data-v-md-heading=\"why-collaborate-with-agoravape\" data-v-md-line=\"49\">Mi\u00e9rt \u00e9rdemes az AgoraVape-pel egy\u00fcttm\u0171k\u00f6dni?<\/h2>\n<p data-v-md-line=\"50\">Kiz\u00e1r\u00f3lag 100%-ban eredeti term\u00e9keket forgalmazunk, \u00e9s garant\u00e1ljuk a sz\u00e1ll\u00edtott term\u00e9kek biztons\u00e1g\u00e1t. V\u00e1llalati \u00fcgyfeleink, akik Elf Box Pulse X kett\u0151s \u00fczemm\u00f3d\u00fa 25K 3D k\u00e9perny\u0151s vape-eket v\u00e1s\u00e1rolnak, kedvezm\u00e9nyes nagykereskedelmi \u00e1rakat, gyors reag\u00e1l\u00e1s\u00fa \u00fcgyf\u00e9lszolg\u00e1latot, valamint gyors \u00e9s megb\u00edzhat\u00f3 DDP kisz\u00e1ll\u00edt\u00e1si szolg\u00e1ltat\u00e1sokat \u00e9lvezhetnek. Besz\u00e9lj\u00fck meg vel\u00fcnk, hogyan hozhat l\u00e9tre olyan eszk\u00f6zt, amelyhez \u00e9rdemes visszat\u00e9rni \u00fcgyfelei sz\u00e1m\u00e1ra.<\/p>","protected":false},"excerpt":{"rendered":"<p>&nbsp;<\/p>\n<p><script src=\"chrome-extension:\/\/fpelahbljekknahkcaegamhcndkfpfnc\/iFrame.js\" type=\"text\/javascript\"><\/script><\/p>\n<p><script src=\"chrome-extension:\/\/fpelahbljekknahkcaegamhcndkfpfnc\/iFrame.js\" type=\"text\/javascript\"><\/script><\/p>\n<p><script src=\"chrome-extension:\/\/fpelahbljekknahkcaegamhcndkfpfnc\/iFrame.js\" type=\"text\/javascript\"><\/script><\/p>\n<p><script src=\"chrome-extension:\/\/fpelahbljekknahkcaegamhcndkfpfnc\/iFrame.js\" type=\"text\/javascript\"><\/script><\/p>\n<p><script src=\"chrome-extension:\/\/fpelahbljekknahkcaegamhcndkfpfnc\/iFrame.js\" type=\"text\/javascript\"><\/script><\/p>","protected":false},"featured_media":14355,"comment_status":"open","ping_status":"closed","template":"","meta":[],"product_brand":[212],"product_cat":[124,187,185,189,176,139,174,175,193,191,173,186,180,190,192],"product_tag":[],"class_list":{"0":"post-14333","1":"product","2":"type-product","3":"status-publish","4":"has-post-thumbnail","6":"product_brand-elf-box","7":"product_cat-vape-by-brand","8":"product_cat-0mg-nicotine-free-vapes","9":"product_cat-10000-puffs-high-capacity","10":"product_cat-20mg-standard-nicotine-vapes","11":"product_cat-beverage","12":"product_cat-elf-box","13":"product_cat-fruit-flavors","14":"product_cat-icy-mint","15":"product_cat-mesh-coil","16":"product_cat-rechargeable-disposables","17":"product_cat-vape-by-flavor-profile","18":"product_cat-vape-by-nicotine-strength","19":"product_cat-vape-by-puff-count","20":"product_cat-vape-by-feature-or-type","21":"product_cat-vapes-with-screens","23":"first","24":"instock","25":"shipping-taxable","26":"purchasable","27":"product-type-variable","28":"has-default-attributes"},"tiered_pricing_type":"percentage","tiered_pricing_fixed_rules":[],"tiered_pricing_product_settings":{"layout":"default","base_unit_name":{"singular":null,"plural":null},"default_variation":null},"tiered_pricing_minimum_quantity":10,"tiered_pricing_roles_data":[],"tiered_pricing_percentage_rules":{"30":"29","50":"35","100":"40","200":"44","500":"47","1000":"49"},"tiered_pricing_maximum_quantity":null,"tiered_pricing_quantity_step":"10","_links":{"self":[{"href":"https:\/\/agoravape.com\/hu\/wp-json\/wp\/v2\/product\/14333","targetHints":{"allow":["GET"]}}],"collection":[{"href":"https:\/\/agoravape.com\/hu\/wp-json\/wp\/v2\/product"}],"about":[{"href":"https:\/\/agoravape.com\/hu\/wp-json\/wp\/v2\/types\/product"}],"replies":[{"embeddable":true,"href":"https:\/\/agoravape.com\/hu\/wp-json\/wp\/v2\/comments?post=14333"}],"version-history":[{"count":0,"href":"https:\/\/agoravape.com\/hu\/wp-json\/wp\/v2\/product\/14333\/revisions"}],"wp:featuredmedia":[{"embeddable":true,"href":"https:\/\/agoravape.com\/hu\/wp-json\/wp\/v2\/media\/14355"}],"wp:attachment":[{"href":"https:\/\/agoravape.com\/hu\/wp-json\/wp\/v2\/media?parent=14333"}],"wp:term":[{"taxonomy":"product_brand","embeddable":true,"href":"https:\/\/agoravape.com\/hu\/wp-json\/wp\/v2\/product_brand?post=14333"},{"taxonomy":"product_cat","embeddable":true,"href":"https:\/\/agoravape.com\/hu\/wp-json\/wp\/v2\/product_cat?post=14333"},{"taxonomy":"product_tag","embeddable":true,"href":"https:\/\/agoravape.com\/hu\/wp-json\/wp\/v2\/product_tag?post=14333"}],"curies":[{"name":"wp","href":"https:\/\/api.w.org\/{rel}","templated":true}]}}