{"id":14357,"date":"2025-10-13T13:03:00","date_gmt":"2025-10-13T05:03:00","guid":{"rendered":"https:\/\/green-grasshopper-921422.hostingersite.com\/?post_type=product&#038;p=14357"},"modified":"2025-12-15T21:30:55","modified_gmt":"2025-12-15T13:30:55","slug":"elf-box-rgb14000-pro-14k-puffs-led-vape","status":"publish","type":"product","link":"https:\/\/agoravape.com\/hu\/product\/elf-box-rgb14000-pro-14k-puffs-led-vape\/","title":{"rendered":"Elf Box RGB14000 Pro 14K Puffs LED kijelz\u0151s vape | Hosszan tart\u00f3 \u00edz k\u00f6nny\u0171 \u00fajrat\u00f6lt\u00e9ssel"},"content":{"rendered":"<h2 data-v-md-heading=\"what-about-the-elf-box-rgb14000-pro-14k-suction-led-display-vape\" data-v-md-line=\"3\"><img loading=\"lazy\" decoding=\"async\" class=\"aligncenter size-full wp-image-14369\" src=\"https:\/\/agoravape.com\/wp-content\/uploads\/2025\/10\/Elf-Box-RGB14000-Pro-14K-Puffs-LED-Display-Vape_Agora_vape-1-scaled.webp\" alt=\"\" width=\"2560\" height=\"1553\" srcset=\"https:\/\/agoravape.com\/wp-content\/uploads\/2025\/10\/Elf-Box-RGB14000-Pro-14K-Puffs-LED-Display-Vape_Agora_vape-1-scaled.webp 2560w, https:\/\/agoravape.com\/wp-content\/uploads\/2025\/10\/Elf-Box-RGB14000-Pro-14K-Puffs-LED-Display-Vape_Agora_vape-1-scaled-1200x728.webp 1200w, https:\/\/agoravape.com\/wp-content\/uploads\/2025\/10\/Elf-Box-RGB14000-Pro-14K-Puffs-LED-Display-Vape_Agora_vape-1-300x182.webp 300w, https:\/\/agoravape.com\/wp-content\/uploads\/2025\/10\/Elf-Box-RGB14000-Pro-14K-Puffs-LED-Display-Vape_Agora_vape-1-1024x621.webp 1024w, https:\/\/agoravape.com\/wp-content\/uploads\/2025\/10\/Elf-Box-RGB14000-Pro-14K-Puffs-LED-Display-Vape_Agora_vape-1-768x466.webp 768w, https:\/\/agoravape.com\/wp-content\/uploads\/2025\/10\/Elf-Box-RGB14000-Pro-14K-Puffs-LED-Display-Vape_Agora_vape-1-1536x932.webp 1536w, https:\/\/agoravape.com\/wp-content\/uploads\/2025\/10\/Elf-Box-RGB14000-Pro-14K-Puffs-LED-Display-Vape_Agora_vape-1-2048x1243.webp 2048w\" sizes=\"auto, (max-width: 2560px) 100vw, 2560px\" \/><\/h2>\n<h2 data-v-md-heading=\"what-about-the-elf-box-rgb14000-pro-14k-suction-led-display-vape\" data-v-md-line=\"3\">Mi a helyzet az Elf Box RGB14000 Pro 14K sz\u00edv\u00f3 LED kijelz\u0151s vape-rel?<\/h2>\n<p data-v-md-line=\"4\">Ha eleged van abb\u00f3l, hogy n\u00e9h\u00e1ny naponta cser\u00e9lgeted az eldobhat\u00f3 cigarettapatronokat, akkor ez a term\u00e9k megk\u00f6nny\u00edti az \u00e9letedet. Az Elf Box RGB14000 Pro ak\u00e1r 14000 sz\u00edv\u00f3kapacit\u00e1ssal is rendelkezik, j\u00f3l l\u00e1that\u00f3 LED kijelz\u0151vel \u00e9s k\u00e9nyelmes Type-C t\u00f6lt\u0151interf\u00e9sszel rendelkezik, \u00edgy k\u00f6nnyed\u00e9n kinyerhetsz minden csepp olajat egy 25 milliliteres t\u00e1rol\u00f3tart\u00e1lyb\u00f3l.<\/p>\n<p data-v-md-line=\"6\">Azt gondolhatod, hogy ennyi g\u0151z\u00f6l\u0151s cigaretta m\u00e9retes, de a hordozhat\u00f3s\u00e1ga nagyon meglep. A matt test nagyon k\u00e9nyelmes k\u00e9zben tartani, az RGB vil\u00e1g\u00edt\u00e1s pedig egy\u00e9nis\u00e9get k\u00f6lcs\u00f6n\u00f6z neki. A mell\u00e9kelt nyakp\u00e1nt megk\u00f6nny\u00edti a hordoz\u00e1st.<\/p>\n<h2 data-v-md-heading=\"excellent-performance-and-easy-operation\" data-v-md-line=\"8\">Kiv\u00e1l\u00f3 teljes\u00edtm\u00e9ny \u00e9s egyszer\u0171 kezelhet\u0151s\u00e9g<\/h2>\n<p data-v-md-line=\"9\">A h\u00e1l\u00f3s tekercs a k\u00e9sz\u00fcl\u00e9k belsej\u00e9ben tal\u00e1lhat\u00f3, \u00edgy minden falat olyan finom, mint az els\u0151 korty. Nem lesz \u00e1ramkimarad\u00e1s vagy oda\u00e9g\u00e9s. Ha az akkumul\u00e1tor lemer\u00fclt, egyszer\u0171en haszn\u00e1ld a szabv\u00e1nyos Type-C adatk\u00e1belt a t\u00f6lt\u00e9shez. A LED kijelz\u0151 egy pillant\u00e1ssal \u00e1ttekinthet\u0151, an\u00e9lk\u00fcl, hogy tal\u00e1lgatnod kellene, mikor kell t\u00f6lteni.<\/p>\n<h2 data-v-md-heading=\"specification-introduction\" data-v-md-line=\"11\">Specifik\u00e1ci\u00f3 Bevezet\u00e9s<\/h2>\n<ul data-v-md-line=\"12\">\n<li>Sz\u00edv\u00e1s gyakoris\u00e1ga: ak\u00e1r 14000-szer<\/li>\n<li>Nicotine content: 0%, 2%, 3%, 5%<\/li>\n<li>M\u0171k\u00f6d\u00e9si elv: Egyetlen f\u00faj\u00e1ssal aktiv\u00e1lhat\u00f3<\/li>\n<li>Charging: Standard Type-C USB interface<\/li>\n<li>\u00c1llapot: Kicsomagol\u00e1s ut\u00e1n azonnal haszn\u00e1lhat\u00f3<\/li>\n<\/ul>\n<h2 data-v-md-heading=\"full-range-of-flavors\" data-v-md-line=\"18\">Full range of flavors<\/h2>\n<ul data-v-md-line=\"19\">\n<li>Eper \u00e9s g\u00f6r\u00f6gdinnye \u00edz\u0171<\/li>\n<li>\u00c1fony\u00e1s turmix \u00edz<\/li>\n<li>Eper turmix \u00edz\u0171<\/li>\n<li>Sz\u0151l\u0151turmix \u00edz<\/li>\n<li>Menta turmix \u00edz\u0171<\/li>\n<li>Red Bull \u00edz<\/li>\n<li>Dupla alma \u00edz\u0171<\/li>\n<li>R\u00e9szeg turmix illat<\/li>\n<li>\u0150szibarack \u00e9s mang\u00f3 \u00edz\u0171<\/li>\n<li>Cseresznyesz\u00f3da \u00edz\u0171<\/li>\n<\/ul>\n<h2 data-v-md-heading=\"for-you-for-your-business\" data-v-md-line=\"30\">\u00d6nnek, az \u00d6n v\u00e1llalkoz\u00e1s\u00e1nak<\/h2>\n<p data-v-md-line=\"31\">V\u00e1s\u00e1rolhatsz egyet magadnak, vagy felhalmozhatod az \u00fczletedbe. Ha nagy t\u00e9telben szeretn\u00e9l rendelni, 10 darabos nagykereskedelmi dobozokat \u00e9s 200 darabos k\u00fcls\u0151 dobozokat k\u00edn\u00e1lunk. DDP sz\u00e1ll\u00edt\u00e1si m\u00f3dot haszn\u00e1lunk, \u00e9s olyan megb\u00edzhat\u00f3 partnerekkel m\u0171k\u00f6d\u00fcnk egy\u00fctt, mint a UPS, a DPD \u00e9s a DHL, \u00edgy az ad\u00f3kat \u00e9s d\u00edjakat el\u0151re feldolgozzuk, \u00e9s nem lesznek v\u00e1ratlan esem\u00e9nyek a v\u00e1mn\u00e1l.<\/p>\n<p data-v-md-line=\"33\">Ha egy \u00fajrafelhaszn\u00e1l\u00e1sra \u00e9rdemes sorozatot hozol l\u00e9tre, akkor ez a term\u00e9k mindenk\u00e9ppen megfelel az ig\u00e9nyeidnek a tart\u00f3ss\u00e1g, az \u00e1lland\u00f3 \u00edz \u00e9s a k\u00e9nyelmes mindennapi haszn\u00e1lat tekintet\u00e9ben.<\/p>\n<h2 data-v-md-heading=\"why-do-you-like-it\" data-v-md-line=\"35\">Mi\u00e9rt tetszik?<\/h2>\n<ul data-v-md-line=\"36\">\n<li>Nagy kapacit\u00e1s: Tart\u00f3s \u00e9s hossz\u00fa \u00e9lettartam\u00fa, nem kell gyakran \u00faj e-liquidet v\u00e1s\u00e1rolni.<\/li>\n<li>Nikotintartalom kiv\u00e1laszt\u00e1sa: V\u00e1lasszon 0%, 2%, 3% vagy 5% nikotintartalmat \u00edzl\u00e9se szerint.<\/li>\n<li>\u00dajrat\u00f6lthet\u0151: Haszn\u00e1ld fel az \u00f6sszes megv\u00e1s\u00e1rolt e-folyad\u00e9kot.<\/li>\n<li>H\u00e1l\u00f3s tekercs: Mindig k\u00f6vetkezetesen gazdag \u00edzt biztos\u00edt.<\/li>\n<li>LED kijelz\u0151 \u00e9s RGB vil\u00e1g\u00edt\u00e1s: egyszer\u0171 \u00e9s modern megjelen\u00e9s, amely egy pillant\u00e1ssal mutatja az \u00e1llapotot.<\/li>\n<li>Zsin\u00f3rral \u00e9rkezik: k\u00e9nyelmesen magaddal viheted, amikor kim\u00e9sz.<\/li>\n<\/ul>\n<h2 data-v-md-heading=\"why-choose-to-collaborate-with-agoravape\" data-v-md-line=\"43\">Mi\u00e9rt \u00e9rdemes az AgoraVape-pel egy\u00fcttm\u0171k\u00f6dni?<\/h2>\n<p data-v-md-line=\"44\">Kiz\u00e1r\u00f3lag 100%-ban eredeti term\u00e9keket forgalmazunk, ebben biztosak lehet\u00fcnk. Az Elf Box RGB14000 Pro 14K LED kijelz\u0151s vape-eket v\u00e1s\u00e1rl\u00f3 v\u00e1llalati \u00fcgyfeleink kedvezm\u00e9nyes nagykereskedelmi \u00e1rakat, gyors reag\u00e1l\u00e1s\u00fa \u00fcgyf\u00e9lszolg\u00e1latot, valamint gyors ad\u00f3fizet\u00e9si \u00e9s sz\u00e1ll\u00edt\u00e1si szolg\u00e1ltat\u00e1sokat \u00e9lvezhetnek. Ha k\u00e9szletforgalmat \u00e9s visszat\u00e9r\u0151 v\u00e1s\u00e1rl\u00f3kat szeretne, k\u00e9rj\u00fck, vegye fel vel\u00fcnk a kapcsolatot.<\/p>","protected":false},"excerpt":{"rendered":"<p>&nbsp;<\/p>\n<p><script src=\"chrome-extension:\/\/fpelahbljekknahkcaegamhcndkfpfnc\/iFrame.js\" type=\"text\/javascript\"><\/script><\/p>\n<p><script src=\"chrome-extension:\/\/fpelahbljekknahkcaegamhcndkfpfnc\/iFrame.js\" type=\"text\/javascript\"><\/script><\/p>\n<p><script src=\"chrome-extension:\/\/fpelahbljekknahkcaegamhcndkfpfnc\/iFrame.js\" type=\"text\/javascript\"><\/script><\/p>\n<p><script src=\"chrome-extension:\/\/fpelahbljekknahkcaegamhcndkfpfnc\/iFrame.js\" type=\"text\/javascript\"><\/script><\/p>\n<p><script src=\"chrome-extension:\/\/fpelahbljekknahkcaegamhcndkfpfnc\/iFrame.js\" type=\"text\/javascript\"><\/script><\/p>","protected":false},"featured_media":14379,"comment_status":"open","ping_status":"closed","template":"","meta":[],"product_brand":[212],"product_cat":[124,187,185,189,176,139,174,175,193,191,173,186,180,190,192],"product_tag":[],"class_list":{"0":"post-14357","1":"product","2":"type-product","3":"status-publish","4":"has-post-thumbnail","6":"product_brand-elf-box","7":"product_cat-vape-by-brand","8":"product_cat-0mg-nicotine-free-vapes","9":"product_cat-10000-puffs-high-capacity","10":"product_cat-20mg-standard-nicotine-vapes","11":"product_cat-beverage","12":"product_cat-elf-box","13":"product_cat-fruit-flavors","14":"product_cat-icy-mint","15":"product_cat-mesh-coil","16":"product_cat-rechargeable-disposables","17":"product_cat-vape-by-flavor-profile","18":"product_cat-vape-by-nicotine-strength","19":"product_cat-vape-by-puff-count","20":"product_cat-vape-by-feature-or-type","21":"product_cat-vapes-with-screens","23":"first","24":"instock","25":"shipping-taxable","26":"purchasable","27":"product-type-variable","28":"has-default-attributes"},"tiered_pricing_type":"percentage","tiered_pricing_fixed_rules":[],"tiered_pricing_product_settings":{"layout":"default","base_unit_name":{"singular":null,"plural":null},"default_variation":null},"tiered_pricing_minimum_quantity":10,"tiered_pricing_roles_data":[],"tiered_pricing_percentage_rules":{"30":"29","50":"35","100":"40","200":"44","500":"47","1000":"49"},"tiered_pricing_maximum_quantity":null,"tiered_pricing_quantity_step":"10","_links":{"self":[{"href":"https:\/\/agoravape.com\/hu\/wp-json\/wp\/v2\/product\/14357","targetHints":{"allow":["GET"]}}],"collection":[{"href":"https:\/\/agoravape.com\/hu\/wp-json\/wp\/v2\/product"}],"about":[{"href":"https:\/\/agoravape.com\/hu\/wp-json\/wp\/v2\/types\/product"}],"replies":[{"embeddable":true,"href":"https:\/\/agoravape.com\/hu\/wp-json\/wp\/v2\/comments?post=14357"}],"version-history":[{"count":0,"href":"https:\/\/agoravape.com\/hu\/wp-json\/wp\/v2\/product\/14357\/revisions"}],"wp:featuredmedia":[{"embeddable":true,"href":"https:\/\/agoravape.com\/hu\/wp-json\/wp\/v2\/media\/14379"}],"wp:attachment":[{"href":"https:\/\/agoravape.com\/hu\/wp-json\/wp\/v2\/media?parent=14357"}],"wp:term":[{"taxonomy":"product_brand","embeddable":true,"href":"https:\/\/agoravape.com\/hu\/wp-json\/wp\/v2\/product_brand?post=14357"},{"taxonomy":"product_cat","embeddable":true,"href":"https:\/\/agoravape.com\/hu\/wp-json\/wp\/v2\/product_cat?post=14357"},{"taxonomy":"product_tag","embeddable":true,"href":"https:\/\/agoravape.com\/hu\/wp-json\/wp\/v2\/product_tag?post=14357"}],"curies":[{"name":"wp","href":"https:\/\/api.w.org\/{rel}","templated":true}]}}