{"id":14381,"date":"2025-10-13T13:12:29","date_gmt":"2025-10-13T05:12:29","guid":{"rendered":"https:\/\/green-grasshopper-921422.hostingersite.com\/?post_type=product&#038;p=14381"},"modified":"2025-12-15T21:30:54","modified_gmt":"2025-12-15T13:30:54","slug":"elf-box-rgb14000-14k-puffs-rgb-vape","status":"publish","type":"product","link":"https:\/\/agoravape.com\/hu\/product\/elf-box-rgb14000-14k-puffs-rgb-vape\/","title":{"rendered":"Elf Box RGB14000 Puffok 14K RGB l\u00e1mp\u00e1val \u00e9s nyakp\u00e1nttal | Hosszan tart\u00f3 Puffok K\u00f6nny\u0171 \u00dajrat\u00f6lt\u00e9ssel"},"content":{"rendered":"<h2 data-v-md-heading=\"what-are-the-advantages-of-elf-box-rgb14000-with-a-suction-capacity-of-14k-equipped-with-rgb-lights-and-hanging-ropes\" data-v-md-line=\"3\">Milyen el\u0151nyei vannak az Elf Box RGB14000-nek, 14K sz\u00edv\u00f3kapacit\u00e1ssal, RGB l\u00e1mp\u00e1kkal \u00e9s akaszt\u00f3k\u00f6telekkel felszerelve?<\/h2>\n<p data-v-md-line=\"4\">Ha eleged van abb\u00f3l, hogy t\u00fal gyorsan felhaszn\u00e1lod az eldobhat\u00f3 e-liquidet, ez a term\u00e9k az ide\u00e1lis v\u00e1laszt\u00e1s lesz. Az Elf Box RGB14000 ak\u00e1r 14000 port sz\u00edv\u00f3kapacit\u00e1ssal rendelkezik, sz\u00ednes RGB l\u00e1mp\u00e1kkal \u00e9s praktikus akaszt\u00f3k\u00f6t\u00e9llel van felszerelve, hogy b\u00e1rmikor k\u00f6nnyen hozz\u00e1f\u00e9rhess.<\/p>\n<p data-v-md-line=\"6\">B\u00e1rki sz\u00e1m\u00e1ra alkalmas, aki k\u00f6nnyed\u00e9n szeretne \u00e9lvezni egy finom vape \u00e9lm\u00e9nyt. K\u00fcl\u00f6nb\u00f6z\u0151 nikotinkoncentr\u00e1ci\u00f3kat, b\u0151s\u00e9ges, 25 milliliteres e-folyad\u00e9k kapacit\u00e1st \u00e9s hosszan tart\u00f3 \u00edzt k\u00edn\u00e1l. Azt gondolhatn\u00e1d, hogy egy ilyen nagy doh\u00e1nyz\u00e1si kapacit\u00e1s\u00fa vape nagydarabnak t\u0171nik, de meglep\u0151en k\u00f6nny\u0171, mind\u00f6ssze 100 grammot nyom.<\/p>\n<h2 data-v-md-heading=\"excellent-performance-without-any-complexity\" data-v-md-line=\"8\">Kiv\u00e1l\u00f3 teljes\u00edtm\u00e9ny bonyolults\u00e1g n\u00e9lk\u00fcl<\/h2>\n<p data-v-md-line=\"9\">1,0 \u03a9-os h\u00e1l\u00f3s porlaszt\u00f3 mag, sima \u00edz, falatr\u00f3l falatra. Egy h\u00e9t haszn\u00e1lat ut\u00e1n nem lesz \u00e9gett szag. Ha az akkumul\u00e1tor lemer\u00fclt, Type-C k\u00e1bellel t\u00f6lthet\u0151, amely ugyanaz a k\u00e1bel, amelyet a legt\u00f6bb telefonban haszn\u00e1lnak. Csatlakoztassa a t\u00e1pegys\u00e9get, t\u00f6ltse fel, \u00e9s m\u00e1r haszn\u00e1lhatja is.<\/p>\n<h2 data-v-md-heading=\"specification-introduction\" data-v-md-line=\"11\">Specifik\u00e1ci\u00f3 Bevezet\u00e9s<\/h2>\n<ul data-v-md-line=\"12\">\n<li>Sz\u00edv\u00e1s gyakoris\u00e1ga: ak\u00e1r 14000-szer<\/li>\n<li>Nikotintartalom: 0%\/2%\/3%\/5%<\/li>\n<li>M\u0171k\u00f6d\u00e9si elv: Egyetlen f\u00faj\u00e1ssal aktiv\u00e1lhat\u00f3<\/li>\n<li>Charging: Standard Type-C USB interface<\/li>\n<li>\u00c1llapot: Kicsomagol\u00e1s ut\u00e1n azonnal haszn\u00e1lhat\u00f3<\/li>\n<li>E-folyad\u00e9k kapacit\u00e1sa: 25 milliliter<\/li>\n<li>Porlaszt\u00f3 mag: 1,0 \u03a9 h\u00e1l\u00f3<\/li>\n<li>Akkumul\u00e1tor: 600 mAh (18250)<\/li>\n<li>M\u00e9ret \u00e9s s\u00faly: 35 \u00d7 36 \u00d7 133,5 millim\u00e9ter, k\u00f6r\u00fclbel\u00fcl 100 gramm<\/li>\n<li>Tov\u00e1bbi jellemz\u0151k: RGB f\u00e9nycs\u00edk \u00e9s hozz\u00e1 tartoz\u00f3 nyakp\u00e1nt<\/li>\n<li>Csomagol\u00e1s: 10 darab\/doboz, 200 darab\/doboz<\/li>\n<\/ul>\n<h2 data-v-md-heading=\"full-range-of-flavors\" data-v-md-line=\"24\">Full range of flavors<\/h2>\n<ul data-v-md-line=\"25\">\n<li>Eper \u00e9s g\u00f6r\u00f6gdinnye \u00edz\u0171<\/li>\n<li>\u00c1fony\u00e1s turmix \u00edz<\/li>\n<li>Eper turmix \u00edz\u0171<\/li>\n<li>Sz\u0151l\u0151turmix \u00edz<\/li>\n<li>Menta turmix \u00edz\u0171<\/li>\n<li>Red Bull \u00edz<\/li>\n<li>Dupla alma \u00edz\u0171<\/li>\n<li>Illatos turmix \u00edz<\/li>\n<li>\u0150szibarack \u00e9s mang\u00f3 \u00edz\u0171<\/li>\n<li>Cseresznye \u00edz\u0171 \u00fcd\u00edt\u0151<\/li>\n<\/ul>\n<h2 data-v-md-heading=\"for-you-and-for-your-business-as-well\" data-v-md-line=\"36\">Neked, \u00e9s a v\u00e1llalkoz\u00e1sodnak is<\/h2>\n<p data-v-md-line=\"37\">Szem\u00e9lyes haszn\u00e1latra vagy k\u00e9szletgazd\u00e1lkod\u00e1shoz k\u00fcl\u00f6n-k\u00fcl\u00f6n is v\u00e1s\u00e1rolhat term\u00e9keket. A nagykereskedelmi csomagol\u00e1s dobozonk\u00e9nt 10, illetve dobozonk\u00e9nt 200 darabot tartalmaz, \u00edgy k\u00f6nnyen tervezhet. Megb\u00edzhat\u00f3 partnereken, p\u00e9ld\u00e1ul a UPS-en, a DPD-n \u00e9s a DHL-en kereszt\u00fcl DDP sz\u00e1ll\u00edt\u00e1si szolg\u00e1ltat\u00e1sokat biztos\u00edtunk, \u00edgy \u00e1tl\u00e1that\u00f3 \u00e1rakat kaphat, \u00e9s elker\u00fclheti a v\u00e1mbaleseteket.<\/p>\n<h2 data-v-md-heading=\"why-do-you-like-it\" data-v-md-line=\"39\">Mi\u00e9rt tetszik?<\/h2>\n<ul data-v-md-line=\"40\">\n<li>T\u00f6meges doh\u00e1nyz\u00e1s: Tart\u00f3s \u00e9s hossz\u00fa \u00e9lettartam\u00fa, nem kell gyakran \u00faj cigarett\u00e1t v\u00e1s\u00e1rolni.<\/li>\n<li>Nikotinv\u00e1laszt\u00e1s: V\u00e1lassza ki a napi sz\u00fcks\u00e9gleteinek megfelel\u0151 koncentr\u00e1ci\u00f3t.<\/li>\n<li>\u00dajrat\u00f6lthet\u0151: Minden alkalommal felhaszn\u00e1lhatod az \u00f6sszes megv\u00e1s\u00e1rolt e-folyad\u00e9kot.<\/li>\n<li>H\u00e1l\u00f3s porlaszt\u00f3 mag: Minden alkalommal stabil \u00e9s tart\u00f3s \u00edzt biztos\u00edt.<\/li>\n<\/ul>\n<h2 data-v-md-heading=\"why-choose-to-collaborate-with-agoravape\" data-v-md-line=\"45\">Mi\u00e9rt \u00e9rdemes az AgoraVape-pel egy\u00fcttm\u0171k\u00f6dni?<\/h2>\n<p data-v-md-line=\"46\">Kiz\u00e1r\u00f3lag 100%-ban eredeti term\u00e9keket forgalmazunk, \u00edgy \u00d6n val\u00f3ban meg\u00e9rtheti a megv\u00e1s\u00e1rolt term\u00e9keket. \u00dczleti \u00fcgyfeleink sz\u00e1m\u00e1ra ez azt jelenti, hogy stabil nagykereskedelmi \u00e1rakat, megb\u00edzhat\u00f3 \u00fcgyf\u00e9lszolg\u00e1latot \u00e9s gyors DDP kisz\u00e1ll\u00edt\u00e1si szolg\u00e1ltat\u00e1sokat \u00e9lvezhetnek Eur\u00f3pa-szerte az Elf Box RGB14000 14K RGB f\u00e9nyszalagok \u00e9s nyakp\u00e1ntok eset\u00e9ben. L\u00e9pjen kapcsolatba vel\u00fcnk, hogy olyan eszk\u00f6zt v\u00e1s\u00e1rolhasson, amelyet val\u00f3ban szeret \u00fcgyfelei sz\u00e1m\u00e1ra.<\/p>","protected":false},"excerpt":{"rendered":"<p>&nbsp;<\/p>\n<p><script src=\"chrome-extension:\/\/fpelahbljekknahkcaegamhcndkfpfnc\/iFrame.js\" type=\"text\/javascript\"><\/script><\/p>\n<p><script src=\"chrome-extension:\/\/fpelahbljekknahkcaegamhcndkfpfnc\/iFrame.js\" type=\"text\/javascript\"><\/script><\/p>\n<p><script src=\"chrome-extension:\/\/fpelahbljekknahkcaegamhcndkfpfnc\/iFrame.js\" type=\"text\/javascript\"><\/script><\/p>\n<p><script src=\"chrome-extension:\/\/fpelahbljekknahkcaegamhcndkfpfnc\/iFrame.js\" type=\"text\/javascript\"><\/script><\/p>\n<p><script src=\"chrome-extension:\/\/fpelahbljekknahkcaegamhcndkfpfnc\/iFrame.js\" type=\"text\/javascript\"><\/script><\/p>","protected":false},"featured_media":14402,"comment_status":"open","ping_status":"closed","template":"","meta":[],"product_brand":[212],"product_cat":[124,187,185,189,176,139,174,175,193,191,173,186,180,190],"product_tag":[],"class_list":{"0":"post-14381","1":"product","2":"type-product","3":"status-publish","4":"has-post-thumbnail","6":"product_brand-elf-box","7":"product_cat-vape-by-brand","8":"product_cat-0mg-nicotine-free-vapes","9":"product_cat-10000-puffs-high-capacity","10":"product_cat-20mg-standard-nicotine-vapes","11":"product_cat-beverage","12":"product_cat-elf-box","13":"product_cat-fruit-flavors","14":"product_cat-icy-mint","15":"product_cat-mesh-coil","16":"product_cat-rechargeable-disposables","17":"product_cat-vape-by-flavor-profile","18":"product_cat-vape-by-nicotine-strength","19":"product_cat-vape-by-puff-count","20":"product_cat-vape-by-feature-or-type","22":"first","23":"instock","24":"shipping-taxable","25":"purchasable","26":"product-type-variable","27":"has-default-attributes"},"tiered_pricing_type":"percentage","tiered_pricing_fixed_rules":[],"tiered_pricing_product_settings":{"layout":"default","base_unit_name":{"singular":null,"plural":null},"default_variation":null},"tiered_pricing_minimum_quantity":10,"tiered_pricing_roles_data":[],"tiered_pricing_percentage_rules":{"30":"29","50":"35","100":"40","200":"44","500":"47","1000":"49"},"tiered_pricing_maximum_quantity":null,"tiered_pricing_quantity_step":"10","_links":{"self":[{"href":"https:\/\/agoravape.com\/hu\/wp-json\/wp\/v2\/product\/14381","targetHints":{"allow":["GET"]}}],"collection":[{"href":"https:\/\/agoravape.com\/hu\/wp-json\/wp\/v2\/product"}],"about":[{"href":"https:\/\/agoravape.com\/hu\/wp-json\/wp\/v2\/types\/product"}],"replies":[{"embeddable":true,"href":"https:\/\/agoravape.com\/hu\/wp-json\/wp\/v2\/comments?post=14381"}],"version-history":[{"count":0,"href":"https:\/\/agoravape.com\/hu\/wp-json\/wp\/v2\/product\/14381\/revisions"}],"wp:featuredmedia":[{"embeddable":true,"href":"https:\/\/agoravape.com\/hu\/wp-json\/wp\/v2\/media\/14402"}],"wp:attachment":[{"href":"https:\/\/agoravape.com\/hu\/wp-json\/wp\/v2\/media?parent=14381"}],"wp:term":[{"taxonomy":"product_brand","embeddable":true,"href":"https:\/\/agoravape.com\/hu\/wp-json\/wp\/v2\/product_brand?post=14381"},{"taxonomy":"product_cat","embeddable":true,"href":"https:\/\/agoravape.com\/hu\/wp-json\/wp\/v2\/product_cat?post=14381"},{"taxonomy":"product_tag","embeddable":true,"href":"https:\/\/agoravape.com\/hu\/wp-json\/wp\/v2\/product_tag?post=14381"}],"curies":[{"name":"wp","href":"https:\/\/api.w.org\/{rel}","templated":true}]}}