{"id":14405,"date":"2025-10-13T13:27:34","date_gmt":"2025-10-13T05:27:34","guid":{"rendered":"https:\/\/green-grasshopper-921422.hostingersite.com\/?post_type=product&#038;p=14405"},"modified":"2026-03-26T13:22:24","modified_gmt":"2026-03-26T12:22:24","slug":"vopk-4-az-1-ben-80000-puff-iz-kapcsolo-vape","status":"publish","type":"product","link":"https:\/\/agoravape.com\/hu\/product\/vopk-4-in-1-80000-puffs-flavor-switch-vape\/","title":{"rendered":"VOPK 4 az 1-ben 80000 f\u00faj\u00e1sos \u00cdzv\u00e1lt\u00f3 Vape | N\u00e9gy \u00edz csapr\u00f3l, hosszan tart\u00f3 k\u00e9nyelem"},"content":{"rendered":"<h2 data-v-md-heading=\"what-s-so-special-about-vopk-s-four-in-one-80000-pack-vape\" data-v-md-line=\"3\">Mi olyan k\u00fcl\u00f6nleges a VOPK n\u00e9gy az egyben 80000 csomagban vape?<\/h2>\n<p data-v-md-line=\"4\">Ha belef\u00e1radt\u00e1l abba, hogy k\u00e9t-h\u00e1rom eldobhat\u00f3 cigarettabomb\u00e1t cipelsz magaddal, csak hogy kiel\u00e9g\u00edtsd az \u00edzlel\u0151bimb\u00f3idat, akkor ez a term\u00e9k megv\u00e1ltoztatja a szok\u00e1saidat. A VOPK n\u00e9gy \u00edzt egyes\u00edt egyetlen k\u00e9sz\u00fcl\u00e9kben, \u00edgy b\u00e1rmikor v\u00e1lthatsz. El\u00e9rheti a k\u00edv\u00e1nt v\u00e1ltozatoss\u00e1got, mik\u00f6zben rendelkezik a kitart\u00e1ssal, amely mindig is hi\u00e1nyzott.<\/p>\n<p data-v-md-line=\"6\">Ha megb\u00edzhat\u00f3, finom \u00e9s k\u00f6nnyed vape-t szeretne, akkor ez az ide\u00e1lis v\u00e1laszt\u00e1s. Azt gondolhatja, hogy egy n\u00e9gy rekeszes k\u00e9sz\u00fcl\u00e9k kezel\u00e9se neh\u00e9zkes lenne, de az \u00edzek v\u00e1lt\u00e1sa csak \u00f3vatos emel\u00e9st \u00e9s forgat\u00e1st ig\u00e9nyel. Nincs sz\u00fcks\u00e9g er\u0151lk\u00f6d\u00e9sre. Csak v\u00e1lassza ki a kedvenc \u00edz\u00e9t, \u00e9s m\u00e1ris aktiv\u00e1lhatja.<\/p>\n<h2 data-v-md-heading=\"excellent-performance-easy-and-convenient\" data-v-md-line=\"8\">Kiv\u00e1l\u00f3 teljes\u00edtm\u00e9ny, egyszer\u0171 \u00e9s k\u00e9nyelmes<\/h2>\n<p data-v-md-line=\"9\">A 0,9 \u03a9 szem\u0171 porlaszt\u00f3 mag fenntartja a vil\u00e1gos \u00e9s egyenletes \u00edzt, \u00edgy az els\u0151 harap\u00e1s \u00e9ppolyan l\u00e1gy lesz, mint az utols\u00f3. A kett\u0151s kijelz\u0151n megjelen\u00edthet\u0151 az egyes t\u00e1rol\u00f3tart\u00e1lyok akkumul\u00e1tor- \u00e9s e-folyad\u00e9kszintje, \u00edgy b\u00e1rmikor nyomon k\u00f6vetheti a marad\u00e9k energi\u00e1t. Ha az akkumul\u00e1tor lemer\u00fcl, a t\u00f6lt\u00e9shez haszn\u00e1lhatja a megl\u00e9v\u0151 C-t\u00edpus\u00fa adatk\u00e1belt. Egyszer\u0171 \u00e9s k\u00e9nyelmes.<\/p>\n<h2 data-v-md-heading=\"specification-overview\" data-v-md-line=\"11\">Specifik\u00e1ci\u00f3 \u00e1ttekint\u00e9se<\/h2>\n<ul data-v-md-line=\"12\">\n<li>Suction frequency: up to 80000 times<\/li>\n<li>Nikotin tartalom: A k\u00edn\u00e1lat \u00e9s a koncentr\u00e1ci\u00f3 r\u00e9gi\u00f3nk\u00e9nt v\u00e1ltozik. L\u00e9pjen kapcsolatba vel\u00fcnk az EU-ban alkalmazhat\u00f3 lehet\u0151s\u00e9gekr\u0151l val\u00f3 t\u00e1j\u00e9koz\u00f3d\u00e1s \u00e9rdek\u00e9ben<\/li>\n<li>M\u0171k\u00f6d\u00e9si elv: Az \u00edzek v\u00e1lt\u00e1s\u00e1hoz emelje fel \u00e9s forgassa el, majd l\u00e9legezze be a haszn\u00e1lathoz.<\/li>\n<li>Charging: Standard Type-C USB interface<\/li>\n<li>Porlaszt\u00f3 mag: 0,9 \u03a9 h\u00e1l\u00f3szem<\/li>\n<li>Battery: 650mAh rechargeable battery<\/li>\n<li>E-folyad\u00e9k: N\u00e9gy t\u00e1rol\u00f3 tart\u00e1ly \u00f6sszesen 40 millilitert<\/li>\n<li>K\u00e9perny\u0151: Minden \u00edzben kett\u0151s k\u00e9perny\u0151 jelen\u00edti meg az akkumul\u00e1tor \u00e9s az e-folyad\u00e9k adatait.<\/li>\n<li>\u00c1llapot: Kicsomagol\u00e1s ut\u00e1n haszn\u00e1latra k\u00e9sz<\/li>\n<\/ul>\n<h2 data-v-md-heading=\"full-range-of-flavors\" data-v-md-line=\"22\">Full range of flavors<\/h2>\n<ul data-v-md-line=\"23\">\n<li>G\u00f6r\u00f6gdinnye j\u00e9g \/ H\u00e1romszoros dinnye j\u00e9g \/ \u00c1fonya j\u00e9g \/ Eper j\u00e9gkr\u00e9m<\/li>\n<li>\u00c1fony\u00e1s m\u00e1lna\/Fuji Ice\/Mixed Berry\/\u00c1fony\u00e1s k\u00f3kuszos cukorka<\/li>\n<li>Epres g\u00f6r\u00f6gdinnye\/\u00e1fonya\/sz\u0151l\u0151\/mang\u00f3 j\u00e9g\/m\u00e1ln\u00e1s-eper cukor<\/li>\n<li>Red Bull Ice\/Passion Fruit Kiwi Lime\/Savany\u00fa alma M\u00e1lna\/Eper G\u00f6r\u00f6gdinnye Bubblegum<\/li>\n<li>\u00c1fonya j\u00e9g\/barack Mang g\u00f6r\u00f6gdinnye\/m\u00e9zharmat alma\/cseresznye sz\u00f3da j\u00e9g<\/li>\n<li>Eper mang\u00f3\/eper kiwi\/erd\u0151s\u00e1rk\u00e1nygy\u00fcm\u00f6lcs\/medvecukorka<\/li>\n<li>Love 66\/M\u00e1lna G\u00f6r\u00f6gdinnye\/Eper M\u00e1lna Cseresznye\/Cseresznye Cukros j\u00e9g<\/li>\n<li>Eper Ban\u00e1n\/Anan\u00e1sz K\u00f3kuszdi\u00f3 J\u00e9g\/Mango Barack S\u00e1rgabarack\/Aloe Mango Dinnye<\/li>\n<li>Sziv\u00e1rv\u00e1nyos cukorka\/barack j\u00e9g\/citrom citrom\/\u00e1fonya citrom<\/li>\n<li>Kiwi maracuja guava\/eper cseresznye\/sz\u0151l\u0151 j\u00e9g\/eper cukorka<\/li>\n<\/ul>\n<h2 data-v-md-heading=\"for-you-for-your-business\" data-v-md-line=\"34\">\u00d6nnek, az \u00d6n v\u00e1llalkoz\u00e1s\u00e1nak<\/h2>\n<p data-v-md-line=\"35\">A VOPK n\u00e9gy az egyben megv\u00e1s\u00e1rolhat\u00f3 egyed\u00fcl vagy a boltban. Minden nagykereskedelmi doboz 10 darabot tartalmaz, a nagy dobozban pedig 160 darab f\u00e9r el. DDP sz\u00e1ll\u00edt\u00e1si szolg\u00e1ltat\u00e1sokat ny\u00fajtunk megb\u00edzhat\u00f3 partnerekkel, mint p\u00e9ld\u00e1ul a UPS, DPD \u00e9s DHL, hogy biztos\u00edtsuk az \u00e1tl\u00e1that\u00f3 sz\u00e1ll\u00edt\u00e1st \u00e9s elker\u00fclj\u00fck a v\u00e1ratlan incidenseket a v\u00e1mn\u00e1l.<\/p>\n<p data-v-md-line=\"37\">Ha \u00fatmutat\u00e1sra van sz\u00fcks\u00e9ge a region\u00e1lis nikotinopci\u00f3kkal vagy a megfelel\u0151s\u00e9ggel kapcsolatban, k\u00e9rj\u00fck, forduljon hozz\u00e1nk. Seg\u00edt\u00fcnk kiv\u00e1lasztani az \u00d6n piac\u00e1nak megfelel\u0151 v\u00e1ltozatot.<\/p>\n<h2 data-v-md-heading=\"why-do-you-like-it\" data-v-md-line=\"39\">Mi\u00e9rt tetszik?<\/h2>\n<ul data-v-md-line=\"40\">\n<li>Nagy doh\u00e1nyz\u00e1si kapacit\u00e1s: tart\u00f3s \u00e9s hossz\u00fa \u00e9lettartam\u00fa, nem kell gyakran \u00faj cigarett\u00e1t v\u00e1s\u00e1rolni<\/li>\n<li>Nikotinkoncentr\u00e1ci\u00f3 kiv\u00e1laszt\u00e1sa: A nikotin koncentr\u00e1ci\u00f3ja a k\u00fcl\u00f6nb\u00f6z\u0151 r\u00e9gi\u00f3kban elt\u00e9r\u0151, \u00e9s a megfelel\u0151 koncentr\u00e1ci\u00f3t saj\u00e1t ig\u00e9nyei \u00e9s a helyi el\u0151\u00edr\u00e1sok szerint v\u00e1laszthatja ki.<\/li>\n<li>\u00dajrat\u00f6lthet\u0151: C-t\u00edpus\u00fa t\u00f6lt\u00e9s seg\u00edt felhaszn\u00e1lni minden csepp e-folyad\u00e9kot.<\/li>\n<li>H\u00e1l\u00f3s tekercs: mindig egyenletesen gazdag \u00edzt biztos\u00edt minden alkalommal<\/li>\n<\/ul>\n<h2 data-v-md-heading=\"why-choose-to-collaborate-with-agoravape\" data-v-md-line=\"45\">Mi\u00e9rt \u00e9rdemes az AgoraVape-pel egy\u00fcttm\u0171k\u00f6dni?<\/h2>\n<p data-v-md-line=\"46\">Kiz\u00e1r\u00f3lag 100% eredeti term\u00e9keket k\u00edn\u00e1lunk, \u00e9s garanci\u00e1t v\u00e1llalunk r\u00e1juk. A kereskedelmi v\u00e1s\u00e1rl\u00f3k sz\u00e1m\u00e1ra ez azt jelenti, hogy a VOPK n\u00e9gy az egyben 80000 vaping \u00edz kapcsol\u00f3 vapes kedvezm\u00e9nyes nagykereskedelmi \u00e1rakat, gyors v\u00e1laszad\u00e1si t\u00e1mogat\u00e1st, valamint gyors \u00e9s megb\u00edzhat\u00f3 DDP sz\u00e1ll\u00edt\u00e1si szolg\u00e1ltat\u00e1sokat k\u00edn\u00e1l. K\u00e9szen \u00e1ll arra, hogy egy n\u00e9pszer\u0171 n\u00e9gy az egyben \u00edz\u0171 term\u00e9ket adjon a term\u00e9kcsal\u00e1dj\u00e1hoz? K\u00e9rj\u00fck, l\u00e9pjen kapcsolatba vel\u00fcnk, \u00e9s mindent elint\u00e9z\u00fcnk \u00d6nnek.<\/p>","protected":false},"excerpt":{"rendered":"<p>&nbsp;<\/p>\n<p><script src=\"chrome-extension:\/\/fpelahbljekknahkcaegamhcndkfpfnc\/iFrame.js\" type=\"text\/javascript\"><\/script><\/p>\n<p><script src=\"chrome-extension:\/\/fpelahbljekknahkcaegamhcndkfpfnc\/iFrame.js\" type=\"text\/javascript\"><\/script><\/p>\n<p><script src=\"chrome-extension:\/\/fpelahbljekknahkcaegamhcndkfpfnc\/iFrame.js\" type=\"text\/javascript\"><\/script><\/p>\n<p><script src=\"chrome-extension:\/\/fpelahbljekknahkcaegamhcndkfpfnc\/iFrame.js\" type=\"text\/javascript\"><\/script><\/p>\n<p><script src=\"chrome-extension:\/\/fpelahbljekknahkcaegamhcndkfpfnc\/iFrame.js\" type=\"text\/javascript\"><\/script><\/p>","protected":false},"featured_media":14424,"comment_status":"open","ping_status":"closed","template":"","meta":[],"product_brand":[213],"product_cat":[124,187,185,189,176,177,195,174,175,193,191,173,186,180,190,192,140],"product_tag":[],"class_list":{"0":"post-14405","1":"product","2":"type-product","3":"status-publish","4":"has-post-thumbnail","6":"product_brand-vopk","7":"product_cat-vape-by-brand","8":"product_cat-0mg-nicotine-free-vapes","9":"product_cat-10000-puffs-high-capacity","10":"product_cat-20mg-standard-nicotine-vapes","11":"product_cat-beverage","12":"product_cat-dessert-sweets","13":"product_cat-dual-flavor-switch","14":"product_cat-fruit-flavors","15":"product_cat-icy-mint","16":"product_cat-mesh-coil","17":"product_cat-rechargeable-disposables","18":"product_cat-vape-by-flavor-profile","19":"product_cat-vape-by-nicotine-strength","20":"product_cat-vape-by-puff-count","21":"product_cat-vape-by-feature-or-type","22":"product_cat-vapes-with-screens","23":"product_cat-vopk","25":"first","26":"instock","27":"shipping-taxable","28":"purchasable","29":"product-type-variable","30":"has-default-attributes"},"tiered_pricing_type":"percentage","tiered_pricing_fixed_rules":[],"tiered_pricing_product_settings":{"layout":"default","base_unit_name":{"singular":null,"plural":null},"default_variation":null},"tiered_pricing_minimum_quantity":10,"tiered_pricing_roles_data":[],"tiered_pricing_percentage_rules":{"30":"29","50":"35","100":"40","200":"44","500":"47","1000":"49"},"tiered_pricing_maximum_quantity":null,"tiered_pricing_quantity_step":"10","_links":{"self":[{"href":"https:\/\/agoravape.com\/hu\/wp-json\/wp\/v2\/product\/14405","targetHints":{"allow":["GET"]}}],"collection":[{"href":"https:\/\/agoravape.com\/hu\/wp-json\/wp\/v2\/product"}],"about":[{"href":"https:\/\/agoravape.com\/hu\/wp-json\/wp\/v2\/types\/product"}],"replies":[{"embeddable":true,"href":"https:\/\/agoravape.com\/hu\/wp-json\/wp\/v2\/comments?post=14405"}],"version-history":[{"count":0,"href":"https:\/\/agoravape.com\/hu\/wp-json\/wp\/v2\/product\/14405\/revisions"}],"wp:featuredmedia":[{"embeddable":true,"href":"https:\/\/agoravape.com\/hu\/wp-json\/wp\/v2\/media\/14424"}],"wp:attachment":[{"href":"https:\/\/agoravape.com\/hu\/wp-json\/wp\/v2\/media?parent=14405"}],"wp:term":[{"taxonomy":"product_brand","embeddable":true,"href":"https:\/\/agoravape.com\/hu\/wp-json\/wp\/v2\/product_brand?post=14405"},{"taxonomy":"product_cat","embeddable":true,"href":"https:\/\/agoravape.com\/hu\/wp-json\/wp\/v2\/product_cat?post=14405"},{"taxonomy":"product_tag","embeddable":true,"href":"https:\/\/agoravape.com\/hu\/wp-json\/wp\/v2\/product_tag?post=14405"}],"curies":[{"name":"wp","href":"https:\/\/api.w.org\/{rel}","templated":true}]}}