{"id":14426,"date":"2025-10-13T13:40:04","date_gmt":"2025-10-13T05:40:04","guid":{"rendered":"https:\/\/green-grasshopper-921422.hostingersite.com\/?post_type=product&#038;p=14426"},"modified":"2026-01-19T22:06:35","modified_gmt":"2026-01-19T14:06:35","slug":"vopk-triple-pro-75000-puffs-3-az-1-ben-vape","status":"publish","type":"product","link":"https:\/\/agoravape.com\/hu\/product\/vopk-triple-pro-75000-puffs-3-in-1-vape\/","title":{"rendered":"VOPK Triple Pro 75000 F\u00faj\u00e1sos 3 az 1-ben \u00edzes\u00edt\u0151 vape | H\u00e1rom \u00edz egyben, tart\u00f3sra tervezve"},"content":{"rendered":"<h2 data-v-md-heading=\"what-is-the-charm-of-vopk-triple-pro-75000-three-in-one-vape\" data-v-md-line=\"3\">Mi a VOPK Triple Pro 75000 h\u00e1rom az egyben vape var\u00e1zsa?<\/h2>\n<p data-v-md-line=\"4\">Ha belef\u00e1radt\u00e1l abba, hogy n\u00e9h\u00e1ny naponta cser\u00e9lgeted az eszk\u00f6zeidet, ez a term\u00e9k biztosan felkelti majd a figyelmedet. A VOPK Triple Pro egyetlen eszk\u00f6zben ak\u00e1r 75000 adag h\u00e1rom \u00edzt is k\u00e9pes befogadni, \u00edgy nem kell t\u00f6bb\u00e9 er\u0151lk\u00f6dn\u00f6d. A nap folyam\u00e1n a hangulatv\u00e1ltoz\u00e1saidnak megfelel\u0151en v\u00e1ltogathatod az \u00edzeket, \u00e9s k\u00f6nnyed\u00e9n \u00e9lvezheted a vape-ek ny\u00fajtotta \u00e9lm\u00e9nyt.<\/p>\n<p data-v-md-line=\"6\">Ha hossz\u00fa akkumul\u00e1tor-\u00fczemid\u0151t, egyszer\u0171 kezelhet\u0151s\u00e9get \u00e9s gazdag \u00edzt keres, ez a term\u00e9k az ide\u00e1lis v\u00e1laszt\u00e1s. Nincs bonyolult men\u00fc, nem kell tal\u00e1lgatni. Csak sima sz\u00edv\u00e1s \u00e9s egyszer\u0171 \u00edzv\u00e1laszt\u00e1s, \u00fajrat\u00f6lthet\u0151 akkumul\u00e1torokkal \u00e9s letisztult kijelz\u0151vel felszerelve.<\/p>\n<h2 data-v-md-heading=\"excellent-performance-easy-and-convenient\" data-v-md-line=\"8\">Kiv\u00e1l\u00f3 teljes\u00edtm\u00e9ny, egyszer\u0171 \u00e9s k\u00e9nyelmes<\/h2>\n<p data-v-md-line=\"9\">A h\u00e1romszoros, 0,9 \u03a9-os h\u00e1l\u00f3s porlaszt\u00f3mag biztos\u00edtja a sima f\u00fcst\u00e1raml\u00e1st \u00e9s az \u00e1lland\u00f3 \u00edzt az els\u0151t\u0151l az utols\u00f3 slukkoig. A dupla k\u00e9perny\u0151 mutatja az egyes tart\u00e1lyok akkumul\u00e1tor\u00e1nak \u00e9s e-folyad\u00e9k\u00e1nak szintj\u00e9t, \u00edgy b\u00e1rmikor nyomon k\u00f6vetheted az \u00e1llapotot. Ha az akkumul\u00e1tor lemer\u00fclt, Type-C adatk\u00e1bellel t\u00f6ltheted, ami val\u00f3sz\u00edn\u0171leg a telefonod t\u00f6lt\u0151k\u00e1bele lesz. Egyszer\u0171 \u00e9s k\u00e9nyelmes.<\/p>\n<h2 data-v-md-heading=\"specification-overview\" data-v-md-line=\"11\">Specifik\u00e1ci\u00f3 \u00e1ttekint\u00e9se<\/h2>\n<ul data-v-md-line=\"12\">\n<li>Sz\u00edv\u00e1s gyakoris\u00e1ga: ak\u00e1r 75000 alkalommal<\/li>\n<li>Nikotintartalom: A k\u00edn\u00e1lat piaconk\u00e9nt elt\u00e9r\u0151. Tekintse meg a helyi lehet\u0151s\u00e9geket, vagy forduljon csapatunkhoz.<\/li>\n<li>M\u0171k\u00f6d\u00e9si elv: Bel\u00e9gz\u00e9ssel aktiv\u00e1lhat\u00f3<\/li>\n<li>T\u00f6lt\u00e9s: Standard Type-C USB port<\/li>\n<li>\u00c1llapot: Kicsomagol\u00e1s ut\u00e1n azonnal haszn\u00e1lhat\u00f3<\/li>\n<\/ul>\n<h2 data-v-md-heading=\"full-flavor-series\" data-v-md-line=\"18\">Teljes \u00edz\u0171 sorozat<\/h2>\n<ul data-v-md-line=\"19\">\n<li>G\u00f6r\u00f6gdinnyefagylalt\/\u00c1fony\u00e1sfagylalt\/Eper-kivifagylalt<\/li>\n<li>\u00c1fony\u00e1s-m\u00e1ln\u00e1s j\u00e9g\/fekete s\u00e1rk\u00e1ny j\u00e9g\/csereszny\u00e9s sz\u00f3da j\u00e9g<\/li>\n<li>Sz\u0151l\u0151fagylalt\/Eper M\u00e1lna Cseresznye\/Eper G\u00f6r\u00f6gdinnyefagylalt<\/li>\n<li>Anan\u00e1szos-mang\u00f3s-barackos\/barackos-bogy\u00f3s\/citromos-limeos j\u00e9gkr\u00e9m<\/li>\n<li>Tripla dinnye j\u00e9g\/mack\u00f3 cukorka\/\u00e1fony\u00e1s cukorka<\/li>\n<li>Eper-ban\u00e1n\/anan\u00e1sz-k\u00f3kusz\/tr\u00f3pusi gy\u00fcm\u00f6lcsfagylalt<\/li>\n<li>Dupla alm\u00e1s j\u00e9g\/sziv\u00e1rv\u00e1nyos cukor\/csereszny\u00e9s cukor j\u00e9g<\/li>\n<li>Epres-mang\u00f3s\/g\u00f6r\u00f6gdinnye-Red Bull\/M\u00e1ln\u00e1s-g\u00f6r\u00f6gdinnye j\u00e9gkr\u00e9m<\/li>\n<li>Love 66\/\u00c1fony\u00e1s pillecukor\/Epres-m\u00e1ln\u00e1s cukork\u00e1k<\/li>\n<li>Epres-van\u00edli\u00e1s k\u00f3la\/Csereszny\u00e9s k\u00f3la j\u00e9ggel\/Epres k\u00f3la<\/li>\n<\/ul>\n<h2 data-v-md-heading=\"for-you-and-your-business\" data-v-md-line=\"30\">\u00d6nnek \u00e9s v\u00e1llalkoz\u00e1s\u00e1nak<\/h2>\n<p data-v-md-line=\"31\">A VOPK Triple Pro-t szem\u00e9lyes haszn\u00e1latra is beszerezheted, vagy beszerezheted az \u00fczletedbe. A nagykereskedelmi doboz 10 darabot tartalmaz dobozonk\u00e9nt, a k\u00fcls\u0151 doboz pedig 160 darabot. Ez megk\u00f6nny\u00edti a polcok megtervez\u00e9s\u00e9t \u00e9s az \u00e1trendel\u00e9st.<\/p>\n<p data-v-md-line=\"33\">DDP sz\u00e1ll\u00edt\u00e1si szolg\u00e1ltat\u00e1sokat ny\u00fajtunk Eur\u00f3pa-szerte olyan megb\u00edzhat\u00f3 partnereken kereszt\u00fcl, mint a UPS, a DPD \u00e9s a DHL, \u00edgy a v\u00e1mtarif\u00e1kat el\u0151re feldolgozhatjuk, elker\u00fclve a v\u00e1ratlan v\u00e1mhelyzeteket. \u00c9lvezheti a gyors sz\u00e1ll\u00edt\u00e1st \u00e9s a nyugalmat.<\/p>\n<h2 data-v-md-heading=\"why-do-you-like-it\" data-v-md-line=\"35\">Mi\u00e9rt tetszik?<\/h2>\n<ul data-v-md-line=\"36\">\n<li>Massz\u00edv doh\u00e1nyz\u00e1s: tart\u00f3s \u00e9s hossz\u00fa ideig tart\u00f3, nem kell gyakran \u00faj cigarett\u00e1t v\u00e1s\u00e1rolni<\/li>\n<li>Nikotinv\u00e1laszt\u00e1s: V\u00e1lassza ki a piac\u00e1nak vagy preferenci\u00e1inak megfelel\u0151 koncentr\u00e1ci\u00f3t<\/li>\n<li>\u00dajrat\u00f6lthet\u0151: Az \u00f6sszes megv\u00e1s\u00e1rolt e-folyad\u00e9kot haszn\u00e1lhatja<\/li>\n<li>H\u00e1l\u00f3s tekercs: Minden sz\u00edv\u00e1sn\u00e1l egys\u00e9ges \u00edz<\/li>\n<\/ul>\n<h2 data-v-md-heading=\"why-choose-agoravape\" data-v-md-line=\"41\">Mi\u00e9rt v\u00e1lassza az AgoraVape-et?<\/h2>\n<p data-v-md-line=\"42\">Kiz\u00e1r\u00f3lag 100%-ban eredeti term\u00e9keket forgalmazunk, kedvezm\u00e9nyes nagykereskedelmi \u00e1rakat \u00e9s megb\u00edzhat\u00f3 \u00fcgyf\u00e9lszolg\u00e1latot k\u00edn\u00e1lunk. Eur\u00f3pa egyik megb\u00edzhat\u00f3 vape-forgalmaz\u00f3jak\u00e9nt gyorsan v\u00e1s\u00e1rolunk \u00e9s megb\u00edzhat\u00f3an sz\u00e1ll\u00edtunk. B\u0151v\u00edtsd term\u00e9kk\u00edn\u00e1latodat a VOPK Triple Pro 75000 Puffs 3 az 1-ben \u00edzes\u00edtett vape-pel, \u00e9s k\u00edn\u00e1lj olyan term\u00e9keket, amelyeket a v\u00e1s\u00e1rl\u00f3k visszat\u00e9rnek v\u00e1s\u00e1rolni.<\/p>","protected":false},"excerpt":{"rendered":"<p>&nbsp;<\/p>\n<p><script src=\"chrome-extension:\/\/fpelahbljekknahkcaegamhcndkfpfnc\/iFrame.js\" type=\"text\/javascript\"><\/script><\/p>\n<p><script src=\"chrome-extension:\/\/fpelahbljekknahkcaegamhcndkfpfnc\/iFrame.js\" type=\"text\/javascript\"><\/script><\/p>\n<p><script src=\"chrome-extension:\/\/fpelahbljekknahkcaegamhcndkfpfnc\/iFrame.js\" type=\"text\/javascript\"><\/script><\/p>\n<p><script src=\"chrome-extension:\/\/fpelahbljekknahkcaegamhcndkfpfnc\/iFrame.js\" type=\"text\/javascript\"><\/script><\/p>\n<p><script src=\"chrome-extension:\/\/fpelahbljekknahkcaegamhcndkfpfnc\/iFrame.js\" type=\"text\/javascript\"><\/script><\/p>","protected":false},"featured_media":14447,"comment_status":"open","ping_status":"closed","template":"","meta":[],"product_brand":[213],"product_cat":[124,187,185,189,176,177,195,174,175,193,191,173,186,180,190,192,140],"product_tag":[],"class_list":{"0":"post-14426","1":"product","2":"type-product","3":"status-publish","4":"has-post-thumbnail","6":"product_brand-vopk","7":"product_cat-vape-by-brand","8":"product_cat-0mg-nicotine-free-vapes","9":"product_cat-10000-puffs-high-capacity","10":"product_cat-20mg-standard-nicotine-vapes","11":"product_cat-beverage","12":"product_cat-dessert-sweets","13":"product_cat-dual-flavor-switch","14":"product_cat-fruit-flavors","15":"product_cat-icy-mint","16":"product_cat-mesh-coil","17":"product_cat-rechargeable-disposables","18":"product_cat-vape-by-flavor-profile","19":"product_cat-vape-by-nicotine-strength","20":"product_cat-vape-by-puff-count","21":"product_cat-vape-by-feature-or-type","22":"product_cat-vapes-with-screens","23":"product_cat-vopk","25":"first","26":"onbackorder","27":"shipping-taxable","28":"purchasable","29":"product-type-variable","30":"has-default-attributes"},"tiered_pricing_type":"percentage","tiered_pricing_fixed_rules":[],"tiered_pricing_product_settings":{"layout":"default","base_unit_name":{"singular":null,"plural":null},"default_variation":null},"tiered_pricing_minimum_quantity":10,"tiered_pricing_roles_data":[],"tiered_pricing_percentage_rules":{"30":"29","50":"35","100":"40","200":"44","500":"47","1000":"49"},"tiered_pricing_maximum_quantity":null,"tiered_pricing_quantity_step":"10","_links":{"self":[{"href":"https:\/\/agoravape.com\/hu\/wp-json\/wp\/v2\/product\/14426","targetHints":{"allow":["GET"]}}],"collection":[{"href":"https:\/\/agoravape.com\/hu\/wp-json\/wp\/v2\/product"}],"about":[{"href":"https:\/\/agoravape.com\/hu\/wp-json\/wp\/v2\/types\/product"}],"replies":[{"embeddable":true,"href":"https:\/\/agoravape.com\/hu\/wp-json\/wp\/v2\/comments?post=14426"}],"version-history":[{"count":0,"href":"https:\/\/agoravape.com\/hu\/wp-json\/wp\/v2\/product\/14426\/revisions"}],"wp:featuredmedia":[{"embeddable":true,"href":"https:\/\/agoravape.com\/hu\/wp-json\/wp\/v2\/media\/14447"}],"wp:attachment":[{"href":"https:\/\/agoravape.com\/hu\/wp-json\/wp\/v2\/media?parent=14426"}],"wp:term":[{"taxonomy":"product_brand","embeddable":true,"href":"https:\/\/agoravape.com\/hu\/wp-json\/wp\/v2\/product_brand?post=14426"},{"taxonomy":"product_cat","embeddable":true,"href":"https:\/\/agoravape.com\/hu\/wp-json\/wp\/v2\/product_cat?post=14426"},{"taxonomy":"product_tag","embeddable":true,"href":"https:\/\/agoravape.com\/hu\/wp-json\/wp\/v2\/product_tag?post=14426"}],"curies":[{"name":"wp","href":"https:\/\/api.w.org\/{rel}","templated":true}]}}