{"id":14474,"date":"2025-10-13T15:31:30","date_gmt":"2025-10-13T07:31:30","guid":{"rendered":"https:\/\/green-grasshopper-921422.hostingersite.com\/?post_type=product&#038;p=14474"},"modified":"2026-01-13T01:04:04","modified_gmt":"2026-01-12T17:04:04","slug":"vopk-ultra-40000-puffs-kettos-izu-vape","status":"publish","type":"product","link":"https:\/\/agoravape.com\/hu\/product\/vopk-ultra-40000-puffs-dual-flavor-vape\/","title":{"rendered":"VOPK Ultra 40000 F\u00faj\u00e1s K\u00e9t \u00cdz\u0171 Sz\u0171r\u0151s Vape | Nagy F\u00faj\u00e1sok, K\u00e9t \u00cdz, Nulla Gond"},"content":{"rendered":"<h2 data-v-md-heading=\"what-are-the-advantages-of-vopk-ultra-40000-dual-flavor-screen-vapes\" data-v-md-line=\"3\"><img loading=\"lazy\" decoding=\"async\" class=\"aligncenter size-full wp-image-14496\" src=\"https:\/\/agoravape.com\/wp-content\/uploads\/2025\/10\/VOPK-Ultra-40000-Puffs-Dual-Flavor-Screen-Vape_Agora_vape-11.webp\" alt=\"\" width=\"2000\" height=\"1088\" srcset=\"https:\/\/agoravape.com\/wp-content\/uploads\/2025\/10\/VOPK-Ultra-40000-Puffs-Dual-Flavor-Screen-Vape_Agora_vape-11.webp 2000w, https:\/\/agoravape.com\/wp-content\/uploads\/2025\/10\/VOPK-Ultra-40000-Puffs-Dual-Flavor-Screen-Vape_Agora_vape-11-1200x653.webp 1200w, https:\/\/agoravape.com\/wp-content\/uploads\/2025\/10\/VOPK-Ultra-40000-Puffs-Dual-Flavor-Screen-Vape_Agora_vape-11-300x163.webp 300w, https:\/\/agoravape.com\/wp-content\/uploads\/2025\/10\/VOPK-Ultra-40000-Puffs-Dual-Flavor-Screen-Vape_Agora_vape-11-1024x557.webp 1024w, https:\/\/agoravape.com\/wp-content\/uploads\/2025\/10\/VOPK-Ultra-40000-Puffs-Dual-Flavor-Screen-Vape_Agora_vape-11-768x418.webp 768w, https:\/\/agoravape.com\/wp-content\/uploads\/2025\/10\/VOPK-Ultra-40000-Puffs-Dual-Flavor-Screen-Vape_Agora_vape-11-1536x836.webp 1536w\" sizes=\"auto, (max-width: 2000px) 100vw, 2000px\" \/><\/h2>\n<h2 data-v-md-heading=\"what-are-the-advantages-of-vopk-ultra-40000-dual-flavor-screen-vapes\" data-v-md-line=\"3\">Milyen el\u0151nyei vannak a VOPK Ultra 40000 kett\u0151s \u00edz\u0171 sz\u0171r\u0151s vape-eknek?<\/h2>\n<p data-v-md-line=\"4\">Ha eleged van abb\u00f3l, hogy n\u00e9h\u00e1ny naponta cser\u00e9lgeted az eldobhat\u00f3 vape-eket, ez a term\u00e9k megk\u00f6nny\u00edti az \u00e9letedet. A VOPK Ultra ak\u00e1r 40 000 slukk kapacit\u00e1ssal rendelkezik, \u00e9s k\u00e9t \u00edzt k\u00edn\u00e1l egy k\u00e9sz\u00fcl\u00e9kben, \u00edgy k\u00f6nnyed\u00e9n v\u00e1lthatsz an\u00e9lk\u00fcl, hogy m\u00e1sodik vape-et kellene cipelned.<\/p>\n<p data-v-md-line=\"6\">B\u00e1rki sz\u00e1m\u00e1ra alkalmas, aki hosszan tart\u00f3 teljes\u00edtm\u00e9nyre \u00e9s k\u00f6zvetlen, finom \u00edzre v\u00e1gyik, \u00e9s nincs ok az aggodalomra. A nagym\u00e9ret\u0171 k\u00e9perny\u0151 egy pillant\u00e1ssal mutatja az akkumul\u00e1tor \u00e9s az e-folyad\u00e9k szintj\u00e9t, \u00edgy pontosan meg\u00e9rtheted az aktu\u00e1lis \u00e1llapotot. Azt gondolhatod, hogy az eldobhat\u00f3 vape-ek k\u00e9perny\u0151je csak egy tr\u00fckk, de val\u00f3j\u00e1ban megoldja azt a probl\u00e9m\u00e1t, amelyet nem tudsz pontosan meg\u00edt\u00e9lni.<\/p>\n<h2 data-v-md-heading=\"excellent-performance-easy-and-convenient\" data-v-md-line=\"8\">Kiv\u00e1l\u00f3 teljes\u00edtm\u00e9ny, egyszer\u0171 \u00e9s k\u00e9nyelmes<\/h2>\n<p data-v-md-line=\"9\">A be\u00e9p\u00edtett kett\u0151s h\u00e1l\u00f3s porlaszt\u00f3mag gyors \u00e9s egyenletes meleg\u00edt\u00e9st biztos\u00edt, biztos\u00edtva az \u00e1lland\u00f3 \u00edzt \u00e9s a hosszan tart\u00f3 gazdags\u00e1got. Amikor az akkumul\u00e1tor lemer\u00fclt, Type-C k\u00e1bellel t\u00f6lthet\u0151. Haszn\u00e1lja ugyanazt az adatk\u00e1belt, mint a telefonj\u00e1t, hogy gyorsan vissza\u00e1ll\u00edtsa a haszn\u00e1latot.<\/p>\n<h2 data-v-md-heading=\"specification-overview\" data-v-md-line=\"11\">Specifik\u00e1ci\u00f3 \u00e1ttekint\u00e9se<\/h2>\n<ul data-v-md-line=\"12\">\n<li>Sz\u00edv\u00e1s gyakoris\u00e1ga: ak\u00e1r 40000-szer<\/li>\n<li>Nikotintartalom: A k\u00fcl\u00f6nb\u00f6z\u0151 piacok elt\u00e9r\u0151 lehet\u0151s\u00e9geket k\u00edn\u00e1lnak, a TPD r\u00e9gi\u00f3 0 milligramm. K\u00e9rj\u00fck, ellen\u0151rizze a helyi ell\u00e1t\u00e1si helyzetet.<\/li>\n<li>M\u0171k\u00f6d\u00e9si elv: Bel\u00e9gz\u00e9ssel aktiv\u00e1l\u00f3dik<\/li>\n<li>T\u00f6lt\u00e9s: C t\u00edpus\u00fa USB csatlakoz\u00f3<\/li>\n<li>\u00c1llapot: Kicsomagol\u00e1s ut\u00e1n azonnal haszn\u00e1lhat\u00f3<\/li>\n<li>E-folyad\u00e9k kapacit\u00e1sa: 36 milliliter<\/li>\n<li>Akkumul\u00e1tor: 650mAh (16350 cella)<\/li>\n<li>Porlaszt\u00f3 mag: dupla h\u00e1l\u00f3<\/li>\n<li>Kijelz\u0151: nagym\u00e9ret\u0171 k\u00e9perny\u0151 akkumul\u00e1tor- \u00e9s e-folyad\u00e9kjelz\u0151vel<\/li>\n<\/ul>\n<p data-v-md-line=\"22\">Figyelem: A helyi szab\u00e1lyoz\u00e1sok miatt az ell\u00e1t\u00e1si helyzet \u00e9s a nikotintartalom orsz\u00e1gonk\u00e9nt\/r\u00e9gi\u00f3nk\u00e9nt elt\u00e9r\u0151 lehet.<\/p>\n<h2 data-v-md-heading=\"full-range-of-flavors\" data-v-md-line=\"24\">Full range of flavors<\/h2>\n<ul data-v-md-line=\"25\">\n<li>Eper, g\u00f6r\u00f6gdinnye\/kivi, maracuja, guava<\/li>\n<li>\u00c1fonya, m\u00e1lna, \u0151szibarack, mang\u00f3, g\u00f6r\u00f6gdinnye<\/li>\n<li>\u00c1fony\u00e1s maci gumicukor\/Epres kivi<\/li>\n<li>\u00c1fonya, cseresznye\/eper, m\u00e1lna<\/li>\n<li>Citrom-lime sz\u00f3da\/g\u00f6r\u00f6gdinnye-menta<\/li>\n<li>G\u00f6r\u00f6gdinnyefagylalt\/\u00c1fony\u00e1sfagylalt<\/li>\n<li>\u00c1fony\u00e1s-anan\u00e1szos\/tripla mang\u00f3s<\/li>\n<li>Sz\u0151l\u0151bogy\u00f3 robban\u00e1s\/K\u00f6rte alma m\u00e1lna<\/li>\n<li>Eper, \u00e1fonya, cseresznye\/anan\u00e1sz, maracuja, lime<\/li>\n<li>\u00c1fony\u00e1s-eperes-ment\u00e1s\/\u00e1fony\u00e1s-m\u00e1ln\u00e1s-ment\u00e1s<\/li>\n<\/ul>\n<h2 data-v-md-heading=\"for-you-and-your-business\" data-v-md-line=\"36\">\u00d6nnek \u00e9s v\u00e1llalkoz\u00e1s\u00e1nak<\/h2>\n<p data-v-md-line=\"37\">Ha megb\u00edzhat\u00f3, minden id\u0151j\u00e1r\u00e1si k\u00f6r\u00fclm\u00e9ny k\u00f6z\u00f6tt haszn\u00e1lhat\u00f3 vape-et keresel megfelel\u0151 \u00edzzel \u00e9s k\u00e9nyelmes t\u00f6lt\u00e9ssel, akkor siess, \u00e9s szerezd be! A nagym\u00e9ret\u0171 k\u00e9perny\u0151nek k\u00f6sz\u00f6nhet\u0151en nem kell tal\u00e1lgatnod, \u00e9s nem kell agg\u00f3dnod az akkumul\u00e1tor lemer\u00fcl\u00e9se vagy az \u00fczemanyagtart\u00e1ly kisz\u00e1rad\u00e1sa miatt sem.<\/p>\n<p data-v-md-line=\"39\">Fizikai vagy online \u00e1ruh\u00e1zat \u00fczemeltet? A VOPK Ultra 40000-et nagykereskedelmi dobozokban sz\u00e1ll\u00edtjuk, dobozonk\u00e9nt 10 \u00e9s 160 darabos kiszerel\u00e9sben. Megb\u00edzhat\u00f3 partnereket, p\u00e9ld\u00e1ul UPS-t, DPD-t \u00e9s DHL-t alkalmazunk az eur\u00f3pai DDP sz\u00e1ll\u00edt\u00e1shoz, \u00edgy a v\u00e1mtarif\u00e1kat el\u0151re feldolgozhatjuk, elker\u00fclve a v\u00e1ratlan v\u00e1mhelyzeteket.<\/p>\n<h2 data-v-md-heading=\"why-do-you-like-it\" data-v-md-line=\"41\">Mi\u00e9rt tetszik?<\/h2>\n<ul data-v-md-line=\"42\">\n<li>Nagy sz\u00edv\u00f3teljes\u00edtm\u00e9ny: hosszabb akkumul\u00e1tor-\u00fczemid\u0151, nincs sz\u00fcks\u00e9g gyakori ut\u00e1nt\u00f6lt\u00e9sre<\/li>\n<li>Kett\u0151s \u00edzv\u00e1laszt\u00e1s: Egyetlen eszk\u00f6z k\u00e9t \u00edzlehet\u0151s\u00e9get k\u00edn\u00e1l a k\u00f6nny\u0171 v\u00e1lt\u00e1s \u00e9rdek\u00e9ben<\/li>\n<li>\u00dajrat\u00f6lthet\u0151: A C t\u00edpus\u00fa t\u00f6lt\u00e9s seg\u00edt az e-folyad\u00e9k minden cseppj\u00e9nek teljes kihaszn\u00e1l\u00e1s\u00e1ban<\/li>\n<li>H\u00e1l\u00f3s tekercs: az els\u0151 falatt\u00f3l az utols\u00f3ig az \u00edz \u00e1lland\u00f3 marad<\/li>\n<li>\u00c1tl\u00e1tsz\u00f3 k\u00e9perny\u0151: az akkumul\u00e1tor \u00e9s az e-folyad\u00e9k szintje egy pillant\u00e1ssal leolvashat\u00f3<\/li>\n<\/ul>\n<h2 data-v-md-heading=\"why-collaborate-with-agoravape\" data-v-md-line=\"48\">Mi\u00e9rt \u00e9rdemes az AgoraVape-pel egy\u00fcttm\u0171k\u00f6dni?<\/h2>\n<p data-v-md-line=\"49\">Kiz\u00e1r\u00f3lag 100%-ban eredeti term\u00e9keket forgalmazunk, \u00e9s felel\u0151ss\u00e9get v\u00e1llalunk az \u00e1ltalunk sz\u00e1ll\u00edtott term\u00e9kek\u00e9rt. A VOPK Ultra 40000 kett\u0151s \u00edz\u0171, sz\u0171r\u0151s vape kedvezm\u00e9nyes nagykereskedelmi \u00e1rakat, gyors technikai t\u00e1mogat\u00e1st \u00e9s DDP gyors kisz\u00e1ll\u00edt\u00e1si szolg\u00e1ltat\u00e1sokat k\u00edn\u00e1l Eur\u00f3p\u00e1ban. Besz\u00e9lje meg vel\u00fcnk az aktu\u00e1lis \u00edzeket, a region\u00e1lis nikotinv\u00e1laszt\u00e9kot \u00e9s a nagykereskedelmi \u00e1rakat, majd szerezzen be olyan eszk\u00f6z\u00f6ket, amelyeket \u00fcgyfelei val\u00f3ban visszat\u00e9r\u0151en v\u00e1s\u00e1rolnak majd.<\/p>","protected":false},"excerpt":{"rendered":"<p>&nbsp;<\/p>","protected":false},"featured_media":14495,"comment_status":"open","ping_status":"closed","template":"","meta":[],"product_brand":[213],"product_cat":[124,187,185,189,1639,195,174,175,193,191,173,186,180,190,192,140],"product_tag":[],"class_list":{"0":"post-14474","1":"product","2":"type-product","3":"status-publish","4":"has-post-thumbnail","6":"product_brand-vopk","7":"product_cat-vape-by-brand","8":"product_cat-0mg-nicotine-free-vapes","9":"product_cat-10000-puffs-high-capacity","10":"product_cat-20mg-standard-nicotine-vapes","11":"product_cat-40000-puffs","12":"product_cat-dual-flavor-switch","13":"product_cat-fruit-flavors","14":"product_cat-icy-mint","15":"product_cat-mesh-coil","16":"product_cat-rechargeable-disposables","17":"product_cat-vape-by-flavor-profile","18":"product_cat-vape-by-nicotine-strength","19":"product_cat-vape-by-puff-count","20":"product_cat-vape-by-feature-or-type","21":"product_cat-vapes-with-screens","22":"product_cat-vopk","24":"first","25":"instock","26":"shipping-taxable","27":"purchasable","28":"product-type-variable","29":"has-default-attributes"},"tiered_pricing_type":"percentage","tiered_pricing_fixed_rules":[],"tiered_pricing_product_settings":{"layout":"default","base_unit_name":{"singular":null,"plural":null},"default_variation":null},"tiered_pricing_minimum_quantity":10,"tiered_pricing_roles_data":[],"tiered_pricing_percentage_rules":{"30":"29","50":"35","100":"40","200":"44","500":"47","1000":"49"},"tiered_pricing_maximum_quantity":null,"tiered_pricing_quantity_step":"10","_links":{"self":[{"href":"https:\/\/agoravape.com\/hu\/wp-json\/wp\/v2\/product\/14474","targetHints":{"allow":["GET"]}}],"collection":[{"href":"https:\/\/agoravape.com\/hu\/wp-json\/wp\/v2\/product"}],"about":[{"href":"https:\/\/agoravape.com\/hu\/wp-json\/wp\/v2\/types\/product"}],"replies":[{"embeddable":true,"href":"https:\/\/agoravape.com\/hu\/wp-json\/wp\/v2\/comments?post=14474"}],"version-history":[{"count":0,"href":"https:\/\/agoravape.com\/hu\/wp-json\/wp\/v2\/product\/14474\/revisions"}],"wp:featuredmedia":[{"embeddable":true,"href":"https:\/\/agoravape.com\/hu\/wp-json\/wp\/v2\/media\/14495"}],"wp:attachment":[{"href":"https:\/\/agoravape.com\/hu\/wp-json\/wp\/v2\/media?parent=14474"}],"wp:term":[{"taxonomy":"product_brand","embeddable":true,"href":"https:\/\/agoravape.com\/hu\/wp-json\/wp\/v2\/product_brand?post=14474"},{"taxonomy":"product_cat","embeddable":true,"href":"https:\/\/agoravape.com\/hu\/wp-json\/wp\/v2\/product_cat?post=14474"},{"taxonomy":"product_tag","embeddable":true,"href":"https:\/\/agoravape.com\/hu\/wp-json\/wp\/v2\/product_tag?post=14474"}],"curies":[{"name":"wp","href":"https:\/\/api.w.org\/{rel}","templated":true}]}}