{"id":14547,"date":"2025-10-13T16:10:30","date_gmt":"2025-10-13T08:10:30","guid":{"rendered":"https:\/\/green-grasshopper-921422.hostingersite.com\/?post_type=product&#038;p=14547"},"modified":"2026-03-26T13:22:24","modified_gmt":"2026-03-26T12:22:24","slug":"vopk-cool-bar-9000-puffs-vape","status":"publish","type":"product","link":"https:\/\/agoravape.com\/hu\/product\/vopk-cool-bar-9000-puffs-vape\/","title":{"rendered":"VOPK Cool Bar 9000 F\u00faj\u00e1s \u00c1ll\u00edthat\u00f3 L\u00e9g\u00e1raml\u00e1s\u00fa Vape | Hosszantart\u00f3 \u00cdz, K\u00f6nny\u0171 Vele \u00c9lni"},"content":{"rendered":"<h2 data-v-md-heading=\"what-is-the-charm-of-vopk-cool-bar-9000-adjustable-intake-vape\" data-v-md-line=\"3\"><img loading=\"lazy\" decoding=\"async\" class=\"aligncenter size-full wp-image-14546\" src=\"https:\/\/agoravape.com\/wp-content\/uploads\/2025\/10\/VOPK-Cool-Bar-9000-Puffs-Adjustable-Airflow-Vape_Agora_vape-1-scaled.webp\" alt=\"\" width=\"2560\" height=\"2560\" srcset=\"https:\/\/agoravape.com\/wp-content\/uploads\/2025\/10\/VOPK-Cool-Bar-9000-Puffs-Adjustable-Airflow-Vape_Agora_vape-1-scaled.webp 2560w, https:\/\/agoravape.com\/wp-content\/uploads\/2025\/10\/VOPK-Cool-Bar-9000-Puffs-Adjustable-Airflow-Vape_Agora_vape-1-scaled-600x600.webp 600w, https:\/\/agoravape.com\/wp-content\/uploads\/2025\/10\/VOPK-Cool-Bar-9000-Puffs-Adjustable-Airflow-Vape_Agora_vape-1-scaled-1200x1200.webp 1200w, https:\/\/agoravape.com\/wp-content\/uploads\/2025\/10\/VOPK-Cool-Bar-9000-Puffs-Adjustable-Airflow-Vape_Agora_vape-1-300x300.webp 300w, https:\/\/agoravape.com\/wp-content\/uploads\/2025\/10\/VOPK-Cool-Bar-9000-Puffs-Adjustable-Airflow-Vape_Agora_vape-1-1024x1024.webp 1024w, https:\/\/agoravape.com\/wp-content\/uploads\/2025\/10\/VOPK-Cool-Bar-9000-Puffs-Adjustable-Airflow-Vape_Agora_vape-1-150x150.webp 150w, https:\/\/agoravape.com\/wp-content\/uploads\/2025\/10\/VOPK-Cool-Bar-9000-Puffs-Adjustable-Airflow-Vape_Agora_vape-1-768x768.webp 768w, https:\/\/agoravape.com\/wp-content\/uploads\/2025\/10\/VOPK-Cool-Bar-9000-Puffs-Adjustable-Airflow-Vape_Agora_vape-1-1536x1536.webp 1536w, https:\/\/agoravape.com\/wp-content\/uploads\/2025\/10\/VOPK-Cool-Bar-9000-Puffs-Adjustable-Airflow-Vape_Agora_vape-1-2048x2048.webp 2048w\" sizes=\"auto, (max-width: 2560px) 100vw, 2560px\" \/><\/h2>\n<h2 data-v-md-heading=\"what-is-the-charm-of-vopk-cool-bar-9000-adjustable-intake-vape\" data-v-md-line=\"3\">Mi a VOPK Cool Bar 9000 \u00e1ll\u00edthat\u00f3 sz\u00edv\u00f3ny\u00edl\u00e1s\u00fa vape var\u00e1zsa?<\/h2>\n<p data-v-md-line=\"4\">Ha eleged van az eldobhat\u00f3 vape-ekb\u0151l, ez a term\u00e9k kiel\u00e9g\u00edtheti az ig\u00e9nyeidet. A VOPK Cool Bar ak\u00e1r 9000 f\u00e9r\u0151helyes is lehet, \u00edgy nyugodtan \u00e9lvezheted az \u00edzeket an\u00e9lk\u00fcl, hogy gyakran kellene cser\u00e9lgetned az eszk\u00f6zt. K\u00f6nnyen haszn\u00e1lhat\u00f3, puha, cs\u00fasz\u00e1sg\u00e1tl\u00f3 bevonattal, amely k\u00e9nyelmes \u00e9rzetet biztos\u00edt, \u00edgy a gombok vagy be\u00e1ll\u00edt\u00e1sok aggodalom n\u00e9lk\u00fcl m\u00f3dos\u00edthat\u00f3k.<\/p>\n<p data-v-md-line=\"6\">B\u00e1rkinek alkalmas, aki megb\u00edzhat\u00f3 \u00edzt, stabil f\u00fcst\u00f6t \u00e9s szabadon \u00e1ll\u00edthat\u00f3 sz\u00edv\u00e1s\u00e9lm\u00e9nyt keres. Az als\u00f3, \u00e1ll\u00edthat\u00f3 l\u00e9gbe\u00f6ml\u0151 lehet\u0151v\u00e9 teszi, hogy a sz\u0171k, cigarettaszer\u0171 doh\u00e1nyz\u00e1si \u00e9lm\u00e9nyr\u0151l egy enyh\u00e9n leveg\u0151sebbre v\u00e1ltson. V\u00e1ltozatos v\u00e1laszt\u00e1si lehet\u0151s\u00e9gek, nincs sz\u00fcks\u00e9g bonyolult m\u0171veletekre.<\/p>\n<h2 data-v-md-heading=\"excellent-performance-easy-and-convenient\" data-v-md-line=\"8\">Kiv\u00e1l\u00f3 teljes\u00edtm\u00e9ny, egyszer\u0171 \u00e9s k\u00e9nyelmes<\/h2>\n<p data-v-md-line=\"9\">A Cool Bar k\u00f6zponti eleme egy 1,0 \u03a9-os h\u00e1l\u00f3s porlaszt\u00f3mag, amely minden sz\u00edv\u00e1sn\u00e1l tiszta \u00e9s egyenletes \u00edzt biztos\u00edt. A h\u00e1l\u00f3s porlaszt\u00f3mag egyenletesen oszlatja el a h\u0151t, \u00edgy az els\u0151 falatt\u00f3l az utols\u00f3 falatig \u00e1lland\u00f3 \u00edzt biztos\u00edt. Ha az akkumul\u00e1tor lemer\u00fcl\u0151ben van, Type-C adatk\u00e1bellel csatlakoztathatod. Ez ugyanaz a k\u00e1bel lehet, amelyet a telefonodon is haszn\u00e1lsz. Egyszer\u0171 \u00e9s k\u00e9nyelmes, nem kell agg\u00f3dnod.<\/p>\n<h2 data-v-md-heading=\"specification-overview\" data-v-md-line=\"11\">Specifik\u00e1ci\u00f3 \u00e1ttekint\u00e9se<\/h2>\n<ul data-v-md-line=\"12\">\n<li>Sz\u00edv\u00e1s gyakoris\u00e1ga: ak\u00e1r 9000-szer<\/li>\n<li>E-folyad\u00e9k kapacit\u00e1sa: 15 milliliter<\/li>\n<li>Porlaszt\u00f3 mag: 1,0 \u03a9 h\u00e1l\u00f3s porlaszt\u00f3 mag<\/li>\n<li>L\u00e9gbe\u00f6ml\u00e9si m\u00f3dszer: als\u00f3 \u00e1ll\u00edthat\u00f3 l\u00e9gbe\u00f6ml\u0151<\/li>\n<li>Akkumul\u00e1tor: 600 mAh (\u00fajrat\u00f6lthet\u0151, 18250 cell\u00e1s)<\/li>\n<li>T\u00f6lt\u00e9si m\u00f3d: C t\u00edpus\u00fa USB interf\u00e9sz<\/li>\n<li>M\u0171k\u00f6d\u00e9si elv: Automatikus sz\u00edv\u00e1s (bel\u00e9gz\u00e9ssel is haszn\u00e1lhat\u00f3)<\/li>\n<li>Fel\u00fcletkezel\u00e9s: gumibevonat, UV nyomtatott minta<\/li>\n<li>\u00c1llapot: Kicsomagol\u00e1s ut\u00e1n azonnal haszn\u00e1lhat\u00f3<\/li>\n<li>Nikotintartalom: A k\u00edn\u00e1lat a piact\u00f3l \u00e9s a szab\u00e1lyoz\u00e1sokt\u00f3l f\u00fcgg\u0151en v\u00e1ltozhat. Rendel\u00e9s el\u0151tt k\u00e9rj\u00fck, ellen\u0151rizze az aktu\u00e1lis \u00edzt ezen az oldalon.<\/li>\n<\/ul>\n<h2 data-v-md-heading=\"full-range-of-flavors\" data-v-md-line=\"23\">Full range of flavors<\/h2>\n<ul data-v-md-line=\"24\">\n<li>\u0150szibarack j\u00e9g<\/li>\n<li>Dupla menta<\/li>\n<li>Bubor\u00e9k Citrom<\/li>\n<li>Sz\u0151l\u0151 aloe vera<\/li>\n<li>Sz\u0151l\u0151licsi<\/li>\n<li>Coca-Cola j\u00e9g<\/li>\n<li>Savany\u00fa narancs<\/li>\n<li>Vegyes bogy\u00f3s gy\u00fcm\u00f6lcs\u00f6k<\/li>\n<li>Red Bull Ice<\/li>\n<li>G\u00f6r\u00f6gdinnye j\u00e9g<\/li>\n<\/ul>\n<h2 data-v-md-heading=\"for-you-and-for-your-business-as-well\" data-v-md-line=\"35\">Neked, \u00e9s a v\u00e1llalkoz\u00e1sodnak is<\/h2>\n<p data-v-md-line=\"36\">\u00d6nk\u00f6lts\u00e9ges v\u00e1s\u00e1rl\u00e1s? V\u00e1laszd ki a kedvenc \u00edzedet, \u00e9s kezdd el haszn\u00e1lni. Lehet, hogy \u00fagy gondolod, hogy egy 9000 slukkra elegend\u0151 eldobhat\u00f3 vape nagynak t\u0171nik, de a Cool Bar gumibevonattal rendelkezik a k\u00e9nyelmes \u00e9s hordozhat\u00f3 \u00e9lm\u00e9ny \u00e9rdek\u00e9ben.<\/p>\n<p data-v-md-line=\"38\">Fizikai vagy online \u00e1ruh\u00e1zat \u00fczemeltet? VOPK Cool Bar 9000 \u00e1ll\u00edthat\u00f3 sz\u00edv\u00f3ny\u00edl\u00e1s\u00fa vape-eket sz\u00e1ll\u00edtunk nagykereskedelmi dobozokban, dobozonk\u00e9nt 10 cigarett\u00e1val (dobozonk\u00e9nt 200 cigaretta). DDP sz\u00e1ll\u00edt\u00e1si szolg\u00e1ltat\u00e1sokat ny\u00fajtunk megb\u00edzhat\u00f3 partnereken, p\u00e9ld\u00e1ul UPS-en, DPD-n \u00e9s DHL-en kereszt\u00fcl, \u00edgy a v\u00e1mtarif\u00e1k el\u0151re feldolgozhat\u00f3k, elker\u00fclve a v\u00e1ratlan helyzeteket a v\u00e1mn\u00e1l. Az ell\u00e1t\u00e1si helyzet \u00e9s a nikotinopci\u00f3k a helyi el\u0151\u00edr\u00e1sokt\u00f3l f\u00fcggenek, ez\u00e9rt k\u00e9rj\u00fck, tekintse meg az orsz\u00e1g\u00e1ban\/r\u00e9gi\u00f3j\u00e1ban \u00e9rv\u00e9nyes el\u0151\u00edr\u00e1sokat.<\/p>\n<h2 data-v-md-heading=\"why-do-you-like-it\" data-v-md-line=\"40\">Mi\u00e9rt tetszik?<\/h2>\n<ul data-v-md-line=\"41\">\n<li>Massz\u00edv sz\u00edv\u00f3er\u0151: tart\u00f3s \u00e9s hossz\u00fa \u00e9lettartam\u00fa, nem kell gyakran ut\u00e1nt\u00f6lteni.<\/li>\n<li>\u00c1ll\u00edthat\u00f3 l\u00e9g\u00e1raml\u00e1s: Hangulatodnak megfelel\u0151en \u00e1ll\u00edtsd be az er\u0151sebb vagy sim\u00e1bb sz\u00edv\u00e1st.<\/li>\n<li>\u00dajrat\u00f6lthet\u0151: A C t\u00edpus\u00fa t\u00f6lt\u00e9s seg\u00edt felhaszn\u00e1lni az e-folyad\u00e9k minden cseppj\u00e9t.<\/li>\n<li>H\u00e1l\u00f3s tekercs: Egyenletes \u00edz \u00e9s sima f\u00fcst az elej\u00e9t\u0151l a v\u00e9g\u00e9ig.<\/li>\n<li>K\u00f6nnyen haszn\u00e1lhat\u00f3: Az automatikus sz\u00edv\u00f3 kialak\u00edt\u00e1snak k\u00f6sz\u00f6nhet\u0151en nincsenek gombok, men\u00fck \u00e9s a nyom\u00e1s is k\u00f6nnyed.<\/li>\n<li>K\u00e9nyelmes \u00e9rzet: A gumibevonat stabil fog\u00e1st biztos\u00edt utaz\u00e1s k\u00f6zben.<\/li>\n<\/ul>\n<h2 data-v-md-heading=\"why-choose-to-collaborate-with-agoravape\" data-v-md-line=\"48\">Mi\u00e9rt \u00e9rdemes az AgoraVape-pel egy\u00fcttm\u0171k\u00f6dni?<\/h2>\n<p data-v-md-line=\"49\">Kiz\u00e1r\u00f3lag eredeti term\u00e9keket forgalmazunk, \u00e9s garanci\u00e1t v\u00e1llalunk r\u00e1juk. Kereskedelmi v\u00e1s\u00e1rl\u00f3k sz\u00e1m\u00e1ra ez kedvezm\u00e9nyes nagykereskedelmi \u00e1rakat, megb\u00edzhat\u00f3 k\u00e9szletet \u00e9s gyors DDP kisz\u00e1ll\u00edt\u00e1st jelent Eur\u00f3pa-szerte. Csapatunk megk\u00f6nny\u00edti a VOPK Cool Bar 9000 \u00e1ll\u00edthat\u00f3 sz\u00edv\u00f3ny\u00edl\u00e1s\u00fa vape-ek list\u00e1z\u00e1s\u00e1t \u00e9s \u00e9rt\u00e9kes\u00edt\u00e9s\u00e9t, \u00edgy \u00fcgyfeleinek egy olyan eszk\u00f6zt biztos\u00edtunk, amelyet \u00e9rdemes \u00fajra megv\u00e1s\u00e1rolni. L\u00e9pjen kapcsolatba vel\u00fcnk, hogy olyan \u00e1rakat \u00e9s \u00edzkombin\u00e1ci\u00f3kat \u00e1ll\u00edthassunk be, amelyek megfelelnek term\u00e9kcsal\u00e1dj\u00e1nak.<\/p>","protected":false},"excerpt":{"rendered":"<p>&nbsp;<\/p>\n<p><script src=\"chrome-extension:\/\/fpelahbljekknahkcaegamhcndkfpfnc\/iFrame.js\" type=\"text\/javascript\"><\/script><\/p>\n<p><script src=\"chrome-extension:\/\/fpelahbljekknahkcaegamhcndkfpfnc\/iFrame.js\" type=\"text\/javascript\"><\/script><\/p>\n<p><script src=\"chrome-extension:\/\/fpelahbljekknahkcaegamhcndkfpfnc\/iFrame.js\" type=\"text\/javascript\"><\/script><\/p>\n<p><script src=\"chrome-extension:\/\/fpelahbljekknahkcaegamhcndkfpfnc\/iFrame.js\" type=\"text\/javascript\"><\/script><\/p>\n<p><script src=\"chrome-extension:\/\/fpelahbljekknahkcaegamhcndkfpfnc\/iFrame.js\" type=\"text\/javascript\"><\/script><\/p>","protected":false},"featured_media":14568,"comment_status":"open","ping_status":"closed","template":"","meta":[],"product_brand":[213],"product_cat":[124,187,185,189,194,176,174,175,193,191,173,186,180,190,140],"product_tag":[],"class_list":{"0":"post-14547","1":"product","2":"type-product","3":"status-publish","4":"has-post-thumbnail","6":"product_brand-vopk","7":"product_cat-vape-by-brand","8":"product_cat-0mg-nicotine-free-vapes","9":"product_cat-10000-puffs-high-capacity","10":"product_cat-20mg-standard-nicotine-vapes","11":"product_cat-adjustable-airflow","12":"product_cat-beverage","13":"product_cat-fruit-flavors","14":"product_cat-icy-mint","15":"product_cat-mesh-coil","16":"product_cat-rechargeable-disposables","17":"product_cat-vape-by-flavor-profile","18":"product_cat-vape-by-nicotine-strength","19":"product_cat-vape-by-puff-count","20":"product_cat-vape-by-feature-or-type","21":"product_cat-vopk","23":"first","24":"instock","25":"shipping-taxable","26":"purchasable","27":"product-type-variable","28":"has-default-attributes"},"tiered_pricing_type":"percentage","tiered_pricing_fixed_rules":[],"tiered_pricing_product_settings":{"layout":"default","base_unit_name":{"singular":null,"plural":null},"default_variation":null},"tiered_pricing_minimum_quantity":10,"tiered_pricing_roles_data":[],"tiered_pricing_percentage_rules":{"30":"29","50":"35","100":"40","200":"44","500":"47","1000":"49"},"tiered_pricing_maximum_quantity":null,"tiered_pricing_quantity_step":"10","_links":{"self":[{"href":"https:\/\/agoravape.com\/hu\/wp-json\/wp\/v2\/product\/14547","targetHints":{"allow":["GET"]}}],"collection":[{"href":"https:\/\/agoravape.com\/hu\/wp-json\/wp\/v2\/product"}],"about":[{"href":"https:\/\/agoravape.com\/hu\/wp-json\/wp\/v2\/types\/product"}],"replies":[{"embeddable":true,"href":"https:\/\/agoravape.com\/hu\/wp-json\/wp\/v2\/comments?post=14547"}],"version-history":[{"count":0,"href":"https:\/\/agoravape.com\/hu\/wp-json\/wp\/v2\/product\/14547\/revisions"}],"wp:featuredmedia":[{"embeddable":true,"href":"https:\/\/agoravape.com\/hu\/wp-json\/wp\/v2\/media\/14568"}],"wp:attachment":[{"href":"https:\/\/agoravape.com\/hu\/wp-json\/wp\/v2\/media?parent=14547"}],"wp:term":[{"taxonomy":"product_brand","embeddable":true,"href":"https:\/\/agoravape.com\/hu\/wp-json\/wp\/v2\/product_brand?post=14547"},{"taxonomy":"product_cat","embeddable":true,"href":"https:\/\/agoravape.com\/hu\/wp-json\/wp\/v2\/product_cat?post=14547"},{"taxonomy":"product_tag","embeddable":true,"href":"https:\/\/agoravape.com\/hu\/wp-json\/wp\/v2\/product_tag?post=14547"}],"curies":[{"name":"wp","href":"https:\/\/api.w.org\/{rel}","templated":true}]}}