{"id":14570,"date":"2025-10-13T16:23:37","date_gmt":"2025-10-13T08:23:37","guid":{"rendered":"https:\/\/green-grasshopper-921422.hostingersite.com\/?post_type=product&#038;p=14570"},"modified":"2026-01-19T22:06:15","modified_gmt":"2026-01-19T14:06:15","slug":"vopk-tornado-15000-puff-kijelzo-vape","status":"publish","type":"product","link":"https:\/\/agoravape.com\/hu\/product\/vopk-tornado-15000-puffs-display-vape\/","title":{"rendered":"VOPK Tornado 15000 Puffs Dual Display Vape | Long-lasting flavour with smart juice and battery readouts"},"content":{"rendered":"<h2 data-v-md-heading=\"what-are-the-highlights-of-vopk-tornado-15000-dual-screen-vapes\" data-v-md-line=\"3\">Melyek a VOPK Tornado 15000 kett\u0151s k\u00e9perny\u0151s vape-ek f\u0151bb jellemz\u0151i?<\/h2>\n<p data-v-md-line=\"4\">Ha belef\u00e1radt\u00e1l a h\u00e9tk\u00f6znapokba, hogy eldobhat\u00f3 e-liquideket haszn\u00e1lsz, ez a term\u00e9k mindenk\u00e9ppen meg\u00e9r egy pillant\u00e1st. A VOPK Tornado 15000 hossz\u00fa t\u00e1v\u00fa haszn\u00e1latra k\u00e9sz\u00fclt, 25 ml-es el\u0151re telep\u00edtett e-liquiddel \u00e9s 850mAh-s \u00fajrat\u00f6lthet\u0151 akkumul\u00e1torral van felszerelve, amely ak\u00e1r 15000 haszn\u00e1latig k\u00e9pes folyamatos haszn\u00e1latra.<\/p>\n<p data-v-md-line=\"6\">Kett\u0151s kijelz\u0151 mutatja az akkumul\u00e1tor \u00e9s az e-folyad\u00e9k szintj\u00e9t, \u00edgy egy\u00e9rtelm\u0171en l\u00e1that\u00f3 a fennmarad\u00f3 energiaszint. Egyetlen gyeng\u00e9d sz\u00edv\u00e1s is elegend\u0151 a haszn\u00e1lathoz, bonyolult gombok vagy men\u00fck n\u00e9lk\u00fcl. Az 1,0 \u03a9-os h\u00e1l\u00f3s tekercs sima text\u00far\u00e1t biztos\u00edt. Azt gondolhatn\u00e1d, hogy ennyi vape-szag neh\u00e9zkes, de k\u00f6nnyen elf\u00e9rnek egy zsebben, \u00e9s k\u00e9nyelmesen hordozhat\u00f3k.<\/p>\n<h2 data-v-md-heading=\"excellent-performance-easy-and-convenient\" data-v-md-line=\"8\">Kiv\u00e1l\u00f3 teljes\u00edtm\u00e9ny, egyszer\u0171 \u00e9s k\u00e9nyelmes<\/h2>\n<p data-v-md-line=\"9\">Az 1,0 \u03a9-os h\u00e1l\u00f3s porlaszt\u00f3mag minden alkalommal egyenletes \u00e9s tiszta sz\u00edv\u00f3er\u0151t biztos\u00edt, \u00edgy az \u00edz nem t\u0171nik el f\u00e9l\u00faton. Az alap Type-C csatlakoz\u00f3val van felszerelve a k\u00e9nyelmes t\u00f6lt\u00e9s \u00e9rdek\u00e9ben, ugyanazzal az adatk\u00e1bellel, mint a telefon t\u00f6lt\u0151k\u00e1bele. A sz\u00edv\u00f3fejes kialak\u00edt\u00e1snak k\u00f6sz\u00f6nhet\u0151en m\u00e1r enyhe sz\u00edv\u00e1ssal is haszn\u00e1lhat\u00f3.<\/p>\n<h2 data-v-md-heading=\"specification-overview\" data-v-md-line=\"11\">Specifik\u00e1ci\u00f3 \u00e1ttekint\u00e9se<\/h2>\n<ul data-v-md-line=\"12\">\n<li>Sz\u00edv\u00e1s gyakoris\u00e1ga: ak\u00e1r 15000-szer<\/li>\n<li>Nikotin: Az el\u00e9rhet\u0151 koncentr\u00e1ci\u00f3k a piact\u00f3l \u00e9s a helyi szab\u00e1lyoz\u00e1sokt\u00f3l f\u00fcgg\u0151en v\u00e1ltoznak. L\u00e9pjen kapcsolatba vel\u00fcnk, ha t\u00f6bbet szeretne megtudni az aktu\u00e1lis lehet\u0151s\u00e9gekr\u0151l.<\/li>\n<li>M\u0171k\u00f6d\u00e9si elv: Bel\u00e9gz\u00e9ssel aktiv\u00e1lhat\u00f3<\/li>\n<li>Charging: Standard Type-C USB interface<\/li>\n<li>Kijelz\u0151: kett\u0151s kijelz\u0151, amely az akkumul\u00e1tor \u00e9s az e-folyad\u00e9k mennyis\u00e9g\u00e9t mutatja<\/li>\n<li>Tekercs: 1,0 \u03a9 h\u00e1l\u00f3s tekercs<\/li>\n<li>Akkumul\u00e1tor: 17350 850mAh \u00fajrat\u00f6lthet\u0151 akkumul\u00e1tor<\/li>\n<li>E-folyad\u00e9k kapacit\u00e1sa: 25ml el\u0151re be\u00e9p\u00edtve<\/li>\n<li>\u00c1llapot: Kicsomagol\u00e1s ut\u00e1n haszn\u00e1latra k\u00e9sz<\/li>\n<\/ul>\n<h2 data-v-md-heading=\"full-range-of-flavors\" data-v-md-line=\"22\">Full range of flavors<\/h2>\n<ul data-v-md-line=\"23\">\n<li>Eper M\u00e1lna<\/li>\n<li>Eper g\u00f6r\u00f6gdinnye<\/li>\n<li>G\u00f6r\u00f6gdinnye j\u00e9g<\/li>\n<li>\u00c1fonya \u00e9s m\u00e1lna<\/li>\n<li>\u00c1fony\u00e1s-citromos v\u00edz<\/li>\n<li>Kiwi, maracuja, guava<\/li>\n<li>Vegyes bogy\u00f3s gy\u00fcm\u00f6lcs\u00f6k<\/li>\n<li>R\u00f3zsasz\u00edn citromos v\u00edz<\/li>\n<li>\u0150szibarack \u00e9s mang\u00f3<\/li>\n<li>Savany\u00fa alma<\/li>\n<\/ul>\n<h2 data-v-md-heading=\"for-you-and-your-business\" data-v-md-line=\"34\">\u00d6nnek \u00e9s v\u00e1llalkoz\u00e1s\u00e1nak<\/h2>\n<p data-v-md-line=\"35\">A VOPK Tornado 15000 dupla kiszerel\u00e9s\u0171 vape-eket szem\u00e9lyes haszn\u00e1latra vagy \u00fczletbe t\u00f6rt\u00e9n\u0151 v\u00e1s\u00e1rl\u00e1sk\u00e9nt is megv\u00e1s\u00e1rolhatja. A nagykereskedelmi csomagol\u00e1s dobozonk\u00e9nt 10 darab, dobozonk\u00e9nt pedig 200 darab. A kartondoboz s\u00falya k\u00f6r\u00fclbel\u00fcl 21,5 kilogramm, m\u00e9rete pedig k\u00f6r\u00fclbel\u00fcl 450 \u00d7 374 \u00d7 330 millim\u00e9ter, ami k\u00e9nyelmes a tervez\u00e9s \u00e9s a t\u00e1rol\u00e1s szempontj\u00e1b\u00f3l.<\/p>\n<p data-v-md-line=\"37\">DDP sz\u00e1ll\u00edt\u00e1si szolg\u00e1ltat\u00e1sokat ny\u00fajtunk Eur\u00f3pa-szerte olyan megb\u00edzhat\u00f3 partnereken kereszt\u00fcl, mint a UPS, a DPD \u00e9s a DHL, \u00edgy a v\u00e1mokm\u00e1nyok \u00e9s tarif\u00e1k el\u0151re feldolgozhat\u00f3k. Ker\u00fclje el a baleseteket a h\u00e1zhozsz\u00e1ll\u00edt\u00e1s sor\u00e1n. A megfelel\u0151s\u00e9ggel kapcsolatban k\u00e9rj\u00fck, vegye figyelembe, hogy ez a k\u00e9sz\u00fcl\u00e9k 25 milliliteres e-folyad\u00e9kkal van el\u0151re telep\u00edtve, ami meghaladja az EU TPD \u00e9s az Egyes\u00fclt Kir\u00e1lys\u00e1g TRPR el\u0151\u00edr\u00e1sai \u00e1ltal meghat\u00e1rozott 2 milliliteres hat\u00e1r\u00e9rt\u00e9ket. Ez\u00e9rt k\u00e9rj\u00fck, kiskereskedelem el\u0151tt ellen\u0151rizze a helyi el\u0151\u00edr\u00e1sokat.<\/p>\n<h2 data-v-md-heading=\"why-do-you-like-it\" data-v-md-line=\"39\">Mi\u00e9rt tetszik?<\/h2>\n<ul data-v-md-line=\"40\">\n<li>T\u00f6bb szippant\u00e1s: hosszabb akkumul\u00e1tor-\u00fczemid\u0151, nem kell gyakran \u00faj cigarett\u00e1t venni<\/li>\n<li>Nikotinkoncentr\u00e1ci\u00f3 kiv\u00e1laszt\u00e1sa: V\u00e1lassza ki az \u00d6nnek megfelel\u0151 koncentr\u00e1ci\u00f3t (ha van ilyen)<\/li>\n<li>\u00dajrat\u00f6lthet\u0151: Minden megv\u00e1s\u00e1rolt e-folyad\u00e9kot haszn\u00e1lhatsz<\/li>\n<li>H\u00e1l\u00f3s porlaszt\u00f3 mag: stabil \u00e9s \u00edzletes \u00e9lm\u00e9nyt ny\u00fajt minden alkalommal<\/li>\n<li>Kett\u0151s k\u00e9perny\u0151s kijelz\u0151: az akkumul\u00e1tor \u00e9s az e-folyad\u00e9k szintje egy pillant\u00e1ssal leolvashat\u00f3<\/li>\n<li>C t\u00edpus\u00fa t\u00f6lt\u00e9s: gyors t\u00f6lt\u00e9s hagyom\u00e1nyos adatk\u00e1bellel<\/li>\n<\/ul>\n<h2 data-v-md-heading=\"why-choose-agoravape\" data-v-md-line=\"47\">Mi\u00e9rt v\u00e1lassza az AgoraVape-et?<\/h2>\n<p data-v-md-line=\"48\">Kiz\u00e1r\u00f3lag 100%-ban eredeti term\u00e9keket forgalmazunk, hogy biztos\u00edtsuk a megb\u00edzhat\u00f3 min\u0151s\u00e9get \u00e9s az \u00e1lland\u00f3 teljes\u00edtm\u00e9nyt. A VOPK Tornado 15000 dupla k\u00e9perny\u0151s vape-ekkel kereskedelmi \u00fcgyfeleink kedvezm\u00e9nyes nagykereskedelmi \u00e1rakat, er\u0151s \u00fcgyf\u00e9lszolg\u00e1latot \u00e9s gyors ad\u00f3fizet\u00e9st \u00e9lvezhetnek. L\u00e9pjen kapcsolatba vel\u00fcnk, \u00e9s v\u00e1s\u00e1roljon egy olyan eszk\u00f6zt, amelyet \u00fcgyfelei val\u00f3ban \u00e9rt\u00e9kelni fognak.<\/p>","protected":false},"excerpt":{"rendered":"<p>&nbsp;<\/p>\n<p><script src=\"chrome-extension:\/\/fpelahbljekknahkcaegamhcndkfpfnc\/iFrame.js\" type=\"text\/javascript\"><\/script><\/p>\n<p><script src=\"chrome-extension:\/\/fpelahbljekknahkcaegamhcndkfpfnc\/iFrame.js\" type=\"text\/javascript\"><\/script><\/p>\n<p><script src=\"chrome-extension:\/\/fpelahbljekknahkcaegamhcndkfpfnc\/iFrame.js\" type=\"text\/javascript\"><\/script><\/p>\n<p><script src=\"chrome-extension:\/\/fpelahbljekknahkcaegamhcndkfpfnc\/iFrame.js\" type=\"text\/javascript\"><\/script><\/p>\n<p><script src=\"chrome-extension:\/\/fpelahbljekknahkcaegamhcndkfpfnc\/iFrame.js\" type=\"text\/javascript\"><\/script><\/p>","protected":false},"featured_media":14589,"comment_status":"open","ping_status":"closed","template":"","meta":[],"product_brand":[213],"product_cat":[124,187,185,1635,189,174,175,193,191,173,186,180,190,192,140],"product_tag":[],"class_list":{"0":"post-14570","1":"product","2":"type-product","3":"status-publish","4":"has-post-thumbnail","6":"product_brand-vopk","7":"product_cat-vape-by-brand","8":"product_cat-0mg-nicotine-free-vapes","9":"product_cat-10000-puffs-high-capacity","10":"product_cat-15000-puffs","11":"product_cat-20mg-standard-nicotine-vapes","12":"product_cat-fruit-flavors","13":"product_cat-icy-mint","14":"product_cat-mesh-coil","15":"product_cat-rechargeable-disposables","16":"product_cat-vape-by-flavor-profile","17":"product_cat-vape-by-nicotine-strength","18":"product_cat-vape-by-puff-count","19":"product_cat-vape-by-feature-or-type","20":"product_cat-vapes-with-screens","21":"product_cat-vopk","23":"first","24":"onbackorder","25":"shipping-taxable","26":"purchasable","27":"product-type-variable","28":"has-default-attributes"},"tiered_pricing_type":"percentage","tiered_pricing_fixed_rules":[],"tiered_pricing_product_settings":{"layout":"default","base_unit_name":{"singular":null,"plural":null},"default_variation":null},"tiered_pricing_minimum_quantity":10,"tiered_pricing_roles_data":[],"tiered_pricing_percentage_rules":{"30":"29","50":"35","100":"40","200":"44","500":"47","1000":"49"},"tiered_pricing_maximum_quantity":null,"tiered_pricing_quantity_step":"10","_links":{"self":[{"href":"https:\/\/agoravape.com\/hu\/wp-json\/wp\/v2\/product\/14570","targetHints":{"allow":["GET"]}}],"collection":[{"href":"https:\/\/agoravape.com\/hu\/wp-json\/wp\/v2\/product"}],"about":[{"href":"https:\/\/agoravape.com\/hu\/wp-json\/wp\/v2\/types\/product"}],"replies":[{"embeddable":true,"href":"https:\/\/agoravape.com\/hu\/wp-json\/wp\/v2\/comments?post=14570"}],"version-history":[{"count":0,"href":"https:\/\/agoravape.com\/hu\/wp-json\/wp\/v2\/product\/14570\/revisions"}],"wp:featuredmedia":[{"embeddable":true,"href":"https:\/\/agoravape.com\/hu\/wp-json\/wp\/v2\/media\/14589"}],"wp:attachment":[{"href":"https:\/\/agoravape.com\/hu\/wp-json\/wp\/v2\/media?parent=14570"}],"wp:term":[{"taxonomy":"product_brand","embeddable":true,"href":"https:\/\/agoravape.com\/hu\/wp-json\/wp\/v2\/product_brand?post=14570"},{"taxonomy":"product_cat","embeddable":true,"href":"https:\/\/agoravape.com\/hu\/wp-json\/wp\/v2\/product_cat?post=14570"},{"taxonomy":"product_tag","embeddable":true,"href":"https:\/\/agoravape.com\/hu\/wp-json\/wp\/v2\/product_tag?post=14570"}],"curies":[{"name":"wp","href":"https:\/\/api.w.org\/{rel}","templated":true}]}}