{"id":14646,"date":"2025-10-13T22:44:12","date_gmt":"2025-10-13T14:44:12","guid":{"rendered":"https:\/\/green-grasshopper-921422.hostingersite.com\/?post_type=product&#038;p=14646"},"modified":"2026-02-22T15:15:47","modified_gmt":"2026-02-22T14:15:47","slug":"vapen-drta-12000-puffs-ujratoltheto-vape","status":"publish","type":"product","link":"https:\/\/agoravape.com\/hu\/product\/vapen-drta-12000-puffs-refillable-vape\/","title":{"rendered":"Vapen DRTA 12000 Puffs Refillable Disposable Vape | Big Capacity, Simple Refills"},"content":{"rendered":"<h2 data-v-md-heading=\"what-are-the-advantages-of-vapen-drta-12000-refillable-disposable-vapes\" data-v-md-line=\"3\"><img loading=\"lazy\" decoding=\"async\" class=\"size-full wp-image-14665 alignright\" src=\"https:\/\/agoravape.com\/wp-content\/uploads\/2025\/10\/Vapen-DRTA-12000-Puffs-Refillable-Disposable-Vape_Agora_vape-8.webp\" alt=\"\" width=\"1000\" height=\"1000\" srcset=\"https:\/\/agoravape.com\/wp-content\/uploads\/2025\/10\/Vapen-DRTA-12000-Puffs-Refillable-Disposable-Vape_Agora_vape-8.webp 1000w, https:\/\/agoravape.com\/wp-content\/uploads\/2025\/10\/Vapen-DRTA-12000-Puffs-Refillable-Disposable-Vape_Agora_vape-8-600x600.webp 600w, https:\/\/agoravape.com\/wp-content\/uploads\/2025\/10\/Vapen-DRTA-12000-Puffs-Refillable-Disposable-Vape_Agora_vape-8-300x300.webp 300w, https:\/\/agoravape.com\/wp-content\/uploads\/2025\/10\/Vapen-DRTA-12000-Puffs-Refillable-Disposable-Vape_Agora_vape-8-150x150.webp 150w, https:\/\/agoravape.com\/wp-content\/uploads\/2025\/10\/Vapen-DRTA-12000-Puffs-Refillable-Disposable-Vape_Agora_vape-8-768x768.webp 768w\" sizes=\"auto, (max-width: 1000px) 100vw, 1000px\" \/><\/h2>\n<h2 data-v-md-heading=\"what-are-the-advantages-of-vapen-drta-12000-refillable-disposable-vapes\" data-v-md-line=\"3\">What are the advantages of Vapen DRTA 12000 refillable disposable vapes?<\/h2>\n<p data-v-md-line=\"4\">If you\u2019re tired of changing devices every few days, then this product will make your life easier. The Vapen DRTA features a refillable design that allows for up to 12000 refills, allowing you to keep the same device and add e-liquid as needed.<\/p>\n<p data-v-md-line=\"6\">It is suitable for anyone who wants long-lasting use without worrying. Clear e-liquid and battery level display allows you to know at a glance when you need to refuel or charge. No need to guess, easy and convenient.<\/p>\n<h2 data-v-md-heading=\"excellent-performance-easy-and-convenient\" data-v-md-line=\"8\">Kiv\u00e1l\u00f3 teljes\u00edtm\u00e9ny, egyszer\u0171 \u00e9s k\u00e9nyelmes<\/h2>\n<p data-v-md-line=\"9\">DRTA adopts an intelligent coil and e-liquid separation layout, which helps to maintain a fresh taste and reduce oil stains. From the first bite to the last bite, you can enjoy a consistent taste. When the battery is low, you can plug in the Type-C data cable to continue using it. It is the same charger used for most phones, so you may already have one.<\/p>\n<h2 data-v-md-heading=\"specification-overview\" data-v-md-line=\"11\">Specifik\u00e1ci\u00f3 \u00e1ttekint\u00e9se<\/h2>\n<p data-v-md-line=\"12\"><strong>Sz\u00edv\u00e1sok sz\u00e1ma<\/strong>: up to 12000 suctions<br \/>\n<strong>Nicotine<\/strong>: 2% (20mg\/mL) and 5% (50mg\/mL) are optional<br \/>\n<strong>e-folyad\u00e9k kapacit\u00e1s<\/strong>: 24 milliliters<br \/>\n<strong>Akkumul\u00e1tor<\/strong>650 mAh-s \u00fajrat\u00f6lthet\u0151 akkumul\u00e1tor<br \/>\n<strong>T\u00f6lt\u00e9s<\/strong>Standard Type-C USB port<br \/>\n<strong>Kijelz\u0151k\u00e9perny\u0151<\/strong>: e-liquid level and battery indicator lights<br \/>\n<strong>M\u0171k\u00f6d\u00e9si elv<\/strong>: A disposable device that can be refilled with oil, equipped with an atomizing core and e-liquid separation device<br \/>\n<strong>\u00c1llapot<\/strong>Kicsomagol\u00e1s ut\u00e1n haszn\u00e1latra k\u00e9sz<\/p>\n<p data-v-md-line=\"21\">Note: Nicotine concentration varies by country\/region. Many EU markets do not allow the use of 5% nicotine concentration. Please make sure to check local regulations.<\/p>\n<h2 data-v-md-heading=\"full-range-of-flavors\" data-v-md-line=\"23\">Full range of flavors<\/h2>\n<ul data-v-md-line=\"24\">\n<li>G\u00f6r\u00f6gdinnye j\u00e9g<\/li>\n<li>K\u00e9k j\u00e9gp\u00e1lya<\/li>\n<li>Epres g\u00f6r\u00f6gdinnyefagylalt<\/li>\n<li>Epres-kivis fagylalt<\/li>\n<li>White Mamba Ice (Strawberry, Dragon Fruit)<\/li>\n<li>Love 66 Ice (passion fruit, melon, watermelon, mint)<\/li>\n<li>Blue Acid Raspberry Ice<\/li>\n<li>Kiwi, passion fruit, guava ice<\/li>\n<li>\u0150szibarack j\u00e9g<\/li>\n<li>Cranberry Cherry Blueberry Ice<\/li>\n<li>Peach, Mango, Pineapple Ice<\/li>\n<li>Cherry soda ice<\/li>\n<li>Hawaiian ice (sweet mango, pineapple, mint)<\/li>\n<li>Ladies\u2019 Kira Ice (Melon, Mango, Berry, Mint)<\/li>\n<li>Black Dragon Ice (Dragon Fruit, Lemon)<\/li>\n<\/ul>\n<h2 data-v-md-heading=\"for-you-and-your-business\" data-v-md-line=\"40\">\u00d6nnek \u00e9s v\u00e1llalkoz\u00e1s\u00e1nak<\/h2>\n<p data-v-md-line=\"41\">If you want large capacity and easy to replenish ice, choose one for yourself. If you run a store, you can purchase DRTA ice in bulk. We provide 10 ice cubes per display box and 200 ice cubes per box, so you can easily plan your shelves and cash flow.<\/p>\n<p data-v-md-line=\"43\">We collaborate with trusted partners such as UPS, DPD, and DHL to provide DDP delivery services across Europe. This means we provide you with home delivery service after tax payment, so you won\u2019t encounter any accidents at customs. Easy to understand and predictable.<\/p>\n<h2 data-v-md-heading=\"why-do-you-like-it\" data-v-md-line=\"45\">Mi\u00e9rt tetszik?<\/h2>\n<ul data-v-md-line=\"46\">\n<li>Massive Smoke Bullets: Up to 12000 puffs, eliminating the need to constantly purchase new devices.<\/li>\n<li>Nikotinv\u00e1laszt\u00e1s: V\u00e1lasszon 2% vagy 5%-os nikotintartalmat az \u00d6n preferenci\u00e1i \u00e9s a helyi el\u0151\u00edr\u00e1sok alapj\u00e1n.<\/li>\n<li>\u00dajrat\u00f6lthet\u0151: Az \u00f6sszes megv\u00e1s\u00e1rolt e-folyad\u00e9kot felhaszn\u00e1lhatod, mivel az akkumul\u00e1tort felt\u00f6ltheted.<\/li>\n<li>Tiszta kijelz\u0151: Az e-folyad\u00e9k \u00e9s az akkumul\u00e1tor jelz\u0151f\u00e9nyei kik\u00fcsz\u00f6b\u00f6lik az \u00fajrat\u00f6lt\u00e9ssel \u00e9s a t\u00f6lt\u00e9ssel kapcsolatos aggodalmakat.<\/li>\n<li>Olajjal \u00fajrat\u00f6lthet\u0151 kialak\u00edt\u00e1s: A tekercs \u00e9s az e-folyad\u00e9k elv\u00e1laszt\u00f3 kialak\u00edt\u00e1sa seg\u00edt meg\u0151rizni az \u00edz \u00e1lland\u00f3s\u00e1g\u00e1t.<\/li>\n<\/ul>\n<h2 data-v-md-heading=\"why-choose-to-collaborate-with-agoravape\" data-v-md-line=\"52\">Mi\u00e9rt \u00e9rdemes az AgoraVape-pel egy\u00fcttm\u0171k\u00f6dni?<\/h2>\n<p data-v-md-line=\"53\">Kiz\u00e1r\u00f3lag 100%-ban eredeti term\u00e9keket forgalmazunk, \u00e9s felel\u0151ss\u00e9get is v\u00e1llalunk \u00e9rt\u00fck. Kereskedelmi v\u00e1s\u00e1rl\u00f3ink \u200b\u200bkedvezm\u00e9nyes nagykereskedelmi \u00e1rakat, megb\u00edzhat\u00f3 \u00fcgyf\u00e9lszolg\u00e1latot \u00e9s gyors, megb\u00edzhat\u00f3 DDP kisz\u00e1ll\u00edt\u00e1si szolg\u00e1ltat\u00e1st \u00e9lvezhetnek a Vapen DRTA 12000 \u00fajrat\u00f6lthet\u0151, eldobhat\u00f3 vape-ekhez. Ha tart\u00f3s \u00e9s megb\u00edzhat\u00f3 ut\u00e1nt\u00f6lt\u0151 berendez\u00e9st szeretne v\u00e1s\u00e1rolni, k\u00e9rj\u00fck, vegye fel vel\u00fcnk a kapcsolatot.<\/p>","protected":false},"excerpt":{"rendered":"<p>Milyen el\u0151nyei vannak a Vapen DRTA 12000 \u00fajrat\u00f6lthet\u0151 eldobhat\u00f3 p\u00e1rologtat\u00f3knak? Ha belef\u00e1radt\u00e1l abba, hogy n\u00e9h\u00e1ny naponta k\u00e9sz\u00fcl\u00e9ket kell cser\u00e9lned,<\/p>","protected":false},"featured_media":14644,"comment_status":"open","ping_status":"closed","template":"","meta":[],"product_brand":[214],"product_cat":[124,185,1634,189,174,175,191,179,173,186,180,190,141],"product_tag":[],"class_list":{"0":"post-14646","1":"product","2":"type-product","3":"status-publish","4":"has-post-thumbnail","6":"product_brand-vapen","7":"product_cat-vape-by-brand","8":"product_cat-10000-puffs-high-capacity","9":"product_cat-12000-puffs","10":"product_cat-20mg-standard-nicotine-vapes","11":"product_cat-fruit-flavors","12":"product_cat-icy-mint","13":"product_cat-rechargeable-disposables","14":"product_cat-unique-blends","15":"product_cat-vape-by-flavor-profile","16":"product_cat-vape-by-nicotine-strength","17":"product_cat-vape-by-puff-count","18":"product_cat-vape-by-feature-or-type","19":"product_cat-vapen","21":"first","22":"instock","23":"shipping-taxable","24":"purchasable","25":"product-type-variable","26":"has-default-attributes"},"tiered_pricing_type":"percentage","tiered_pricing_fixed_rules":[],"tiered_pricing_product_settings":{"layout":"default","base_unit_name":{"singular":null,"plural":null},"default_variation":null},"tiered_pricing_minimum_quantity":10,"tiered_pricing_roles_data":[],"tiered_pricing_percentage_rules":{"50":"35","100":"40","200":"44","500":"47","1000":"49"},"tiered_pricing_maximum_quantity":null,"tiered_pricing_quantity_step":"10","_links":{"self":[{"href":"https:\/\/agoravape.com\/hu\/wp-json\/wp\/v2\/product\/14646","targetHints":{"allow":["GET"]}}],"collection":[{"href":"https:\/\/agoravape.com\/hu\/wp-json\/wp\/v2\/product"}],"about":[{"href":"https:\/\/agoravape.com\/hu\/wp-json\/wp\/v2\/types\/product"}],"replies":[{"embeddable":true,"href":"https:\/\/agoravape.com\/hu\/wp-json\/wp\/v2\/comments?post=14646"}],"version-history":[{"count":0,"href":"https:\/\/agoravape.com\/hu\/wp-json\/wp\/v2\/product\/14646\/revisions"}],"wp:featuredmedia":[{"embeddable":true,"href":"https:\/\/agoravape.com\/hu\/wp-json\/wp\/v2\/media\/14644"}],"wp:attachment":[{"href":"https:\/\/agoravape.com\/hu\/wp-json\/wp\/v2\/media?parent=14646"}],"wp:term":[{"taxonomy":"product_brand","embeddable":true,"href":"https:\/\/agoravape.com\/hu\/wp-json\/wp\/v2\/product_brand?post=14646"},{"taxonomy":"product_cat","embeddable":true,"href":"https:\/\/agoravape.com\/hu\/wp-json\/wp\/v2\/product_cat?post=14646"},{"taxonomy":"product_tag","embeddable":true,"href":"https:\/\/agoravape.com\/hu\/wp-json\/wp\/v2\/product_tag?post=14646"}],"curies":[{"name":"wp","href":"https:\/\/api.w.org\/{rel}","templated":true}]}}