{"id":14709,"date":"2025-10-14T10:28:56","date_gmt":"2025-10-14T02:28:56","guid":{"rendered":"https:\/\/green-grasshopper-921422.hostingersite.com\/?post_type=product&#038;p=14709"},"modified":"2026-01-19T22:05:54","modified_gmt":"2026-01-19T14:05:54","slug":"vasy-luff-bar-dually-20k-puffs-vape","status":"publish","type":"product","link":"https:\/\/agoravape.com\/hu\/product\/vasy-luff-bar-dually-20k-puffs-vape\/","title":{"rendered":"Luff Bar Dually 20K Puffs Quad Mesh tekercses vape | Nagy kapacit\u00e1s, egyszer\u0171 \u00fajrat\u00f6lt\u00e9s"},"content":{"rendered":"<h2 data-v-md-heading=\"what-exactly-is-the-luff-bar-dually-20k-suction-four-mesh-coil-vape-like\" data-v-md-line=\"3\"><img loading=\"lazy\" decoding=\"async\" class=\"aligncenter size-full wp-image-14750\" src=\"https:\/\/agoravape.com\/wp-content\/uploads\/2025\/10\/Luff-Bar-Dually-20K-Puffs-Quad-Mesh-Coil-Vape_Agora_vape-19-scaled.webp\" alt=\"\" width=\"1810\" height=\"2560\" srcset=\"https:\/\/agoravape.com\/wp-content\/uploads\/2025\/10\/Luff-Bar-Dually-20K-Puffs-Quad-Mesh-Coil-Vape_Agora_vape-19-scaled.webp 1810w, https:\/\/agoravape.com\/wp-content\/uploads\/2025\/10\/Luff-Bar-Dually-20K-Puffs-Quad-Mesh-Coil-Vape_Agora_vape-19-scaled-1200x1697.webp 1200w, https:\/\/agoravape.com\/wp-content\/uploads\/2025\/10\/Luff-Bar-Dually-20K-Puffs-Quad-Mesh-Coil-Vape_Agora_vape-19-212x300.webp 212w, https:\/\/agoravape.com\/wp-content\/uploads\/2025\/10\/Luff-Bar-Dually-20K-Puffs-Quad-Mesh-Coil-Vape_Agora_vape-19-724x1024.webp 724w, https:\/\/agoravape.com\/wp-content\/uploads\/2025\/10\/Luff-Bar-Dually-20K-Puffs-Quad-Mesh-Coil-Vape_Agora_vape-19-768x1086.webp 768w, https:\/\/agoravape.com\/wp-content\/uploads\/2025\/10\/Luff-Bar-Dually-20K-Puffs-Quad-Mesh-Coil-Vape_Agora_vape-19-1086x1536.webp 1086w, https:\/\/agoravape.com\/wp-content\/uploads\/2025\/10\/Luff-Bar-Dually-20K-Puffs-Quad-Mesh-Coil-Vape_Agora_vape-19-1448x2048.webp 1448w\" sizes=\"auto, (max-width: 1810px) 100vw, 1810px\" \/><\/h2>\n<h2 data-v-md-heading=\"what-exactly-is-the-luff-bar-dually-20k-suction-four-mesh-coil-vape-like\" data-v-md-line=\"3\">Milyen is pontosan a Luff Bar Dually 20K sz\u00edv\u00f3cs\u00f6ves, n\u00e9gyh\u00e1l\u00f3s tekercses vape?<\/h2>\n<p data-v-md-line=\"4\">Ha eleged van az eldobhat\u00f3 vape-ekb\u0151l, amik n\u00e9h\u00e1ny nap alatt lemer\u00fclnek, \u00e9rdemes lehet megn\u00e9zned ezt a term\u00e9ket. A Luff Bar Dually \u00fajrat\u00f6lthet\u0151 akkumul\u00e1torral van felszerelve, amely ak\u00e1r 20 000 csomagot is k\u00e9pes t\u00e1rolni, \u00edgy val\u00f3ban felhaszn\u00e1lhatod az \u00f6sszes e-liquided. Ha csak egy megb\u00edzhat\u00f3, finom \u00e9s probl\u00e9mamentes vape-re v\u00e1gysz, akkor ez az ide\u00e1lis v\u00e1laszt\u00e1s.<\/p>\n<p data-v-md-line=\"6\">A n\u00e9gy h\u00e1l\u00f3s tekercs kialak\u00edt\u00e1s gazdag nikotins\u00f3t \u00e9s gazdag \u00edzt biztos\u00edt. Kett\u0151s digit\u00e1lis kijelz\u0151vel is rendelkezik, amelyek mutatj\u00e1k az akkumul\u00e1tor \u00e9s az e-folyad\u00e9k szintj\u00e9t, tudatva vele, hogy mikor kell t\u00f6lteni vagy cser\u00e9lni az e-folyad\u00e9kot. Azt gondolhatn\u00e1d, hogy egy ilyen nagy g\u0151z\u00f6l\u00e9si kapacit\u00e1s neh\u00e9zkes, de meglep\u0151en megfizethet\u0151.<\/p>\n<h2 data-v-md-heading=\"excellent-performance-and-easy-operation\" data-v-md-line=\"8\">Kiv\u00e1l\u00f3 teljes\u00edtm\u00e9ny \u00e9s egyszer\u0171 kezelhet\u0151s\u00e9g<\/h2>\n<p data-v-md-line=\"9\">N\u00e9gy h\u00e1l\u00f3s tekercs egyenletesen osztja el a h\u0151t, biztos\u00edtva, hogy minden falat az elej\u00e9t\u0151l a v\u00e9g\u00e9ig egys\u00e9ges \u00edzt biztos\u00edtson. Nem kell gombot megnyomni, csak finoman szopogatni kell a bekapcsol\u00e1shoz. Ha az akkumul\u00e1tor lemer\u00fclt, csak egy Type-C adatk\u00e1bel sz\u00fcks\u00e9ges a t\u00f6lt\u00e9shez, amely megegyezhet a telefonod t\u00f6lt\u0151k\u00e1bel\u00e9vel. Egyszer\u0171 \u00e9s k\u00e9nyelmes. A dupla k\u00e9perny\u0151s kialak\u00edt\u00e1s lehet\u0151v\u00e9 teszi az akkumul\u00e1tor t\u00f6lt\u00f6tts\u00e9gi szintj\u00e9nek \u00e9s a teljes\u00edtm\u00e9ny egyidej\u0171 szab\u00e1lyoz\u00e1s\u00e1t, \u00edgy mindig egy l\u00e9p\u00e9ssel el\u0151r\u00e9bb j\u00e1rhatsz.<\/p>\n<h2 data-v-md-heading=\"specification-introduction\" data-v-md-line=\"11\">Specifik\u00e1ci\u00f3 Bevezet\u00e9s<\/h2>\n<ul data-v-md-line=\"12\">\n<li>Sz\u00edv\u00e1s gyakoris\u00e1ga: ak\u00e1r 20000-szer<\/li>\n<li>Nikotin: 50 mg nikotins\u00f3<\/li>\n<li>M\u0171k\u00f6d\u00e9si elv: Bel\u00e9gz\u00e9ssel aktiv\u00e1l\u00f3dik<\/li>\n<li>Charging: Standard Type-C USB interface<\/li>\n<li>Tekercs t\u00edpusa: N\u00e9gysz\u00e1l\u00fa h\u00e1l\u00f3s tekercs<\/li>\n<li>E-folyad\u00e9k kapacit\u00e1sa: 26 milliliter<\/li>\n<li>Akkumul\u00e1tor: 850mAh \u00fajrat\u00f6lthet\u0151 akkumul\u00e1tor<\/li>\n<li>Kijelz\u0151: Kett\u0151s digit\u00e1lis kijelz\u0151, az akkumul\u00e1tor \u00e9s az e-folyad\u00e9k megjelen\u00edt\u00e9s\u00e9re szolg\u00e1l<\/li>\n<li>\u00c1llapot: Kicsomagol\u00e1s ut\u00e1n haszn\u00e1latra k\u00e9sz<\/li>\n<\/ul>\n<h2 data-v-md-heading=\"multiple-flavor-options\" data-v-md-line=\"22\">T\u00f6bb \u00edzes\u00edt\u00e9si lehet\u0151s\u00e9g<\/h2>\n<ul data-v-md-line=\"23\">\n<li>Eper kivi<\/li>\n<li>Anan\u00e1szos k\u00f3kusz<\/li>\n<li>Sz\u0151l\u0151bubor\u00e9k<\/li>\n<li>Anan\u00e1sz \u0151szibarack<\/li>\n<li>\u00c1fony\u00e1s turmix<\/li>\n<li>G\u00f6r\u00f6gdinnye turmix<\/li>\n<li>Miami Mint<\/li>\n<li>Mal\u00e1j mang\u00f3<\/li>\n<li>\u00c1fonya, cseresznye, \u00e1fonya<\/li>\n<li>\u00c1fony\u00e1s kasszia sz\u00f3sz<\/li>\n<li>Eper M\u00e1lna<\/li>\n<li>T\u00f6r\u00f6tt bogy\u00f3k<\/li>\n<li>Szeder s\u00e1rk\u00e1nygy\u00fcm\u00f6lcs<\/li>\n<li>Gy\u00fcm\u00f6lcsfriss\u00edt\u0151 g\u00f6r\u00f6gdinnye<\/li>\n<li>Eper turmix<\/li>\n<li>Menta turmix<\/li>\n<li>H\u0171s menta<\/li>\n<li>Alaszkai j\u00e9g<\/li>\n<\/ul>\n<h2 data-v-md-heading=\"for-you-and-for-your-business-as-well\" data-v-md-line=\"42\">Neked, \u00e9s a v\u00e1llalkoz\u00e1sodnak is<\/h2>\n<p data-v-md-line=\"43\">A Luff Bar Dually 20K-t megv\u00e1s\u00e1rolhatod magadnak, vagy hozz\u00e1adhatod az \u00fczletedhez. Nagykereskedelmi szolg\u00e1ltat\u00e1sokat k\u00edn\u00e1lunk 5 display dobozra \u00e9s 200 nagy csomagol\u00f3 dobozra. Megb\u00edzhat\u00f3 partnerekkel, p\u00e9ld\u00e1ul a UPS-szel, a DPD-vel \u00e9s a DHL-lel dolgozunk egy\u00fctt, hogy gyors \u00e9s ad\u00f3mentes DDP sz\u00e1ll\u00edt\u00e1si szolg\u00e1ltat\u00e1sokat ny\u00fajtsunk, biztos\u00edtva, hogy ne \u00e9rjen baleset a v\u00e1mn\u00e1l.<\/p>\n<p data-v-md-line=\"45\">Az eldobhat\u00f3, magas f\u00fcsttartalm\u00fa term\u00e9kekre vonatkoz\u00f3 szab\u00e1lyoz\u00e1si k\u00f6vetelm\u00e9nyek Eur\u00f3pa-szerte elt\u00e9r\u0151ek, ez\u00e9rt k\u00e9rj\u00fck, a nagy t\u00e9telben t\u00f6rt\u00e9n\u0151 megrendel\u00e9sek lead\u00e1sa vagy a term\u00e9kek forgalomba hozatala el\u0151tt t\u00e1j\u00e9koz\u00f3djon a helyi el\u0151\u00edr\u00e1sokr\u00f3l.<\/p>\n<h2 data-v-md-heading=\"why-do-you-like-it\" data-v-md-line=\"47\">Mi\u00e9rt tetszik?<\/h2>\n<ul data-v-md-line=\"48\">\n<li>Nagy mennyis\u00e9g\u0171 f\u00fcst: tart\u00f3s \u00e9s hosszan tart\u00f3, nem kell gyakran \u00faj cigarett\u00e1t v\u00e1s\u00e1rolni<\/li>\n<li>Nagy intenzit\u00e1s\u00fa nikotins\u00f3: kevesebb f\u00fcst, kiel\u00e9g\u00edt\u0151 \u00e9lm\u00e9nyt ny\u00fajt<\/li>\n<li>\u00dajrat\u00f6lthet\u0151: Haszn\u00e1lja az \u00f6sszes megv\u00e1s\u00e1rolt e-folyad\u00e9kot<\/li>\n<li>N\u00e9gyszeres r\u00e1csos tekercs: Folyamatos f\u00fcst \u00e9s gazdag \u00edz<\/li>\n<li>Kett\u0151s kijelz\u0151: az akkumul\u00e1tor \u00e9s az e-folyad\u00e9k k\u00f6nnyen \u00e1ttekinthet\u0151 egy pillant\u00e1ssal<\/li>\n<\/ul>\n<h2 data-v-md-heading=\"why-collaborate-with-agoravape\" data-v-md-line=\"54\">Mi\u00e9rt \u00e9rdemes az AgoraVape-pel egy\u00fcttm\u0171k\u00f6dni?<\/h2>\n<p data-v-md-line=\"55\">Kiz\u00e1r\u00f3lag 100%-ban eredeti term\u00e9keket forgalmazunk. \u00dczleti \u00fcgyfeleink sz\u00e1m\u00e1ra ez azt jelenti, hogy a Luff Bar Dually 20K Puffs n\u00e9gytekercses vape-je kedvezm\u00e9nyes nagykereskedelmi \u00e1rakat, gyors \u00e9s megb\u00edzhat\u00f3 \u00fcgyf\u00e9lszolg\u00e1latot, valamint gyors \u00e9s megb\u00edzhat\u00f3 kisz\u00e1ll\u00edt\u00e1si szolg\u00e1ltat\u00e1st k\u00edn\u00e1l. L\u00e9pjen kapcsolatba vel\u00fcnk, \u00e9s mi felt\u00f6ltj\u00fck k\u00e9szleteit \u00fcgyfelei el\u00e9gedetts\u00e9ge \u00e9rdek\u00e9ben.<\/p>\n<p><script src=\"chrome-extension:\/\/fpelahbljekknahkcaegamhcndkfpfnc\/iFrame.js\" type=\"text\/javascript\"><\/script><\/p>\n<p><script src=\"chrome-extension:\/\/fpelahbljekknahkcaegamhcndkfpfnc\/iFrame.js\" type=\"text\/javascript\"><\/script><\/p>","protected":false},"excerpt":{"rendered":"<p>&nbsp;<\/p>\n<p><script src=\"chrome-extension:\/\/fpelahbljekknahkcaegamhcndkfpfnc\/iFrame.js\" type=\"text\/javascript\"><\/script><\/p>\n<p><script src=\"chrome-extension:\/\/fpelahbljekknahkcaegamhcndkfpfnc\/iFrame.js\" type=\"text\/javascript\"><\/script><\/p>\n<p><script src=\"chrome-extension:\/\/fpelahbljekknahkcaegamhcndkfpfnc\/iFrame.js\" type=\"text\/javascript\"><\/script><\/p>\n<p><script src=\"chrome-extension:\/\/fpelahbljekknahkcaegamhcndkfpfnc\/iFrame.js\" type=\"text\/javascript\"><\/script><\/p>\n<p><script src=\"chrome-extension:\/\/fpelahbljekknahkcaegamhcndkfpfnc\/iFrame.js\" type=\"text\/javascript\"><\/script><\/p>\n<p><script src=\"chrome-extension:\/\/fpelahbljekknahkcaegamhcndkfpfnc\/iFrame.js\" type=\"text\/javascript\"><\/script><\/p>\n<p><script src=\"chrome-extension:\/\/fpelahbljekknahkcaegamhcndkfpfnc\/iFrame.js\" type=\"text\/javascript\"><\/script><\/p>","protected":false},"featured_media":14749,"comment_status":"open","ping_status":"closed","template":"","meta":[],"product_brand":[215],"product_cat":[124,185,1636,177,174,175,193,191,173,186,180,190,192,142],"product_tag":[],"class_list":{"0":"post-14709","1":"product","2":"type-product","3":"status-publish","4":"has-post-thumbnail","6":"product_brand-vasy","7":"product_cat-vape-by-brand","8":"product_cat-10000-puffs-high-capacity","9":"product_cat-20000-puffs","10":"product_cat-dessert-sweets","11":"product_cat-fruit-flavors","12":"product_cat-icy-mint","13":"product_cat-mesh-coil","14":"product_cat-rechargeable-disposables","15":"product_cat-vape-by-flavor-profile","16":"product_cat-vape-by-nicotine-strength","17":"product_cat-vape-by-puff-count","18":"product_cat-vape-by-feature-or-type","19":"product_cat-vapes-with-screens","20":"product_cat-vasy","22":"first","23":"onbackorder","24":"shipping-taxable","25":"purchasable","26":"product-type-variable","27":"has-default-attributes"},"tiered_pricing_type":"percentage","tiered_pricing_fixed_rules":[],"tiered_pricing_product_settings":{"layout":"default","base_unit_name":{"singular":null,"plural":null},"default_variation":null},"tiered_pricing_minimum_quantity":10,"tiered_pricing_roles_data":[],"tiered_pricing_percentage_rules":{"30":"29","50":"35","100":"40","200":"44","500":"47","1000":"49"},"tiered_pricing_maximum_quantity":null,"tiered_pricing_quantity_step":"10","_links":{"self":[{"href":"https:\/\/agoravape.com\/hu\/wp-json\/wp\/v2\/product\/14709","targetHints":{"allow":["GET"]}}],"collection":[{"href":"https:\/\/agoravape.com\/hu\/wp-json\/wp\/v2\/product"}],"about":[{"href":"https:\/\/agoravape.com\/hu\/wp-json\/wp\/v2\/types\/product"}],"replies":[{"embeddable":true,"href":"https:\/\/agoravape.com\/hu\/wp-json\/wp\/v2\/comments?post=14709"}],"version-history":[{"count":0,"href":"https:\/\/agoravape.com\/hu\/wp-json\/wp\/v2\/product\/14709\/revisions"}],"wp:featuredmedia":[{"embeddable":true,"href":"https:\/\/agoravape.com\/hu\/wp-json\/wp\/v2\/media\/14749"}],"wp:attachment":[{"href":"https:\/\/agoravape.com\/hu\/wp-json\/wp\/v2\/media?parent=14709"}],"wp:term":[{"taxonomy":"product_brand","embeddable":true,"href":"https:\/\/agoravape.com\/hu\/wp-json\/wp\/v2\/product_brand?post=14709"},{"taxonomy":"product_cat","embeddable":true,"href":"https:\/\/agoravape.com\/hu\/wp-json\/wp\/v2\/product_cat?post=14709"},{"taxonomy":"product_tag","embeddable":true,"href":"https:\/\/agoravape.com\/hu\/wp-json\/wp\/v2\/product_tag?post=14709"}],"curies":[{"name":"wp","href":"https:\/\/api.w.org\/{rel}","templated":true}]}}