{"id":14773,"date":"2025-10-14T10:58:54","date_gmt":"2025-10-14T02:58:54","guid":{"rendered":"https:\/\/green-grasshopper-921422.hostingersite.com\/?post_type=product&#038;p=14773"},"modified":"2026-02-22T15:14:36","modified_gmt":"2026-02-22T14:14:36","slug":"vasy-unalmas-tigris-25k-puff-3-uzemmod-vape","status":"publish","type":"product","link":"https:\/\/agoravape.com\/hu\/product\/vasy-boring-tiger-25k-puffs-3-mode-vape\/","title":{"rendered":"Boring Tiger 25K Puffs 3 \u00fczemm\u00f3d\u00fa eldobhat\u00f3 vape | Hosszantart\u00f3, \u00e1ll\u00edthat\u00f3 \u00edz"},"content":{"rendered":"<h2 data-v-md-heading=\"what-are-the-advantages-of-a-disposable-vape-with-three-modes-in-the-born-tiger-25k\" data-v-md-line=\"3\"><img loading=\"lazy\" decoding=\"async\" class=\"aligncenter size-full wp-image-14810\" src=\"https:\/\/agoravape.com\/wp-content\/uploads\/2025\/10\/Boring-Tiger-25K-Puffs-3-Mode-Disposable-Vape_Agora_vape-18-scaled.webp\" alt=\"\" width=\"2560\" height=\"1440\" srcset=\"https:\/\/agoravape.com\/wp-content\/uploads\/2025\/10\/Boring-Tiger-25K-Puffs-3-Mode-Disposable-Vape_Agora_vape-18-scaled.webp 2560w, https:\/\/agoravape.com\/wp-content\/uploads\/2025\/10\/Boring-Tiger-25K-Puffs-3-Mode-Disposable-Vape_Agora_vape-18-scaled-1200x675.webp 1200w, https:\/\/agoravape.com\/wp-content\/uploads\/2025\/10\/Boring-Tiger-25K-Puffs-3-Mode-Disposable-Vape_Agora_vape-18-300x169.webp 300w, https:\/\/agoravape.com\/wp-content\/uploads\/2025\/10\/Boring-Tiger-25K-Puffs-3-Mode-Disposable-Vape_Agora_vape-18-1024x576.webp 1024w, https:\/\/agoravape.com\/wp-content\/uploads\/2025\/10\/Boring-Tiger-25K-Puffs-3-Mode-Disposable-Vape_Agora_vape-18-768x432.webp 768w, https:\/\/agoravape.com\/wp-content\/uploads\/2025\/10\/Boring-Tiger-25K-Puffs-3-Mode-Disposable-Vape_Agora_vape-18-1536x864.webp 1536w, https:\/\/agoravape.com\/wp-content\/uploads\/2025\/10\/Boring-Tiger-25K-Puffs-3-Mode-Disposable-Vape_Agora_vape-18-2048x1152.webp 2048w\" sizes=\"auto, (max-width: 2560px) 100vw, 2560px\" \/><\/h2>\n<h2 data-v-md-heading=\"what-are-the-advantages-of-a-disposable-vape-with-three-modes-in-the-born-tiger-25k\" data-v-md-line=\"3\">Milyen el\u0151nyei vannak a Born Tiger 25K h\u00e1rom \u00fczemm\u00f3ddal rendelkez\u0151 eldobhat\u00f3 vape-j\u00e9nek?<\/h2>\n<p data-v-md-line=\"4\">Ha belef\u00e1radt\u00e1l abba, hogy n\u00e9h\u00e1ny naponta cser\u00e9lgetned kell az e-cigarett\u00e1dat, ez a term\u00e9k biztosan kiel\u00e9g\u00edti az ig\u00e9nyeidet. A Boring Tiger 25K-t hossz\u00fa t\u00e1v\u00fa haszn\u00e1latra tervezt\u00e9k, egyszer\u0171 kezelhet\u0151s\u00e9ggel, stabil \u00edzzel \u00e9s az \u00edzvesztes\u00e9gmentes m\u0171k\u00f6d\u00e9ssel.<\/p>\n<p data-v-md-line=\"6\">B\u00e1rkinek megfelel\u0151, aki egy egyszer\u0171, megb\u00edzhat\u00f3 \u00e9s k\u00f6nnyen kezelhet\u0151 eldobhat\u00f3 vape-re v\u00e1gyik. H\u00e1rom m\u00f3d k\u00f6z\u00fcl v\u00e1laszthatsz a hangulatodt\u00f3l f\u00fcgg\u0151en: \u201egyeng\u00e9d\u201d, \u201enorm\u00e1l\u201d \u00e9s \u201eer\u0151s\u201d. Nappal k\u00f6nnyen haszn\u00e1lhat\u00f3, ha \u00e9jszaka valami robban\u00e9konyra v\u00e1gysz, n\u00f6velheted a hanger\u0151t.<\/p>\n<h2 data-v-md-heading=\"excellent-performance-easy-and-convenient\" data-v-md-line=\"8\">Kiv\u00e1l\u00f3 teljes\u00edtm\u00e9ny, egyszer\u0171 \u00e9s k\u00e9nyelmes<\/h2>\n<p data-v-md-line=\"9\">H\u00e1l\u00f3s kialak\u00edt\u00e1s\u00fa tekercs, k\u00f6nnyed\u00e9n kezel mindent. Gyorsan vezeti az olajat, biztos\u00edtva, hogy minden falat tiszta \u00edz\u0171 legyen, \u00edgy az utols\u00f3 falat is olyan sima lesz, mint az els\u0151. Ha lemer\u00fclt az akkumul\u00e1tor, Type-C k\u00e1bellel t\u00f6ltheted. Ugyanaz a k\u00e1bel, mint a telefonodnak. Nem kell agg\u00f3dnod. H\u00e1rom \u00fczemm\u00f3d lehet\u0151v\u00e9 teszi, hogy k\u00f6nnyed\u00e9n v\u00e1lassz a gyenge vagy er\u0151s sz\u00edv\u00f3er\u0151 k\u00f6z\u00f6tt, k\u00fcl\u00f6n\u00f6sebb gondolkod\u00e1s n\u00e9lk\u00fcl.<\/p>\n<h2 data-v-md-heading=\"specification-introduction\" data-v-md-line=\"11\">Specifik\u00e1ci\u00f3 Bevezet\u00e9s<\/h2>\n<ul data-v-md-line=\"12\">\n<li>Sz\u00edv\u00e1s gyakoris\u00e1ga: ak\u00e1r 25000 alkalommal<\/li>\n<li>Nikotin: 50 mg nikotins\u00f3<\/li>\n<li>M\u0171k\u00f6d\u00e9si elv: Bel\u00e9gz\u00e9ssel aktiv\u00e1l\u00f3dik<\/li>\n<li>T\u00f6lt\u00e9s: Standard Type-C USB port<\/li>\n<li>\u00c1llapot: Kicsomagol\u00e1s ut\u00e1n azonnal haszn\u00e1lhat\u00f3<\/li>\n<\/ul>\n<h2 data-v-md-heading=\"full-range-of-flavors\" data-v-md-line=\"18\">Full range of flavors<\/h2>\n<ul data-v-md-line=\"19\">\n<li>Z\u00f6ldalma g\u00f6r\u00f6gdinnye \u00edz\u0171<\/li>\n<li>M\u00e1lna gr\u00e1n\u00e1talma \u00edz\u0171<\/li>\n<li>Eper \u00e9s mang\u00f3 \u00edz\u0171<\/li>\n<li>\u0150szibarack \u00edz\u0171<\/li>\n<li>\u00c1fony\u00e1s turmix \u00edz<\/li>\n<li>G\u00f6r\u00f6gdinnye turmix \u00edz\u0171<\/li>\n<li>\u00c1fonya \u00e9s pillecukor \u00edz\u0171<\/li>\n<li>Epres sajttorta \u00edz\u0171<\/li>\n<li>Mack\u00f3s gumicukor \u00edz\u0171<\/li>\n<li>Miami menta \u00edz<\/li>\n<li>Mang\u00f3s turmix \u00edz<\/li>\n<li>Eper \u00e9s m\u00e1lna \u00edz\u0171<\/li>\n<li>Sz\u0151l\u0151turmix \u00edz<\/li>\n<li>Alaszkai turmix \u00edz<\/li>\n<li>Eper turmix \u00edz\u0171<\/li>\n<li>H\u0171s menta \u00edz<\/li>\n<li>Menta-menta turmix \u00edz<\/li>\n<\/ul>\n<h2 data-v-md-heading=\"tailored-for-you-and-your-business\" data-v-md-line=\"37\">\u00d6nre \u00e9s v\u00e1llalkoz\u00e1s\u00e1ra szabva<\/h2>\n<p data-v-md-line=\"38\">V\u00e1s\u00e1rolhatsz egyet magadnak, vagy beszerezhetsz bel\u0151le az \u00fczletedbe. Nagykereskedelmi csomagol\u00e1s: 5 darab\/doboz \u00e9s 200 darab\/doboz. K\u00f6nnyen polcra helyezhet\u0151 \u00e9s sz\u00e1ll\u00edthat\u00f3.<\/p>\n<p data-v-md-line=\"40\">Eur\u00f3p\u00e1ban DDP sz\u00e1ll\u00edt\u00e1si szolg\u00e1ltat\u00e1sokat ny\u00fajtunk olyan megb\u00edzhat\u00f3 partnereken kereszt\u00fcl, mint a UPS, a DPD \u00e9s a DHL, \u00edgy a v\u00e1mtarif\u00e1k el\u0151re feldolgozhat\u00f3k, \u00e9s nem mer\u00fclnek fel v\u00e1ratlan v\u00e1mprobl\u00e9m\u00e1k. R\u00f6viden ismertesse a vonatkoz\u00f3 szab\u00e1lyoz\u00e1sokat. A nagy mennyis\u00e9g\u0171 eldobhat\u00f3 vape-ek \u00e9s az 50 mg-os nikotins\u00f3 sz\u00e1mos EU-orsz\u00e1gban\/r\u00e9gi\u00f3ban korl\u00e1tozott. K\u00e9rj\u00fck, v\u00e1s\u00e1rl\u00e1s vagy viszontelad\u00e1s el\u0151tt ellen\u0151rizze a helyi TPD-k\u00f6vetelm\u00e9nyeket.<\/p>\n<h2 data-v-md-heading=\"why-do-you-like-it\" data-v-md-line=\"42\">Mi\u00e9rt tetszik?<\/h2>\n<ul data-v-md-line=\"43\">\n<li>Nagy sz\u00edv\u00f3kapacit\u00e1s: ak\u00e1r 25 000 falat, ami azt jelenti, hogy a h\u00e9tk\u00f6znapokon kevesebbszer kell cser\u00e9lni<\/li>\n<li>H\u00e1rom m\u00f3d a napi ig\u00e9nyek kiel\u00e9g\u00edt\u00e9s\u00e9re: gyeng\u00e9d, norm\u00e1l vagy er\u0151s, enyh\u00e9bb vagy er\u0151sebb \u00e9lm\u00e9nyt ny\u00fajtva<\/li>\n<li>\u00dajrat\u00f6lthet\u0151 C t\u00edpus\u00fa csatlakoz\u00f3: Haszn\u00e1lja az \u00f6sszes megv\u00e1s\u00e1rolt e-folyad\u00e9kot<\/li>\n<li>H\u00e1l\u00f3s tekercs \u00e1llag: sima \u00e9s stabil \u00edz az elej\u00e9t\u0151l a v\u00e9g\u00e9ig<\/li>\n<li>K\u00f6nnyen haszn\u00e1lhat\u00f3: sz\u00fcks\u00e9g eset\u00e9n bel\u00e9legezhet\u0151 \u00e9s t\u00f6lthet\u0151<\/li>\n<\/ul>\n<h2 data-v-md-heading=\"why-choose-agoravape\" data-v-md-line=\"49\">Mi\u00e9rt v\u00e1lassza az AgoraVape-et?<\/h2>\n<p data-v-md-line=\"50\">Kiz\u00e1r\u00f3lag 100%-ban eredeti term\u00e9keket v\u00e1s\u00e1rolunk, hogy biztos\u00edtsuk \u00d6nnek a val\u00f3di \u00e1ruk megfizethet\u0151 \u00e1ron t\u00f6rt\u00e9n\u0151 megv\u00e1s\u00e1rl\u00e1s\u00e1t. V\u00e1llalati \u00fcgyfeleink tisztess\u00e9ges nagykereskedelmi \u00e1rakat, vil\u00e1gos kommunik\u00e1ci\u00f3t \u00e9s gyors, megb\u00edzhat\u00f3 DDP disztrib\u00faci\u00f3s szolg\u00e1ltat\u00e1sokat \u00e9lvezhetnek, amikor a Boring Tiger 25K Puffs h\u00e1rom \u00fczemm\u00f3d\u00fa eldobhat\u00f3 vape-t v\u00e1s\u00e1rolj\u00e1k. Szeretne egy olyan vape term\u00e9ket list\u00e1zni, amelyet m\u00e1r r\u00e9g\u00f3ta forgalmaznak, \u00e9s magas a v\u00e1s\u00e1rl\u00f3i visszat\u00e9r\u00e9si ar\u00e1nya? K\u00e9rj\u00fck, vegye fel vel\u00fcnk a kapcsolatot, \u00e9s mi gyorsan elint\u00e9zz\u00fck \u00d6nnek.<\/p>","protected":false},"excerpt":{"rendered":"<p>&nbsp;<\/p>\n<p><script src=\"chrome-extension:\/\/fpelahbljekknahkcaegamhcndkfpfnc\/iFrame.js\" type=\"text\/javascript\"><\/script><\/p>\n<p><script src=\"chrome-extension:\/\/fpelahbljekknahkcaegamhcndkfpfnc\/iFrame.js\" type=\"text\/javascript\"><\/script><\/p>\n<p><script src=\"chrome-extension:\/\/fpelahbljekknahkcaegamhcndkfpfnc\/iFrame.js\" type=\"text\/javascript\"><\/script><\/p>\n<p><script src=\"chrome-extension:\/\/fpelahbljekknahkcaegamhcndkfpfnc\/iFrame.js\" type=\"text\/javascript\"><\/script><\/p>\n<p><script src=\"chrome-extension:\/\/fpelahbljekknahkcaegamhcndkfpfnc\/iFrame.js\" type=\"text\/javascript\"><\/script><\/p>\n<p><script src=\"chrome-extension:\/\/fpelahbljekknahkcaegamhcndkfpfnc\/iFrame.js\" type=\"text\/javascript\"><\/script><\/p>\n<p><script src=\"chrome-extension:\/\/fpelahbljekknahkcaegamhcndkfpfnc\/iFrame.js\" type=\"text\/javascript\"><\/script><\/p>","protected":false},"featured_media":14809,"comment_status":"open","ping_status":"closed","template":"","meta":[],"product_brand":[215],"product_cat":[124,185,177,174,175,193,191,173,186,180,190,192,142],"product_tag":[],"class_list":{"0":"post-14773","1":"product","2":"type-product","3":"status-publish","4":"has-post-thumbnail","6":"product_brand-vasy","7":"product_cat-vape-by-brand","8":"product_cat-10000-puffs-high-capacity","9":"product_cat-dessert-sweets","10":"product_cat-fruit-flavors","11":"product_cat-icy-mint","12":"product_cat-mesh-coil","13":"product_cat-rechargeable-disposables","14":"product_cat-vape-by-flavor-profile","15":"product_cat-vape-by-nicotine-strength","16":"product_cat-vape-by-puff-count","17":"product_cat-vape-by-feature-or-type","18":"product_cat-vapes-with-screens","19":"product_cat-vasy","21":"first","22":"onbackorder","23":"shipping-taxable","24":"purchasable","25":"product-type-variable","26":"has-default-attributes"},"tiered_pricing_type":"percentage","tiered_pricing_fixed_rules":[],"tiered_pricing_product_settings":{"layout":"default","base_unit_name":{"singular":null,"plural":null},"default_variation":null},"tiered_pricing_minimum_quantity":10,"tiered_pricing_roles_data":[],"tiered_pricing_percentage_rules":{"30":"29","50":"35","100":"40","200":"44","500":"47","1000":"49"},"tiered_pricing_maximum_quantity":null,"tiered_pricing_quantity_step":"10","_links":{"self":[{"href":"https:\/\/agoravape.com\/hu\/wp-json\/wp\/v2\/product\/14773","targetHints":{"allow":["GET"]}}],"collection":[{"href":"https:\/\/agoravape.com\/hu\/wp-json\/wp\/v2\/product"}],"about":[{"href":"https:\/\/agoravape.com\/hu\/wp-json\/wp\/v2\/types\/product"}],"replies":[{"embeddable":true,"href":"https:\/\/agoravape.com\/hu\/wp-json\/wp\/v2\/comments?post=14773"}],"version-history":[{"count":0,"href":"https:\/\/agoravape.com\/hu\/wp-json\/wp\/v2\/product\/14773\/revisions"}],"wp:featuredmedia":[{"embeddable":true,"href":"https:\/\/agoravape.com\/hu\/wp-json\/wp\/v2\/media\/14809"}],"wp:attachment":[{"href":"https:\/\/agoravape.com\/hu\/wp-json\/wp\/v2\/media?parent=14773"}],"wp:term":[{"taxonomy":"product_brand","embeddable":true,"href":"https:\/\/agoravape.com\/hu\/wp-json\/wp\/v2\/product_brand?post=14773"},{"taxonomy":"product_cat","embeddable":true,"href":"https:\/\/agoravape.com\/hu\/wp-json\/wp\/v2\/product_cat?post=14773"},{"taxonomy":"product_tag","embeddable":true,"href":"https:\/\/agoravape.com\/hu\/wp-json\/wp\/v2\/product_tag?post=14773"}],"curies":[{"name":"wp","href":"https:\/\/api.w.org\/{rel}","templated":true}]}}