{"id":14945,"date":"2025-10-14T13:15:51","date_gmt":"2025-10-14T05:15:51","guid":{"rendered":"https:\/\/green-grasshopper-921422.hostingersite.com\/?post_type=product&#038;p=14945"},"modified":"2026-03-27T06:21:39","modified_gmt":"2026-03-27T05:21:39","slug":"arymi-hookalit-40k-puffs-shisha-vape","status":"publish","type":"product","link":"https:\/\/agoravape.com\/hu\/product\/arymi-hookalit-40k-puffs-shisha-vape\/","title":{"rendered":"Arymi Hookalit 40K Puffs Shisha Hookah Vape | Hosszan tart\u00f3 v\u00edzipipa \u00edz, egyszer\u0171 C t\u00edpus\u00fa t\u00f6lt\u00e9s"},"content":{"rendered":"<h2 data-v-md-heading=\"what-about-the-arymi-hookalit-40k-drool-vape\" data-v-md-line=\"3\">Mi a helyzet az Arymi Hookalit 40K ny\u00e1ladz\u00f3 vape-pel?<\/h2>\n<p data-v-md-line=\"4\">Ha eleged van az eldobhat\u00f3 vape-ekb\u0151l, \u00e9s \u00fagy \u00e9rzed, hogy minden haszn\u00e1lat meg\u00e9ri, akkor ez a vape megk\u00f6nny\u00edti az \u00e9letedet. Az Arymi Hookalit ak\u00e1r 40000 slukk kapacit\u00e1ssal rendelkezik, gazdag v\u00edzipipa \u00edzt biztos\u00edtva, amely az els\u0151 kortyt\u00f3l az utols\u00f3ig l\u00e1gy marad.<\/p>\n<p data-v-md-line=\"6\">B\u00e1rkinek megfelel\u0151, aki nagy kapacit\u00e1sra v\u00e1gyik, de nem akar gondot okozni. Nem kell be\u00e1ll\u00edt\u00e1sokat m\u00f3dos\u00edtania vagy tov\u00e1bbi tartoz\u00e9kokat hoznia, csak \u00e9lvezze k\u00f6zvetlen\u00fcl. Azt gondolhatja, hogy a nagy sz\u00e1jsz\u00e1m\u00fa eszk\u00f6z\u00f6k fokozatosan elvesz\u00edtik \u00edz\u00fcket, de a LIT h\u00e1l\u00f3s tekercsek meg\u0151rzik a stabilit\u00e1st \u00e9s az \u00edzletess\u00e9get.<\/p>\n<h2 data-v-md-heading=\"excellent-performance-and-easy-operation\" data-v-md-line=\"8\">Kiv\u00e1l\u00f3 teljes\u00edtm\u00e9ny \u00e9s egyszer\u0171 kezelhet\u0151s\u00e9g<\/h2>\n<p data-v-md-line=\"9\">Be\u00e9p\u00edtett 0,6 \u03a9-os LIT h\u00e1l\u00f3s porlaszt\u00f3mag, egyenletesen meleg\u00edtve, minden falat olyan finom, mint az els\u0151 szippant\u00e1s. Nincsenek \u00e9gett sz\u00e9lek, k\u00f6nny\u0171 \u00edz. Ha az akkumul\u00e1tor lemer\u00fclt, Type-C adatk\u00e1bellel t\u00f6lthet\u0151. Az adatk\u00e1bel megegyezhet a telefon t\u00f6lt\u0151k\u00e1bel\u00e9vel. Egyszer\u0171 \u00e9s k\u00e9nyelmes.<\/p>\n<h2 data-v-md-heading=\"specification-overview\" data-v-md-line=\"11\">Specifik\u00e1ci\u00f3 \u00e1ttekint\u00e9se<\/h2>\n<ul data-v-md-line=\"12\">\n<li>Sz\u00edv\u00e1s gyakoris\u00e1ga: ak\u00e1r 40000-szer<\/li>\n<li>E-folyad\u00e9k kapacit\u00e1sa: 40 milliliter<\/li>\n<li>Nikotintartalom: 0,35% (opcion\u00e1lis)<\/li>\n<li>M\u0171k\u00f6d\u00e9si elv: Bel\u00e9gz\u00e9ssel aktiv\u00e1l\u00f3dik<\/li>\n<li>Porlaszt\u00e1si mag: 0,6 \u03a9 LIT h\u00e1l\u00f3s porlaszt\u00e1si mag<\/li>\n<li>Akkumul\u00e1tor: 1300 mAh<\/li>\n<li>T\u00f6lt\u00e9si m\u00f3d: Standard Type-C USB csatlakoz\u00f3<\/li>\n<li>M\u00e9ret: 43,4 \u00d7 191,7 millim\u00e9ter<\/li>\n<li>\u00c1llapot: Kicsomagol\u00e1s ut\u00e1n azonnal haszn\u00e1lhat\u00f3<\/li>\n<li>Csomagol\u00e1s: 1 egys\u00e9g kis dobozonk\u00e9nt | 100 egys\u00e9g dobozonk\u00e9nt | Brutt\u00f3 t\u00f6meg k\u00f6r\u00fclbel\u00fcl 21 kilogramm dobozonk\u00e9nt<\/li>\n<\/ul>\n<h2 data-v-md-heading=\"full-range-of-flavors\" data-v-md-line=\"24\">Full range of flavors<\/h2>\n<ul data-v-md-line=\"25\">\n<li>G\u00f6r\u00f6gdinnye, eper \u00e9s \u00e9des dinnye \u00edz\u0171<\/li>\n<li>\u0150szibarack \u00e9s g\u00f6r\u00f6gdinnye \u00edz\u0171<\/li>\n<li>Eper furcsa gy\u00fcm\u00f6lcs\u00edz\u0171<\/li>\n<li>\u00c1fonya \u00edz\u0171<\/li>\n<li>Vegyes bogy\u00f3s \u00edz<\/li>\n<li>Maracuja \u00edz\u0171<\/li>\n<li>Dupla alma \u00edz\u0171<\/li>\n<li>Barna s\u00f6r \u00edz\u0171<\/li>\n<li>Cseresznye-menta \u00edz\u0171<\/li>\n<li>H\u0171s menta \u00edz<\/li>\n<li>Dupla alm\u00e1s v\u00edzipipa \u00edz<\/li>\n<li>\u0150szibarack \u00edz\u0171 turmix<\/li>\n<li>\u00c1fony\u00e1s \u00e9s citromos v\u00edz \u00edz<\/li>\n<li>Cseresznye-m\u00e1lna \u00edz\u0171<\/li>\n<li>A szerelem 66 \u00edze<\/li>\n<li>Lady Killer \u00edz<\/li>\n<li>Tudatos \u00e1lom szag<\/li>\n<li>Var\u00e1zslatos szerelem \u00edze<\/li>\n<li>R\u00e1g\u00f3gumi \u00edz\u0171<\/li>\n<li>Citrom-menta \u00edz\u0171<\/li>\n<\/ul>\n<h2 data-v-md-heading=\"for-you-for-your-business\" data-v-md-line=\"46\">\u00d6nnek, az \u00d6n v\u00e1llalkoz\u00e1s\u00e1nak<\/h2>\n<p data-v-md-line=\"47\">Szeretn\u00e9l saj\u00e1t r\u00e9szre v\u00e1s\u00e1rolni? Csak adj hozz\u00e1 n\u00e9h\u00e1ny kedvenc term\u00e9ket a kosaradhoz, \u00e9s \u00e9lvezd \u0151ket sok\u00e1ig. Szeretn\u00e9l felt\u00f6lt\u0151dni az \u00fczletedbe? Dobozonk\u00e9nt 100 darabos kiszerel\u00e9st biztos\u00edtunk, minden eszk\u00f6z k\u00fcl\u00f6n csomagolva a k\u00f6nny\u0171 \u00e9s rendezett megjelen\u00edt\u00e9s \u00e9s k\u00e9szletgazd\u00e1lkod\u00e1s \u00e9rdek\u00e9ben.<\/p>\n<p data-v-md-line=\"49\">Megb\u00edzhat\u00f3 partnerekkel, mint p\u00e9ld\u00e1ul a UPS, a DPD \u00e9s a DHL, dolgozunk egy\u00fctt, hogy DDP k\u00e9zbes\u00edt\u00e9si szolg\u00e1ltat\u00e1sokat ny\u00fajtsunk Eur\u00f3pa-szerte, \u00edgy a v\u00e1mtarif\u00e1k el\u0151re feldolgozhat\u00f3k, \u00e9s a v\u00e1mhat\u00f3s\u00e1gok nem tal\u00e1lkozhatnak v\u00e1ratlan helyzetekkel. Gyors, nyomon k\u00f6vethet\u0151 \u00e9s biztons\u00e1gos csomagol\u00e1s.<\/p>\n<h2 data-v-md-heading=\"why-do-you-like-it\" data-v-md-line=\"51\">Mi\u00e9rt tetszik?<\/h2>\n<ul data-v-md-line=\"52\">\n<li>Nagy kapacit\u00e1s: ak\u00e1r 40 000 port, ami kevesebb ism\u00e9tl\u0151d\u0151 rendel\u00e9st \u00e9s megszak\u00edt\u00e1st jelent.<\/li>\n<li>Nikotintartalom opcion\u00e1lis: Ha k\u00f6nnyebb \u00edzt szeretne, v\u00e1laszthat 0,35%-os nikotint.<\/li>\n<li>\u00dajrat\u00f6lthet\u0151: A C t\u00edpus\u00fa t\u00f6lt\u00e9s seg\u00edt felhaszn\u00e1lni az e-folyad\u00e9k minden cseppj\u00e9t.<\/li>\n<li>H\u00e1l\u00f3s tekercs: Minden haszn\u00e1lat sima \u00e9s k\u00f6vetkezetes \u00edzt eredm\u00e9nyezhet.<\/li>\n<\/ul>\n<h2 data-v-md-heading=\"why-collaborate-with-agoravape\" data-v-md-line=\"57\">Mi\u00e9rt \u00e9rdemes az AgoraVape-pel egy\u00fcttm\u0171k\u00f6dni?<\/h2>\n<p data-v-md-line=\"58\">Kiz\u00e1r\u00f3lag 100%-ban eredeti, megb\u00edzhat\u00f3 m\u00e1rk\u00e1ink term\u00e9keit k\u00edn\u00e1ljuk. <a class=\"wpil_keyword_link\" href=\"https:\/\/agoravape.com\/hu\/vape-marka-szerint\/arymi\/\" target=\"_blank\" rel=\"noopener\" title=\"ARYMI\" data-wpil-keyword-link=\"linked\" data-wpil-monitor-id=\"7111\">Arymi<\/a> Hookalit 40, Kedvezm\u00e9nyes nagykereskedelmi \u00e1rakat, gyors reag\u00e1l\u00e1s\u00fa technikai t\u00e1mogat\u00e1st \u00e9s megb\u00edzhat\u00f3 kisz\u00e1ll\u00edt\u00e1si szolg\u00e1ltat\u00e1sokat \u00e9lvezhet az Eur\u00f3pai Uni\u00f3n bel\u00fcl 000 v\u00edz \u00e9s vape term\u00e9kre. \u00dcdv\u00f6z\u00f6lj\u00fck, hogy megbesz\u00e9lhess\u00fck vel\u00fcnk a nagykereskedelmi rendel\u00e9si lehet\u0151s\u00e9geket, \u00e9s l\u00e9trehozhassuk az \u00fcgyfeleknek sz\u00e1nt visszak\u00fcld\u00f6tt term\u00e9kcsal\u00e1dot.<\/p>","protected":false},"excerpt":{"rendered":"<p>&nbsp;<\/p>","protected":false},"featured_media":14987,"comment_status":"open","ping_status":"closed","template":"","meta":[],"product_brand":[216],"product_cat":[124,185,143,176,174,175,193,191,179,173,186,180,190],"product_tag":[],"class_list":{"0":"post-14945","1":"product","2":"type-product","3":"status-publish","4":"has-post-thumbnail","6":"product_brand-arymi","7":"product_cat-vape-by-brand","8":"product_cat-10000-puffs-high-capacity","9":"product_cat-arymi","10":"product_cat-beverage","11":"product_cat-fruit-flavors","12":"product_cat-icy-mint","13":"product_cat-mesh-coil","14":"product_cat-rechargeable-disposables","15":"product_cat-unique-blends","16":"product_cat-vape-by-flavor-profile","17":"product_cat-vape-by-nicotine-strength","18":"product_cat-vape-by-puff-count","19":"product_cat-vape-by-feature-or-type","21":"first","22":"instock","23":"shipping-taxable","24":"purchasable","25":"product-type-variable","26":"has-default-attributes"},"tiered_pricing_type":"percentage","tiered_pricing_fixed_rules":[],"tiered_pricing_product_settings":{"layout":"default","base_unit_name":{"singular":null,"plural":null},"default_variation":null},"tiered_pricing_minimum_quantity":10,"tiered_pricing_roles_data":[],"tiered_pricing_percentage_rules":{"100":"40","200":"44","500":"47","1000":"49"},"tiered_pricing_maximum_quantity":null,"tiered_pricing_quantity_step":"10","_links":{"self":[{"href":"https:\/\/agoravape.com\/hu\/wp-json\/wp\/v2\/product\/14945","targetHints":{"allow":["GET"]}}],"collection":[{"href":"https:\/\/agoravape.com\/hu\/wp-json\/wp\/v2\/product"}],"about":[{"href":"https:\/\/agoravape.com\/hu\/wp-json\/wp\/v2\/types\/product"}],"replies":[{"embeddable":true,"href":"https:\/\/agoravape.com\/hu\/wp-json\/wp\/v2\/comments?post=14945"}],"version-history":[{"count":1,"href":"https:\/\/agoravape.com\/hu\/wp-json\/wp\/v2\/product\/14945\/revisions"}],"predecessor-version":[{"id":29763,"href":"https:\/\/agoravape.com\/hu\/wp-json\/wp\/v2\/product\/14945\/revisions\/29763"}],"wp:featuredmedia":[{"embeddable":true,"href":"https:\/\/agoravape.com\/hu\/wp-json\/wp\/v2\/media\/14987"}],"wp:attachment":[{"href":"https:\/\/agoravape.com\/hu\/wp-json\/wp\/v2\/media?parent=14945"}],"wp:term":[{"taxonomy":"product_brand","embeddable":true,"href":"https:\/\/agoravape.com\/hu\/wp-json\/wp\/v2\/product_brand?post=14945"},{"taxonomy":"product_cat","embeddable":true,"href":"https:\/\/agoravape.com\/hu\/wp-json\/wp\/v2\/product_cat?post=14945"},{"taxonomy":"product_tag","embeddable":true,"href":"https:\/\/agoravape.com\/hu\/wp-json\/wp\/v2\/product_tag?post=14945"}],"curies":[{"name":"wp","href":"https:\/\/api.w.org\/{rel}","templated":true}]}}