{"id":15012,"date":"2025-10-14T13:34:47","date_gmt":"2025-10-14T05:34:47","guid":{"rendered":"https:\/\/green-grasshopper-921422.hostingersite.com\/?post_type=product&#038;p=15012"},"modified":"2026-01-19T22:05:28","modified_gmt":"2026-01-19T14:05:28","slug":"grativape-boom-9000-puffs-vape","status":"publish","type":"product","link":"https:\/\/agoravape.com\/hu\/product\/grativape-boom-9000-puffs-vape\/","title":{"rendered":"Grativape Boom 9000 Puffs Eldobhat\u00f3 Vape | Hosszantart\u00f3 \u00edz egyszer\u0171en"},"content":{"rendered":"<h2 data-v-md-heading=\"what-are-the-special-features-of-grativape-boom-9000-disposable-vapes\" data-v-md-line=\"3\"><img loading=\"lazy\" decoding=\"async\" class=\"aligncenter size-full wp-image-15042\" src=\"https:\/\/agoravape.com\/wp-content\/uploads\/2025\/10\/Grativape-Boom-9000-Puffs-Disposable-Vape_Agora_vape-11.webp\" alt=\"\" width=\"1920\" height=\"800\" srcset=\"https:\/\/agoravape.com\/wp-content\/uploads\/2025\/10\/Grativape-Boom-9000-Puffs-Disposable-Vape_Agora_vape-11.webp 1920w, https:\/\/agoravape.com\/wp-content\/uploads\/2025\/10\/Grativape-Boom-9000-Puffs-Disposable-Vape_Agora_vape-11-1200x500.webp 1200w, https:\/\/agoravape.com\/wp-content\/uploads\/2025\/10\/Grativape-Boom-9000-Puffs-Disposable-Vape_Agora_vape-11-300x125.webp 300w, https:\/\/agoravape.com\/wp-content\/uploads\/2025\/10\/Grativape-Boom-9000-Puffs-Disposable-Vape_Agora_vape-11-1024x427.webp 1024w, https:\/\/agoravape.com\/wp-content\/uploads\/2025\/10\/Grativape-Boom-9000-Puffs-Disposable-Vape_Agora_vape-11-768x320.webp 768w, https:\/\/agoravape.com\/wp-content\/uploads\/2025\/10\/Grativape-Boom-9000-Puffs-Disposable-Vape_Agora_vape-11-1536x640.webp 1536w\" sizes=\"auto, (max-width: 1920px) 100vw, 1920px\" \/><\/h2>\n<h2 data-v-md-heading=\"what-are-the-special-features-of-grativape-boom-9000-disposable-vapes\" data-v-md-line=\"3\">Melyek a Grativape Boom 9000 eldobhat\u00f3 p\u00e1rol\u00f3k k\u00fcl\u00f6nleges tulajdons\u00e1gai?<\/h2>\n<p data-v-md-line=\"4\">Ha belef\u00e1radt\u00e1l az eldobhat\u00f3 p\u00e1rologtat\u00f3kba, amelyek t\u00fal sok \u00fczemanyagot fogyasztanak, ez a term\u00e9k megfelelhet az ig\u00e9nyeidnek. A Grativape Boom rendk\u00edv\u00fcl hossz\u00fa, ak\u00e1r 9000 puffol\u00e1sig tart\u00f3 akkumul\u00e1tor-\u00e9lettartammal rendelkezik, \u00e9s C t\u00edpus\u00fa \u00fajrat\u00f6lthet\u0151 akkumul\u00e1torral van felszerelve, \u00edgy val\u00f3ban elhaszn\u00e1lja az \u00f6sszes megv\u00e1s\u00e1rolt e-folyad\u00e9kot. Nincs sz\u00fcks\u00e9g bonyolult men\u00fckre, egyszer\u0171 \u00e9s k\u00e9nyelmes.<\/p>\n<p data-v-md-line=\"6\">Ha csak egy megb\u00edzhat\u00f3, finom \u00e9s hordozhat\u00f3 vape-t szeretne, akkor ez a term\u00e9k az ide\u00e1lis v\u00e1laszt\u00e1s. A m\u0171k\u00f6d\u00e9se egyszer\u0171, az \u00edze pont megfelel\u0151, \u00e9s nem fogja t\u00falz\u00e1snak \u00e9rezni.<\/p>\n<h2 data-v-md-heading=\"excellent-performance-easy-and-convenient\" data-v-md-line=\"8\">Kiv\u00e1l\u00f3 teljes\u00edtm\u00e9ny, egyszer\u0171 \u00e9s k\u00e9nyelmes<\/h2>\n<p data-v-md-line=\"9\">A Boomot gondosan hangolt\u00e1k, hogy tiszta \u00e9s egyenletes \u00edzt biztos\u00edtson az elej\u00e9t\u0151l a v\u00e9g\u00e9ig. Minden egyes falat sima \u00e9s kiegyens\u00falyozott. Ha az akkumul\u00e1tor lemer\u00fcl, egyszer\u0171en haszn\u00e1ld a telefonodon \u00e1ltal\u00e1nosan haszn\u00e1lt Type-C adatk\u00e1belt a csatlakoztat\u00e1shoz. Egyszer\u0171.<\/p>\n<h2 data-v-md-heading=\"specification-overview\" data-v-md-line=\"11\">Specifik\u00e1ci\u00f3 \u00e1ttekint\u00e9se<\/h2>\n<p data-v-md-line=\"12\"><strong>Suction frequency<\/strong>: ak\u00e1r 9000-szer<br \/>\n<strong>Nikotintartalom<\/strong>: 0%, 2%, 3%, 5%<br \/>\n<strong>M\u0171k\u00f6d\u00e9si elv<\/strong>Egyszer\u0171en l\u00e9legezzen be az aktiv\u00e1l\u00e1shoz<br \/>\n<strong>T\u00f6lt\u00e9s<\/strong>: Type-C USB interface<br \/>\n<strong>\u00c1llapot<\/strong>Kicsomagol\u00e1s ut\u00e1n haszn\u00e1latra k\u00e9sz<br \/>\n<strong>e-folyad\u00e9k kapacit\u00e1s<\/strong>: 14 milliliter<br \/>\n<strong>Akkumul\u00e1tor<\/strong>: 600mAh \u00fajrat\u00f6lthet\u0151 akkumul\u00e1tor<\/p>\n<h2 data-v-md-heading=\"multiple-flavor-options\" data-v-md-line=\"20\">T\u00f6bb \u00edzes\u00edt\u00e9si lehet\u0151s\u00e9g<\/h2>\n<ul data-v-md-line=\"21\">\n<li>Ban\u00e1n r\u00e1g\u00f3gumi<\/li>\n<li>Sz\u0151l\u0151fagylalt<\/li>\n<li>Dupla alm\u00e1k<\/li>\n<li>Eper-mang\u00f3<\/li>\n<li>Virginia doh\u00e1ny<\/li>\n<li>R\u00f3zsasz\u00edn citrom<\/li>\n<li>K\u00e9k j\u00e9gp\u00e1lya<\/li>\n<li>L\u00e9d\u00fas cseresznye<\/li>\n<li>Mint<\/li>\n<li>G\u00f6r\u00f6gdinnye j\u00e9g<\/li>\n<\/ul>\n<h2 data-v-md-heading=\"for-you-for-your-business\" data-v-md-line=\"32\">\u00d6nnek, az \u00d6n v\u00e1llalkoz\u00e1s\u00e1nak<\/h2>\n<p data-v-md-line=\"33\">A Grativape Boom 9000 puffot v\u00e1laszthatja szem\u00e9lyes haszn\u00e1latra vagy hozz\u00e1adhatja a boltj\u00e1hoz. Nagykereskedelmi dobozos csomagol\u00e1st \u00e9s \u00edzkombin\u00e1ci\u00f3kat k\u00edn\u00e1lunk, hogy megfeleljen a polc ig\u00e9nyeinek. \u00dcdv\u00f6z\u00f6lj\u00fck, hogy \u00e9rdekl\u0151dj\u00f6n a leg\u00fajabb dobozm\u00e9retekr\u0151l \u00e9s \u00e1rakr\u00f3l.<\/p>\n<p data-v-md-line=\"35\">Eur\u00f3p\u00e1n bel\u00fcl a UPS, a DPD \u00e9s a DHL seg\u00edts\u00e9g\u00e9vel ny\u00fajtunk DDP k\u00e9zbes\u00edt\u00e9si szolg\u00e1ltat\u00e1sokat. Ez azt jelenti, hogy a tarif\u00e1kat el\u0151re feldolgozzuk, \u00e9s a megrendel\u00e9se nem ker\u00fcl v\u00e1ratlan helyzetekbe a v\u00e1mon. \u00c9lvezheti a nyomon k\u00f6vet\u00e9si szolg\u00e1ltat\u00e1sokat \u00e9s a megb\u00edzhat\u00f3 sz\u00e1ll\u00edt\u00e1si hat\u00e1rid\u0151ket.<\/p>\n<p data-v-md-line=\"37\">Szab\u00e1lyoz\u00e1si \u00e1ttekint\u00e9s. A TPD-el\u0151\u00edr\u00e1sok szerint a Boom 14 milliliteres \u0171rtartalm\u00fa \u00e9s magasabb nikotintartalm\u00fa v\u00e1ltozatait nem minden uni\u00f3s piacon lehet enged\u00e9lyezni. K\u00edn\u00e1lunk egy 0% nikotintartalm\u00fa opci\u00f3t. K\u00e9rj\u00fck, olvassa el a helyi el\u0151\u00edr\u00e1sokat, vagy l\u00e9pjen kapcsolatba vel\u00fcnk az orsz\u00e1g\u00e1ban\/r\u00e9gi\u00f3j\u00e1ban megfelel\u0151 megfelel\u0151 opci\u00f3kkal kapcsolatban.<\/p>\n<h2 data-v-md-heading=\"why-do-you-like-it\" data-v-md-line=\"39\">Mi\u00e9rt tetszik?<\/h2>\n<p data-v-md-line=\"40\"><strong>Hatalmas sz\u00edv\u00e1s<\/strong>A sz\u00edv\u00e1si id\u0151 hosszabb, \u00edgy nem kell gyakran \u00fajakat v\u00e1s\u00e1rolni.<br \/>\n<strong>Nikotin kiv\u00e1laszt\u00e1s<\/strong>: V\u00e1lassza ki az \u00d6n doh\u00e1nyz\u00e1si m\u00f3dszer\u00e9nek megfelel\u0151 nikotinkoncentr\u00e1ci\u00f3t.<br \/>\n<strong>\u00dajrat\u00f6lthet\u0151<\/strong>: Minden csepp e-folyad\u00e9kot elhaszn\u00e1lhat.<br \/>\n<strong>Egyenletes \u00edz<\/strong>: Az els\u0151 harap\u00e1st\u00f3l az utols\u00f3 harap\u00e1sig z\u00f6kken\u0151mentes \u00e9lm\u00e9nyt ny\u00fajt.<br \/>\n<strong>C t\u00edpus\u00fa interf\u00e9sz k\u00e9nyelme<\/strong>: Egy adatk\u00e1bel csatlakoztathatja a telefonj\u00e1t \u00e9s a vape-t.<\/p>\n<h2 data-v-md-heading=\"why-collaborate-with-agoravape\" data-v-md-line=\"46\">Mi\u00e9rt \u00e9rdemes az AgoraVape-pel egy\u00fcttm\u0171k\u00f6dni?<\/h2>\n<p data-v-md-line=\"47\">Csak 100% eredeti term\u00e9keket forgalmazunk, hamis\u00edtott term\u00e9kek n\u00e9lk\u00fcl. A kereskedelmi v\u00e1s\u00e1rl\u00f3k sz\u00e1m\u00e1ra kedvezm\u00e9nyes nagykereskedelmi \u00e1rakat, megb\u00edzhat\u00f3 t\u00e1mogat\u00e1st \u00e9s gyors DDP sz\u00e1ll\u00edt\u00e1si szolg\u00e1ltat\u00e1sokat k\u00edn\u00e1lunk Eur\u00f3pa-szerte. Biztons\u00e1gos fizet\u00e9si m\u00f3dokat \u00e9s szigor\u00fa korellen\u0151rz\u00e9st biztos\u00edtunk, \u00edgy nyugodt sz\u00edvvel v\u00e1s\u00e1rolhat. Seg\u00edts\u00e9gre van sz\u00fcks\u00e9ge a hib\u00e1s term\u00e9kek visszak\u00fcld\u00e9s\u00e9vel vagy cser\u00e9j\u00e9vel kapcsolatban? Csapatunk gyorsan kiv\u00e1logatja az \u00d6n sz\u00e1m\u00e1ra.<\/p>\n<p data-v-md-line=\"49\">Szeretn\u00e9 megv\u00e1s\u00e1rolni a Grativape Boom 9000 eldobhat\u00f3 p\u00e1rologtat\u00f3t? Vegye fel vel\u00fcnk a kapcsolatot, \u00e9s mi olyan \u00edzt hozunk l\u00e9tre, amely miatt \u00fcgyfelei robban\u00e1sszer\u0171en visszat\u00e9rnek majd.<\/p>","protected":false},"excerpt":{"rendered":"<p>&nbsp;<\/p>\n<p><script src=\"chrome-extension:\/\/fpelahbljekknahkcaegamhcndkfpfnc\/iFrame.js\" type=\"text\/javascript\"><\/script><\/p>\n<p><script src=\"chrome-extension:\/\/fpelahbljekknahkcaegamhcndkfpfnc\/iFrame.js\" type=\"text\/javascript\"><\/script><\/p>\n<p><script src=\"chrome-extension:\/\/fpelahbljekknahkcaegamhcndkfpfnc\/iFrame.js\" type=\"text\/javascript\"><\/script><\/p>\n<p><script src=\"chrome-extension:\/\/fpelahbljekknahkcaegamhcndkfpfnc\/iFrame.js\" type=\"text\/javascript\"><\/script><\/p>\n<p><script src=\"chrome-extension:\/\/fpelahbljekknahkcaegamhcndkfpfnc\/iFrame.js\" type=\"text\/javascript\"><\/script><\/p>\n<p><script src=\"chrome-extension:\/\/fpelahbljekknahkcaegamhcndkfpfnc\/iFrame.js\" type=\"text\/javascript\"><\/script><\/p>\n<p><script src=\"chrome-extension:\/\/fpelahbljekknahkcaegamhcndkfpfnc\/iFrame.js\" type=\"text\/javascript\"><\/script><\/p>","protected":false},"featured_media":15041,"comment_status":"open","ping_status":"closed","template":"","meta":[],"product_brand":[217],"product_cat":[124,187,185,189,176,174,144,175,191,178,173,186,180,190],"product_tag":[],"class_list":{"0":"post-15012","1":"product","2":"type-product","3":"status-publish","4":"has-post-thumbnail","6":"product_brand-grativape","7":"product_cat-vape-by-brand","8":"product_cat-0mg-nicotine-free-vapes","9":"product_cat-10000-puffs-high-capacity","10":"product_cat-20mg-standard-nicotine-vapes","11":"product_cat-beverage","12":"product_cat-fruit-flavors","13":"product_cat-grativape","14":"product_cat-icy-mint","15":"product_cat-rechargeable-disposables","16":"product_cat-tobacco","17":"product_cat-vape-by-flavor-profile","18":"product_cat-vape-by-nicotine-strength","19":"product_cat-vape-by-puff-count","20":"product_cat-vape-by-feature-or-type","22":"first","23":"onbackorder","24":"shipping-taxable","25":"purchasable","26":"product-type-variable","27":"has-default-attributes"},"tiered_pricing_type":"percentage","tiered_pricing_fixed_rules":[],"tiered_pricing_product_settings":{"layout":"default","base_unit_name":{"singular":null,"plural":null},"default_variation":null},"tiered_pricing_minimum_quantity":10,"tiered_pricing_roles_data":[],"tiered_pricing_percentage_rules":{"200":"44","500":"47","1000":"49"},"tiered_pricing_maximum_quantity":null,"tiered_pricing_quantity_step":"10","_links":{"self":[{"href":"https:\/\/agoravape.com\/hu\/wp-json\/wp\/v2\/product\/15012","targetHints":{"allow":["GET"]}}],"collection":[{"href":"https:\/\/agoravape.com\/hu\/wp-json\/wp\/v2\/product"}],"about":[{"href":"https:\/\/agoravape.com\/hu\/wp-json\/wp\/v2\/types\/product"}],"replies":[{"embeddable":true,"href":"https:\/\/agoravape.com\/hu\/wp-json\/wp\/v2\/comments?post=15012"}],"version-history":[{"count":0,"href":"https:\/\/agoravape.com\/hu\/wp-json\/wp\/v2\/product\/15012\/revisions"}],"wp:featuredmedia":[{"embeddable":true,"href":"https:\/\/agoravape.com\/hu\/wp-json\/wp\/v2\/media\/15041"}],"wp:attachment":[{"href":"https:\/\/agoravape.com\/hu\/wp-json\/wp\/v2\/media?parent=15012"}],"wp:term":[{"taxonomy":"product_brand","embeddable":true,"href":"https:\/\/agoravape.com\/hu\/wp-json\/wp\/v2\/product_brand?post=15012"},{"taxonomy":"product_cat","embeddable":true,"href":"https:\/\/agoravape.com\/hu\/wp-json\/wp\/v2\/product_cat?post=15012"},{"taxonomy":"product_tag","embeddable":true,"href":"https:\/\/agoravape.com\/hu\/wp-json\/wp\/v2\/product_tag?post=15012"}],"curies":[{"name":"wp","href":"https:\/\/api.w.org\/{rel}","templated":true}]}}