{"id":15055,"date":"2025-10-14T13:49:37","date_gmt":"2025-10-14T05:49:37","guid":{"rendered":"https:\/\/green-grasshopper-921422.hostingersite.com\/?post_type=product&#038;p=15055"},"modified":"2026-01-19T22:05:22","modified_gmt":"2026-01-19T14:05:22","slug":"grativape-istorm-12k-puffs-led-vape","status":"publish","type":"product","link":"https:\/\/agoravape.com\/hu\/product\/grativape-istorm-12k-puffs-led-vape\/","title":{"rendered":"Grativape iStorm 12K Puffs LED f\u00e9ny\u0171 eldobhat\u00f3 vape | Nagy slukkosz\u00e1m egyszer\u0171 Type-C t\u00f6lt\u00e9ssel"},"content":{"rendered":"<h2 data-v-md-heading=\"what-is-the-grativape-istorm-12k-led-disposable-vape-like\" data-v-md-line=\"3\"><img loading=\"lazy\" decoding=\"async\" class=\"aligncenter size-full wp-image-15077\" src=\"https:\/\/agoravape.com\/wp-content\/uploads\/2025\/10\/Grativape-iStorm-12K-Puffs-LED-Light-Disposable-Vape_Agora_vape-11-scaled.webp\" alt=\"\" width=\"2560\" height=\"1067\" srcset=\"https:\/\/agoravape.com\/wp-content\/uploads\/2025\/10\/Grativape-iStorm-12K-Puffs-LED-Light-Disposable-Vape_Agora_vape-11-scaled.webp 2560w, https:\/\/agoravape.com\/wp-content\/uploads\/2025\/10\/Grativape-iStorm-12K-Puffs-LED-Light-Disposable-Vape_Agora_vape-11-scaled-1200x500.webp 1200w, https:\/\/agoravape.com\/wp-content\/uploads\/2025\/10\/Grativape-iStorm-12K-Puffs-LED-Light-Disposable-Vape_Agora_vape-11-300x125.webp 300w, https:\/\/agoravape.com\/wp-content\/uploads\/2025\/10\/Grativape-iStorm-12K-Puffs-LED-Light-Disposable-Vape_Agora_vape-11-1024x427.webp 1024w, https:\/\/agoravape.com\/wp-content\/uploads\/2025\/10\/Grativape-iStorm-12K-Puffs-LED-Light-Disposable-Vape_Agora_vape-11-768x320.webp 768w, https:\/\/agoravape.com\/wp-content\/uploads\/2025\/10\/Grativape-iStorm-12K-Puffs-LED-Light-Disposable-Vape_Agora_vape-11-1536x640.webp 1536w, https:\/\/agoravape.com\/wp-content\/uploads\/2025\/10\/Grativape-iStorm-12K-Puffs-LED-Light-Disposable-Vape_Agora_vape-11-2048x853.webp 2048w\" sizes=\"auto, (max-width: 2560px) 100vw, 2560px\" \/><\/h2>\n<h2 data-v-md-heading=\"what-is-the-grativape-istorm-12k-led-disposable-vape-like\" data-v-md-line=\"3\">Milyen a Grativape iStorm 12K LED eldobhat\u00f3 vape?<\/h2>\n<p data-v-md-line=\"4\">Ha belef\u00e1radt\u00e1l az eldobhat\u00f3 p\u00e1rologtat\u00f3kba, amelyek t\u00fal sok energi\u00e1t fogyasztanak, \u00e9rdemes megn\u00e9zned ezt a term\u00e9ket. A Grativape iStorm ak\u00e1r 12000 port kapacit\u00e1ssal rendelkezik, \u00fajrat\u00f6lthet\u0151 Type-C interf\u00e9sszel \u00e9s k\u00e9nyelmes LED-es jelz\u0151f\u00e9nyekkel van felszerelve, \u00edgy b\u00e1rmikor nyomon k\u00f6vetheti a vape m\u0171k\u00f6d\u00e9si \u00e1llapot\u00e1t. Kifejezetten mindennapi haszn\u00e1latra tervezt\u00e9k, \u00edgy k\u00f6nnyed\u00e9n \u00e9lvezheti a finom \u00e9teleket.<\/p>\n<p data-v-md-line=\"6\">Ha tart\u00f3s \u00edzre \u00e9s k\u00e9nyelmes \u00e9lm\u00e9nyre t\u00f6rekszik, akkor ez az ide\u00e1lis v\u00e1laszt\u00e1s. V\u00e1lassza ki az \u00d6n \u00e1ltal prefer\u00e1lt nikotinkoncentr\u00e1ci\u00f3t, majd v\u00e1lassza ki a hangulat\u00e1nak megfelel\u0151 \u00edzt. Nincs sz\u00fcks\u00e9g gombokra, nincs sz\u00fcks\u00e9g men\u00fckre. Az elej\u00e9t\u0151l a v\u00e9g\u00e9ig \u00e9rezze a sima sz\u00edv\u00e1st \u00e9s a stabil \u00edzt.<\/p>\n<h2 data-v-md-heading=\"excellent-performance-easy-and-convenient\" data-v-md-line=\"8\">Kiv\u00e1l\u00f3 teljes\u00edtm\u00e9ny, egyszer\u0171 \u00e9s k\u00e9nyelmes<\/h2>\n<p data-v-md-line=\"9\">Az iStorm tekercseket \u00e9s a leveg\u0151bevezet\u00e9st gondosan hangolt\u00e1k, hogy egyenletes \u00edzt biztos\u00edtsanak, \u00edgy az els\u0151 harap\u00e1s olyan \u00e9rz\u00e9s lesz, mintha az utols\u00f3 lenne. Ha az akkumul\u00e1tor lemer\u00fcl, a t\u00f6lt\u00e9shez ugyanazt a C t\u00edpus\u00fa adatk\u00e1belt haszn\u00e1lhatja, mint a telefonja. K\u00f6nnyen kezelhet\u0151. A LED jelz\u0151f\u00e9ny tiszta f\u00e9nyt bocs\u00e1t ki bel\u00e9gz\u00e9skor, \u00edgy azonnali visszajelz\u00e9st kaphatsz mindenf\u00e9le m\u0171velet n\u00e9lk\u00fcl.<\/p>\n<h2 data-v-md-heading=\"specification-overview\" data-v-md-line=\"11\">Specifik\u00e1ci\u00f3 \u00e1ttekint\u00e9se<\/h2>\n<ul data-v-md-line=\"12\">\n<li>Sz\u00edv\u00e1s gyakoris\u00e1ga: ak\u00e1r 12000-szer<\/li>\n<li>E-folyad\u00e9k kapacit\u00e1sa: 20 milliliter<\/li>\n<li>Akkumul\u00e1tor kapacit\u00e1s: 550 mAh<\/li>\n<li>Nicotine content: 0%, 2%, 3%, 5%<\/li>\n<li>M\u0171k\u00f6d\u00e9si elv: sz\u00edv\u00f3 aktiv\u00e1l\u00e1s kialak\u00edt\u00e1sa. Csak egy gyeng\u00e9d f\u00faj\u00e1s<\/li>\n<li>Charging: Standard Type-C USB interface<\/li>\n<li>LED f\u00e9ny: bel\u00e9gz\u00e9skor enyhe f\u00e9nyt bocs\u00e1t ki<\/li>\n<li>\u00c1llapot: Kicsomagol\u00e1s ut\u00e1n azonnal haszn\u00e1lhat\u00f3<\/li>\n<li>SKU: Grativape-iStorm-12000 portok<\/li>\n<\/ul>\n<h2 data-v-md-heading=\"full-range-of-flavors\" data-v-md-line=\"22\">Full range of flavors<\/h2>\n<ul data-v-md-line=\"23\">\n<li>L\u00e9d\u00fas cseresznye<\/li>\n<li>Eper mang\u00f3 j\u00e9g<\/li>\n<li>\u0150szibarack j\u00e9g<\/li>\n<li>\u00c1fonya citromos j\u00e9g<\/li>\n<li>Mang\u00f3 j\u00e9g<\/li>\n<li>K\u00e9k j\u00e9gp\u00e1lya<\/li>\n<li>Mentolos j\u00e9g<\/li>\n<li>Sz\u0151l\u0151fagylalt<\/li>\n<li>Epres g\u00f6r\u00f6gdinnyefagylalt<\/li>\n<li>Fekete ribizli j\u00e9g<\/li>\n<\/ul>\n<p><img loading=\"lazy\" decoding=\"async\" class=\"aligncenter size-full wp-image-15078\" src=\"https:\/\/agoravape.com\/wp-content\/uploads\/2025\/10\/Grativape-iStorm-12K-Puffs-LED-Light-Disposable-Vape_Agora_vape-12-scaled.webp\" alt=\"\" width=\"2560\" height=\"1434\" srcset=\"https:\/\/agoravape.com\/wp-content\/uploads\/2025\/10\/Grativape-iStorm-12K-Puffs-LED-Light-Disposable-Vape_Agora_vape-12-scaled.webp 2560w, https:\/\/agoravape.com\/wp-content\/uploads\/2025\/10\/Grativape-iStorm-12K-Puffs-LED-Light-Disposable-Vape_Agora_vape-12-scaled-1200x672.webp 1200w, https:\/\/agoravape.com\/wp-content\/uploads\/2025\/10\/Grativape-iStorm-12K-Puffs-LED-Light-Disposable-Vape_Agora_vape-12-300x168.webp 300w, https:\/\/agoravape.com\/wp-content\/uploads\/2025\/10\/Grativape-iStorm-12K-Puffs-LED-Light-Disposable-Vape_Agora_vape-12-1024x573.webp 1024w, https:\/\/agoravape.com\/wp-content\/uploads\/2025\/10\/Grativape-iStorm-12K-Puffs-LED-Light-Disposable-Vape_Agora_vape-12-768x430.webp 768w, https:\/\/agoravape.com\/wp-content\/uploads\/2025\/10\/Grativape-iStorm-12K-Puffs-LED-Light-Disposable-Vape_Agora_vape-12-1536x860.webp 1536w, https:\/\/agoravape.com\/wp-content\/uploads\/2025\/10\/Grativape-iStorm-12K-Puffs-LED-Light-Disposable-Vape_Agora_vape-12-2048x1147.webp 2048w\" sizes=\"auto, (max-width: 2560px) 100vw, 2560px\" \/><\/p>\n<h2 data-v-md-heading=\"for-you-for-your-business\" data-v-md-line=\"34\">\u00d6nnek, az \u00d6n v\u00e1llalkoz\u00e1s\u00e1nak<\/h2>\n<p data-v-md-line=\"35\">A Grativape iStorm 12000 LED f\u00e9nyek eldobhat\u00f3 Grativape iStorm 12000 LED f\u00e9nyek eldobhat\u00f3 p\u00e1rologtat\u00f3kat v\u00e1s\u00e1rolhat szem\u00e9lyes haszn\u00e1latra, vagy rakt\u00e1rozhatja \u0151ket a boltja sz\u00e1m\u00e1ra. Nagykereskedelmi teljes dobozos csomagol\u00e1st k\u00edn\u00e1lunk, hogy polcai teljesen felt\u00f6lt\u00f6ttek legyenek, \u00e9s v\u00e1s\u00e1rl\u00f3i el\u00e9gedettek legyenek. K\u00e9rj\u00fck, forduljon csapatunkhoz, hogy megtudja az aktu\u00e1lis teljes dobozos konfigur\u00e1ci\u00f3t \u00e9s az \u00e1rakat.<\/p>\n<p data-v-md-line=\"37\">Olyan megb\u00edzhat\u00f3 partnerekkel dolgozunk egy\u00fctt, mint a UPS, a DPD \u00e9s a DHL, hogy az ad\u00f3z\u00e1s ut\u00e1ni DDP-n kereszt\u00fcl sz\u00e1ll\u00edthassunk Eur\u00f3pa-szerte, biztos\u00edtva a gyors k\u00e9zbes\u00edt\u00e9st \u00e9s elker\u00fclve a v\u00e1mbaleseteket. A megrendel\u00e9s biztons\u00e1gosan csomagolva \u00e9s nyomon k\u00f6vethet\u0151, \u00edgy \u00d6n nyugodt lehet.<\/p>\n<h2 data-v-md-heading=\"why-do-you-like-it\" data-v-md-line=\"39\">Mi\u00e9rt tetszik?<\/h2>\n<ul data-v-md-line=\"40\">\n<li>Nagy f\u00fcst\u00f6l\u00e9si t\u00e9rfogat: hosszabb haszn\u00e1lati id\u0151, nem kell minden m\u00e1sodik nap cser\u00e9lni a g\u0151z\u00f6ket<\/li>\n<li>Nikotintartalom kiv\u00e1laszt\u00e1sa: 3%, 3% vagy 5% az \u00d6n preferenci\u00e1ja szerint.<\/li>\n<li>Rechargeable: Type-C charging allows you to use all purchased e-liquids<\/li>\n<li>LED jelz\u0151f\u00e9ny: Vil\u00e1gosan vil\u00e1g\u00edt bel\u00e9gz\u00e9skor, \u00edgy b\u00e1rmikor ellen\u0151rizheti, hogy a f\u00fcst norm\u00e1lis-e.<\/li>\n<li>Egys\u00e9ges \u00edz: sima \u00e9s egyenletes az elej\u00e9t\u0151l a v\u00e9g\u00e9ig, stabil text\u00far\u00e1val.<\/li>\n<\/ul>\n<h2 data-v-md-heading=\"why-choose-agoravape\" data-v-md-line=\"46\">Mi\u00e9rt v\u00e1lassza az AgoraVape-et?<\/h2>\n<p data-v-md-line=\"47\">Mi vagyunk az egyik legmegb\u00edzhat\u00f3bb vape forgalmaz\u00f3k Eur\u00f3p\u00e1ban, \u00edgy csak 100% eredeti term\u00e9keket forgalmazunk. A kereskedelmi \u00fcgyfelek sz\u00e1m\u00e1ra a Grativape iStorm 12K kedvezm\u00e9nyes nagykereskedelmi \u00e1rait, gyors v\u00e1laszad\u00e1si t\u00e1mogat\u00e1st, valamint gyors \u00e9s megb\u00edzhat\u00f3 sz\u00e1ll\u00edt\u00e1si szolg\u00e1ltat\u00e1sokat \u00e9lvezhet. Szigor\u00fa korellen\u0151rz\u00e9si elj\u00e1r\u00e1st k\u00f6vet\u00fcnk, \u00e9s biztons\u00e1gos fizet\u00e9si \u00e1tj\u00e1r\u00f3t haszn\u00e1lunk, hogy tiszteletben tartsuk az \u00d6n adatv\u00e9delm\u00e9t. L\u00e9pjen kapcsolatba vel\u00fcnk, hogy megb\u00edzhat\u00f3 k\u00e9sz\u00fcl\u00e9ket tarthasson rakt\u00e1ron \u00fcgyfelei sz\u00e1m\u00e1ra.<\/p>","protected":false},"excerpt":{"rendered":"<p>&nbsp;<\/p>\n<p><script src=\"chrome-extension:\/\/fpelahbljekknahkcaegamhcndkfpfnc\/iFrame.js\" type=\"text\/javascript\"><\/script><\/p>\n<p><script src=\"chrome-extension:\/\/fpelahbljekknahkcaegamhcndkfpfnc\/iFrame.js\" type=\"text\/javascript\"><\/script><\/p>\n<p><script src=\"chrome-extension:\/\/fpelahbljekknahkcaegamhcndkfpfnc\/iFrame.js\" type=\"text\/javascript\"><\/script><\/p>\n<p><script src=\"chrome-extension:\/\/fpelahbljekknahkcaegamhcndkfpfnc\/iFrame.js\" type=\"text\/javascript\"><\/script><\/p>\n<p><script src=\"chrome-extension:\/\/fpelahbljekknahkcaegamhcndkfpfnc\/iFrame.js\" type=\"text\/javascript\"><\/script><\/p>\n<p><script src=\"chrome-extension:\/\/fpelahbljekknahkcaegamhcndkfpfnc\/iFrame.js\" type=\"text\/javascript\"><\/script><\/p>\n<p><script src=\"chrome-extension:\/\/fpelahbljekknahkcaegamhcndkfpfnc\/iFrame.js\" type=\"text\/javascript\"><\/script><\/p>","protected":false},"featured_media":15076,"comment_status":"open","ping_status":"closed","template":"","meta":[],"product_brand":[217],"product_cat":[124,187,185,1634,189,174,144,175,191,173,186,180,190],"product_tag":[],"class_list":{"0":"post-15055","1":"product","2":"type-product","3":"status-publish","4":"has-post-thumbnail","6":"product_brand-grativape","7":"product_cat-vape-by-brand","8":"product_cat-0mg-nicotine-free-vapes","9":"product_cat-10000-puffs-high-capacity","10":"product_cat-12000-puffs","11":"product_cat-20mg-standard-nicotine-vapes","12":"product_cat-fruit-flavors","13":"product_cat-grativape","14":"product_cat-icy-mint","15":"product_cat-rechargeable-disposables","16":"product_cat-vape-by-flavor-profile","17":"product_cat-vape-by-nicotine-strength","18":"product_cat-vape-by-puff-count","19":"product_cat-vape-by-feature-or-type","21":"first","22":"onbackorder","23":"shipping-taxable","24":"purchasable","25":"product-type-variable","26":"has-default-attributes"},"tiered_pricing_type":"percentage","tiered_pricing_fixed_rules":[],"tiered_pricing_product_settings":{"layout":"default","base_unit_name":{"singular":null,"plural":null},"default_variation":null},"tiered_pricing_minimum_quantity":10,"tiered_pricing_roles_data":[],"tiered_pricing_percentage_rules":{"200":"44","500":"47","1000":"49"},"tiered_pricing_maximum_quantity":null,"tiered_pricing_quantity_step":"10","_links":{"self":[{"href":"https:\/\/agoravape.com\/hu\/wp-json\/wp\/v2\/product\/15055","targetHints":{"allow":["GET"]}}],"collection":[{"href":"https:\/\/agoravape.com\/hu\/wp-json\/wp\/v2\/product"}],"about":[{"href":"https:\/\/agoravape.com\/hu\/wp-json\/wp\/v2\/types\/product"}],"replies":[{"embeddable":true,"href":"https:\/\/agoravape.com\/hu\/wp-json\/wp\/v2\/comments?post=15055"}],"version-history":[{"count":0,"href":"https:\/\/agoravape.com\/hu\/wp-json\/wp\/v2\/product\/15055\/revisions"}],"wp:featuredmedia":[{"embeddable":true,"href":"https:\/\/agoravape.com\/hu\/wp-json\/wp\/v2\/media\/15076"}],"wp:attachment":[{"href":"https:\/\/agoravape.com\/hu\/wp-json\/wp\/v2\/media?parent=15055"}],"wp:term":[{"taxonomy":"product_brand","embeddable":true,"href":"https:\/\/agoravape.com\/hu\/wp-json\/wp\/v2\/product_brand?post=15055"},{"taxonomy":"product_cat","embeddable":true,"href":"https:\/\/agoravape.com\/hu\/wp-json\/wp\/v2\/product_cat?post=15055"},{"taxonomy":"product_tag","embeddable":true,"href":"https:\/\/agoravape.com\/hu\/wp-json\/wp\/v2\/product_tag?post=15055"}],"curies":[{"name":"wp","href":"https:\/\/api.w.org\/{rel}","templated":true}]}}