{"id":15081,"date":"2025-10-14T13:59:18","date_gmt":"2025-10-14T05:59:18","guid":{"rendered":"https:\/\/green-grasshopper-921422.hostingersite.com\/?post_type=product&#038;p=15081"},"modified":"2026-01-19T22:05:16","modified_gmt":"2026-01-19T14:05:16","slug":"grativape-gbot-10000-puffs-dobozos-vape","status":"publish","type":"product","link":"https:\/\/agoravape.com\/hu\/product\/grativape-gbot-10000-puffs-box-vape\/","title":{"rendered":"Grativape Gbot 10000 F\u00faj\u00e1sos Kompakt Dobozos Vape | Nagy F\u00faj\u00e1sok Sz\u00e1ma Zsebbar\u00e1t Form\u00e1ban"},"content":{"rendered":"<h2 data-v-md-heading=\"what-exactly-is-the-grativape-gbot-10000-pack-compact-vape\" data-v-md-line=\"3\">Pontosan mi is a Grativape Gbot 10000 pack kompakt vape?<\/h2>\n<p data-v-md-line=\"4\">Ha eleged van abb\u00f3l, hogy n\u00e9h\u00e1ny naponta cser\u00e9lgeted az eldobhat\u00f3 e-liquideket, \u00e9rdemes megn\u00e9zned a Gbotot. Ez egy kompakt, dobozos vape, ak\u00e1r 10000 slukk kapacit\u00e1ssal, \u00edgy megfelel\u0151 akkumul\u00e1tor-\u00fczemid\u0151t \u00e9rhetsz el an\u00e9lk\u00fcl, hogy neh\u00e9zkes eszk\u00f6z\u00f6ket cipeln\u00e9l.<\/p>\n<p data-v-md-line=\"6\">B\u00e1rkinek megfelel\u0151, aki egy egyszer\u0171, k\u00f6nnyen haszn\u00e1lhat\u00f3, finom \u00e9s azonnal haszn\u00e1lhat\u00f3 vape-t szeretne. Nincs sz\u00fcks\u00e9g gombokra, semmi er\u0151fesz\u00edt\u00e9sre, csak nyissa ki a dobozt \u00e9s m\u00e1r haszn\u00e1lhatja is.<\/p>\n<h2 data-v-md-heading=\"excellent-performance-easy-and-convenient\" data-v-md-line=\"8\">Kiv\u00e1l\u00f3 teljes\u00edtm\u00e9ny, egyszer\u0171 \u00e9s k\u00e9nyelmes<\/h2>\n<p data-v-md-line=\"9\">A Gbotot gondosan hangolt\u00e1k az egys\u00e9ges \u00edz\u00e9lm\u00e9ny \u00e9rdek\u00e9ben. A dobozos kialak\u00edt\u00e1s massz\u00edv \u00e9rzetet kelt, m\u00e9gis k\u00f6nnyen elf\u00e9r egy zsebben. Be\u00e9p\u00edtett 650 mAh-s akkumul\u00e1torral rendelkezik, amely lehet\u0151v\u00e9 teszi a megfelel\u0151 teljes\u00edtm\u00e9ny fenntart\u00e1s\u00e1t eg\u00e9sz nap. Ha egy olyan term\u00e9ket keresel, amely egyszer\u0171en \u00e9s k\u00f6nnyen haszn\u00e1lhat\u00f3, mik\u00f6zben tiszta \u00e9s kiel\u00e9g\u00edt\u0151 sz\u00edv\u00e1s\u00e9lm\u00e9nyt ny\u00fajt, akkor ez a term\u00e9k a legjobb v\u00e1laszt\u00e1s.<\/p>\n<h2 data-v-md-heading=\"specification-introduction\" data-v-md-line=\"11\">Specifik\u00e1ci\u00f3 Bevezet\u00e9s<\/h2>\n<ul data-v-md-line=\"12\">\n<li>Sz\u00edv\u00e1s gyakoris\u00e1ga: ak\u00e1r 10000-szer<\/li>\n<li>Nikotintartalom: 5%<\/li>\n<li>M\u0171k\u00f6d\u00e9si elv: Bel\u00e9gz\u00e9ssel aktiv\u00e1l\u00f3dik<\/li>\n<li>T\u00f6lt\u00e9s: Be\u00e9p\u00edtett 650mAh akkumul\u00e1tor (csatlakoz\u00f3 t\u00edpusa nincs megadva)<\/li>\n<li>E-folyad\u00e9k kapacit\u00e1sa: 14 milliliter<\/li>\n<li>M\u00e9ret: 50 \u00d7 84 \u00d7 25 millim\u00e9ter<\/li>\n<li>\u00c1llapot: Kicsomagol\u00e1s ut\u00e1n haszn\u00e1latra k\u00e9sz<\/li>\n<\/ul>\n<h2 data-v-md-heading=\"full-range-of-flavors\" data-v-md-line=\"20\">Full range of flavors<\/h2>\n<ul data-v-md-line=\"21\">\n<li>\u00c1fony\u00e1s turmix<\/li>\n<li>K\u00e9k j\u00e9ghomok<\/li>\n<li>Sz\u0151l\u0151turmix<\/li>\n<li>Menta turmix<\/li>\n<li>Epres-kiwis turmix<\/li>\n<li>M\u00e1lna g\u00f6r\u00f6gdinnye turmix<\/li>\n<li>R\u00f3zsasz\u00edn citromos v\u00edz cseresznye sz\u00f3da<\/li>\n<li>Illatos eper \u00e9s k\u00f3kuszliget, jeges homok<\/li>\n<li>Epres-g\u00f6r\u00f6gdinnye r\u00e1g\u00f3gumi turmix<\/li>\n<li>G\u00f6r\u00f6gdinnye turmix<\/li>\n<\/ul>\n<h2 data-v-md-heading=\"to-create-for-you-and-your-business\" data-v-md-line=\"32\">Alkotni \u00d6nnek \u00e9s v\u00e1llalkoz\u00e1s\u00e1nak<\/h2>\n<p data-v-md-line=\"33\">Ha szeretn\u00e9d kipr\u00f3b\u00e1lni, v\u00e1s\u00e1rolhatsz egyet, vagy felt\u00f6ltheted a k\u00e9szleteidet az \u00fczletedbe. A nagykereskedelmi kartondoboz 200 darabot tartalmaz, \u00edgy k\u00e9nyelmesen megtervezheted a polcok m\u00e9ret\u00e9t. Minden doboz s\u00falya k\u00f6r\u00fclbel\u00fcl 19 kilogramm, \u00e9s a logisztika el\u0151re jelezhet\u0151.<\/p>\n<p data-v-md-line=\"35\">Megb\u00edzhat\u00f3 partnerekkel, p\u00e9ld\u00e1ul a UPS-szel, a DPD-vel \u00e9s a DHL-lel m\u0171k\u00f6d\u00fcnk egy\u00fctt, hogy v\u00e1mfizet\u00e9ssel (DDP) sz\u00e1ll\u00edthassunk. Ez azt jelenti, hogy nem kell v\u00e1mot fizetnie, \u00e9s nem fog balesetbe \u00fctk\u00f6zni a v\u00e1mn\u00e1l.<\/p>\n<p data-v-md-line=\"37\">Figyelem: Rendel\u00e9s el\u0151tt k\u00e9rj\u00fck, tekintse meg az orsz\u00e1g\u00e1ban\/r\u00e9gi\u00f3j\u00e1ban \u00e9rv\u00e9nyes nikotinkoncentr\u00e1ci\u00f3ra vonatkoz\u00f3 szab\u00e1lyoz\u00e1sokat.<\/p>\n<h2 data-v-md-heading=\"why-do-you-like-it\" data-v-md-line=\"39\">Mi\u00e9rt tetszik?<\/h2>\n<ul data-v-md-line=\"40\">\n<li>Nagy sz\u00edv\u00f3teljes\u00edtm\u00e9ny: ak\u00e1r 10 000 sz\u00edv\u00e1s, ami kevesebb csereid\u0151t \u00e9s nagyobb k\u00f6lts\u00e9ghat\u00e9konys\u00e1got jelent.<\/li>\n<li>Magas nikotinkoncentr\u00e1ci\u00f3j\u00fa v\u00e1laszt\u00e9k: az 5%-os koncentr\u00e1ci\u00f3 az er\u0151sebb \u00edzeket kedvel\u0151 v\u00e1s\u00e1rl\u00f3kat c\u00e9lozza meg.<\/li>\n<li>Hordozhat\u00f3 megjelen\u00e9s: Kompakt dobozkialak\u00edt\u00e1s, k\u00f6nnyen illeszthet\u0151 kab\u00e1thoz vagy farmerhez.<\/li>\n<li>Haszn\u00e1latra k\u00e9sz: Nem kell gombokat nyomogatni vagy be\u00e1ll\u00edt\u00e1sokat m\u00f3dos\u00edtani.<\/li>\n<\/ul>\n<h2 data-v-md-heading=\"why-choose-to-collaborate-with-agoravape\" data-v-md-line=\"45\">Mi\u00e9rt \u00e9rdemes az AgoraVape-pel egy\u00fcttm\u0171k\u00f6dni?<\/h2>\n<p data-v-md-line=\"46\">Kiz\u00e1r\u00f3lag 100%-ban eredeti term\u00e9keket k\u00edn\u00e1lunk, megb\u00edzhat\u00f3 szolg\u00e1ltat\u00e1ssal t\u00e1mogatva. Kereskedelmi v\u00e1s\u00e1rl\u00f3ink \u200b\u200bkedvezm\u00e9nyes nagykereskedelmi \u00e1rakat, megb\u00edzhat\u00f3 \u00fcgyf\u00e9lszolg\u00e1latot \u00e9s gyors DDP kisz\u00e1ll\u00edt\u00e1si szolg\u00e1ltat\u00e1st \u00e9lvezhetnek a Grativape Gbot 10000 kompakt kiszerel\u00e9s\u0171 vape-ekhez. Szeretne egy k\u00f6nnyen eladhat\u00f3 \u00e9s a k\u00f6z\u00f6ns\u00e9g \u00e1ltal is kedvelt term\u00e9ket? K\u00e9rj\u00fck, vegye fel vel\u00fcnk a kapcsolatot, \u00f6r\u00f6mmel \u00e1llunk rendelkez\u00e9s\u00e9re.<\/p>","protected":false},"excerpt":{"rendered":"<p>&nbsp;<\/p>\n<p><script src=\"chrome-extension:\/\/fpelahbljekknahkcaegamhcndkfpfnc\/iFrame.js\" type=\"text\/javascript\"><\/script><\/p>\n<p><script src=\"chrome-extension:\/\/fpelahbljekknahkcaegamhcndkfpfnc\/iFrame.js\" type=\"text\/javascript\"><\/script><\/p>\n<p><script src=\"chrome-extension:\/\/fpelahbljekknahkcaegamhcndkfpfnc\/iFrame.js\" type=\"text\/javascript\"><\/script><\/p>\n<p><script src=\"chrome-extension:\/\/fpelahbljekknahkcaegamhcndkfpfnc\/iFrame.js\" type=\"text\/javascript\"><\/script><\/p>\n<p><script src=\"chrome-extension:\/\/fpelahbljekknahkcaegamhcndkfpfnc\/iFrame.js\" type=\"text\/javascript\"><\/script><\/p>\n<p><script src=\"chrome-extension:\/\/fpelahbljekknahkcaegamhcndkfpfnc\/iFrame.js\" type=\"text\/javascript\"><\/script><\/p>\n<p><script src=\"chrome-extension:\/\/fpelahbljekknahkcaegamhcndkfpfnc\/iFrame.js\" type=\"text\/javascript\"><\/script><\/p>","protected":false},"featured_media":15101,"comment_status":"open","ping_status":"closed","template":"","meta":[],"product_brand":[217],"product_cat":[124,185,174,144,175,191,173,186,180,190],"product_tag":[],"class_list":{"0":"post-15081","1":"product","2":"type-product","3":"status-publish","4":"has-post-thumbnail","6":"product_brand-grativape","7":"product_cat-vape-by-brand","8":"product_cat-10000-puffs-high-capacity","9":"product_cat-fruit-flavors","10":"product_cat-grativape","11":"product_cat-icy-mint","12":"product_cat-rechargeable-disposables","13":"product_cat-vape-by-flavor-profile","14":"product_cat-vape-by-nicotine-strength","15":"product_cat-vape-by-puff-count","16":"product_cat-vape-by-feature-or-type","18":"first","19":"onbackorder","20":"shipping-taxable","21":"purchasable","22":"product-type-variable","23":"has-default-attributes"},"tiered_pricing_type":"percentage","tiered_pricing_fixed_rules":[],"tiered_pricing_product_settings":{"layout":"default","base_unit_name":{"singular":null,"plural":null},"default_variation":null},"tiered_pricing_minimum_quantity":10,"tiered_pricing_roles_data":[],"tiered_pricing_percentage_rules":{"200":"44","500":"47","1000":"49"},"tiered_pricing_maximum_quantity":null,"tiered_pricing_quantity_step":"10","_links":{"self":[{"href":"https:\/\/agoravape.com\/hu\/wp-json\/wp\/v2\/product\/15081","targetHints":{"allow":["GET"]}}],"collection":[{"href":"https:\/\/agoravape.com\/hu\/wp-json\/wp\/v2\/product"}],"about":[{"href":"https:\/\/agoravape.com\/hu\/wp-json\/wp\/v2\/types\/product"}],"replies":[{"embeddable":true,"href":"https:\/\/agoravape.com\/hu\/wp-json\/wp\/v2\/comments?post=15081"}],"version-history":[{"count":0,"href":"https:\/\/agoravape.com\/hu\/wp-json\/wp\/v2\/product\/15081\/revisions"}],"wp:featuredmedia":[{"embeddable":true,"href":"https:\/\/agoravape.com\/hu\/wp-json\/wp\/v2\/media\/15101"}],"wp:attachment":[{"href":"https:\/\/agoravape.com\/hu\/wp-json\/wp\/v2\/media?parent=15081"}],"wp:term":[{"taxonomy":"product_brand","embeddable":true,"href":"https:\/\/agoravape.com\/hu\/wp-json\/wp\/v2\/product_brand?post=15081"},{"taxonomy":"product_cat","embeddable":true,"href":"https:\/\/agoravape.com\/hu\/wp-json\/wp\/v2\/product_cat?post=15081"},{"taxonomy":"product_tag","embeddable":true,"href":"https:\/\/agoravape.com\/hu\/wp-json\/wp\/v2\/product_tag?post=15081"}],"curies":[{"name":"wp","href":"https:\/\/api.w.org\/{rel}","templated":true}]}}