{"id":15111,"date":"2025-10-14T14:06:08","date_gmt":"2025-10-14T06:06:08","guid":{"rendered":"https:\/\/green-grasshopper-921422.hostingersite.com\/?post_type=product&#038;p=15111"},"modified":"2026-01-19T22:05:11","modified_gmt":"2026-01-19T14:05:11","slug":"grativape-imagic-10k-puffs-futohomok-vape","status":"publish","type":"product","link":"https:\/\/agoravape.com\/hu\/product\/grativape-imagic-10k-puffs-quicksand-vape\/","title":{"rendered":"Grativape iMagic 10K Puffs Quicksand Design | \u00dajrat\u00f6lthet\u0151 k\u00e9nyelem \u00e1lland\u00f3 \u00edzzel"},"content":{"rendered":"<h2 data-v-md-heading=\"what-are-the-highlights-of-the-grativape-imagic-10k-quicksand-design-vape\" data-v-md-line=\"3\"><img loading=\"lazy\" decoding=\"async\" class=\"aligncenter size-full wp-image-15125\" src=\"https:\/\/agoravape.com\/wp-content\/uploads\/2025\/10\/Grativape-iMagic-10K-Puffs-Quicksand-Design-Vape_Agora_vape-11.webp\" alt=\"\" width=\"1920\" height=\"799\" srcset=\"https:\/\/agoravape.com\/wp-content\/uploads\/2025\/10\/Grativape-iMagic-10K-Puffs-Quicksand-Design-Vape_Agora_vape-11.webp 1920w, https:\/\/agoravape.com\/wp-content\/uploads\/2025\/10\/Grativape-iMagic-10K-Puffs-Quicksand-Design-Vape_Agora_vape-11-1200x499.webp 1200w, https:\/\/agoravape.com\/wp-content\/uploads\/2025\/10\/Grativape-iMagic-10K-Puffs-Quicksand-Design-Vape_Agora_vape-11-300x125.webp 300w, https:\/\/agoravape.com\/wp-content\/uploads\/2025\/10\/Grativape-iMagic-10K-Puffs-Quicksand-Design-Vape_Agora_vape-11-1024x426.webp 1024w, https:\/\/agoravape.com\/wp-content\/uploads\/2025\/10\/Grativape-iMagic-10K-Puffs-Quicksand-Design-Vape_Agora_vape-11-768x320.webp 768w, https:\/\/agoravape.com\/wp-content\/uploads\/2025\/10\/Grativape-iMagic-10K-Puffs-Quicksand-Design-Vape_Agora_vape-11-1536x639.webp 1536w\" sizes=\"auto, (max-width: 1920px) 100vw, 1920px\" \/><\/h2>\n<h2 data-v-md-heading=\"what-are-the-highlights-of-the-grativape-imagic-10k-quicksand-design-vape\" data-v-md-line=\"3\">Melyek a Grativape iMagic 10K fut\u00f3homok design vape legfontosabb jellemz\u0151i?<\/h2>\n<p data-v-md-line=\"4\">Ha m\u00e1r unja az eldobhat\u00f3 vapeket, amelyeket nem lehet n\u00e9h\u00e1ny nap alatt elhaszn\u00e1lni, az iMagic 10K az ide\u00e1lis v\u00e1laszt\u00e1s. Hosszan tart\u00f3 sz\u00edv\u00f3frekvenci\u00e1val \u00e9s felt\u0171n\u0151, \u00e1raml\u00f3 homok form\u00e1val rendelkezik, amely egyszerre figyelemfelkelt\u0151 \u00e9s divatos.<\/p>\n<p data-v-md-line=\"6\">Azok sz\u00e1m\u00e1ra, akik egyszer\u0171 \u00e9s megb\u00edzhat\u00f3 vape-\u00e9lm\u00e9nyre t\u00f6rekszenek, mindenk\u00e9ppen ide\u00e1lis v\u00e1laszt\u00e1s. Nincs sz\u00fcks\u00e9g bonyolult men\u00fckre, nem kell megtanulni a kanyarokat. Csak ki kell v\u00e1lasztani az \u00edzt, gyeng\u00e9den sz\u00edvni egy slukkot, \u00e9s \u00e9lvezni.<\/p>\n<h2 data-v-md-heading=\"excellent-performance-easy-and-convenient\" data-v-md-line=\"8\">Kiv\u00e1l\u00f3 teljes\u00edtm\u00e9ny, egyszer\u0171 \u00e9s k\u00e9nyelmes<\/h2>\n<p data-v-md-line=\"9\">Az iMagic magja egy 1,0 \u03a9-os h\u00e1l\u00f3s tekercs. Ez minden sz\u00edv\u00e1st sim\u00e1v\u00e1 \u00e9s egyenletess\u00e9 tesz, \u00edgy az els\u0151 harap\u00e1sod olyan selymesen sima text\u00far\u00e1j\u00fa lesz, mint a 100. harap\u00e1sod. Ha az akkumul\u00e1tor lemer\u00fcl, a C-t\u00edpus\u00fa k\u00e1belen kereszt\u00fcl t\u00f6ltheti fel, ami ugyanaz a k\u00e1bel lehet, mint amit a telefonj\u00e1n haszn\u00e1l. Egyszer\u0171.<\/p>\n<h2 data-v-md-heading=\"specification-introduction\" data-v-md-line=\"11\">Specifik\u00e1ci\u00f3 Bevezet\u00e9s<\/h2>\n<ul data-v-md-line=\"12\">\n<li>Sz\u00edv\u00e1s gyakoris\u00e1ga: ak\u00e1r 10000-szer<\/li>\n<li>Nikotin: 0%, 2%, 3%, 5% opcion\u00e1lis<\/li>\n<li>M\u0171k\u00f6d\u00e9si elv: Bel\u00e9gz\u00e9ssel aktiv\u00e1l\u00f3dik<\/li>\n<li>T\u00f6lt\u00e9s: C t\u00edpus\u00fa USB csatlakoz\u00f3<\/li>\n<li>Tekercs: 1,0 \u03a9 h\u00e1l\u00f3s tekercs<\/li>\n<li>E-folyad\u00e9k kapacit\u00e1sa: 18 milliliter<\/li>\n<li>\u00c1llapot: Kicsomagol\u00e1s ut\u00e1n haszn\u00e1latra k\u00e9sz<\/li>\n<\/ul>\n<h2 data-v-md-heading=\"full-range-of-flavors\" data-v-md-line=\"20\">Full range of flavors<\/h2>\n<ul data-v-md-line=\"21\">\n<li>\u00c1fonya \u00e9s m\u00e1lna \u00edz\u0171<\/li>\n<li>Sziv\u00e1rv\u00e1ny cukor j\u00e9gkocka<\/li>\n<li>Energiaital \u00edz<\/li>\n<li>R\u00f3zsasz\u00edn citromos v\u00edz \u00edz<\/li>\n<li>Szeder j\u00e9gkocka<\/li>\n<li>Eper \u00e9s mang\u00f3 \u00edz\u0171<\/li>\n<li>Savany\u00fa alma \u00edz\u0171<\/li>\n<li>\u00c1fonya j\u00e9gkocka<\/li>\n<li>Illatos j\u00e9gkock\u00e1k (g\u00f6r\u00f6gdinnye-eper j\u00e9gkocka)<\/li>\n<li>Eper j\u00e9gkocka<\/li>\n<\/ul>\n<h2 data-v-md-heading=\"for-you-for-your-business\" data-v-md-line=\"32\">\u00d6nnek, az \u00d6n v\u00e1llalkoz\u00e1s\u00e1nak<\/h2>\n<p data-v-md-line=\"33\">A Grativape iMagic 10K-t k\u00fcl\u00f6n-k\u00fcl\u00f6n is megv\u00e1s\u00e1rolhatja szem\u00e9lyes haszn\u00e1latra, vagy felhalmozhatja a boltja sz\u00e1m\u00e1ra. Standard nagykereskedelmi pap\u00edrdobozokat biztos\u00edtunk, \u00e9s az \u00fcgyfelek ig\u00e9nyei szerint testre szabhatja az \u00edzkombin\u00e1ci\u00f3kat. Sz\u00fcks\u00e9ge van \u00fatmutat\u00e1sra a term\u00e9kkombin\u00e1ci\u00f3kkal vagy a felt\u00f6lt\u00e9si ritmusokkal kapcsolatban? \u00dcdv\u00f6z\u00f6lj\u00fck, hogy \u00e9rdekl\u0151dj\u00f6n, elk\u00f6telezettek lesz\u00fcnk az \u00d6n sz\u00e1m\u00e1ra t\u00f6rt\u00e9n\u0151 tervez\u00e9sben.<\/p>\n<p data-v-md-line=\"35\">Megb\u00edzhat\u00f3 partnereket, p\u00e9ld\u00e1ul a UPS-t, a DPD-t \u00e9s a DHL-t haszn\u00e1ljuk a DDP-n kereszt\u00fcl t\u00f6rt\u00e9n\u0151 ad\u00f3z\u00e1s ut\u00e1ni sz\u00e1ll\u00edt\u00e1shoz Eur\u00f3pa k\u00fcl\u00f6nb\u00f6z\u0151 r\u00e9szein, biztos\u00edtva, hogy tiszta \u00e9s kisz\u00e1m\u00edthat\u00f3 sz\u00e1ll\u00edt\u00e1si szolg\u00e1ltat\u00e1sokat kapjon, \u00e9s elker\u00fclje a v\u00e1mon t\u00f6rt\u00e9n\u0151 baleseteket. Az elt\u00e9r\u0151 helyi szab\u00e1lyoz\u00e1sok miatt a nikotinkoncentr\u00e1ci\u00f3 orsz\u00e1gonk\u00e9nt\/r\u00e9gi\u00f3nk\u00e9nt elt\u00e9r\u0151 lehet, ez\u00e9rt k\u00e9rj\u00fck, t\u00e1j\u00e9koz\u00f3djon az \u00d6n piac\u00e1n \u00e9rv\u00e9nyes el\u0151\u00edr\u00e1sokr\u00f3l.<\/p>\n<h2 data-v-md-heading=\"why-do-you-like-it\" data-v-md-line=\"37\">Mi\u00e9rt tetszik?<\/h2>\n<ul data-v-md-line=\"38\">\n<li>Hatalmas sz\u00edv\u00f3er\u0151: tart\u00f3s \u00e9s hossz\u00fa \u00e9lettartam\u00fa, an\u00e9lk\u00fcl, hogy gyakran kellene p\u00f3tl\u00e1st v\u00e1s\u00e1rolni.<\/li>\n<li>Nikotin kiv\u00e1laszt\u00e1sa: V\u00e1lassza ki a napi haszn\u00e1lat\u00e1nak megfelel\u0151 koncentr\u00e1ci\u00f3t.<\/li>\n<li>\u00dajrat\u00f6lthet\u0151: Az \u00f6sszes megv\u00e1s\u00e1rolt e-folyad\u00e9k elhaszn\u00e1l\u00f3dik.<\/li>\n<li>H\u00e1l\u00f3s tekercs: Az els\u0151 falatt\u00f3l az utols\u00f3 falatig az \u00edze \u00e1lland\u00f3 marad.<\/li>\n<li>Foly\u00f3homokos kialak\u00edt\u00e1s: st\u00edlusos \u00e9rint\u00e9s, sima tapint\u00e1s.<\/li>\n<li>K\u00e9nyelmes sz\u00edv\u00e1s: Nem kell gombokat haszn\u00e1lni, egyszer\u0171 \u00e9s k\u00e9nyelmes.<\/li>\n<\/ul>\n<h2 data-v-md-heading=\"why-choose-to-collaborate-with-agoravape\" data-v-md-line=\"45\">Mi\u00e9rt \u00e9rdemes az AgoraVape-pel egy\u00fcttm\u0171k\u00f6dni?<\/h2>\n<p data-v-md-line=\"46\">Mi vagyunk az egyik legmegb\u00edzhat\u00f3bb vape forgalmaz\u00f3 Eur\u00f3p\u00e1ban, kiz\u00e1r\u00f3lag eredeti term\u00e9keket forgalmazunk. A v\u00e1llalati v\u00e1s\u00e1rl\u00f3k sz\u00e1m\u00e1ra ez azt jelenti, hogy a Grativape iMagic 10K Puffs quicksand design vape tisztess\u00e9ges nagykereskedelmi \u00e1rakat, gyors \u00fcgyf\u00e9lszolg\u00e1latot \u00e9s gyors DDP sz\u00e1ll\u00edt\u00e1si szolg\u00e1ltat\u00e1sokat k\u00edn\u00e1l. K\u00e9rj\u00fck, vegye fel vel\u00fcnk a kapcsolatot, hogy az ism\u00e9tl\u0151d\u0151 \u00fcgyfelek sz\u00e1m\u00e1ra a sz\u00fcks\u00e9ges felszerel\u00e9st biztos\u00edtsuk.<\/p>","protected":false},"excerpt":{"rendered":"<p>&nbsp;<\/p>\n<p><script src=\"chrome-extension:\/\/fpelahbljekknahkcaegamhcndkfpfnc\/iFrame.js\" type=\"text\/javascript\"><\/script><\/p>\n<p><script src=\"chrome-extension:\/\/fpelahbljekknahkcaegamhcndkfpfnc\/iFrame.js\" type=\"text\/javascript\"><\/script><\/p>\n<p><script src=\"chrome-extension:\/\/fpelahbljekknahkcaegamhcndkfpfnc\/iFrame.js\" type=\"text\/javascript\"><\/script><\/p>\n<p><script src=\"chrome-extension:\/\/fpelahbljekknahkcaegamhcndkfpfnc\/iFrame.js\" type=\"text\/javascript\"><\/script><\/p>\n<p><script src=\"chrome-extension:\/\/fpelahbljekknahkcaegamhcndkfpfnc\/iFrame.js\" type=\"text\/javascript\"><\/script><\/p>\n<p><script src=\"chrome-extension:\/\/fpelahbljekknahkcaegamhcndkfpfnc\/iFrame.js\" type=\"text\/javascript\"><\/script><\/p>\n<p><script src=\"chrome-extension:\/\/fpelahbljekknahkcaegamhcndkfpfnc\/iFrame.js\" type=\"text\/javascript\"><\/script><\/p>","protected":false},"featured_media":15124,"comment_status":"open","ping_status":"closed","template":"","meta":[],"product_brand":[217],"product_cat":[124,187,185,189,176,174,144,175,193,191,173,186,180,190],"product_tag":[],"class_list":{"0":"post-15111","1":"product","2":"type-product","3":"status-publish","4":"has-post-thumbnail","6":"product_brand-grativape","7":"product_cat-vape-by-brand","8":"product_cat-0mg-nicotine-free-vapes","9":"product_cat-10000-puffs-high-capacity","10":"product_cat-20mg-standard-nicotine-vapes","11":"product_cat-beverage","12":"product_cat-fruit-flavors","13":"product_cat-grativape","14":"product_cat-icy-mint","15":"product_cat-mesh-coil","16":"product_cat-rechargeable-disposables","17":"product_cat-vape-by-flavor-profile","18":"product_cat-vape-by-nicotine-strength","19":"product_cat-vape-by-puff-count","20":"product_cat-vape-by-feature-or-type","22":"first","23":"onbackorder","24":"shipping-taxable","25":"purchasable","26":"product-type-variable","27":"has-default-attributes"},"tiered_pricing_type":"percentage","tiered_pricing_fixed_rules":[],"tiered_pricing_product_settings":{"layout":"default","base_unit_name":{"singular":null,"plural":null},"default_variation":null},"tiered_pricing_minimum_quantity":10,"tiered_pricing_roles_data":[],"tiered_pricing_percentage_rules":{"50":"35","100":"40","200":"44","500":"47","1000":"49"},"tiered_pricing_maximum_quantity":null,"tiered_pricing_quantity_step":"10","_links":{"self":[{"href":"https:\/\/agoravape.com\/hu\/wp-json\/wp\/v2\/product\/15111","targetHints":{"allow":["GET"]}}],"collection":[{"href":"https:\/\/agoravape.com\/hu\/wp-json\/wp\/v2\/product"}],"about":[{"href":"https:\/\/agoravape.com\/hu\/wp-json\/wp\/v2\/types\/product"}],"replies":[{"embeddable":true,"href":"https:\/\/agoravape.com\/hu\/wp-json\/wp\/v2\/comments?post=15111"}],"version-history":[{"count":0,"href":"https:\/\/agoravape.com\/hu\/wp-json\/wp\/v2\/product\/15111\/revisions"}],"wp:featuredmedia":[{"embeddable":true,"href":"https:\/\/agoravape.com\/hu\/wp-json\/wp\/v2\/media\/15124"}],"wp:attachment":[{"href":"https:\/\/agoravape.com\/hu\/wp-json\/wp\/v2\/media?parent=15111"}],"wp:term":[{"taxonomy":"product_brand","embeddable":true,"href":"https:\/\/agoravape.com\/hu\/wp-json\/wp\/v2\/product_brand?post=15111"},{"taxonomy":"product_cat","embeddable":true,"href":"https:\/\/agoravape.com\/hu\/wp-json\/wp\/v2\/product_cat?post=15111"},{"taxonomy":"product_tag","embeddable":true,"href":"https:\/\/agoravape.com\/hu\/wp-json\/wp\/v2\/product_tag?post=15111"}],"curies":[{"name":"wp","href":"https:\/\/api.w.org\/{rel}","templated":true}]}}