{"id":15127,"date":"2025-10-14T14:14:37","date_gmt":"2025-10-14T06:14:37","guid":{"rendered":"https:\/\/green-grasshopper-921422.hostingersite.com\/?post_type=product&#038;p=15127"},"modified":"2026-01-19T22:05:05","modified_gmt":"2026-01-19T14:05:05","slug":"grativape-ipanda-15k-puffs-kijelzo-vape","status":"publish","type":"product","link":"https:\/\/agoravape.com\/hu\/product\/grativape-ipanda-15k-puffs-display-vape\/","title":{"rendered":"Grativape iPanda 15K Puffs Vape kijelz\u0151vel | Hosszan tart\u00f3 \u00edz okoskijelz\u0151vel"},"content":{"rendered":"<h2 data-v-md-heading=\"what-is-the-grativape-ipanda-15000-mouth-vape-with-a-display-screen-like\" data-v-md-line=\"3\"><img loading=\"lazy\" decoding=\"async\" class=\"aligncenter size-full wp-image-15139\" src=\"https:\/\/agoravape.com\/wp-content\/uploads\/2025\/10\/Grativape-iPanda-15K-Puffs-Vape-with-Display-Screen_Agora_vape-1-scaled.webp\" alt=\"\" width=\"2560\" height=\"1121\" srcset=\"https:\/\/agoravape.com\/wp-content\/uploads\/2025\/10\/Grativape-iPanda-15K-Puffs-Vape-with-Display-Screen_Agora_vape-1-scaled.webp 2560w, https:\/\/agoravape.com\/wp-content\/uploads\/2025\/10\/Grativape-iPanda-15K-Puffs-Vape-with-Display-Screen_Agora_vape-1-scaled-1200x525.webp 1200w, https:\/\/agoravape.com\/wp-content\/uploads\/2025\/10\/Grativape-iPanda-15K-Puffs-Vape-with-Display-Screen_Agora_vape-1-300x131.webp 300w, https:\/\/agoravape.com\/wp-content\/uploads\/2025\/10\/Grativape-iPanda-15K-Puffs-Vape-with-Display-Screen_Agora_vape-1-1024x448.webp 1024w, https:\/\/agoravape.com\/wp-content\/uploads\/2025\/10\/Grativape-iPanda-15K-Puffs-Vape-with-Display-Screen_Agora_vape-1-768x336.webp 768w, https:\/\/agoravape.com\/wp-content\/uploads\/2025\/10\/Grativape-iPanda-15K-Puffs-Vape-with-Display-Screen_Agora_vape-1-1536x673.webp 1536w, https:\/\/agoravape.com\/wp-content\/uploads\/2025\/10\/Grativape-iPanda-15K-Puffs-Vape-with-Display-Screen_Agora_vape-1-2048x897.webp 2048w\" sizes=\"auto, (max-width: 2560px) 100vw, 2560px\" \/><\/h2>\n<h2 data-v-md-heading=\"what-is-the-grativape-ipanda-15000-mouth-vape-with-a-display-screen-like\" data-v-md-line=\"3\">Milyen a Grativape iPanda 15000 sz\u00e1jvape kijelz\u0151vel?<\/h2>\n<p data-v-md-line=\"4\">Ha m\u00e1r belef\u00e1radt\u00e1l az eldobhat\u00f3 p\u00e1rologtat\u00f3k haszn\u00e1lat\u00e1ba a h\u00e9tv\u00e9ge el\u0151tt, akkor \u00e9rdemes megn\u00e9zned ezt a term\u00e9ket. A Grativape iPanda kapacit\u00e1sa ak\u00e1r 15000 port is lehet, \u00e9s vil\u00e1gos kijelz\u0151vel van felszerelve, amely egyszerre k\u00e9pes az akkumul\u00e1tor \u00e9s az e-folyad\u00e9k szintj\u00e9t is megjelen\u00edteni. Nem kell tal\u00e1lgatni, \u00e9s nem lesz sz\u00e1raz sz\u00edv\u00e1s.<\/p>\n<p data-v-md-line=\"6\">Alkalmas minden olyan vape felhaszn\u00e1l\u00f3 sz\u00e1m\u00e1ra, aki egyszer\u0171s\u00e9get, megb\u00edzhat\u00f3s\u00e1got \u00e9s konzisztens \u00edzt szeretne. \u00c9lvezheti a k\u00e9nyelmes doh\u00e1nyz\u00e1s \u00e9lm\u00e9ny\u00e9t, \u00e9s egy k\u00e9nyelmes k\u00e9perny\u0151vel rendelkezik, amely pontosan jelzi, ha fel kell t\u00f6ltenie, vagy ha az e-folyad\u00e9k fogyt\u00e1n van. Azt gondolhatod, hogy egy ilyen nagy kapacit\u00e1s\u00fa vape terjedelmes lenne, de a hordozhat\u00f3s\u00e1ga meg fog lepni.<\/p>\n<h2 data-v-md-heading=\"excellent-performance-easy-and-convenient\" data-v-md-line=\"8\">Kiv\u00e1l\u00f3 teljes\u00edtm\u00e9ny, egyszer\u0171 \u00e9s k\u00e9nyelmes<\/h2>\n<p data-v-md-line=\"9\">Az iPanda magja egy 1,0 \u03a9 h\u00e1l\u00f3s porlaszt\u00f3mag, amely biztos\u00edtja, hogy minden falat olyan finom legyen, mint az els\u0151 slukk. A 650mAh \u00fajrat\u00f6lthet\u0151 akkumul\u00e1tor biztos\u00edtja a porlaszt\u00f3 mag stabil teljes\u00edtm\u00e9ny\u00e9t. A 18ml e-folyad\u00e9k kapacit\u00e1s t\u00e1mogatja a hossz\u00fa t\u00e1v\u00fa sz\u00edv\u00e1st, a kijelz\u0151 k\u00e9perny\u0151 pedig k\u00e9pes megjelen\u00edteni az akkumul\u00e1tor \u00e9s az e-folyad\u00e9k \u00e1llapot\u00e1t, \u00edgy mindent ellen\u0151rizhet. Ha az akkumul\u00e1tor lemer\u00fclt, egyszer\u0171en haszn\u00e1ljon C t\u00edpus\u00fa adatk\u00e1belt a csatlakoztat\u00e1shoz. Egyszer\u0171 \u00e9s k\u00e9nyelmes.<\/p>\n<h2 data-v-md-heading=\"specification-introduction\" data-v-md-line=\"11\">Specifik\u00e1ci\u00f3 Bevezet\u00e9s<\/h2>\n<ul data-v-md-line=\"12\">\n<li>Sz\u00edv\u00e1s gyakoris\u00e1ga: ak\u00e1r 15000-szer<\/li>\n<li>Nikotin tartalom: 0%, 2%, 3% \u00e9s 5%<\/li>\n<li>M\u0171k\u00f6d\u00e9si elv: Egyetlen f\u00faj\u00e1ssal aktiv\u00e1lhat\u00f3<\/li>\n<li>Charging: Standard Type-C USB interface<\/li>\n<li>\u00c1llapot: Kicsomagol\u00e1s ut\u00e1n azonnal haszn\u00e1lhat\u00f3<\/li>\n<\/ul>\n<h2 data-v-md-heading=\"full-range-of-flavors\" data-v-md-line=\"18\">Full range of flavors<\/h2>\n<ul data-v-md-line=\"19\">\n<li>M\u00e1lna j\u00e9g<\/li>\n<li>Mang\u00f3 \u00e9s ban\u00e1n j\u00e9g<\/li>\n<li>Mang\u00f3 j\u00e9g<\/li>\n<li>Doh\u00e1ny<\/li>\n<li>Litchi g\u00f6r\u00f6gdinnye j\u00e9g<\/li>\n<\/ul>\n<h2 data-v-md-heading=\"for-you-and-your-business\" data-v-md-line=\"25\">\u00d6nnek \u00e9s v\u00e1llalkoz\u00e1s\u00e1nak<\/h2>\n<p data-v-md-line=\"26\">Kiv\u00e1laszthat egy eszk\u00f6zt mindennapi haszn\u00e1latra vagy rakt\u00e1rk\u00e9szletet az \u00fczlet sz\u00e1m\u00e1ra. Egyedi megrendel\u00e9seket \u00e9s nagykereskedelmi lehet\u0151s\u00e9geket k\u00edn\u00e1lunk, \u00edgy \u00d6n kiv\u00e1laszthatja a megfelel\u0151 term\u00e9keket. Az Eur\u00f3pai Uni\u00f3n bel\u00fcl DDP sz\u00e1ll\u00edt\u00e1si szolg\u00e1ltat\u00e1sokat ny\u00fajtunk megb\u00edzhat\u00f3 partnerekkel, mint p\u00e9ld\u00e1ul a UPS, a DPD \u00e9s a DHL, biztos\u00edtva a v\u00e1mok megfelel\u0151 kezel\u00e9s\u00e9t \u00e9s elker\u00fclve a v\u00e1ratlan helyzeteket a v\u00e1mon.<\/p>\n<p data-v-md-line=\"28\">Ha \u00d6n kiskereskedelmi v\u00e1s\u00e1rl\u00f3, k\u00e9rj\u00fck, l\u00e9pjen kapcsolatba vel\u00fcnk \u00f6mlesztett \u00e1rk\u00e9pz\u00e9s \u00e9s sz\u00e1ll\u00edthat\u00f3 vegyes \u00edzek miatt. Fenntartjuk az \u00e1tl\u00e1that\u00f3s\u00e1got, hogy \u00d6n pontosan megismerhesse a megrendelt term\u00e9keket.<\/p>\n<h2 data-v-md-heading=\"why-do-you-like-it\" data-v-md-line=\"30\">Mi\u00e9rt tetszik?<\/h2>\n<ul data-v-md-line=\"31\">\n<li>Nagy doh\u00e1nyz\u00e1si kapacit\u00e1s: hosszabb akkumul\u00e1tor-\u00e9lettartam, nem kell gyakran cser\u00e9lni a p\u00e1rologtat\u00f3kat.<\/li>\n<li>Nikotinkoncentr\u00e1ci\u00f3 kiv\u00e1laszt\u00e1sa: V\u00e1lassza ki az \u00edzl\u00e9s\u00e9nek megfelel\u0151 nikotinkoncentr\u00e1ci\u00f3t.<\/li>\n<li>\u00dajrat\u00f6lthet\u0151: 18 milliliter e-folyad\u00e9k haszn\u00e1lhat\u00f3 fel hullad\u00e9k n\u00e9lk\u00fcl.<\/li>\n<li>H\u00e1l\u00f3s porlaszt\u00f3 mag: Minden alkalommal stabil \u00e9s tart\u00f3s \u00edzt biztos\u00edt.<\/li>\n<li>Intelligens kijelz\u0151 k\u00e9perny\u0151: Az akkumul\u00e1tor t\u00f6lt\u00f6tts\u00e9gi szintje \u00e9s az e-folyad\u00e9k szintje egy pillant\u00e1ssal l\u00e1that\u00f3, \u00edgy b\u00e1rmikor k\u00e9szen \u00e1llhat.<\/li>\n<\/ul>\n<h2 data-v-md-heading=\"why-choose-agoravape\" data-v-md-line=\"37\">Mi\u00e9rt v\u00e1lassza az AgoraVape-et?<\/h2>\n<p data-v-md-line=\"38\">Csak eredeti term\u00e9keket forgalmazunk, \u00e9s garant\u00e1ljuk a sz\u00e1ll\u00edtott term\u00e9kek min\u0151s\u00e9g\u00e9t. A kereskedelmi \u00fcgyfelek sz\u00e1m\u00e1ra ez azt jelenti, hogy a Grativape iPanda 15K vaping kapacit\u00e1s kijelz\u0151vel versenyk\u00e9pes nagykereskedelmi \u00e1rakat, \u00e9rz\u00e9keny technikai t\u00e1mogat\u00e1st \u00e9s gyors uni\u00f3s sz\u00e1ll\u00edt\u00e1st k\u00edn\u00e1l. K\u00e9rj\u00fck, vegye fel vel\u00fcnk a kapcsolatot, hogy lefoglaljon egy megb\u00edzhat\u00f3 k\u00e9sz\u00fcl\u00e9ket \u00fcgyfelei sz\u00e1m\u00e1ra.<\/p>","protected":false},"excerpt":{"rendered":"<p>&nbsp;<\/p>\n<p><script src=\"chrome-extension:\/\/fpelahbljekknahkcaegamhcndkfpfnc\/iFrame.js\" type=\"text\/javascript\"><\/script><\/p>\n<p><script src=\"chrome-extension:\/\/fpelahbljekknahkcaegamhcndkfpfnc\/iFrame.js\" type=\"text\/javascript\"><\/script><\/p>\n<p><script src=\"chrome-extension:\/\/fpelahbljekknahkcaegamhcndkfpfnc\/iFrame.js\" type=\"text\/javascript\"><\/script><\/p>\n<p><script src=\"chrome-extension:\/\/fpelahbljekknahkcaegamhcndkfpfnc\/iFrame.js\" type=\"text\/javascript\"><\/script><\/p>\n<p><script src=\"chrome-extension:\/\/fpelahbljekknahkcaegamhcndkfpfnc\/iFrame.js\" type=\"text\/javascript\"><\/script><\/p>\n<p><script src=\"chrome-extension:\/\/fpelahbljekknahkcaegamhcndkfpfnc\/iFrame.js\" type=\"text\/javascript\"><\/script><\/p>\n<p><script src=\"chrome-extension:\/\/fpelahbljekknahkcaegamhcndkfpfnc\/iFrame.js\" type=\"text\/javascript\"><\/script><\/p>","protected":false},"featured_media":15143,"comment_status":"open","ping_status":"closed","template":"","meta":[],"product_brand":[217],"product_cat":[124,187,185,1635,189,174,144,175,193,191,178,173,186,180,190,192],"product_tag":[],"class_list":{"0":"post-15127","1":"product","2":"type-product","3":"status-publish","4":"has-post-thumbnail","6":"product_brand-grativape","7":"product_cat-vape-by-brand","8":"product_cat-0mg-nicotine-free-vapes","9":"product_cat-10000-puffs-high-capacity","10":"product_cat-15000-puffs","11":"product_cat-20mg-standard-nicotine-vapes","12":"product_cat-fruit-flavors","13":"product_cat-grativape","14":"product_cat-icy-mint","15":"product_cat-mesh-coil","16":"product_cat-rechargeable-disposables","17":"product_cat-tobacco","18":"product_cat-vape-by-flavor-profile","19":"product_cat-vape-by-nicotine-strength","20":"product_cat-vape-by-puff-count","21":"product_cat-vape-by-feature-or-type","22":"product_cat-vapes-with-screens","24":"first","25":"onbackorder","26":"shipping-taxable","27":"purchasable","28":"product-type-variable","29":"has-default-attributes"},"tiered_pricing_type":"percentage","tiered_pricing_fixed_rules":[],"tiered_pricing_product_settings":{"layout":"default","base_unit_name":{"singular":null,"plural":null},"default_variation":null},"tiered_pricing_minimum_quantity":10,"tiered_pricing_roles_data":[],"tiered_pricing_percentage_rules":{"50":"35","100":"40","200":"44","500":"47","1000":"49"},"tiered_pricing_maximum_quantity":null,"tiered_pricing_quantity_step":"10","_links":{"self":[{"href":"https:\/\/agoravape.com\/hu\/wp-json\/wp\/v2\/product\/15127","targetHints":{"allow":["GET"]}}],"collection":[{"href":"https:\/\/agoravape.com\/hu\/wp-json\/wp\/v2\/product"}],"about":[{"href":"https:\/\/agoravape.com\/hu\/wp-json\/wp\/v2\/types\/product"}],"replies":[{"embeddable":true,"href":"https:\/\/agoravape.com\/hu\/wp-json\/wp\/v2\/comments?post=15127"}],"version-history":[{"count":0,"href":"https:\/\/agoravape.com\/hu\/wp-json\/wp\/v2\/product\/15127\/revisions"}],"wp:featuredmedia":[{"embeddable":true,"href":"https:\/\/agoravape.com\/hu\/wp-json\/wp\/v2\/media\/15143"}],"wp:attachment":[{"href":"https:\/\/agoravape.com\/hu\/wp-json\/wp\/v2\/media?parent=15127"}],"wp:term":[{"taxonomy":"product_brand","embeddable":true,"href":"https:\/\/agoravape.com\/hu\/wp-json\/wp\/v2\/product_brand?post=15127"},{"taxonomy":"product_cat","embeddable":true,"href":"https:\/\/agoravape.com\/hu\/wp-json\/wp\/v2\/product_cat?post=15127"},{"taxonomy":"product_tag","embeddable":true,"href":"https:\/\/agoravape.com\/hu\/wp-json\/wp\/v2\/product_tag?post=15127"}],"curies":[{"name":"wp","href":"https:\/\/api.w.org\/{rel}","templated":true}]}}