{"id":15154,"date":"2025-10-16T08:21:03","date_gmt":"2025-10-16T00:21:03","guid":{"rendered":"https:\/\/green-grasshopper-921422.hostingersite.com\/?post_type=product&#038;p=15154"},"modified":"2026-01-19T22:04:38","modified_gmt":"2026-01-19T14:04:38","slug":"regi-iskola-12k-puff-bor-vape","status":"publish","type":"product","link":"https:\/\/agoravape.com\/hu\/product\/old-school-12k-puffs-leather-vape\/","title":{"rendered":"Old School 12K Puffs b\u0151r vape dupla kijelz\u0151vel | Hosszan tart\u00f3 puffok \u00e9s tiszta leolvas\u00e1sok"},"content":{"rendered":"<h2 data-v-md-heading=\"what-is-special-about-the-old-school-12k-dual-screen-genuine-leather-vape\" data-v-md-line=\"3\">Mi a k\u00fcl\u00f6nleges az Old School 12K dupla k\u00e9perny\u0151s, val\u00f3di b\u0151r vape-ben?<\/h2>\n<p data-v-md-line=\"4\">Ha eleged van az eldobhat\u00f3 vape-ekb\u0151l, amik minden alkalommal kifogynak, amikor sz\u00fcks\u00e9ged van r\u00e1juk, \u00e9rdemes lehet megn\u00e9zned ezt a term\u00e9ket. Az Old School 12K kiv\u00e1l\u00f3 min\u0151s\u00e9g\u0171 b\u0151r anyagb\u00f3l k\u00e9sz\u00fclt, \u00e9s k\u00e9nyelmes dupla kijelz\u0151vel van felszerelve, \u00edgy egy pillant\u00e1ssal leolvashatod az akkumul\u00e1tor \u00e9s az e-folyad\u00e9k szintj\u00e9t. Nem kell tal\u00e1lgatnod, nincsenek meglepet\u00e9sek.<\/p>\n<p data-v-md-line=\"6\">Azok sz\u00e1m\u00e1ra, akik megb\u00edzhat\u00f3 napi vape-el\u00e9sre v\u00e1gynak az e-liquid gyakori cser\u00e9je n\u00e9lk\u00fcl, ez a term\u00e9k az ide\u00e1lis v\u00e1laszt\u00e1s. A 18 ml-es ut\u00e1nt\u00f6lt\u0151 \u00e9s a 480 mAh-s \u00fajrat\u00f6lthet\u0151 akkumul\u00e1tor ak\u00e1r 12000 olajsz\u00edv\u00e1st is lehet\u0151v\u00e9 tesz, \u00edgy val\u00f3ban elhaszn\u00e1lhatod a megv\u00e1s\u00e1rolt e-liquidet.<\/p>\n<h2 data-v-md-heading=\"excellent-performance-without-any-problems\" data-v-md-line=\"8\">Kiv\u00e1l\u00f3 teljes\u00edtm\u00e9ny probl\u00e9mamentesen<\/h2>\n<p data-v-md-line=\"9\">Ennek az eszk\u00f6znek a k\u00f6zponti eleme egy h\u00e1l\u00f3s tekercs, \u00edgy minden sz\u00edv\u00e1s ugyanolyan finom, mint az els\u0151. Az \u00edze \u00e1lland\u00f3 marad. Amikor az akkumul\u00e1tor lemer\u00fcl\u0151ben van, Type-C k\u00e1bellel t\u00f6lthet\u0151, \u00edgy val\u00f3sz\u00edn\u0171leg ugyanazt az adatk\u00e1belt haszn\u00e1lod, mint a telefonod. A kett\u0151s kijelz\u0151 lehet\u0151v\u00e9 teszi, hogy mindig nyomon k\u00f6vesd az akkumul\u00e1tor \u00e9s az e-folyad\u00e9k szintj\u00e9t, \u00edgy b\u00e1rmikor k\u00e9szen \u00e1llhatsz a haszn\u00e1latra.<\/p>\n<h2 data-v-md-heading=\"specification-overview\" data-v-md-line=\"11\">Specifik\u00e1ci\u00f3 \u00e1ttekint\u00e9se<\/h2>\n<ul data-v-md-line=\"12\">\n<li>Sz\u00edv\u00e1s gyakoris\u00e1ga: ak\u00e1r 12000-szer<\/li>\n<li>Nikotin: 0%, 2%, 3%, 5%-os koncentr\u00e1ci\u00f3<\/li>\n<li>M\u0171k\u00f6d\u00e9si elv: Bel\u00e9gz\u00e9ssel aktiv\u00e1l\u00f3dik<\/li>\n<li>T\u00f6lt\u00e9s: Standard Type-C USB port<\/li>\n<li>\u00c1llapot: Kicsomagol\u00e1s ut\u00e1n haszn\u00e1latra k\u00e9sz<\/li>\n<\/ul>\n<h2 data-v-md-heading=\"multiple-flavor-options\" data-v-md-line=\"18\">T\u00f6bb \u00edzes\u00edt\u00e9si lehet\u0151s\u00e9g<\/h2>\n<ul data-v-md-line=\"19\">\n<li>\u0150szibarack turmix<\/li>\n<li>G\u00f6r\u00f6gdinnye turmix<\/li>\n<li>\u0150szibarack-mang\u00f3 turmix<\/li>\n<li>Sz\u0151l\u0151turmix<\/li>\n<li>Kismack\u00f3s gumicukor<\/li>\n<li>H\u0171s\u00edt\u0151 menta turmix<\/li>\n<li>Epres-kiwis turmix<\/li>\n<li>Epres-ban\u00e1nos turmix<\/li>\n<li>\u00c1fony\u00e1s-citromos turmix<\/li>\n<li>Licsi j\u00e9ghomok<\/li>\n<\/ul>\n<h2 data-v-md-heading=\"for-you-and-for-your-business-as-well\" data-v-md-line=\"30\">Neked, \u00e9s a v\u00e1llalkoz\u00e1sodnak is<\/h2>\n<p data-v-md-line=\"31\">Az Old School 12K kartont megv\u00e1s\u00e1rolhatod szem\u00e9lyes haszn\u00e1latra, vagy megv\u00e1s\u00e1rolhatod az \u00fczletedbe. Minden nagykereskedelmi doboz 10 darabot tartalmaz, \u00edgy k\u00f6nnyen rendszerezheted a k\u00e9szletedet. A standard doboz 200 darab befogad\u00e1s\u00e1ra alkalmas, brutt\u00f3 s\u00falya 20 kilogramm, kartondoboz m\u00e9rete pedig 520 \u00d7 276 \u00d7 222 millim\u00e9ter.<\/p>\n<p data-v-md-line=\"33\">Megb\u00edzhat\u00f3 partnerekkel, mint p\u00e9ld\u00e1ul a UPS, a DPD \u00e9s a DHL, m\u0171k\u00f6d\u00fcnk egy\u00fctt, hogy DDP k\u00e9zbes\u00edt\u00e9si szolg\u00e1ltat\u00e1sokat ny\u00fajtsunk Eur\u00f3pa-szerte, biztos\u00edtva, hogy tiszt\u00e1n l\u00e1sd a be\u00e9rkez\u00e9si k\u00f6lts\u00e9geket, \u00e9s elker\u00fclj\u00fck a v\u00e1mbaleseteket. A gyors sz\u00e1ll\u00edt\u00e1s \u00e9s a megb\u00edzhat\u00f3 k\u00f6vet\u00e9s mindent leegyszer\u0171s\u00edt.<\/p>\n<h2 data-v-md-heading=\"why-do-you-like-it\" data-v-md-line=\"35\">Mi\u00e9rt tetszik?<\/h2>\n<ul data-v-md-line=\"36\">\n<li>T\u00f6meges doh\u00e1nyz\u00e1s: Tart\u00f3s \u00e9s hossz\u00fa \u00e9lettartam\u00fa, nem kell gyakran \u00faj cigarett\u00e1t v\u00e1s\u00e1rolni.<\/li>\n<li>Nikotinv\u00e1laszt\u00e1s: Kiv\u00e1laszthatja az \u00d6nnek megfelel\u0151 koncentr\u00e1ci\u00f3t.<\/li>\n<li>\u00dajrat\u00f6lthet\u0151: azt jelenti, hogy az \u00f6sszes megv\u00e1s\u00e1rolt e-folyad\u00e9kot haszn\u00e1lhatod.<\/li>\n<li>H\u00e1l\u00f3s tekercs: Minden alkalommal k\u00f6vetkezetes \u00e9s gazdag \u00edzt hozhat l\u00e9tre.<\/li>\n<\/ul>\n<h2 data-v-md-heading=\"why-choose-agoravape\" data-v-md-line=\"41\">Mi\u00e9rt v\u00e1lassza az AgoraVape-et?<\/h2>\n<p data-v-md-line=\"42\">Kiz\u00e1r\u00f3lag 100%-ban eredeti term\u00e9keket forgalmazunk, \u00e9s felel\u0151ss\u00e9get v\u00e1llalunk az \u00e1ltalunk sz\u00e1ll\u00edtott term\u00e9kek\u00e9rt. V\u00e1llalati v\u00e1s\u00e1rl\u00f3k sz\u00e1m\u00e1ra ez azt jelenti, hogy az Old School 12K Puffs b\u0151r dupla k\u00e9perny\u0151s vape-ek kedvezm\u00e9nyes nagykereskedelmi \u00e1rakkal, megb\u00edzhat\u00f3 \u00fcgyf\u00e9lszolg\u00e1lattal \u00e9s gyors DDP kisz\u00e1ll\u00edt\u00e1ssal rendelkeznek. K\u00e9rj\u00fck, vegye fel vel\u00fcnk a kapcsolatot, hogy olyan k\u00e9sz\u00fcl\u00e9ket v\u00e1s\u00e1rolhasson, amelyet \u00e9rdemes visszak\u00fcldenie \u00fcgyfeleinek.<\/p>\n<p><script src=\"chrome-extension:\/\/fpelahbljekknahkcaegamhcndkfpfnc\/iFrame.js\" type=\"text\/javascript\"><\/script><\/p>","protected":false},"excerpt":{"rendered":"<p>&nbsp;<\/p>\n<p><script src=\"chrome-extension:\/\/fpelahbljekknahkcaegamhcndkfpfnc\/iFrame.js\" type=\"text\/javascript\"><\/script><\/p>\n<p><script src=\"chrome-extension:\/\/fpelahbljekknahkcaegamhcndkfpfnc\/iFrame.js\" type=\"text\/javascript\"><\/script><\/p>\n<p><script src=\"chrome-extension:\/\/fpelahbljekknahkcaegamhcndkfpfnc\/iFrame.js\" type=\"text\/javascript\"><\/script><\/p>\n<p><script src=\"chrome-extension:\/\/fpelahbljekknahkcaegamhcndkfpfnc\/iFrame.js\" type=\"text\/javascript\"><\/script><\/p>\n<p><script src=\"chrome-extension:\/\/fpelahbljekknahkcaegamhcndkfpfnc\/iFrame.js\" type=\"text\/javascript\"><\/script><\/p>\n<p><script src=\"chrome-extension:\/\/fpelahbljekknahkcaegamhcndkfpfnc\/iFrame.js\" type=\"text\/javascript\"><\/script><\/p>\n<p><script src=\"chrome-extension:\/\/fpelahbljekknahkcaegamhcndkfpfnc\/iFrame.js\" type=\"text\/javascript\"><\/script><\/p>\n<p><script src=\"chrome-extension:\/\/fpelahbljekknahkcaegamhcndkfpfnc\/iFrame.js\" type=\"text\/javascript\"><\/script><\/p>","protected":false},"featured_media":15168,"comment_status":"open","ping_status":"closed","template":"","meta":[],"product_brand":[219],"product_cat":[124,187,185,1634,189,174,175,193,146,191,178,173,186,180,190,192],"product_tag":[],"class_list":{"0":"post-15154","1":"product","2":"type-product","3":"status-publish","4":"has-post-thumbnail","6":"product_brand-old-school","7":"product_cat-vape-by-brand","8":"product_cat-0mg-nicotine-free-vapes","9":"product_cat-10000-puffs-high-capacity","10":"product_cat-12000-puffs","11":"product_cat-20mg-standard-nicotine-vapes","12":"product_cat-fruit-flavors","13":"product_cat-icy-mint","14":"product_cat-mesh-coil","15":"product_cat-old-school","16":"product_cat-rechargeable-disposables","17":"product_cat-tobacco","18":"product_cat-vape-by-flavor-profile","19":"product_cat-vape-by-nicotine-strength","20":"product_cat-vape-by-puff-count","21":"product_cat-vape-by-feature-or-type","22":"product_cat-vapes-with-screens","24":"first","25":"onbackorder","26":"shipping-taxable","27":"purchasable","28":"product-type-variable","29":"has-default-attributes"},"tiered_pricing_type":"percentage","tiered_pricing_fixed_rules":[],"tiered_pricing_product_settings":{"layout":"default","base_unit_name":{"singular":null,"plural":null},"default_variation":null},"tiered_pricing_minimum_quantity":10,"tiered_pricing_roles_data":[],"tiered_pricing_percentage_rules":{"30":"29","50":"35","100":"40","200":"44","500":"47","1000":"49"},"tiered_pricing_maximum_quantity":null,"tiered_pricing_quantity_step":"10","_links":{"self":[{"href":"https:\/\/agoravape.com\/hu\/wp-json\/wp\/v2\/product\/15154","targetHints":{"allow":["GET"]}}],"collection":[{"href":"https:\/\/agoravape.com\/hu\/wp-json\/wp\/v2\/product"}],"about":[{"href":"https:\/\/agoravape.com\/hu\/wp-json\/wp\/v2\/types\/product"}],"replies":[{"embeddable":true,"href":"https:\/\/agoravape.com\/hu\/wp-json\/wp\/v2\/comments?post=15154"}],"version-history":[{"count":0,"href":"https:\/\/agoravape.com\/hu\/wp-json\/wp\/v2\/product\/15154\/revisions"}],"wp:featuredmedia":[{"embeddable":true,"href":"https:\/\/agoravape.com\/hu\/wp-json\/wp\/v2\/media\/15168"}],"wp:attachment":[{"href":"https:\/\/agoravape.com\/hu\/wp-json\/wp\/v2\/media?parent=15154"}],"wp:term":[{"taxonomy":"product_brand","embeddable":true,"href":"https:\/\/agoravape.com\/hu\/wp-json\/wp\/v2\/product_brand?post=15154"},{"taxonomy":"product_cat","embeddable":true,"href":"https:\/\/agoravape.com\/hu\/wp-json\/wp\/v2\/product_cat?post=15154"},{"taxonomy":"product_tag","embeddable":true,"href":"https:\/\/agoravape.com\/hu\/wp-json\/wp\/v2\/product_tag?post=15154"}],"curies":[{"name":"wp","href":"https:\/\/api.w.org\/{rel}","templated":true}]}}