{"id":15178,"date":"2025-10-16T09:43:19","date_gmt":"2025-10-16T01:43:19","guid":{"rendered":"https:\/\/green-grasshopper-921422.hostingersite.com\/?post_type=product&#038;p=15178"},"modified":"2026-01-19T22:04:32","modified_gmt":"2026-01-19T14:04:32","slug":"regi-iskola-kp10000-10k-puffs-vape","status":"publish","type":"product","link":"https:\/\/agoravape.com\/hu\/product\/old-school-kp10000-10k-puffs-vape\/","title":{"rendered":"Old School KP10000 10K Puffs Mesh Coil Vape | Hosszantart\u00f3 \u00edz, gond n\u00e9lk\u00fcl"},"content":{"rendered":"<h2 data-v-md-heading=\"what-is-special-about-the-old-school-kp10000-10k-mesh-coil-vape\" data-v-md-line=\"3\">Mi a k\u00fcl\u00f6nleges az Old School KP10000 10K Mesh Coil vape-ben?<\/h2>\n<p data-v-md-line=\"4\">Ha eleged van az eldobhat\u00f3 vape-ekb\u0151l, ez a term\u00e9k kiel\u00e9g\u00edtheti az ig\u00e9nyeidet. Az Old School KP10000 ak\u00e1r 10000 harap\u00e1s sz\u00edv\u00f3kapacit\u00e1s\u00e1t is k\u00e9pes biztos\u00edtani, az els\u0151 falatt\u00f3l az utols\u00f3ig l\u00e1gy \u00edzzel. K\u00f6nnyen haszn\u00e1lhat\u00f3, kiv\u00e1l\u00f3 \u00edz\u0171, massz\u00edv tapint\u00e1s\u00fa a k\u00e9zben, \u00e9s nem \u00e9rzed \u00fagy, mintha egy t\u00e9gla lenne a zsebedben.<\/p>\n<p data-v-md-line=\"6\">Ha megb\u00edzhat\u00f3 \u00e9s k\u00e9nyelmes vape-re v\u00e1gysz, ez az ide\u00e1lis v\u00e1laszt\u00e1s. Kiv\u00e1laszthatod a kedvenc \u00edzedet, be\u00e1ll\u00edthatod a megfelel\u0151 nikotinkoncentr\u00e1ci\u00f3t, majd k\u00f6zvetlen\u00fcl bel\u00e9legezheted. Ennyi. Nincsenek gombok, nincsenek men\u00fck, nincsenek aggodalmak.<\/p>\n<h2 data-v-md-heading=\"excellent-performance-no-need-for-any-operation\" data-v-md-line=\"8\">Kiv\u00e1l\u00f3 teljes\u00edtm\u00e9ny, semmilyen m\u0171veletet nem ig\u00e9nyel<\/h2>\n<p data-v-md-line=\"9\">A h\u00e1l\u00f3s tekercs a term\u00e9k legf\u0151bb el\u0151nye. Egyenletesen meleg\u00edti az e-liquidet, biztos\u00edtva, hogy minden falat egyenletesen tiszta legyen. Amikor az akkumul\u00e1tor lemer\u00fclt, csak egy szabv\u00e1nyos USB-k\u00e1belre van sz\u00fcks\u00e9g a t\u00f6lt\u00e9shez. Egyszer\u0171. Azt gondolhatn\u00e1d, hogy egy ilyen nagy kapacit\u00e1s\u00fa vape neh\u00e9zkes. De a hordozhat\u00f3s\u00e1ga mindenk\u00e9ppen meg fog lepni.<\/p>\n<h2 data-v-md-heading=\"specification-overview\" data-v-md-line=\"11\">Specifik\u00e1ci\u00f3 \u00e1ttekint\u00e9se<\/h2>\n<p data-v-md-line=\"12\"><strong>Suction frequency<\/strong>ak\u00e1r 10 000 alkalommal<br \/>\n<strong>Nikotintartalom<\/strong>: 0%, 2%, 3%, 5%<br \/>\n<strong>M\u0171k\u00f6d\u00e9si elv<\/strong>Egyszer\u0171en l\u00e9legezzen be az aktiv\u00e1l\u00e1shoz<br \/>\n<strong>T\u00f6lt\u00e9s<\/strong>USB t\u00f6lt\u0151port<br \/>\n<strong>\u00c1llapot<\/strong>Kicsomagol\u00e1s ut\u00e1n haszn\u00e1latra k\u00e9sz<br \/>\n<strong>e-folyad\u00e9k kapacit\u00e1s<\/strong>18 milliliter<br \/>\n<strong>Akkumul\u00e1tor<\/strong>600mAh<br \/>\n<strong>Tekercs t\u00edpusa<\/strong>: H\u00e1l\u00f3s tekercs<\/p>\n<h2 data-v-md-heading=\"multiple-flavor-options\" data-v-md-line=\"21\">T\u00f6bb \u00edzes\u00edt\u00e9si lehet\u0151s\u00e9g<\/h2>\n<ul data-v-md-line=\"22\">\n<li>Eper \u00e9s ban\u00e1n<\/li>\n<li>G\u00f6r\u00f6gdinnye j\u00e9g<\/li>\n<li>Taomang Watermelon<\/li>\n<li>K\u00e9k j\u00e9gp\u00e1lya<\/li>\n<li>Fekete ribizlil\u00e9<\/li>\n<li>Eper-mang\u00f3<\/li>\n<li>\u0150szibarack<\/li>\n<li>H\u00e1rmas mang\u00f3<\/li>\n<li>H\u0171s menta<\/li>\n<li>Aloe vera sz\u0151l\u0151<\/li>\n<li>Eperlekv\u00e1r \u0151szibarack<\/li>\n<li>Licsi<\/li>\n<li>K\u00e9k m\u00e1gneses j\u00e9g<\/li>\n<li>Kiwi \u00e9s maracuja<\/li>\n<li>Eperfagylalt<\/li>\n<\/ul>\n<h2 data-v-md-heading=\"for-you-and-for-your-business-as-well\" data-v-md-line=\"38\">Neked, \u00e9s a v\u00e1llalkoz\u00e1sodnak is<\/h2>\n<p data-v-md-line=\"39\">V\u00e1s\u00e1rolhatsz Old School KP10000 10K mesh tekercses vape-eket magadnak, vagy hozz\u00e1adhatod \u0151ket az \u00fczletedhez. A nagykereskedelmi kartondoboz 200 darabot tartalmaz, \u00edgy k\u00f6nnyed\u00e9n l\u00e9trehozhatsz egy igaz\u00e1n letisztult \u00e9s rendezett \u00edzfalat. A DDP sz\u00e1ll\u00edt\u00e1st megb\u00edzhat\u00f3 partnereken, p\u00e9ld\u00e1ul UPS-en, DPD-n \u00e9s DHL-en kereszt\u00fcl v\u00e9gezz\u00fck, \u00edgy a v\u00e1mkezel\u00e9s m\u00e1r megt\u00f6rt\u00e9nt, \u00e9s nem lesznek v\u00e1ratlan esem\u00e9nyek a v\u00e1mn\u00e1l.<\/p>\n<h2 data-v-md-heading=\"why-do-you-like-it\" data-v-md-line=\"41\">Mi\u00e9rt tetszik?<\/h2>\n<p data-v-md-line=\"42\"><strong>Hatalmas sz\u00edv\u00e1s<\/strong>Hosszabb \u00e9lettartam\u00e1nak k\u00f6sz\u00f6nhet\u0151en nem kell gyakran \u00fajakat v\u00e1s\u00e1rolnia.<br \/>\n<strong>Nikotin kiv\u00e1laszt\u00e1s<\/strong>V\u00e1lassza ki a szok\u00e1sainak megfelel\u0151 nikotinkoncentr\u00e1ci\u00f3t.<br \/>\n<strong>\u00dajrat\u00f6lthet\u0151<\/strong>Haszn\u00e1lja a megv\u00e1s\u00e1rolt 18 milliliteres \u0171rtartalm\u00fa flakont.<br \/>\n<strong>H\u00e1l\u00f3s tekercs<\/strong>: Minden alkalommal folyamatos \u00e9s gazdag \u00edzt hozhat.<\/p>\n<h2 data-v-md-heading=\"why-choose-to-collaborate-with-agoravape\" data-v-md-line=\"47\">Mi\u00e9rt \u00e9rdemes az AgoraVape-pel egy\u00fcttm\u0171k\u00f6dni?<\/h2>\n<p data-v-md-line=\"48\">Kiz\u00e1r\u00f3lag 100%-ban eredeti, megb\u00edzhat\u00f3 m\u00e1rk\u00e1k term\u00e9keit forgalmazzuk. Ha nagykereskedelmi \u00e1ron v\u00e1s\u00e1rolsz Old School KP10000 10K sz\u00edv\u00f3h\u00e1l\u00f3s tekercses vape-eket, kedvezm\u00e9nyes \u00e1rakat, stabil \u00fcgyf\u00e9lszolg\u00e1latot \u00e9s gyors DDP kisz\u00e1ll\u00edt\u00e1st \u00e9lvezhetsz. L\u00e9pj vel\u00fcnk kapcsolatba, hogy \u00fcgyfeleidnek olyan eszk\u00f6z\u00f6ket biztos\u00edthass, amelyeket \u00e9rdemes \u00fajra megv\u00e1s\u00e1rolni.<\/p>","protected":false},"excerpt":{"rendered":"<p>&nbsp;<\/p>\n<p><script src=\"chrome-extension:\/\/fpelahbljekknahkcaegamhcndkfpfnc\/iFrame.js\" type=\"text\/javascript\"><\/script><\/p>\n<p><script src=\"chrome-extension:\/\/fpelahbljekknahkcaegamhcndkfpfnc\/iFrame.js\" type=\"text\/javascript\"><\/script><\/p>\n<p><script src=\"chrome-extension:\/\/fpelahbljekknahkcaegamhcndkfpfnc\/iFrame.js\" type=\"text\/javascript\"><\/script><\/p>\n<p><script src=\"chrome-extension:\/\/fpelahbljekknahkcaegamhcndkfpfnc\/iFrame.js\" type=\"text\/javascript\"><\/script><\/p>\n<p><script src=\"chrome-extension:\/\/fpelahbljekknahkcaegamhcndkfpfnc\/iFrame.js\" type=\"text\/javascript\"><\/script><\/p>\n<p><script src=\"chrome-extension:\/\/fpelahbljekknahkcaegamhcndkfpfnc\/iFrame.js\" type=\"text\/javascript\"><\/script><\/p>\n<p><script src=\"chrome-extension:\/\/fpelahbljekknahkcaegamhcndkfpfnc\/iFrame.js\" type=\"text\/javascript\"><\/script><\/p>\n<p><script src=\"chrome-extension:\/\/fpelahbljekknahkcaegamhcndkfpfnc\/iFrame.js\" type=\"text\/javascript\"><\/script><\/p>","protected":false},"featured_media":15198,"comment_status":"open","ping_status":"closed","template":"","meta":[],"product_brand":[219],"product_cat":[124,187,185,189,174,175,193,146,191,173,186,180,190],"product_tag":[],"class_list":{"0":"post-15178","1":"product","2":"type-product","3":"status-publish","4":"has-post-thumbnail","6":"product_brand-old-school","7":"product_cat-vape-by-brand","8":"product_cat-0mg-nicotine-free-vapes","9":"product_cat-10000-puffs-high-capacity","10":"product_cat-20mg-standard-nicotine-vapes","11":"product_cat-fruit-flavors","12":"product_cat-icy-mint","13":"product_cat-mesh-coil","14":"product_cat-old-school","15":"product_cat-rechargeable-disposables","16":"product_cat-vape-by-flavor-profile","17":"product_cat-vape-by-nicotine-strength","18":"product_cat-vape-by-puff-count","19":"product_cat-vape-by-feature-or-type","21":"first","22":"onbackorder","23":"shipping-taxable","24":"purchasable","25":"product-type-variable","26":"has-default-attributes"},"tiered_pricing_type":"percentage","tiered_pricing_fixed_rules":[],"tiered_pricing_product_settings":{"layout":"default","base_unit_name":{"singular":null,"plural":null},"default_variation":null},"tiered_pricing_minimum_quantity":10,"tiered_pricing_roles_data":[],"tiered_pricing_percentage_rules":{"30":"29","50":"35","100":"40","200":"44","500":"47","1000":"49"},"tiered_pricing_maximum_quantity":null,"tiered_pricing_quantity_step":"10","_links":{"self":[{"href":"https:\/\/agoravape.com\/hu\/wp-json\/wp\/v2\/product\/15178","targetHints":{"allow":["GET"]}}],"collection":[{"href":"https:\/\/agoravape.com\/hu\/wp-json\/wp\/v2\/product"}],"about":[{"href":"https:\/\/agoravape.com\/hu\/wp-json\/wp\/v2\/types\/product"}],"replies":[{"embeddable":true,"href":"https:\/\/agoravape.com\/hu\/wp-json\/wp\/v2\/comments?post=15178"}],"version-history":[{"count":0,"href":"https:\/\/agoravape.com\/hu\/wp-json\/wp\/v2\/product\/15178\/revisions"}],"wp:featuredmedia":[{"embeddable":true,"href":"https:\/\/agoravape.com\/hu\/wp-json\/wp\/v2\/media\/15198"}],"wp:attachment":[{"href":"https:\/\/agoravape.com\/hu\/wp-json\/wp\/v2\/media?parent=15178"}],"wp:term":[{"taxonomy":"product_brand","embeddable":true,"href":"https:\/\/agoravape.com\/hu\/wp-json\/wp\/v2\/product_brand?post=15178"},{"taxonomy":"product_cat","embeddable":true,"href":"https:\/\/agoravape.com\/hu\/wp-json\/wp\/v2\/product_cat?post=15178"},{"taxonomy":"product_tag","embeddable":true,"href":"https:\/\/agoravape.com\/hu\/wp-json\/wp\/v2\/product_tag?post=15178"}],"curies":[{"name":"wp","href":"https:\/\/api.w.org\/{rel}","templated":true}]}}