{"id":15205,"date":"2025-10-16T10:00:30","date_gmt":"2025-10-16T02:00:30","guid":{"rendered":"https:\/\/green-grasshopper-921422.hostingersite.com\/?post_type=product&#038;p=15205"},"modified":"2026-02-22T15:15:45","modified_gmt":"2026-02-22T14:15:45","slug":"breze-stiik-bs-blaze-10k-puffs-vape","status":"publish","type":"product","link":"https:\/\/agoravape.com\/hu\/product\/breze-stiik-bs-blaze-10k-puffs-vape\/","title":{"rendered":"Breze Stiik BS Blaze 10K Puffs LED kijelz\u0151s vape | Hosszan tart\u00f3 \u00edz okoskijelz\u0151vel"},"content":{"rendered":"<h2 data-v-md-heading=\"breze-stiik-bs-blaze-10-what-are-the-special-features-of-an-vape-with-a-thousand-led-display-screens\" data-v-md-line=\"3\">Breze Stiik BS Blaze 10, Milyen k\u00fcl\u00f6nleges tulajdons\u00e1gai vannak egy ezer LED kijelz\u0151vel ell\u00e1tott vape-nek?<\/h2>\n<p data-v-md-line=\"4\">Ha eleged van az eldobhat\u00f3 vape-ekb\u0151l, ez a term\u00e9k sokkal k\u00f6nnyebb\u00e9 teheti a hetedet. A Breze Stiik BS Blaze ak\u00e1r 10000 port kapacit\u00e1ssal rendelkezik, \u00e9s egy \u00e1tl\u00e1tsz\u00f3 LED kijelz\u0151vel van felszerelve, amely egyszerre k\u00e9pes megjelen\u00edteni az akkumul\u00e1tor \u00e9s az e-folyad\u00e9k szintj\u00e9t, \u00edgy b\u00e1rmikor nyomon k\u00f6vetheted az \u00e1llapotot.<\/p>\n<p data-v-md-line=\"6\">B\u00e1rmely felhaszn\u00e1l\u00f3 sz\u00e1m\u00e1ra alkalmas, aki megb\u00edzhat\u00f3s\u00e1gra, finom \u00edzre v\u00e1gyik, \u00e9s nem kell agg\u00f3dnia a be\u00e1ll\u00edt\u00e1sok miatt. Azt gondolhatja, hogy egy ilyen nagy kapacit\u00e1s\u00fa vape-k\u00e9sz\u00fcl\u00e9k neh\u00e9zkes, de a hordozhat\u00f3s\u00e1ga meglepni fog. K\u00f6nny\u0171 \u00e9s hordozhat\u00f3, k\u00f6nnyen haszn\u00e1lhat\u00f3.<\/p>\n<h2 data-v-md-heading=\"excellent-performance-worry-free\" data-v-md-line=\"8\">Kiv\u00e1l\u00f3 teljes\u00edtm\u00e9ny, gondtalan<\/h2>\n<p data-v-md-line=\"9\">Az 1,2 \u03a9-os h\u00e1l\u00f3s tekercs minden alkalommal sima \u00e9s egyenletes sz\u00edv\u00e1st biztos\u00edt, ami azt jelenti, hogy az \u00edz az els\u0151 falatt\u00f3l az utols\u00f3ig egyedi marad. A LED kijelz\u0151 egy pillant\u00e1ssal mutatja az akkumul\u00e1tor \u00e9s az e-folyad\u00e9k fennmarad\u00f3 szintj\u00e9t, \u00edgy nem kell tal\u00e1lgatnod. Ha az akkumul\u00e1tor lemer\u00fcl\u0151ben van, haszn\u00e1lhatod a m\u00e1r megl\u00e9v\u0151 szabv\u00e1nyos Type-C adatk\u00e1belt a t\u00f6lt\u00e9shez. Egyszer\u0171.<\/p>\n<h2 data-v-md-heading=\"specification-overview\" data-v-md-line=\"11\">Specifik\u00e1ci\u00f3 \u00e1ttekint\u00e9se<\/h2>\n<ul data-v-md-line=\"12\">\n<li>Sz\u00edv\u00e1s gyakoris\u00e1ga: ak\u00e1r 10000-szer<\/li>\n<li>E-folyad\u00e9k kapacit\u00e1sa: 18 milliliter<\/li>\n<li>Akkumul\u00e1tor: 650mAh (\u00fajrat\u00f6lthet\u0151)<\/li>\n<li>Porlaszt\u00f3 mag: 1,2 ohmos h\u00e1l\u00f3<\/li>\n<li>Kijelz\u0151: LED kijelz\u0151, amely mutatja az akkumul\u00e1tor \u00e9s az e-folyad\u00e9k szintj\u00e9t<\/li>\n<li>M\u0171k\u00f6d\u00e9si elv: sz\u00edv\u00f3 aktiv\u00e1l\u00e1s<\/li>\n<li>Charging: Type-C USB port<\/li>\n<li>M\u00e9ret: 106 \u00d7 46 \u00d7 21 millim\u00e9ter<\/li>\n<li>S\u00faly: 72 gramm<\/li>\n<li>\u00c1llapot: Kicsomagol\u00e1s ut\u00e1n azonnal haszn\u00e1lhat\u00f3<\/li>\n<li>Nikotin: Az el\u00e9rhet\u0151 koncentr\u00e1ci\u00f3k r\u00e9gi\u00f3nk\u00e9nt \u00e9s szab\u00e1lyoz\u00e1sonk\u00e9nt elt\u00e9r\u0151ek lehetnek. K\u00e9rj\u00fck, vegye fel vel\u00fcnk a kapcsolatot az aktu\u00e1lis opci\u00f3 meger\u0151s\u00edt\u00e9s\u00e9hez.<\/li>\n<\/ul>\n<h2 data-v-md-heading=\"full-range-of-flavors\" data-v-md-line=\"24\">Full range of flavors<\/h2>\n<ul data-v-md-line=\"25\">\n<li>Sarkvid\u00e9ki sz\u0151l\u0151<\/li>\n<li>Fekete j\u00e9g<\/li>\n<li>Tiszta \u00e9s tiszta<\/li>\n<li>Cseresznye-citrom<\/li>\n<li>Mint Mint<\/li>\n<li>\u0150r\u00fclt eper<\/li>\n<li>K\u00f3kuszliget illat<\/li>\n<li>M\u00e1lna-citrom<\/li>\n<li>Savany\u00fa alma<\/li>\n<li>G\u00f6r\u00f6gdinnye j\u00e9g<\/li>\n<\/ul>\n<h2 data-v-md-heading=\"for-you-for-your-business\" data-v-md-line=\"36\">\u00d6nnek, az \u00d6n v\u00e1llalkoz\u00e1s\u00e1nak<\/h2>\n<p data-v-md-line=\"37\">V\u00e1s\u00e1rolhatsz egyet magadnak, vagy felhalmozhatod az \u00fczleted sz\u00e1m\u00e1ra. A BS Blaze dobozonk\u00e9nt 10 \u00e9s dobozonk\u00e9nt 200 egys\u00e9get k\u00edn\u00e1l, \u00edgy egyszer\u0171 az el\u0151rejelz\u00e9s \u00e9s a polcrendszer megtervez\u00e9se. Eur\u00f3pa-szerte DDP sz\u00e1ll\u00edt\u00e1si szolg\u00e1ltat\u00e1sokat ny\u00fajtunk olyan megb\u00edzhat\u00f3 partnereken kereszt\u00fcl, mint a UPS, a DPD \u00e9s a DHL, \u00edgy gyorsan megkaphatod az \u00e1ruidat, \u00e9s int\u00e9zheted a v\u00e1mkezel\u00e9st, hogy elker\u00fcld a v\u00e1ratlan helyzeteket a v\u00e1mn\u00e1l.<\/p>\n<p data-v-md-line=\"39\">Nagyobb mennyis\u00e9g vagy rendszeres rendel\u00e9s eset\u00e9n k\u00e9rj\u00fck, jelezze fel\u00e9nk. Csapatunk az \u00d6n \u00fctemterv\u00e9nek megfelel\u0151en gondoskodik a k\u00e9szletr\u0151l \u00e9s a sz\u00e1ll\u00edt\u00e1sr\u00f3l.<\/p>\n<h2 data-v-md-heading=\"why-do-you-like-it\" data-v-md-line=\"41\">Mi\u00e9rt tetszik?<\/h2>\n<ul data-v-md-line=\"42\">\n<li>Hatalmas sz\u00edv\u00f3er\u0151: ak\u00e1r 10000 egys\u00e9g is elegend\u0151, ami kevesebb \u00fajrat\u00f6lt\u00e9st \u00e9s gondot jelent.<\/li>\n<li>Nikotinv\u00e1laszt\u00e1s: V\u00e1lassza ki az \u00d6nnek \u00e9s a piac\u00e1nak megfelel\u0151 nikotinkoncentr\u00e1ci\u00f3t.<\/li>\n<li>\u00dajrat\u00f6lthet\u0151: A teljes 18 milliliter nikotint felhaszn\u00e1lhatod, nem csak az els\u0151 t\u00f6lt\u00e9s ut\u00e1n megmaradt mennyis\u00e9get.<\/li>\n<li>H\u00e1l\u00f3s tekercs: Egyenletes \u00edz, sima \u00e9s akad\u00e1lytalan sz\u00edv\u00e1s minden alkalommal.<\/li>\n<li>Intelligens LED kijelz\u0151: Az akkumul\u00e1tor \u00e9s az e-folyad\u00e9k adatait egy pillant\u00e1ssal, tal\u00e1lgat\u00e1s n\u00e9lk\u00fcl tekintheti meg.<\/li>\n<\/ul>\n<h2 data-v-md-heading=\"why-choose-agoravape\" data-v-md-line=\"48\">Mi\u00e9rt v\u00e1lassza az AgoraVape-et?<\/h2>\n<p data-v-md-line=\"49\">Kiz\u00e1r\u00f3lag 100%-ban eredeti term\u00e9keket k\u00edn\u00e1lunk, \u00e9s felel\u0151ss\u00e9get v\u00e1llalunk az \u00e1ltalunk forgalmazott term\u00e9kek\u00e9rt. A Breze Stiik BS Blaze 10K megv\u00e1s\u00e1rl\u00e1s\u00e1val versenyk\u00e9pes nagykereskedelmi \u00e1rakat, gyors \u00fcgyf\u00e9lszolg\u00e1latot, valamint gyors \u00e9s megb\u00edzhat\u00f3 DDP kisz\u00e1ll\u00edt\u00e1si szolg\u00e1ltat\u00e1sokat kap. A kiskereskedelmi megrendel\u00e9sek fizet\u00e9s\u00e9n\u00e9l \u00e9letkor-ellen\u0151rz\u00e9st v\u00e9gz\u00fcnk, \u00e9s seg\u00edt\u00fcnk a B2B \u00fcgyfeleknek meg\u00e9rteni a helyi el\u0151\u00edr\u00e1sokat, lehet\u0151v\u00e9 t\u00e9ve, hogy az \u00e9rt\u00e9kes\u00edt\u00e9sre koncentr\u00e1lhasson. Szeretne olyan eszk\u00f6zt lefoglalni, amelyet az \u00fcgyfelek \u00fajra megv\u00e1s\u00e1rolnak? K\u00e9rj\u00fck, vegye fel vel\u00fcnk a kapcsolatot, \u00e9s mi int\u00e9zz\u00fck az \u00fcgyint\u00e9z\u00e9st.<\/p>","protected":false},"excerpt":{"rendered":"<p>Breze Stiik BS Blaze 10, Milyen k\u00fcl\u00f6nleges tulajdons\u00e1gai vannak egy ezer LED-es kijelz\u0151vel rendelkez\u0151 vape-nek? Ha<\/p>","protected":false},"featured_media":15223,"comment_status":"open","ping_status":"closed","template":"","meta":[],"product_brand":[220],"product_cat":[124,185,147,174,175,193,191,173,186,180,190,192],"product_tag":[],"class_list":{"0":"post-15205","1":"product","2":"type-product","3":"status-publish","4":"has-post-thumbnail","6":"product_brand-breze-stiik","7":"product_cat-vape-by-brand","8":"product_cat-10000-puffs-high-capacity","9":"product_cat-breze-stiik","10":"product_cat-fruit-flavors","11":"product_cat-icy-mint","12":"product_cat-mesh-coil","13":"product_cat-rechargeable-disposables","14":"product_cat-vape-by-flavor-profile","15":"product_cat-vape-by-nicotine-strength","16":"product_cat-vape-by-puff-count","17":"product_cat-vape-by-feature-or-type","18":"product_cat-vapes-with-screens","20":"first","21":"onbackorder","22":"shipping-taxable","23":"purchasable","24":"product-type-variable","25":"has-default-attributes"},"tiered_pricing_type":"percentage","tiered_pricing_fixed_rules":[],"tiered_pricing_product_settings":{"layout":"default","base_unit_name":{"singular":null,"plural":null},"default_variation":null},"tiered_pricing_minimum_quantity":10,"tiered_pricing_roles_data":[],"tiered_pricing_percentage_rules":{"30":"29","50":"35","100":"40","200":"44","500":"47","1000":"49"},"tiered_pricing_maximum_quantity":null,"tiered_pricing_quantity_step":"10","_links":{"self":[{"href":"https:\/\/agoravape.com\/hu\/wp-json\/wp\/v2\/product\/15205","targetHints":{"allow":["GET"]}}],"collection":[{"href":"https:\/\/agoravape.com\/hu\/wp-json\/wp\/v2\/product"}],"about":[{"href":"https:\/\/agoravape.com\/hu\/wp-json\/wp\/v2\/types\/product"}],"replies":[{"embeddable":true,"href":"https:\/\/agoravape.com\/hu\/wp-json\/wp\/v2\/comments?post=15205"}],"version-history":[{"count":0,"href":"https:\/\/agoravape.com\/hu\/wp-json\/wp\/v2\/product\/15205\/revisions"}],"wp:featuredmedia":[{"embeddable":true,"href":"https:\/\/agoravape.com\/hu\/wp-json\/wp\/v2\/media\/15223"}],"wp:attachment":[{"href":"https:\/\/agoravape.com\/hu\/wp-json\/wp\/v2\/media?parent=15205"}],"wp:term":[{"taxonomy":"product_brand","embeddable":true,"href":"https:\/\/agoravape.com\/hu\/wp-json\/wp\/v2\/product_brand?post=15205"},{"taxonomy":"product_cat","embeddable":true,"href":"https:\/\/agoravape.com\/hu\/wp-json\/wp\/v2\/product_cat?post=15205"},{"taxonomy":"product_tag","embeddable":true,"href":"https:\/\/agoravape.com\/hu\/wp-json\/wp\/v2\/product_tag?post=15205"}],"curies":[{"name":"wp","href":"https:\/\/api.w.org\/{rel}","templated":true}]}}