{"id":15244,"date":"2025-10-16T10:37:06","date_gmt":"2025-10-16T02:37:06","guid":{"rendered":"https:\/\/green-grasshopper-921422.hostingersite.com\/?post_type=product&#038;p=15244"},"modified":"2026-03-31T04:20:54","modified_gmt":"2026-03-31T02:20:54","slug":"breze-stiik-bs8500-8500-puffok-vape","status":"publish","type":"product","link":"https:\/\/agoravape.com\/hu\/product\/breze-stiik-bs8500-8500-puffs-vape\/","title":{"rendered":"Breze Stick BS8500 8500 F\u00faj\u00e1sos \u00dajrat\u00f6lthet\u0151 Vape | Nagy F\u00faj\u00e1sok. Egyszer\u0171 \u00dajrat\u00f6lt\u00e9s"},"content":{"rendered":"<h2 data-v-md-heading=\"what-is-special-about-the-breze-stiik-bs8500-8500-rechargeable-vape\" data-v-md-line=\"3\"><img loading=\"lazy\" decoding=\"async\" class=\"aligncenter size-full wp-image-15242\" src=\"https:\/\/agoravape.com\/wp-content\/uploads\/2025\/10\/Breze-Stiik-BS8500-8500-Puffs-Rechargeable-Vape_Agora_vape-1-scaled.webp\" alt=\"\" width=\"2560\" height=\"1901\" srcset=\"https:\/\/agoravape.com\/wp-content\/uploads\/2025\/10\/Breze-Stiik-BS8500-8500-Puffs-Rechargeable-Vape_Agora_vape-1-scaled.webp 2560w, https:\/\/agoravape.com\/wp-content\/uploads\/2025\/10\/Breze-Stiik-BS8500-8500-Puffs-Rechargeable-Vape_Agora_vape-1-scaled-1200x891.webp 1200w, https:\/\/agoravape.com\/wp-content\/uploads\/2025\/10\/Breze-Stiik-BS8500-8500-Puffs-Rechargeable-Vape_Agora_vape-1-300x223.webp 300w, https:\/\/agoravape.com\/wp-content\/uploads\/2025\/10\/Breze-Stiik-BS8500-8500-Puffs-Rechargeable-Vape_Agora_vape-1-1024x760.webp 1024w, https:\/\/agoravape.com\/wp-content\/uploads\/2025\/10\/Breze-Stiik-BS8500-8500-Puffs-Rechargeable-Vape_Agora_vape-1-768x570.webp 768w, https:\/\/agoravape.com\/wp-content\/uploads\/2025\/10\/Breze-Stiik-BS8500-8500-Puffs-Rechargeable-Vape_Agora_vape-1-1536x1140.webp 1536w, https:\/\/agoravape.com\/wp-content\/uploads\/2025\/10\/Breze-Stiik-BS8500-8500-Puffs-Rechargeable-Vape_Agora_vape-1-2048x1521.webp 2048w\" sizes=\"auto, (max-width: 2560px) 100vw, 2560px\" \/><\/h2>\n<h2 data-v-md-heading=\"what-is-special-about-the-breze-stiik-bs8500-8500-rechargeable-vape\" data-v-md-line=\"3\">Mi a k\u00fcl\u00f6nleges a Breze Stiik BS8500 8500 \u00fajrat\u00f6lthet\u0151 vape-ben?<\/h2>\n<p data-v-md-line=\"4\">Ha eleged van az eldobhat\u00f3 vape-ekb\u0151l, amiket m\u00e9g az e-folyad\u00e9k kifogy\u00e1sa el\u0151tt kiselejteznek, \u00e9rdemes lehet megn\u00e9zned a Breze Stiik BS8500-at. Ez egy \u00fajrat\u00f6lthet\u0151, eldobhat\u00f3 vape, ak\u00e1r 8500 slukk \u00e9s 17 milliliter e-folyad\u00e9k kapacit\u00e1s\u00e1val, \u00edgy kiv\u00e1l\u00f3 \u00e1r-\u00e9rt\u00e9k ar\u00e1nyt biztos\u00edt.<\/p>\n<p data-v-md-line=\"6\">B\u00e1rmely vape-felhaszn\u00e1l\u00f3 sz\u00e1m\u00e1ra alkalmas, aki megb\u00edzhat\u00f3s\u00e1gra, finom \u00edzre \u00e9s k\u00f6nnyed haszn\u00e1latra v\u00e1gyik. A gumiszer\u0171 gyantah\u00e9j k\u00e9nyelmes fog\u00e1st biztos\u00edt \u00e9s nem cs\u00faszik el. A sz\u00ednes, \u00e1tl\u00e1tsz\u00f3 sz\u00edv\u00f3fej egyszer\u0171 \u00e9s eleg\u00e1ns, a kompakt test pedig k\u00f6nnyen elf\u00e9r egy zsebben. Azt gondolhatn\u00e1d, hogy egy ekkora kapacit\u00e1s\u00fa vape neh\u00e9zkes, de meglep\u0151dsz majd, milyen k\u00f6nny\u0171 \u00e9s hordozhat\u00f3.<\/p>\n<h2 data-v-md-heading=\"excellent-performance-easy-and-convenient\" data-v-md-line=\"8\">Kiv\u00e1l\u00f3 teljes\u00edtm\u00e9ny, egyszer\u0171 \u00e9s k\u00e9nyelmes<\/h2>\n<p data-v-md-line=\"9\">A BS8500 magja h\u00e1l\u00f3s tekercseket haszn\u00e1l, hogy minden falat olyan finom legyen, mint az els\u0151 korty. Az \u00edze megszak\u00edt\u00e1sok n\u00e9lk\u00fcl \u00e1lland\u00f3 marad. Amikor az akkumul\u00e1tor lemer\u00fcl, a Type-C csatlakoz\u00f3n kereszt\u00fcl t\u00f6lthet\u0151, amely megegyezik a ma haszn\u00e1lt telefonokban haszn\u00e1lt t\u00f6lt\u0151k\u00e1bellel. Nincs sz\u00fcks\u00e9g speci\u00e1lis t\u00f6lt\u0151kre, egyszer\u0171 \u00e9s k\u00e9nyelmes.<\/p>\n<h2 data-v-md-heading=\"specification-introduction\" data-v-md-line=\"11\">Specifik\u00e1ci\u00f3 Bevezet\u00e9s<\/h2>\n<ul data-v-md-line=\"12\">\n<li>Sz\u00edv\u00e1s gyakoris\u00e1ga: ak\u00e1r 8500-szor<\/li>\n<li>Nikotintartalom: 2% vagy 5%<\/li>\n<li>E-folyad\u00e9k kapacit\u00e1sa: 17 milliliter<\/li>\n<li>Porlaszt\u00f3 mag: 1,2 \u03a9 h\u00e1l\u00f3<\/li>\n<li>Akkumul\u00e1tor: 600 mAh-s \u00fajrat\u00f6lthet\u0151 akkumul\u00e1tor<\/li>\n<li>M\u0171k\u00f6d\u00e9si elv: Egyetlen f\u00faj\u00e1ssal aktiv\u00e1lhat\u00f3<\/li>\n<li>Charging: Standard Type-C USB interface<\/li>\n<li>\u00c1llapot: Kicsomagol\u00e1s ut\u00e1n haszn\u00e1latra k\u00e9sz<\/li>\n<\/ul>\n<h2 data-v-md-heading=\"full-range-of-flavors\" data-v-md-line=\"21\">Full range of flavors<\/h2>\n<ul data-v-md-line=\"22\">\n<li>Narancsl\u00e9 sz\u00f3da<\/li>\n<li>\u00c1fonya, m\u00e1lna, citrom<\/li>\n<li>Sz\u0151l\u0151sz\u00f3da<\/li>\n<li>Anan\u00e1sz, alma, k\u00f6rte<\/li>\n<li>Mang\u00f3, \u0150szibarack, G\u00f6r\u00f6gdinnye<\/li>\n<li>G\u00f6r\u00f6gdinnye j\u00e9g<\/li>\n<li>Epres kr\u00e9m<\/li>\n<li>Sziv\u00e1rv\u00e1ny cukorka<\/li>\n<li>Mint Mint<\/li>\n<li>Eper kivi<\/li>\n<li>Finom<\/li>\n<li>\u00c1fonya-citrom-menta<\/li>\n<li>Cseresznye k\u00f3la<\/li>\n<li>K\u00f3kuszliget illat<\/li>\n<li>Menta r\u00e1g\u00f3gumi<\/li>\n<li>Eper \u00e9s ban\u00e1n<\/li>\n<\/ul>\n<h2 data-v-md-heading=\"for-you-and-your-business\" data-v-md-line=\"39\">\u00d6nnek \u00e9s v\u00e1llalkoz\u00e1s\u00e1nak<\/h2>\n<p data-v-md-line=\"40\">A Breze Stiiket itt v\u00e1s\u00e1rolhatja meg, az \u00d6n BS8500 szabv\u00e1ny\u00e1nak megfelel\u0151en. Ha vape boltot vagy web\u00e1ruh\u00e1zat \u00fczemeltet, 10 csomagot v\u00e1s\u00e1rolhat \u00f6mlesztve. A t\u00f6meges rendel\u00e9seket 200 kartondobozban sz\u00e1ll\u00edtjuk a k\u00f6nny\u0171 ut\u00e1np\u00f3tl\u00e1s \u00e9rdek\u00e9ben.<\/p>\n<p data-v-md-line=\"42\">Megb\u00edzhat\u00f3 partnerekkel, p\u00e9ld\u00e1ul a UPS-szel, a DPD-vel \u00e9s a DHL-lel dolgozunk egy\u00fctt a DDP k\u00e9zbes\u00edt\u00e9si szolg\u00e1ltat\u00e1sok biztos\u00edt\u00e1sa \u00e9rdek\u00e9ben, \u00edgy a v\u00e1mtarif\u00e1k el\u0151re fizethet\u0151k a v\u00e1mbalesetek elker\u00fcl\u00e9se \u00e9rdek\u00e9ben. Gyors sz\u00e1ll\u00edt\u00e1s \u00e9s gyors kisz\u00e1ll\u00edt\u00e1s.<\/p>\n<h2 data-v-md-heading=\"why-do-you-like-it\" data-v-md-line=\"44\">Mi\u00e9rt tetszik?<\/h2>\n<ul data-v-md-line=\"45\">\n<li>Nagy doh\u00e1nyz\u00e1si kapacit\u00e1s: tart\u00f3s \u00e9s hossz\u00fa \u00e9lettartam\u00fa, nem kell gyakran \u00faj cigarett\u00e1t v\u00e1s\u00e1rolni.<\/li>\n<li>Nikotintartalom kiv\u00e1laszt\u00e1sa: V\u00e1lasszon 2%-ot vagy 5%-ot az \u00d6n preferenci\u00e1i szerint.<\/li>\n<li>\u00dajrat\u00f6lthet\u0151: Haszn\u00e1ljon minden e-folyad\u00e9kot an\u00e9lk\u00fcl, hogy kidobn\u00e1 a f\u00e9lig haszn\u00e1lt eszk\u00f6z\u00f6ket.<\/li>\n<li>H\u00e1l\u00f3s porlaszt\u00f3mag: Egyenletes \u00edz, sima \u00e9s foly\u00e9kony az elej\u00e9t\u0151l a v\u00e9g\u00e9ig.<\/li>\n<li>K\u00e9nyelmes t\u00f6lt\u00e9s: A Type-C csatlakoz\u00f3 gyors \u00e9s k\u00e9nyelmes t\u00f6lt\u00e9st biztos\u00edt.<\/li>\n<\/ul>\n<h2 data-v-md-heading=\"why-choose-to-collaborate-with-agoravape\" data-v-md-line=\"51\">Mi\u00e9rt \u00e9rdemes az AgoraVape-pel egy\u00fcttm\u0171k\u00f6dni?<\/h2>\n<p data-v-md-line=\"52\">Kiz\u00e1r\u00f3lag 100%-ban eredeti term\u00e9keket forgalmazunk, \u00e9s garant\u00e1ljuk a sz\u00e1ll\u00edtm\u00e1nyok min\u0151s\u00e9g\u00e9t. Kereskedelmi \u00fcgyfelek sz\u00e1m\u00e1ra ez azt jelenti, hogy a Breze Stiik BS8500 8500 \u00fajrat\u00f6lthet\u0151 vape rendk\u00edv\u00fcl versenyk\u00e9pes nagykereskedelmi \u00e1rakkal, megb\u00edzhat\u00f3 \u00fcgyf\u00e9lszolg\u00e1lattal \u00e9s megb\u00edzhat\u00f3 DDP logisztik\u00e1val rendelkezik. L\u00e9pjen kapcsolatba vel\u00fcnk, hogy olyan eszk\u00f6zt k\u00e9sz\u00edtsen el\u0151 \u00fcgyfelei sz\u00e1m\u00e1ra, amelyre \u00e9rdemes visszat\u00e9rni.<\/p>","protected":false},"excerpt":{"rendered":"<p>&nbsp;<\/p>","protected":false},"featured_media":15266,"comment_status":"open","ping_status":"closed","template":"","meta":[],"product_brand":[220],"product_cat":[124,185,176,147,177,174,175,193,191,173,186,180,190],"product_tag":[],"class_list":{"0":"post-15244","1":"product","2":"type-product","3":"status-publish","4":"has-post-thumbnail","6":"product_brand-breze-stiik","7":"product_cat-vape-by-brand","8":"product_cat-10000-puffs-high-capacity","9":"product_cat-beverage","10":"product_cat-breze-stiik","11":"product_cat-dessert-sweets","12":"product_cat-fruit-flavors","13":"product_cat-icy-mint","14":"product_cat-mesh-coil","15":"product_cat-rechargeable-disposables","16":"product_cat-vape-by-flavor-profile","17":"product_cat-vape-by-nicotine-strength","18":"product_cat-vape-by-puff-count","19":"product_cat-vape-by-feature-or-type","21":"first","22":"onbackorder","23":"shipping-taxable","24":"purchasable","25":"product-type-variable","26":"has-default-attributes"},"tiered_pricing_type":"percentage","tiered_pricing_fixed_rules":[],"tiered_pricing_product_settings":{"layout":"default","base_unit_name":{"singular":null,"plural":null},"default_variation":null},"tiered_pricing_minimum_quantity":10,"tiered_pricing_roles_data":[],"tiered_pricing_percentage_rules":{"30":"29","50":"35","100":"40","200":"44","500":"47","1000":"49"},"tiered_pricing_maximum_quantity":null,"tiered_pricing_quantity_step":"10","_links":{"self":[{"href":"https:\/\/agoravape.com\/hu\/wp-json\/wp\/v2\/product\/15244","targetHints":{"allow":["GET"]}}],"collection":[{"href":"https:\/\/agoravape.com\/hu\/wp-json\/wp\/v2\/product"}],"about":[{"href":"https:\/\/agoravape.com\/hu\/wp-json\/wp\/v2\/types\/product"}],"replies":[{"embeddable":true,"href":"https:\/\/agoravape.com\/hu\/wp-json\/wp\/v2\/comments?post=15244"}],"version-history":[{"count":1,"href":"https:\/\/agoravape.com\/hu\/wp-json\/wp\/v2\/product\/15244\/revisions"}],"predecessor-version":[{"id":29823,"href":"https:\/\/agoravape.com\/hu\/wp-json\/wp\/v2\/product\/15244\/revisions\/29823"}],"wp:featuredmedia":[{"embeddable":true,"href":"https:\/\/agoravape.com\/hu\/wp-json\/wp\/v2\/media\/15266"}],"wp:attachment":[{"href":"https:\/\/agoravape.com\/hu\/wp-json\/wp\/v2\/media?parent=15244"}],"wp:term":[{"taxonomy":"product_brand","embeddable":true,"href":"https:\/\/agoravape.com\/hu\/wp-json\/wp\/v2\/product_brand?post=15244"},{"taxonomy":"product_cat","embeddable":true,"href":"https:\/\/agoravape.com\/hu\/wp-json\/wp\/v2\/product_cat?post=15244"},{"taxonomy":"product_tag","embeddable":true,"href":"https:\/\/agoravape.com\/hu\/wp-json\/wp\/v2\/product_tag?post=15244"}],"curies":[{"name":"wp","href":"https:\/\/api.w.org\/{rel}","templated":true}]}}