{"id":15353,"date":"2025-10-16T12:44:02","date_gmt":"2025-10-16T04:44:02","guid":{"rendered":"https:\/\/green-grasshopper-921422.hostingersite.com\/?post_type=product&#038;p=15353"},"modified":"2026-01-19T22:03:59","modified_gmt":"2026-01-19T14:03:59","slug":"myde-ds-15-1500-puffs-vape","status":"publish","type":"product","link":"https:\/\/agoravape.com\/hu\/product\/myde-ds-15-1500-puffs-vape\/","title":{"rendered":"Myde DS-15 1500 F\u00faj\u00e1sos Kompakt Mesh Tekercses Vape | Zsebbar\u00e1t \u00cdz, Ami Kitart"},"content":{"rendered":"<h2 data-v-md-heading=\"how-about-the-myde-ds-15-1500-close-fitting-mesh-coil-vape\" data-v-md-line=\"3\">Mit sz\u00f3ln\u00e1l a Myde DS-15 1500 szoros illeszked\u00e9s\u0171 h\u00e1l\u00f3s tekercses vape-hez?<\/h2>\n<p data-v-md-line=\"4\">Ha egy egyszer\u0171 \u00e9s k\u00f6nnyen kezelhet\u0151 vape-t szeretne, kiv\u00e1l\u00f3 \u00edzzel \u00e9s akad\u00e1lyok n\u00e9lk\u00fcl, a Myde DS-15 az ide\u00e1lis v\u00e1laszt\u00e1s. Kompakt \u00e9s k\u00f6nny\u0171, ak\u00e1r 1500 f\u00fcst\u00f6l\u00e9s el\u0151\u00e1ll\u00edt\u00e1s\u00e1ra k\u00e9pes, tiszta \u00e9s stabil sz\u00edv\u00e1st biztos\u00edt.<\/p>\n<p data-v-md-line=\"6\">Azt gondolhatod, hogy egy ilyen nagy kapacit\u00e1s\u00fa vape terjedelmes lesz, de ez a vape megtartja karcs\u00fa megjelen\u00e9s\u00e9t, \u00edgy k\u00f6nnyen hordozhat\u00f3. Sima fel\u00fcletkezel\u00e9s, nagyon k\u00e9nyelmes k\u00e9zben tartani. Ha stabil \u00edzt szeretne a be\u00e1ll\u00edt\u00e1sok be\u00e1ll\u00edt\u00e1s\u00e1val vagy a patronok cser\u00e9j\u00e9vel j\u00e1r\u00f3 gondok n\u00e9lk\u00fcl, akkor ez a term\u00e9k az ide\u00e1lis v\u00e1laszt\u00e1s.<\/p>\n<h2 data-v-md-heading=\"excellent-performance-easy-and-convenient\" data-v-md-line=\"8\">Kiv\u00e1l\u00f3 teljes\u00edtm\u00e9ny, egyszer\u0171 \u00e9s k\u00e9nyelmes<\/h2>\n<p data-v-md-line=\"9\">A DS-15 1,2 \u03a9-os h\u00e1l\u00f3s tekercset haszn\u00e1l, amely egyenletesen k\u00e9pes elvezetni a h\u0151t, \u00edgy minden falat olyan finom lesz, mint az els\u0151 \u00edz. Nincs sz\u00fcks\u00e9g gombokra. Csak vegyen egy l\u00e9legzetet, \u00e9s m\u00e1r indul is. Nincs sz\u00fcks\u00e9g t\u00f6lt\u00e9sre, \u00edgy a napi haszn\u00e1lat egyszer\u0171v\u00e9 v\u00e1lik.<\/p>\n<h2 data-v-md-heading=\"specification-introduction\" data-v-md-line=\"11\">Specifik\u00e1ci\u00f3 Bevezet\u00e9s<\/h2>\n<ul data-v-md-line=\"12\">\n<li>Sz\u00edv\u00e1s gyakoris\u00e1ga: ak\u00e1r 1500-szor<\/li>\n<li>Nikotin: legfeljebb 20 milligramm milliliterenk\u00e9nt, a piaci szab\u00e1lyoz\u00e1st\u00f3l f\u00fcgg\u0151en.<\/li>\n<li>M\u0171k\u00f6d\u00e9si elv: Bel\u00e9gz\u00e9ssel aktiv\u00e1l\u00f3dik<\/li>\n<li>T\u00f6lt\u00e9si m\u00f3dszer: t\u00f6lt\u00e9s: Nincs sz\u00fcks\u00e9g t\u00f6lt\u00e9sre<\/li>\n<li>\u00c1llapot: Kicsomagol\u00e1s ut\u00e1n haszn\u00e1latra k\u00e9sz<\/li>\n<\/ul>\n<h2 data-v-md-heading=\"full-range-of-flavors\" data-v-md-line=\"18\">Full range of flavors<\/h2>\n<ul data-v-md-line=\"19\">\n<li>G\u00f6r\u00f6gdinnye j\u00e9g<\/li>\n<li>\u00c1fonya \u00e9s m\u00e1lna<\/li>\n<li>Eper g\u00f6r\u00f6gdinnye<\/li>\n<li>Eper \u00e9s ban\u00e1n<\/li>\n<li>Cseresznye<\/li>\n<li>Eperfagylalt<\/li>\n<li>Fagylalt<\/li>\n<li>Mang\u00f3 j\u00e9g<\/li>\n<li>Vegyes bogy\u00f3s gy\u00fcm\u00f6lcs\u00f6k<\/li>\n<li>Eper sz\u0151l\u0151<\/li>\n<li>K\u00e9k j\u00e9gp\u00e1lya<\/li>\n<li>Eper kivi<\/li>\n<li>\u0150szibarack \u00e9s mang\u00f3<\/li>\n<li>Barack fagylalt<\/li>\n<li>\u00c1fony\u00e1s r\u00e1g\u00f3gumi<\/li>\n<li>Bogy\u00f3s citromos v\u00edz<\/li>\n<li>Epres V\u00f6r\u00f6s Bika<\/li>\n<li>G\u00f6r\u00f6gdinnye r\u00e1g\u00f3gumi<\/li>\n<li>Raspberry watermelon<\/li>\n<li>\u00c1fonya, cseresznye, \u00e1fonya<\/li>\n<li>Eper puff<\/li>\n<li>S\u00e1rk\u00e1nygy\u00fcm\u00f6lcs j\u00e9g<\/li>\n<li>Anan\u00e1sz j\u00e9g<\/li>\n<li>Red Energy Ice<\/li>\n<li>Coca-Cola j\u00e9g<\/li>\n<li>K\u00f6rte j\u00e9g<\/li>\n<\/ul>\n<h2 data-v-md-heading=\"for-you-for-your-business\" data-v-md-line=\"46\">\u00d6nnek, az \u00d6n v\u00e1llalkoz\u00e1s\u00e1nak<\/h2>\n<p data-v-md-line=\"47\">Ha minden nap k\u00f6nnyed\u00e9n szeretn\u00e9 \u00e9lvezni a p\u00e1rologtat\u00e1st, v\u00e1s\u00e1roljon egy DS-15-\u00f6t. Ha fizikai vagy online boltot \u00fczemeltet, seg\u00edt\u00fcnk \u00d6nnek felt\u00f6lteni a k\u00e9szleteket. Nagykereskedelmi csomagol\u00e1st biztos\u00edtunk, \u00e9s teljes eur\u00f3pai v\u00e1mos DDP-sz\u00e1ll\u00edt\u00e1st haszn\u00e1lunk a v\u00e1mk\u00e9sedelmek \u00e9s a tov\u00e1bbi d\u00edjak elker\u00fcl\u00e9se \u00e9rdek\u00e9ben. Olyan megb\u00edzhat\u00f3 partnerekkel dolgozunk egy\u00fctt, mint a UPS, a DPD \u00e9s a DHL, hogy biztos\u00edtsuk a megb\u00edzhat\u00f3 sz\u00e1ll\u00edt\u00e1st \u00e9s az egy\u00e9rtelm\u0171 nyomon k\u00f6vet\u00e9st.<\/p>\n<p data-v-md-line=\"49\">Ha k\u00fcl\u00f6nleges csomagol\u00e1si m\u00e9retekre vagy \u00edzkombin\u00e1ci\u00f3kra van sz\u00fcks\u00e9ge, k\u00e9rj\u00fck, forduljon csapatunkhoz. Gyorsan elint\u00e9zz\u00fck \u00d6nnek.<\/p>\n<h2 data-v-md-heading=\"why-do-you-like-it\" data-v-md-line=\"51\">Mi\u00e9rt tetszik?<\/h2>\n<ul data-v-md-line=\"52\">\n<li>Hatalmas sz\u00edv\u00e1s: Tart\u00f3s \u00e9s hossz\u00fa \u00e9lettartam\u00fa, nem kell n\u00e9h\u00e1ny naponta cser\u00e9lni.<\/li>\n<li>Nikotin kiv\u00e1laszt\u00e1sa: V\u00e1lassza ki az inhal\u00e1ci\u00f3s m\u00f3dszernek megfelel\u0151 koncentr\u00e1ci\u00f3t.<\/li>\n<li>Nincs sz\u00fcks\u00e9g t\u00f6lt\u00e9sre: azonnal haszn\u00e1lhat\u00f3, nem kell vezet\u00e9keket csatlakoztatni.<\/li>\n<li>H\u00e1l\u00f3s tekercs: Az els\u0151 falatt\u00f3l az utols\u00f3ig az \u00edze konzisztens \u00e9s sima marad.<\/li>\n<li>Kompakt szerkezet: k\u00f6nnyen hordozhat\u00f3 \u00e9s visszafogott, amikor kimegy.<\/li>\n<\/ul>\n<h2 data-v-md-heading=\"why-collaborate-with-agoravape\" data-v-md-line=\"58\">Mi\u00e9rt \u00e9rdemes az AgoraVape-pel egy\u00fcttm\u0171k\u00f6dni?<\/h2>\n<p data-v-md-line=\"59\">Kiz\u00e1r\u00f3lag eredeti 100% term\u00e9keket forgalmazunk, \u00e9s felel\u00fcnk azok min\u0151s\u00e9g\u00e9\u00e9rt. \u00c9lvezheti a rendk\u00edv\u00fcl versenyk\u00e9pes nagykereskedelmi \u00e1rakat, a gyors reag\u00e1l\u00f3 t\u00e1mogat\u00e1st \u00e9s a gyors DDP-sz\u00e1ll\u00edt\u00e1st a z\u00f6kken\u0151mentes \u00e9s akad\u00e1lytalan m\u0171k\u00f6d\u00e9s biztos\u00edt\u00e1sa \u00e9rdek\u00e9ben. K\u00f6vetj\u00fck az uni\u00f3s piaci szabv\u00e1nyokat, bele\u00e9rtve a nikotinkoncentr\u00e1ci\u00f3ra \u00e9s az e-folyad\u00e9k kapacit\u00e1s\u00e1ra vonatkoz\u00f3 TPD korl\u00e1toz\u00e1sokat. Szigor\u00fa korellen\u0151rz\u00e9st v\u00e9gz\u00fcnk minden megrendel\u00e9sn\u00e9l. Ha b\u00e1rmilyen probl\u00e9ma mer\u00fclne fel, tisztess\u00e9ges visszak\u00fcld\u00e9si folyamatunk \u00e9s bar\u00e1ts\u00e1gos \u00fcgyf\u00e9lszolg\u00e1latunk seg\u00edts\u00e9g\u00e9vel k\u00f6nnyed\u00e9n megoldhatja azokat.<\/p>\n<p data-v-md-line=\"61\">Szeretn\u00e9 a Myde DS-15 1500 kompakt h\u00e1l\u00f3s tekercses vape-t a polcaira tenni? Vegye fel vel\u00fcnk a kapcsolatot, \u00e9s mi seg\u00edt\u00fcnk \u00d6nnek olyan \u00edzv\u00e1laszt\u00e9kot l\u00e9trehozni, amely magas v\u00e1s\u00e1rl\u00f3i megtart\u00e1si ar\u00e1nnyal rendelkezik.<\/p>","protected":false},"excerpt":{"rendered":"<p>&nbsp;<\/p>","protected":false},"featured_media":15385,"comment_status":"open","ping_status":"closed","template":"","meta":[],"product_brand":[221],"product_cat":[124,182,176,177,174,175,193,148,173,186,180,190],"product_tag":[],"class_list":{"0":"post-15353","1":"product","2":"type-product","3":"status-publish","4":"has-post-thumbnail","6":"product_brand-myde","7":"product_cat-vape-by-brand","8":"product_cat-800-1500-puffs","9":"product_cat-beverage","10":"product_cat-dessert-sweets","11":"product_cat-fruit-flavors","12":"product_cat-icy-mint","13":"product_cat-mesh-coil","14":"product_cat-myde","15":"product_cat-vape-by-flavor-profile","16":"product_cat-vape-by-nicotine-strength","17":"product_cat-vape-by-puff-count","18":"product_cat-vape-by-feature-or-type","20":"first","21":"onbackorder","22":"shipping-taxable","23":"purchasable","24":"product-type-variable","25":"has-default-attributes"},"tiered_pricing_type":"percentage","tiered_pricing_fixed_rules":[],"tiered_pricing_product_settings":{"layout":"default","base_unit_name":{"singular":null,"plural":null},"default_variation":null},"tiered_pricing_minimum_quantity":10,"tiered_pricing_roles_data":[],"tiered_pricing_percentage_rules":{"100":"40","200":"44","500":"47","1000":"49"},"tiered_pricing_maximum_quantity":null,"tiered_pricing_quantity_step":"10","_links":{"self":[{"href":"https:\/\/agoravape.com\/hu\/wp-json\/wp\/v2\/product\/15353","targetHints":{"allow":["GET"]}}],"collection":[{"href":"https:\/\/agoravape.com\/hu\/wp-json\/wp\/v2\/product"}],"about":[{"href":"https:\/\/agoravape.com\/hu\/wp-json\/wp\/v2\/types\/product"}],"replies":[{"embeddable":true,"href":"https:\/\/agoravape.com\/hu\/wp-json\/wp\/v2\/comments?post=15353"}],"version-history":[{"count":0,"href":"https:\/\/agoravape.com\/hu\/wp-json\/wp\/v2\/product\/15353\/revisions"}],"wp:featuredmedia":[{"embeddable":true,"href":"https:\/\/agoravape.com\/hu\/wp-json\/wp\/v2\/media\/15385"}],"wp:attachment":[{"href":"https:\/\/agoravape.com\/hu\/wp-json\/wp\/v2\/media?parent=15353"}],"wp:term":[{"taxonomy":"product_brand","embeddable":true,"href":"https:\/\/agoravape.com\/hu\/wp-json\/wp\/v2\/product_brand?post=15353"},{"taxonomy":"product_cat","embeddable":true,"href":"https:\/\/agoravape.com\/hu\/wp-json\/wp\/v2\/product_cat?post=15353"},{"taxonomy":"product_tag","embeddable":true,"href":"https:\/\/agoravape.com\/hu\/wp-json\/wp\/v2\/product_tag?post=15353"}],"curies":[{"name":"wp","href":"https:\/\/api.w.org\/{rel}","templated":true}]}}