{"id":15417,"date":"2025-10-16T13:10:46","date_gmt":"2025-10-16T05:10:46","guid":{"rendered":"https:\/\/green-grasshopper-921422.hostingersite.com\/?post_type=product&#038;p=15417"},"modified":"2026-03-31T04:20:53","modified_gmt":"2026-03-31T02:20:53","slug":"myde-haven-18000-puffs-dual-mesh-vape","status":"publish","type":"product","link":"https:\/\/agoravape.com\/hu\/product\/myde-haven-18000-puffs-dual-mesh-vape\/","title":{"rendered":"Myde Haven 18000 F\u00faj\u00e1s Dupla H\u00e1l\u00f3s Tekercses Vape | Nagy F\u00faj\u00e1sok Sz\u00e1ma, Sima \u00cdz"},"content":{"rendered":"<h2 data-v-md-heading=\"what-is-special-about-the-myrde-haven-18000-dual-mesh-coil-vape\" data-v-md-line=\"3\">Mi a k\u00fcl\u00f6nleges a Myrde Haven 18000 dual mesh tekercses vape-ben?<\/h2>\n<p data-v-md-line=\"4\">Ha belef\u00e1radt az eldobhat\u00f3 p\u00e1rologtat\u00f3kba, \u00e9s az akkumul\u00e1tor t\u00fal kor\u00e1n lemer\u00fcl, \u00e9rdemes megn\u00e9znie ezt a term\u00e9ket. A MyDe Haven kett\u0151s h\u00e1l\u00f3s tekercseket haszn\u00e1l, amelyek ak\u00e1r 18000 sz\u00e1jt\u00f6lt\u00e9st is k\u00e9pesek biztos\u00edtani, stabil \u00edzt biztos\u00edtva az els\u0151 harap\u00e1st\u00f3l az utols\u00f3 harap\u00e1sig. Nincs sz\u00fcks\u00e9g f\u00e1raszt\u00f3 m\u0171veletekre, megb\u00edzhat\u00f3 teljes\u00edtm\u00e9nyt \u00e9rhet el nap mint nap.<\/p>\n<p data-v-md-line=\"6\">Alkalmas minden olyan felhaszn\u00e1l\u00f3 sz\u00e1m\u00e1ra, aki hossz\u00fa \u00e9lettartamra, k\u00e9nyelmes haszn\u00e1latra t\u00f6rekszik, \u00e9s nincs sz\u00fcks\u00e9g bonyolult be\u00e1ll\u00edt\u00e1sokra. Azt gondolhatod, hogy egy ilyen nagy sz\u00e1jsz\u00e9less\u00e9g\u0171 e-cigaretta terjedelmes lenne, de ez az e-cigaretta nagyon hordozhat\u00f3. A k\u00e9sz\u00fcl\u00e9ktest massz\u00edv \u00e9s k\u00f6nny\u0171, \u00edgy k\u00f6nnyen elf\u00e9r egy kab\u00e1tban vagy t\u00e1sk\u00e1ban.<\/p>\n<h2 data-v-md-heading=\"excellent-performance-worry-free\" data-v-md-line=\"8\">Kiv\u00e1l\u00f3 teljes\u00edtm\u00e9ny, gondtalan<\/h2>\n<p data-v-md-line=\"9\">Az 1,1 \u03a9-os dupla h\u00e1l\u00f3s tekercs viseli a nagy felel\u0151ss\u00e9get. Egyenletesen meleg\u00edt, \u00edgy minden egyes falat ugyanolyan tiszta lesz, mint az els\u0151. Gazdag \u00edz \u00e9s tart\u00f3s mag. Ha az akkumul\u00e1tor lemer\u00fcl, egyszer\u0171en t\u00f6ltse fel a tov\u00e1bbi haszn\u00e1lathoz. Egyszer\u0171 \u00e9s k\u00e9nyelmes. A megv\u00e1s\u00e1rolt 15 milliliternyi teljes e-folyad\u00e9kot haszn\u00e1lhatja.<\/p>\n<h2 data-v-md-heading=\"specification-overview\" data-v-md-line=\"11\">Specifik\u00e1ci\u00f3 \u00e1ttekint\u00e9se<\/h2>\n<ul data-v-md-line=\"12\">\n<li>Sz\u00edv\u00e1s gyakoris\u00e1ga: ak\u00e1r 18000-szer<\/li>\n<li>Tekercs: 1.1 \u03a9 dupla h\u00e1l\u00f3s<\/li>\n<li>E-folyad\u00e9k kapacit\u00e1sa: 15 milliliter<\/li>\n<li>Akkumul\u00e1tor: 600 mAh-s \u00fajrat\u00f6lthet\u0151 akkumul\u00e1tor<\/li>\n<li>M\u0171k\u00f6d\u00e9si elv: Bel\u00e9gz\u00e9ssel aktiv\u00e1lhat\u00f3<\/li>\n<li>T\u00f6lt\u00e9s: t\u00f6lt\u0151port<\/li>\n<li>M\u00e9ret: 99,6 \u00d7 45 \u00d7 22,5 mm<\/li>\n<li>S\u00faly: 72 gramm<\/li>\n<li>\u00c1llapot: Kicsomagol\u00e1s ut\u00e1n azonnal haszn\u00e1lhat\u00f3<\/li>\n<li>Nikotin: A lehet\u0151s\u00e9gek piack\u00e9nt v\u00e1ltoznak. Az \u00d6n orsz\u00e1g\u00e1ban\/r\u00e9gi\u00f3j\u00e1ban megl\u00e9v\u0151 term\u00e9kel\u0151ny\u00f6k meger\u0151s\u00edt\u00e9se \u00e9rdek\u00e9ben l\u00e9pjen kapcsolatba vel\u00fcnk.<\/li>\n<\/ul>\n<h2 data-v-md-heading=\"full-flavor-series\" data-v-md-line=\"23\">Teljes \u00edz\u0171 sorozat<\/h2>\n<ul data-v-md-line=\"24\">\n<li>Eperfagylalt<\/li>\n<li>Sz\u0151l\u0151fagylalt<\/li>\n<li>Szeder s\u00e1rk\u00e1nygy\u00fcm\u00f6lcs j\u00e9g<\/li>\n<li>H\u00e1rmas bogy\u00f3s j\u00e9g<\/li>\n<li>Epres g\u00f6r\u00f6gdinnyefagylalt<\/li>\n<li>K\u00e9k j\u00e9gp\u00e1lya<\/li>\n<li>Cseresznye-citrom j\u00e9g<\/li>\n<li>G\u00f6r\u00f6gdinnye j\u00e9g<\/li>\n<li>Epres-m\u00e1ln\u00e1s j\u00e9g<\/li>\n<li>Kiwi maracuja guava j\u00e9g<\/li>\n<li>Mentolos j\u00e9g<\/li>\n<li>Eper \u00e1fonya cseresznye j\u00e9g<\/li>\n<li>Sz\u0151l\u0151 bogy\u00f3 j\u00e9g<\/li>\n<li>Barackos g\u00f6r\u00f6gdinnye j\u00e9g<\/li>\n<li>Epres-kivis fagylalt<\/li>\n<li>\u0150szibarack, mang\u00f3, g\u00f6r\u00f6gdinnye, j\u00e9g<\/li>\n<li>Peach, Mango, Pineapple Ice<\/li>\n<li>Nagyszer\u0171 (doh\u00e1ny \u00edz\u0171)<\/li>\n<li>Epres g\u00f6r\u00f6gdinnye r\u00e1g\u00f3gumi j\u00e9g<\/li>\n<li>Mr. Blue Ice<\/li>\n<\/ul>\n<h2 data-v-md-heading=\"for-you-and-your-business\" data-v-md-line=\"45\">\u00d6nnek \u00e9s v\u00e1llalkoz\u00e1s\u00e1nak<\/h2>\n<p data-v-md-line=\"46\">V\u00e1laszthatsz magadnak term\u00e9keket, vagy felhalmozhatod a boltod sz\u00e1m\u00e1ra. Nagykeresked\u0151k sz\u00e1m\u00e1ra z\u00e1rt kiskereskedelmi csomagol\u00e1st \u00e9s nagym\u00e9ret\u0171 csomagol\u00f3 dobozokat biztos\u00edtunk. A csomagol\u00f3 dobozok sz\u00e1ma t\u00e9telenk\u00e9nt v\u00e1ltozik. K\u00e9rj\u00fck, vegye fel vel\u00fcnk a kapcsolatot az aktu\u00e1lis csomagol\u00e1si m\u00e9retek \u00e9s raklapinform\u00e1ci\u00f3k miatt.<\/p>\n<p data-v-md-line=\"48\">Olyan megb\u00edzhat\u00f3 partnerekkel dolgozunk egy\u00fctt, mint a UPS, a DPD \u00e9s a DHL, hogy az Eur\u00f3pai Uni\u00f3n bel\u00fcl DDP-k\u00e9zbes\u00edt\u00e9si szolg\u00e1ltat\u00e1sokat ny\u00fajtsunk. A v\u00e1mok el\u0151zetes feldolgoz\u00e1sa a v\u00e1ratlan v\u00e1mesem\u00e9nyek elker\u00fcl\u00e9se \u00e9rdek\u00e9ben. A teljes folyamat nyomon k\u00f6vethet\u0151 a k\u00e9zbes\u00edt\u00e9shez. Biztons\u00e1gos fizet\u00e9si m\u00f3d. A p\u00e9nzt\u00e1rt\u00f3l a h\u00e1zhozsz\u00e1ll\u00edt\u00e1sig minden folyamat apr\u00f3l\u00e9kos.<\/p>\n<p data-v-md-line=\"50\">Megfelel\u0151s\u00e9gi k\u00f6zlem\u00e9ny: Az ell\u00e1t\u00e1si helyzet \u00e9s a nikotinkoncentr\u00e1ci\u00f3 orsz\u00e1gonk\u00e9nt\/r\u00e9gi\u00f3nk\u00e9nt elt\u00e9r\u0151 lehet. Olyan modelleket k\u00edn\u00e1lunk, amelyek megfelelnek az uni\u00f3s szabv\u00e1nyoknak. K\u00e9rj\u00fck, konzult\u00e1ljon az \u00d6n piac\u00e1n m\u0171k\u00f6d\u0151 besz\u00e1ll\u00edt\u00f3kkal.<\/p>\n<h2 data-v-md-heading=\"why-do-you-like-it\" data-v-md-line=\"52\">Mi\u00e9rt tetszik?<\/h2>\n<ul data-v-md-line=\"53\">\n<li>Nagy sz\u00edv\u00f3k\u00e9pess\u00e9g: tart\u00f3s \u00e9s hossz\u00fa \u00e9lettartam\u00fa, nincs sz\u00fcks\u00e9g gyakori v\u00e1s\u00e1rl\u00e1sra<\/li>\n<li>Dupla h\u00e1l\u00f3s porlaszt\u00f3mag: Konzisztens \u00edz, sima sz\u00edv\u00e1s minden alkalommal<\/li>\n<li>\u00dajrat\u00f6lthet\u0151: 15 milliliter kapacit\u00e1s teljes kihaszn\u00e1l\u00e1sa pazarl\u00e1s n\u00e9lk\u00fcl.<\/li>\n<li>Hordozhat\u00f3 \u00e9s k\u00f6nnyen hordozhat\u00f3: nagy kapacit\u00e1s, nincs k\u00e9s\u00e9s\u00e9rzet<\/li>\n<li>K\u00f6nnyen haszn\u00e1lhat\u00f3: Nincs gomb vagy men\u00fc, csak egy gyeng\u00e9d sz\u00edv\u00e1s.<\/li>\n<\/ul>\n<h2 data-v-md-heading=\"why-choose-to-collaborate-with-agoravape\" data-v-md-line=\"59\">Mi\u00e9rt \u00e9rdemes az AgoraVape-pel egy\u00fcttm\u0171k\u00f6dni?<\/h2>\n<p data-v-md-line=\"60\">Kiz\u00e1r\u00f3lag megb\u00edzhat\u00f3 forr\u00e1sokb\u00f3l sz\u00e1rmaz\u00f3, eredeti 100% term\u00e9keket forgalmazunk. Eur\u00f3pa egyik legmegb\u00edzhat\u00f3bb e-cigaretta forgalmaz\u00f3jak\u00e9nt kedvezm\u00e9nyes nagykereskedelmi \u00e1rakat, kiv\u00e1l\u00f3 min\u0151s\u00e9g\u0171 technikai t\u00e1mogat\u00e1st, valamint gyors \u00e9s megb\u00edzhat\u00f3 EU-sz\u00e1ll\u00edt\u00e1si szolg\u00e1ltat\u00e1sokat k\u00edn\u00e1lunk. <a class=\"wpil_keyword_link\" href=\"https:\/\/agoravape.com\/hu\/vape-marka-szerint\/mrvi\/\" target=\"_blank\" rel=\"noopener\" title=\"APR\u00d3\" data-wpil-keyword-link=\"linked\" data-wpil-monitor-id=\"7168\">MyDe<\/a> Haven 18000 kett\u0151s h\u00e1l\u00f3s tekercs\u0171 e-cigaretta. Meg szeretn\u00e9 v\u00e1s\u00e1rolni? Vegye fel vel\u00fcnk a kapcsolatot, \u00e9s mi olyan term\u00e9ket k\u00e9sz\u00edt\u00fcnk, amely val\u00f3ban vonzza az \u00fcgyfeleit.<\/p>","protected":false},"excerpt":{"rendered":"<p>&nbsp;<\/p>","protected":false},"featured_media":15462,"comment_status":"open","ping_status":"closed","template":"","meta":[],"product_brand":[221],"product_cat":[124,185,174,175,193,148,191,178,179,173,186,180,190],"product_tag":[],"class_list":{"0":"post-15417","1":"product","2":"type-product","3":"status-publish","4":"has-post-thumbnail","6":"product_brand-myde","7":"product_cat-vape-by-brand","8":"product_cat-10000-puffs-high-capacity","9":"product_cat-fruit-flavors","10":"product_cat-icy-mint","11":"product_cat-mesh-coil","12":"product_cat-myde","13":"product_cat-rechargeable-disposables","14":"product_cat-tobacco","15":"product_cat-unique-blends","16":"product_cat-vape-by-flavor-profile","17":"product_cat-vape-by-nicotine-strength","18":"product_cat-vape-by-puff-count","19":"product_cat-vape-by-feature-or-type","21":"first","22":"onbackorder","23":"shipping-taxable","24":"purchasable","25":"product-type-variable","26":"has-default-attributes"},"tiered_pricing_type":"percentage","tiered_pricing_fixed_rules":[],"tiered_pricing_product_settings":{"layout":"default","base_unit_name":{"singular":null,"plural":null},"default_variation":null},"tiered_pricing_minimum_quantity":10,"tiered_pricing_roles_data":[],"tiered_pricing_percentage_rules":{"100":"40","200":"44","500":"47","1000":"49"},"tiered_pricing_maximum_quantity":null,"tiered_pricing_quantity_step":"10","_links":{"self":[{"href":"https:\/\/agoravape.com\/hu\/wp-json\/wp\/v2\/product\/15417","targetHints":{"allow":["GET"]}}],"collection":[{"href":"https:\/\/agoravape.com\/hu\/wp-json\/wp\/v2\/product"}],"about":[{"href":"https:\/\/agoravape.com\/hu\/wp-json\/wp\/v2\/types\/product"}],"replies":[{"embeddable":true,"href":"https:\/\/agoravape.com\/hu\/wp-json\/wp\/v2\/comments?post=15417"}],"version-history":[{"count":1,"href":"https:\/\/agoravape.com\/hu\/wp-json\/wp\/v2\/product\/15417\/revisions"}],"predecessor-version":[{"id":29820,"href":"https:\/\/agoravape.com\/hu\/wp-json\/wp\/v2\/product\/15417\/revisions\/29820"}],"wp:featuredmedia":[{"embeddable":true,"href":"https:\/\/agoravape.com\/hu\/wp-json\/wp\/v2\/media\/15462"}],"wp:attachment":[{"href":"https:\/\/agoravape.com\/hu\/wp-json\/wp\/v2\/media?parent=15417"}],"wp:term":[{"taxonomy":"product_brand","embeddable":true,"href":"https:\/\/agoravape.com\/hu\/wp-json\/wp\/v2\/product_brand?post=15417"},{"taxonomy":"product_cat","embeddable":true,"href":"https:\/\/agoravape.com\/hu\/wp-json\/wp\/v2\/product_cat?post=15417"},{"taxonomy":"product_tag","embeddable":true,"href":"https:\/\/agoravape.com\/hu\/wp-json\/wp\/v2\/product_tag?post=15417"}],"curies":[{"name":"wp","href":"https:\/\/api.w.org\/{rel}","templated":true}]}}