{"id":15531,"date":"2025-10-16T16:14:35","date_gmt":"2025-10-16T08:14:35","guid":{"rendered":"https:\/\/green-grasshopper-921422.hostingersite.com\/?post_type=product&#038;p=15531"},"modified":"2026-01-19T22:03:39","modified_gmt":"2026-01-19T14:03:39","slug":"myde-crystal-bar-1500-puffs-vape","status":"publish","type":"product","link":"https:\/\/agoravape.com\/hu\/product\/myde-crystal-bar-1500-puffs-vape\/","title":{"rendered":"Myde Crystal Bar 1500 F\u00faj\u00e1sos Mesh Spir\u00e1los Vape | Nagy F\u00faj\u00e1sok Sz\u00e1ma. Tiszta Mesh \u00cdz."},"content":{"rendered":"<h2 data-v-md-heading=\"what-is-special-about-the-myde-crystal-bar-1500-mouth-mesh-coil-vape\" data-v-md-line=\"3\">Mi a k\u00fcl\u00f6nleges a Myde Crystal Bar 1500 sz\u00e1jbet\u00e9tes vape-ben?<\/h2>\n<p data-v-md-line=\"4\">Ha egy egyszer\u0171 vape-re v\u00e1gysz, kiv\u00e1l\u00f3 \u00edzzel az els\u0151 falatt\u00f3l az utols\u00f3ig, akkor ez a term\u00e9k az ide\u00e1lis v\u00e1laszt\u00e1s. A Myde Crystal Bar h\u00e1l\u00f3s tekercskialak\u00edt\u00e1ssal rendelkezik, amely lehet\u0151v\u00e9 teszi a gazdag \u00edzek egyszer\u0171 megtapasztal\u00e1s\u00e1t b\u00e1rmilyen manipul\u00e1ci\u00f3 n\u00e9lk\u00fcl.<\/p>\n<p data-v-md-line=\"6\">B\u00e1rkinek megfelel\u0151, aki k\u00f6nnyen hordozhat\u00f3 \u00e9s k\u00e9nyelmesen hordozhat\u00f3 eldobhat\u00f3 vape-t szeretne. Lehet, hogy \u00fagy t\u0171nik, hogy ez a nagy kaliber\u0171 vape orm\u00f3tlan, de k\u00f6nny\u0171 \u00e9s k\u00f6nnyen hordozhat\u00f3.<\/p>\n<p data-v-md-line=\"8\">R\u00f6vid magyar\u00e1zat a megfelel\u0151s\u00e9gr\u0151l. Ez az eszk\u00f6z 2 milliliter e-folyad\u00e9k t\u00e1rol\u00e1s\u00e1ra alkalmas, \u00e9s megfelel a legt\u00f6bb EU-s piac TPD-korl\u00e1toz\u00e1sainak. Az 1500 portra vonatkoz\u00f3 adat r\u00f6vid t\u00e1vols\u00e1g\u00fa kontrollvizsg\u00e1latb\u00f3l sz\u00e1rmazik. A t\u00e9nyleges l\u00e9legzetv\u00e9telek sz\u00e1ma a bel\u00e9gz\u00e9s intenzit\u00e1s\u00e1t\u00f3l \u00e9s id\u0151tartam\u00e1t\u00f3l f\u00fcgg\u0151en v\u00e1ltozhat.<\/p>\n<h2 data-v-md-heading=\"excellent-performance-without-any-complex-operations\" data-v-md-line=\"10\">Kiv\u00e1l\u00f3 teljes\u00edtm\u00e9ny bonyolult m\u0171veletek n\u00e9lk\u00fcl<\/h2>\n<p data-v-md-line=\"11\">A h\u00e1l\u00f3s tekercs viseli az \u00f6sszes felel\u0151ss\u00e9get. Egyenletesen meleg\u00edthet\u0151 az \u00e1lland\u00f3 \u00edz biztos\u00edt\u00e1sa \u00e9rdek\u00e9ben, \u00e9s egy-k\u00e9t nap ut\u00e1n sem t\u0171nik el. Az 500 mAh-s akkumul\u00e1tort kifejezetten a tekercshez hangolt\u00e1k, hogy stabil teljes\u00edtm\u00e9nyt biztos\u00edtson a teljes olajoz\u00e1si folyamat sor\u00e1n. Csak l\u00e9legezzen be, \u00e9s \u00e9lvezze a vape \u00e9lm\u00e9nyt. Nincs sz\u00fcks\u00e9g gombokra, nincs sz\u00fcks\u00e9g men\u00fckre.<\/p>\n<h2 data-v-md-heading=\"specification-overview\" data-v-md-line=\"13\">Specifik\u00e1ci\u00f3 \u00e1ttekint\u00e9se<\/h2>\n<ul data-v-md-line=\"14\">\n<li>Sz\u00edv\u00e1s gyakoris\u00e1ga: ak\u00e1r 1500-szor<\/li>\n<li>Nikotinkoncentr\u00e1ci\u00f3: Piaconk\u00e9nt elt\u00e9r\u0151ek lehetnek a koncentr\u00e1ci\u00f3k. A TPD r\u00e9gi\u00f3kban a maxim\u00e1lisan megengedett koncentr\u00e1ci\u00f3 20 milligramm milliliterenk\u00e9nt. K\u00e9rj\u00fck, vegye fel vel\u00fcnk a kapcsolatot az el\u00e9rhet\u0151 opci\u00f3k meger\u0151s\u00edt\u00e9s\u00e9hez.<\/li>\n<li>M\u0171k\u00f6d\u00e9si elv: Bel\u00e9gz\u00e9ssel aktiv\u00e1lhat\u00f3<\/li>\n<li>T\u00f6lt\u00e9s: Jelenleg nem \u00e9rhet\u0151 el. Eldobhat\u00f3 elem<\/li>\n<li>\u00c1llapot: Kicsomagol\u00e1s ut\u00e1n haszn\u00e1latra k\u00e9sz<\/li>\n<\/ul>\n<h2 data-v-md-heading=\"full-range-of-flavors\" data-v-md-line=\"20\">Full range of flavors<\/h2>\n<ul data-v-md-line=\"21\">\n<li>Citrom \u00e9s lime<\/li>\n<li>\u0150r\u00fclt k\u00e9k<\/li>\n<li>Sziv\u00e1rv\u00e1ny cukorka<\/li>\n<li>Alma \u0151szibarack<\/li>\n<li>\u00c1fony\u00e1s-citromos v\u00edz<\/li>\n<li>Eperp\u00fcr\u00e9<\/li>\n<li>G\u00f6r\u00f6gdinnye j\u00e9g<\/li>\n<li>G\u00f6r\u00f6gdinnye r\u00e1g\u00f3gumi<\/li>\n<li>Csereszny\u00e9s sz\u00f3da<\/li>\n<li>\u00c1fonya<\/li>\n<\/ul>\n<h2 data-v-md-heading=\"for-you-and-for-your-business-as-well\" data-v-md-line=\"32\">Neked, \u00e9s a v\u00e1llalkoz\u00e1sodnak is<\/h2>\n<p data-v-md-line=\"33\">V\u00e1s\u00e1roljon mag\u00e1nak, egyszer\u0171en \u00e9s k\u00e9nyelmesen. V\u00e1lassza ki az \u00edzl\u00e9s\u00e9t. Kos\u00e1rba. K\u00e9sz. Ha fizikai vagy online \u00e1ruh\u00e1zat \u00fczemeltet, nagykereskedelmi kartondobozokat tudunk biztos\u00edtani stabil t\u00e9telekkel. A kartondobozok mennyis\u00e9ge a gy\u00e1rt\u00e1si t\u00e9telt\u0151l f\u00fcgg\u0151en v\u00e1ltozhat. K\u00e9rj\u00fck, vegye fel vel\u00fcnk a kapcsolatot az aktu\u00e1lis mennyis\u00e9g\u00e9rt \u00e9s az oszt\u00e1lyozott \u00e1rak\u00e9rt.<\/p>\n<p data-v-md-line=\"35\">V\u00e1mfizet\u00e9ses k\u00e9zbes\u00edt\u00e9st (DDP) biztos\u00edtunk Eur\u00f3p\u00e1n bel\u00fcl a UPS, a DPD \u00e9s a DHL szolg\u00e1ltat\u00e1sain kereszt\u00fcl. El\u0151zetes v\u00e1mfeldolgoz\u00e1s a v\u00e1ratlan v\u00e1mlevon\u00e1sok elker\u00fcl\u00e9se \u00e9rdek\u00e9ben. Biztons\u00e1gos fizet\u00e9s. Teljes sz\u00e1ml\u00e1k. \u00c1tl\u00e1that\u00f3 nyomon k\u00f6vet\u00e9s h\u00e1zhozsz\u00e1ll\u00edt\u00e1st\u00f3l h\u00e1zhoz.<\/p>\n<h2 data-v-md-heading=\"why-do-you-like-it\" data-v-md-line=\"37\">Mi\u00e9rt tetszik?<\/h2>\n<ul data-v-md-line=\"38\">\n<li>Nagy sz\u00edv\u00f3kapacit\u00e1s: cs\u00f6kkenti a cser\u00e9k sz\u00e1m\u00e1t, \u00edgy sim\u00e1bb\u00e1 teszi a napj\u00e1t<\/li>\n<li>H\u00e1l\u00f3s tekercs: Gazdag text\u00fara, hosszan tart\u00f3 sz\u00edv\u00f3er\u0151<\/li>\n<li>Nem kell t\u00f6lteni: Haszn\u00e1lat ut\u00e1n a helyi ir\u00e1nyelveknek megfelel\u0151en hasznos\u00edtsa \u00fajra<\/li>\n<li>K\u00e9nyelmes sz\u00edv\u00e1s: Nincs sz\u00fcks\u00e9g gombokra, csak sz\u00edvjon be<\/li>\n<li>TPD m\u00e9ret\u0171 porlaszt\u00f3: a 2 ml-es t\u00f6lt\u00e9s megfelel az EU kapacit\u00e1si el\u0151\u00edr\u00e1sainak<\/li>\n<\/ul>\n<h2 data-v-md-heading=\"why-choose-to-collaborate-with-agoravape\" data-v-md-line=\"44\">Mi\u00e9rt \u00e9rdemes az AgoraVape-pel egy\u00fcttm\u0171k\u00f6dni?<\/h2>\n<p data-v-md-line=\"45\">Kiz\u00e1r\u00f3lag 100%-ban eredeti term\u00e9keket v\u00e1s\u00e1rolunk. Minden term\u00e9k lez\u00e1rt kiskereskedelmi csomagol\u00e1sban \u00e9rkezik, \u00e9s t\u00e9telsz\u00e1mk\u00f6vet\u00e9si funkci\u00f3val van felszerelve, \u00edgy biztons\u00e1gosan elker\u00fclheti a hamis\u00edtott term\u00e9kek v\u00e1s\u00e1rl\u00e1s\u00e1t. Csapatunk \u00edzp\u00e1ros\u00edt\u00e1si javaslatokat, term\u00e9krot\u00e1ci\u00f3s terveket \u00e9s gyors csereszolg\u00e1ltat\u00e1st k\u00edn\u00e1l b\u00e1rmely DOA term\u00e9khez.<\/p>\n<p data-v-md-line=\"47\">Eur\u00f3pa egyik megb\u00edzhat\u00f3 vape forgalmaz\u00f3jak\u00e9nt kedvezm\u00e9nyes nagykereskedelmi \u00e1rakat \u00e9s gyors DDP kisz\u00e1ll\u00edt\u00e1si szolg\u00e1ltat\u00e1sokat k\u00edn\u00e1lunk. Szigor\u00fa korellen\u0151rz\u00e9st v\u00e9gz\u00fcnk a B2C megrendel\u00e9sekn\u00e9l, hogy biztos\u00edtsuk az \u00e9rt\u00e9kes\u00edt\u00e9si megfelel\u00e9st \u00e9s megv\u00e9dj\u00fck a m\u00e1rk\u00e1dat. Szeretn\u00e9d ellen\u0151rizni a t\u00e9teleket vagy a k\u00e9szlet \u00e1llapot\u00e1t? K\u00e9rj\u00fck, k\u00fcldd el nek\u00fcnk a kartondobozon tal\u00e1lhat\u00f3 term\u00e9kk\u00f3dot. Azonnal visszaigazoljuk.<\/p>","protected":false},"excerpt":{"rendered":"<p>&nbsp;<\/p>\n<p><script src=\"chrome-extension:\/\/fpelahbljekknahkcaegamhcndkfpfnc\/iFrame.js\" type=\"text\/javascript\"><\/script><\/p>\n<p><script src=\"chrome-extension:\/\/fpelahbljekknahkcaegamhcndkfpfnc\/iFrame.js\" type=\"text\/javascript\"><\/script><\/p>\n<p><script src=\"chrome-extension:\/\/fpelahbljekknahkcaegamhcndkfpfnc\/iFrame.js\" type=\"text\/javascript\"><\/script><\/p>\n<p><script src=\"chrome-extension:\/\/fpelahbljekknahkcaegamhcndkfpfnc\/iFrame.js\" type=\"text\/javascript\"><\/script><\/p>\n<p><script src=\"chrome-extension:\/\/fpelahbljekknahkcaegamhcndkfpfnc\/iFrame.js\" type=\"text\/javascript\"><\/script><\/p>\n<p><script src=\"chrome-extension:\/\/fpelahbljekknahkcaegamhcndkfpfnc\/iFrame.js\" type=\"text\/javascript\"><\/script><\/p>\n<p><script src=\"chrome-extension:\/\/fpelahbljekknahkcaegamhcndkfpfnc\/iFrame.js\" type=\"text\/javascript\"><\/script><\/p>\n<p><script src=\"chrome-extension:\/\/fpelahbljekknahkcaegamhcndkfpfnc\/iFrame.js\" type=\"text\/javascript\"><\/script><\/p>\n<p><script src=\"chrome-extension:\/\/fpelahbljekknahkcaegamhcndkfpfnc\/iFrame.js\" type=\"text\/javascript\"><\/script><\/p>\n<p><script src=\"chrome-extension:\/\/fpelahbljekknahkcaegamhcndkfpfnc\/iFrame.js\" type=\"text\/javascript\"><\/script><\/p>","protected":false},"featured_media":15561,"comment_status":"open","ping_status":"closed","template":"","meta":[],"product_brand":[221],"product_cat":[124,182,176,177,174,175,193,148,173,186,180,190],"product_tag":[],"class_list":{"0":"post-15531","1":"product","2":"type-product","3":"status-publish","4":"has-post-thumbnail","6":"product_brand-myde","7":"product_cat-vape-by-brand","8":"product_cat-800-1500-puffs","9":"product_cat-beverage","10":"product_cat-dessert-sweets","11":"product_cat-fruit-flavors","12":"product_cat-icy-mint","13":"product_cat-mesh-coil","14":"product_cat-myde","15":"product_cat-vape-by-flavor-profile","16":"product_cat-vape-by-nicotine-strength","17":"product_cat-vape-by-puff-count","18":"product_cat-vape-by-feature-or-type","20":"first","21":"onbackorder","22":"shipping-taxable","23":"purchasable","24":"product-type-variable","25":"has-default-attributes"},"tiered_pricing_type":"percentage","tiered_pricing_fixed_rules":[],"tiered_pricing_product_settings":{"layout":"default","base_unit_name":{"singular":null,"plural":null},"default_variation":null},"tiered_pricing_minimum_quantity":10,"tiered_pricing_roles_data":[],"tiered_pricing_percentage_rules":{"100":"40","200":"44","500":"47","1000":"49"},"tiered_pricing_maximum_quantity":null,"tiered_pricing_quantity_step":"10","_links":{"self":[{"href":"https:\/\/agoravape.com\/hu\/wp-json\/wp\/v2\/product\/15531","targetHints":{"allow":["GET"]}}],"collection":[{"href":"https:\/\/agoravape.com\/hu\/wp-json\/wp\/v2\/product"}],"about":[{"href":"https:\/\/agoravape.com\/hu\/wp-json\/wp\/v2\/types\/product"}],"replies":[{"embeddable":true,"href":"https:\/\/agoravape.com\/hu\/wp-json\/wp\/v2\/comments?post=15531"}],"version-history":[{"count":0,"href":"https:\/\/agoravape.com\/hu\/wp-json\/wp\/v2\/product\/15531\/revisions"}],"wp:featuredmedia":[{"embeddable":true,"href":"https:\/\/agoravape.com\/hu\/wp-json\/wp\/v2\/media\/15561"}],"wp:attachment":[{"href":"https:\/\/agoravape.com\/hu\/wp-json\/wp\/v2\/media?parent=15531"}],"wp:term":[{"taxonomy":"product_brand","embeddable":true,"href":"https:\/\/agoravape.com\/hu\/wp-json\/wp\/v2\/product_brand?post=15531"},{"taxonomy":"product_cat","embeddable":true,"href":"https:\/\/agoravape.com\/hu\/wp-json\/wp\/v2\/product_cat?post=15531"},{"taxonomy":"product_tag","embeddable":true,"href":"https:\/\/agoravape.com\/hu\/wp-json\/wp\/v2\/product_tag?post=15531"}],"curies":[{"name":"wp","href":"https:\/\/api.w.org\/{rel}","templated":true}]}}