{"id":15611,"date":"2025-10-16T17:25:29","date_gmt":"2025-10-16T09:25:29","guid":{"rendered":"https:\/\/green-grasshopper-921422.hostingersite.com\/?post_type=product&#038;p=15611"},"modified":"2026-01-19T22:03:20","modified_gmt":"2026-01-19T14:03:20","slug":"jnr-radiance-31000-puffs-vape","status":"publish","type":"product","link":"https:\/\/agoravape.com\/hu\/product\/jnr-radiance-31000-puffs-vape\/","title":{"rendered":"JNR Radiance 31K Puffs Vape anim\u00e1lt k\u00e9perny\u0151vel | Hosszan tart\u00f3 \u00edz egyszer\u0171 Type-C t\u00f6lt\u00e9ssel"},"content":{"rendered":"<h2 data-v-md-heading=\"jnr-radiance-31k-suction-capacity-with-animated-screen-what-s-special-about-it\" data-v-md-line=\"3\"><img loading=\"lazy\" decoding=\"async\" class=\"aligncenter size-full wp-image-15632\" src=\"https:\/\/agoravape.com\/wp-content\/uploads\/2025\/10\/JNR-Radiance-31K-Puffs-Vape-with-Animation-Screen_Blue-Razz-Cherry_Agora_vape-11.webp\" alt=\"\" width=\"1920\" height=\"1080\" srcset=\"https:\/\/agoravape.com\/wp-content\/uploads\/2025\/10\/JNR-Radiance-31K-Puffs-Vape-with-Animation-Screen_Blue-Razz-Cherry_Agora_vape-11.webp 1920w, https:\/\/agoravape.com\/wp-content\/uploads\/2025\/10\/JNR-Radiance-31K-Puffs-Vape-with-Animation-Screen_Blue-Razz-Cherry_Agora_vape-11-1200x675.webp 1200w, https:\/\/agoravape.com\/wp-content\/uploads\/2025\/10\/JNR-Radiance-31K-Puffs-Vape-with-Animation-Screen_Blue-Razz-Cherry_Agora_vape-11-300x169.webp 300w, https:\/\/agoravape.com\/wp-content\/uploads\/2025\/10\/JNR-Radiance-31K-Puffs-Vape-with-Animation-Screen_Blue-Razz-Cherry_Agora_vape-11-1024x576.webp 1024w, https:\/\/agoravape.com\/wp-content\/uploads\/2025\/10\/JNR-Radiance-31K-Puffs-Vape-with-Animation-Screen_Blue-Razz-Cherry_Agora_vape-11-768x432.webp 768w, https:\/\/agoravape.com\/wp-content\/uploads\/2025\/10\/JNR-Radiance-31K-Puffs-Vape-with-Animation-Screen_Blue-Razz-Cherry_Agora_vape-11-1536x864.webp 1536w\" sizes=\"auto, (max-width: 1920px) 100vw, 1920px\" \/><\/h2>\n<h2 data-v-md-heading=\"jnr-radiance-31k-suction-capacity-with-animated-screen-what-s-special-about-it\" data-v-md-line=\"3\">JNR Radiance 31K sz\u00edv\u00f3teljes\u00edtm\u00e9ny anim\u00e1lt k\u00e9perny\u0151vel, mi benne a k\u00fcl\u00f6nleges?<\/h2>\n<p data-v-md-line=\"4\">Ha eleged van az eldobhat\u00f3, t\u00fal sok energi\u00e1t fogyaszt\u00f3 vape-ekb\u0151l, \u00e9rdemes lehet megn\u00e9zned ezt a term\u00e9ket. A JNR Radiance ak\u00e1r 31000 sz\u00edv\u00f3kapacit\u00e1ssal is rendelkezik, \u00e9s intelligens anim\u00e1lt k\u00e9perny\u0151vel van felszerelve, amely egy csipetnyi sz\u00f3rakoz\u00e1st ad a sz\u00edv\u00e1snak. Olyan felhaszn\u00e1l\u00f3k sz\u00e1m\u00e1ra k\u00e9sz\u00fclt, akik hossz\u00fa akkumul\u00e1tor-\u00fczemid\u0151t \u00e9s stabil \u00edzt keresnek, bonyolult be\u00e1ll\u00edt\u00e1sok vagy gombok n\u00e9lk\u00fcl.<\/p>\n<p data-v-md-line=\"6\">\u00dajrat\u00f6lthet\u0151 akkumul\u00e1torokkal \u00e9s nagy kapacit\u00e1s\u00fa e-folyad\u00e9kkal van felszerelve, \u00edgy nyugodtan \u00e9lvezheted kedvenc \u00edzeidet hosszabb ideig. Alkalmas azoknak a napi vape-felhaszn\u00e1l\u00f3knak, akik nem akarj\u00e1k n\u00e9h\u00e1ny \u00f3r\u00e1nk\u00e9nt t\u00f6lteni, vagy h\u00e9tk\u00f6znapokon cser\u00e9lni az eszk\u00f6zeiket.<\/p>\n<h2 data-v-md-heading=\"excellent-performance-easy-and-convenient\" data-v-md-line=\"8\">Kiv\u00e1l\u00f3 teljes\u00edtm\u00e9ny, egyszer\u0171 \u00e9s k\u00e9nyelmes<\/h2>\n<p data-v-md-line=\"9\">A Radiance magja dupla h\u00e1l\u00f3s tekercseket haszn\u00e1l, hogy minden falat tiszta \u00e9s telt \u00edz\u0171 legyen. Az els\u0151 falatt\u00f3l az utols\u00f3ig az \u00edz \u00e1lland\u00f3 marad. Amikor az akkumul\u00e1tor lemer\u00fcl, Type-C adatk\u00e1bellel t\u00f6lthet\u0151. Ugyan\u00fagy m\u0171k\u00f6dhet, mint a telefon haszn\u00e1lata. Egyszer\u0171.<\/p>\n<h2 data-v-md-heading=\"specification-overview\" data-v-md-line=\"11\">Specifik\u00e1ci\u00f3 \u00e1ttekint\u00e9se<\/h2>\n<p data-v-md-line=\"12\"><strong>Sz\u00edv\u00e1sok sz\u00e1ma<\/strong>ak\u00e1r 31000 sz\u00edv\u00e1s<br \/>\n<strong>Nicotine<\/strong>0%, 2% \u00e9s 5% opcion\u00e1lis (az egyes kell\u00e9kek orsz\u00e1gonk\u00e9nt\/r\u00e9gi\u00f3nk\u00e9nt elt\u00e9r\u0151ek lehetnek)<br \/>\n<strong>Porlaszt\u00f3 mag<\/strong>: Double mesh<br \/>\n<strong>Akkumul\u00e1tor<\/strong>950 mAh-s \u00fajrat\u00f6lthet\u0151 akkumul\u00e1tor<br \/>\n<strong>e-folyad\u00e9k kapacit\u00e1s<\/strong>28 milliliter<br \/>\n<strong>T\u00f6lt\u00e9s<\/strong>Standard C t\u00edpus\u00fa USB csatlakoz\u00f3<br \/>\n<strong>\u00c1llapot<\/strong>Kicsomagol\u00e1s ut\u00e1n haszn\u00e1latra k\u00e9sz<\/p>\n<h2 data-v-md-heading=\"full-range-of-flavors\" data-v-md-line=\"20\">Full range of flavors<\/h2>\n<ul data-v-md-line=\"21\">\n<li>\u00c1fony\u00e1s-cseresznye \u00edz\u0171<\/li>\n<li>\u00c1fony\u00e1s turmix \u00edz<\/li>\n<li>Cseresznyebogy\u00f3s gy\u00fcm\u00f6lcs \u00edz\u0171<\/li>\n<li>Dupla alma \u00edz\u0171<\/li>\n<li>Cseresznye k\u00f3la sz\u00f3da \u00edz\u0171<\/li>\n<li>Hawaii \u00edzvil\u00e1g<\/li>\n<li>Vegyes bogy\u00f3s \u00edz<\/li>\n<li>Eper furcsa gy\u00fcm\u00f6lcs\u00edz\u0171<\/li>\n<li>\u00c1fony\u00e1s-savany\u00fa m\u00e1ln\u00e1s \u00edz<\/li>\n<li>Maracuja Furcsa gy\u00fcm\u00f6lcs\u00edz<\/li>\n<li>\u0150szibarack \u00e9s anan\u00e1sz \u00edz\u0171<\/li>\n<li>Eper, m\u00e1lna, meggy smoothie \u00edz<\/li>\n<li>Ny\u00e1ri \u0151szibarack turmix<\/li>\n<li>G\u00f6r\u00f6gdinnye turmix<\/li>\n<li>Eper turmix<\/li>\n<\/ul>\n<h2 data-v-md-heading=\"for-you-for-your-business\" data-v-md-line=\"37\">\u00d6nnek, az \u00d6n v\u00e1llalkoz\u00e1s\u00e1nak<\/h2>\n<p data-v-md-line=\"38\">V\u00e1s\u00e1rolhat k\u00e9sz\u00fcl\u00e9ket szem\u00e9lyes haszn\u00e1latra, vagy felt\u00f6ltheti k\u00e9szleteit \u00fczlet\u00e9be. Nagykereskedelmi csomagol\u00e1st biztos\u00edtunk, \u00edgy megb\u00edzhat\u00f3 ell\u00e1t\u00e1ssal adhat le nagy t\u00e9telben rendel\u00e9seket. DDP sz\u00e1ll\u00edt\u00e1si szolg\u00e1ltat\u00e1sokat ny\u00fajtunk megb\u00edzhat\u00f3 partnereken, p\u00e9ld\u00e1ul UPS-en, DPD-n \u00e9s DHL-en kereszt\u00fcl, \u00edgy a v\u00e1mtarif\u00e1k el\u0151re feldolgozhat\u00f3k, elker\u00fclve a v\u00e1ratlan helyzeteket a v\u00e1mn\u00e1l.<\/p>\n<p data-v-md-line=\"40\">A szab\u00e1lyoz\u00e1sok Eur\u00f3pa-szerte elt\u00e9r\u0151ek. A nikotinkoncentr\u00e1ci\u00f3 \u00e9s -k\u00edn\u00e1lat orsz\u00e1gonk\u00e9nt\/r\u00e9gi\u00f3nk\u00e9nt elt\u00e9r\u0151 lehet. K\u00e9rj\u00fck, v\u00e1s\u00e1rl\u00e1s el\u0151tt ellen\u0151rizze a helyi szab\u00e1lyoz\u00e1sokat. Ha b\u00e1rmilyen k\u00e9rd\u00e9se van, k\u00e9rj\u00fck, vegye fel vel\u00fcnk a kapcsolatot.<\/p>\n<h2 data-v-md-heading=\"why-do-you-like-it\" data-v-md-line=\"42\">Mi\u00e9rt tetszik?<\/h2>\n<p data-v-md-line=\"43\"><strong>Nagy kaliber\u0171:<\/strong>\u00a0A f\u00fcstpatronok tov\u00e1bb tartanak, \u00e9s nem ig\u00e9nyelnek gyakori \u00faj patronok v\u00e1s\u00e1rl\u00e1s\u00e1t.<br \/>\n<strong>Nikotinkoncentr\u00e1ci\u00f3 kiv\u00e1laszt\u00e1sa:<\/strong>\u00a0V\u00e1lasszon 0%, 2% vagy 5%-os koncentr\u00e1ci\u00f3t az \u00d6n preferenci\u00e1i szerint.<br \/>\n<strong>\u00dajrat\u00f6lthet\u0151 akkumul\u00e1tor:<\/strong>\u00a0Haszn\u00e1ld fel az \u00f6sszes megv\u00e1s\u00e1rolt e-liquidet egyszerre.<br \/>\n<strong>Dupla h\u00e1l\u00f3s porlaszt\u00f3 mag:<\/strong>\u00a0Mindig \u00fcgyeljen az \u00edzek egys\u00e9gess\u00e9g\u00e9re.<br \/>\n<strong>C t\u00edpus\u00fa t\u00f6lt\u00e9s:<\/strong>\u00a0Egyetlen adatk\u00e1bellel k\u00f6nnyed\u00e9n kezelhetsz mindent, \u00e9s megk\u00f6nny\u00edtheted az \u00e9letedet.<br \/>\n<strong>Anim\u00e1lt k\u00e9perny\u0151:<\/strong>\u00a0Az intelligens vizu\u00e1lis effektek minden haszn\u00e1latot vonz\u00f3bb\u00e1 tesznek.<\/p>\n<h2 data-v-md-heading=\"why-collaborate-with-agoravape\" data-v-md-line=\"50\">Mi\u00e9rt \u00e9rdemes az AgoraVape-pel egy\u00fcttm\u0171k\u00f6dni?<\/h2>\n<p data-v-md-line=\"51\">Kiz\u00e1r\u00f3lag 100%-ban eredeti term\u00e9keket forgalmazunk megb\u00edzhat\u00f3 besz\u00e1ll\u00edt\u00f3kt\u00f3l. V\u00e1llalati \u00fcgyfeleink kedvezm\u00e9nyes nagykereskedelmi \u00e1rakat, megb\u00edzhat\u00f3 \u00fcgyf\u00e9lszolg\u00e1latot, valamint gyors \u00e9s megb\u00edzhat\u00f3 eur\u00f3pai kisz\u00e1ll\u00edt\u00e1si szolg\u00e1ltat\u00e1sokat \u00e9lvezhetnek. Kapcsolatfelv\u00e9tel: JNR Radiance 31K vape term\u00e9kek anim\u00e1lt k\u00e9perny\u0151kkel, amelyekkel \u00fcgyfeleinek egy olyan eszk\u00f6zt biztos\u00edtunk, amelyet \u00e9rdemes \u00fajra megv\u00e1s\u00e1rolni.<\/p>\n<p><script src=\"chrome-extension:\/\/fpelahbljekknahkcaegamhcndkfpfnc\/iFrame.js\" type=\"text\/javascript\"><\/script><\/p>\n<p><script src=\"chrome-extension:\/\/fpelahbljekknahkcaegamhcndkfpfnc\/iFrame.js\" type=\"text\/javascript\"><\/script><\/p>\n<p><script src=\"chrome-extension:\/\/fpelahbljekknahkcaegamhcndkfpfnc\/iFrame.js\" type=\"text\/javascript\"><\/script><\/p>","protected":false},"excerpt":{"rendered":"<p>&nbsp;<\/p>\n<p><script src=\"chrome-extension:\/\/fpelahbljekknahkcaegamhcndkfpfnc\/iFrame.js\" type=\"text\/javascript\"><\/script><\/p>\n<p><script src=\"chrome-extension:\/\/fpelahbljekknahkcaegamhcndkfpfnc\/iFrame.js\" type=\"text\/javascript\"><\/script><\/p>\n<p><script src=\"chrome-extension:\/\/fpelahbljekknahkcaegamhcndkfpfnc\/iFrame.js\" type=\"text\/javascript\"><\/script><\/p>\n<p><script src=\"chrome-extension:\/\/fpelahbljekknahkcaegamhcndkfpfnc\/iFrame.js\" type=\"text\/javascript\"><\/script><\/p>\n<p><script src=\"chrome-extension:\/\/fpelahbljekknahkcaegamhcndkfpfnc\/iFrame.js\" type=\"text\/javascript\"><\/script><\/p>\n<p><script src=\"chrome-extension:\/\/fpelahbljekknahkcaegamhcndkfpfnc\/iFrame.js\" type=\"text\/javascript\"><\/script><\/p>\n<p><script src=\"chrome-extension:\/\/fpelahbljekknahkcaegamhcndkfpfnc\/iFrame.js\" type=\"text\/javascript\"><\/script><\/p>\n<p><script src=\"chrome-extension:\/\/fpelahbljekknahkcaegamhcndkfpfnc\/iFrame.js\" type=\"text\/javascript\"><\/script><\/p>\n<p><script src=\"chrome-extension:\/\/fpelahbljekknahkcaegamhcndkfpfnc\/iFrame.js\" type=\"text\/javascript\"><\/script><\/p>\n<p><script src=\"chrome-extension:\/\/fpelahbljekknahkcaegamhcndkfpfnc\/iFrame.js\" type=\"text\/javascript\"><\/script><\/p>\n<p><script src=\"chrome-extension:\/\/fpelahbljekknahkcaegamhcndkfpfnc\/iFrame.js\" type=\"text\/javascript\"><\/script><\/p>\n<p><script src=\"chrome-extension:\/\/fpelahbljekknahkcaegamhcndkfpfnc\/iFrame.js\" type=\"text\/javascript\"><\/script><\/p>","protected":false},"featured_media":15637,"comment_status":"open","ping_status":"closed","template":"","meta":[],"product_brand":[225],"product_cat":[124,187,185,189,176,177,174,175,152,193,191,179,173,186,180,190,192],"product_tag":[],"class_list":{"0":"post-15611","1":"product","2":"type-product","3":"status-publish","4":"has-post-thumbnail","6":"product_brand-jnr","7":"product_cat-vape-by-brand","8":"product_cat-0mg-nicotine-free-vapes","9":"product_cat-10000-puffs-high-capacity","10":"product_cat-20mg-standard-nicotine-vapes","11":"product_cat-beverage","12":"product_cat-dessert-sweets","13":"product_cat-fruit-flavors","14":"product_cat-icy-mint","15":"product_cat-jnr","16":"product_cat-mesh-coil","17":"product_cat-rechargeable-disposables","18":"product_cat-unique-blends","19":"product_cat-vape-by-flavor-profile","20":"product_cat-vape-by-nicotine-strength","21":"product_cat-vape-by-puff-count","22":"product_cat-vape-by-feature-or-type","23":"product_cat-vapes-with-screens","25":"first","26":"onbackorder","27":"shipping-taxable","28":"purchasable","29":"product-type-variable","30":"has-default-attributes"},"tiered_pricing_type":"percentage","tiered_pricing_fixed_rules":[],"tiered_pricing_product_settings":{"layout":"default","base_unit_name":{"singular":null,"plural":null},"default_variation":null},"tiered_pricing_minimum_quantity":10,"tiered_pricing_roles_data":[],"tiered_pricing_percentage_rules":{"50":"35","100":"40","200":"44","500":"47","1000":"49"},"tiered_pricing_maximum_quantity":null,"tiered_pricing_quantity_step":"10","_links":{"self":[{"href":"https:\/\/agoravape.com\/hu\/wp-json\/wp\/v2\/product\/15611","targetHints":{"allow":["GET"]}}],"collection":[{"href":"https:\/\/agoravape.com\/hu\/wp-json\/wp\/v2\/product"}],"about":[{"href":"https:\/\/agoravape.com\/hu\/wp-json\/wp\/v2\/types\/product"}],"replies":[{"embeddable":true,"href":"https:\/\/agoravape.com\/hu\/wp-json\/wp\/v2\/comments?post=15611"}],"version-history":[{"count":0,"href":"https:\/\/agoravape.com\/hu\/wp-json\/wp\/v2\/product\/15611\/revisions"}],"wp:featuredmedia":[{"embeddable":true,"href":"https:\/\/agoravape.com\/hu\/wp-json\/wp\/v2\/media\/15637"}],"wp:attachment":[{"href":"https:\/\/agoravape.com\/hu\/wp-json\/wp\/v2\/media?parent=15611"}],"wp:term":[{"taxonomy":"product_brand","embeddable":true,"href":"https:\/\/agoravape.com\/hu\/wp-json\/wp\/v2\/product_brand?post=15611"},{"taxonomy":"product_cat","embeddable":true,"href":"https:\/\/agoravape.com\/hu\/wp-json\/wp\/v2\/product_cat?post=15611"},{"taxonomy":"product_tag","embeddable":true,"href":"https:\/\/agoravape.com\/hu\/wp-json\/wp\/v2\/product_tag?post=15611"}],"curies":[{"name":"wp","href":"https:\/\/api.w.org\/{rel}","templated":true}]}}