{"id":15678,"date":"2025-10-16T18:23:46","date_gmt":"2025-10-16T10:23:46","guid":{"rendered":"https:\/\/green-grasshopper-921422.hostingersite.com\/?post_type=product&#038;p=15678"},"modified":"2026-03-26T13:22:38","modified_gmt":"2026-03-26T12:22:38","slug":"jnr-falcon-16000-puffs-eldobhato-vape","status":"publish","type":"product","link":"https:\/\/agoravape.com\/hu\/product\/jnr-falcon-16000-puffs-disposable-vape\/","title":{"rendered":"JNR Falcon 16K Puffs Eldobhat\u00f3 Vape L\u00e9g\u00e1raml\u00e1ssal | Egyedi L\u00e9g\u00e1raml\u00e1s, Hosszantart\u00f3 \u00cdz"},"content":{"rendered":"<h2 data-v-md-heading=\"what-are-the-special-features-of-jnr-falcon-16k-disposable-intake-vape\" data-v-md-line=\"3\"><img loading=\"lazy\" decoding=\"async\" class=\"aligncenter size-full wp-image-15671\" src=\"https:\/\/agoravape.com\/wp-content\/uploads\/2025\/10\/JNR-Falcon-16K-Puffs-Disposable-Vape-with-Airflow_Agora_vape-5.webp\" alt=\"\" width=\"1080\" height=\"1080\" srcset=\"https:\/\/agoravape.com\/wp-content\/uploads\/2025\/10\/JNR-Falcon-16K-Puffs-Disposable-Vape-with-Airflow_Agora_vape-5.webp 1080w, https:\/\/agoravape.com\/wp-content\/uploads\/2025\/10\/JNR-Falcon-16K-Puffs-Disposable-Vape-with-Airflow_Agora_vape-5-600x600.webp 600w, https:\/\/agoravape.com\/wp-content\/uploads\/2025\/10\/JNR-Falcon-16K-Puffs-Disposable-Vape-with-Airflow_Agora_vape-5-300x300.webp 300w, https:\/\/agoravape.com\/wp-content\/uploads\/2025\/10\/JNR-Falcon-16K-Puffs-Disposable-Vape-with-Airflow_Agora_vape-5-1024x1024.webp 1024w, https:\/\/agoravape.com\/wp-content\/uploads\/2025\/10\/JNR-Falcon-16K-Puffs-Disposable-Vape-with-Airflow_Agora_vape-5-150x150.webp 150w, https:\/\/agoravape.com\/wp-content\/uploads\/2025\/10\/JNR-Falcon-16K-Puffs-Disposable-Vape-with-Airflow_Agora_vape-5-768x768.webp 768w\" sizes=\"auto, (max-width: 1080px) 100vw, 1080px\" \/><\/h2>\n<h2 data-v-md-heading=\"what-are-the-special-features-of-jnr-falcon-16k-disposable-intake-vape\" data-v-md-line=\"3\"><img loading=\"lazy\" decoding=\"async\" class=\"aligncenter size-full wp-image-15670\" src=\"https:\/\/agoravape.com\/wp-content\/uploads\/2025\/10\/JNR-Falcon-16K-Puffs-Disposable-Vape-with-Airflow_Agora_vape-4.webp\" alt=\"\" width=\"1536\" height=\"864\" srcset=\"https:\/\/agoravape.com\/wp-content\/uploads\/2025\/10\/JNR-Falcon-16K-Puffs-Disposable-Vape-with-Airflow_Agora_vape-4.webp 1536w, https:\/\/agoravape.com\/wp-content\/uploads\/2025\/10\/JNR-Falcon-16K-Puffs-Disposable-Vape-with-Airflow_Agora_vape-4-1200x675.webp 1200w, https:\/\/agoravape.com\/wp-content\/uploads\/2025\/10\/JNR-Falcon-16K-Puffs-Disposable-Vape-with-Airflow_Agora_vape-4-300x169.webp 300w, https:\/\/agoravape.com\/wp-content\/uploads\/2025\/10\/JNR-Falcon-16K-Puffs-Disposable-Vape-with-Airflow_Agora_vape-4-1024x576.webp 1024w, https:\/\/agoravape.com\/wp-content\/uploads\/2025\/10\/JNR-Falcon-16K-Puffs-Disposable-Vape-with-Airflow_Agora_vape-4-768x432.webp 768w\" sizes=\"auto, (max-width: 1536px) 100vw, 1536px\" \/><\/h2>\n<h2 data-v-md-heading=\"what-are-the-special-features-of-jnr-falcon-16k-disposable-intake-vape\" data-v-md-line=\"3\">Milyen k\u00fcl\u00f6nleges tulajdons\u00e1gai vannak a JNR Falcon 16K eldobhat\u00f3 sz\u00edv\u00f3cs\u00f6ves vape-nek?<\/h2>\n<p data-v-md-line=\"4\">Ha belef\u00e1radt\u00e1l abba, hogy n\u00e9h\u00e1ny naponta cser\u00e9lgetned kell az eszk\u00f6zeidet, a JNR Falcon 16K nagy akkumul\u00e1tor-\u00fczemid\u0151vel rendelkezik. Kifejezetten azok sz\u00e1m\u00e1ra k\u00e9sz\u00fclt, akik megb\u00edzhat\u00f3, finom \u00e9s k\u00f6nnyen haszn\u00e1lhat\u00f3 vape-eket keresnek. Nincs sz\u00fcks\u00e9g unalmas m\u0171veletekre vagy men\u00fckre.<\/p>\n<p data-v-md-line=\"6\">A sz\u00edv\u00f3er\u0151 be\u00e1ll\u00edt\u00e1s\u00e1val k\u00f6nnyed\u00e9n testre szabhatod a sz\u00edv\u00e1ser\u0151ss\u00e9get. A szoros szor\u00edt\u00e1s a cigarett\u00e1hoz hasonl\u00f3 doh\u00e1nyz\u00e1si \u00e9lm\u00e9nyt ny\u00fajt, m\u00edg a laz\u00edt\u00e1s nagyobb f\u00fcst\u00f6t eredm\u00e9nyez. A krist\u00e1lyszer\u0171 megjelen\u00e9s eleg\u00e1nss\u00e1, k\u00e9nyelmes tapint\u00e1s\u00fav\u00e1 \u00e9s tart\u00f3ss\u00e1 teszi.<\/p>\n<h2 data-v-md-heading=\"excellent-performance-worry-free\" data-v-md-line=\"8\">Kiv\u00e1l\u00f3 teljes\u00edtm\u00e9ny, gondtalan<\/h2>\n<p data-v-md-line=\"9\">Bel\u00fcl egy dupla h\u00e1l\u00f3s tekercs biztos\u00edtja az egys\u00e9ges \u00edzt az els\u0151 falatt\u00f3l az utols\u00f3ig. A h\u00e1l\u00f3s tekercs egyenletesen melegszik fel, \u00edgy az e-liquid \u00edze tiszta \u00e9s \u00e9l\u00e9nk. Azt gondolhatod, hogy a hossz\u00fa hat\u00e1s\u00fa, eldobhat\u00f3 cigarett\u00e1k illata fokozatosan elhalv\u00e1nyul, de a Falcon k\u00e9pes fenntartani ezt az \u00e1llapotot. Ha az akkumul\u00e1tor lemer\u00fcl, egyszer\u0171en t\u00f6ltsd fel USB-n kereszt\u00fcl a tov\u00e1bbi haszn\u00e1lathoz. Egyszer\u0171.<\/p>\n<h2 data-v-md-heading=\"specification-introduction\" data-v-md-line=\"11\">Specifik\u00e1ci\u00f3 Bevezet\u00e9s<\/h2>\n<ul data-v-md-line=\"12\">\n<li>Sz\u00edv\u00e1s gyakoris\u00e1ga: ak\u00e1r 16000-szer<\/li>\n<li>Nikotintartalom: 0%, 2%, 5%<\/li>\n<li>E-folyad\u00e9k kapacit\u00e1sa: 22 milliliter<\/li>\n<li>Porlaszt\u00f3 mag: dupla h\u00e1l\u00f3<\/li>\n<li>Be\u00f6ml\u0151ny\u00edl\u00e1s t\u00e9rfogata: \u00e1ll\u00edthat\u00f3<\/li>\n<li>Akkumul\u00e1tor: 850 mAh-s \u00fajrat\u00f6lthet\u0151 akkumul\u00e1tor<\/li>\n<li>M\u0171k\u00f6d\u00e9si elv: Bel\u00e9gz\u00e9ssel aktiv\u00e1lhat\u00f3<\/li>\n<li>T\u00f6lt\u00e9s: USB porton kereszt\u00fcl t\u00f6lthet\u0151<\/li>\n<li>\u00c1llapot: Kicsomagol\u00e1s ut\u00e1n azonnal haszn\u00e1lhat\u00f3<\/li>\n<li>Megjelen\u00e9s: Krist\u00e1lyos k\u00e9zm\u0171ves formatervez\u00e9s<\/li>\n<\/ul>\n<h2 data-v-md-heading=\"multiple-flavor-options\" data-v-md-line=\"23\">T\u00f6bb \u00edzes\u00edt\u00e9si lehet\u0151s\u00e9g<\/h2>\n<ul data-v-md-line=\"24\">\n<li>Szeder, v\u00f6r\u00f6s m\u00e1lna \u00edz\u0171<\/li>\n<li>\u00c1fony\u00e1s turmix \u00edz<\/li>\n<li>Mang\u00f3 maracuja \u00edz\u0171<\/li>\n<li>Eper furcsa gy\u00fcm\u00f6lcs\u00edz\u0171<\/li>\n<li>G\u00f6r\u00f6gdinnye turmix \u00edz\u0171<\/li>\n<li>Ezen k\u00edv\u00fcl 20 \u00edz k\u00f6z\u00fcl lehet v\u00e1lasztani<\/li>\n<\/ul>\n<h2 data-v-md-heading=\"born-for-you-and-your-business\" data-v-md-line=\"31\">Neked \u00e9s a v\u00e1llalkoz\u00e1sodnak sz\u00fclettem<\/h2>\n<p data-v-md-line=\"32\">V\u00e1s\u00e1roljon JNR Falcon 16K-t napi haszn\u00e1latra, vagy b\u0151v\u00edtse \u00e1ruh\u00e1z\u00e1t k\u00e9szlettel. Egyszeri g\u00e9pes \u00e9s teljes dobozos nagykereskedelmi \u00e9rt\u00e9kes\u00edt\u00e9st k\u00edn\u00e1lunk, hogy polcai tiszt\u00e1n maradjanak. A teljes dobozok mennyis\u00e9ge a sz\u00e1ll\u00edtm\u00e1ny mennyis\u00e9g\u00e9t\u0151l f\u00fcgg\u0151en v\u00e1ltozik. K\u00e9rj\u00fck, vegye fel vel\u00fcnk a kapcsolatot az aktu\u00e1lis teljes dobozm\u00e9retek\u00e9rt \u00e9s a t\u00f6bbszint\u0171 \u00e1rak\u00e9rt.<\/p>\n<p data-v-md-line=\"34\">Megb\u00edzhat\u00f3 partnerekkel, mint p\u00e9ld\u00e1ul a UPS, a DPD \u00e9s a DHL, m\u0171k\u00f6d\u00fcnk egy\u00fctt, hogy DDP k\u00e9zbes\u00edt\u00e9si szolg\u00e1ltat\u00e1sokat ny\u00fajtsunk Eur\u00f3pa-szerte, biztos\u00edtva a megrendel\u00e9sek gyors kisz\u00e1ll\u00edt\u00e1s\u00e1t \u00e9s a v\u00e1mkezel\u00e9st. El\u0151zze meg a v\u00e1mbaleseteket.<\/p>\n<h2 data-v-md-heading=\"why-do-you-like-it\" data-v-md-line=\"36\">Mi\u00e9rt tetszik?<\/h2>\n<ul data-v-md-line=\"37\">\n<li>Ultra nagy sz\u00edv\u00f3kapacit\u00e1s: ak\u00e1r 16000 port, ami kevesebb cser\u00e9t \u00e9s magasabb eszk\u00f6z\u00e9rt\u00e9ket jelent.<\/li>\n<li>Nikotintartalom kiv\u00e1laszt\u00e1sa: V\u00e1lasszon 0%, 2% vagy 5%-ot az \u00d6n preferenci\u00e1i szerint.<\/li>\n<li>\u00dajrat\u00f6lthet\u0151: Haszn\u00e1ljon 22 ml teljes \u00e9rt\u00e9k\u0171 e-folyad\u00e9kot an\u00e9lk\u00fcl, hogy a k\u00e9sz\u00fcl\u00e9k fel\u00e9t kidobn\u00e1.<\/li>\n<li>H\u00e1l\u00f3s tekercs: A k\u00e9tr\u00e9teg\u0171 h\u00e1l\u00f3s tekercs stabil \u00e9s gazdag \u00edzt biztos\u00edt.<\/li>\n<li>\u00c1ll\u00edthat\u00f3 sz\u00edv\u00f3er\u0151: N\u00e9h\u00e1ny m\u00e1sodpercen bel\u00fcl be\u00e1ll\u00edthat\u00f3 er\u0151sebb sz\u00edv\u00f3er\u0151 vagy laz\u00e1bb l\u00e9g\u00e1raml\u00e1s.<\/li>\n<\/ul>\n<h2 data-v-md-heading=\"why-choose-to-collaborate-with-agoravape\" data-v-md-line=\"43\">Mi\u00e9rt \u00e9rdemes az AgoraVape-pel egy\u00fcttm\u0171k\u00f6dni?<\/h2>\n<p data-v-md-line=\"44\">Kiz\u00e1r\u00f3lag 100%-ban eredeti term\u00e9keket forgalmazunk, \u00e9s ebben semmi k\u00e9ts\u00e9g\u00fcnk sincs. A JNR Falcon 16K eldobhat\u00f3 sz\u00edv\u00f3cs\u00f6ves vape-eket v\u00e1s\u00e1rl\u00f3 v\u00e1llalati v\u00e1s\u00e1rl\u00f3k kedvezm\u00e9nyes nagykereskedelmi \u00e1rakat, gyors reag\u00e1l\u00e1s\u00fa \u00fcgyf\u00e9lszolg\u00e1latot \u00e9s gyors DDP kisz\u00e1ll\u00edt\u00e1si szolg\u00e1ltat\u00e1sokat \u00e9lvezhetnek. L\u00e9pjen kapcsolatba vel\u00fcnk, hogy olyan k\u00e9sz\u00fcl\u00e9ket v\u00e1s\u00e1roljon, amelyet \u00e9rdemes \u00fajra megv\u00e1s\u00e1rolni \u00fcgyfele sz\u00e1m\u00e1ra.<\/p>","protected":false},"excerpt":{"rendered":"<p>&nbsp;<\/p>\n<p><script src=\"chrome-extension:\/\/fpelahbljekknahkcaegamhcndkfpfnc\/iFrame.js\" type=\"text\/javascript\"><\/script><\/p>\n<p><script src=\"chrome-extension:\/\/fpelahbljekknahkcaegamhcndkfpfnc\/iFrame.js\" type=\"text\/javascript\"><\/script><\/p>\n<p><script src=\"chrome-extension:\/\/fpelahbljekknahkcaegamhcndkfpfnc\/iFrame.js\" type=\"text\/javascript\"><\/script><\/p>\n<p><script src=\"chrome-extension:\/\/fpelahbljekknahkcaegamhcndkfpfnc\/iFrame.js\" type=\"text\/javascript\"><\/script><\/p>\n<p><script src=\"chrome-extension:\/\/fpelahbljekknahkcaegamhcndkfpfnc\/iFrame.js\" type=\"text\/javascript\"><\/script><\/p>\n<p><script src=\"chrome-extension:\/\/fpelahbljekknahkcaegamhcndkfpfnc\/iFrame.js\" type=\"text\/javascript\"><\/script><\/p>\n<p><script src=\"chrome-extension:\/\/fpelahbljekknahkcaegamhcndkfpfnc\/iFrame.js\" type=\"text\/javascript\"><\/script><\/p>\n<p><script src=\"chrome-extension:\/\/fpelahbljekknahkcaegamhcndkfpfnc\/iFrame.js\" type=\"text\/javascript\"><\/script><\/p>\n<p><script src=\"chrome-extension:\/\/fpelahbljekknahkcaegamhcndkfpfnc\/iFrame.js\" type=\"text\/javascript\"><\/script><\/p>\n<p><script src=\"chrome-extension:\/\/fpelahbljekknahkcaegamhcndkfpfnc\/iFrame.js\" type=\"text\/javascript\"><\/script><\/p>","protected":false},"featured_media":15680,"comment_status":"open","ping_status":"closed","template":"","meta":[],"product_brand":[225],"product_cat":[124,187,185,189,194,176,177,1674,174,175,152,193,191,179,173,186,180,190],"product_tag":[],"class_list":{"0":"post-15678","1":"product","2":"type-product","3":"status-publish","4":"has-post-thumbnail","6":"product_brand-jnr","7":"product_cat-vape-by-brand","8":"product_cat-0mg-nicotine-free-vapes","9":"product_cat-10000-puffs-high-capacity","10":"product_cat-20mg-standard-nicotine-vapes","11":"product_cat-adjustable-airflow","12":"product_cat-beverage","13":"product_cat-dessert-sweets","14":"product_cat-eu-warehouse","15":"product_cat-fruit-flavors","16":"product_cat-icy-mint","17":"product_cat-jnr","18":"product_cat-mesh-coil","19":"product_cat-rechargeable-disposables","20":"product_cat-unique-blends","21":"product_cat-vape-by-flavor-profile","22":"product_cat-vape-by-nicotine-strength","23":"product_cat-vape-by-puff-count","24":"product_cat-vape-by-feature-or-type","26":"first","27":"instock","28":"shipping-taxable","29":"purchasable","30":"product-type-variable","31":"has-default-attributes"},"tiered_pricing_type":"percentage","tiered_pricing_fixed_rules":[],"tiered_pricing_product_settings":{"layout":"default","base_unit_name":{"singular":null,"plural":null},"default_variation":null},"tiered_pricing_minimum_quantity":10,"tiered_pricing_roles_data":[],"tiered_pricing_percentage_rules":{"50":"35","100":"40","200":"44","500":"47","1000":"49"},"tiered_pricing_maximum_quantity":null,"tiered_pricing_quantity_step":"10","_links":{"self":[{"href":"https:\/\/agoravape.com\/hu\/wp-json\/wp\/v2\/product\/15678","targetHints":{"allow":["GET"]}}],"collection":[{"href":"https:\/\/agoravape.com\/hu\/wp-json\/wp\/v2\/product"}],"about":[{"href":"https:\/\/agoravape.com\/hu\/wp-json\/wp\/v2\/types\/product"}],"replies":[{"embeddable":true,"href":"https:\/\/agoravape.com\/hu\/wp-json\/wp\/v2\/comments?post=15678"}],"version-history":[{"count":0,"href":"https:\/\/agoravape.com\/hu\/wp-json\/wp\/v2\/product\/15678\/revisions"}],"wp:featuredmedia":[{"embeddable":true,"href":"https:\/\/agoravape.com\/hu\/wp-json\/wp\/v2\/media\/15680"}],"wp:attachment":[{"href":"https:\/\/agoravape.com\/hu\/wp-json\/wp\/v2\/media?parent=15678"}],"wp:term":[{"taxonomy":"product_brand","embeddable":true,"href":"https:\/\/agoravape.com\/hu\/wp-json\/wp\/v2\/product_brand?post=15678"},{"taxonomy":"product_cat","embeddable":true,"href":"https:\/\/agoravape.com\/hu\/wp-json\/wp\/v2\/product_cat?post=15678"},{"taxonomy":"product_tag","embeddable":true,"href":"https:\/\/agoravape.com\/hu\/wp-json\/wp\/v2\/product_tag?post=15678"}],"curies":[{"name":"wp","href":"https:\/\/api.w.org\/{rel}","templated":true}]}}