{"id":15903,"date":"2025-10-16T22:10:04","date_gmt":"2025-10-16T14:10:04","guid":{"rendered":"https:\/\/green-grasshopper-921422.hostingersite.com\/?post_type=product&#038;p=15903"},"modified":"2026-03-26T13:22:37","modified_gmt":"2026-03-26T12:22:37","slug":"jnr-media-max-40000-puffs-smart-vape","status":"publish","type":"product","link":"https:\/\/agoravape.com\/hu\/product\/jnr-media-max-40000-puffs-smart-vape\/","title":{"rendered":"JNR Media Max 40K Puffs Vape HD kijelz\u0151vel \u00e9s h\u00edv\u00e1sokkal | Nagy kapacit\u00e1s okos k\u00e9nyelemmel"},"content":{"rendered":"<h2 data-v-md-heading=\"what-are-the-highlights-of-jnr-media-max-40k-vape-with-high-definition-display-and-call-function\" data-v-md-line=\"3\"><img loading=\"lazy\" decoding=\"async\" class=\"aligncenter size-full wp-image-15965\" src=\"https:\/\/agoravape.com\/wp-content\/uploads\/2025\/10\/JNR-Media-Max-40K-Puffs-Vape-with-HD-Display-Calls_Agora_vape-12.webp\" alt=\"\" width=\"1920\" height=\"1080\" srcset=\"https:\/\/agoravape.com\/wp-content\/uploads\/2025\/10\/JNR-Media-Max-40K-Puffs-Vape-with-HD-Display-Calls_Agora_vape-12.webp 1920w, https:\/\/agoravape.com\/wp-content\/uploads\/2025\/10\/JNR-Media-Max-40K-Puffs-Vape-with-HD-Display-Calls_Agora_vape-12-1200x675.webp 1200w, https:\/\/agoravape.com\/wp-content\/uploads\/2025\/10\/JNR-Media-Max-40K-Puffs-Vape-with-HD-Display-Calls_Agora_vape-12-300x169.webp 300w, https:\/\/agoravape.com\/wp-content\/uploads\/2025\/10\/JNR-Media-Max-40K-Puffs-Vape-with-HD-Display-Calls_Agora_vape-12-1024x576.webp 1024w, https:\/\/agoravape.com\/wp-content\/uploads\/2025\/10\/JNR-Media-Max-40K-Puffs-Vape-with-HD-Display-Calls_Agora_vape-12-768x432.webp 768w, https:\/\/agoravape.com\/wp-content\/uploads\/2025\/10\/JNR-Media-Max-40K-Puffs-Vape-with-HD-Display-Calls_Agora_vape-12-1536x864.webp 1536w\" sizes=\"auto, (max-width: 1920px) 100vw, 1920px\" \/><\/h2>\n<h2 data-v-md-heading=\"what-are-the-highlights-of-jnr-media-max-40k-vape-with-high-definition-display-and-call-function\" data-v-md-line=\"3\">Melyek a JNR Media Max 40K vape kiemelked\u0151 tulajdons\u00e1gai nagyfelbont\u00e1s\u00fa kijelz\u0151vel \u00e9s h\u00edv\u00e1sfunkci\u00f3val?<\/h2>\n<p data-v-md-line=\"4\">Ha belef\u00e1radt\u00e1l, hogy n\u00e9h\u00e1ny naponta lecser\u00e9led az eldobhat\u00f3 vape-eket, ez a term\u00e9k mindenk\u00e9ppen meg\u00e9r egy pillant\u00e1st. A JNR Media Max egy 2,4 h\u00fcvelykes nagyfelbont\u00e1s\u00fa kijelz\u0151vel van felszerelve, ak\u00e1r 40000 port kapacit\u00e1ssal, \u00e9s olyan intelligens funkci\u00f3kkal rendelkezik, mint a h\u00edv\u00e1s, SMS, t\u00e1voli kameravez\u00e9rl\u00e9s \u00e9s mobiltelefonok\/vaporek keres\u00e9se. Olyan vape felhaszn\u00e1l\u00f3k sz\u00e1m\u00e1ra k\u00e9sz\u00fclt, akik a tart\u00f3ss\u00e1got, az egyszer\u0171s\u00e9get \u00e9s a praktikumot keresik.<\/p>\n<p data-v-md-line=\"6\">Azt gondolhatod, hogy a vape-ek kijelz\u0151je \u00e9s h\u00edv\u00e1sfunkci\u00f3ja csak tr\u00fckk\u00f6z\u00e9snek hangzik, de val\u00f3j\u00e1ban megk\u00f6nny\u00edtik az \u00e9letet. \u00c1ttekinthet\u0151en lek\u00e9rheted az eszk\u00f6zinform\u00e1ci\u00f3kat, \u00e9s gyorsan el\u00e9rheted a k\u00fcl\u00f6nb\u00f6z\u0151 funkci\u00f3kat an\u00e9lk\u00fcl, hogy mindenhol a telefonodat kellene keresg\u00e9lned. A gazdag \u00edzvil\u00e1ggal \u00e9s a nagy kapacit\u00e1s\u00fa e-folyad\u00e9kkal kombin\u00e1lva egy k\u00f6nnyen haszn\u00e1lhat\u00f3 vape-et kapsz.<\/p>\n<h2 data-v-md-heading=\"excellent-performance-easy-and-convenient\" data-v-md-line=\"8\">Kiv\u00e1l\u00f3 teljes\u00edtm\u00e9ny, egyszer\u0171 \u00e9s k\u00e9nyelmes<\/h2>\n<p data-v-md-line=\"9\">Dupla h\u00e1l\u00f3s porlaszt\u00f3 mag, k\u00f6nnyen szab\u00e1lyozhat\u00f3 minden falat, selymesen sima \u00edzzel, mint egy els\u0151 slukk. Az \u00e1ll\u00edthat\u00f3 l\u00e9g\u00e1raml\u00e1s lehet\u0151v\u00e9 teszi a feszesebb vagy \u00e1ttetsz\u0151bb \u00edz k\u00f6nny\u0171 szab\u00e1lyoz\u00e1s\u00e1t. Amikor az akkumul\u00e1tor lemer\u00fclt, USB-n kereszt\u00fcl t\u00f6lthet\u0151 \u00e9s tov\u00e1bbra is haszn\u00e1lhat\u00f3. K\u00f6nny\u0171 \u00e9s k\u00e9nyelmes.<\/p>\n<h2 data-v-md-heading=\"specification-overview\" data-v-md-line=\"11\">Specifik\u00e1ci\u00f3 \u00e1ttekint\u00e9se<\/h2>\n<ul data-v-md-line=\"12\">\n<li>Sz\u00edv\u00e1s gyakoris\u00e1ga: ak\u00e1r 40000-szer<\/li>\n<li>Nikotintartalom: 5%<\/li>\n<li>M\u0171k\u00f6d\u00e9si elv: sz\u00edv\u00f3 aktiv\u00e1l\u00e1s<\/li>\n<li>T\u00f6lt\u00e9si m\u00f3d: USB t\u00f6lt\u0151interf\u00e9sz<\/li>\n<li>\u00c1llapot: Kicsomagol\u00e1s ut\u00e1n azonnal haszn\u00e1lhat\u00f3<\/li>\n<li>E-folyad\u00e9k kapacit\u00e1sa: 21 milliliter<\/li>\n<li>Akkumul\u00e1tor: 1000mAh<\/li>\n<li>Tov\u00e1bbi funkci\u00f3k: 2,4 h\u00fcvelykes nagy felbont\u00e1s\u00fa kijelz\u0151, h\u00edv\u00e1s, SMS, t\u00e1vir\u00e1ny\u00edt\u00f3s kamera, mobiltelefonok\/vaporiz\u00e1l\u00f3k keres\u00e9se, \u00e1ll\u00edthat\u00f3 l\u00e9g\u00e1raml\u00e1s, dupla h\u00e1l\u00f3s porlaszt\u00f3mag<\/li>\n<\/ul>\n<p data-v-md-line=\"21\">A sz\u00edv\u00e1si frekvencia magyar\u00e1zata: Ellen\u0151rz\u00f6tt k\u00f6r\u00fclm\u00e9nyek k\u00f6z\u00f6tt a maxim\u00e1lis \u00e9rt\u00e9k 40000-szer. A t\u00e9nyleges haszn\u00e1lati hat\u00e1s a l\u00e9g\u00e1raml\u00e1s be\u00e1ll\u00edt\u00e1s\u00e1t\u00f3l \u00e9s a sz\u00edv\u00e1si id\u0151tartamt\u00f3l f\u00fcgg\u0151en v\u00e1ltozhat.<\/p>\n<h2 data-v-md-heading=\"full-range-of-flavors\" data-v-md-line=\"23\">Full range of flavors<\/h2>\n<ul data-v-md-line=\"24\">\n<li>\u00c1fony\u00e1s turmix<\/li>\n<li>Eper turmix<\/li>\n<li>G\u00f6r\u00f6gdinnye turmix<\/li>\n<li>Miami menta turmix<\/li>\n<li>Savany\u00fa alma turmix<\/li>\n<li>\u00c1fony\u00e1s-g\u00f6r\u00f6gdinnye turmix<\/li>\n<li>Csod\u00e1latos turmix<\/li>\n<li>Cseresznye-eper-m\u00e1lna turmix<\/li>\n<li>Taomang g\u00f6r\u00f6gdinnye turmix<\/li>\n<li>Epres-ban\u00e1nos turmix<\/li>\n<\/ul>\n<p><img loading=\"lazy\" decoding=\"async\" class=\"aligncenter size-full wp-image-15956\" src=\"https:\/\/agoravape.com\/wp-content\/uploads\/2025\/10\/JNR-Media-Max-40K-Puffs-Vape-with-HD-Display-Calls_Agora_vape-3.webp\" alt=\"\" width=\"1000\" height=\"1000\" srcset=\"https:\/\/agoravape.com\/wp-content\/uploads\/2025\/10\/JNR-Media-Max-40K-Puffs-Vape-with-HD-Display-Calls_Agora_vape-3.webp 1000w, https:\/\/agoravape.com\/wp-content\/uploads\/2025\/10\/JNR-Media-Max-40K-Puffs-Vape-with-HD-Display-Calls_Agora_vape-3-600x600.webp 600w, https:\/\/agoravape.com\/wp-content\/uploads\/2025\/10\/JNR-Media-Max-40K-Puffs-Vape-with-HD-Display-Calls_Agora_vape-3-300x300.webp 300w, https:\/\/agoravape.com\/wp-content\/uploads\/2025\/10\/JNR-Media-Max-40K-Puffs-Vape-with-HD-Display-Calls_Agora_vape-3-150x150.webp 150w, https:\/\/agoravape.com\/wp-content\/uploads\/2025\/10\/JNR-Media-Max-40K-Puffs-Vape-with-HD-Display-Calls_Agora_vape-3-768x768.webp 768w\" sizes=\"auto, (max-width: 1000px) 100vw, 1000px\" \/><\/p>\n<h2 data-v-md-heading=\"for-you-and-for-your-business-as-well\" data-v-md-line=\"35\">Neked, \u00e9s a v\u00e1llalkoz\u00e1sodnak is<\/h2>\n<p data-v-md-line=\"36\">A JNR Media Max-ot v\u00e1laszthatja szem\u00e9lyes haszn\u00e1latra, vagy hozz\u00e1adhatja \u00e1ruh\u00e1z\u00e1hoz. Nagykereskedelmi csomagol\u00e1st k\u00edn\u00e1lunk, hogy megk\u00f6nny\u00edts\u00fck a t\u00f6meges megrendel\u00e9sek lead\u00e1s\u00e1t. K\u00e9rj\u00fck, vegye fel a kapcsolatot csapatunkkal, ha \u00e9rdekl\u0151dik a csomagol\u00e1si mennyis\u00e9gr\u0151l, az \u00e1rr\u00f3l \u00e9s az aktu\u00e1lis k\u00edn\u00e1lati helyzetr\u0151l a k\u00fcl\u00f6nb\u00f6z\u0151 piacokon.<\/p>\n<p data-v-md-line=\"38\">Megb\u00edzhat\u00f3 partnereken, p\u00e9ld\u00e1ul a UPS-en, a DPD-n \u00e9s a DHL-en kereszt\u00fcl sz\u00e1ll\u00edtunk v\u00e1mfizet\u00e9ssel (DDP) eg\u00e9sz Eur\u00f3p\u00e1ban, biztos\u00edtva a kisz\u00e1m\u00edthat\u00f3 sz\u00e1ll\u00edt\u00e1si id\u0151ket \u00e9s elker\u00fclve a v\u00e1mbaleseteket. A szab\u00e1lyoz\u00e1s orsz\u00e1gonk\u00e9nt elt\u00e9r\u0151, ez\u00e9rt a magas bel\u00e9legz\u00e9s\u0171 \u00e9s 5%-os nikotintartalm\u00fa eszk\u00f6z\u00f6k korl\u00e1tozottak lehetnek. R\u00e9gi\u00f3ja alapj\u00e1n aj\u00e1nl\u00e1sokat adunk a megfelel\u0151s\u00e9gi lehet\u0151s\u00e9gekre vonatkoz\u00f3an.<\/p>\n<h2 data-v-md-heading=\"why-do-you-like-it\" data-v-md-line=\"40\">Mi\u00e9rt tetszik?<\/h2>\n<ul data-v-md-line=\"41\">\n<li>Nagy kapacit\u00e1s: Tart\u00f3s \u00e9s hossz\u00fa \u00e9lettartam\u00fa, an\u00e9lk\u00fcl, hogy gyakran kellene cser\u00e9lni az e-cigarett\u00e1t.<\/li>\n<li>Intelligens nagyfelbont\u00e1s\u00fa kijelz\u0151: Tiszta k\u00e9perny\u0151inform\u00e1ci\u00f3k \u00e9s k\u00e9nyelmes eszk\u00f6z\u00f6k h\u00edv\u00e1shoz \u00e9s \u00fczenetk\u00fcld\u00e9shez.<\/li>\n<li>T\u00f6bbf\u00e9le sz\u00edv\u00e1si lehet\u0151s\u00e9g: Az \u00e1ll\u00edthat\u00f3 sz\u00edv\u00f3er\u0151 lehet\u0151v\u00e9 teszi a sz\u00edv\u00f3er\u0151 \u00edzl\u00e9s szerinti be\u00e1ll\u00edt\u00e1s\u00e1t.<\/li>\n<li>\u00dajrat\u00f6lthet\u0151: 21 milliliteres kapacit\u00e1s\u00e1val e-folyad\u00e9k pazarl\u00e1sa n\u00e9lk\u00fcl haszn\u00e1lhat\u00f3.<\/li>\n<li>H\u00e1l\u00f3s tekercs: Az els\u0151 falatt\u00f3l az utols\u00f3 falatig az \u00edze \u00e1lland\u00f3 marad.<\/li>\n<\/ul>\n<h2 data-v-md-heading=\"why-choose-to-collaborate-with-agoravape\" data-v-md-line=\"47\">Mi\u00e9rt \u00e9rdemes az AgoraVape-pel egy\u00fcttm\u0171k\u00f6dni?<\/h2>\n<p data-v-md-line=\"48\">Kiz\u00e1r\u00f3lag 100%-ban eredeti term\u00e9keket forgalmazunk, \u00e9s garant\u00e1ljuk a sz\u00e1ll\u00edtott term\u00e9kek min\u0151s\u00e9g\u00e9t. Ha v\u00e1llalati \u00fcgyf\u00e9l vagy, a JNR Media Max 40K nagy kapacit\u00e1s\u00fa vape (nagyfelbont\u00e1s\u00fa kijelz\u0151vel \u00e9s h\u00edv\u00e1sfunkci\u00f3val felszerelt) rendk\u00edv\u00fcl versenyk\u00e9pes nagykereskedelmi \u00e1rakat, gyors reag\u00e1l\u00e1s\u00fa technikai t\u00e1mogat\u00e1st \u00e9s gyors DDP kisz\u00e1ll\u00edt\u00e1si szolg\u00e1ltat\u00e1sokat k\u00edn\u00e1l. L\u00e9pj vel\u00fcnk kapcsolatba, \u00e9s mi rakt\u00e1ron tartunk egy nagy kapacit\u00e1s\u00fa, funkci\u00f3kban gazdag eszk\u00f6zt \u00fcgyfeleid sz\u00e1m\u00e1ra, amelyet biztosan im\u00e1dni fogsz.<\/p>","protected":false},"excerpt":{"rendered":"<p>&nbsp;<\/p>\n<p><script src=\"chrome-extension:\/\/fpelahbljekknahkcaegamhcndkfpfnc\/iFrame.js\" type=\"text\/javascript\"><\/script><\/p>\n<p><script src=\"chrome-extension:\/\/fpelahbljekknahkcaegamhcndkfpfnc\/iFrame.js\" type=\"text\/javascript\"><\/script><\/p>\n<p><script src=\"chrome-extension:\/\/fpelahbljekknahkcaegamhcndkfpfnc\/iFrame.js\" type=\"text\/javascript\"><\/script><\/p>\n<p><script src=\"chrome-extension:\/\/fpelahbljekknahkcaegamhcndkfpfnc\/iFrame.js\" type=\"text\/javascript\"><\/script><\/p>\n<p><script src=\"chrome-extension:\/\/fpelahbljekknahkcaegamhcndkfpfnc\/iFrame.js\" type=\"text\/javascript\"><\/script><\/p>\n<p><script src=\"chrome-extension:\/\/fpelahbljekknahkcaegamhcndkfpfnc\/iFrame.js\" type=\"text\/javascript\"><\/script><\/p>\n<p><script src=\"chrome-extension:\/\/fpelahbljekknahkcaegamhcndkfpfnc\/iFrame.js\" type=\"text\/javascript\"><\/script><\/p>\n<p><script src=\"chrome-extension:\/\/fpelahbljekknahkcaegamhcndkfpfnc\/iFrame.js\" type=\"text\/javascript\"><\/script><\/p>\n<p><script src=\"chrome-extension:\/\/fpelahbljekknahkcaegamhcndkfpfnc\/iFrame.js\" type=\"text\/javascript\"><\/script><\/p>\n<p><script src=\"chrome-extension:\/\/fpelahbljekknahkcaegamhcndkfpfnc\/iFrame.js\" type=\"text\/javascript\"><\/script><\/p>\n<p><script src=\"chrome-extension:\/\/fpelahbljekknahkcaegamhcndkfpfnc\/iFrame.js\" type=\"text\/javascript\"><\/script><\/p>","protected":false},"featured_media":15964,"comment_status":"open","ping_status":"closed","template":"","meta":[],"product_brand":[225],"product_cat":[124,185,189,1639,194,176,177,174,175,152,193,191,179,173,186,180,190,192],"product_tag":[],"class_list":{"0":"post-15903","1":"product","2":"type-product","3":"status-publish","4":"has-post-thumbnail","6":"product_brand-jnr","7":"product_cat-vape-by-brand","8":"product_cat-10000-puffs-high-capacity","9":"product_cat-20mg-standard-nicotine-vapes","10":"product_cat-40000-puffs","11":"product_cat-adjustable-airflow","12":"product_cat-beverage","13":"product_cat-dessert-sweets","14":"product_cat-fruit-flavors","15":"product_cat-icy-mint","16":"product_cat-jnr","17":"product_cat-mesh-coil","18":"product_cat-rechargeable-disposables","19":"product_cat-unique-blends","20":"product_cat-vape-by-flavor-profile","21":"product_cat-vape-by-nicotine-strength","22":"product_cat-vape-by-puff-count","23":"product_cat-vape-by-feature-or-type","24":"product_cat-vapes-with-screens","26":"first","27":"onbackorder","28":"shipping-taxable","29":"purchasable","30":"product-type-variable","31":"has-default-attributes"},"tiered_pricing_type":"percentage","tiered_pricing_fixed_rules":[],"tiered_pricing_product_settings":{"layout":"default","base_unit_name":{"singular":null,"plural":null},"default_variation":null},"tiered_pricing_minimum_quantity":10,"tiered_pricing_roles_data":[],"tiered_pricing_percentage_rules":{"50":"35","100":"40","200":"44","500":"47","1000":"49"},"tiered_pricing_maximum_quantity":null,"tiered_pricing_quantity_step":"10","_links":{"self":[{"href":"https:\/\/agoravape.com\/hu\/wp-json\/wp\/v2\/product\/15903","targetHints":{"allow":["GET"]}}],"collection":[{"href":"https:\/\/agoravape.com\/hu\/wp-json\/wp\/v2\/product"}],"about":[{"href":"https:\/\/agoravape.com\/hu\/wp-json\/wp\/v2\/types\/product"}],"replies":[{"embeddable":true,"href":"https:\/\/agoravape.com\/hu\/wp-json\/wp\/v2\/comments?post=15903"}],"version-history":[{"count":0,"href":"https:\/\/agoravape.com\/hu\/wp-json\/wp\/v2\/product\/15903\/revisions"}],"wp:featuredmedia":[{"embeddable":true,"href":"https:\/\/agoravape.com\/hu\/wp-json\/wp\/v2\/media\/15964"}],"wp:attachment":[{"href":"https:\/\/agoravape.com\/hu\/wp-json\/wp\/v2\/media?parent=15903"}],"wp:term":[{"taxonomy":"product_brand","embeddable":true,"href":"https:\/\/agoravape.com\/hu\/wp-json\/wp\/v2\/product_brand?post=15903"},{"taxonomy":"product_cat","embeddable":true,"href":"https:\/\/agoravape.com\/hu\/wp-json\/wp\/v2\/product_cat?post=15903"},{"taxonomy":"product_tag","embeddable":true,"href":"https:\/\/agoravape.com\/hu\/wp-json\/wp\/v2\/product_tag?post=15903"}],"curies":[{"name":"wp","href":"https:\/\/api.w.org\/{rel}","templated":true}]}}