{"id":15996,"date":"2025-10-16T22:25:45","date_gmt":"2025-10-16T14:25:45","guid":{"rendered":"https:\/\/green-grasshopper-921422.hostingersite.com\/?post_type=product&#038;p=15996"},"modified":"2026-03-26T13:22:38","modified_gmt":"2026-03-26T12:22:38","slug":"jnr-alien-10000-puffs-eldobhato-vape","status":"publish","type":"product","link":"https:\/\/agoravape.com\/hu\/product\/jnr-alien-10000-puffs-disposable-vape\/","title":{"rendered":"JNR Alien 10K Puffs Mesh Coil Eldobhat\u00f3 Vape EU | Nagy F\u00faj\u00e1sok, Sima \u00cdz, K\u00f6nny\u0171 T\u00f6lt\u00e9s"},"content":{"rendered":"<h2 data-v-md-heading=\"what-are-the-characteristics-of-jnr-alien-10k-suction-mesh-coil-disposable-vape-eu\" data-v-md-line=\"3\">Milyen jellemz\u0151i vannak a JNR Alien 10K sz\u00edv\u00f3h\u00e1l\u00f3s, eldobhat\u00f3 vape EU-s v\u00e1ltozat\u00e1nak?<\/h2>\n<p data-v-md-line=\"4\">Ha eleged van abb\u00f3l, hogy n\u00e9h\u00e1ny naponta cser\u00e9lgeted az e-cigarett\u00e1dat, ez a term\u00e9k megk\u00f6nny\u00edti az \u00e9letedet. A JNR Alien ak\u00e1r 10000 falatnyi slukkot is k\u00e9pes kiadni, tiszta \u00e9s \u00e1lland\u00f3 \u00edzzel, amely m\u00e9g n\u00e9h\u00e1ny haszn\u00e1lat ut\u00e1n sem fakul meg.<\/p>\n<p data-v-md-line=\"6\">Ha megb\u00edzhat\u00f3, finom \u00e9s probl\u00e9mamentes vape-re v\u00e1gysz, akkor ez az ide\u00e1lis v\u00e1laszt\u00e1s. Nincsenek gombok, nincsenek men\u00fck. Csak v\u00e1laszd ki az \u00edzedet, vegy\u00e9l egy finom slukkot, \u00e9s kezdd a napodat.<\/p>\n<h2 data-v-md-heading=\"excellent-performance-easy-and-convenient\" data-v-md-line=\"8\">Kiv\u00e1l\u00f3 teljes\u00edtm\u00e9ny, egyszer\u0171 \u00e9s k\u00e9nyelmes<\/h2>\n<p data-v-md-line=\"9\">A h\u00e1l\u00f3s tekercs veszi \u00e1t a f\u0151 feladatot, ami azt jelenti, hogy egyenletesen melegszik, \u00edgy minden falat ugyanolyan finom, mint az els\u0151. Sima g\u0151zt \u00e9s ragyog\u00f3 \u00edzt kapsz t\u00falmeleged\u00e9s n\u00e9lk\u00fcl. \u00c1ll\u00edthat\u00f3 leveg\u0151bemenettel is rendelkezik, amely \u00f6sszeh\u00fazhat\u00f3 a cigarettaszer\u0171 sz\u00edv\u00e1s el\u00e9r\u00e9s\u00e9hez, vagy kinyithat\u00f3 a gyeng\u00e9bb sz\u00edv\u00e1s \u00e9rdek\u00e9ben. Ha az akkumul\u00e1tor lemer\u00fclt, Type-C k\u00e1bellel t\u00f6lthet\u0151. Ez ugyanaz lehet, mint a telefonodon l\u00e9v\u0151 t\u00f6lt\u0151k\u00e1bel. Egyszer\u0171.<\/p>\n<h2 data-v-md-heading=\"specification-overview\" data-v-md-line=\"11\">Specifik\u00e1ci\u00f3 \u00e1ttekint\u00e9se<\/h2>\n<p data-v-md-line=\"12\"><strong>Suction frequency<\/strong>ak\u00e1r 10 000 alkalommal<br \/>\n<strong>Nicotine<\/strong>H\u00e1rom koncentr\u00e1ci\u00f3ban kaphat\u00f3: 0%, 2% \u00e9s 5%<br \/>\n<strong>e-folyad\u00e9k kapacit\u00e1s<\/strong>20 ml<br \/>\n<strong>Porlaszt\u00f3 mag<\/strong>1,2 \u03a9-os h\u00e1l\u00f3szem\u0171 porlaszt\u00f3mag<br \/>\n<strong>Besz\u00edvott t\u00e9rfogat<\/strong>\u00c1ll\u00edthat\u00f3<br \/>\n<strong>M\u0171k\u00f6d\u00e9si elv<\/strong>: Activated by inhalation<br \/>\n<strong>T\u00f6lt\u00e9s<\/strong>Standard C t\u00edpus\u00fa USB csatlakoz\u00f3<br \/>\n<strong>Akkumul\u00e1tor<\/strong>850 mAh-s \u00fajrat\u00f6lthet\u0151 akkumul\u00e1tor<br \/>\n<strong>\u00c1llapot<\/strong>Kicsomagol\u00e1s ut\u00e1n haszn\u00e1latra k\u00e9sz<\/p>\n<h2 data-v-md-heading=\"multiple-flavor-options\" data-v-md-line=\"22\">T\u00f6bb \u00edzes\u00edt\u00e9si lehet\u0151s\u00e9g<\/h2>\n<ul data-v-md-line=\"23\">\n<li>Fekete S\u00e1rk\u00e1ny J\u00e9ghomok<\/li>\n<li>\u00c1fony\u00e1s-cseresznye \u00edz\u0171<\/li>\n<li>\u00c1fony\u00e1s r\u00e1g\u00f3gumi \u00edz\u0171<\/li>\n<li>Kiwi, maracuja, guava \u00edz<\/li>\n<li>Eper turmix<\/li>\n<li>G\u00f6r\u00f6gdinnye r\u00e1g\u00f3gumi \u00edz\u0171<\/li>\n<li>\u00c9s m\u00e9g t\u00f6bb \u00edz<\/li>\n<\/ul>\n<h2 data-v-md-heading=\"to-create-for-you-and-your-business\" data-v-md-line=\"31\">Alkotni \u00d6nnek \u00e9s v\u00e1llalkoz\u00e1s\u00e1nak<\/h2>\n<p data-v-md-line=\"32\">V\u00e1lasszon egy mindennapi haszn\u00e1latra alkalmas eszk\u00f6zt, vagy b\u0151v\u00edtse \u00fczlete tartalm\u00e1t. JNR Alien 10K h\u00e1l\u00f3s tekercses eldobhat\u00f3 vape-eket (EU verzi\u00f3) forgalmazunk, kis- \u00e9s nagykereskedelemben egyar\u00e1nt. Nagykereskedelmi pap\u00edrdobozokat is k\u00edn\u00e1lunk. K\u00e9rj\u00fck, \u00e9rdekl\u0151dj\u00f6n az aktu\u00e1lis csomagol\u00e1si mennyis\u00e9gr\u0151l \u00e9s az \u00edzes\u00edt\u00e9si lehet\u0151s\u00e9gekr\u0151l.<\/p>\n<p data-v-md-line=\"34\">V\u00e1mfizet\u00e9ses k\u00e9zbes\u00edt\u00e9st (DDP) biztos\u00edtunk olyan megb\u00edzhat\u00f3 partnereken kereszt\u00fcl, mint a UPS, a DPD \u00e9s a DHL, \u00edgy a v\u00e1millet\u00e9kek \u00e9s az \u00e1ltal\u00e1nos forgalmi ad\u00f3 el\u0151zetesen feldolgozhat\u00f3k, elker\u00fclve a v\u00e1mbaleseteket. Gyors sz\u00e1ll\u00edt\u00e1s \u00e9s nyomon k\u00f6vethet\u0151s\u00e9g az Eur\u00f3pai Uni\u00f3n bel\u00fcl.<\/p>\n<p data-v-md-line=\"36\">Megfelel\u0151s\u00e9gi k\u00f6zlem\u00e9ny: Az EU tag\u00e1llamai elt\u00e9r\u0151 szab\u00e1lyoz\u00e1sokkal rendelkeznek, k\u00fcl\u00f6n\u00f6sen a 10K-s \u00e9s a magasabb nikotinkoncentr\u00e1ci\u00f3j\u00fa eszk\u00f6z\u00f6k eset\u00e9ben. Miel\u0151tt 5%-os koncentr\u00e1ci\u00f3j\u00fa vagy nagy t\u00e9telben v\u00e1s\u00e1rolt term\u00e9ket rendelne, k\u00e9rj\u00fck, ellen\u0151rizze a helyi szab\u00e1lyoz\u00e1sokat.<\/p>\n<h2 data-v-md-heading=\"why-do-you-like-it\" data-v-md-line=\"38\">Mi\u00e9rt tetszik?<\/h2>\n<p data-v-md-line=\"39\"><strong>Er\u0151s doh\u00e1nyz\u00e1s:<\/strong>\u00a0A doh\u00e1nyz\u00e1s tov\u00e1bb tart, \u00e9s nem kell gyakran \u00faj cigarett\u00e1t v\u00e1s\u00e1rolni.<br \/>\n<strong>Nikotinkoncentr\u00e1ci\u00f3 kiv\u00e1laszt\u00e1sa:<\/strong>\u00a0A preferenci\u00e1it\u00f3l \u00e9s a piaci ig\u00e9nyekt\u0151l f\u00fcgg\u0151en v\u00e1lasszon 0%, 2% vagy 5%-os koncentr\u00e1ci\u00f3t.<br \/>\n<strong>\u00dajrat\u00f6lthet\u0151:<\/strong>\u00a0Az \u00f6sszes megv\u00e1s\u00e1rolt e-liquidet felhaszn\u00e1lhatod an\u00e9lk\u00fcl, hogy a k\u00e9sz\u00fcl\u00e9k fel\u00e9t ki kellene dobnod.<br \/>\n<strong>Mesh coil:<\/strong>\u00a0Minden alkalommal k\u00f6vetkezetes \u00e9s gazdag \u00edzt biztos\u00edt.<br \/>\n<strong>\u00c1ll\u00edthat\u00f3 sz\u00edv\u00f3cs\u0151:<\/strong>\u00a0A sz\u00edv\u00f3er\u0151 a szem\u00e9lyes st\u00edlusnak megfelel\u0151en \u00e1ll\u00edthat\u00f3.<br \/>\n<strong>C t\u00edpus\u00fa t\u00f6lt\u00e9s:<\/strong>\u00a0B\u00e1rmikor, b\u00e1rhol t\u00f6lthet\u0151 an\u00e9lk\u00fcl, hogy k\u00fcl\u00f6n adatk\u00e1belt kellene keresg\u00e9lni.<\/p>\n<h2 data-v-md-heading=\"why-collaborate-with-agoravape\" data-v-md-line=\"46\">Mi\u00e9rt \u00e9rdemes az AgoraVape-pel egy\u00fcttm\u0171k\u00f6dni?<\/h2>\n<p data-v-md-line=\"47\">Kiz\u00e1r\u00f3lag 100%-ban eredeti term\u00e9keket forgalmazunk, ebben biztosak lehet\u00fcnk. A JNR Alien 10K Puffs h\u00e1l\u00f3s tekercses eldobhat\u00f3 vape-eket (EU verzi\u00f3) v\u00e1s\u00e1rl\u00f3 v\u00e1llalati \u00fcgyfeleink kedvezm\u00e9nyes nagykereskedelmi \u00e1rakat, megb\u00edzhat\u00f3 \u00fcgyf\u00e9lszolg\u00e1latot \u00e9s gyors DDP kisz\u00e1ll\u00edt\u00e1si szolg\u00e1ltat\u00e1st \u00e9lvezhetnek. Szeretne egy olyan eszk\u00f6zt, amely elnyeri az \u00edzlel\u0151bimb\u00f3it \u00e9s visszat\u00e9r\u0151 v\u00e1s\u00e1rl\u00f3kat vonz? K\u00e9rj\u00fck, vegye fel vel\u00fcnk a kapcsolatot, \u00f6r\u00f6mmel \u00e1llunk rendelkez\u00e9s\u00e9re.<\/p>\n<p><script src=\"chrome-extension:\/\/fpelahbljekknahkcaegamhcndkfpfnc\/iFrame.js\" type=\"text\/javascript\"><\/script><\/p>","protected":false},"excerpt":{"rendered":"<p>&nbsp;<\/p>\n<p><script src=\"chrome-extension:\/\/fpelahbljekknahkcaegamhcndkfpfnc\/iFrame.js\" type=\"text\/javascript\"><\/script><\/p>\n<p><script src=\"chrome-extension:\/\/fpelahbljekknahkcaegamhcndkfpfnc\/iFrame.js\" type=\"text\/javascript\"><\/script><\/p>\n<p><script src=\"chrome-extension:\/\/fpelahbljekknahkcaegamhcndkfpfnc\/iFrame.js\" type=\"text\/javascript\"><\/script><\/p>\n<p><script src=\"chrome-extension:\/\/fpelahbljekknahkcaegamhcndkfpfnc\/iFrame.js\" type=\"text\/javascript\"><\/script><\/p>\n<p><script src=\"chrome-extension:\/\/fpelahbljekknahkcaegamhcndkfpfnc\/iFrame.js\" type=\"text\/javascript\"><\/script><\/p>\n<p><script src=\"chrome-extension:\/\/fpelahbljekknahkcaegamhcndkfpfnc\/iFrame.js\" type=\"text\/javascript\"><\/script><\/p>\n<p><script src=\"chrome-extension:\/\/fpelahbljekknahkcaegamhcndkfpfnc\/iFrame.js\" type=\"text\/javascript\"><\/script><\/p>\n<p><script src=\"chrome-extension:\/\/fpelahbljekknahkcaegamhcndkfpfnc\/iFrame.js\" type=\"text\/javascript\"><\/script><\/p>\n<p><script src=\"chrome-extension:\/\/fpelahbljekknahkcaegamhcndkfpfnc\/iFrame.js\" type=\"text\/javascript\"><\/script><\/p>\n<p><script src=\"chrome-extension:\/\/fpelahbljekknahkcaegamhcndkfpfnc\/iFrame.js\" type=\"text\/javascript\"><\/script><\/p>\n<p><script src=\"chrome-extension:\/\/fpelahbljekknahkcaegamhcndkfpfnc\/iFrame.js\" type=\"text\/javascript\"><\/script><\/p>","protected":false},"featured_media":16051,"comment_status":"open","ping_status":"closed","template":"","meta":[],"product_brand":[225],"product_cat":[124,187,185,189,194,176,177,174,175,152,193,191,179,173,186,180,190],"product_tag":[],"class_list":{"0":"post-15996","1":"product","2":"type-product","3":"status-publish","4":"has-post-thumbnail","6":"product_brand-jnr","7":"product_cat-vape-by-brand","8":"product_cat-0mg-nicotine-free-vapes","9":"product_cat-10000-puffs-high-capacity","10":"product_cat-20mg-standard-nicotine-vapes","11":"product_cat-adjustable-airflow","12":"product_cat-beverage","13":"product_cat-dessert-sweets","14":"product_cat-fruit-flavors","15":"product_cat-icy-mint","16":"product_cat-jnr","17":"product_cat-mesh-coil","18":"product_cat-rechargeable-disposables","19":"product_cat-unique-blends","20":"product_cat-vape-by-flavor-profile","21":"product_cat-vape-by-nicotine-strength","22":"product_cat-vape-by-puff-count","23":"product_cat-vape-by-feature-or-type","25":"first","26":"instock","27":"shipping-taxable","28":"purchasable","29":"product-type-variable","30":"has-default-attributes"},"tiered_pricing_type":"percentage","tiered_pricing_fixed_rules":[],"tiered_pricing_product_settings":{"layout":"default","base_unit_name":{"singular":null,"plural":null},"default_variation":null},"tiered_pricing_minimum_quantity":10,"tiered_pricing_roles_data":[],"tiered_pricing_percentage_rules":{"50":"35","100":"40","200":"44","500":"47","1000":"49"},"tiered_pricing_maximum_quantity":null,"tiered_pricing_quantity_step":"10","_links":{"self":[{"href":"https:\/\/agoravape.com\/hu\/wp-json\/wp\/v2\/product\/15996","targetHints":{"allow":["GET"]}}],"collection":[{"href":"https:\/\/agoravape.com\/hu\/wp-json\/wp\/v2\/product"}],"about":[{"href":"https:\/\/agoravape.com\/hu\/wp-json\/wp\/v2\/types\/product"}],"replies":[{"embeddable":true,"href":"https:\/\/agoravape.com\/hu\/wp-json\/wp\/v2\/comments?post=15996"}],"version-history":[{"count":0,"href":"https:\/\/agoravape.com\/hu\/wp-json\/wp\/v2\/product\/15996\/revisions"}],"wp:featuredmedia":[{"embeddable":true,"href":"https:\/\/agoravape.com\/hu\/wp-json\/wp\/v2\/media\/16051"}],"wp:attachment":[{"href":"https:\/\/agoravape.com\/hu\/wp-json\/wp\/v2\/media?parent=15996"}],"wp:term":[{"taxonomy":"product_brand","embeddable":true,"href":"https:\/\/agoravape.com\/hu\/wp-json\/wp\/v2\/product_brand?post=15996"},{"taxonomy":"product_cat","embeddable":true,"href":"https:\/\/agoravape.com\/hu\/wp-json\/wp\/v2\/product_cat?post=15996"},{"taxonomy":"product_tag","embeddable":true,"href":"https:\/\/agoravape.com\/hu\/wp-json\/wp\/v2\/product_tag?post=15996"}],"curies":[{"name":"wp","href":"https:\/\/api.w.org\/{rel}","templated":true}]}}