{"id":16108,"date":"2025-10-16T22:45:51","date_gmt":"2025-10-16T14:45:51","guid":{"rendered":"https:\/\/green-grasshopper-921422.hostingersite.com\/?post_type=product&#038;p=16108"},"modified":"2026-01-19T22:03:08","modified_gmt":"2026-01-19T14:03:08","slug":"jnr-mega-shisha-vizipipa-100k-vape","status":"publish","type":"product","link":"https:\/\/agoravape.com\/hu\/product\/jnr-mega-shisha-hookah-100k-vape\/","title":{"rendered":"JNR Mega Shisha Hookah 100K Puffs Desktop DTL Vape | Nagy adagok, egyszer\u0171 v\u00edzipipa st\u00edlus\u00fa szippant\u00e1s"},"content":{"rendered":"<h2 data-v-md-heading=\"what-are-the-special-features-of-jnr-super-water-bottle-100000-mouth-desktop-dtl-vape\" data-v-md-line=\"3\"><img loading=\"lazy\" decoding=\"async\" class=\"aligncenter size-full wp-image-16169\" src=\"https:\/\/agoravape.com\/wp-content\/uploads\/2025\/10\/JNR-Mega-Shisha-Hookah-100K-Puffs-Desktop-DTL-Vape-Two-Apple_Agora_vape-16.webp\" alt=\"\" width=\"1920\" height=\"1080\" srcset=\"https:\/\/agoravape.com\/wp-content\/uploads\/2025\/10\/JNR-Mega-Shisha-Hookah-100K-Puffs-Desktop-DTL-Vape-Two-Apple_Agora_vape-16.webp 1920w, https:\/\/agoravape.com\/wp-content\/uploads\/2025\/10\/JNR-Mega-Shisha-Hookah-100K-Puffs-Desktop-DTL-Vape-Two-Apple_Agora_vape-16-1200x675.webp 1200w, https:\/\/agoravape.com\/wp-content\/uploads\/2025\/10\/JNR-Mega-Shisha-Hookah-100K-Puffs-Desktop-DTL-Vape-Two-Apple_Agora_vape-16-300x169.webp 300w, https:\/\/agoravape.com\/wp-content\/uploads\/2025\/10\/JNR-Mega-Shisha-Hookah-100K-Puffs-Desktop-DTL-Vape-Two-Apple_Agora_vape-16-1024x576.webp 1024w, https:\/\/agoravape.com\/wp-content\/uploads\/2025\/10\/JNR-Mega-Shisha-Hookah-100K-Puffs-Desktop-DTL-Vape-Two-Apple_Agora_vape-16-768x432.webp 768w, https:\/\/agoravape.com\/wp-content\/uploads\/2025\/10\/JNR-Mega-Shisha-Hookah-100K-Puffs-Desktop-DTL-Vape-Two-Apple_Agora_vape-16-1536x864.webp 1536w\" sizes=\"auto, (max-width: 1920px) 100vw, 1920px\" \/><\/h2>\n<h2 data-v-md-heading=\"what-are-the-special-features-of-jnr-super-water-bottle-100000-mouth-desktop-dtl-vape\" data-v-md-line=\"3\">Milyen k\u00fcl\u00f6nleges tulajdons\u00e1gai vannak a JNR Super Water Bottle 100000 Mouth Desktop DTL vape-nek?<\/h2>\n<p data-v-md-line=\"4\">Ha eleged van abb\u00f3l, hogy n\u00e9h\u00e1ny naponta cser\u00e9lgeted a k\u00e9sz\u00fcl\u00e9kedet, akkor ez a hossz\u00fa t\u00e1v\u00fa haszn\u00e1latra tervezett term\u00e9k a legjobb v\u00e1laszt\u00e1s. A JNR Super Water Bottle asztali haszn\u00e1latra alkalmas, v\u00edzipipa st\u00edlus\u00fa DTL sz\u00edv\u00f3fejjel rendelkezik, a gy\u00e1rt\u00f3 \u00e1ltal megadott 100 000 slukk kapacit\u00e1ssal. Hossz\u00fa t\u00e1v\u00fa, er\u0151fesz\u00edt\u00e9s n\u00e9lk\u00fcli haszn\u00e1latra tervezt\u00e9k. Sima l\u00e9g\u00e1raml\u00e1s, k\u00f6nny\u0171 kezelhet\u0151s\u00e9g \u00e9s olyan sz\u00e1j\u00e9rzet, amely a v\u00edzipipa-rajong\u00f3k sz\u00e1m\u00e1ra is k\u00e9nyelmes \u00e9rzetet biztos\u00edt.<\/p>\n<p data-v-md-line=\"6\">Olyan term\u00e9ket szeretne, amely \u00f6tv\u00f6zi a megjelen\u00e9st \u00e9s a teljes\u00edtm\u00e9nyt. Okosk\u00e9perny\u0151vel van felszerelve, amely lehet\u0151v\u00e9 teszi az \u00e1llapot gyors \u00e1ttekint\u00e9s\u00e9t, a l\u00e1gy l\u00e9legz\u0151 f\u00e9ny pedig egy csipetnyi szabadid\u0151s hangulatot k\u00f6lcs\u00f6n\u00f6z. Lehet, hogy egy ilyen nagy kapacit\u00e1s\u00fa eszk\u00f6zt kicsit flancosnak gondol, de az emberekben azt az \u00e9rz\u00e9st kelti, hogy kifejezetten stabil t\u00e1rsas\u00e1gi haszn\u00e1latra tervezt\u00e9k.<\/p>\n<h2 data-v-md-heading=\"excellent-performance-without-any-complex-operations\" data-v-md-line=\"8\">Kiv\u00e1l\u00f3 teljes\u00edtm\u00e9ny bonyolult m\u0171veletek n\u00e9lk\u00fcl<\/h2>\n<p data-v-md-line=\"9\">A JNR Mega Shisha Hookah a tiszta \u00e9s hat\u00e9kony DTL teljes\u00edtm\u00e9nyre \u00f6sszpontos\u00edt. Az intelligens k\u00e9perny\u0151 lehet\u0151v\u00e9 teszi a dinamika nyomon k\u00f6vet\u00e9s\u00e9t sz\u00edv\u00e1s k\u00f6zben. A l\u00e9gz\u00e9sjelz\u0151 f\u00e9ny bel\u00e9gz\u00e9skor figyelmeztet\u00e9st ad ki, jelezve, hogy mindig akt\u00edv. Automatikus id\u0151t\u00fall\u00e9p\u00e9s-v\u00e9delmi funkci\u00f3val is rendelkezik, amely minden sz\u00edv\u00e1s ak\u00e1r 8 m\u00e1sodpercig is tart, ami seg\u00edt fenntartani a sz\u00edv\u00e1s stabilit\u00e1s\u00e1t \u00e9s biztos\u00edtja a k\u00e9sz\u00fcl\u00e9k biztons\u00e1g\u00e1t gyakori haszn\u00e1lat sor\u00e1n.<\/p>\n<h2 data-v-md-heading=\"specification-overview\" data-v-md-line=\"11\">Specifik\u00e1ci\u00f3 \u00e1ttekint\u00e9se<\/h2>\n<ul data-v-md-line=\"12\">\n<li>Sz\u00edv\u00e1s gyakoris\u00e1ga: ak\u00e1r 100 000-szer (a gy\u00e1rt\u00f3 besorol\u00e1sa; a t\u00e9nyleges hat\u00e1s a sz\u00edv\u00e1si m\u00f3dszert\u0151l f\u00fcgg\u0151en v\u00e1ltozik)<\/li>\n<li>vape m\u00f3dszer: t\u00fcd\u0151sz\u00edv\u00f3 (DTL), asztali haszn\u00e1latra alkalmas<\/li>\n<li>Biztons\u00e1g: Automatikus id\u0151t\u00fall\u00e9p\u00e9s elleni v\u00e9delem, bel\u00e9gz\u00e9senk\u00e9nt ak\u00e1r 8 m\u00e1sodpercig<\/li>\n<li>Visszajelz\u00e9s: L\u00e9gz\u00e9sjelz\u0151 f\u00e9ny \u00e9s okosk\u00e9perny\u0151<\/li>\n<li>Sz\u00edv\u00f3fej: kett\u0151s sz\u00edv\u00f3fejjel<\/li>\n<li>\u00c1llapot: \u00dajonnan lez\u00e1rt<\/li>\n<\/ul>\n<h2 data-v-md-heading=\"full-range-of-flavors\" data-v-md-line=\"19\">Full range of flavors<\/h2>\n<ul data-v-md-line=\"20\">\n<li>Dupla alm\u00e1k<\/li>\n<li>Szerelem 66<\/li>\n<li>Gyilkos h\u00f6lgy<\/li>\n<li>Epres Panqu<\/li>\n<li>J\u00e9ghideg sz\u0151l\u0151<\/li>\n<li>Mint grapes<\/li>\n<li>Var\u00e1zslatos szerelem<\/li>\n<li>\u0150szibarack j\u00e9g<\/li>\n<li>K\u00e9k j\u00e9gp\u00e1lya<\/li>\n<li>Hawaii<\/li>\n<li>Kiwi, maracuja, guava<\/li>\n<li>A szerelmem<\/li>\n<\/ul>\n<p><img loading=\"lazy\" decoding=\"async\" class=\"aligncenter size-full wp-image-16168\" src=\"https:\/\/agoravape.com\/wp-content\/uploads\/2025\/10\/JNR-Mega-Shisha-Hookah-100K-Puffs-Desktop-DTL-Vape-Two-Apple_Agora_vape-15.webp\" alt=\"\" width=\"1920\" height=\"1080\" srcset=\"https:\/\/agoravape.com\/wp-content\/uploads\/2025\/10\/JNR-Mega-Shisha-Hookah-100K-Puffs-Desktop-DTL-Vape-Two-Apple_Agora_vape-15.webp 1920w, https:\/\/agoravape.com\/wp-content\/uploads\/2025\/10\/JNR-Mega-Shisha-Hookah-100K-Puffs-Desktop-DTL-Vape-Two-Apple_Agora_vape-15-1200x675.webp 1200w, https:\/\/agoravape.com\/wp-content\/uploads\/2025\/10\/JNR-Mega-Shisha-Hookah-100K-Puffs-Desktop-DTL-Vape-Two-Apple_Agora_vape-15-300x169.webp 300w, https:\/\/agoravape.com\/wp-content\/uploads\/2025\/10\/JNR-Mega-Shisha-Hookah-100K-Puffs-Desktop-DTL-Vape-Two-Apple_Agora_vape-15-1024x576.webp 1024w, https:\/\/agoravape.com\/wp-content\/uploads\/2025\/10\/JNR-Mega-Shisha-Hookah-100K-Puffs-Desktop-DTL-Vape-Two-Apple_Agora_vape-15-768x432.webp 768w, https:\/\/agoravape.com\/wp-content\/uploads\/2025\/10\/JNR-Mega-Shisha-Hookah-100K-Puffs-Desktop-DTL-Vape-Two-Apple_Agora_vape-15-1536x864.webp 1536w, https:\/\/agoravape.com\/wp-content\/uploads\/2025\/10\/JNR-Mega-Shisha-Hookah-100K-Puffs-Desktop-DTL-Vape-Two-Apple_Agora_vape-15-978x550.webp 978w\" sizes=\"auto, (max-width: 1920px) 100vw, 1920px\" \/><\/p>\n<h2 data-v-md-heading=\"for-you-and-your-business\" data-v-md-line=\"33\">\u00d6nnek \u00e9s v\u00e1llalkoz\u00e1s\u00e1nak<\/h2>\n<p data-v-md-line=\"34\">V\u00e1laszthatod a JNR Mega Shisha Hookah 100K sz\u00edv\u00f3fejes asztali DTL vape-t szem\u00e9lyes haszn\u00e1latra, vagy t\u00e1rolhatod a t\u00e1rsalg\u00f3ban vagy az \u00fczletben. 4 darab nagykereskedelmi dobozonk\u00e9nt \u00e9s 48 darab standard dobozonk\u00e9nt. Ad\u00f3k\u00f6teles DDP sz\u00e1ll\u00edt\u00e1si szolg\u00e1ltat\u00e1sokat ny\u00fajtunk megb\u00edzhat\u00f3 partnerekkel, mint p\u00e9ld\u00e1ul a UPS, a DPD \u00e9s a DHL, hogy biztos\u00edtsuk a pontos k\u00f6lts\u00e9geket \u00e9s elker\u00fclj\u00fck a v\u00e1mbaleseteket.<\/p>\n<p data-v-md-line=\"36\">R\u00f6vid megfelel\u0151s\u00e9gi magyar\u00e1zat. Az ilyen nagy kapacit\u00e1s\u00fa eszk\u00f6z\u00f6k bizonyos EU-orsz\u00e1gokban nem felelhetnek meg a TPD\/TRRP el\u0151\u00edr\u00e1soknak. K\u00e9rj\u00fck, rendel\u00e9s lead\u00e1sa el\u0151tt ellen\u0151rizze a helyi el\u0151\u00edr\u00e1sokat. A szab\u00e1lyoz\u00e1snak megfelel\u0151 c\u00e9l\u00e1llom\u00e1sok eset\u00e9ben k\u00f6r\u00fcltekint\u0151en sz\u00e1ll\u00edtunk, \u00e9s biztos\u00edtjuk a megfelel\u0151 dokumentumokat.<\/p>\n<h2 data-v-md-heading=\"why-do-you-like-it\" data-v-md-line=\"38\">Mi\u00e9rt tetszik?<\/h2>\n<ul data-v-md-line=\"39\">\n<li>Nagy sz\u00edv\u00f3kapacit\u00e1s: cs\u00f6kkenti a cser\u00e9k sz\u00e1m\u00e1t, \u00edgy t\u00f6bb ideje marad a haszn\u00e1latra.<\/li>\n<li>Asztali DTL sz\u00edv\u00e1s: v\u00edzipipa st\u00edlus\u00fa, sima l\u00e9g\u00e1raml\u00e1s.<\/li>\n<li>Dupla sz\u00edv\u00f3fej: Sz\u00fcks\u00e9g szerint megoszthatja vagy lecser\u00e9lheti kedvenc sz\u00edv\u00f3fej\u00e9t.<\/li>\n<li>Okosk\u00e9perny\u0151 \u00e9s l\u00e9legz\u0151 f\u00e9ny: egy\u00e9rtelm\u0171 visszajelz\u00e9s, k\u00f6nnyen haszn\u00e1lhat\u00f3.<\/li>\n<li>Be\u00e9p\u00edtett biztons\u00e1gi funkci\u00f3: Az automatikus id\u0151t\u00fall\u00e9p\u00e9s elleni v\u00e9delem seg\u00edt megel\u0151zni a t\u00falmeleged\u00e9st hosszabb sz\u00edv\u00e1s k\u00f6zben.<\/li>\n<\/ul>\n<h2 data-v-md-heading=\"why-choose-to-collaborate-with-agoravape\" data-v-md-line=\"45\">Mi\u00e9rt \u00e9rdemes az AgoraVape-pel egy\u00fcttm\u0171k\u00f6dni?<\/h2>\n<p data-v-md-line=\"46\">Kiz\u00e1r\u00f3lag eredeti term\u00e9keket forgalmazunk, gondosan v\u00e1s\u00e1rolunk, \u00e9s egy piacvezet\u0151 csapat t\u00e1mogatja \u00d6nt. A JNR Mega Shisha Hookah 100K Puffs asztali DTL vape-eket v\u00e1s\u00e1rl\u00f3 v\u00e1llalati v\u00e1s\u00e1rl\u00f3k rendk\u00edv\u00fcl versenyk\u00e9pes nagykereskedelmi \u00e1rakat, gyors reag\u00e1l\u00e1s\u00fa \u00fcgyf\u00e9lszolg\u00e1latot \u00e9s gyors DDP kisz\u00e1ll\u00edt\u00e1si szolg\u00e1ltat\u00e1sokat \u00e9lvezhetnek. Besz\u00e9lj\u00fck meg vel\u00fcnk, hogyan hozhat l\u00e9tre val\u00f3ban szeretett term\u00e9ket \u00fcgyfelei sz\u00e1m\u00e1ra.<\/p>\n<p data-v-md-line=\"46\"><img loading=\"lazy\" decoding=\"async\" class=\"aligncenter size-full wp-image-16167\" src=\"https:\/\/agoravape.com\/wp-content\/uploads\/2025\/10\/JNR-Mega-Shisha-Hookah-100K-Puffs-Desktop-DTL-Vape-Two-Apple_Agora_vape-14-scaled.webp\" alt=\"\" width=\"2560\" height=\"1440\" srcset=\"https:\/\/agoravape.com\/wp-content\/uploads\/2025\/10\/JNR-Mega-Shisha-Hookah-100K-Puffs-Desktop-DTL-Vape-Two-Apple_Agora_vape-14-scaled.webp 2560w, https:\/\/agoravape.com\/wp-content\/uploads\/2025\/10\/JNR-Mega-Shisha-Hookah-100K-Puffs-Desktop-DTL-Vape-Two-Apple_Agora_vape-14-scaled-1200x675.webp 1200w, https:\/\/agoravape.com\/wp-content\/uploads\/2025\/10\/JNR-Mega-Shisha-Hookah-100K-Puffs-Desktop-DTL-Vape-Two-Apple_Agora_vape-14-300x169.webp 300w, https:\/\/agoravape.com\/wp-content\/uploads\/2025\/10\/JNR-Mega-Shisha-Hookah-100K-Puffs-Desktop-DTL-Vape-Two-Apple_Agora_vape-14-1024x576.webp 1024w, https:\/\/agoravape.com\/wp-content\/uploads\/2025\/10\/JNR-Mega-Shisha-Hookah-100K-Puffs-Desktop-DTL-Vape-Two-Apple_Agora_vape-14-768x432.webp 768w, https:\/\/agoravape.com\/wp-content\/uploads\/2025\/10\/JNR-Mega-Shisha-Hookah-100K-Puffs-Desktop-DTL-Vape-Two-Apple_Agora_vape-14-1536x864.webp 1536w, https:\/\/agoravape.com\/wp-content\/uploads\/2025\/10\/JNR-Mega-Shisha-Hookah-100K-Puffs-Desktop-DTL-Vape-Two-Apple_Agora_vape-14-2048x1152.webp 2048w\" sizes=\"auto, (max-width: 2560px) 100vw, 2560px\" \/><\/p>\n<p><script src=\"chrome-extension:\/\/fpelahbljekknahkcaegamhcndkfpfnc\/iFrame.js\" type=\"text\/javascript\"><\/script><\/p>\n<p><script src=\"chrome-extension:\/\/fpelahbljekknahkcaegamhcndkfpfnc\/iFrame.js\" type=\"text\/javascript\"><\/script><\/p>","protected":false},"excerpt":{"rendered":"<p>&nbsp;<\/p>\n<p><script src=\"chrome-extension:\/\/fpelahbljekknahkcaegamhcndkfpfnc\/iFrame.js\" type=\"text\/javascript\"><\/script><\/p>\n<p><script src=\"chrome-extension:\/\/fpelahbljekknahkcaegamhcndkfpfnc\/iFrame.js\" type=\"text\/javascript\"><\/script><\/p>\n<p><script src=\"chrome-extension:\/\/fpelahbljekknahkcaegamhcndkfpfnc\/iFrame.js\" type=\"text\/javascript\"><\/script><\/p>\n<p><script src=\"chrome-extension:\/\/fpelahbljekknahkcaegamhcndkfpfnc\/iFrame.js\" type=\"text\/javascript\"><\/script><\/p>\n<p><script src=\"chrome-extension:\/\/fpelahbljekknahkcaegamhcndkfpfnc\/iFrame.js\" type=\"text\/javascript\"><\/script><\/p>\n<p><script src=\"chrome-extension:\/\/fpelahbljekknahkcaegamhcndkfpfnc\/iFrame.js\" type=\"text\/javascript\"><\/script><\/p>\n<p><script src=\"chrome-extension:\/\/fpelahbljekknahkcaegamhcndkfpfnc\/iFrame.js\" type=\"text\/javascript\"><\/script><\/p>\n<p><script src=\"chrome-extension:\/\/fpelahbljekknahkcaegamhcndkfpfnc\/iFrame.js\" type=\"text\/javascript\"><\/script><\/p>\n<p><script src=\"chrome-extension:\/\/fpelahbljekknahkcaegamhcndkfpfnc\/iFrame.js\" type=\"text\/javascript\"><\/script><\/p>\n<p><script src=\"chrome-extension:\/\/fpelahbljekknahkcaegamhcndkfpfnc\/iFrame.js\" type=\"text\/javascript\"><\/script><\/p>\n<p><script src=\"chrome-extension:\/\/fpelahbljekknahkcaegamhcndkfpfnc\/iFrame.js\" type=\"text\/javascript\"><\/script><\/p>","protected":false},"featured_media":16206,"comment_status":"open","ping_status":"closed","template":"","meta":[],"product_brand":[225],"product_cat":[124,187,185,189,176,174,175,152,193,191,179,173,186,180,190,192],"product_tag":[],"class_list":{"0":"post-16108","1":"product","2":"type-product","3":"status-publish","4":"has-post-thumbnail","6":"product_brand-jnr","7":"product_cat-vape-by-brand","8":"product_cat-0mg-nicotine-free-vapes","9":"product_cat-10000-puffs-high-capacity","10":"product_cat-20mg-standard-nicotine-vapes","11":"product_cat-beverage","12":"product_cat-fruit-flavors","13":"product_cat-icy-mint","14":"product_cat-jnr","15":"product_cat-mesh-coil","16":"product_cat-rechargeable-disposables","17":"product_cat-unique-blends","18":"product_cat-vape-by-flavor-profile","19":"product_cat-vape-by-nicotine-strength","20":"product_cat-vape-by-puff-count","21":"product_cat-vape-by-feature-or-type","22":"product_cat-vapes-with-screens","24":"first","25":"onbackorder","26":"shipping-taxable","27":"purchasable","28":"product-type-variable","29":"has-default-attributes"},"tiered_pricing_type":"percentage","tiered_pricing_fixed_rules":[],"tiered_pricing_product_settings":{"layout":"default","base_unit_name":{"singular":null,"plural":null},"default_variation":null},"tiered_pricing_minimum_quantity":10,"tiered_pricing_roles_data":[],"tiered_pricing_percentage_rules":{"50":"35","100":"40","200":"44","500":"47","1000":"49"},"tiered_pricing_maximum_quantity":null,"tiered_pricing_quantity_step":"10","_links":{"self":[{"href":"https:\/\/agoravape.com\/hu\/wp-json\/wp\/v2\/product\/16108","targetHints":{"allow":["GET"]}}],"collection":[{"href":"https:\/\/agoravape.com\/hu\/wp-json\/wp\/v2\/product"}],"about":[{"href":"https:\/\/agoravape.com\/hu\/wp-json\/wp\/v2\/types\/product"}],"replies":[{"embeddable":true,"href":"https:\/\/agoravape.com\/hu\/wp-json\/wp\/v2\/comments?post=16108"}],"version-history":[{"count":0,"href":"https:\/\/agoravape.com\/hu\/wp-json\/wp\/v2\/product\/16108\/revisions"}],"wp:featuredmedia":[{"embeddable":true,"href":"https:\/\/agoravape.com\/hu\/wp-json\/wp\/v2\/media\/16206"}],"wp:attachment":[{"href":"https:\/\/agoravape.com\/hu\/wp-json\/wp\/v2\/media?parent=16108"}],"wp:term":[{"taxonomy":"product_brand","embeddable":true,"href":"https:\/\/agoravape.com\/hu\/wp-json\/wp\/v2\/product_brand?post=16108"},{"taxonomy":"product_cat","embeddable":true,"href":"https:\/\/agoravape.com\/hu\/wp-json\/wp\/v2\/product_cat?post=16108"},{"taxonomy":"product_tag","embeddable":true,"href":"https:\/\/agoravape.com\/hu\/wp-json\/wp\/v2\/product_tag?post=16108"}],"curies":[{"name":"wp","href":"https:\/\/api.w.org\/{rel}","templated":true}]}}