{"id":16270,"date":"2025-10-17T13:11:32","date_gmt":"2025-10-17T05:11:32","guid":{"rendered":"https:\/\/green-grasshopper-921422.hostingersite.com\/?post_type=product&#038;p=16270"},"modified":"2026-03-28T03:22:38","modified_gmt":"2026-03-28T02:22:38","slug":"vozol-rave-40k-50000-puffs-vape","status":"publish","type":"product","link":"https:\/\/agoravape.com\/hu\/product\/vozol-rave-40k-50000-puffs-vape\/","title":{"rendered":"Vozol RAVE 40k Puffs Boost Mode Eldobhat\u00f3 Vape | Nagy F\u00faj\u00e1sok, K\u00f6nny\u0171 T\u00f6lt\u00e9s"},"content":{"rendered":"<h2 data-v-md-heading=\"what-is-special-about-the-vozol-rave-40k-speed-mode-disposable-vape\" data-v-md-line=\"3\"><\/h2>\n<h2 data-v-md-heading=\"what-is-special-about-the-vozol-rave-40k-speed-mode-disposable-vape\" data-v-md-line=\"3\"><img loading=\"lazy\" decoding=\"async\" class=\"aligncenter size-full wp-image-16340\" src=\"https:\/\/agoravape.com\/wp-content\/uploads\/2025\/10\/Vozol-RAVE-40k-Puffs-Boost-Mode-Disposable-Vape-Vape_Agora_vape-1.webp\" alt=\"\" width=\"1920\" height=\"1081\" srcset=\"https:\/\/agoravape.com\/wp-content\/uploads\/2025\/10\/Vozol-RAVE-40k-Puffs-Boost-Mode-Disposable-Vape-Vape_Agora_vape-1.webp 1920w, https:\/\/agoravape.com\/wp-content\/uploads\/2025\/10\/Vozol-RAVE-40k-Puffs-Boost-Mode-Disposable-Vape-Vape_Agora_vape-1-1200x676.webp 1200w, https:\/\/agoravape.com\/wp-content\/uploads\/2025\/10\/Vozol-RAVE-40k-Puffs-Boost-Mode-Disposable-Vape-Vape_Agora_vape-1-300x169.webp 300w, https:\/\/agoravape.com\/wp-content\/uploads\/2025\/10\/Vozol-RAVE-40k-Puffs-Boost-Mode-Disposable-Vape-Vape_Agora_vape-1-1024x577.webp 1024w, https:\/\/agoravape.com\/wp-content\/uploads\/2025\/10\/Vozol-RAVE-40k-Puffs-Boost-Mode-Disposable-Vape-Vape_Agora_vape-1-768x432.webp 768w, https:\/\/agoravape.com\/wp-content\/uploads\/2025\/10\/Vozol-RAVE-40k-Puffs-Boost-Mode-Disposable-Vape-Vape_Agora_vape-1-1536x865.webp 1536w\" sizes=\"auto, (max-width: 1920px) 100vw, 1920px\" \/><\/h2>\n<h2 data-v-md-heading=\"what-is-special-about-the-vozol-rave-40k-speed-mode-disposable-vape\" data-v-md-line=\"3\">What is special about the Vozol RAVE 40k speed mode disposable vape?<\/h2>\n<p data-v-md-line=\"4\">If you are tired of disposable vapes that consume too much fuel, you may want to take a look at this product. The Vozol RAVE is equipped with a large capacity oil storage tank and rechargeable battery, allowing you to easily achieve long-lasting endurance. If you only want a reliable, durable, flavorful, and everyday vape, it is your ideal choice.<\/p>\n<p data-v-md-line=\"6\">There are two power modes to choose from, meeting your different needs. Normal mode can maintain smoothness and stability. If you want a stronger suction experience and tighter suction, please choose the double speed mode. It\u2019s that simple.<\/p>\n<h2 data-v-md-heading=\"excellent-performance-worry-free\" data-v-md-line=\"8\">Kiv\u00e1l\u00f3 teljes\u00edtm\u00e9ny, gondtalan<\/h2>\n<p data-v-md-line=\"9\">The core of RAVE adopts a mesh coil to ensure that each opening is as pure and smooth as the first opening. It is equipped with an adjustable air intake for easy adjustment of suction, and also features a dynamic 270 \u00b0 beat sensing screen for more enjoyment during suction. When the battery is low, you can use the Type-C data cable that may already be available on your phone to connect. You may think that Boost mode consumes a lot of power, but with a 1000mAh battery and support for fast Type-C charging, you don\u2019t have to worry about running out of battery.<\/p>\n<h2 data-v-md-heading=\"specification-introduction\" data-v-md-line=\"11\">Specifik\u00e1ci\u00f3 Bevezet\u00e9s<\/h2>\n<ul data-v-md-line=\"12\">\n<li>Suction frequency: up to 50000 times in regular mode and up to 35000 times in enhanced mode<\/li>\n<li>E-folyad\u00e9k kapacit\u00e1sa: 20 milliliter<\/li>\n<li>Nikotin: 5%-os nikotins\u00f3<\/li>\n<li>Akkumul\u00e1tor: 1000mAh \u00fajrat\u00f6lthet\u0151 akkumul\u00e1tor<\/li>\n<li>Porlaszt\u00e1si mag: H\u00e1l\u00f3s porlaszt\u00e1si mag<\/li>\n<li>Mode: Normal and Enhanced Modes with Adjustable Airflow<\/li>\n<li>Display screen: 270 \u00b0 beat sensing screen<\/li>\n<li>M\u0171k\u00f6d\u00e9si elv: Bel\u00e9gz\u00e9ssel aktiv\u00e1lhat\u00f3<\/li>\n<li>Charging: Standard Type-C USB interface<\/li>\n<li>\u00c1llapot: Kicsomagol\u00e1s ut\u00e1n haszn\u00e1latra k\u00e9sz<\/li>\n<\/ul>\n<h2 data-v-md-heading=\"complete-flavor-series\" data-v-md-line=\"23\">Teljes \u00edzsorozat<\/h2>\n<ul data-v-md-line=\"24\">\n<li>\u00c1fony\u00e1s turmix<\/li>\n<li>Eper-cseresznye<\/li>\n<li>H\u0171s menta<\/li>\n<li>Dupla alma<\/li>\n<li>Mang\u00f3 \u00e9s \u0151szibarack<\/li>\n<li>Peach, raspberry, lemon water<\/li>\n<li>And more choices for 34 flavors<\/li>\n<\/ul>\n<h2 data-v-md-heading=\"to-create-for-you-and-your-business\" data-v-md-line=\"32\">Alkotni \u00d6nnek \u00e9s v\u00e1llalkoz\u00e1s\u00e1nak<\/h2>\n<p data-v-md-line=\"33\">You can choose one for yourself or purchase RAVE for your store. We wholesale 100 pieces per box to easily meet your shelf needs. We provide DDP delivery services across Europe through trusted partners such as UPS, DPD, and DHL, ensuring that tariffs are handled properly and avoiding customs accidents.<\/p>\n<p data-v-md-line=\"35\">If you need to mix flavors or understand the best-selling flavors in your region, we will help you choose the appropriate product line.<\/p>\n<h2 data-v-md-heading=\"why-do-you-like-it\" data-v-md-line=\"37\">Mi\u00e9rt tetszik?<\/h2>\n<ul data-v-md-line=\"38\">\n<li>Multiple suction cycles: durable and long-lasting, no need to replace every few days<\/li>\n<li>Rechargeable: Use all purchased e-liquid at once instead of half<\/li>\n<li>Mesh atomizing core: providing consistent taste from start to finish<\/li>\n<li>Dual mode: When you want a stronger taste, you can choose the enhanced mode; When you want a smoother taste, you can choose the regular mode<\/li>\n<li>Adjustable intake: You can choose between tight or ventilated mode according to your preferred suction method<\/li>\n<li>Clear display screen: 270 \u00b0 screen makes you more personalized when suctioning<\/li>\n<\/ul>\n<h2 data-v-md-heading=\"why-choose-to-collaborate-with-agoravape\" data-v-md-line=\"45\">Mi\u00e9rt \u00e9rdemes az AgoraVape-pel egy\u00fcttm\u0171k\u00f6dni?<\/h2>\n<p data-v-md-line=\"46\">Eur\u00f3pa egyik legmegb\u00edzhat\u00f3bb vape forgalmaz\u00f3ja vagyunk, \u00e9s kiz\u00e1r\u00f3lag 100%-ban eredeti term\u00e9keket \u00e1rulunk. V\u00e1llalati v\u00e1s\u00e1rl\u00f3k sz\u00e1m\u00e1ra ez azt jelenti, hogy a Vozol RAVE 40k eldobhat\u00f3 vape-ek boost m\u00f3ddal kedvezm\u00e9nyes nagykereskedelmi \u00e1rakkal, megb\u00edzhat\u00f3 \u00fcgyf\u00e9lszolg\u00e1lattal, valamint gyors \u00e9s megb\u00edzhat\u00f3 kisz\u00e1ll\u00edt\u00e1ssal rendelkeznek. L\u00e9pjen kapcsolatba vel\u00fcnk, hogy olyan eszk\u00f6zt szerezzen be, amelyre \u00e9rdemes visszat\u00e9rni \u00fcgyfeleinek.<\/p>\n<p><script src=\"chrome-extension:\/\/fpelahbljekknahkcaegamhcndkfpfnc\/iFrame.js\" type=\"text\/javascript\"><\/script><\/p>","protected":false},"excerpt":{"rendered":"<p>&nbsp;<\/p>\n<p><script src=\"chrome-extension:\/\/fpelahbljekknahkcaegamhcndkfpfnc\/iFrame.js\" type=\"text\/javascript\"><\/script><\/p>\n<p><script src=\"chrome-extension:\/\/fpelahbljekknahkcaegamhcndkfpfnc\/iFrame.js\" type=\"text\/javascript\"><\/script><\/p>\n<p><script src=\"chrome-extension:\/\/fpelahbljekknahkcaegamhcndkfpfnc\/iFrame.js\" type=\"text\/javascript\"><\/script><\/p>\n<p><script src=\"chrome-extension:\/\/fpelahbljekknahkcaegamhcndkfpfnc\/iFrame.js\" type=\"text\/javascript\"><\/script><\/p>\n<p><script src=\"chrome-extension:\/\/fpelahbljekknahkcaegamhcndkfpfnc\/iFrame.js\" type=\"text\/javascript\"><\/script><\/p>\n<p><script src=\"chrome-extension:\/\/fpelahbljekknahkcaegamhcndkfpfnc\/iFrame.js\" type=\"text\/javascript\"><\/script><\/p>\n<p><script src=\"chrome-extension:\/\/fpelahbljekknahkcaegamhcndkfpfnc\/iFrame.js\" type=\"text\/javascript\"><\/script><\/p>\n<p><script src=\"chrome-extension:\/\/fpelahbljekknahkcaegamhcndkfpfnc\/iFrame.js\" type=\"text\/javascript\"><\/script><\/p>\n<p><script src=\"chrome-extension:\/\/fpelahbljekknahkcaegamhcndkfpfnc\/iFrame.js\" type=\"text\/javascript\"><\/script><\/p>\n<p><script src=\"chrome-extension:\/\/fpelahbljekknahkcaegamhcndkfpfnc\/iFrame.js\" type=\"text\/javascript\"><\/script><\/p>\n<p><script src=\"chrome-extension:\/\/fpelahbljekknahkcaegamhcndkfpfnc\/iFrame.js\" type=\"text\/javascript\"><\/script><\/p>\n<p><script src=\"chrome-extension:\/\/fpelahbljekknahkcaegamhcndkfpfnc\/iFrame.js\" type=\"text\/javascript\"><\/script><\/p>","protected":false},"featured_media":16350,"comment_status":"open","ping_status":"closed","template":"","meta":[],"product_brand":[226],"product_cat":[124,185,189,194,1674,174,175,193,191,173,186,180,190,192,153],"product_tag":[],"class_list":{"0":"post-16270","1":"product","2":"type-product","3":"status-publish","4":"has-post-thumbnail","6":"product_brand-vozol","7":"product_cat-vape-by-brand","8":"product_cat-10000-puffs-high-capacity","9":"product_cat-20mg-standard-nicotine-vapes","10":"product_cat-adjustable-airflow","11":"product_cat-eu-warehouse","12":"product_cat-fruit-flavors","13":"product_cat-icy-mint","14":"product_cat-mesh-coil","15":"product_cat-rechargeable-disposables","16":"product_cat-vape-by-flavor-profile","17":"product_cat-vape-by-nicotine-strength","18":"product_cat-vape-by-puff-count","19":"product_cat-vape-by-feature-or-type","20":"product_cat-vapes-with-screens","21":"product_cat-vozol","23":"first","24":"instock","25":"shipping-taxable","26":"purchasable","27":"product-type-variable","28":"has-default-attributes"},"tiered_pricing_type":"percentage","tiered_pricing_fixed_rules":[],"tiered_pricing_product_settings":{"layout":"default","base_unit_name":{"singular":null,"plural":null},"default_variation":null},"tiered_pricing_minimum_quantity":10,"tiered_pricing_roles_data":[],"tiered_pricing_percentage_rules":{"30":"29","50":"35","100":"40","200":"44","500":"47","1000":"49"},"tiered_pricing_maximum_quantity":null,"tiered_pricing_quantity_step":"10","_links":{"self":[{"href":"https:\/\/agoravape.com\/hu\/wp-json\/wp\/v2\/product\/16270","targetHints":{"allow":["GET"]}}],"collection":[{"href":"https:\/\/agoravape.com\/hu\/wp-json\/wp\/v2\/product"}],"about":[{"href":"https:\/\/agoravape.com\/hu\/wp-json\/wp\/v2\/types\/product"}],"replies":[{"embeddable":true,"href":"https:\/\/agoravape.com\/hu\/wp-json\/wp\/v2\/comments?post=16270"}],"version-history":[{"count":0,"href":"https:\/\/agoravape.com\/hu\/wp-json\/wp\/v2\/product\/16270\/revisions"}],"wp:featuredmedia":[{"embeddable":true,"href":"https:\/\/agoravape.com\/hu\/wp-json\/wp\/v2\/media\/16350"}],"wp:attachment":[{"href":"https:\/\/agoravape.com\/hu\/wp-json\/wp\/v2\/media?parent=16270"}],"wp:term":[{"taxonomy":"product_brand","embeddable":true,"href":"https:\/\/agoravape.com\/hu\/wp-json\/wp\/v2\/product_brand?post=16270"},{"taxonomy":"product_cat","embeddable":true,"href":"https:\/\/agoravape.com\/hu\/wp-json\/wp\/v2\/product_cat?post=16270"},{"taxonomy":"product_tag","embeddable":true,"href":"https:\/\/agoravape.com\/hu\/wp-json\/wp\/v2\/product_tag?post=16270"}],"curies":[{"name":"wp","href":"https:\/\/api.w.org\/{rel}","templated":true}]}}