{"id":16352,"date":"2025-10-17T15:00:02","date_gmt":"2025-10-17T07:00:02","guid":{"rendered":"https:\/\/green-grasshopper-921422.hostingersite.com\/?post_type=product&#038;p=16352"},"modified":"2026-01-19T22:03:03","modified_gmt":"2026-01-19T14:03:03","slug":"vozol-vista-20000-puffs-vape","status":"publish","type":"product","link":"https:\/\/agoravape.com\/hu\/product\/vozol-vista-20000-puffs-vape\/","title":{"rendered":"Vozol Vista 20000 Puffs Power Adjustable Vape | Big Puff Count with Customisable Power"},"content":{"rendered":"<h2 data-v-md-heading=\"what-is-special-about-the-vozol-vista-20000-port-adjustable-power-vape\" data-v-md-line=\"3\">Mi a k\u00fcl\u00f6nleges a Vozol Vista 20000 portos, \u00e1ll\u00edthat\u00f3 teljes\u00edtm\u00e9ny\u0171 vape-ben?<\/h2>\n<p data-v-md-line=\"4\">Ha belef\u00e1radt\u00e1l abba, hogy a munkanap fel\u00e9n\u00e9l eldobhat\u00f3 vape-eket haszn\u00e1lsz, \u00e9rdemes lehet megn\u00e9zned ezt a term\u00e9ket. A Vozol Vista 20000 ultra hossz\u00fa, ak\u00e1r 20000 portos akkumul\u00e1tor-\u00fczemid\u0151vel rendelkezik, \u00e9s egy egyszer\u0171 teljes\u00edtm\u00e9nyszab\u00e1lyoz\u00f3 funkci\u00f3val van felszerelve, amely lehet\u0151v\u00e9 teszi a f\u00fcst szintj\u00e9nek be\u00e1ll\u00edt\u00e1s\u00e1t a hangulatod szerint.<\/p>\n<p data-v-md-line=\"6\">Ha megb\u00edzhat\u00f3, \u00edzletes \u00e9s gondtalan vape-re v\u00e1gysz, akkor ez a term\u00e9k az ide\u00e1lis v\u00e1laszt\u00e1s. A tiszta k\u00e9perny\u0151 mutatja a be\u00e1ll\u00edt\u00e1saidat \u00e9s az akkumul\u00e1tor t\u00f6lt\u00f6tts\u00e9gi szintj\u00e9t, \u00edgy mindig nyomon k\u00f6vetheted az \u00e1llapotodat. K\u00f6nnyen kezelhet\u0151, k\u00f6vetkezetes \u00e9s jelent\u0151s hat\u00e1sokkal rendelkezik.<\/p>\n<h2 data-v-md-heading=\"excellent-performance-without-any-complexity\" data-v-md-line=\"8\">Kiv\u00e1l\u00f3 teljes\u00edtm\u00e9ny bonyolults\u00e1g n\u00e9lk\u00fcl<\/h2>\n<p data-v-md-line=\"9\">A dupla h\u00e1l\u00f3s tekercsek az els\u0151 falatt\u00f3l az utols\u00f3ig sima \u00e9s gazdag \u00edzt biztos\u00edtanak. Nem lesz \u00e9gett szag a k\u00f6zep\u00e9n. A LED kijelz\u0151n hat teljes\u00edtm\u00e9nyszint k\u00f6z\u00fcl v\u00e1laszthatsz, \u00edgy \u00edzl\u00e9sed szerint v\u00e1laszthatsz hidegebb italokat vagy gazdagabb k\u00e1v\u00e9felh\u0151ket. Amikor az akkumul\u00e1tor lemer\u00fcl, a telefonodon a szok\u00e1sos Type-C csatlakoz\u00f3n kereszt\u00fcl t\u00f6ltheted. Egyszer\u0171.<\/p>\n<h2 data-v-md-heading=\"specification-overview\" data-v-md-line=\"11\">Specifik\u00e1ci\u00f3 \u00e1ttekint\u00e9se<\/h2>\n<p data-v-md-line=\"12\"><strong>Sz\u00edv\u00e1sok sz\u00e1ma<\/strong>ak\u00e1r 20000 sz\u00edv\u00e1s<br \/>\n<strong>Nikotintartalom<\/strong>5% (50 milligramm\/milliliter)<br \/>\n<strong>M\u0171k\u00f6d\u00e9si elv<\/strong>Egyszer\u0171 \u00e9s k\u00f6nnyen felsz\u00edv\u00f3d\u00f3<br \/>\n<strong>T\u00f6lt\u00e9s<\/strong>Standard C t\u00edpus\u00fa USB csatlakoz\u00f3<br \/>\n<strong>Porlaszt\u00f3 mag<\/strong>Dupla h\u00e1l\u00f3s porlaszt\u00f3 mag, \u00e1lland\u00f3 \u00edz<br \/>\n<strong>Kijelz\u0151k\u00e9perny\u0151<\/strong>LED digit\u00e1lis kijelz\u0151, 6 sebess\u00e9ges teljes\u00edtm\u00e9nyszab\u00e1lyoz\u00e1s<br \/>\n<strong>Tov\u00e1bbi funkci\u00f3k<\/strong>Praktikus akaszt\u00f3k\u00f6t\u00e9l-lyuk<br \/>\n<strong>\u00c1llapot<\/strong>Kicsomagol\u00e1s ut\u00e1n haszn\u00e1latra k\u00e9sz<\/p>\n<h2 data-v-md-heading=\"full-range-of-flavors\" data-v-md-line=\"21\">Full range of flavors<\/h2>\n<ul data-v-md-line=\"22\">\n<li>Cseresznye k\u00f3la<\/li>\n<li>\u0150szibarack j\u00e9g<\/li>\n<li>Savany\u00fa almafagylalt<\/li>\n<li>Miami Mint<\/li>\n<li>Sz\u0151l\u0151fagylalt<\/li>\n<li>G\u00f6r\u00f6gdinnye j\u00e9g<\/li>\n<li>K\u00e9k j\u00e9gp\u00e1lya<\/li>\n<li>\u0150szibarack, Mang\u00f3, G\u00f6r\u00f6gdinnye<\/li>\n<li>Eper-mang\u00f3<\/li>\n<li>Raspberry watermelon<\/li>\n<li>VZBULL<\/li>\n<li>G\u00f6r\u00f6gdinnye r\u00e1g\u00f3gumi<\/li>\n<li>Vegyes bogy\u00f3s gy\u00fcm\u00f6lcs\u00f6k<\/li>\n<li>Citrom \u00e9s lime<\/li>\n<li>Eper, m\u00e1lna, cseresznye \u00edz\u0171<\/li>\n<li>Mang\u00f3 j\u00e9g \u00edz\u0171<\/li>\n<li>Ban\u00e1n-cseresznye s\u00e1rk\u00e1nygy\u00fcm\u00f6lcs \u00edz\u0171<\/li>\n<li>Bodzavir\u00e1gos grapefruit \u00edz\u0171<\/li>\n<li>L\u00e1va l\u00e1ng szag<\/li>\n<\/ul>\n<p><img loading=\"lazy\" decoding=\"async\" class=\"aligncenter size-full wp-image-16400\" src=\"https:\/\/agoravape.com\/wp-content\/uploads\/2025\/10\/Vozol-Vista-20000-Puffs-Power-Adjustable-Vape_Agora_vape-13.webp\" alt=\"\" width=\"2002\" height=\"2560\" srcset=\"https:\/\/agoravape.com\/wp-content\/uploads\/2025\/10\/Vozol-Vista-20000-Puffs-Power-Adjustable-Vape_Agora_vape-13.webp 2002w, https:\/\/agoravape.com\/wp-content\/uploads\/2025\/10\/Vozol-Vista-20000-Puffs-Power-Adjustable-Vape_Agora_vape-13-1200x1534.webp 1200w, https:\/\/agoravape.com\/wp-content\/uploads\/2025\/10\/Vozol-Vista-20000-Puffs-Power-Adjustable-Vape_Agora_vape-13-235x300.webp 235w, https:\/\/agoravape.com\/wp-content\/uploads\/2025\/10\/Vozol-Vista-20000-Puffs-Power-Adjustable-Vape_Agora_vape-13-801x1024.webp 801w, https:\/\/agoravape.com\/wp-content\/uploads\/2025\/10\/Vozol-Vista-20000-Puffs-Power-Adjustable-Vape_Agora_vape-13-768x982.webp 768w, https:\/\/agoravape.com\/wp-content\/uploads\/2025\/10\/Vozol-Vista-20000-Puffs-Power-Adjustable-Vape_Agora_vape-13-1201x1536.webp 1201w, https:\/\/agoravape.com\/wp-content\/uploads\/2025\/10\/Vozol-Vista-20000-Puffs-Power-Adjustable-Vape_Agora_vape-13-1602x2048.webp 1602w\" sizes=\"auto, (max-width: 2002px) 100vw, 2002px\" \/><\/p>\n<h2 data-v-md-heading=\"for-you-and-for-your-business-as-well\" data-v-md-line=\"42\">Neked, \u00e9s a v\u00e1llalkoz\u00e1sodnak is<\/h2>\n<p data-v-md-line=\"43\">A Vozol Vista 20000-et kiv\u00e1laszthatja saj\u00e1t maga, vagy hozz\u00e1adhatja \u00e1ruh\u00e1z\u00e1hoz. Nagykereskedelmi szolg\u00e1ltat\u00e1sokat ny\u00fajtunk az Eur\u00f3pai Uni\u00f3n bel\u00fcl, ad\u00f3k\u00f6teles DDP sz\u00e1ll\u00edt\u00e1st alkalmazva, hogy biztos\u00edtsuk rendel\u00e9se z\u00f6kken\u0151mentes v\u00e1mkezel\u00e9s\u00e9t v\u00e1ratlan v\u00e1m\u00fcgyint\u00e9z\u00e9s n\u00e9lk\u00fcl. Megb\u00edzhat\u00f3 partnerekkel, p\u00e9ld\u00e1ul a UPS DPD-vel \u00e9s a DHL-lel m\u0171k\u00f6d\u00fcnk egy\u00fctt, hogy megb\u00edzhat\u00f3 k\u00f6vet\u00e9si szolg\u00e1ltat\u00e1sokat ny\u00fajtsunk.<\/p>\n<p data-v-md-line=\"45\">Nagykereskedelmi csomagol\u00e1si mennyis\u00e9gek vagy \u00edzkombin\u00e1ci\u00f3k eset\u00e9n k\u00e9rj\u00fck, vegye fel vel\u00fcnk a kapcsolatot. Kiel\u00e9g\u00edtj\u00fck az \u00d6n ig\u00e9nyeit, \u00e9s biztos\u00edtjuk, hogy polcai akad\u00e1lytalanok maradjanak.<\/p>\n<h2 data-v-md-heading=\"why-do-you-like-it\" data-v-md-line=\"47\">Mi\u00e9rt tetszik?<\/h2>\n<p data-v-md-line=\"48\"><strong>T\u00f6meges doh\u00e1nyz\u00e1s<\/strong>hosszabb doh\u00e1nyz\u00e1si id\u0151, nem kell gyakran \u00faj cigarett\u00e1t v\u00e1s\u00e1rolni.<br \/>\n<strong>\u00c1ll\u00edthat\u00f3 intenzit\u00e1s<\/strong>: Sz\u00fcks\u00e9g szerint v\u00e1lasszon gyeng\u00e9bb vagy er\u0151sebb sz\u00edv\u00e1s k\u00f6z\u00f6tt.<br \/>\n<strong>\u00dajrat\u00f6lthet\u0151, k\u00e9nyelmesen haszn\u00e1lhat\u00f3<\/strong>Minden kifizetett e-liquid haszn\u00e1lhat\u00f3.<br \/>\n<strong>Double mesh coils<\/strong>: minden alkalommal k\u00f6vetkezetes \u00e9s gazdag \u00edzt hozhat.<br \/>\n<strong>Tiszta k\u00e9perny\u0151<\/strong>Az akkumul\u00e1tor t\u00f6lt\u00f6tts\u00e9gi szintje \u00e9s \u00e9lettartama egy pillant\u00e1ssal \u00e1ttekinthet\u0151.<br \/>\n<strong>C t\u00edpus\u00fa t\u00f6lt\u00e9s<\/strong>: Haszn\u00e1ld a megl\u00e9v\u0151 adatk\u00e1beledet.<\/p>\n<h2 data-v-md-heading=\"why-choose-agoravape\" data-v-md-line=\"55\">Mi\u00e9rt v\u00e1lassza az AgoraVape-et?<\/h2>\n<p data-v-md-line=\"56\">Eur\u00f3pa egyik legmegb\u00edzhat\u00f3bb vape forgalmaz\u00f3ja vagyunk. Kiz\u00e1r\u00f3lag 100%-ban eredeti, gy\u00e1rt\u00f3k \u00e1ltal tan\u00fas\u00edtott term\u00e9keket forgalmazunk, biztons\u00e1gos fizet\u00e9si m\u00f3dokkal \u00e9s professzion\u00e1lis \u00fcgyf\u00e9lszolg\u00e1lattal. Kereskedelmi \u00fcgyfelek sz\u00e1m\u00e1ra ez kedvezm\u00e9nyes nagykereskedelmi \u00e1rakat, b\u0151s\u00e9ges k\u00e9szletet, gyors sz\u00e1ll\u00edt\u00e1st \u00e9s felel\u0151ss\u00e9gteljes korhat\u00e1r-ellen\u0151rz\u00e9si folyamatot jelent. Azonnal vegye fel vel\u00fcnk a kapcsolatot, hogy megrendelje a Vozol Vista 20000 portos, \u00e1ll\u00edthat\u00f3 teljes\u00edtm\u00e9ny\u0171 vape-et, \u00e9s \u00fcgyfeleinek egy olyan eszk\u00f6zt biztos\u00edtson, amelyhez \u00e9rdemes visszat\u00e9rni.<\/p>","protected":false},"excerpt":{"rendered":"<p>&nbsp;<\/p>\n<p><script src=\"chrome-extension:\/\/fpelahbljekknahkcaegamhcndkfpfnc\/iFrame.js\" type=\"text\/javascript\"><\/script><\/p>\n<p><script src=\"chrome-extension:\/\/fpelahbljekknahkcaegamhcndkfpfnc\/iFrame.js\" type=\"text\/javascript\"><\/script><\/p>\n<p><script src=\"chrome-extension:\/\/fpelahbljekknahkcaegamhcndkfpfnc\/iFrame.js\" type=\"text\/javascript\"><\/script><\/p>\n<p><script src=\"chrome-extension:\/\/fpelahbljekknahkcaegamhcndkfpfnc\/iFrame.js\" type=\"text\/javascript\"><\/script><\/p>\n<p><script src=\"chrome-extension:\/\/fpelahbljekknahkcaegamhcndkfpfnc\/iFrame.js\" type=\"text\/javascript\"><\/script><\/p>\n<p><script src=\"chrome-extension:\/\/fpelahbljekknahkcaegamhcndkfpfnc\/iFrame.js\" type=\"text\/javascript\"><\/script><\/p>\n<p><script src=\"chrome-extension:\/\/fpelahbljekknahkcaegamhcndkfpfnc\/iFrame.js\" type=\"text\/javascript\"><\/script><\/p>\n<p><script src=\"chrome-extension:\/\/fpelahbljekknahkcaegamhcndkfpfnc\/iFrame.js\" type=\"text\/javascript\"><\/script><\/p>\n<p><script src=\"chrome-extension:\/\/fpelahbljekknahkcaegamhcndkfpfnc\/iFrame.js\" type=\"text\/javascript\"><\/script><\/p>\n<p><script src=\"chrome-extension:\/\/fpelahbljekknahkcaegamhcndkfpfnc\/iFrame.js\" type=\"text\/javascript\"><\/script><\/p>\n<p><script src=\"chrome-extension:\/\/fpelahbljekknahkcaegamhcndkfpfnc\/iFrame.js\" type=\"text\/javascript\"><\/script><\/p>\n<p><script src=\"chrome-extension:\/\/fpelahbljekknahkcaegamhcndkfpfnc\/iFrame.js\" type=\"text\/javascript\"><\/script><\/p>","protected":false},"featured_media":16401,"comment_status":"open","ping_status":"closed","template":"","meta":[],"product_brand":[226],"product_cat":[124,185,1636,189,174,175,193,191,173,186,180,190,192,153],"product_tag":[],"class_list":{"0":"post-16352","1":"product","2":"type-product","3":"status-publish","4":"has-post-thumbnail","6":"product_brand-vozol","7":"product_cat-vape-by-brand","8":"product_cat-10000-puffs-high-capacity","9":"product_cat-20000-puffs","10":"product_cat-20mg-standard-nicotine-vapes","11":"product_cat-fruit-flavors","12":"product_cat-icy-mint","13":"product_cat-mesh-coil","14":"product_cat-rechargeable-disposables","15":"product_cat-vape-by-flavor-profile","16":"product_cat-vape-by-nicotine-strength","17":"product_cat-vape-by-puff-count","18":"product_cat-vape-by-feature-or-type","19":"product_cat-vapes-with-screens","20":"product_cat-vozol","22":"first","23":"onbackorder","24":"shipping-taxable","25":"purchasable","26":"product-type-variable","27":"has-default-attributes"},"tiered_pricing_type":"percentage","tiered_pricing_fixed_rules":[],"tiered_pricing_product_settings":{"layout":"default","base_unit_name":{"singular":null,"plural":null},"default_variation":null},"tiered_pricing_minimum_quantity":10,"tiered_pricing_roles_data":[],"tiered_pricing_percentage_rules":{"30":"29","50":"35","100":"40","200":"44","500":"47","1000":"49"},"tiered_pricing_maximum_quantity":null,"tiered_pricing_quantity_step":"10","_links":{"self":[{"href":"https:\/\/agoravape.com\/hu\/wp-json\/wp\/v2\/product\/16352","targetHints":{"allow":["GET"]}}],"collection":[{"href":"https:\/\/agoravape.com\/hu\/wp-json\/wp\/v2\/product"}],"about":[{"href":"https:\/\/agoravape.com\/hu\/wp-json\/wp\/v2\/types\/product"}],"replies":[{"embeddable":true,"href":"https:\/\/agoravape.com\/hu\/wp-json\/wp\/v2\/comments?post=16352"}],"version-history":[{"count":0,"href":"https:\/\/agoravape.com\/hu\/wp-json\/wp\/v2\/product\/16352\/revisions"}],"wp:featuredmedia":[{"embeddable":true,"href":"https:\/\/agoravape.com\/hu\/wp-json\/wp\/v2\/media\/16401"}],"wp:attachment":[{"href":"https:\/\/agoravape.com\/hu\/wp-json\/wp\/v2\/media?parent=16352"}],"wp:term":[{"taxonomy":"product_brand","embeddable":true,"href":"https:\/\/agoravape.com\/hu\/wp-json\/wp\/v2\/product_brand?post=16352"},{"taxonomy":"product_cat","embeddable":true,"href":"https:\/\/agoravape.com\/hu\/wp-json\/wp\/v2\/product_cat?post=16352"},{"taxonomy":"product_tag","embeddable":true,"href":"https:\/\/agoravape.com\/hu\/wp-json\/wp\/v2\/product_tag?post=16352"}],"curies":[{"name":"wp","href":"https:\/\/api.w.org\/{rel}","templated":true}]}}