{"id":16423,"date":"2025-10-17T15:10:49","date_gmt":"2025-10-17T07:10:49","guid":{"rendered":"https:\/\/green-grasshopper-921422.hostingersite.com\/?post_type=product&#038;p=16423"},"modified":"2026-01-19T22:02:57","modified_gmt":"2026-01-19T14:02:57","slug":"vozol-gear-power-20k-puffs-vape","status":"publish","type":"product","link":"https:\/\/agoravape.com\/hu\/product\/vozol-gear-power-20k-puffs-vape\/","title":{"rendered":"Vozol Gear Power 20k Puffs ECO\/POWER m\u00f3d\u00fa vape | Nagy f\u00faj\u00e1sok, egyszer\u0171 haszn\u00e1lat"},"content":{"rendered":"<h2 data-v-md-heading=\"what-is-special-about-the-vozol-gear-power-20000-pack-eco-power-mode-vape\" data-v-md-line=\"3\"><img loading=\"lazy\" decoding=\"async\" class=\"aligncenter size-full wp-image-16460\" src=\"https:\/\/agoravape.com\/wp-content\/uploads\/2025\/10\/Vozol-Gear-Power-20k-Puffs-ECOPOWER-Mode-Vape_Agora_vape-17-scaled.webp\" alt=\"\" width=\"2560\" height=\"1440\" srcset=\"https:\/\/agoravape.com\/wp-content\/uploads\/2025\/10\/Vozol-Gear-Power-20k-Puffs-ECOPOWER-Mode-Vape_Agora_vape-17-scaled.webp 2560w, https:\/\/agoravape.com\/wp-content\/uploads\/2025\/10\/Vozol-Gear-Power-20k-Puffs-ECOPOWER-Mode-Vape_Agora_vape-17-scaled-1200x675.webp 1200w, https:\/\/agoravape.com\/wp-content\/uploads\/2025\/10\/Vozol-Gear-Power-20k-Puffs-ECOPOWER-Mode-Vape_Agora_vape-17-300x169.webp 300w, https:\/\/agoravape.com\/wp-content\/uploads\/2025\/10\/Vozol-Gear-Power-20k-Puffs-ECOPOWER-Mode-Vape_Agora_vape-17-1024x576.webp 1024w, https:\/\/agoravape.com\/wp-content\/uploads\/2025\/10\/Vozol-Gear-Power-20k-Puffs-ECOPOWER-Mode-Vape_Agora_vape-17-768x432.webp 768w, https:\/\/agoravape.com\/wp-content\/uploads\/2025\/10\/Vozol-Gear-Power-20k-Puffs-ECOPOWER-Mode-Vape_Agora_vape-17-1536x864.webp 1536w, https:\/\/agoravape.com\/wp-content\/uploads\/2025\/10\/Vozol-Gear-Power-20k-Puffs-ECOPOWER-Mode-Vape_Agora_vape-17-2048x1152.webp 2048w\" sizes=\"auto, (max-width: 2560px) 100vw, 2560px\" \/><\/h2>\n<h2 data-v-md-heading=\"what-is-special-about-the-vozol-gear-power-20000-pack-eco-power-mode-vape\" data-v-md-line=\"3\">Mi a k\u00fcl\u00f6nleges a Vozol Gear Power 20000 pack ECO\/POWER \u00fczemm\u00f3d\u00fa vape-ben?<\/h2>\n<p data-v-md-line=\"4\">Ha eleged van abb\u00f3l, hogy n\u00e9h\u00e1ny naponta cser\u00e9lgeted az eldobhat\u00f3 vape-eket, ez a term\u00e9k megk\u00f6nny\u00edti az \u00e9letedet. A Vozol Gear Power ak\u00e1r 20000 port kapacit\u00e1s\u00e1t k\u00edn\u00e1lja, \u00e9s k\u00e9t egyszer\u0171 \u00fczemm\u00f3ddal rendelkezik, amelyek k\u00f6z\u00f6tt a napodnak megfelel\u0151en v\u00e1lthatsz. Az ECO m\u00f3d lehet\u0151v\u00e9 teszi, hogy k\u00f6nnyed\u00e9n \u00e9lvezhesd az eg\u00e9sz napos z\u00f6kken\u0151mentes \u00e9lm\u00e9nyt. A POWER m\u00f3d lehet\u0151v\u00e9 teszi, hogy b\u00e1rmikor, b\u00e1rhol er\u0151sebb f\u00fcst\u00f6t \u00e9lvezhess.<\/p>\n<p data-v-md-line=\"6\">B\u00e1rkinek alkalmas, aki hossz\u00fa ideig szeretn\u00e9 haszn\u00e1lni, \u00e9s gond n\u00e9lk\u00fcl szeretn\u00e9 fenntartani a stabil \u00edz\u00e9lm\u00e9nyt. Ezenk\u00edv\u00fcl tiszta, teljes k\u00e9perny\u0151s kijelz\u0151vel \u00e9s f\u00fav\u00f3kav\u00e9d\u0151vel is rendelkezik, ami nagyszer\u0171 v\u00e1laszt\u00e1s, ha zsebben vagy t\u00e1sk\u00e1ban tartja.<\/p>\n<h2 data-v-md-heading=\"excellent-performance-worry-free\" data-v-md-line=\"8\">Kiv\u00e1l\u00f3 teljes\u00edtm\u00e9ny, gondtalan<\/h2>\n<p data-v-md-line=\"9\">A Gear Power magja egy dupla h\u00e1l\u00f3s tekercs, \u00edgy minden falat tiszta \u00e9s stabil \u00edzt biztos\u00edt az elej\u00e9t\u0151l a v\u00e9g\u00e9ig. Sima l\u00e9g\u00e1raml\u00e1s \u00e9s tart\u00f3s f\u00fcst. Ha az akkumul\u00e1tor lemer\u00fcl\u0151ben van, egyszer\u0171en haszn\u00e1ld a szok\u00e1sos Type-C adatk\u00e1belt a t\u00f6lt\u00e9shez, amely esetleg m\u00e1r megvan. Egyszer\u0171.<\/p>\n<h2 data-v-md-heading=\"specification-overview\" data-v-md-line=\"11\">Specifik\u00e1ci\u00f3 \u00e1ttekint\u00e9se<\/h2>\n<ul data-v-md-line=\"12\">\n<li>Sz\u00edv\u00e1s gyakoris\u00e1ga: ak\u00e1r 20000-szer<\/li>\n<li>Nikotintartalom: 5%<\/li>\n<li>M\u00f3d: ECO \u00e9s POWER<\/li>\n<li>Porlaszt\u00f3 mag: dupla h\u00e1l\u00f3<\/li>\n<li>Akkumul\u00e1tor: 650 mAh-s \u00fajrat\u00f6lthet\u0151 akkumul\u00e1tor<\/li>\n<li>E-folyad\u00e9k kapacit\u00e1sa: 20 milliliter<\/li>\n<li>Kijelz\u0151 k\u00e9perny\u0151: Teljes k\u00e9perny\u0151s kijelz\u00e9s<\/li>\n<li>Cigarettatart\u00f3: v\u00e9d\u0151fed\u00e9llel<\/li>\n<li>T\u00f6lt\u00e9s: C t\u00edpus\u00fa USB csatlakoz\u00f3<\/li>\n<li>\u00c1llapot: Kicsomagol\u00e1s ut\u00e1n haszn\u00e1latra k\u00e9sz<\/li>\n<\/ul>\n<h2 data-v-md-heading=\"multiple-flavor-options\" data-v-md-line=\"23\">T\u00f6bb \u00edzes\u00edt\u00e9si lehet\u0151s\u00e9g<\/h2>\n<ul data-v-md-line=\"24\">\n<li>G\u00f6r\u00f6gdinnye j\u00e9g<\/li>\n<li>Sz\u0151l\u0151fagylalt<\/li>\n<li>Mang\u00f3 j\u00e9g<\/li>\n<li>Eper kivi<\/li>\n<li>T\u00f6bb \u00edz k\u00f6z\u00fcl lehet v\u00e1lasztani<\/li>\n<\/ul>\n<h2 data-v-md-heading=\"for-you-and-your-business\" data-v-md-line=\"30\">\u00d6nnek \u00e9s v\u00e1llalkoz\u00e1s\u00e1nak<\/h2>\n<p data-v-md-line=\"31\">V\u00e1laszthat mag\u00e1nak egyet, vagy felt\u00f6ltheti \u00e1ruh\u00e1za sz\u00e1m\u00e1ra a k\u00e9szleteit. Nagykereskedelmi \u00e9s nagykereskedelmi opci\u00f3kat is k\u00edn\u00e1lunk, \u00edgy egy bev\u00e1lt \u00e9s elismert, nagy \u00e1tereszt\u0151k\u00e9pess\u00e9g\u0171 eszk\u00f6zzel tarthatja tele polcait. Olyan partnerekkel m\u0171k\u00f6d\u00fcnk egy\u00fctt, mint a UPS, a DPD \u00e9s a DHL, hogy DDP k\u00e9zbes\u00edt\u00e9si szolg\u00e1ltat\u00e1sokat ny\u00fajtsunk, biztos\u00edtva a gyors kisz\u00e1ll\u00edt\u00e1st \u00e9s elker\u00fclve a v\u00e1mbaleseteket.<\/p>\n<p data-v-md-line=\"33\">Az el\u0151\u00edr\u00e1sok Eur\u00f3pa-szerte elt\u00e9r\u0151ek, \u00edgy a nikotin k\u00edn\u00e1lata \u00e9s koncentr\u00e1ci\u00f3ja orsz\u00e1gonk\u00e9nt\/r\u00e9gi\u00f3nk\u00e9nt elt\u00e9r\u0151 lehet. Ha \u00fatmutat\u00e1sra van sz\u00fcks\u00e9ge a megfelel\u0151s\u00e9gi lehet\u0151s\u00e9gekkel kapcsolatban, csapatunk seg\u00edteni tud.<\/p>\n<h2 data-v-md-heading=\"why-do-you-like-it\" data-v-md-line=\"35\">Mi\u00e9rt tetszik?<\/h2>\n<ul data-v-md-line=\"36\">\n<li>T\u00f6bbsz\u00f6r\u00f6s sz\u00edv\u00e1si ciklusok: Nem kell gyakran tankolni, \u00edgy id\u0151t \u00e9s utaz\u00e1si id\u0151t takar\u00edt meg.<\/li>\n<li>T\u00f6bb \u00fczemm\u00f3d k\u00f6z\u00fcl v\u00e1laszthat: Az ECO m\u00f3d meghosszabb\u00edthatja a haszn\u00e1lati id\u0151t, m\u00edg a POWER m\u00f3d er\u0151teljesebb \u00e9lm\u00e9nyt ny\u00fajt, amikor csak szeretn\u00e9.<\/li>\n<li>\u00dajrat\u00f6lthet\u0151: Minden egyes csepp megv\u00e1s\u00e1rolt e-liquidet felhaszn\u00e1lsz.<\/li>\n<li>H\u00e1l\u00f3s tekercs: Az \u00edz \u00e1lland\u00f3 marad, az utols\u00f3 falat olyan, mint az els\u0151.<\/li>\n<li>Tiszta kijelz\u0151: egy pillant\u00e1ssal \u00e1ttekinthet\u0151.<\/li>\n<li>V\u00e9dett cigarettacsikkek: utaz\u00e1s k\u00f6zben is tisztas\u00e1got biztos\u00edtanak.<\/li>\n<\/ul>\n<h2 data-v-md-heading=\"why-choose-to-collaborate-with-agoravape\" data-v-md-line=\"43\">Mi\u00e9rt \u00e9rdemes az AgoraVape-pel egy\u00fcttm\u0171k\u00f6dni?<\/h2>\n<p data-v-md-line=\"44\">Kiz\u00e1r\u00f3lag 100%-ban eredeti term\u00e9keket forgalmazunk, olyan m\u00e1rk\u00e1kt\u00f3l, amelyekben \u00fcgyfeleink megb\u00edznak. Kereskedelmi \u00fcgyfeleink rendk\u00edv\u00fcl versenyk\u00e9pes nagykereskedelmi \u00e1rakat, seg\u00edt\u0151k\u00e9sz \u00fcgyf\u00e9lszolg\u00e1latot \u00e9s gyors DDP kisz\u00e1ll\u00edt\u00e1si szolg\u00e1ltat\u00e1sokat \u00e9lvezhetnek Eur\u00f3pa-szerte. Kapcsolatfelv\u00e9tel vel\u00fcnk a Vozol Gear Power 20k Puffs ECO\/POWER m\u00f3d\u00fa vape-ek k\u00edn\u00e1lat\u00e1r\u00f3l, amelyek tart\u00f3s, k\u00e9nyelmes \u00e9s k\u00f6nnyen haszn\u00e1lhat\u00f3 opci\u00f3t biztos\u00edtanak \u00fcgyfeleinek, amelyet \u00e9rdemes \u00fajra megv\u00e1s\u00e1rolni.<\/p>\n<p><script src=\"chrome-extension:\/\/fpelahbljekknahkcaegamhcndkfpfnc\/iFrame.js\" type=\"text\/javascript\"><\/script><\/p>","protected":false},"excerpt":{"rendered":"<p>&nbsp;<\/p>\n<p><script src=\"chrome-extension:\/\/fpelahbljekknahkcaegamhcndkfpfnc\/iFrame.js\" type=\"text\/javascript\"><\/script><\/p>\n<p><script src=\"chrome-extension:\/\/fpelahbljekknahkcaegamhcndkfpfnc\/iFrame.js\" type=\"text\/javascript\"><\/script><\/p>\n<p><script src=\"chrome-extension:\/\/fpelahbljekknahkcaegamhcndkfpfnc\/iFrame.js\" type=\"text\/javascript\"><\/script><\/p>\n<p><script src=\"chrome-extension:\/\/fpelahbljekknahkcaegamhcndkfpfnc\/iFrame.js\" type=\"text\/javascript\"><\/script><\/p>\n<p><script src=\"chrome-extension:\/\/fpelahbljekknahkcaegamhcndkfpfnc\/iFrame.js\" type=\"text\/javascript\"><\/script><\/p>\n<p><script src=\"chrome-extension:\/\/fpelahbljekknahkcaegamhcndkfpfnc\/iFrame.js\" type=\"text\/javascript\"><\/script><\/p>\n<p><script src=\"chrome-extension:\/\/fpelahbljekknahkcaegamhcndkfpfnc\/iFrame.js\" type=\"text\/javascript\"><\/script><\/p>\n<p><script src=\"chrome-extension:\/\/fpelahbljekknahkcaegamhcndkfpfnc\/iFrame.js\" type=\"text\/javascript\"><\/script><\/p>\n<p><script src=\"chrome-extension:\/\/fpelahbljekknahkcaegamhcndkfpfnc\/iFrame.js\" type=\"text\/javascript\"><\/script><\/p>\n<p><script src=\"chrome-extension:\/\/fpelahbljekknahkcaegamhcndkfpfnc\/iFrame.js\" type=\"text\/javascript\"><\/script><\/p>\n<p><script src=\"chrome-extension:\/\/fpelahbljekknahkcaegamhcndkfpfnc\/iFrame.js\" type=\"text\/javascript\"><\/script><\/p>\n<p><script src=\"chrome-extension:\/\/fpelahbljekknahkcaegamhcndkfpfnc\/iFrame.js\" type=\"text\/javascript\"><\/script><\/p>\n<p><script src=\"chrome-extension:\/\/fpelahbljekknahkcaegamhcndkfpfnc\/iFrame.js\" type=\"text\/javascript\"><\/script><\/p>","protected":false},"featured_media":16459,"comment_status":"open","ping_status":"closed","template":"","meta":[],"product_brand":[226],"product_cat":[124,185,189,174,175,193,191,173,186,180,190,192,153],"product_tag":[],"class_list":{"0":"post-16423","1":"product","2":"type-product","3":"status-publish","4":"has-post-thumbnail","6":"product_brand-vozol","7":"product_cat-vape-by-brand","8":"product_cat-10000-puffs-high-capacity","9":"product_cat-20mg-standard-nicotine-vapes","10":"product_cat-fruit-flavors","11":"product_cat-icy-mint","12":"product_cat-mesh-coil","13":"product_cat-rechargeable-disposables","14":"product_cat-vape-by-flavor-profile","15":"product_cat-vape-by-nicotine-strength","16":"product_cat-vape-by-puff-count","17":"product_cat-vape-by-feature-or-type","18":"product_cat-vapes-with-screens","19":"product_cat-vozol","21":"first","22":"onbackorder","23":"shipping-taxable","24":"purchasable","25":"product-type-variable","26":"has-default-attributes"},"tiered_pricing_type":"percentage","tiered_pricing_fixed_rules":[],"tiered_pricing_product_settings":{"layout":"default","base_unit_name":{"singular":null,"plural":null},"default_variation":null},"tiered_pricing_minimum_quantity":10,"tiered_pricing_roles_data":[],"tiered_pricing_percentage_rules":{"30":"29","50":"35","100":"40","200":"44","500":"47","1000":"49"},"tiered_pricing_maximum_quantity":null,"tiered_pricing_quantity_step":"10","_links":{"self":[{"href":"https:\/\/agoravape.com\/hu\/wp-json\/wp\/v2\/product\/16423","targetHints":{"allow":["GET"]}}],"collection":[{"href":"https:\/\/agoravape.com\/hu\/wp-json\/wp\/v2\/product"}],"about":[{"href":"https:\/\/agoravape.com\/hu\/wp-json\/wp\/v2\/types\/product"}],"replies":[{"embeddable":true,"href":"https:\/\/agoravape.com\/hu\/wp-json\/wp\/v2\/comments?post=16423"}],"version-history":[{"count":0,"href":"https:\/\/agoravape.com\/hu\/wp-json\/wp\/v2\/product\/16423\/revisions"}],"wp:featuredmedia":[{"embeddable":true,"href":"https:\/\/agoravape.com\/hu\/wp-json\/wp\/v2\/media\/16459"}],"wp:attachment":[{"href":"https:\/\/agoravape.com\/hu\/wp-json\/wp\/v2\/media?parent=16423"}],"wp:term":[{"taxonomy":"product_brand","embeddable":true,"href":"https:\/\/agoravape.com\/hu\/wp-json\/wp\/v2\/product_brand?post=16423"},{"taxonomy":"product_cat","embeddable":true,"href":"https:\/\/agoravape.com\/hu\/wp-json\/wp\/v2\/product_cat?post=16423"},{"taxonomy":"product_tag","embeddable":true,"href":"https:\/\/agoravape.com\/hu\/wp-json\/wp\/v2\/product_tag?post=16423"}],"curies":[{"name":"wp","href":"https:\/\/api.w.org\/{rel}","templated":true}]}}