{"id":16478,"date":"2025-10-17T15:19:27","date_gmt":"2025-10-17T07:19:27","guid":{"rendered":"https:\/\/green-grasshopper-921422.hostingersite.com\/?post_type=product&#038;p=16478"},"modified":"2026-01-30T17:23:57","modified_gmt":"2026-01-30T09:23:57","slug":"vozol-star-20k-20000-puffs-vape","status":"publish","type":"product","link":"https:\/\/agoravape.com\/hu\/product\/vozol-star-20k-20000-puffs-vape\/","title":{"rendered":"Vozol Star 20k Puffs Eldobhat\u00f3 E-cigaretta Teljes Kijelz\u0151vel | Hosszantart\u00f3 \u00cdz, Egyszer\u0171en Elk\u00e9sz\u00edtve"},"content":{"rendered":"<h2 data-v-md-heading=\"what-is-special-about-the-vozol-star-20k-disposable-full-screen-vape\" data-v-md-line=\"3\"><img loading=\"lazy\" decoding=\"async\" class=\"aligncenter size-full wp-image-16512\" src=\"https:\/\/agoravape.com\/wp-content\/uploads\/2025\/10\/Vozol-Star-20k-Puffs-Disposable-Vape-with-Full-Screen_Agora_vape-2.webp\" alt=\"\" width=\"1920\" height=\"1080\" srcset=\"https:\/\/agoravape.com\/wp-content\/uploads\/2025\/10\/Vozol-Star-20k-Puffs-Disposable-Vape-with-Full-Screen_Agora_vape-2.webp 1920w, https:\/\/agoravape.com\/wp-content\/uploads\/2025\/10\/Vozol-Star-20k-Puffs-Disposable-Vape-with-Full-Screen_Agora_vape-2-1200x675.webp 1200w, https:\/\/agoravape.com\/wp-content\/uploads\/2025\/10\/Vozol-Star-20k-Puffs-Disposable-Vape-with-Full-Screen_Agora_vape-2-300x169.webp 300w, https:\/\/agoravape.com\/wp-content\/uploads\/2025\/10\/Vozol-Star-20k-Puffs-Disposable-Vape-with-Full-Screen_Agora_vape-2-1024x576.webp 1024w, https:\/\/agoravape.com\/wp-content\/uploads\/2025\/10\/Vozol-Star-20k-Puffs-Disposable-Vape-with-Full-Screen_Agora_vape-2-768x432.webp 768w, https:\/\/agoravape.com\/wp-content\/uploads\/2025\/10\/Vozol-Star-20k-Puffs-Disposable-Vape-with-Full-Screen_Agora_vape-2-1536x864.webp 1536w\" sizes=\"auto, (max-width: 1920px) 100vw, 1920px\" \/><\/h2>\n<h2 data-v-md-heading=\"what-is-special-about-the-vozol-star-20k-disposable-full-screen-vape\" data-v-md-line=\"3\">Mi a k\u00fcl\u00f6nleges a Vozol Star 20k eldobhat\u00f3, teljes k\u00e9perny\u0151s vape-ben?<\/h2>\n<p data-v-md-line=\"4\">Ha h\u00e9tv\u00e9g\u00e9ig eleged van az eldobhat\u00f3 vape-ek haszn\u00e1lat\u00e1b\u00f3l, a Vozol Star 20k megk\u00f6nny\u00edti az \u00e9letedet. Ak\u00e1r 20 000 sz\u00edv\u00e1si alkalommal is k\u00e9pes sz\u00edvni, \u00e9s a teljes k\u00e9perny\u0151s kijelz\u0151 egy pillant\u00e1ssal \u00e1ttekinthet\u0151v\u00e9 teszi a dolgokat. Nem kell tal\u00e1lgatni, nem kell agg\u00f3dni.<\/p>\n<p data-v-md-line=\"6\">Ha megb\u00edzhat\u00f3 \u00edzekre v\u00e1gysz gombok \u00e9s men\u00fck n\u00e9lk\u00fcl, ez az ide\u00e1lis v\u00e1laszt\u00e1s. Csak kortyolj bele, \u00e9s \u00e9lvezd. Azt gondolhatod, hogy ennyi slukknyi vape t\u00fal nagy lenne, de ez a vape k\u00f6nnyen elf\u00e9r egy zsebben, \u00e9s k\u00e9nyelmesen hordozhat\u00f3.<\/p>\n<h2 data-v-md-heading=\"excellent-performance-worry-free\" data-v-md-line=\"8\">Kiv\u00e1l\u00f3 teljes\u00edtm\u00e9ny, gondtalan<\/h2>\n<p data-v-md-line=\"9\">A Star 20k magja h\u00e1l\u00f3s tekercset haszn\u00e1l, \u00edgy minden falat olyan finom, mint az els\u0151. A Vozol SiLC illattechnol\u00f3gi\u00e1ja tiszta \u00e9s \u00e1lland\u00f3 arom\u00e1t biztos\u00edt. Amikor az akkumul\u00e1tor lemer\u00fclt, a Type-C csatlakoz\u00f3n kereszt\u00fcl t\u00f6lthet\u0151, a t\u00f6lt\u0151k\u00e1bel pedig megegyezik a telefon t\u00f6lt\u0151k\u00e1bel\u00e9vel. Egyszer\u0171 \u00e9s k\u00e9nyelmes.<\/p>\n<h2 data-v-md-heading=\"specification-introduction\" data-v-md-line=\"11\">Specifik\u00e1ci\u00f3 Bevezet\u00e9s<\/h2>\n<ul data-v-md-line=\"12\">\n<li>Sz\u00edv\u00e1s gyakoris\u00e1ga: ak\u00e1r 20000-szer<\/li>\n<li>Nikotintartalom: 5%<\/li>\n<li>E-folyad\u00e9k kapacit\u00e1sa: 24 milliliter<\/li>\n<li>Battery: 650mAh rechargeable battery<\/li>\n<li>Porlaszt\u00e1si mag: H\u00e1l\u00f3s porlaszt\u00e1si mag<\/li>\n<li>Kijelz\u0151 k\u00e9perny\u0151: Teljes k\u00e9perny\u0151<\/li>\n<li>M\u0171k\u00f6d\u00e9si elv: Egyetlen f\u00faj\u00e1ssal aktiv\u00e1lhat\u00f3<\/li>\n<li>T\u00f6lt\u00e9s: C t\u00edpus\u00fa USB csatlakoz\u00f3<\/li>\n<li>\u00c1llapot: Kicsomagol\u00e1s ut\u00e1n haszn\u00e1latra k\u00e9sz<\/li>\n<\/ul>\n<h2 data-v-md-heading=\"full-range-of-flavors\" data-v-md-line=\"22\">Full range of flavors<\/h2>\n<ul data-v-md-line=\"23\">\n<li>G\u00f6r\u00f6gdinnye j\u00e9g<\/li>\n<li>Sz\u0151l\u0151fagylalt<\/li>\n<li>Mang\u00f3 j\u00e9g<\/li>\n<li>Dupla alm\u00e1s j\u00e9g<\/li>\n<li>Eper kivi<\/li>\n<li>Raspberry watermelon<\/li>\n<li>K\u00e9k j\u00e9gp\u00e1lya<\/li>\n<li>Eper-mang\u00f3<\/li>\n<li>\u0150szibarack, Mang\u00f3, G\u00f6r\u00f6gdinnye<\/li>\n<li>Cseresznye k\u00f3la<\/li>\n<li>\u0150szibarack j\u00e9g<\/li>\n<li>Vegyes bogy\u00f3s gy\u00fcm\u00f6lcs\u00f6k<\/li>\n<li>Citrom \u00e9s lime<\/li>\n<li>\u00c1fonyavihar<\/li>\n<li>Szerelem 777<\/li>\n<\/ul>\n<h2 data-v-md-heading=\"for-you-and-your-business\" data-v-md-line=\"39\">\u00d6nnek \u00e9s v\u00e1llalkoz\u00e1s\u00e1nak<\/h2>\n<p data-v-md-line=\"40\">V\u00e1lasszon egyet mag\u00e1nak, vagy v\u00e1s\u00e1roljon egyet az \u00fczlet\u00e9be. Nagykereskedelmi kartondobozokat k\u00edn\u00e1lunk 200 darabos kiszerel\u00e9sben a z\u00f6kken\u0151mentes ut\u00e1np\u00f3tl\u00e1s biztos\u00edt\u00e1sa \u00e9rdek\u00e9ben. A kartondobozokat v\u00e1mfizet\u00e9ssel k\u00e9zbes\u00edtve (DDP) sz\u00e1ll\u00edtjuk, \u00e9s megb\u00edzhat\u00f3 partnerek, p\u00e9ld\u00e1ul a UPS, a DPD \u00e9s a DHL kezelik \u0151ket a v\u00e1mbalesetek elker\u00fcl\u00e9se \u00e9rdek\u00e9ben.<\/p>\n<p data-v-md-line=\"42\">Ha visszat\u00e9r\u0151 v\u00e1s\u00e1rl\u00f3knak \u00e9p\u00edtesz term\u00e9kcsal\u00e1dot, a Star 20k egy nagy kapacit\u00e1s\u00fa, \u00fajrat\u00f6lthet\u0151, eldobhat\u00f3 vape, \u00e1tl\u00e1tsz\u00f3 kijelz\u0151vel \u00e9s t\u00f6bb n\u00e9pszer\u0171 \u00edzzel.<\/p>\n<h2 data-v-md-heading=\"why-do-you-like-it\" data-v-md-line=\"44\">Mi\u00e9rt tetszik?<\/h2>\n<ul data-v-md-line=\"45\">\n<li>Nagy kapacit\u00e1s: Hosszabb akkumul\u00e1tor-\u00fczemid\u0151, nem kell gyakran \u00faj patronokat v\u00e1s\u00e1rolni.<\/li>\n<li>Teljes k\u00e9perny\u0151s kijelz\u0151: Nem kell gombra kattintani, az eszk\u00f6z \u00e1llapota egy pillant\u00e1ssal \u00e1ttekinthet\u0151.<\/li>\n<li>K\u00e9nyelmes t\u00f6lt\u00e9s: A C t\u00edpus\u00fa t\u00f6lt\u00e9s azt jelenti, hogy gyorsan felt\u00f6ltheted a megl\u00e9v\u0151 adatk\u00e1beleddel.<\/li>\n<li>H\u00e1l\u00f3s tekercs + SiLC technol\u00f3gia: Egyenletes \u00edz.<\/li>\n<li>24 milliliteres nagy kapacit\u00e1s: hosszan tart\u00f3 haszn\u00e1latra tervezve, nincs ok az aggodalomra.<\/li>\n<\/ul>\n<h2 data-v-md-heading=\"why-choose-to-collaborate-with-agoravape\" data-v-md-line=\"51\">Mi\u00e9rt \u00e9rdemes az AgoraVape-pel egy\u00fcttm\u0171k\u00f6dni?<\/h2>\n<p data-v-md-line=\"52\">100%-ban eredeti term\u00e9keket v\u00e1s\u00e1rolunk, \u00e9s erre garanci\u00e1t is v\u00e1llalunk. V\u00e1llalati \u00fcgyfelek sz\u00e1m\u00e1ra ez azt jelenti, hogy a Vozol Star 20k eldobhat\u00f3, teljes k\u00e9perny\u0151s vape-ek kedvezm\u00e9nyes nagykereskedelmi \u00e1rakat, gyors \u00fcgyf\u00e9lszolg\u00e1latot \u00e9s gyors DDP kisz\u00e1ll\u00edt\u00e1st \u00e9lvezhetnek. L\u00e9pjen kapcsolatba vel\u00fcnk, hogy olyan eszk\u00f6zt rendeljen, amelyet \u00fcgyfelei val\u00f3ban \u00e9rt\u00e9kelni fognak.<\/p>","protected":false},"excerpt":{"rendered":"<p>&nbsp;<\/p>\n<p><script src=\"chrome-extension:\/\/fpelahbljekknahkcaegamhcndkfpfnc\/iFrame.js\" type=\"text\/javascript\"><\/script><\/p>\n<p><script src=\"chrome-extension:\/\/fpelahbljekknahkcaegamhcndkfpfnc\/iFrame.js\" type=\"text\/javascript\"><\/script><\/p>\n<p><script src=\"chrome-extension:\/\/fpelahbljekknahkcaegamhcndkfpfnc\/iFrame.js\" type=\"text\/javascript\"><\/script><\/p>\n<p><script src=\"chrome-extension:\/\/fpelahbljekknahkcaegamhcndkfpfnc\/iFrame.js\" type=\"text\/javascript\"><\/script><\/p>\n<p><script src=\"chrome-extension:\/\/fpelahbljekknahkcaegamhcndkfpfnc\/iFrame.js\" type=\"text\/javascript\"><\/script><\/p>\n<p><script src=\"chrome-extension:\/\/fpelahbljekknahkcaegamhcndkfpfnc\/iFrame.js\" type=\"text\/javascript\"><\/script><\/p>\n<p><script src=\"chrome-extension:\/\/fpelahbljekknahkcaegamhcndkfpfnc\/iFrame.js\" type=\"text\/javascript\"><\/script><\/p>\n<p><script src=\"chrome-extension:\/\/fpelahbljekknahkcaegamhcndkfpfnc\/iFrame.js\" type=\"text\/javascript\"><\/script><\/p>\n<p><script src=\"chrome-extension:\/\/fpelahbljekknahkcaegamhcndkfpfnc\/iFrame.js\" type=\"text\/javascript\"><\/script><\/p>\n<p><script src=\"chrome-extension:\/\/fpelahbljekknahkcaegamhcndkfpfnc\/iFrame.js\" type=\"text\/javascript\"><\/script><\/p>\n<p><script src=\"chrome-extension:\/\/fpelahbljekknahkcaegamhcndkfpfnc\/iFrame.js\" type=\"text\/javascript\"><\/script><\/p>\n<p><script src=\"chrome-extension:\/\/fpelahbljekknahkcaegamhcndkfpfnc\/iFrame.js\" type=\"text\/javascript\"><\/script><\/p>","protected":false},"featured_media":16514,"comment_status":"open","ping_status":"closed","template":"","meta":[],"product_brand":[226],"product_cat":[124,185,189,174,175,193,191,173,186,180,190,192,153],"product_tag":[],"class_list":{"0":"post-16478","1":"product","2":"type-product","3":"status-publish","4":"has-post-thumbnail","6":"product_brand-vozol","7":"product_cat-vape-by-brand","8":"product_cat-10000-puffs-high-capacity","9":"product_cat-20mg-standard-nicotine-vapes","10":"product_cat-fruit-flavors","11":"product_cat-icy-mint","12":"product_cat-mesh-coil","13":"product_cat-rechargeable-disposables","14":"product_cat-vape-by-flavor-profile","15":"product_cat-vape-by-nicotine-strength","16":"product_cat-vape-by-puff-count","17":"product_cat-vape-by-feature-or-type","18":"product_cat-vapes-with-screens","19":"product_cat-vozol","21":"first","22":"onbackorder","23":"shipping-taxable","24":"purchasable","25":"product-type-variable","26":"has-default-attributes"},"tiered_pricing_type":"percentage","tiered_pricing_fixed_rules":[],"tiered_pricing_product_settings":{"layout":"default","base_unit_name":{"singular":null,"plural":null},"default_variation":null},"tiered_pricing_minimum_quantity":10,"tiered_pricing_roles_data":[],"tiered_pricing_percentage_rules":{"30":"29","50":"35","100":"40","200":"44","500":"47","1000":"49"},"tiered_pricing_maximum_quantity":null,"tiered_pricing_quantity_step":"10","_links":{"self":[{"href":"https:\/\/agoravape.com\/hu\/wp-json\/wp\/v2\/product\/16478","targetHints":{"allow":["GET"]}}],"collection":[{"href":"https:\/\/agoravape.com\/hu\/wp-json\/wp\/v2\/product"}],"about":[{"href":"https:\/\/agoravape.com\/hu\/wp-json\/wp\/v2\/types\/product"}],"replies":[{"embeddable":true,"href":"https:\/\/agoravape.com\/hu\/wp-json\/wp\/v2\/comments?post=16478"}],"version-history":[{"count":0,"href":"https:\/\/agoravape.com\/hu\/wp-json\/wp\/v2\/product\/16478\/revisions"}],"wp:featuredmedia":[{"embeddable":true,"href":"https:\/\/agoravape.com\/hu\/wp-json\/wp\/v2\/media\/16514"}],"wp:attachment":[{"href":"https:\/\/agoravape.com\/hu\/wp-json\/wp\/v2\/media?parent=16478"}],"wp:term":[{"taxonomy":"product_brand","embeddable":true,"href":"https:\/\/agoravape.com\/hu\/wp-json\/wp\/v2\/product_brand?post=16478"},{"taxonomy":"product_cat","embeddable":true,"href":"https:\/\/agoravape.com\/hu\/wp-json\/wp\/v2\/product_cat?post=16478"},{"taxonomy":"product_tag","embeddable":true,"href":"https:\/\/agoravape.com\/hu\/wp-json\/wp\/v2\/product_tag?post=16478"}],"curies":[{"name":"wp","href":"https:\/\/api.w.org\/{rel}","templated":true}]}}