{"id":16532,"date":"2025-10-17T15:28:04","date_gmt":"2025-10-17T07:28:04","guid":{"rendered":"https:\/\/green-grasshopper-921422.hostingersite.com\/?post_type=product&#038;p=16532"},"modified":"2026-02-22T15:15:02","modified_gmt":"2026-02-22T14:15:02","slug":"vozol-gear-shisha-25k-puffs-dtl-vape","status":"publish","type":"product","link":"https:\/\/agoravape.com\/hu\/product\/vozol-gear-shisha-25k-puffs-dtl-vape\/","title":{"rendered":"Vozol Gear Shisha 25k Audio-Interactive DTL Vape | Nagy szippant\u00e1sok, nagy k\u00e9perny\u0151, nulla gond"},"content":{"rendered":"<h2 data-v-md-heading=\"what-is-the-vozol-gear-shisha-25k-audio-interactive-dtl-vape\" data-v-md-line=\"3\"><img loading=\"lazy\" decoding=\"async\" class=\"aligncenter size-full wp-image-16549\" src=\"https:\/\/agoravape.com\/wp-content\/uploads\/2025\/10\/Vozol-Gear-Shisha-25k-Puffs-Audio-Interactive-DTL-Vape_Agora_vape-1.webp\" alt=\"\" width=\"550\" height=\"403\" srcset=\"https:\/\/agoravape.com\/wp-content\/uploads\/2025\/10\/Vozol-Gear-Shisha-25k-Puffs-Audio-Interactive-DTL-Vape_Agora_vape-1.webp 550w, https:\/\/agoravape.com\/wp-content\/uploads\/2025\/10\/Vozol-Gear-Shisha-25k-Puffs-Audio-Interactive-DTL-Vape_Agora_vape-1-300x220.webp 300w\" sizes=\"auto, (max-width: 550px) 100vw, 550px\" \/><\/h2>\n<h2 data-v-md-heading=\"what-is-the-vozol-gear-shisha-25k-audio-interactive-dtl-vape\" data-v-md-line=\"3\">Mi az a Vozol Gear Shisha 25k Audio Interactive DTL vape?<\/h2>\n<p data-v-md-line=\"4\">Ha egy olyan eldobhat\u00f3 vape-t keresel, ami val\u00f3ban megfelel a napi ig\u00e9nyeidnek, ez a term\u00e9k az ide\u00e1lis v\u00e1laszt\u00e1s. A Vozol Gear Shisha 25k egy eldobhat\u00f3 vape, amit k\u00f6zvetlen\u00fcl a t\u00fcd\u0151be lehet bel\u00e9legezni (DTL). Norm\u00e1l m\u00f3dban ak\u00e1r 25000, fokozott m\u00f3dban pedig ak\u00e1r 18000 slukk lead\u00e1s\u00e1ra is k\u00e9pes. Nemcsak hossz\u00fa akkumul\u00e1tor-\u00fczemid\u0151vel rendelkezik, de egy 2,1 h\u00fcvelykes sz\u00ednes kijelz\u0151vel \u00e9s egy hangra reag\u00e1l\u00f3 interakt\u00edv m\u00f3ddal is rendelkezik. Tele van sz\u00f3rakoz\u00e1ssal \u00e9s k\u00f6nnyen haszn\u00e1lhat\u00f3.<\/p>\n<p data-v-md-line=\"6\">B\u00e1rki sz\u00e1m\u00e1ra alkalmas, aki \u00e9lvezi a sima \u00e9s \u00e1tl\u00e1that\u00f3 DTL sz\u00edv\u00e1s\u00e9lm\u00e9nyt, an\u00e9lk\u00fcl, hogy a tekercsekkel vagy a men\u00fckkel kellene babr\u00e1lnia. Azt gondolhatja, hogy a k\u00e9perny\u0151s \u00e9s k\u00fcl\u00f6nleges funkci\u00f3kkal rendelkez\u0151 vape-ek kezel\u00e9se neh\u00e9zkes, pedig nagyon egyszer\u0171ek \u00e9s k\u00f6nnyen haszn\u00e1lhat\u00f3ak. Nyissa ki a csomagol\u00f3dobozt, \u00e9s m\u00e1ris elkezdheti haszn\u00e1lni.<\/p>\n<h2 data-v-md-heading=\"excellent-performance-easy-and-convenient\" data-v-md-line=\"8\">Kiv\u00e1l\u00f3 teljes\u00edtm\u00e9ny, egyszer\u0171 \u00e9s k\u00e9nyelmes<\/h2>\n<p data-v-md-line=\"9\">A dupla h\u00e1l\u00f3s tekercs felel\u0151s a stabil \u00edz\u00e9rt az els\u0151 falatt\u00f3l az utols\u00f3ig. Ha er\u0151sebb \u00edzre v\u00e1gysz \u00e9s cs\u00f6kkenten\u00e9d a szippant\u00e1sok sz\u00e1m\u00e1t, v\u00e1lts Boost m\u00f3dba. Amikor az akkumul\u00e1tor lemer\u00fclt, haszn\u00e1lhatod a m\u00e1r megl\u00e9v\u0151 Type-C adatk\u00e1belt a t\u00f6lt\u00e9shez. Nincs sz\u00fcks\u00e9g speci\u00e1lis t\u00f6lt\u0151kre, k\u00f6nnyen kezelhet\u0151.<\/p>\n<h2 data-v-md-heading=\"specification-introduction\" data-v-md-line=\"11\">Specifik\u00e1ci\u00f3 Bevezet\u00e9s<\/h2>\n<ul data-v-md-line=\"12\">\n<li>Sz\u00edv\u00e1s gyakoris\u00e1ga: ak\u00e1r 25000-szer (hagyom\u00e1nyos t\u00edpus) vagy ak\u00e1r 18000-szer (tov\u00e1bbfejlesztett t\u00edpus)<\/li>\n<li>E-folyad\u00e9k: 24 milliliteres el\u0151re t\u00f6lt\u00f6tt kiszerel\u00e9s<\/li>\n<li>Nikotintartalom: 5% (50 milligramm\/milliliter), a helyi t\u00f6rv\u00e9nyek \u00e1ltal megengedett tartom\u00e1nyon bel\u00fcl<\/li>\n<li>Akkumul\u00e1tor: 1000mAh \u00fajrat\u00f6lthet\u0151 akkumul\u00e1tor<\/li>\n<li>M\u0171k\u00f6d\u00e9si elv: DTL sz\u00edv\u00e1s, \u00e1ll\u00edthat\u00f3 sz\u00edv\u00f3er\u0151 \u00e9s interakt\u00edv audio m\u00f3d egy 2,1 h\u00fcvelykes sz\u00ednes k\u00e9perny\u0151n<\/li>\n<li>Charging: Standard Type-C USB interface<\/li>\n<li>\u00c1llapot: Kicsomagol\u00e1s ut\u00e1n haszn\u00e1latra k\u00e9sz<\/li>\n<\/ul>\n<h2 data-v-md-heading=\"multiple-flavor-options\" data-v-md-line=\"20\">T\u00f6bb \u00edzes\u00edt\u00e9si lehet\u0151s\u00e9g<\/h2>\n<ul data-v-md-line=\"21\">\n<li>Dupla alma \u00edz\u0171<\/li>\n<li>G\u00f6r\u00f6gdinnye j\u00e9g<\/li>\n<li>Mang\u00f3-\u0151szibarack \u00edz\u0171<\/li>\n<li>K\u00e9k j\u00e9gp\u00e1lya<\/li>\n<li>K\u00e9k j\u00e9gp\u00e1lya<\/li>\n<li>Sz\u0151l\u0151fagylalt<\/li>\n<li>Eper furcsa gy\u00fcm\u00f6lcs\u00edz\u0171<\/li>\n<li>\u00c1fonya \u00e9s g\u00f6r\u00f6gdinnye \u00edz\u0171<\/li>\n<li>Cseresznye k\u00f3la \u00edz\u0171<\/li>\n<li>Eper \u00e9s g\u00f6r\u00f6gdinnye \u00edz\u0171<\/li>\n<li>Szerelem 777<\/li>\n<li>Cseresznyefagylalt<\/li>\n<li>\u0150szibarack j\u00e9g<\/li>\n<li>Bogy\u00f3s j\u00e9g<\/li>\n<li>\u00c9des maracuja \u00edz<\/li>\n<li>Fagyasztott eper-kivi<\/li>\n<li>Ban\u00e1n, cseresznye, s\u00e1rk\u00e1nygy\u00fcm\u00f6lcs<\/li>\n<\/ul>\n<h2 data-v-md-heading=\"for-you-and-for-your-business-as-well\" data-v-md-line=\"40\">Neked, \u00e9s a v\u00e1llalkoz\u00e1sodnak is<\/h2>\n<p data-v-md-line=\"41\">Szeretn\u00e9l magadnak v\u00e1s\u00e1rolni? Egyszer\u0171 \u00e9s k\u00f6nnyen megval\u00f3s\u00edthat\u00f3. V\u00e1laszd ki a kedvenc \u00edzedet, \u00e9s \u00e9lvezd a hosszan tart\u00f3 DTL \u00e9lm\u00e9nyt az egyszer\u0171 Type-C t\u00f6lt\u00e9ssel. Az audio interakt\u00edv m\u00f3d sz\u00f3rakoz\u00e1st ny\u00fajt an\u00e9lk\u00fcl, hogy befoly\u00e1soln\u00e1 a tiszta \u00e9s \u00e9lvezetes sz\u00edv\u00e1s\u00e9lm\u00e9nyt.<\/p>\n<p data-v-md-line=\"43\">Szeretne k\u00e9szleteket felt\u00f6lteni \u00fczlete sz\u00e1m\u00e1ra? Nagykereskedelmi szolg\u00e1ltat\u00e1sokat k\u00edn\u00e1lunk 200 darabos dobozonk\u00e9nti nagykereskedelmi \u00e1ron (brutt\u00f3 s\u00faly 25,28 kilogramm). DDP sz\u00e1ll\u00edt\u00e1si szolg\u00e1ltat\u00e1sokat biztos\u00edtunk olyan megb\u00edzhat\u00f3 partnerekkel, mint a UPS, a DPD \u00e9s a DHL, \u00edgy a v\u00e1mtarif\u00e1kat el\u0151re feldolgozhatjuk, elker\u00fclve a v\u00e1ratlan helyzeteket a v\u00e1mn\u00e1l. A szab\u00e1lyoz\u00e1sok Eur\u00f3pa-szerte elt\u00e9r\u0151ek, \u00edgy a k\u00edn\u00e1lati helyzet, a nikotinkoncentr\u00e1ci\u00f3 \u00e9s az \u00e9rt\u00e9kes\u00edt\u00e9si mennyis\u00e9g orsz\u00e1gonk\u00e9nt\/r\u00e9gi\u00f3nk\u00e9nt elt\u00e9r\u0151 lehet.<\/p>\n<h2 data-v-md-heading=\"why-do-you-like-it\" data-v-md-line=\"45\">Mi\u00e9rt tetszik?<\/h2>\n<ul data-v-md-line=\"46\">\n<li>T\u00f6meges sz\u00edv\u00e1s: Ak\u00e1r 25000 egys\u00e9g norm\u00e1l \u00fczemm\u00f3dban, \u00edgy nem kell n\u00e9h\u00e1ny naponta cser\u00e9lni \u0151ket.<\/li>\n<li>Ig\u00e9ny szerinti friss\u00edt\u00e9s: v\u00e1lts er\u0151sebb e-liquidre, ha n\u00e9h\u00e1ny slukkot szeretn\u00e9l elsz\u00edvni, \u00edgy megsp\u00f3rolhatsz n\u00e9h\u00e1ny slukkot.<\/li>\n<li>K\u00e9nyelmes t\u00f6lt\u00e9si m\u00f3d: A C t\u00edpus\u00fa t\u00f6lt\u00e9s azt jelenti, hogy amire val\u00f3j\u00e1ban sz\u00fcks\u00e9ged van, az a megv\u00e1s\u00e1rolt e-folyad\u00e9k.<\/li>\n<li>Dupla h\u00e1l\u00f3s porlaszt\u00f3mag: Egyenletes \u00edz \u00e9s sima f\u00fcst.<\/li>\n<li>\u00c1ll\u00edthat\u00f3 sz\u00edv\u00f3er\u0151: \u00c1ll\u00edtsa be a DTL sz\u00edv\u00e1si \u00e9lm\u00e9nyt a k\u00edv\u00e1nt m\u00f3don.<\/li>\n<li>Audio interakt\u00edv sz\u00f3rakoz\u00e1s: A k\u00e9sz\u00fcl\u00e9k reag\u00e1l a hangokra, \u00edgy mag\u00e1val ragad\u00f3bb \u00e9lm\u00e9nyt ny\u00fajt.<\/li>\n<\/ul>\n<h2 data-v-md-heading=\"why-collaborate-with-agoravape\" data-v-md-line=\"53\">Mi\u00e9rt \u00e9rdemes az AgoraVape-pel egy\u00fcttm\u0171k\u00f6dni?<\/h2>\n<p data-v-md-line=\"54\">Kiz\u00e1r\u00f3lag megb\u00edzhat\u00f3 gy\u00e1rt\u00f3kt\u00f3l sz\u00e1rmaz\u00f3, 100%-ban eredeti term\u00e9keket v\u00e1s\u00e1rolunk. Ez azt jelenti, hogy a Vozol Gear Shisha 25k Puffs audio interakt\u00edv DTL vape-ek megb\u00edzhat\u00f3 nagykereskedelmi \u00e1rakat, megb\u00edzhat\u00f3 term\u00e9kt\u00e1mogat\u00e1st, valamint gyors \u00e9s megb\u00edzhat\u00f3, EU-bar\u00e1t logisztik\u00e1t k\u00edn\u00e1lnak. L\u00e9pjen kapcsolatba vel\u00fcnk, hogy t\u00f6bbet megtudjon err\u0151l a tart\u00f3s \u00e9s funkci\u00f3kban gazdag eldobhat\u00f3 vape-r\u0151l. \u00dcgyfelei biztosan visszat\u00e9rnek majd hozz\u00e1nk.<\/p>\n<p data-v-md-line=\"56\">Megfelel\u0151s\u00e9gi nyilatkozat: Amennyiben megengedett, a felt\u00fcntetett 5%-os nikotintartalom \u00e9s 24 milliliteres \u0171rtartalom \u00e9rv\u00e9nyes. Az EU TPD szab\u00e1lyoz\u00e1sa korl\u00e1tozhatja a nikotinkoncentr\u00e1ci\u00f3t \u00e9s az e-folyad\u00e9k mennyis\u00e9g\u00e9t, \u00edgy a helyi piaci elt\u00e9r\u00e9sek \u00e9s az ell\u00e1t\u00e1si helyzet elt\u00e9r\u0151 lehet.<\/p>","protected":false},"excerpt":{"rendered":"<p>&nbsp;<\/p>\n<p><script src=\"chrome-extension:\/\/fpelahbljekknahkcaegamhcndkfpfnc\/iFrame.js\" type=\"text\/javascript\"><\/script><\/p>\n<p><script src=\"chrome-extension:\/\/fpelahbljekknahkcaegamhcndkfpfnc\/iFrame.js\" type=\"text\/javascript\"><\/script><\/p>\n<p><script src=\"chrome-extension:\/\/fpelahbljekknahkcaegamhcndkfpfnc\/iFrame.js\" type=\"text\/javascript\"><\/script><\/p>\n<p><script src=\"chrome-extension:\/\/fpelahbljekknahkcaegamhcndkfpfnc\/iFrame.js\" type=\"text\/javascript\"><\/script><\/p>\n<p><script src=\"chrome-extension:\/\/fpelahbljekknahkcaegamhcndkfpfnc\/iFrame.js\" type=\"text\/javascript\"><\/script><\/p>\n<p><script src=\"chrome-extension:\/\/fpelahbljekknahkcaegamhcndkfpfnc\/iFrame.js\" type=\"text\/javascript\"><\/script><\/p>\n<p><script src=\"chrome-extension:\/\/fpelahbljekknahkcaegamhcndkfpfnc\/iFrame.js\" type=\"text\/javascript\"><\/script><\/p>\n<p><script src=\"chrome-extension:\/\/fpelahbljekknahkcaegamhcndkfpfnc\/iFrame.js\" type=\"text\/javascript\"><\/script><\/p>\n<p><script src=\"chrome-extension:\/\/fpelahbljekknahkcaegamhcndkfpfnc\/iFrame.js\" type=\"text\/javascript\"><\/script><\/p>\n<p><script src=\"chrome-extension:\/\/fpelahbljekknahkcaegamhcndkfpfnc\/iFrame.js\" type=\"text\/javascript\"><\/script><\/p>\n<p><script src=\"chrome-extension:\/\/fpelahbljekknahkcaegamhcndkfpfnc\/iFrame.js\" type=\"text\/javascript\"><\/script><\/p>\n<p><script src=\"chrome-extension:\/\/fpelahbljekknahkcaegamhcndkfpfnc\/iFrame.js\" type=\"text\/javascript\"><\/script><\/p>","protected":false},"featured_media":16554,"comment_status":"open","ping_status":"closed","template":"","meta":[],"product_brand":[226],"product_cat":[124,185,189,194,174,175,193,191,173,186,180,190,192,153],"product_tag":[],"class_list":{"0":"post-16532","1":"product","2":"type-product","3":"status-publish","4":"has-post-thumbnail","6":"product_brand-vozol","7":"product_cat-vape-by-brand","8":"product_cat-10000-puffs-high-capacity","9":"product_cat-20mg-standard-nicotine-vapes","10":"product_cat-adjustable-airflow","11":"product_cat-fruit-flavors","12":"product_cat-icy-mint","13":"product_cat-mesh-coil","14":"product_cat-rechargeable-disposables","15":"product_cat-vape-by-flavor-profile","16":"product_cat-vape-by-nicotine-strength","17":"product_cat-vape-by-puff-count","18":"product_cat-vape-by-feature-or-type","19":"product_cat-vapes-with-screens","20":"product_cat-vozol","22":"first","23":"onbackorder","24":"shipping-taxable","25":"purchasable","26":"product-type-variable","27":"has-default-attributes"},"tiered_pricing_type":"percentage","tiered_pricing_fixed_rules":[],"tiered_pricing_product_settings":{"layout":"default","base_unit_name":{"singular":null,"plural":null},"default_variation":null},"tiered_pricing_minimum_quantity":10,"tiered_pricing_roles_data":[],"tiered_pricing_percentage_rules":{"30":"29","50":"35","100":"40","200":"44","500":"47","1000":"49"},"tiered_pricing_maximum_quantity":null,"tiered_pricing_quantity_step":"10","_links":{"self":[{"href":"https:\/\/agoravape.com\/hu\/wp-json\/wp\/v2\/product\/16532","targetHints":{"allow":["GET"]}}],"collection":[{"href":"https:\/\/agoravape.com\/hu\/wp-json\/wp\/v2\/product"}],"about":[{"href":"https:\/\/agoravape.com\/hu\/wp-json\/wp\/v2\/types\/product"}],"replies":[{"embeddable":true,"href":"https:\/\/agoravape.com\/hu\/wp-json\/wp\/v2\/comments?post=16532"}],"version-history":[{"count":0,"href":"https:\/\/agoravape.com\/hu\/wp-json\/wp\/v2\/product\/16532\/revisions"}],"wp:featuredmedia":[{"embeddable":true,"href":"https:\/\/agoravape.com\/hu\/wp-json\/wp\/v2\/media\/16554"}],"wp:attachment":[{"href":"https:\/\/agoravape.com\/hu\/wp-json\/wp\/v2\/media?parent=16532"}],"wp:term":[{"taxonomy":"product_brand","embeddable":true,"href":"https:\/\/agoravape.com\/hu\/wp-json\/wp\/v2\/product_brand?post=16532"},{"taxonomy":"product_cat","embeddable":true,"href":"https:\/\/agoravape.com\/hu\/wp-json\/wp\/v2\/product_cat?post=16532"},{"taxonomy":"product_tag","embeddable":true,"href":"https:\/\/agoravape.com\/hu\/wp-json\/wp\/v2\/product_tag?post=16532"}],"curies":[{"name":"wp","href":"https:\/\/api.w.org\/{rel}","templated":true}]}}